{"id":958,"date":"2015-02-25T14:07:24","date_gmt":"2015-02-25T12:07:24","guid":{"rendered":"https:\/\/www.suresms.com\/dk\/?page_id=958"},"modified":"2025-11-05T08:57:43","modified_gmt":"2025-11-05T08:57:43","slug":"funktioner","status":"publish","type":"page","link":"https:\/\/suresms.com\/sv\/funktioner\/","title":{"rendered":"Egenskaper och funktioner"},"content":{"rendered":"<!-- Flexy Breadcrumb -->\r\n\t\t\t<div class=\"fbc fbc-page\">\r\n\r\n\t\t\t\t<!-- Breadcrumb wrapper -->\r\n\t\t\t\t<div class=\"fbc-wrap\">\r\n\r\n\t\t\t\t\t<!-- Ordered list-->\r\n\t\t\t\t\t<ol class=\"fbc-items\" itemscope itemtype=\"https:\/\/schema.org\/BreadcrumbList\">\r\n\t\t\t\t\t\t            <li itemprop=\"itemListElement\" itemscope itemtype=\"https:\/\/schema.org\/ListItem\">\r\n                <span itemprop=\"name\">\r\n                    <!-- Home Link -->\r\n                    <a itemprop=\"item\" href=\"https:\/\/suresms.com\/sv\/\">\r\n                    \r\n                                                    <i class=\"fa fa-home\" aria-hidden=\"true\"><\/i>Hem                    <\/a>\r\n                <\/span>\r\n                <meta itemprop=\"position\" content=\"1\" \/><!-- Meta Position-->\r\n             <\/li><li><span class=\"fbc-separator\">\/<\/span><\/li><li class=\"active\" itemprop=\"itemListElement\" itemscope itemtype=\"https:\/\/schema.org\/ListItem\"><span itemprop=\"name\" title=\"Egenskaper och funktioner\">Egenskaper och funktioner<\/span><meta itemprop=\"position\" content=\"2\" \/><\/li>\t\t\t\t\t<\/ol>\r\n\t\t\t\t\t<div class=\"clearfix\"><\/div>\r\n\t\t\t\t<\/div>\r\n\t\t\t<\/div>\r\n\t\t\t\n\t<h1>Egenskaper och funktioner<\/h1>\n<p>V\u00e5rt SMS-system har m\u00e5nga anv\u00e4ndbara funktioner. Olika funktioner anv\u00e4nds av olika typer av kunder. Kanske letar du efter n\u00e5gon av de funktioner som vi har listat nedan. Klicka p\u00e5 funktionen f\u00f6r att f\u00e5 veta mer. Du kan ocks\u00e5 bes\u00f6ka v\u00e5r <a href=\"https:\/\/suresms.com\/sv\/urladdningar-av-grenar\/\">branschguide<\/a>, f\u00f6r att se hur olika branscher anv\u00e4nder v\u00e5r l\u00f6sning.<\/p>\n\t\t<h3><a href=\"https:\/\/suresms.com\/sv\/funktioner\/skicka-sms-fraan-pc\/\"  target=\"_self\">\t\n\tSkicka SMS fr\u00e5n PC<\/a><\/h3><p>Den grundl\u00e4ggande funktionen i v\u00e5r SMS-gateway \u00e4r att du kan skriva ett SMS fr\u00e5n din dator och skicka det precis som att skicka ett e-postmeddelande. Den mycket grundl\u00e4ggande funktionen.<\/p>\n\t\t<h3><a href=\"https:\/\/suresms.com\/sv\/funktioner\/sms-mallar\/\"  target=\"_self\">\t\n\tSMS-mallar<\/a><\/h3><p>Om du skickar m\u00e5nga identiska eller n\u00e4stan identiska meddelanden \u00e4r mallar n\u00e5got f\u00f6r dig. Du kan skapa hur m\u00e5nga mallar du vill. Med hj\u00e4lp av sammanslagningsf\u00e4lt kan du g\u00f6ra dina mallar mer personliga.<\/p>\n\t\t<h3><a href=\"https:\/\/suresms.com\/sv\/funktioner\/sjalvvald-avsandare-av-ditt-meddelande\/\"  target=\"_self\">\t\n\tSj\u00e4lvvalt avs\u00e4ndar-ID<\/a><\/h3><p>V\u00e4lj vad du vill att avs\u00e4ndaren av ditt meddelande ska vara. Det kan till exempel vara Coca-Cola. Kan anv\u00e4ndas f\u00f6r att profilera ditt f\u00f6retag eller din organisation. Meddelandena g\u00e5r inte att svara p\u00e5.<\/p>\n\t\t<h3><a href=\"https:\/\/suresms.com\/sv\/funktioner\/sms-fusionsmeddelanden-for-grupper\/\"  target=\"_self\">\t\n\tAlternativ f\u00f6r fl\u00e4tor<\/a><\/h3><p>Sammanfoga information fr\u00e5n adressboken till meddelandena. Vanligtvis \u00e4r det namnet som sl\u00e5s samman, men all information kan sl\u00e5s samman. Mekaniker kan t.ex. sl\u00e5 samman bilmodell och meddelanden.<\/p>\n\t\t<h3><a href=\"https:\/\/suresms.com\/sv\/funktioner\/sms-grupp\/\"  target=\"_self\">\t\n\tGrupp-SMS<\/a><\/h3><p>Du kan skapa alla de grupper du vill i SureSMS. Du kan l\u00e4gga till alla kontakter du vill ha. Att skicka ett grupp-SMS kunde inte vara enklare. Det kan g\u00f6ras med bara n\u00e5gra f\u00e5 klick.<\/p>\n\t\t<h3><a href=\"https:\/\/suresms.com\/sv\/funktioner\/sms-till-sms-funktion\/\"  target=\"_self\">\t\n\tSMS-2-SMS<\/a><\/h3><p>Med v\u00e5r 2-v\u00e4gs SMS-l\u00f6sning kan du skicka ett SMS som sedan skickas till ett annat nummer eller till en hel grupp.<\/p>\n\t\t<h3><a href=\"https:\/\/suresms.com\/sv\/funktioner\/ta-emot-textmeddelanden-paa-din-dator\/\"  target=\"_self\">\t\n\tTa emot SMS<\/a><\/h3><p>Med 2-v\u00e4gs SMS kan du ta emot SMS online. Skapa en dialog med dina kunder eller anst\u00e4llda. Ta emot best\u00e4llningar via SMS. Anv\u00e4nds flitigt av bemanningsf\u00f6retag. Ta emot SMS i din e-postinkorg.<\/p>\n\t\t<h3><a href=\"https:\/\/suresms.com\/sv\/funktioner\/skicka-tidsinstallda-textmeddelanden\/\"  target=\"_self\">\t\n\tSchemal\u00e4gg avs\u00e4ndning<\/a><\/h3><p>Se till att du n\u00e5r din m\u00e5lgrupp vid r\u00e4tt tidpunkt. Du kan planera i f\u00f6rv\u00e4g och \u00e4nd\u00e5 skicka n\u00e4r det passar dig.<\/p>\n\t\t<h3><a href=\"https:\/\/suresms.com\/sv\/funktioner\/email2sms-den-enkla-vagen-ut\/\"  target=\"_self\">\t\n\te-post-2-SMS<\/a><\/h3><p>Oavsett vilket e-postsystem du anv\u00e4nder kan du anv\u00e4nda v\u00e5r email-2-SMS-funktion. Du skickar ett e-postmeddelande till SureSMS och vi vidarebefordrar det som ett SMS.<\/p>\n\t\t<h3><a href=\"https:\/\/suresms.com\/sv\/funktioner\/komplett-loggning-och-overvakning\/\"  target=\"_self\">\t\n\tSMS utkorg<\/a><\/h3><p>Fullst\u00e4ndig \u00f6versikt \u00f6ver alla skickade och mottagna SMS-meddelanden. Se tr\u00e5dar med varje mottagare. Vilka meddelanden har levererats och n\u00e4r? Alla listor kan exporteras till Excel\/CSV.<\/p>\n\t\t<h3>\t\n\tBifoga filer<\/h3><p>V\u00e5r plattform g\u00f6r det m\u00f6jligt f\u00f6r dig att bifoga filer. Det kan vara videor, pdf-filer eller bilder.<\/p>\n\t\t<h3><a href=\"https:\/\/suresms.com\/sv\/funktioner\/sms-lank-3\/\"  target=\"_self\">\t\n\tURL med varum\u00e4rke<\/a><\/h3><p>Anv\u00e4nd ditt eget dom\u00e4nnamn i de l\u00e4nkar som infogas i dina meddelanden. 39% h\u00f6gre klickfrekvens och mer trov\u00e4rdiga meddelanden \u00e4r bara n\u00e5gra av f\u00f6rdelarna.<\/p>\n\t\t<h3><a href=\"https:\/\/suresms.com\/sv\/funktioner\/sms-lank\/\"  target=\"_self\">\t\n\tSMS-l\u00e4nk<\/a><\/h3><p>Infoga l\u00e4nkar, bilder eller videor i dina meddelanden. Se statistik \u00f6ver hur m\u00e5nga som har tittat p\u00e5 videon. Vilka som klickat p\u00e5 l\u00e4nken. T.ex. f\u00f6r att skicka ut aktuella prislistor eller specialerbjudanden.<\/p>\n\t\t<h3>\t\n\tRapporter<\/h3><p>F\u00e5 en fullst\u00e4ndig \u00f6versikt \u00f6ver hur mycket du har skickat och n\u00e4r. Se \u00e4ven f\u00f6rs\u00e4ljningssiffror fr\u00e5n Shopify i rapporterna.<\/p>\n\t\t<h3><a href=\"https:\/\/suresms.com\/sv\/funktioner\/internationella-sms\/\"  target=\"_self\">\t\n\tSMS till hela v\u00e4rlden<\/a><\/h3><p>Anslutningar till mer \u00e4n 1900 operat\u00f6rer runt om i v\u00e4rlden s\u00e4kerst\u00e4ller att vi levererar ditt budskap. Vi har s\u00e4rskilt god leverans i Norden och norra Europa.<\/p>\n\t\t<h3><a href=\"https:\/\/suresms.com\/sv\/funktioner\/webbregistreringsformular\/\"  target=\"_self\">\t\n\tEnkla anm\u00e4lningslistor<\/a><\/h3><p>B\u00e4dda in anm\u00e4lningsformul\u00e4ret p\u00e5 din webbplats, via QR-koder eller genom att skicka ett SMS. G\u00f6r det enkelt f\u00f6r dina mottagare att anm\u00e4la sig till dina listor och f\u00e5 v\u00e4rdefull information.<\/p>\n\t\t<h3><a href=\"https:\/\/suresms.com\/sv\/funktioner\/journalforing-av-textmeddelanden\/\"  target=\"_self\">\t\n\tJournalisering av SMS<\/a><\/h3><p>Med v\u00e5r 2-v\u00e4gs SMS-l\u00f6sning kan du skicka ett SMS som sedan skickas till ett annat nummer eller till en hel grupp.<\/p>\n\t\t<h3>Skicka SMS<\/h3>\n\t\t\t\t<img decoding=\"async\" src=\"https:\/\/suresms.com\/wp-content\/uploads\/2015\/02\/sky-250x100pix.jpg\" alt=\"SMS Gateway skicka sms online\" itemprop=\"image\" height=\"100\" width=\"250\" title=\"himmel-250x100pix\" onerror=\"this.style.display='none'\" loading=\"lazy\" \/>\n<ul>\n<li>\n<ul>\n<li><a title=\"Skicka SMS online\" href=\"https:\/\/suresms.com\/sv\/funktioner\/skicka-sms-fraan-pc\/\">Skicka SMS via v\u00e5r webbportal<\/a><\/li>\n<\/ul>\n<\/li>\n<\/ul>\n<ul>\n<li>\n<ul>\n<li><a title=\"Internationell SMS-l\u00f6sning\" href=\"https:\/\/suresms.com\/sv\/funktioner\/internationella-sms\/\">SMS till hela v\u00e4rlden<\/a><\/li>\n<\/ul>\n<\/li>\n<\/ul>\n<ul>\n<li>\n<ul>\n<li><a title=\"Sj\u00e4lvvald avs\u00e4ndare av ditt meddelande\" href=\"https:\/\/suresms.com\/sv\/funktioner\/sjalvvald-avsandare-av-ditt-meddelande\/\">Sj\u00e4lvvald avs\u00e4ndare p\u00e5 dina SMS<\/a><\/li>\n<\/ul>\n<\/li>\n<\/ul>\n<ul>\n<li>\n<ul>\n<li><a title=\"SMS-mallar\" href=\"https:\/\/suresms.com\/sv\/funktioner\/sms-mallar\/\">SMS-mallar<\/a><\/li>\n<\/ul>\n<\/li>\n<\/ul>\n<ul>\n<li>\n<ul>\n<li><a title=\"Skicka tidsinst\u00e4llda SMS-meddelanden\" href=\"https:\/\/suresms.com\/sv\/funktioner\/skicka-tidsinstallda-textmeddelanden\/\">Tidsinst\u00e4llda SMS-meddelanden<\/a><\/li>\n<\/ul>\n<\/li>\n<\/ul>\n<ul>\n<li>\n<ul>\n<li><a title=\"email2sms - den enkla l\u00f6sningen\" href=\"https:\/\/suresms.com\/sv\/funktioner\/email2sms-den-enkla-vagen-ut\/\">E-post 2 SMS<\/a><\/li>\n<\/ul>\n<\/li>\n<\/ul>\n<ul>\n<li>\n<ul>\n<li><a href=\"https:\/\/suresms.com\/sv\/integrationer\/post_och_kalender\/sms-outlook-addin\/\">Skicka SMS fr\u00e5n Outlook<\/a><\/li>\n<\/ul>\n<\/li>\n<\/ul>\n<ul>\n\n<\/ul>\n<p>&nbsp;<\/p>\n\t\t<h3>GROUP-SMS<\/h3>\n\t\t\t\t<img decoding=\"async\" src=\"https:\/\/suresms.com\/wp-content\/uploads\/2015\/02\/GruppeSMS-250x100-pix.jpg\" alt=\"SMS Gateway funktioner grupp sms\" itemprop=\"image\" height=\"100\" width=\"250\" title=\"GroupSMS 250x100 pixlar\" onerror=\"this.style.display='none'\" loading=\"lazy\" \/>\n<ul>\n<li>\n<ul>\n<li><a title=\"GroupSMS: Skapa och skicka till grupper\" href=\"https:\/\/suresms.com\/sv\/funktioner\/sms-grupp\/\">Skapa och skicka grupp-SMS<\/a><\/li>\n<\/ul>\n<\/li>\n<\/ul>\n<ul>\n<li>\n<ul>\n<li><a title=\"Importera kontakter\" href=\"https:\/\/suresms.com\/sv\/dokument\/konto-4\/stationsnamn-7\/\">Importera kontakter<\/a><\/li>\n<\/ul>\n<\/li>\n<\/ul>\n<ul>\n<li>\n<ul>\n<li><a title=\"Obegr\u00e4nsat antal kontakter och grupper\" href=\"https:\/\/suresms.com\/sv\/dokument\/konto-4\/stationsnamn-6\/\">Obegr\u00e4nsat antal mottagare\/grupper<\/a><\/li>\n<\/ul>\n<\/li>\n<\/ul>\n<ul>\n<li>\n<ul>\n<li><a title=\"SMS-sammanslagning av meddelanden till grupper\" href=\"https:\/\/suresms.com\/sv\/sms-fusionsmeddelanden-for-grupper\/\">Sammanfoga mottagarens namn i grupp-SMS<\/a><\/li>\n<\/ul>\n<\/li>\n<\/ul>\n<ul>\n<li>\n<ul>\n<li><a title=\"WEB-registreringsformul\u00e4r\" href=\"https:\/\/suresms.com\/sv\/webbregistreringsformular\/\">Prenumerera\/avregistrera listor via WEB<\/a><\/li>\n<\/ul>\n<\/li>\n<\/ul>\n<ul>\n<li>\n<ul>\n<li><a title=\"Prenumerera\/avregistrera listor via SMS\" href=\"https:\/\/suresms.com\/sv\/webbregistreringsformular\/\">Prenumerera\/avregistrera listor via SMS<\/a><\/li>\n<\/ul>\n<\/li>\n<\/ul>\n\t\t<h3>F\u00d6R UTVECKLARE<\/h3>\n\t\t\t\t<img decoding=\"async\" src=\"https:\/\/suresms.com\/wp-content\/uploads\/2015\/02\/Udviklere-250x100-pix.jpg\" alt=\"API f\u00f6r utvecklare av SMS-funktioner\" itemprop=\"image\" height=\"100\" width=\"250\" title=\"Utvecklare 250x100 pixlar\" onerror=\"this.style.display='none'\" loading=\"lazy\" \/>\n<ul>\n<li>\n<ul>\n<li><a title=\"SMS API f\u00f6r utvecklare\" href=\"https:\/\/developer.suresms.com\">API\u00a0<\/a><\/li>\n<\/ul>\n<\/li>\n<\/ul>\n<ul>\n<li>\n<ul>\n<li><a title=\"Funktioner 2-v\u00e4gs SMS\" href=\"https:\/\/suresms.com\/sv\/funktioner\/ta-emot-textmeddelanden-paa-din-dator\/\">2-v\u00e4gs inkommande sms<\/a><\/li>\n<\/ul>\n<\/li>\n<\/ul>\n<ul>\n<li>\n<ul>\n<li><a title=\"2-v\u00e4gs SMS med Hosted SIM\" href=\"https:\/\/suresms.com\/sv\/2-vags-sms-avlasning-med-vardsimulator\/\">Om Hosted SIM<\/a><\/li>\n<\/ul>\n<\/li>\n<\/ul>\n<ul>\n<li>\n<ul>\n<li><a title=\"SMS till SMS-funktion\" href=\"https:\/\/suresms.com\/sv\/sms-till-sms-funktion\/\">SMS till SMS<\/a><\/li>\n<\/ul>\n<\/li>\n<\/ul>\n<ul>\n<li>\n<ul>\n<li><a title=\"SMS-integrationer\" href=\"https:\/\/suresms.com\/sv\/integrationer\/\">Integrationer<\/a><\/li>\n<\/ul>\n<\/li>\n<\/ul>\n<ul>\n<li>\n<ul>\n<li><a href=\"http:\/\/developer.suresms.com\/\">Dokumentation<\/a><\/li>\n<\/ul>\n<\/li>\n<\/ul>\n<p>&nbsp;<\/p>\n\t\t<h3>S\u00c4KERHET<\/h3>\n\t\t\t\t<img decoding=\"async\" src=\"https:\/\/suresms.com\/wp-content\/uploads\/2015\/02\/Sikkerhed-250x100-pix.jpg\" alt=\"SMS Gateway om s\u00e4kerhet\" itemprop=\"image\" height=\"100\" width=\"250\" title=\"S\u00e4kerhet 250x100 pixlar\" onerror=\"this.style.display='none'\" loading=\"lazy\" \/>\n<ul>\n<li>\n<ul>\n<li><a title=\"Trygghet och s\u00e4kerhet\" href=\"https:\/\/suresms.com\/sv\/sakerhet\/\">Trygghet och s\u00e4kerhet<\/a><\/li>\n<\/ul>\n<\/li>\n<\/ul>\n<ul>\n<li>\n<ul>\n<li><a title=\"Komplett logg och \u00f6vervakning\" href=\"https:\/\/suresms.com\/sv\/komplett-loggning-och-overvakning\/\">Komplett logg och \u00f6vervakning<\/a><\/li>\n<\/ul>\n<\/li>\n<\/ul>\n<ul>\n<li>\n<ul>\n<li><a title=\"\u00d6vervakning\" href=\"https:\/\/suresms.com\/sv\/overvakning\/\">\u00d6vervakning<\/a><\/li>\n<\/ul>\n<\/li>\n<\/ul>\n<ul>\n<li>\n<ul>\n<li><a href=\"https:\/\/suresms.com\/sv\/funktioner\/journalforing-av-textmeddelanden\/\">Journalisering<\/a><\/li>\n<\/ul>\n<\/li>\n<\/ul>\n<ul>\n<li>\n<ul>\n<li><a href=\"https:\/\/suresms.com\/sv\/funktioner\/internationella-sms-2\/\">CPR-\u00f6ppning<\/a><\/li>\n<\/ul>\n<\/li>\n<\/ul>\n<ul>\n<li>\n<ul>\n<li><a title=\"24\/7 e-post- och telefonsupport\" href=\"https:\/\/suresms.com\/sv\/suresms-stod\/\">Support via e-post och telefon<\/a><\/li>\n<\/ul>\n<\/li>\n<\/ul>\n<p>&nbsp;<\/p>\n\t\t<h3>\u00c4r du os\u00e4ker p\u00e5 n\u00e5got?<\/h3>\n\t\t<p>Du kan alltid anv\u00e4nda v\u00e5r onlinehj\u00e4lp eller skriva till v\u00e5r chatt\/hotline p\u00e5 v\u00e5r webbplats. Vi \u00e4r redo att svara p\u00e5 fr\u00e5gor och hj\u00e4lpa dig att komma ig\u00e5ng.<\/p>\n\t\t\t<a href=\"https:\/\/suresms.com\/sv\/kontakt\/\" target=\"_self\">\n\t\t\t\t\t\t\tSe kontaktinformation\n\t\t\t\t\t<\/a>\n<h3><b>Idag anv\u00e4nder v\u00e5ra kunder oss f\u00f6r:<\/b><\/h3>\n<ul>\n<li>SMS-p\u00e5minnelser<\/li>\n<li>Eng\u00e5ngsl\u00f6senord<\/li>\n<li>\u00d6vervakning av trafik<\/li>\n<li>Kundklubbar och nyhets-SMS<\/li>\n<li>Mobil marknadsf\u00f6ring<\/li>\n<li>Omr\u00f6stning<\/li>\n<li>T\u00e4vlingar\u00a0<\/li>\n<\/ul>\n\t\t\t\t<img decoding=\"async\" src=\"https:\/\/suresms.com\/wp-content\/uploads\/2024\/09\/Glen100x118.png\" alt=\"Glen100x118\" itemprop=\"image\" title=\"Glen100x118\" onerror=\"this.style.display='none'\" loading=\"lazy\" \/>\n\t\t\t<a href=\"https:\/\/calendly.com\/gm--nzwp\/30min\" target=\"_self\">\n\t\t\t\t\t\t\tBoka en demo\n\t\t\t\t\t<\/a>\n\t<p>med Glen<\/p>","protected":false},"excerpt":{"rendered":"<p>Egenskaper och funktioner V\u00e5rt SMS-system har m\u00e5nga anv\u00e4ndbara egenskaper. Olika funktioner anv\u00e4nds av olika typer av kunder. Kanske \u00e4r du ute efter n\u00e5gon av de funktioner som vi listar nedan. Klicka p\u00e5 funktionen f\u00f6r att l\u00e4sa mer. Du kan ocks\u00e5 bes\u00f6ka v\u00e5r branschguide f\u00f6r att se hur olika branscher anv\u00e4nder v\u00e5r l\u00f6sning. Skicka ... <a title=\"Egenskaper och funktioner\" class=\"read-more\" href=\"https:\/\/suresms.com\/sv\/funktioner\/\" aria-label=\"L\u00e4s mer om funktioner\">L\u00e4s mer om det<\/a><\/p>","protected":false},"author":1,"featured_media":0,"parent":0,"menu_order":3,"comment_status":"closed","ping_status":"closed","template":"","meta":{"_fl_builder_enabled":"1","_fl_builder_data":null,"_fl_builder_draft":null,"_fl_builder_data_settings":null,"_fl_builder_css":"","_fl_builder_css_version":"","_fl_builder_js":"","footnotes":""},"categories":[],"tags":[],"class_list":["post-958","page","type-page","status-publish"],"yoast_head":"<!-- This site is optimized with the Yoast SEO Premium plugin v27.3 (Yoast SEO v27.3) - https:\/\/yoast.com\/product\/yoast-seo-premium-wordpress\/ -->\r\n<title>Funktioner i vores online SMS platform<\/title>\r\n<meta name=\"description\" content=\"Her kan du se mange af de funktioner vi tilbyder i vores SMS platform. Lister, grupper, adressebog, keywords, tovejs sms og meget mere...\" \/>\r\n<meta name=\"robots\" content=\"index, follow, max-snippet:-1, max-image-preview:large, max-video-preview:-1\" \/>\r\n<link rel=\"canonical\" href=\"https:\/\/suresms.com\/sv\/funktioner\/\" \/>\r\n<meta property=\"og:locale\" content=\"sv_SE\" \/>\r\n<meta property=\"og:type\" content=\"article\" \/>\r\n<meta property=\"og:title\" content=\"Fleksibele SMS l\u00f8sninger til udviklere og virksomheder\" \/>\r\n<meta property=\"og:description\" content=\"Se de mange funktioner og features, som f\u00f8lger med vores SureSMS L\u00f8sning. Find inspiration til , hvordan du let kan bruge SMS&#039;er til kkommunikation med alle typer brugere og systemer.\" \/>\r\n<meta property=\"og:url\" content=\"https:\/\/suresms.com\/sv\/funktioner\/\" \/>\r\n<meta property=\"article:publisher\" content=\"https:\/\/www.facebook.com\/p\/SureSMS-100044607956149\/\" \/>\r\n<meta property=\"article:modified_time\" content=\"2025-11-05T08:57:43+00:00\" \/>\r\n<meta property=\"og:image\" content=\"https:\/\/suresms.com\/wp-content\/uploads\/2016\/06\/SMS-til-butikker.jpg\" \/>\r\n\t<meta property=\"og:image:width\" content=\"400\" \/>\r\n\t<meta property=\"og:image:height\" content=\"266\" \/>\r\n\t<meta property=\"og:image:type\" content=\"image\/jpeg\" \/>\r\n<meta name=\"twitter:card\" content=\"summary_large_image\" \/>\r\n<meta name=\"twitter:title\" content=\"Funktioner\" \/>\r\n<meta name=\"twitter:label1\" content=\"Ber\u00e4knad l\u00e4stid\" \/>\n\t<meta name=\"twitter:data1\" content=\"10 minuter\" \/>\r\n<script type=\"application\/ld+json\" class=\"yoast-schema-graph\">{\"@context\":\"https:\\\/\\\/schema.org\",\"@graph\":[{\"@type\":\"WebPage\",\"@id\":\"https:\\\/\\\/suresms.com\\\/dk\\\/funktioner\\\/\",\"url\":\"https:\\\/\\\/suresms.com\\\/dk\\\/funktioner\\\/\",\"name\":\"Funktioner i vores online SMS platform\",\"isPartOf\":{\"@id\":\"https:\\\/\\\/suresms.com\\\/en\\\/#website\"},\"primaryImageOfPage\":{\"@id\":\"https:\\\/\\\/suresms.com\\\/dk\\\/funktioner\\\/#primaryimage\"},\"image\":{\"@id\":\"https:\\\/\\\/suresms.com\\\/dk\\\/funktioner\\\/#primaryimage\"},\"thumbnailUrl\":\"https:\\\/\\\/suresms.com\\\/wp-content\\\/uploads\\\/2015\\\/02\\\/sky-250x100pix.jpg\",\"datePublished\":\"2015-02-25T12:07:24+00:00\",\"dateModified\":\"2025-11-05T08:57:43+00:00\",\"description\":\"Her kan du se mange af de funktioner vi tilbyder i vores SMS platform. Lister, grupper, adressebog, keywords, tovejs sms og meget mere...\",\"breadcrumb\":{\"@id\":\"https:\\\/\\\/suresms.com\\\/dk\\\/funktioner\\\/#breadcrumb\"},\"inLanguage\":\"sv-SE\",\"potentialAction\":[{\"@type\":\"ReadAction\",\"target\":[\"https:\\\/\\\/suresms.com\\\/dk\\\/funktioner\\\/\"]}]},{\"@type\":\"ImageObject\",\"inLanguage\":\"sv-SE\",\"@id\":\"https:\\\/\\\/suresms.com\\\/dk\\\/funktioner\\\/#primaryimage\",\"url\":\"https:\\\/\\\/suresms.com\\\/wp-content\\\/uploads\\\/2015\\\/02\\\/sky-250x100pix.jpg\",\"contentUrl\":\"https:\\\/\\\/suresms.com\\\/wp-content\\\/uploads\\\/2015\\\/02\\\/sky-250x100pix.jpg\"},{\"@type\":\"BreadcrumbList\",\"@id\":\"https:\\\/\\\/suresms.com\\\/dk\\\/funktioner\\\/#breadcrumb\",\"itemListElement\":[{\"@type\":\"ListItem\",\"position\":1,\"name\":\"Home\",\"item\":\"https:\\\/\\\/suresms.com\\\/dk\\\/\"},{\"@type\":\"ListItem\",\"position\":2,\"name\":\"Funktioner\"}]},{\"@type\":\"WebSite\",\"@id\":\"https:\\\/\\\/suresms.com\\\/en\\\/#website\",\"url\":\"https:\\\/\\\/suresms.com\\\/en\\\/\",\"name\":\"SureSMS\",\"description\":\"Professionel SMS Gateway\",\"publisher\":{\"@id\":\"https:\\\/\\\/suresms.com\\\/en\\\/#organization\"},\"potentialAction\":[{\"@type\":\"SearchAction\",\"target\":{\"@type\":\"EntryPoint\",\"urlTemplate\":\"https:\\\/\\\/suresms.com\\\/en\\\/?s={search_term_string}\"},\"query-input\":{\"@type\":\"PropertyValueSpecification\",\"valueRequired\":true,\"valueName\":\"search_term_string\"}}],\"inLanguage\":\"sv-SE\"},{\"@type\":\"Organization\",\"@id\":\"https:\\\/\\\/suresms.com\\\/en\\\/#organization\",\"name\":\"SureSMS\",\"url\":\"https:\\\/\\\/suresms.com\\\/en\\\/\",\"logo\":{\"@type\":\"ImageObject\",\"inLanguage\":\"sv-SE\",\"@id\":\"https:\\\/\\\/suresms.com\\\/en\\\/#\\\/schema\\\/logo\\\/image\\\/\",\"url\":\"https:\\\/\\\/suresms.com\\\/wp-content\\\/uploads\\\/2024\\\/11\\\/suresms-300x65-1.png\",\"contentUrl\":\"https:\\\/\\\/suresms.com\\\/wp-content\\\/uploads\\\/2024\\\/11\\\/suresms-300x65-1.png\",\"width\":300,\"height\":65,\"caption\":\"SureSMS\"},\"image\":{\"@id\":\"https:\\\/\\\/suresms.com\\\/en\\\/#\\\/schema\\\/logo\\\/image\\\/\"},\"sameAs\":[\"https:\\\/\\\/www.facebook.com\\\/p\\\/SureSMS-100044607956149\\\/\"]}]}<\/script>\r\n<!-- \/ Yoast SEO Premium plugin. -->","yoast_head_json":{"title":"Funktioner i v\u00e5r online SMS plattform","description":"H\u00e4r kan du se m\u00e5nga av de funktioner som vi erbjuder i v\u00e5r SMS plattform. Listor, grupper, adressbok, nyckelord, tv\u00e5v\u00e4gs-SMS och mycket mer...","robots":{"index":"index","follow":"follow","max-snippet":"max-snippet:-1","max-image-preview":"max-image-preview:large","max-video-preview":"max-video-preview:-1"},"canonical":"https:\/\/suresms.com\/sv\/funktioner\/","og_locale":"sv_SE","og_type":"article","og_title":"Fleksibele SMS l\u00f8sninger til udviklere og virksomheder","og_description":"Se de mange funktioner og features, som f\u00f8lger med vores SureSMS L\u00f8sning. Find inspiration til , hvordan du let kan bruge SMS'er til kkommunikation med alle typer brugere og systemer.","og_url":"https:\/\/suresms.com\/sv\/funktioner\/","article_publisher":"https:\/\/www.facebook.com\/p\/SureSMS-100044607956149\/","article_modified_time":"2025-11-05T08:57:43+00:00","og_image":[{"width":400,"height":266,"url":"https:\/\/suresms.com\/wp-content\/uploads\/2016\/06\/SMS-til-butikker.jpg","type":"image\/jpeg"}],"twitter_card":"summary_large_image","twitter_title":"Funktioner","twitter_misc":{"Ber\u00e4knad l\u00e4stid":"10 minuter"},"schema":{"@context":"https:\/\/schema.org","@graph":[{"@type":"WebPage","@id":"https:\/\/suresms.com\/dk\/funktioner\/","url":"https:\/\/suresms.com\/dk\/funktioner\/","name":"Funktioner i v\u00e5r online SMS plattform","isPartOf":{"@id":"https:\/\/suresms.com\/en\/#website"},"primaryImageOfPage":{"@id":"https:\/\/suresms.com\/dk\/funktioner\/#primaryimage"},"image":{"@id":"https:\/\/suresms.com\/dk\/funktioner\/#primaryimage"},"thumbnailUrl":"https:\/\/suresms.com\/wp-content\/uploads\/2015\/02\/sky-250x100pix.jpg","datePublished":"2015-02-25T12:07:24+00:00","dateModified":"2025-11-05T08:57:43+00:00","description":"H\u00e4r kan du se m\u00e5nga av de funktioner som vi erbjuder i v\u00e5r SMS plattform. Listor, grupper, adressbok, nyckelord, tv\u00e5v\u00e4gs-SMS och mycket mer...","breadcrumb":{"@id":"https:\/\/suresms.com\/dk\/funktioner\/#breadcrumb"},"inLanguage":"sv-SE","potentialAction":[{"@type":"ReadAction","target":["https:\/\/suresms.com\/dk\/funktioner\/"]}]},{"@type":"ImageObject","inLanguage":"sv-SE","@id":"https:\/\/suresms.com\/dk\/funktioner\/#primaryimage","url":"https:\/\/suresms.com\/wp-content\/uploads\/2015\/02\/sky-250x100pix.jpg","contentUrl":"https:\/\/suresms.com\/wp-content\/uploads\/2015\/02\/sky-250x100pix.jpg"},{"@type":"BreadcrumbList","@id":"https:\/\/suresms.com\/dk\/funktioner\/#breadcrumb","itemListElement":[{"@type":"ListItem","position":1,"name":"Home","item":"https:\/\/suresms.com\/dk\/"},{"@type":"ListItem","position":2,"name":"Funktioner"}]},{"@type":"WebSite","@id":"https:\/\/suresms.com\/en\/#website","url":"https:\/\/suresms.com\/en\/","name":"SureSMS","description":"Professionell SMS Gateway","publisher":{"@id":"https:\/\/suresms.com\/en\/#organization"},"potentialAction":[{"@type":"SearchAction","target":{"@type":"EntryPoint","urlTemplate":"https:\/\/suresms.com\/en\/?s={search_term_string}"},"query-input":{"@type":"PropertyValueSpecification","valueRequired":true,"valueName":"search_term_string"}}],"inLanguage":"sv-SE"},{"@type":"Organization","@id":"https:\/\/suresms.com\/en\/#organization","name":"SureSMS","url":"https:\/\/suresms.com\/en\/","logo":{"@type":"ImageObject","inLanguage":"sv-SE","@id":"https:\/\/suresms.com\/en\/#\/schema\/logo\/image\/","url":"https:\/\/suresms.com\/wp-content\/uploads\/2024\/11\/suresms-300x65-1.png","contentUrl":"https:\/\/suresms.com\/wp-content\/uploads\/2024\/11\/suresms-300x65-1.png","width":300,"height":65,"caption":"SureSMS"},"image":{"@id":"https:\/\/suresms.com\/en\/#\/schema\/logo\/image\/"},"sameAs":["https:\/\/www.facebook.com\/p\/SureSMS-100044607956149\/"]}]}},"_links":{"self":[{"href":"https:\/\/suresms.com\/sv\/wp-json\/wp\/v2\/pages\/958","targetHints":{"allow":["GET"]}}],"collection":[{"href":"https:\/\/suresms.com\/sv\/wp-json\/wp\/v2\/pages"}],"about":[{"href":"https:\/\/suresms.com\/sv\/wp-json\/wp\/v2\/types\/page"}],"author":[{"embeddable":true,"href":"https:\/\/suresms.com\/sv\/wp-json\/wp\/v2\/users\/1"}],"replies":[{"embeddable":true,"href":"https:\/\/suresms.com\/sv\/wp-json\/wp\/v2\/comments?post=958"}],"version-history":[{"count":35,"href":"https:\/\/suresms.com\/sv\/wp-json\/wp\/v2\/pages\/958\/revisions"}],"predecessor-version":[{"id":23524,"href":"https:\/\/suresms.com\/sv\/wp-json\/wp\/v2\/pages\/958\/revisions\/23524"}],"wp:attachment":[{"href":"https:\/\/suresms.com\/sv\/wp-json\/wp\/v2\/media?parent=958"}],"wp:term":[{"taxonomy":"category","embeddable":true,"href":"https:\/\/suresms.com\/sv\/wp-json\/wp\/v2\/categories?post=958"},{"taxonomy":"post_tag","embeddable":true,"href":"https:\/\/suresms.com\/sv\/wp-json\/wp\/v2\/tags?post=958"}],"curies":[{"name":"wp","href":"https:\/\/api.w.org\/{rel}","templated":true}]}}