{"id":9527,"date":"2020-05-13T12:28:25","date_gmt":"2020-05-13T10:28:25","guid":{"rendered":"https:\/\/www.suresms.com\/dk\/?page_id=9527"},"modified":"2026-03-05T12:27:31","modified_gmt":"2026-03-05T12:27:31","slug":"underprocessorer","status":"publish","type":"page","link":"https:\/\/suresms.com\/sv\/ressourcer\/gdpr\/underdatabehandlere\/","title":{"rendered":"Underf\u00f6r\u00e4dlare"},"content":{"rendered":"<!-- Flexy Breadcrumb -->\r\n\t\t\t<div class=\"fbc fbc-page\">\r\n\r\n\t\t\t\t<!-- Breadcrumb wrapper -->\r\n\t\t\t\t<div class=\"fbc-wrap\">\r\n\r\n\t\t\t\t\t<!-- Ordered list-->\r\n\t\t\t\t\t<ol class=\"fbc-items\" itemscope itemtype=\"https:\/\/schema.org\/BreadcrumbList\">\r\n\t\t\t\t\t\t            <li itemprop=\"itemListElement\" itemscope itemtype=\"https:\/\/schema.org\/ListItem\">\r\n                <span itemprop=\"name\">\r\n                    <!-- Home Link -->\r\n                    <a itemprop=\"item\" href=\"https:\/\/suresms.com\/sv\/\">\r\n                    \r\n                                                    <i class=\"fa fa-home\" aria-hidden=\"true\"><\/i>Hem                    <\/a>\r\n                <\/span>\r\n                <meta itemprop=\"position\" content=\"1\" \/><!-- Meta Position-->\r\n             <\/li><li><span class=\"fbc-separator\">\/<\/span><\/li><li class=\"active\" itemprop=\"itemListElement\" itemscope itemtype=\"https:\/\/schema.org\/ListItem\"><span itemprop=\"name\" title=\"Underf\u00f6r\u00e4dlare\">Underf\u00f6r\u00e4dlare<\/span><meta itemprop=\"position\" content=\"2\" \/><\/li>\t\t\t\t\t<\/ol>\r\n\t\t\t\t\t<div class=\"clearfix\"><\/div>\r\n\t\t\t\t<\/div>\r\n\t\t\t<\/div>\r\n\t\t\t\n\t<h1><strong>SUB-PROCESSORER<\/strong><\/h1>\n\t<p>&nbsp;<\/p>\n<table width=\"1078\">\n<tbody>\n<tr>\n<td width=\"309\">Senast uppdaterad:<br \/>\n2020-04-21\nSenast godk\u00e4nd:<br \/>\n2026-03-05<\/td>\n<td width=\"283\"><\/td>\n<td width=\"166\"><\/td>\n<\/tr>\n<tr>\n\n\n\n<\/tr>\n<tr>\n<td><strong>Underprocessor<\/strong><\/td>\n<td><strong>Adress<\/strong><\/td>\n<td><strong>Anv\u00e4nds f\u00f6r<\/strong><\/td>\n<\/tr>\n<tr>\n<td>AMAZON<\/td>\n<td width=\"283\">Europa (Frankfurt) Region<br \/>\n60313 Frankfurt am Main<br \/>\nTyskland<\/td>\n<td>Datalagringscenter<br \/>\n<a href=\"https:\/\/aws.amazon.com\/compliance\/gdpr-center\/\">L\u00e4s mer om AWS och GDPR<\/a><\/td>\n<\/tr>\n<tr>\n<td>Epay<\/td>\n<td width=\"283\">Bambora Online A\/S<br \/>\nAlfred Nobels Vej 21 A, 1.<br \/>\nDK-9220 Aalborg \u00d6st<br \/>\nDanmark<\/td>\n<td>Betalningsl\u00f6sningar<\/td>\n<\/tr>\n<tr>\n<td>Visma E-conomics<\/td>\n<td width=\"283\">Langebrogade 1<br \/>\n1411 K\u00f6penhamn K, Danmark<br \/>\nDanmark<\/td>\n<td>Ekonomi<\/td>\n<\/tr>\n<tr>\n<td>Faktureringstj\u00e4nst<\/td>\n<td width=\"283\">Danmark V\u00e4g 26<br \/>\n8660 Skanderborg, Danmark<br \/>\nDanmark<\/td>\n<td>Faktureringssystem<\/td>\n<\/tr>\n<tr>\n<td>Zendesk<\/td>\n<td width=\"283\">Snaregade 12<br \/>\n1205 K\u00f6penhamn<br \/>\nDanmark<\/td>\n<td>St\u00f6d<\/td>\n<\/tr>\n<tr>\n<td>Omstil.com<\/td>\n<td width=\"283\">Virum Overdrevsvej 23<br \/>\nDK-2830 Virum<br \/>\nDanmark<\/td>\n<td>Konverteringssystem<\/td>\n<\/tr>\n<tr>\n<td>SimplyCRM<\/td>\n<td width=\"283\">Vesterbrogade 26<br \/>\n1620 K\u00f6penhamn V<br \/>\nDanmark<\/td>\n<td>CRM-system<\/td>\n<\/tr>\n<\/tbody>\n<\/table>\n<p>&nbsp;<\/p>\n<p>Teleoperat\u00f6rer \u00e4r en leverant\u00f6r av elektroniska kommunikationstj\u00e4nster (ECS). Operat\u00f6rerna erbjuder kunderna direktanslutningar till meddelandetj\u00e4nsterna via telekommunikationsprotokoll som HTTPS. En s\u00e5dan \u00f6verf\u00f6ring \u00e4r inte en \"\u00f6verf\u00f6ring\" av personuppgifter enligt GDPR, utan en distinkt och separat aktivitet, varigenom uppgifterna i \u00f6verf\u00f6ringen skyddas av sekretessf\u00f6rpliktelser<\/p>\nR\u00e4tten till privatliv och sekretess skyddas av olika artiklar i Europeiska unionens stadga om de grundl\u00e4ggande r\u00e4ttigheterna:<br \/>\n1. R\u00e4tten till konfidentialitet skyddas av artikel 7.<br \/>\n2. R\u00e4tten till privatliv fastst\u00e4lls i artikel 8.\nI den delen ska ECS betraktas som registeransvariga eftersom ECS omfattas av s\u00e4rskilda best\u00e4mmelser om uppgiftsskydd (sekretess kontra integritet). Genom att tillhandah\u00e5lla ECS behandlas uppgifterna p\u00e5 ett oklart s\u00e4tt av ECS-leverant\u00f6ren, dvs. \u00f6verf\u00f6ring<br \/>\nav signaler\/meddelanden\/r\u00f6st och fakturering av \u00f6verf\u00f6ringstj\u00e4nsten.\n<p>Leverant\u00f6rer av ECS och ECN (elektroniska kommunikationsn\u00e4t) tillhandah\u00e5ller d\u00e4rf\u00f6r inte databehandling f\u00f6r kundens r\u00e4kning och best\u00e4mmelserna i databehandlingsavtal \u00e4r inte l\u00e4mpliga f\u00f6r tillhandah\u00e5llande av ECS.<\/p>\n<p>I artikel 95 i dataskyddsf\u00f6rordningen anges att f\u00f6rordningen inte f\u00e5r \u00e5l\u00e4gga leverant\u00f6rer av offentliga ECS och operat\u00f6rer av offentliga n\u00e4t skyldigheter som g\u00e5r ut\u00f6ver de skyldigheter som redan fastst\u00e4lls i direktivet om integritet och elektronisk kommunikation.<\/p>\n<p>ECS-leverant\u00f6rer f\u00e5r inte notera inneh\u00e5llet i n\u00e5gon kommunikation som de sprider, inklusive personuppgifter som kan ing\u00e5 i s\u00e5dan kommunikation (se artikel 5 i direktiv 2002\/58\/EG om integritet och elektronisk kommunikation), s\u00e5vida inte ett formellt samtycke har getts av n\u00e5gon av de parter som deltar i \u00f6verf\u00f6ringen.<\/p>\n<p>F\u00f6ljaktligen avsl\u00f6jas inte personuppgifter som ing\u00e5r i f\u00f6rmedlad kommunikation och \"behandlas\" inte av dem. I annat fall skulle varje leverant\u00f6r av telefonitj\u00e4nster anses vara ett personuppgiftsbitr\u00e4de f\u00f6r varje telefonsamtal som den skapar f\u00f6r den som ringer.<\/p>","protected":false},"excerpt":{"rendered":"<p>UNDERDATABEHANDLARE Senast uppdaterad: 2020-04-21 Senast godk\u00e4nd: 2026-03-05 Underdatabehandlare Adress Anv\u00e4nds f\u00f6r AMAZON Europe (Frankfurt) Region 60313 Frankfurt am Main Tyskland Datalagringscenter L\u00e4s mer om AWS och GDPR Epay Bambora Online A\/S Alfred Nobels Vej 21 A, 1. DK-9220 Aalborg \u00d8st Danmark Betalningsl\u00f6sningar Visma E-conomics Langebrogade 1 1411 K\u00f8benhavn K Danmark \u00d8konomi Fakturaservice Danmarksvej 26 ... <a title=\"Underf\u00f6r\u00e4dlare\" class=\"read-more\" href=\"https:\/\/suresms.com\/sv\/ressourcer\/gdpr\/underdatabehandlere\/\" aria-label=\"L\u00e4s mer om Underprocessorer\">L\u00e4s mer om det<\/a><\/p>","protected":false},"author":1,"featured_media":0,"parent":5221,"menu_order":0,"comment_status":"closed","ping_status":"closed","template":"","meta":{"_fl_builder_enabled":"1","_fl_builder_data":null,"_fl_builder_draft":null,"_fl_builder_data_settings":null,"_fl_builder_css":"","_fl_builder_css_version":"","_fl_builder_js":"","footnotes":""},"categories":[],"tags":[],"class_list":["post-9527","page","type-page","status-publish"],"yoast_head":"<!-- This site is optimized with the Yoast SEO Premium plugin v27.3 (Yoast SEO v27.3) - https:\/\/yoast.com\/product\/yoast-seo-premium-wordpress\/ -->\r\n<title>Underdatabehandlere -<\/title>\r\n<meta name=\"robots\" content=\"index, follow, max-snippet:-1, max-image-preview:large, max-video-preview:-1\" \/>\r\n<link rel=\"canonical\" href=\"https:\/\/suresms.com\/sv\/resurser\/gdpr\/underprocessorer\/\" \/>\r\n<meta property=\"og:locale\" content=\"sv_SE\" \/>\r\n<meta property=\"og:type\" content=\"article\" \/>\r\n<meta property=\"og:title\" content=\"Underdatabehandlere\" \/>\r\n<meta property=\"og:description\" content=\"UNDERDATABEHANDLERE &nbsp; Senest opdateret: 2020-04-21 Senest godkendt: 2026-03-05 Underdatabehandler Adresse Anvendes til AMAZON Europe (Frankfurt) Region 60313 Frankfurt am Main Germany Dataopbevaringscenter L\u00e6s mere om AWS og GDPR Epay Bambora Online A\/S Alfred Nobels Vej 21 A, 1. DK-9220 Aalborg \u00d8st Danmark Betalingsl\u00f8sninger Visma E-conomics Langebrogade 1 1411 K\u00f8benhavn K Danmark \u00d8konomi Fakturaservice Danmarksvej 26 ... L\u00e4s mer\" \/>\r\n<meta property=\"og:url\" content=\"https:\/\/suresms.com\/sv\/resurser\/gdpr\/underprocessorer\/\" \/>\r\n<meta property=\"article:publisher\" content=\"https:\/\/www.facebook.com\/p\/SureSMS-100044607956149\/\" \/>\r\n<meta property=\"article:modified_time\" content=\"2026-03-05T12:27:31+00:00\" \/>\r\n<meta name=\"twitter:card\" content=\"summary_large_image\" \/>\r\n<meta name=\"twitter:label1\" content=\"Ber\u00e4knad l\u00e4stid\" \/>\n\t<meta name=\"twitter:data1\" content=\"2 minuter\" \/>\r\n<script type=\"application\/ld+json\" class=\"yoast-schema-graph\">{\"@context\":\"https:\\\/\\\/schema.org\",\"@graph\":[{\"@type\":\"WebPage\",\"@id\":\"https:\\\/\\\/suresms.com\\\/dk\\\/ressourcer\\\/gdpr\\\/underdatabehandlere\\\/\",\"url\":\"https:\\\/\\\/suresms.com\\\/dk\\\/ressourcer\\\/gdpr\\\/underdatabehandlere\\\/\",\"name\":\"Underdatabehandlere -\",\"isPartOf\":{\"@id\":\"https:\\\/\\\/suresms.com\\\/en\\\/#website\"},\"datePublished\":\"2020-05-13T10:28:25+00:00\",\"dateModified\":\"2026-03-05T12:27:31+00:00\",\"breadcrumb\":{\"@id\":\"https:\\\/\\\/suresms.com\\\/dk\\\/ressourcer\\\/gdpr\\\/underdatabehandlere\\\/#breadcrumb\"},\"inLanguage\":\"sv-SE\",\"potentialAction\":[{\"@type\":\"ReadAction\",\"target\":[\"https:\\\/\\\/suresms.com\\\/dk\\\/ressourcer\\\/gdpr\\\/underdatabehandlere\\\/\"]}]},{\"@type\":\"BreadcrumbList\",\"@id\":\"https:\\\/\\\/suresms.com\\\/dk\\\/ressourcer\\\/gdpr\\\/underdatabehandlere\\\/#breadcrumb\",\"itemListElement\":[{\"@type\":\"ListItem\",\"position\":1,\"name\":\"Home\",\"item\":\"https:\\\/\\\/suresms.com\\\/dk\\\/\"},{\"@type\":\"ListItem\",\"position\":2,\"name\":\"Ressourcer\",\"item\":\"https:\\\/\\\/suresms.com\\\/ressourcer\\\/\"},{\"@type\":\"ListItem\",\"position\":3,\"name\":\"GDPR\",\"item\":\"https:\\\/\\\/suresms.com\\\/dk\\\/ressourcer\\\/gdpr\\\/\"},{\"@type\":\"ListItem\",\"position\":4,\"name\":\"Underdatabehandlere\"}]},{\"@type\":\"WebSite\",\"@id\":\"https:\\\/\\\/suresms.com\\\/en\\\/#website\",\"url\":\"https:\\\/\\\/suresms.com\\\/en\\\/\",\"name\":\"SureSMS\",\"description\":\"Professionel SMS Gateway\",\"publisher\":{\"@id\":\"https:\\\/\\\/suresms.com\\\/en\\\/#organization\"},\"potentialAction\":[{\"@type\":\"SearchAction\",\"target\":{\"@type\":\"EntryPoint\",\"urlTemplate\":\"https:\\\/\\\/suresms.com\\\/en\\\/?s={search_term_string}\"},\"query-input\":{\"@type\":\"PropertyValueSpecification\",\"valueRequired\":true,\"valueName\":\"search_term_string\"}}],\"inLanguage\":\"sv-SE\"},{\"@type\":\"Organization\",\"@id\":\"https:\\\/\\\/suresms.com\\\/en\\\/#organization\",\"name\":\"SureSMS\",\"url\":\"https:\\\/\\\/suresms.com\\\/en\\\/\",\"logo\":{\"@type\":\"ImageObject\",\"inLanguage\":\"sv-SE\",\"@id\":\"https:\\\/\\\/suresms.com\\\/en\\\/#\\\/schema\\\/logo\\\/image\\\/\",\"url\":\"https:\\\/\\\/suresms.com\\\/wp-content\\\/uploads\\\/2024\\\/11\\\/suresms-300x65-1.png\",\"contentUrl\":\"https:\\\/\\\/suresms.com\\\/wp-content\\\/uploads\\\/2024\\\/11\\\/suresms-300x65-1.png\",\"width\":300,\"height\":65,\"caption\":\"SureSMS\"},\"image\":{\"@id\":\"https:\\\/\\\/suresms.com\\\/en\\\/#\\\/schema\\\/logo\\\/image\\\/\"},\"sameAs\":[\"https:\\\/\\\/www.facebook.com\\\/p\\\/SureSMS-100044607956149\\\/\"]}]}<\/script>\r\n<!-- \/ Yoast SEO Premium plugin. -->","yoast_head_json":{"title":"Underprocessorer - Underprocessorer","robots":{"index":"index","follow":"follow","max-snippet":"max-snippet:-1","max-image-preview":"max-image-preview:large","max-video-preview":"max-video-preview:-1"},"canonical":"https:\/\/suresms.com\/sv\/resurser\/gdpr\/underprocessorer\/","og_locale":"sv_SE","og_type":"article","og_title":"Underdatabehandlere","og_description":"UNDERDATABEHANDLERE &nbsp; Senest opdateret: 2020-04-21 Senest godkendt: 2026-03-05 Underdatabehandler Adresse Anvendes til AMAZON Europe (Frankfurt) Region 60313 Frankfurt am Main Germany Dataopbevaringscenter L\u00e6s mere om AWS og GDPR Epay Bambora Online A\/S Alfred Nobels Vej 21 A, 1. DK-9220 Aalborg \u00d8st Danmark Betalingsl\u00f8sninger Visma E-conomics Langebrogade 1 1411 K\u00f8benhavn K Danmark \u00d8konomi Fakturaservice Danmarksvej 26 ... L\u00e4s mer","og_url":"https:\/\/suresms.com\/sv\/resurser\/gdpr\/underprocessorer\/","article_publisher":"https:\/\/www.facebook.com\/p\/SureSMS-100044607956149\/","article_modified_time":"2026-03-05T12:27:31+00:00","twitter_card":"summary_large_image","twitter_misc":{"Ber\u00e4knad l\u00e4stid":"2 minuter"},"schema":{"@context":"https:\/\/schema.org","@graph":[{"@type":"WebPage","@id":"https:\/\/suresms.com\/dk\/ressourcer\/gdpr\/underdatabehandlere\/","url":"https:\/\/suresms.com\/dk\/ressourcer\/gdpr\/underdatabehandlere\/","name":"Underprocessorer - Underprocessorer","isPartOf":{"@id":"https:\/\/suresms.com\/en\/#website"},"datePublished":"2020-05-13T10:28:25+00:00","dateModified":"2026-03-05T12:27:31+00:00","breadcrumb":{"@id":"https:\/\/suresms.com\/dk\/ressourcer\/gdpr\/underdatabehandlere\/#breadcrumb"},"inLanguage":"sv-SE","potentialAction":[{"@type":"ReadAction","target":["https:\/\/suresms.com\/dk\/ressourcer\/gdpr\/underdatabehandlere\/"]}]},{"@type":"BreadcrumbList","@id":"https:\/\/suresms.com\/dk\/ressourcer\/gdpr\/underdatabehandlere\/#breadcrumb","itemListElement":[{"@type":"ListItem","position":1,"name":"Home","item":"https:\/\/suresms.com\/dk\/"},{"@type":"ListItem","position":2,"name":"Ressourcer","item":"https:\/\/suresms.com\/ressourcer\/"},{"@type":"ListItem","position":3,"name":"GDPR","item":"https:\/\/suresms.com\/dk\/ressourcer\/gdpr\/"},{"@type":"ListItem","position":4,"name":"Underdatabehandlere"}]},{"@type":"WebSite","@id":"https:\/\/suresms.com\/en\/#website","url":"https:\/\/suresms.com\/en\/","name":"SureSMS","description":"Professionell SMS Gateway","publisher":{"@id":"https:\/\/suresms.com\/en\/#organization"},"potentialAction":[{"@type":"SearchAction","target":{"@type":"EntryPoint","urlTemplate":"https:\/\/suresms.com\/en\/?s={search_term_string}"},"query-input":{"@type":"PropertyValueSpecification","valueRequired":true,"valueName":"search_term_string"}}],"inLanguage":"sv-SE"},{"@type":"Organization","@id":"https:\/\/suresms.com\/en\/#organization","name":"SureSMS","url":"https:\/\/suresms.com\/en\/","logo":{"@type":"ImageObject","inLanguage":"sv-SE","@id":"https:\/\/suresms.com\/en\/#\/schema\/logo\/image\/","url":"https:\/\/suresms.com\/wp-content\/uploads\/2024\/11\/suresms-300x65-1.png","contentUrl":"https:\/\/suresms.com\/wp-content\/uploads\/2024\/11\/suresms-300x65-1.png","width":300,"height":65,"caption":"SureSMS"},"image":{"@id":"https:\/\/suresms.com\/en\/#\/schema\/logo\/image\/"},"sameAs":["https:\/\/www.facebook.com\/p\/SureSMS-100044607956149\/"]}]}},"_links":{"self":[{"href":"https:\/\/suresms.com\/sv\/wp-json\/wp\/v2\/pages\/9527","targetHints":{"allow":["GET"]}}],"collection":[{"href":"https:\/\/suresms.com\/sv\/wp-json\/wp\/v2\/pages"}],"about":[{"href":"https:\/\/suresms.com\/sv\/wp-json\/wp\/v2\/types\/page"}],"author":[{"embeddable":true,"href":"https:\/\/suresms.com\/sv\/wp-json\/wp\/v2\/users\/1"}],"replies":[{"embeddable":true,"href":"https:\/\/suresms.com\/sv\/wp-json\/wp\/v2\/comments?post=9527"}],"version-history":[{"count":3,"href":"https:\/\/suresms.com\/sv\/wp-json\/wp\/v2\/pages\/9527\/revisions"}],"predecessor-version":[{"id":23846,"href":"https:\/\/suresms.com\/sv\/wp-json\/wp\/v2\/pages\/9527\/revisions\/23846"}],"up":[{"embeddable":true,"href":"https:\/\/suresms.com\/sv\/wp-json\/wp\/v2\/pages\/5221"}],"wp:attachment":[{"href":"https:\/\/suresms.com\/sv\/wp-json\/wp\/v2\/media?parent=9527"}],"wp:term":[{"taxonomy":"category","embeddable":true,"href":"https:\/\/suresms.com\/sv\/wp-json\/wp\/v2\/categories?post=9527"},{"taxonomy":"post_tag","embeddable":true,"href":"https:\/\/suresms.com\/sv\/wp-json\/wp\/v2\/tags?post=9527"}],"curies":[{"name":"wp","href":"https:\/\/api.w.org\/{rel}","templated":true}]}}