{"id":903,"date":"2015-02-10T15:43:06","date_gmt":"2015-02-10T13:43:06","guid":{"rendered":"https:\/\/www.suresms.com\/dk\/?page_id=903"},"modified":"2025-01-05T00:15:18","modified_gmt":"2025-01-05T00:15:18","slug":"sms-for-foretag","status":"publish","type":"page","link":"https:\/\/suresms.com\/sv\/branchelosninger\/sms-til-forretninger\/","title":{"rendered":"SMS till butiker och aff\u00e4rer"},"content":{"rendered":"<!-- Flexy Breadcrumb -->\r\n\t\t\t<div class=\"fbc fbc-page\">\r\n\r\n\t\t\t\t<!-- Breadcrumb wrapper -->\r\n\t\t\t\t<div class=\"fbc-wrap\">\r\n\r\n\t\t\t\t\t<!-- Ordered list-->\r\n\t\t\t\t\t<ol class=\"fbc-items\" itemscope itemtype=\"https:\/\/schema.org\/BreadcrumbList\">\r\n\t\t\t\t\t\t            <li itemprop=\"itemListElement\" itemscope itemtype=\"https:\/\/schema.org\/ListItem\">\r\n                <span itemprop=\"name\">\r\n                    <!-- Home Link -->\r\n                    <a itemprop=\"item\" href=\"https:\/\/suresms.com\/sv\/\">\r\n                    \r\n                                                    <i class=\"fa fa-home\" aria-hidden=\"true\"><\/i>Hem                    <\/a>\r\n                <\/span>\r\n                <meta itemprop=\"position\" content=\"1\" \/><!-- Meta Position-->\r\n             <\/li><li><span class=\"fbc-separator\">\/<\/span><\/li><li class=\"active\" itemprop=\"itemListElement\" itemscope itemtype=\"https:\/\/schema.org\/ListItem\"><span itemprop=\"name\" title=\"SMS till butiker och aff\u00e4rer\">SMS till f\u00f6retag och...<\/span><meta itemprop=\"position\" content=\"2\" \/><\/li>\t\t\t\t\t<\/ol>\r\n\t\t\t\t\t<div class=\"clearfix\"><\/div>\r\n\t\t\t\t<\/div>\r\n\t\t\t<\/div>\r\n\t\t\t\n<h1>\n\t\tSMS till f\u00f6retag\n\t<\/h1>\n<p>&nbsp;<\/p>\n<p>&nbsp;<\/p>\n<p><strong>\u00c4r du ett bageri, en juvelerare, en cykelhandlare eller n\u00e5got helt annat? Vi har l\u00f6sningen f\u00f6r SMS till f\u00f6retag. M\u00e5nga av v\u00e5ra kunder \u00e4r butiker eller detaljhandelskedjor som skickar meddelanden till sina kunder. V\u00e5ra butiker anv\u00e4nder oss f\u00f6r att l\u00f6sa olika uppgifter: skicka ut erbjudanden och nyheter, anm\u00e4la sig till kundklubbar eller informera om returnerade varor eller reparationer.<\/strong><\/p>\n<p>&nbsp;<\/p>\n<p><strong>F\u00f6rdelar:<\/strong><\/p>\n<ul>\n<li>\n<ul>\n<li><strong>Skicka p\u00e5minnelser om m\u00f6ten till kunder och undvik on\u00f6diga avbokningar.<\/strong><\/li>\n<\/ul>\n<\/li>\n<\/ul>\n<p>&nbsp;<\/p>\n<ul>\n<li>\n<ul>\n<li><strong>Skicka m\u00e5nga meddelanden snabbt fr\u00e5n v\u00e5r webbportal med Group SMS.<\/strong><\/li>\n<\/ul>\n<\/li>\n<\/ul>\n<p>&nbsp;<\/p>\n<ul>\n<li>\n<ul>\n<li><strong>Skicka grupp-SMS med funktionen Sammanfoga namn och g\u00f6r dina meddelanden mer personliga.<\/strong><\/li>\n<\/ul>\n<\/li>\n<\/ul>\n<p>&nbsp;<\/p>\n<ul>\n<li>\n<ul>\n<li><strong>Skicka nyhetsbrev och erbjudanden via SMS och generera mer int\u00e4kter<\/strong><\/li>\n<\/ul>\n<\/li>\n<\/ul>\n<p>&nbsp;<\/p>\n<ul>\n<li>\n<ul>\n<li><strong>Skapa en 2-v\u00e4gsl\u00f6sning och interagera med dina kunder via SMS - fr\u00e5n dator, surfplatta eller mobil. Enkel \u00e5tkomst till systemet f\u00f6r flera anv\u00e4ndare.<\/strong><\/li>\n<\/ul>\n<\/li>\n<\/ul>\n<p>&nbsp;<\/p>\n<p>&nbsp;<\/p>\n<h3>Integrera SureSMS i ditt eget system<\/h3>\n<p>M\u00e5nga kunder har integrerat v\u00e5r l\u00f6sning i sitt POS-system (Point-of-sale). Det inneb\u00e4r att systemet sj\u00e4lvt skickar SMS till kunden, t.ex. p\u00e5 f\u00f6delsedagar, n\u00e4r ett m\u00f6te n\u00e4rmar sig eller f\u00f6r att utv\u00e4rdera en tj\u00e4nst. Andra anv\u00e4nder v\u00e5rt system utan integration och l\u00e4gger sj\u00e4lva till schemalagda SMS-meddelanden. V\u00e5r SMS-l\u00f6sning ger dig m\u00e5nga m\u00f6jligheter till marknadsf\u00f6ring, kommunikation eller helt enkelt bra kundkontakt<\/p>\n<h3>Koncernfunktioner<\/h3>\nFr\u00e5n v\u00e5r webbportal kan du g\u00f6ra <a title=\"GroupSMS: Skapa och skicka till grupper\" href=\"https:\/\/suresms.com\/sv\/sms-grupp\/\">grupper av f\u00f6rm\u00e5nstagare<\/a>. Det kan vara alla dina kunder, kunder i ett visst postnummer eller kunder som har k\u00f6pt n\u00e5got specifikt av dig.<br \/>\nOm du har dina kunders kunder i ett kalkylblad kan du l\u00e4sa in dem i v\u00e5rt system och snabbt skapa dina anv\u00e4ndare utan on\u00f6digt skrivande.\n<h3>Avs\u00e4ndarens namn<\/h3>\n<p>Du kan best\u00e4mma vem som ska vara avs\u00e4ndare av meddelandet. Det kan t.ex. vara ditt f\u00f6retags telefonnummer eller f\u00f6retagsnamn. Den enda begr\u00e4nsningen - som fastst\u00e4lls av telekombolagen - \u00e4r att avs\u00e4ndar-ID:t f\u00e5r best\u00e5 av h\u00f6gst 11 tecken.<\/p>\n<h3>Dialog med kunder via 2-v\u00e4gs l\u00f6sning<\/h3>\n<p>Med en 2-v\u00e4gsl\u00f6sning kan dina kunder svara p\u00e5 dina meddelanden och du f\u00e5r m\u00f6jlighet till en dialog med dina kunder. Exempelvis om en saknad reservdel, ett reparationserbjudande, en returnerad vara etc. H\u00e4rifr\u00e5n kan du ocks\u00e5 skicka ut anv\u00e4ndarunders\u00f6kningar till kunderna och kunderna kan anm\u00e4la sig till evenemang eller prenumerationer via s\u00e5 kallade KEYWORDS.<\/p>\n<h3>Hur du anm\u00e4ler dig<\/h3>\n<p>Med v\u00e5ra <a title=\"2-v\u00e4gs SMS, ta emot SMS p\u00e5 din dator\" href=\"https:\/\/suresms.com\/sv\/funktioner\/ta-emot-textmeddelanden-paa-din-dator\/\">2-v\u00e4gs SMS-l\u00f6sning <\/a>kunderna kan sj\u00e4lva anm\u00e4la sig till dina grupper\/listor. Vi erbjuder ocks\u00e5 en version d\u00e4r du s\u00e4tter upp en iPad i din butik s\u00e5 att kunderna sj\u00e4lva kan anm\u00e4la sig. Ett tredje alternativ \u00e4r att l\u00e4gga till en liten kod p\u00e5 er hemsida s\u00e5 att kunderna kan anm\u00e4la sig d\u00e4rifr\u00e5n.<\/p>\n<h3>Kom ig\u00e5ng p\u00e5 en g\u00e5ng<\/h3>\n<p>Om ett system \u00e4r r\u00e4tt f\u00f6r dig och om det ger valuta f\u00f6r pengarna kr\u00e4ver eftertanke. Men du kan komma ig\u00e5ng nu och se hur det fungerar, utan kostnad eller f\u00f6rpliktelser.<\/p>\n<p>Fyll i v\u00e5r l\u00e4nk f\u00f6r ett gratis testkonto p\u00e5 den h\u00e4r sidan och f\u00e5 50 gratis SMS. D\u00e5 kan du testa v\u00e5r SMS-gateway noggrant innan du fattar ett beslut.<\/p>\n<p>Om du v\u00e4ljer att bli kund hos oss \u00e4r kostnaden alltid endast per skickat SMS. Vi har inget abonnemang f\u00f6r v\u00e5r SMS Gateway. En 2-v\u00e4gs l\u00f6sning kostar dock ett m\u00e5nadsabonnemang.\u00a0<a title=\"Priser f\u00f6r SMS-gateway\" href=\"https:\/\/suresms.com\/sv\/sms-gateway-priser\/\">Se mer om priser och produkter h\u00e4r.<\/a><\/p>\n<p>&nbsp;<\/p>\n\t\t\t<p><a href=\"https:\/\/suresms.com\/wp-content\/uploads\/2015\/02\/norriq-logo-20x120-px.jpg\"><img loading=\"lazy\" decoding=\"async\" src=\"https:\/\/suresms.com\/wp-content\/uploads\/2015\/02\/norriq-logo-20x120-px.jpg\" alt=\"norriq logotyp 20x120 px\" width=\"200\" height=\"96\" \/><\/a><\/p>\n<p><em>\"Vi har anv\u00e4nt SureSMS f\u00f6r flera av v\u00e5ra kunder. SureSMS \u00e4r integrerat med v\u00e5rt kassasystem och ekonomisystem, s\u00e5 meddelandena skickas automatiskt till v\u00e5ra kunders kunder n\u00e4r ordern \u00e4r klar.<\/em><\/p>\n<p><em>SureSMS har alltid varit snabba med att hj\u00e4lpa nya kunder att komma ig\u00e5ng. N\u00e4r de v\u00e4l har kommit ig\u00e5ng pratar vi inte med dem l\u00e4ngre eftersom det aldrig uppst\u00e5r n\u00e5gra problem.<\/em><\/p>\n<p><em>En del av v\u00e5ra kunder skickar till utl\u00e4ndska nummer och det \u00e4r inte heller n\u00e5got problem.\"<\/em><\/p>\n<p><strong>S\u00f8ren Christensen,\u00a0<\/strong><strong>Norriq<\/strong><\/p>\n\t\t<h4>Skapa ett kostnadsfritt testkonto<\/h4>\n\t\t<p>Det tar bara 5 minuter. Kom ig\u00e5ng direkt och f\u00e5 <strong>100 gratis SMS-meddelanden<\/strong> utan n\u00e5gra f\u00f6rpliktelser.<\/p>\n\t\t\t<a href=\"https:\/\/suresms.com\/sv\/gratis-sms-testkonto\/\" target=\"_self\">\n\t\t\t\t\t\t\tSkapa testkonto\n\t\t\t\t\t<\/a>\n\t\t<h4>Best\u00e4ll en 2-v\u00e4gs l\u00f6sning!<\/h4>\n\t\t<p>Har du redan ett konto? Best\u00e4ll en 2-v\u00e4gsl\u00f6sning och f\u00e5 de extra alternativ som din egen l\u00f6sning erbjuder.<\/p>\n\t\t\t<a href=\"https:\/\/suresms.com\/sv\/bestall-2-vags-lossning\/\" target=\"_self\">\n\t\t\t\t\t\t\tBest\u00e4ll 2-v\u00e4gs l\u00f6sning\n\t\t\t\t\t<\/a>\n\t<p>&gt; Tillbaka till <a href=\"https:\/\/suresms.com\/sv\/urladdningar-av-grenar\/\">L\u00f6sningar f\u00f6r industrin<\/a><\/p>\n\t\t\t\t<a href=\"https:\/\/suresms.com\/sv\/sms-outlook-add\/\" target=\"_self\" itemprop=\"url\">\n\t\t\t\t<img loading=\"lazy\" decoding=\"async\" src=\"https:\/\/suresms.com\/wp-content\/uploads\/2016\/02\/facebook-Outlook-plugin-version-1.4-snippet-1.jpg\" alt=\"facebook Outlook plugin version 1.4 snippet\" itemprop=\"image\" height=\"630\" width=\"1200\" title=\"facebook Outlook plugin version 1.4 snippet\" onerror=\"this.style.display='none'\"  \/>\n\t\t\t\t<\/a>\n\t\t<h3><a href=\"https:\/\/suresms.com\/sv\/sms-outlook-add\/\" target=\"_self\">Outlook SMS Plugin Version 2.10<\/a><\/h3>V\u00e5rt SMS Add-in \u00e4r utformat speciellt f\u00f6r Outlook. Med en snabb installation av v\u00e5rt plugin f\u00e5r du en SMS- och grupp-SMS-avs\u00e4ndare inbyggd i din Outlook-meny med tillg\u00e5ng till dina Outlook-kontakter. Du har FULL DOKUMENTATION eftersom alla meddelanden sparas automatiskt. Enkel integration till andra system.<br \/>\nFlera nya alternativ f\u00f6r val av avs\u00e4ndar-ID. Anv\u00e4nd ditt f\u00f6retagsnamn eller v\u00e4lj ditt mobilnummer och f\u00e5 svar direkt till din mobil. Ska du ta emot svar i Outlook? Kontakta oss f\u00f6r en <a href=\"https:\/\/suresms.com\/sv\/funktioner\/ta-emot-textmeddelanden-paa-din-dator\/\">2-v\u00e4gs l\u00f6sning<\/a>.\n<p>&nbsp;<\/p>\n\n\t\t\t<a href=\"https:\/\/suresms.com\/sv\/sms-outlook-add\/\" target=\"_self\">\n\t\t\t\t\t\t\tMer om v\u00e5rt SMS Outlook Add-in\n\t\t\t\t\t<\/a>","protected":false},"excerpt":{"rendered":"<p>SMS f\u00f6r f\u00f6retag Har du ett bageri, en juvelerare, en cykelaff\u00e4r eller n\u00e5got helt annat? Vi har l\u00f6sningen f\u00f6r SMS till f\u00f6retag. M\u00e5nga av v\u00e5ra kunder \u00e4r butiker eller detaljhandelskedjor som skickar meddelanden till sina kunder. V\u00e5ra butiker anv\u00e4nder oss f\u00f6r att l\u00f6sa olika uppgifter: skicka ut erbjudanden och nyheter, registrera sig f\u00f6r nya kunder, ... <a title=\"SMS till butiker och aff\u00e4rer\" class=\"read-more\" href=\"https:\/\/suresms.com\/sv\/branchelosninger\/sms-til-forretninger\/\" aria-label=\"L\u00e4s mer om SMS till butiker och butiker\">L\u00e4s mer om det<\/a><\/p>","protected":false},"author":1,"featured_media":0,"parent":1654,"menu_order":3,"comment_status":"closed","ping_status":"closed","template":"","meta":{"_fl_builder_enabled":"1","_fl_builder_data":null,"_fl_builder_draft":null,"_fl_builder_data_settings":null,"_fl_builder_css":"","_fl_builder_css_version":"","_fl_builder_js":"","footnotes":""},"categories":[],"tags":[],"class_list":["post-903","page","type-page","status-publish"],"yoast_head":"<!-- This site is optimized with the Yoast SEO Premium plugin v27.3 (Yoast SEO v27.3) - https:\/\/yoast.com\/product\/yoast-seo-premium-wordpress\/ -->\r\n<title>SMS til forretninger. F\u00e5 en SMS l\u00f8sning til lige netop din forretning<\/title>\r\n<meta name=\"description\" content=\"S\u00e5dan f\u00e5r du online SMS til din forretning. L\u00e6s hvad du kan med en SMS gateway. Send p\u00e5mindelser &amp; personlige beskeder til kunder. Opret gratis Konto.\" \/>\r\n<meta name=\"robots\" content=\"index, follow, max-snippet:-1, max-image-preview:large, max-video-preview:-1\" \/>\r\n<link rel=\"canonical\" href=\"https:\/\/suresms.com\/sv\/urladdningar-av-grenar\/sms-for-foretag\/\" \/>\r\n<meta property=\"og:locale\" content=\"sv_SE\" \/>\r\n<meta property=\"og:type\" content=\"article\" \/>\r\n<meta property=\"og:title\" content=\"SMS til forretninger og butikker\" \/>\r\n<meta property=\"og:description\" content=\"S\u00e5dan f\u00e5r du online SMS til din forretning. L\u00e6s hvad du kan med en SMS gateway. Send p\u00e5mindelser &amp; personlige beskeder til kunder. Opret gratis Konto.\" \/>\r\n<meta property=\"og:url\" content=\"https:\/\/suresms.com\/sv\/urladdningar-av-grenar\/sms-for-foretag\/\" \/>\r\n<meta property=\"article:publisher\" content=\"https:\/\/www.facebook.com\/p\/SureSMS-100044607956149\/\" \/>\r\n<meta property=\"article:modified_time\" content=\"2025-01-05T00:15:18+00:00\" \/>\r\n<meta property=\"og:image\" content=\"https:\/\/suresms.com\/wp-content\/uploads\/2015\/02\/sms-til-butikker-snippet.jpg\" \/>\r\n\t<meta property=\"og:image:width\" content=\"400\" \/>\r\n\t<meta property=\"og:image:height\" content=\"267\" \/>\r\n\t<meta property=\"og:image:type\" content=\"image\/jpeg\" \/>\r\n<meta name=\"twitter:card\" content=\"summary_large_image\" \/>\r\n<meta name=\"twitter:label1\" content=\"Ber\u00e4knad l\u00e4stid\" \/>\n\t<meta name=\"twitter:data1\" content=\"4 minuter\" \/>\r\n<script type=\"application\/ld+json\" class=\"yoast-schema-graph\">{\"@context\":\"https:\\\/\\\/schema.org\",\"@graph\":[{\"@type\":\"WebPage\",\"@id\":\"https:\\\/\\\/suresms.com\\\/dk\\\/branchelosninger\\\/sms-til-forretninger\\\/\",\"url\":\"https:\\\/\\\/suresms.com\\\/dk\\\/branchelosninger\\\/sms-til-forretninger\\\/\",\"name\":\"SMS til forretninger. F\u00e5 en SMS l\u00f8sning til lige netop din forretning\",\"isPartOf\":{\"@id\":\"https:\\\/\\\/suresms.com\\\/en\\\/#website\"},\"primaryImageOfPage\":{\"@id\":\"https:\\\/\\\/suresms.com\\\/dk\\\/branchelosninger\\\/sms-til-forretninger\\\/#primaryimage\"},\"image\":{\"@id\":\"https:\\\/\\\/suresms.com\\\/dk\\\/branchelosninger\\\/sms-til-forretninger\\\/#primaryimage\"},\"thumbnailUrl\":\"https:\\\/\\\/suresms.com\\\/wp-content\\\/uploads\\\/2015\\\/02\\\/norriq-logo-20x120-px.jpg\",\"datePublished\":\"2015-02-10T13:43:06+00:00\",\"dateModified\":\"2025-01-05T00:15:18+00:00\",\"description\":\"S\u00e5dan f\u00e5r du online SMS til din forretning. L\u00e6s hvad du kan med en SMS gateway. Send p\u00e5mindelser & personlige beskeder til kunder. Opret gratis Konto.\",\"breadcrumb\":{\"@id\":\"https:\\\/\\\/suresms.com\\\/dk\\\/branchelosninger\\\/sms-til-forretninger\\\/#breadcrumb\"},\"inLanguage\":\"sv-SE\",\"potentialAction\":[{\"@type\":\"ReadAction\",\"target\":[\"https:\\\/\\\/suresms.com\\\/dk\\\/branchelosninger\\\/sms-til-forretninger\\\/\"]}]},{\"@type\":\"ImageObject\",\"inLanguage\":\"sv-SE\",\"@id\":\"https:\\\/\\\/suresms.com\\\/dk\\\/branchelosninger\\\/sms-til-forretninger\\\/#primaryimage\",\"url\":\"https:\\\/\\\/suresms.com\\\/wp-content\\\/uploads\\\/2015\\\/02\\\/norriq-logo-20x120-px.jpg\",\"contentUrl\":\"https:\\\/\\\/suresms.com\\\/wp-content\\\/uploads\\\/2015\\\/02\\\/norriq-logo-20x120-px.jpg\"},{\"@type\":\"BreadcrumbList\",\"@id\":\"https:\\\/\\\/suresms.com\\\/dk\\\/branchelosninger\\\/sms-til-forretninger\\\/#breadcrumb\",\"itemListElement\":[{\"@type\":\"ListItem\",\"position\":1,\"name\":\"Home\",\"item\":\"https:\\\/\\\/suresms.com\\\/dk\\\/\"},{\"@type\":\"ListItem\",\"position\":2,\"name\":\"Branchel\u00f8sninger\",\"item\":\"https:\\\/\\\/suresms.com\\\/dk\\\/branchelosninger\\\/\"},{\"@type\":\"ListItem\",\"position\":3,\"name\":\"SMS til forretninger og butikker\"}]},{\"@type\":\"WebSite\",\"@id\":\"https:\\\/\\\/suresms.com\\\/en\\\/#website\",\"url\":\"https:\\\/\\\/suresms.com\\\/en\\\/\",\"name\":\"SureSMS\",\"description\":\"Professionel SMS Gateway\",\"publisher\":{\"@id\":\"https:\\\/\\\/suresms.com\\\/en\\\/#organization\"},\"potentialAction\":[{\"@type\":\"SearchAction\",\"target\":{\"@type\":\"EntryPoint\",\"urlTemplate\":\"https:\\\/\\\/suresms.com\\\/en\\\/?s={search_term_string}\"},\"query-input\":{\"@type\":\"PropertyValueSpecification\",\"valueRequired\":true,\"valueName\":\"search_term_string\"}}],\"inLanguage\":\"sv-SE\"},{\"@type\":\"Organization\",\"@id\":\"https:\\\/\\\/suresms.com\\\/en\\\/#organization\",\"name\":\"SureSMS\",\"url\":\"https:\\\/\\\/suresms.com\\\/en\\\/\",\"logo\":{\"@type\":\"ImageObject\",\"inLanguage\":\"sv-SE\",\"@id\":\"https:\\\/\\\/suresms.com\\\/en\\\/#\\\/schema\\\/logo\\\/image\\\/\",\"url\":\"https:\\\/\\\/suresms.com\\\/wp-content\\\/uploads\\\/2024\\\/11\\\/suresms-300x65-1.png\",\"contentUrl\":\"https:\\\/\\\/suresms.com\\\/wp-content\\\/uploads\\\/2024\\\/11\\\/suresms-300x65-1.png\",\"width\":300,\"height\":65,\"caption\":\"SureSMS\"},\"image\":{\"@id\":\"https:\\\/\\\/suresms.com\\\/en\\\/#\\\/schema\\\/logo\\\/image\\\/\"},\"sameAs\":[\"https:\\\/\\\/www.facebook.com\\\/p\\\/SureSMS-100044607956149\\\/\"]}]}<\/script>\r\n<!-- \/ Yoast SEO Premium plugin. -->","yoast_head_json":{"title":"SMS f\u00f6r f\u00f6retag. F\u00e5 en SMS-l\u00f6sning f\u00f6r ditt f\u00f6retag","description":"S\u00e5 h\u00e4r f\u00e5r du SMS online f\u00f6r ditt f\u00f6retag. L\u00e4s vad du kan g\u00f6ra med en SMS-gateway. Skicka p\u00e5minnelser och personliga meddelanden till kunder. Skapa ett kostnadsfritt konto.","robots":{"index":"index","follow":"follow","max-snippet":"max-snippet:-1","max-image-preview":"max-image-preview:large","max-video-preview":"max-video-preview:-1"},"canonical":"https:\/\/suresms.com\/sv\/urladdningar-av-grenar\/sms-for-foretag\/","og_locale":"sv_SE","og_type":"article","og_title":"SMS til forretninger og butikker","og_description":"S\u00e5dan f\u00e5r du online SMS til din forretning. L\u00e6s hvad du kan med en SMS gateway. Send p\u00e5mindelser & personlige beskeder til kunder. Opret gratis Konto.","og_url":"https:\/\/suresms.com\/sv\/urladdningar-av-grenar\/sms-for-foretag\/","article_publisher":"https:\/\/www.facebook.com\/p\/SureSMS-100044607956149\/","article_modified_time":"2025-01-05T00:15:18+00:00","og_image":[{"width":400,"height":267,"url":"https:\/\/suresms.com\/wp-content\/uploads\/2015\/02\/sms-til-butikker-snippet.jpg","type":"image\/jpeg"}],"twitter_card":"summary_large_image","twitter_misc":{"Ber\u00e4knad l\u00e4stid":"4 minuter"},"schema":{"@context":"https:\/\/schema.org","@graph":[{"@type":"WebPage","@id":"https:\/\/suresms.com\/dk\/branchelosninger\/sms-til-forretninger\/","url":"https:\/\/suresms.com\/dk\/branchelosninger\/sms-til-forretninger\/","name":"SMS f\u00f6r f\u00f6retag. F\u00e5 en SMS-l\u00f6sning f\u00f6r ditt f\u00f6retag","isPartOf":{"@id":"https:\/\/suresms.com\/en\/#website"},"primaryImageOfPage":{"@id":"https:\/\/suresms.com\/dk\/branchelosninger\/sms-til-forretninger\/#primaryimage"},"image":{"@id":"https:\/\/suresms.com\/dk\/branchelosninger\/sms-til-forretninger\/#primaryimage"},"thumbnailUrl":"https:\/\/suresms.com\/wp-content\/uploads\/2015\/02\/norriq-logo-20x120-px.jpg","datePublished":"2015-02-10T13:43:06+00:00","dateModified":"2025-01-05T00:15:18+00:00","description":"S\u00e5 h\u00e4r f\u00e5r du SMS online f\u00f6r ditt f\u00f6retag. L\u00e4s vad du kan g\u00f6ra med en SMS-gateway. Skicka p\u00e5minnelser och personliga meddelanden till kunder. Skapa ett kostnadsfritt konto.","breadcrumb":{"@id":"https:\/\/suresms.com\/dk\/branchelosninger\/sms-til-forretninger\/#breadcrumb"},"inLanguage":"sv-SE","potentialAction":[{"@type":"ReadAction","target":["https:\/\/suresms.com\/dk\/branchelosninger\/sms-til-forretninger\/"]}]},{"@type":"ImageObject","inLanguage":"sv-SE","@id":"https:\/\/suresms.com\/dk\/branchelosninger\/sms-til-forretninger\/#primaryimage","url":"https:\/\/suresms.com\/wp-content\/uploads\/2015\/02\/norriq-logo-20x120-px.jpg","contentUrl":"https:\/\/suresms.com\/wp-content\/uploads\/2015\/02\/norriq-logo-20x120-px.jpg"},{"@type":"BreadcrumbList","@id":"https:\/\/suresms.com\/dk\/branchelosninger\/sms-til-forretninger\/#breadcrumb","itemListElement":[{"@type":"ListItem","position":1,"name":"Home","item":"https:\/\/suresms.com\/dk\/"},{"@type":"ListItem","position":2,"name":"Branchel\u00f8sninger","item":"https:\/\/suresms.com\/dk\/branchelosninger\/"},{"@type":"ListItem","position":3,"name":"SMS til forretninger og butikker"}]},{"@type":"WebSite","@id":"https:\/\/suresms.com\/en\/#website","url":"https:\/\/suresms.com\/en\/","name":"SureSMS","description":"Professionell SMS Gateway","publisher":{"@id":"https:\/\/suresms.com\/en\/#organization"},"potentialAction":[{"@type":"SearchAction","target":{"@type":"EntryPoint","urlTemplate":"https:\/\/suresms.com\/en\/?s={search_term_string}"},"query-input":{"@type":"PropertyValueSpecification","valueRequired":true,"valueName":"search_term_string"}}],"inLanguage":"sv-SE"},{"@type":"Organization","@id":"https:\/\/suresms.com\/en\/#organization","name":"SureSMS","url":"https:\/\/suresms.com\/en\/","logo":{"@type":"ImageObject","inLanguage":"sv-SE","@id":"https:\/\/suresms.com\/en\/#\/schema\/logo\/image\/","url":"https:\/\/suresms.com\/wp-content\/uploads\/2024\/11\/suresms-300x65-1.png","contentUrl":"https:\/\/suresms.com\/wp-content\/uploads\/2024\/11\/suresms-300x65-1.png","width":300,"height":65,"caption":"SureSMS"},"image":{"@id":"https:\/\/suresms.com\/en\/#\/schema\/logo\/image\/"},"sameAs":["https:\/\/www.facebook.com\/p\/SureSMS-100044607956149\/"]}]}},"_links":{"self":[{"href":"https:\/\/suresms.com\/sv\/wp-json\/wp\/v2\/pages\/903","targetHints":{"allow":["GET"]}}],"collection":[{"href":"https:\/\/suresms.com\/sv\/wp-json\/wp\/v2\/pages"}],"about":[{"href":"https:\/\/suresms.com\/sv\/wp-json\/wp\/v2\/types\/page"}],"author":[{"embeddable":true,"href":"https:\/\/suresms.com\/sv\/wp-json\/wp\/v2\/users\/1"}],"replies":[{"embeddable":true,"href":"https:\/\/suresms.com\/sv\/wp-json\/wp\/v2\/comments?post=903"}],"version-history":[{"count":5,"href":"https:\/\/suresms.com\/sv\/wp-json\/wp\/v2\/pages\/903\/revisions"}],"predecessor-version":[{"id":21048,"href":"https:\/\/suresms.com\/sv\/wp-json\/wp\/v2\/pages\/903\/revisions\/21048"}],"up":[{"embeddable":true,"href":"https:\/\/suresms.com\/sv\/wp-json\/wp\/v2\/pages\/1654"}],"wp:attachment":[{"href":"https:\/\/suresms.com\/sv\/wp-json\/wp\/v2\/media?parent=903"}],"wp:term":[{"taxonomy":"category","embeddable":true,"href":"https:\/\/suresms.com\/sv\/wp-json\/wp\/v2\/categories?post=903"},{"taxonomy":"post_tag","embeddable":true,"href":"https:\/\/suresms.com\/sv\/wp-json\/wp\/v2\/tags?post=903"}],"curies":[{"name":"wp","href":"https:\/\/api.w.org\/{rel}","templated":true}]}}