{"id":755,"date":"2014-12-17T20:12:52","date_gmt":"2014-12-17T18:12:52","guid":{"rendered":"https:\/\/www.suresms.com\/dk\/?page_id=755"},"modified":"2025-01-10T10:55:05","modified_gmt":"2025-01-10T10:55:05","slug":"sms-fusionsmeddelanden-for-grupper","status":"publish","type":"page","link":"https:\/\/suresms.com\/sv\/funktioner\/sms-fletning-af-beskeder-til-grupper\/","title":{"rendered":"SMS-sammanslagning av meddelanden till grupper"},"content":{"rendered":"<!-- Flexy Breadcrumb -->\r\n\t\t\t<div class=\"fbc fbc-page\">\r\n\r\n\t\t\t\t<!-- Breadcrumb wrapper -->\r\n\t\t\t\t<div class=\"fbc-wrap\">\r\n\r\n\t\t\t\t\t<!-- Ordered list-->\r\n\t\t\t\t\t<ol class=\"fbc-items\" itemscope itemtype=\"https:\/\/schema.org\/BreadcrumbList\">\r\n\t\t\t\t\t\t            <li itemprop=\"itemListElement\" itemscope itemtype=\"https:\/\/schema.org\/ListItem\">\r\n                <span itemprop=\"name\">\r\n                    <!-- Home Link -->\r\n                    <a itemprop=\"item\" href=\"https:\/\/suresms.com\/sv\/\">\r\n                    \r\n                                                    <i class=\"fa fa-home\" aria-hidden=\"true\"><\/i>Hem                    <\/a>\r\n                <\/span>\r\n                <meta itemprop=\"position\" content=\"1\" \/><!-- Meta Position-->\r\n             <\/li><li><span class=\"fbc-separator\">\/<\/span><\/li><li class=\"active\" itemprop=\"itemListElement\" itemscope itemtype=\"https:\/\/schema.org\/ListItem\"><span itemprop=\"name\" title=\"SMS-sammanslagning av meddelanden till grupper\">SMS-sammanslagning av meddelanden...<\/span><meta itemprop=\"position\" content=\"2\" \/><\/li>\t\t\t\t\t<\/ol>\r\n\t\t\t\t\t<div class=\"clearfix\"><\/div>\r\n\t\t\t\t<\/div>\r\n\t\t\t<\/div>\r\n\t\t\t\n<h1>\n\t\tFl\u00e4tning i meddelanden\n\t<\/h1>\n\t<p>Det \u00e4r enkelt och bekv\u00e4mt att skicka meddelanden till m\u00e5nga anv\u00e4ndare samtidigt, men hur ser du till att dina SMS fortfarande \u00e4r personliga?<\/p>\n<p>Som Sure SMS-anv\u00e4ndare kan du personalisera dina meddelanden genom att l\u00e4gga in mottagarens namn i sj\u00e4lva meddelandet. Det skapar en b\u00e4ttre kontakt och d\u00e4rmed en b\u00e4ttre relation med mottagaren, oavsett om det \u00e4r en anst\u00e4lld, en kund eller en potentiell anv\u00e4ndare av n\u00e5gon av dina produkter.<\/p>\n\t<ul>\n\t\t<li>\t\t\t\t\n\t\t<h3>Alternativ f\u00f6r b\u00e5de f\u00f6r- och efternamn<\/h3><p>Om du t.ex. har en grupp kunder som du skickar till kan du skapa dem efter f\u00f6rnamn och efternamn i SureSMS. N\u00e4r du skickar meddelanden kan du skriva en liten kod i meddelandet d\u00e4r f\u00f6rnamnet ska st\u00e5, t.ex. \"Hej , grattis p\u00e5 f\u00f6delsedagen\". Systemet kommer automatiskt att sl\u00e5 samman personens f\u00f6rnamn i det utrymme d\u00e4r koden \u00e4r skriven.<\/p><\/li><li>\t\t\t\t\n\t\t<h3>Sl\u00e5 samman andra f\u00e4lt<\/h3><p>Du har ocks\u00e5 m\u00f6jlighet att l\u00e4gga till dina egna v\u00e4rden. Det kan till exempel vara <br \/>Bilm\u00e4rke om du \u00e4r mekaniker<br \/>Klassnummer om du undervisar<br \/>Trapphus om det \u00e4r en bostadsr\u00e4ttsf\u00f6rening<\/p><\/li>\t<\/ul>\n<p><em>Du kan till exempel skriva \"Hej , grattis p\u00e5 f\u00f6delsedagen\". Systemet kommer automatiskt att sl\u00e5 samman personens f\u00f6rnamn i det utrymme d\u00e4r koden \u00e4r skriven.<\/em><\/p>\n<p>Beroende p\u00e5 vem som \u00e4r mottagare av meddelandet och vilken funktion meddelandet har kan du <strong>v\u00e4lj f\u00f6rnamn, efternamn eller fullst\u00e4ndigt namn<\/strong>.<\/p>\n<p>Vi har gjort en kort video om funktionen, som du kan se genom att f\u00f6lja l\u00e4nken p\u00e5 den h\u00e4r sidan.<\/p>\n\t\t<h3>Prova det NU!<\/h3>\n\t\t<p>Skapa ett kostnadsfritt testkonto nu och f\u00e5 50 gratis SMS. Inga f\u00f6rpliktelser<\/p>\n\t\t\t<a href=\"https:\/\/suresms.com\/sv\/gratis-sms-testkonto\/\" target=\"_self\">\n\t\t\t\t\t\t\tSkapa testkonto\n\t\t\t\t\t<\/a>\n\t\t\t\t\t<video src=\"https:\/\/suresms.com\/wp-content\/uploads\/2024\/10\/Dokumentation-Import-af-kontakter-til-adressebogen.mp4\" alt=\"hosted-video-thumbnail\"><\/video>\n\t<p><strong>Hur man enkelt sammanfogar namn i meddelanden<\/strong><\/p>\n<ol>\n<li>V\u00e4lj grupp<\/li>\n<li>Skriv ditt meddelande som vanligt i textf\u00e4ltet, men i st\u00e4llet f\u00f6r ett namn skriver du en kod.<\/li>\n<li>Tryck p\u00e5 skicka! Se detaljerade instruktioner och koder <a title=\"Manuell\" href=\"https:\/\/suresms.com\/sv\/dokument\/konto-3\/stationsnamn-3\/#___Flet_informationer_i_besked__\" target=\"_blank\" rel=\"noopener\">H\u00e4r!<\/a><\/li>\n<\/ol>\n<p><strong>Det \u00e4r viktigt att du kontrollerar att alla kontakter \u00e4r uppdaterade med r\u00e4tt f\u00f6r- och efternamn innan du anv\u00e4nder sammanslagningsfunktionen.\u00a0<\/strong><\/p>\n\t<h4><strong>H\u00e4r kan du l\u00e4sa n\u00e5gra exempel p\u00e5 hur v\u00e5ra kunder f\u00f6r n\u00e4rvarande anv\u00e4nder funktionen: \"Sl\u00e5 samman mottagarens namn i GroupSMS\"<\/strong><\/h4>\n\n<ul> \t\n<li>Ett sjukhus anv\u00e4nder SMS-fl\u00e4tning i ett forskningsprojekt. De skickar dagliga meddelanden till f\u00f6rs\u00f6ksdeltagarna med information, instruktioner f\u00f6r medicinering och dosering.<\/li>\n\n<li>En bilhandlare skickar automatiserade sms till kunder dagen efter att deras bil har reparerats. I SMS:et fr\u00e5gas om kundens upplevelse av processen. P\u00e5 s\u00e5 s\u00e4tt f\u00e5r bilhandlaren en snabb och effektiv utv\u00e4rdering av sin service.<\/li>\n\n<li>En viktkonsult anv\u00e4nder sammanslagningsfunktionen n\u00e4r han skickar SMS till medlemmarna. Personliga meddelanden med starka budskap \u00e4r mycket mer motiverande och har i allm\u00e4nhet st\u00f6rre genomslagskraft.<\/li>\n\n<li>Bland v\u00e5ra kunder som anv\u00e4nder sig av merge-funktionen finns ocks\u00e5 m\u00e5nga som egentligen inte skickar en stor m\u00e4ngd meddelanden, utan d\u00e4r namnen integreras i mer personliga meddelanden. Vi har till exempel f\u00f6retag som anv\u00e4nder den f\u00f6r att kalla till m\u00f6ten, precis som vi har en urmakare som anv\u00e4nder den f\u00f6r meddelanden om varor som ska h\u00e4mtas.<\/li>\n<\/ul>","protected":false},"excerpt":{"rendered":"<p>Fl\u00e4tar in meddelanden Det \u00e4r enkelt och bekv\u00e4mt att skicka meddelanden till m\u00e5nga anv\u00e4ndare samtidigt, men hur ser du till att dina SMS fortfarande \u00e4r personliga? Som anv\u00e4ndare av Sure SMS kan du g\u00f6ra dina meddelanden personliga genom att l\u00e4gga in mottagarens namn i sj\u00e4lva meddelandet. Detta skapar en ... <a title=\"SMS-sammanslagning av meddelanden till grupper\" class=\"read-more\" href=\"https:\/\/suresms.com\/sv\/funktioner\/sms-fletning-af-beskeder-til-grupper\/\" aria-label=\"L\u00e4s mer om SMS-sammanslagning av meddelanden till grupper\">L\u00e4s mer om det<\/a><\/p>","protected":false},"author":1,"featured_media":0,"parent":958,"menu_order":11,"comment_status":"closed","ping_status":"closed","template":"","meta":{"_fl_builder_enabled":"1","_fl_builder_data":null,"_fl_builder_draft":null,"_fl_builder_data_settings":null,"_fl_builder_css":"","_fl_builder_css_version":"","_fl_builder_js":"","footnotes":""},"categories":[17],"tags":[],"class_list":{"0":"post-755","1":"page","2":"type-page","3":"status-publish","5":"category-linkfracornorstone"},"yoast_head":"<!-- This site is optimized with the Yoast SEO Premium plugin v27.3 (Yoast SEO v27.3) - https:\/\/yoast.com\/product\/yoast-seo-premium-wordpress\/ -->\r\n<title>SMS fletning af beskeder til grupper<\/title>\r\n<meta name=\"description\" content=\"Du kan nemt g\u00f8re dine SMS beskeder personlige med SureSMS. Ved at bruge nogle simple koder, kan du g\u00f8re beskeden helt personlig. Se her hvordan.\" \/>\r\n<meta name=\"robots\" content=\"index, follow, max-snippet:-1, max-image-preview:large, max-video-preview:-1\" \/>\r\n<link rel=\"canonical\" href=\"https:\/\/suresms.com\/sv\/funktioner\/sms-fusionsmeddelanden-for-grupper\/\" \/>\r\n<meta property=\"og:locale\" content=\"sv_SE\" \/>\r\n<meta property=\"og:type\" content=\"article\" \/>\r\n<meta property=\"og:title\" content=\"SMS fletning af beskeder til grupper\" \/>\r\n<meta property=\"og:description\" content=\"Du kan nemt g\u00f8re dine SMS beskeder personlige med SureSMS. Ved at bruge nogle simple koder, kan du g\u00f8re beskeden helt personlig. Se her hvordan.\" \/>\r\n<meta property=\"og:url\" content=\"https:\/\/suresms.com\/sv\/funktioner\/sms-fusionsmeddelanden-for-grupper\/\" \/>\r\n<meta property=\"article:publisher\" content=\"https:\/\/www.facebook.com\/p\/SureSMS-100044607956149\/\" \/>\r\n<meta property=\"article:modified_time\" content=\"2025-01-10T10:55:05+00:00\" \/>\r\n<meta name=\"twitter:card\" content=\"summary_large_image\" \/>\r\n<meta name=\"twitter:label1\" content=\"Ber\u00e4knad l\u00e4stid\" \/>\n\t<meta name=\"twitter:data1\" content=\"3 minuter\" \/>\r\n<script type=\"application\/ld+json\" class=\"yoast-schema-graph\">{\"@context\":\"https:\\\/\\\/schema.org\",\"@graph\":[{\"@type\":\"WebPage\",\"@id\":\"https:\\\/\\\/suresms.com\\\/dk\\\/funktioner\\\/sms-fletning-af-beskeder-til-grupper\\\/\",\"url\":\"https:\\\/\\\/suresms.com\\\/dk\\\/funktioner\\\/sms-fletning-af-beskeder-til-grupper\\\/\",\"name\":\"SMS fletning af beskeder til grupper\",\"isPartOf\":{\"@id\":\"https:\\\/\\\/suresms.com\\\/en\\\/#website\"},\"datePublished\":\"2014-12-17T18:12:52+00:00\",\"dateModified\":\"2025-01-10T10:55:05+00:00\",\"description\":\"Du kan nemt g\u00f8re dine SMS beskeder personlige med SureSMS. Ved at bruge nogle simple koder, kan du g\u00f8re beskeden helt personlig. Se her hvordan.\",\"breadcrumb\":{\"@id\":\"https:\\\/\\\/suresms.com\\\/dk\\\/funktioner\\\/sms-fletning-af-beskeder-til-grupper\\\/#breadcrumb\"},\"inLanguage\":\"sv-SE\",\"potentialAction\":[{\"@type\":\"ReadAction\",\"target\":[\"https:\\\/\\\/suresms.com\\\/dk\\\/funktioner\\\/sms-fletning-af-beskeder-til-grupper\\\/\"]}]},{\"@type\":\"BreadcrumbList\",\"@id\":\"https:\\\/\\\/suresms.com\\\/dk\\\/funktioner\\\/sms-fletning-af-beskeder-til-grupper\\\/#breadcrumb\",\"itemListElement\":[{\"@type\":\"ListItem\",\"position\":1,\"name\":\"Home\",\"item\":\"https:\\\/\\\/suresms.com\\\/dk\\\/\"},{\"@type\":\"ListItem\",\"position\":2,\"name\":\"Funktioner\",\"item\":\"https:\\\/\\\/suresms.com\\\/dk\\\/funktioner\\\/\"},{\"@type\":\"ListItem\",\"position\":3,\"name\":\"SMS fletning af beskeder til grupper\"}]},{\"@type\":\"WebSite\",\"@id\":\"https:\\\/\\\/suresms.com\\\/en\\\/#website\",\"url\":\"https:\\\/\\\/suresms.com\\\/en\\\/\",\"name\":\"SureSMS\",\"description\":\"Professionel SMS Gateway\",\"publisher\":{\"@id\":\"https:\\\/\\\/suresms.com\\\/en\\\/#organization\"},\"potentialAction\":[{\"@type\":\"SearchAction\",\"target\":{\"@type\":\"EntryPoint\",\"urlTemplate\":\"https:\\\/\\\/suresms.com\\\/en\\\/?s={search_term_string}\"},\"query-input\":{\"@type\":\"PropertyValueSpecification\",\"valueRequired\":true,\"valueName\":\"search_term_string\"}}],\"inLanguage\":\"sv-SE\"},{\"@type\":\"Organization\",\"@id\":\"https:\\\/\\\/suresms.com\\\/en\\\/#organization\",\"name\":\"SureSMS\",\"url\":\"https:\\\/\\\/suresms.com\\\/en\\\/\",\"logo\":{\"@type\":\"ImageObject\",\"inLanguage\":\"sv-SE\",\"@id\":\"https:\\\/\\\/suresms.com\\\/en\\\/#\\\/schema\\\/logo\\\/image\\\/\",\"url\":\"https:\\\/\\\/suresms.com\\\/wp-content\\\/uploads\\\/2024\\\/11\\\/suresms-300x65-1.png\",\"contentUrl\":\"https:\\\/\\\/suresms.com\\\/wp-content\\\/uploads\\\/2024\\\/11\\\/suresms-300x65-1.png\",\"width\":300,\"height\":65,\"caption\":\"SureSMS\"},\"image\":{\"@id\":\"https:\\\/\\\/suresms.com\\\/en\\\/#\\\/schema\\\/logo\\\/image\\\/\"},\"sameAs\":[\"https:\\\/\\\/www.facebook.com\\\/p\\\/SureSMS-100044607956149\\\/\"]}]}<\/script>\r\n<!-- \/ Yoast SEO Premium plugin. -->","yoast_head_json":{"title":"SMS-sammanslagning av meddelanden till grupper","description":"Med SureSMS kan du enkelt personifiera dina SMS. Genom att anv\u00e4nda n\u00e5gra enkla koder kan du g\u00f6ra ditt meddelande personligt. Se hur du g\u00f6r h\u00e4r.","robots":{"index":"index","follow":"follow","max-snippet":"max-snippet:-1","max-image-preview":"max-image-preview:large","max-video-preview":"max-video-preview:-1"},"canonical":"https:\/\/suresms.com\/sv\/funktioner\/sms-fusionsmeddelanden-for-grupper\/","og_locale":"sv_SE","og_type":"article","og_title":"SMS fletning af beskeder til grupper","og_description":"Du kan nemt g\u00f8re dine SMS beskeder personlige med SureSMS. Ved at bruge nogle simple koder, kan du g\u00f8re beskeden helt personlig. Se her hvordan.","og_url":"https:\/\/suresms.com\/sv\/funktioner\/sms-fusionsmeddelanden-for-grupper\/","article_publisher":"https:\/\/www.facebook.com\/p\/SureSMS-100044607956149\/","article_modified_time":"2025-01-10T10:55:05+00:00","twitter_card":"summary_large_image","twitter_misc":{"Ber\u00e4knad l\u00e4stid":"3 minuter"},"schema":{"@context":"https:\/\/schema.org","@graph":[{"@type":"WebPage","@id":"https:\/\/suresms.com\/dk\/funktioner\/sms-fletning-af-beskeder-til-grupper\/","url":"https:\/\/suresms.com\/dk\/funktioner\/sms-fletning-af-beskeder-til-grupper\/","name":"SMS-sammanslagning av meddelanden till grupper","isPartOf":{"@id":"https:\/\/suresms.com\/en\/#website"},"datePublished":"2014-12-17T18:12:52+00:00","dateModified":"2025-01-10T10:55:05+00:00","description":"Med SureSMS kan du enkelt personifiera dina SMS. Genom att anv\u00e4nda n\u00e5gra enkla koder kan du g\u00f6ra ditt meddelande personligt. Se hur du g\u00f6r h\u00e4r.","breadcrumb":{"@id":"https:\/\/suresms.com\/dk\/funktioner\/sms-fletning-af-beskeder-til-grupper\/#breadcrumb"},"inLanguage":"sv-SE","potentialAction":[{"@type":"ReadAction","target":["https:\/\/suresms.com\/dk\/funktioner\/sms-fletning-af-beskeder-til-grupper\/"]}]},{"@type":"BreadcrumbList","@id":"https:\/\/suresms.com\/dk\/funktioner\/sms-fletning-af-beskeder-til-grupper\/#breadcrumb","itemListElement":[{"@type":"ListItem","position":1,"name":"Home","item":"https:\/\/suresms.com\/dk\/"},{"@type":"ListItem","position":2,"name":"Funktioner","item":"https:\/\/suresms.com\/dk\/funktioner\/"},{"@type":"ListItem","position":3,"name":"SMS fletning af beskeder til grupper"}]},{"@type":"WebSite","@id":"https:\/\/suresms.com\/en\/#website","url":"https:\/\/suresms.com\/en\/","name":"SureSMS","description":"Professionell SMS Gateway","publisher":{"@id":"https:\/\/suresms.com\/en\/#organization"},"potentialAction":[{"@type":"SearchAction","target":{"@type":"EntryPoint","urlTemplate":"https:\/\/suresms.com\/en\/?s={search_term_string}"},"query-input":{"@type":"PropertyValueSpecification","valueRequired":true,"valueName":"search_term_string"}}],"inLanguage":"sv-SE"},{"@type":"Organization","@id":"https:\/\/suresms.com\/en\/#organization","name":"SureSMS","url":"https:\/\/suresms.com\/en\/","logo":{"@type":"ImageObject","inLanguage":"sv-SE","@id":"https:\/\/suresms.com\/en\/#\/schema\/logo\/image\/","url":"https:\/\/suresms.com\/wp-content\/uploads\/2024\/11\/suresms-300x65-1.png","contentUrl":"https:\/\/suresms.com\/wp-content\/uploads\/2024\/11\/suresms-300x65-1.png","width":300,"height":65,"caption":"SureSMS"},"image":{"@id":"https:\/\/suresms.com\/en\/#\/schema\/logo\/image\/"},"sameAs":["https:\/\/www.facebook.com\/p\/SureSMS-100044607956149\/"]}]}},"_links":{"self":[{"href":"https:\/\/suresms.com\/sv\/wp-json\/wp\/v2\/pages\/755","targetHints":{"allow":["GET"]}}],"collection":[{"href":"https:\/\/suresms.com\/sv\/wp-json\/wp\/v2\/pages"}],"about":[{"href":"https:\/\/suresms.com\/sv\/wp-json\/wp\/v2\/types\/page"}],"author":[{"embeddable":true,"href":"https:\/\/suresms.com\/sv\/wp-json\/wp\/v2\/users\/1"}],"replies":[{"embeddable":true,"href":"https:\/\/suresms.com\/sv\/wp-json\/wp\/v2\/comments?post=755"}],"version-history":[{"count":5,"href":"https:\/\/suresms.com\/sv\/wp-json\/wp\/v2\/pages\/755\/revisions"}],"predecessor-version":[{"id":21398,"href":"https:\/\/suresms.com\/sv\/wp-json\/wp\/v2\/pages\/755\/revisions\/21398"}],"up":[{"embeddable":true,"href":"https:\/\/suresms.com\/sv\/wp-json\/wp\/v2\/pages\/958"}],"wp:attachment":[{"href":"https:\/\/suresms.com\/sv\/wp-json\/wp\/v2\/media?parent=755"}],"wp:term":[{"taxonomy":"category","embeddable":true,"href":"https:\/\/suresms.com\/sv\/wp-json\/wp\/v2\/categories?post=755"},{"taxonomy":"post_tag","embeddable":true,"href":"https:\/\/suresms.com\/sv\/wp-json\/wp\/v2\/tags?post=755"}],"curies":[{"name":"wp","href":"https:\/\/api.w.org\/{rel}","templated":true}]}}