{"id":748,"date":"2014-12-16T20:14:42","date_gmt":"2014-12-16T18:14:42","guid":{"rendered":"https:\/\/www.suresms.com\/dk\/?page_id=748"},"modified":"2024-11-24T17:03:16","modified_gmt":"2024-11-24T17:03:16","slug":"wilkaar","status":"publish","type":"page","link":"https:\/\/suresms.com\/sv\/politikker\/vilkaar\/","title":{"rendered":"Villkor och anvisningar"},"content":{"rendered":"<p><strong>I allm\u00e4nhet<\/strong><\/p>\n<ol>\n<li>Tillg\u00e5ng till och anv\u00e4ndning av SureSMS webbplats och programvara omfattas av f\u00f6ljande villkor och best\u00e4mmelser\u00a0<a href=\"https:\/\/suresms.com\/sv\/integritetspolicy\/\">Integritetspolicy<\/a>. Genom att anv\u00e4nda denna webbplats godk\u00e4nner du v\u00e5ra villkor och\u00a0<a href=\"https:\/\/suresms.com\/sv\/integritetspolicy\/\">Integritetspolicy<\/a>. Om du inte samtycker till f\u00f6ljande villkor eller v\u00e5r integritetspolicy m\u00e5ste du omedelbart sluta anv\u00e4nda tj\u00e4nsten och programvaran som tillhandah\u00e5lls av SureSMS.<\/li>\n<li>Genom att acceptera dessa villkor samtycker du till,\n<ul>\n<li>att en person som representerar SureSMS kan komma att kontakta dig via telefon, e-post eller SMS ang\u00e5ende den\/de tj\u00e4nst(er) du anv\u00e4nder.<\/li>\n<li>att en person som representerar SureSMS kan kontakta dig via telefon, e-post eller SMS ang\u00e5ende relaterade tj\u00e4nster.<\/li>\n<li>att SureSMS f\u00e5r anv\u00e4nda namnet p\u00e5 det f\u00f6retag du representerar f\u00f6r marknadsf\u00f6rings\u00e4ndam\u00e5l.<\/li>\n<li>att om du inte vill bli kontaktad kan du g\u00f6ra det p\u00e5 f\u00f6ljande s\u00e4tt\u00a0<a href=\"https:\/\/suresms.com\/sv\/kontakt\/\">h\u00e4r <\/a>avst\u00e5 fr\u00e5n ytterligare kontakt<\/li>\n<\/ul>\n<\/li>\n<li>Om du inte f\u00f6ljer samtliga av f\u00f6ljande villkor upph\u00f6r din r\u00e4tt till \u00e5tkomst omedelbart.<\/li>\n<li>Vi f\u00f6rbeh\u00e5ller oss r\u00e4tten att \u00e4ndra dessa villkor utan att meddela detta direkt. De \u00e4ndrade villkoren kommer att tr\u00e4da i kraft vid den tidpunkt som anges i dem. De kommer att finnas tillg\u00e4ngliga h\u00e4r p\u00e5 webbplatsen. Du uppmanas d\u00e4rf\u00f6r att l\u00e4sa dem regelbundet n\u00e4r du bes\u00f6ker webbplatsen. Din fortsatta anv\u00e4ndning av webbplatsen och programvara som utvecklats av SureSMS inneb\u00e4r att du har accepterat de nya anv\u00e4ndarvillkoren.<\/li>\n<li>SureSMS lagrar dina personuppgifter s\u00e5 l\u00e4nge som du \u00e4r anv\u00e4ndare i v\u00e5ra system. SureSMS lagrar dina personuppgifter i upp till fem \u00e5r. Som registrerad SureSMS-anv\u00e4ndare har du r\u00e4tt att inv\u00e4nda mot registreringen genom att skriva till info@suresms.com. Glen Mandsberg \u00e4r utsedd till personuppgiftsansvarig i SureSMS och relaterade bolag. Du kan n\u00e4r som helst be oss att radera dina uppgifter, beg\u00e4ra ut de uppgifter vi har om dig och be oss att r\u00e4tta fel och brister i dina personuppgifter.<\/li>\n<\/ol>\n<p><strong>V\u00e5r service<\/strong><\/p>\n<ol>\n<li>Vi erbjuder en tj\u00e4nst som g\u00f6r det m\u00f6jligt att anv\u00e4nda telefonbolagens n\u00e4t f\u00f6r att skicka och ta emot SMS fr\u00e5n mobiltelefoner.<\/li>\n<li>Priset f\u00f6r v\u00e5ra tj\u00e4nster beror p\u00e5 vilka funktioner du vill ha, vilket land du vill skicka till och vilken programvara du anv\u00e4nder f\u00f6r att skicka. Du kan n\u00e4r som helst f\u00e5 v\u00e5r aktuella prislista genom att skicka ett e-postmeddelande till <a href=\"mailto:info@suresms.com\">info@suresms.com<\/a>.<\/li>\n<li>SureSMS tillhandah\u00e5ller onlinehj\u00e4lp i form av en webbplats. Om supporten \u00e4r bemannad g\u00f6r vi v\u00e5rt b\u00e4sta f\u00f6r att svara p\u00e5 chattsupport. Du kan alltid be v\u00e5r supportpersonal om hj\u00e4lp genom att skriva ett e-postmeddelande till <a href=\"mailto:support@suresms.com\">support@suresms.com<\/a>.<\/li>\n<li>Vi str\u00e4var efter att ge dig obegr\u00e4nsad tillg\u00e5ng till webbplatsen och andra system. Vi kan dock inte garantera oavbruten tillg\u00e4nglighet till v\u00e5r tj\u00e4nst, p\u00e5 samma s\u00e4tt som telekombolag inte kan garantera leverans av SMS.<\/li>\n<li>Vi f\u00f6rbeh\u00e5ller oss r\u00e4tten att n\u00e4r som helst redigera, radera, ta bort, \u00e4ndra och f\u00f6rb\u00e4ttra all data, information och inneh\u00e5ll som visas p\u00e5 webbplatsen.<\/li>\n<\/ol>\n<p><strong>Till\u00e5ten anv\u00e4ndning<\/strong><\/p>\n<ol start=\"1\">\n<li>Du f\u00e5r inte anv\u00e4nda denna webbplats f\u00f6r olagligt, bedr\u00e4gligt eller o\u00e4rligt beteende.<\/li>\n<li>Du kan inte, med v\u00e5ra system, utge dig f\u00f6r att vara n\u00e5gon annan \u00e4n den du \u00e4r.<\/li>\n<li>Du f\u00e5r inte st\u00f6ra, avbryta eller l\u00e4gga en oproportionerlig b\u00f6rda p\u00e5 v\u00e5ra kommunikations- eller tekniska system, enligt v\u00e5r bed\u00f6mning.<\/li>\n<li>Du \u00e4r skyldig att f\u00f6lja lagarna i de l\u00e4nder som SMS skickas till. Du \u00e4r skyldig att skaffa dig information om dessa regler.<\/li>\n<li>SureSMS kan blockera ditt konto utan f\u00f6rvarning om det finns misstanke om missbruk av kontot f\u00f6r att skicka olagliga SMS-meddelanden. Du kommer att meddelas omedelbart om ditt konto blockeras.<\/li>\n<li>Om SureSMS st\u00e4lls inf\u00f6r krav p\u00e5 ers\u00e4ttning till f\u00f6ljd av missbruk av ditt konto kan SureSMS h\u00e5lla dig ansvarig f\u00f6r dessa krav<\/li>\n<\/ol>\n<p><strong>Immateriella r\u00e4ttigheter<\/strong><\/p>\n<ol>\n<li>Upphovsr\u00e4tten till data, inneh\u00e5ll och information som visas p\u00e5 v\u00e5r webbplats och tillh\u00f6rande programvarusystem tillh\u00f6r SureSMS. Du f\u00e5r skriva ut, kopiera, \u00f6verf\u00f6ra eller lagra utdrag av material och information som visas p\u00e5 webbplatsen f\u00f6r eget bruk.<\/li>\n<li>Om inte annat anges i dessa villkor f\u00e5r ingen av v\u00e5ra \u00e4gander\u00e4tter p\u00e5 och runt denna webbplats (data, inneh\u00e5ll, material och information som visas h\u00e4r) anv\u00e4ndas, kopieras, \u00e4ndras, publiceras, \u00f6verf\u00f6ras, s\u00e4ljas, h\u00e4rledas, omformas, reproduceras, omformateras och distribueras utan f\u00f6reg\u00e5ende tillst\u00e5nd fr\u00e5n SureSMS.<\/li>\n<\/ol>\n<p><strong>\u00c5sidos\u00e4ttande av v\u00e5rt ansvar<\/strong><\/p>\n<ol>\n<li>SureSMS kan inte h\u00e5llas ansvarigt f\u00f6r f\u00f6rluster som uppst\u00e5r i samband med anv\u00e4ndningen av denna webbplats eller relaterade programvaruprodukter. Detta inkluderar varken direkta eller indirekta f\u00f6rluster.<\/li>\n<li>SureSMS kan inte h\u00e5llas ansvarigt f\u00f6r konsekvenserna av utebliven leverans av SMS-meddelanden, eftersom ansvaret f\u00f6r detta ligger hos telekomf\u00f6retagen.<\/li>\n<\/ol>\n<p><strong>Ditt ansvar<\/strong><\/p>\n<ol>\n<li>Du b\u00f6r vidta alla n\u00f6dv\u00e4ndiga f\u00f6rsiktighets\u00e5tg\u00e4rder f\u00f6r att s\u00e4kerst\u00e4lla att de data, det inneh\u00e5ll, det material och den information som du bidrar med (inklusive\u00a0<em>anv\u00e4ndarinneh\u00e5ll<\/em>) inneh\u00e5ller inte virus, spionprogram, skadlig programvara eller n\u00e5got annat som kan ha en skadlig inverkan p\u00e5 denna webbplats, tredje parts webbplatser eller andra.<\/li>\n<li>Du m\u00e5ste genomf\u00f6ra en registrering f\u00f6r att kunna anv\u00e4nda denna webbplats. Ditt anv\u00e4ndarnamn och l\u00f6senord b\u00f6r h\u00e5llas konfidentiella f\u00f6r att undvika missbruk. Du \u00e4r ansvarig f\u00f6r aktiviteter som har \u00e4gt rum via ditt anv\u00e4ndarnamn.<\/li>\n<li>Du \u00e4r ansvarig f\u00f6r dina bidrag till denna webbplats och tillh\u00f6rande programvaruprodukter. Detta omfattar \u00e4ven inneh\u00e5llet i SMS-meddelanden och mottagare samt information om mottagare. Du m\u00e5ste garantera att ditt anv\u00e4ndarinneh\u00e5ll inte g\u00f6r intr\u00e5ng i tredje parts privata r\u00e4ttigheter, f\u00f6retagsr\u00e4ttigheter eller alternativa r\u00e4ttigheter (inklusive konfidentiell information).<\/li>\n<li>Du samtycker till att du kommer att h\u00e5llas ansvarig f\u00f6r alla skador, f\u00f6rluster, anspr\u00e5k, ol\u00e4genheter, kostnader som SureSMS kan \u00e5dra sig till f\u00f6ljd av din anv\u00e4ndning av webbplatsen och relaterade produkter.<\/li>\n<li>Om du vill inv\u00e4nda mot ber\u00e4kningarna p\u00e5 en faktura m\u00e5ste du g\u00f6ra det f\u00f6re fakturans betalningsdatum.<\/li>\n<\/ol>\n<p><strong>Avbokning<\/strong><\/p>\n<ol>\n<li>Du kan n\u00e4r som helst s\u00e4ga upp din prenumeration p\u00e5 SureSMS. Upps\u00e4gningstiden \u00e4r 0 (noll) dagar.<\/li>\n<li>Vi till\u00e4mpar en policy utan \u00e5terbetalning. Detta inneb\u00e4r att vi inte \u00e5terbetalar belopp som redan har fakturerats eller betalats. Du kan alltid anv\u00e4nda hela ditt saldo p\u00e5 ditt SureSMS-konto.<\/li>\n<li>Saldot p\u00e5 ditt SureSMS-konto upph\u00f6r inte att g\u00e4lla.<\/li>\n<li>Om du vill radera ditt konto helt f\u00f6rlorar du det insatta beloppet inklusive eventuella gratis SMS.<\/li>\n<\/ol>\n<p><strong>F\u00f6r\u00e4ndringar och uppdateringar<\/strong><\/p>\n<ol>\n<li>Vi kan komma att \u00e4ndra och uppdatera villkoren. Anv\u00e4ndning av webbplatsen efter uppdatering inneb\u00e4r godk\u00e4nnande av den uppdaterade versionen.<\/li>\n<li>Villkor och best\u00e4mmelser uppdaterades senast den 19 december 2017.<\/li>\n<\/ol>\n<p>&nbsp;<\/p>","protected":false},"excerpt":{"rendered":"<p>Allm\u00e4nt Tillg\u00e5ng till och anv\u00e4ndning av SureSMS webbplats och programvara omfattas av f\u00f6ljande villkor och sekretesspolicy. Genom att anv\u00e4nda den h\u00e4r webbplatsen godk\u00e4nner du v\u00e5ra villkor och v\u00e5r sekretesspolicy. Om du inte samtycker till f\u00f6ljande villkor eller v\u00e5r sekretesspolicy m\u00e5ste du omedelbart sluta anv\u00e4nda tj\u00e4nsten och ... <a title=\"Villkor och anvisningar\" class=\"read-more\" href=\"https:\/\/suresms.com\/sv\/politikker\/vilkaar\/\" aria-label=\"L\u00e4s mer om Villkor och best\u00e4mmelser\">L\u00e4s mer om det<\/a><\/p>","protected":false},"author":1,"featured_media":0,"parent":19124,"menu_order":22,"comment_status":"closed","ping_status":"closed","template":"","meta":{"_fl_builder_enabled":"1","_fl_builder_data":null,"_fl_builder_draft":null,"_fl_builder_data_settings":null,"_fl_builder_css":"","_fl_builder_css_version":"","_fl_builder_js":"","footnotes":""},"categories":[],"tags":[],"class_list":["post-748","page","type-page","status-publish"],"yoast_head":"<!-- This site is optimized with the Yoast SEO Premium plugin v27.3 (Yoast SEO v27.3) - https:\/\/yoast.com\/product\/yoast-seo-premium-wordpress\/ -->\r\n<title>Vilk\u00e5r og betingelser -<\/title>\r\n<meta name=\"robots\" content=\"index, follow, max-snippet:-1, max-image-preview:large, max-video-preview:-1\" \/>\r\n<link rel=\"canonical\" href=\"https:\/\/suresms.com\/sv\/funktioner-2\/wilkaar\/\" \/>\r\n<meta property=\"og:locale\" content=\"sv_SE\" \/>\r\n<meta property=\"og:type\" content=\"article\" \/>\r\n<meta property=\"og:title\" content=\"Vilk\u00e5r og betingelser\" \/>\r\n<meta property=\"og:description\" content=\"Generelt Adgangen og brugen af SureSMS hjemmeside og software sker med udgangspunkt i f\u00f8lgende vilk\u00e5r, betingelser og\u00a0persondatapolitik. Ved brug af denne hjemmeside erkl\u00e6rer du dig enig i vores vilk\u00e5r og betingelser og\u00a0persondatapolitik. Hvis du ikke er enig i de f\u00f8lgende vilk\u00e5r og betingelser eller vores persondatapolitik, skal du straks stoppe med at anvende service og ... L\u00e4s mer\" \/>\r\n<meta property=\"og:url\" content=\"https:\/\/suresms.com\/sv\/funktioner-2\/wilkaar\/\" \/>\r\n<meta property=\"article:publisher\" content=\"https:\/\/www.facebook.com\/p\/SureSMS-100044607956149\/\" \/>\r\n<meta property=\"article:modified_time\" content=\"2024-11-24T17:03:16+00:00\" \/>\r\n<meta name=\"twitter:card\" content=\"summary_large_image\" \/>\r\n<meta name=\"twitter:label1\" content=\"Ber\u00e4knad l\u00e4stid\" \/>\n\t<meta name=\"twitter:data1\" content=\"5 minuter\" \/>\r\n<script type=\"application\/ld+json\" class=\"yoast-schema-graph\">{\"@context\":\"https:\\\/\\\/schema.org\",\"@graph\":[{\"@type\":\"WebPage\",\"@id\":\"https:\\\/\\\/suresms.com\\\/politikker\\\/vilkaar\\\/\",\"url\":\"https:\\\/\\\/suresms.com\\\/politikker\\\/vilkaar\\\/\",\"name\":\"Vilk\u00e5r og betingelser -\",\"isPartOf\":{\"@id\":\"https:\\\/\\\/suresms.com\\\/en\\\/#website\"},\"datePublished\":\"2014-12-16T18:14:42+00:00\",\"dateModified\":\"2024-11-24T17:03:16+00:00\",\"breadcrumb\":{\"@id\":\"https:\\\/\\\/suresms.com\\\/politikker\\\/vilkaar\\\/#breadcrumb\"},\"inLanguage\":\"sv-SE\",\"potentialAction\":[{\"@type\":\"ReadAction\",\"target\":[\"https:\\\/\\\/suresms.com\\\/politikker\\\/vilkaar\\\/\"]}]},{\"@type\":\"BreadcrumbList\",\"@id\":\"https:\\\/\\\/suresms.com\\\/politikker\\\/vilkaar\\\/#breadcrumb\",\"itemListElement\":[{\"@type\":\"ListItem\",\"position\":1,\"name\":\"Home\",\"item\":\"https:\\\/\\\/suresms.com\\\/dk\\\/\"},{\"@type\":\"ListItem\",\"position\":2,\"name\":\"Politikker\",\"item\":\"https:\\\/\\\/suresms.com\\\/politikker\\\/\"},{\"@type\":\"ListItem\",\"position\":3,\"name\":\"Vilk\u00e5r og betingelser\"}]},{\"@type\":\"WebSite\",\"@id\":\"https:\\\/\\\/suresms.com\\\/en\\\/#website\",\"url\":\"https:\\\/\\\/suresms.com\\\/en\\\/\",\"name\":\"SureSMS\",\"description\":\"Professionel SMS Gateway\",\"publisher\":{\"@id\":\"https:\\\/\\\/suresms.com\\\/en\\\/#organization\"},\"potentialAction\":[{\"@type\":\"SearchAction\",\"target\":{\"@type\":\"EntryPoint\",\"urlTemplate\":\"https:\\\/\\\/suresms.com\\\/en\\\/?s={search_term_string}\"},\"query-input\":{\"@type\":\"PropertyValueSpecification\",\"valueRequired\":true,\"valueName\":\"search_term_string\"}}],\"inLanguage\":\"sv-SE\"},{\"@type\":\"Organization\",\"@id\":\"https:\\\/\\\/suresms.com\\\/en\\\/#organization\",\"name\":\"SureSMS\",\"url\":\"https:\\\/\\\/suresms.com\\\/en\\\/\",\"logo\":{\"@type\":\"ImageObject\",\"inLanguage\":\"sv-SE\",\"@id\":\"https:\\\/\\\/suresms.com\\\/en\\\/#\\\/schema\\\/logo\\\/image\\\/\",\"url\":\"https:\\\/\\\/suresms.com\\\/wp-content\\\/uploads\\\/2024\\\/11\\\/suresms-300x65-1.png\",\"contentUrl\":\"https:\\\/\\\/suresms.com\\\/wp-content\\\/uploads\\\/2024\\\/11\\\/suresms-300x65-1.png\",\"width\":300,\"height\":65,\"caption\":\"SureSMS\"},\"image\":{\"@id\":\"https:\\\/\\\/suresms.com\\\/en\\\/#\\\/schema\\\/logo\\\/image\\\/\"},\"sameAs\":[\"https:\\\/\\\/www.facebook.com\\\/p\\\/SureSMS-100044607956149\\\/\"]}]}<\/script>\r\n<!-- \/ Yoast SEO Premium plugin. -->","yoast_head_json":{"title":"Villkor och anvisningar","robots":{"index":"index","follow":"follow","max-snippet":"max-snippet:-1","max-image-preview":"max-image-preview:large","max-video-preview":"max-video-preview:-1"},"canonical":"https:\/\/suresms.com\/sv\/funktioner-2\/wilkaar\/","og_locale":"sv_SE","og_type":"article","og_title":"Vilk\u00e5r og betingelser","og_description":"Generelt Adgangen og brugen af SureSMS hjemmeside og software sker med udgangspunkt i f\u00f8lgende vilk\u00e5r, betingelser og\u00a0persondatapolitik. Ved brug af denne hjemmeside erkl\u00e6rer du dig enig i vores vilk\u00e5r og betingelser og\u00a0persondatapolitik. Hvis du ikke er enig i de f\u00f8lgende vilk\u00e5r og betingelser eller vores persondatapolitik, skal du straks stoppe med at anvende service og ... L\u00e4s mer","og_url":"https:\/\/suresms.com\/sv\/funktioner-2\/wilkaar\/","article_publisher":"https:\/\/www.facebook.com\/p\/SureSMS-100044607956149\/","article_modified_time":"2024-11-24T17:03:16+00:00","twitter_card":"summary_large_image","twitter_misc":{"Ber\u00e4knad l\u00e4stid":"5 minuter"},"schema":{"@context":"https:\/\/schema.org","@graph":[{"@type":"WebPage","@id":"https:\/\/suresms.com\/politikker\/vilkaar\/","url":"https:\/\/suresms.com\/politikker\/vilkaar\/","name":"Villkor och anvisningar","isPartOf":{"@id":"https:\/\/suresms.com\/en\/#website"},"datePublished":"2014-12-16T18:14:42+00:00","dateModified":"2024-11-24T17:03:16+00:00","breadcrumb":{"@id":"https:\/\/suresms.com\/politikker\/vilkaar\/#breadcrumb"},"inLanguage":"sv-SE","potentialAction":[{"@type":"ReadAction","target":["https:\/\/suresms.com\/politikker\/vilkaar\/"]}]},{"@type":"BreadcrumbList","@id":"https:\/\/suresms.com\/politikker\/vilkaar\/#breadcrumb","itemListElement":[{"@type":"ListItem","position":1,"name":"Home","item":"https:\/\/suresms.com\/dk\/"},{"@type":"ListItem","position":2,"name":"Politikker","item":"https:\/\/suresms.com\/politikker\/"},{"@type":"ListItem","position":3,"name":"Vilk\u00e5r og betingelser"}]},{"@type":"WebSite","@id":"https:\/\/suresms.com\/en\/#website","url":"https:\/\/suresms.com\/en\/","name":"SureSMS","description":"Professionell SMS Gateway","publisher":{"@id":"https:\/\/suresms.com\/en\/#organization"},"potentialAction":[{"@type":"SearchAction","target":{"@type":"EntryPoint","urlTemplate":"https:\/\/suresms.com\/en\/?s={search_term_string}"},"query-input":{"@type":"PropertyValueSpecification","valueRequired":true,"valueName":"search_term_string"}}],"inLanguage":"sv-SE"},{"@type":"Organization","@id":"https:\/\/suresms.com\/en\/#organization","name":"SureSMS","url":"https:\/\/suresms.com\/en\/","logo":{"@type":"ImageObject","inLanguage":"sv-SE","@id":"https:\/\/suresms.com\/en\/#\/schema\/logo\/image\/","url":"https:\/\/suresms.com\/wp-content\/uploads\/2024\/11\/suresms-300x65-1.png","contentUrl":"https:\/\/suresms.com\/wp-content\/uploads\/2024\/11\/suresms-300x65-1.png","width":300,"height":65,"caption":"SureSMS"},"image":{"@id":"https:\/\/suresms.com\/en\/#\/schema\/logo\/image\/"},"sameAs":["https:\/\/www.facebook.com\/p\/SureSMS-100044607956149\/"]}]}},"_links":{"self":[{"href":"https:\/\/suresms.com\/sv\/wp-json\/wp\/v2\/pages\/748","targetHints":{"allow":["GET"]}}],"collection":[{"href":"https:\/\/suresms.com\/sv\/wp-json\/wp\/v2\/pages"}],"about":[{"href":"https:\/\/suresms.com\/sv\/wp-json\/wp\/v2\/types\/page"}],"author":[{"embeddable":true,"href":"https:\/\/suresms.com\/sv\/wp-json\/wp\/v2\/users\/1"}],"replies":[{"embeddable":true,"href":"https:\/\/suresms.com\/sv\/wp-json\/wp\/v2\/comments?post=748"}],"version-history":[{"count":1,"href":"https:\/\/suresms.com\/sv\/wp-json\/wp\/v2\/pages\/748\/revisions"}],"predecessor-version":[{"id":19133,"href":"https:\/\/suresms.com\/sv\/wp-json\/wp\/v2\/pages\/748\/revisions\/19133"}],"up":[{"embeddable":true,"href":"https:\/\/suresms.com\/sv\/wp-json\/wp\/v2\/pages\/19124"}],"wp:attachment":[{"href":"https:\/\/suresms.com\/sv\/wp-json\/wp\/v2\/media?parent=748"}],"wp:term":[{"taxonomy":"category","embeddable":true,"href":"https:\/\/suresms.com\/sv\/wp-json\/wp\/v2\/categories?post=748"},{"taxonomy":"post_tag","embeddable":true,"href":"https:\/\/suresms.com\/sv\/wp-json\/wp\/v2\/tags?post=748"}],"curies":[{"name":"wp","href":"https:\/\/api.w.org\/{rel}","templated":true}]}}