{"id":602,"date":"2014-11-12T16:16:06","date_gmt":"2014-11-12T14:16:06","guid":{"rendered":"https:\/\/www.suresms.com\/dk\/?page_id=602"},"modified":"2024-12-06T12:48:59","modified_gmt":"2024-12-06T12:48:59","slug":"sms-insticksprogram","status":"publish","type":"page","link":"https:\/\/suresms.com\/sv\/sms-gateway-professionelle-sms-losninger\/ikke-navigerbare-sider-suresms-com-parent\/sms-plugins\/","title":{"rendered":"Insticksprogram f\u00f6r SMS"},"content":{"rendered":"<img loading=\"lazy\" decoding=\"async\" src=\"https:\/\/www.suresms.com\/dk\/wp-content\/uploads\/2014\/10\/Funktioner-Udviklere-Menu-200x50-pix.jpg\" alt=\"Egenskaper och funktioner utvecklare API SureSMS\" itemprop=\"image\" height=\"50\" width=\"200\" title=\"Funktioner Utvecklare Meny\" onerror=\"this.style.display='none'\">\n\t<p>&lt; Tillbaka till <a title=\"Egenskaper och funktioner\" href=\"https:\/\/suresms.com\/sv\/funktioner\/\">Egenskaper och funktioner<\/a><\/p>\n\t\t<h3>Prova det NU!<\/h3>\n\t\t<p>Skapa ett kostnadsfritt testkonto nu och f\u00e5 50 gratis SMS. Inga f\u00f6rpliktelser<\/p>\n\t\t\t<a href=\"https:\/\/suresms.com\/sv\/gratis-sms-testkonto\/\" target=\"_self\" role=\"button\" rel=\"noopener\">\n\t\t\t\t\t\t\tSkapa testkonto\n\t\t\t\t\t<\/a>\n\t<h1>SMS plugin<\/h1>\n<p>Denna sida inneh\u00e5ller SMS-plugins gjorda av eller f\u00f6r SureSMS. Det finns SMS plugins som \u00e4r gjorda av SureSMS samt andra som kan anv\u00e4ndas av SureSMS.<\/p>\n<p>Vi l\u00e4gger regelbundet till nya plugins, s\u00e5 h\u00e5ll ett \u00f6ga p\u00e5 den h\u00e4r sidan f\u00f6r att se de senaste till\u00e4ggen.<\/p>\n<h3>Vad \u00e4r ett plugin?<\/h3>\n<p>Ett plugin \u00e4r en slags f\u00f6rl\u00e4ngning eller till\u00e4gg till din standardinstallation eller ditt system. N\u00e4r vi p\u00e5 SureSMS skapar plug-ins eller add-ins, som de kallas f\u00f6r Outlook till exempel, \u00e4r det vanligtvis ett till\u00e4gg till ett system s\u00e5 att du kan integrera v\u00e5r SMS-tj\u00e4nst i systemet. S\u00e5 en Plugin eller Add-in \u00e4r ett till\u00e4gg.<\/p>\n<h3>Alla insticksprogram \u00e4r gratis<\/h3>\n<p>Fr\u00e5n b\u00f6rjan har vi fattat ett beslut om att alla plugins vi g\u00f6r \u00e4r gratis. Det betyder att du inte beh\u00f6ver betala f\u00f6r att installera dem eller anv\u00e4nda dem. Det \u00e4r en gratistj\u00e4nst fr\u00e5n SureSMS till v\u00e5ra kunder.<\/p>\n<h3>Ladda ner plugins direkt fr\u00e5n Outlook eller WordPress<\/h3>\n<p>N\u00e4r vi skapar plugins ser vi till att de utformas i enlighet med de riktlinjer som standardapplikationerna ger. D\u00e4rf\u00f6r kan v\u00e5ra plugins ocks\u00e5 laddas ner direkt fr\u00e5n de applikationer som de \u00e4r avsedda f\u00f6r. I praktiken inneb\u00e4r det att v\u00e5rt Plugin f\u00f6r WordPress kan laddas ner direkt fr\u00e5n Plugin-\u00f6versikten, precis som v\u00e5rt Add-in kan laddas ner direkt fr\u00e5n Outlook.<\/p>\n<h3>Skaffa ett konto f\u00f6rst<\/h3>\n<p>F\u00f6r alla plugins beh\u00f6ver du ett konto att registrera dig med n\u00e4r du installerar det nya pluginet. SureSMS tillhandah\u00e5ller ett s\u00e5dant konto snabbt, enkelt och kostnadsfritt.<\/p>\n<p>Du skapar ett gratis konto genom att fylla i formul\u00e4ret p\u00e5 den h\u00e4r sidan. N\u00e4r du har skickat in dina uppgifter skickar vi dig ett e-postmeddelande med den information du beh\u00f6ver f\u00f6r att aktivera ditt plugin. Det finns inga kostnader f\u00f6r att skapa ett konto och det finns inga villkor kopplade till v\u00e5rt SMS Gateway-konto.<\/p>\n\t\t\t\t<a href=\"https:\/\/suresms.com\/sv\/sms-outlook-add\/\" target=\"_self\" itemprop=\"url\" rel=\"noopener\">\n\t\t\t\t<img loading=\"lazy\" decoding=\"async\" src=\"https:\/\/www.suresms.com\/dk\/wp-content\/uploads\/2016\/06\/SureSMS-sms-Outlook-Add-in.png\" alt=\"SureSMS sms Outlook-till\u00e4gg\" itemprop=\"image\" height=\"250\" width=\"400\" title=\"SureSMS sms Outlook-till\u00e4gg\" onerror=\"this.style.display='none'\">\n\t\t\t\t<\/a>\n\t\t<h3><a href=\"https:\/\/suresms.com\/sv\/sms-outlook-add\/\" target=\"_self\" rel=\"noopener\">Outlook SMS till\u00e4gg<\/a><\/h3>\t\t\n\t\t\t<p>V\u00e5rt Outlook Add-in inneh\u00e5ller en knapp i menyraden s\u00e5 att du kan skicka SMS direkt fr\u00e5n din Outlook-brevl\u00e5da. Du best\u00e4mmer sj\u00e4lv fr\u00e5n vilket mobilnummer och i vilken mapp meddelandena ska sparas. Perfekt f\u00f6r dokumentation och journalf\u00f6ring med ditt system.<\/p>\n<p>L\u00e4s <a href=\"https:\/\/suresms.com\/sv\/sms-outlook-add\/\">Mer om SMS Outlook Add-in fr\u00e5n SureSMS<\/a> H\u00e4r.<\/p>\n<p>Du kan snabbt skapa ett konto n\u00e4r du laddar ner v\u00e5rt Add-in. Prova v\u00e5rt Add-in och f\u00e5 50 gratis SMS med ditt testkonto.<\/p>\n\t\t\t<a href=\"https:\/\/suresms.com\/sv\/sms-outlook-add\/\" target=\"_self\" role=\"button\" rel=\"noopener\">\n\t\t\t\t\t\t\tOM SureSMS Outlook Add in\n\t\t\t\t\t<\/a>\n\t\t\t\t<a href=\"https:\/\/suresms.com\/sv\/sms-insticksprogram\/wordpress-sms-plugin\/\" target=\"_self\" itemprop=\"url\" rel=\"noopener\">\n\t\t\t\t<img loading=\"lazy\" decoding=\"async\" src=\"https:\/\/www.suresms.com\/dk\/wp-content\/uploads\/2014\/11\/SMS-plugin-Suresms-til-WordPress-2.jpg\" alt=\"SMS-plugin Suresms f\u00f6r WordPress\" itemprop=\"image\" height=\"250\" width=\"400\" title=\"SMS-plugin Suresms f\u00f6r WordPress\" onerror=\"this.style.display='none'\">\n\t\t\t\t<\/a>\n\t\t<h3><a href=\"https:\/\/suresms.com\/sv\/sms-insticksprogram\/wordpress-sms-plugin\/\" target=\"_self\" rel=\"noopener\">WordPress SMS plugin<\/a><\/h3>\t\t\n\t\t\t<p>V\u00e5rt WP-plugin inneh\u00e5ller en widget som du kan placera p\u00e5 din webbplats s\u00e5 att dina bes\u00f6kare kan skicka SMS d\u00e4rifr\u00e5n. Du kan definiera en sidfot i SMS-meddelandet s\u00e5 att du f\u00e5r en annons n\u00e4r folk skickar meddelanden fr\u00e5n din webbplats. En fantastisk service f\u00f6r dina kunder och marknadsf\u00f6ring i en enda l\u00f6sning.<\/p>\n<p>L\u00e4s <a href=\"https:\/\/suresms.com\/sv\/sms-insticksprogram\/wordpress-sms-plugin\/\">mer om SMS WordPress Plugin<\/a>&nbsp;H\u00e4r.<\/p>\n<p>F\u00f6r att det ska fungera m\u00e5ste du fylla i ditt anv\u00e4ndarnamn och l\u00f6senord. Skapa ett kostnadsfritt konto via l\u00e4nken h\u00e4r. Vi skickar dina inloggningsuppgifter inom 5 minuter.<\/p>\n\t\t\t<a href=\"https:\/\/suresms.com\/sv\/sms-insticksprogram\/wordpress-sms-plugin\/\" target=\"_self\" role=\"button\" rel=\"noopener\">\n\t\t\t\t\t\t\tOm SMS WordPress plugin\n\t\t\t\t\t<\/a>\n\t\t\t\t<a href=\"https:\/\/suresms.com\/sv\/woocommerce-sms-losning\/\" target=\"_self\" itemprop=\"url\" rel=\"noopener\">\n\t\t\t\t<img loading=\"lazy\" decoding=\"async\" src=\"https:\/\/www.suresms.com\/dk\/wp-content\/uploads\/2014\/11\/SMS-til-WooCommerce-call-out.jpg\" alt=\"SMS till WooCommerce-utrop\" itemprop=\"image\" height=\"250\" width=\"400\" title=\"SMS till WooCommerce-utrop\" onerror=\"this.style.display='none'\">\n\t\t\t\t<\/a>\n\t\t<h3><a href=\"https:\/\/suresms.com\/sv\/woocommerce-sms-losning\/\" target=\"_self\" rel=\"noopener\">WooCommerce SMS Plugin<\/a><\/h3>\t\t\n\t\t\t<p>I samarbete med SureSMS har Rommel.dk skapat ett plugin f\u00f6r WooCommerce. WooCommerce \u00e4r den mest anv\u00e4nda webbshopsplattformen i v\u00e4rlden.<\/p>\n<p>Med detta plugin kan du automatiskt skicka SMS till dina kunder n\u00e4r n\u00e5got h\u00e4nder med deras order. Till exempel n\u00e4r ordern har skickats eller om du beh\u00f6ver st\u00e4lla en fr\u00e5ga om ordern.<\/p>\n<p><a href=\"https:\/\/suresms.com\/sv\/woocommerce-sms-losning\/\">L\u00e4s mer om WooCommerce plugin h\u00e4r.<\/a><\/p>\n<p>F\u00f6r att det ska fungera m\u00e5ste du fylla i ditt anv\u00e4ndarnamn och l\u00f6senord. Skapa ett kostnadsfritt konto via l\u00e4nken h\u00e4r. Vi skickar dina inloggningsuppgifter inom 5 minuter.<\/p>\n\t\t\t<a href=\"https:\/\/suresms.com\/sv\/woocommerce-sms-losning\/\" target=\"_self\" role=\"button\" rel=\"noopener\">\n\t\t\t\t\t\t\tOm WooCommerce plugin\n\t\t\t\t\t<\/a>\n\t\t\t\t<a href=\"https:\/\/suresms.com\/sv\/joomla-sms-losning\/\" target=\"_self\" itemprop=\"url\" rel=\"noopener\">\n\t\t\t\t<img loading=\"lazy\" decoding=\"async\" src=\"https:\/\/www.suresms.com\/dk\/wp-content\/uploads\/2014\/11\/joomla.jpg\" alt=\"joomla\" itemprop=\"image\" height=\"124\" width=\"124\" title=\"joomla\" onerror=\"this.style.display='none'\">\n\t\t\t\t<\/a>\n\t\t<h3><a href=\"https:\/\/suresms.com\/sv\/joomla-sms-losning\/\" target=\"_self\" rel=\"noopener\">Joomla SMS Plugin<\/a><\/h3>\t\t\n\t\t\t<p>SureSMS \u00e4r en av favoriterna bland SMS gateways i AcySMS. Acyba har skapat en Joomla plugin som g\u00f6r det m\u00f6jligt att skicka nyhetsbrev, erbjudanden, orderstatus och mycket mer via SMS fr\u00e5n Joomla.<\/p>\n<p><a href=\"https:\/\/suresms.com\/sv\/joomla-sms-losning\/\">L\u00e4s mer om Joomla plugin h\u00e4r.<\/a><\/p>\n<p>Som den enda danska SMS-gatewayen erbjuder SureSMS \u00e4ven SMS-mottagning i AcySMS och Joomla.<\/p>\n\t\t\t<a href=\"https:\/\/suresms.com\/sv\/joomla-sms-losning\/\" target=\"_self\" role=\"button\" rel=\"noopener\">\n\t\t\t\t\t\t\tOm Joomla Plugin\n\t\t\t\t\t<\/a>\n\t\t<h4>Vill du skapa ett konto omedelbart? <\/h4>\n\t\t<p>Vi \u00e4r redo och v\u00e4ntar p\u00e5 att f\u00e5 v\u00e4lkomna dig som kund hos SureSMS!<\/p>\n\t\t\t<a href=\"https:\/\/suresms.com\/sv\/skapa-sms-gateway-konto\/\" target=\"_self\" role=\"button\" rel=\"noopener\">\n\t\t\t\t\t\t\tSkapa ett SureSMS-konto!\n\t\t\t\t\t<\/a>\n\t\t<h4>Best\u00e4ll en 2-v\u00e4gs l\u00f6sning!<\/h4>\n\t\t<p>Har du redan ett konto? Best\u00e4ll en 2-v\u00e4gsl\u00f6sning och f\u00e5 de extra alternativ som din egen l\u00f6sning erbjuder.&nbsp;<\/p>\n\t\t\t<a href=\"https:\/\/suresms.com\/sv\/bestall-2-vags-lossning\/\" target=\"_self\" role=\"button\" rel=\"noopener\">\n\t\t\t\t\t\t\tBest\u00e4ll 2-v\u00e4gs l\u00f6sning\n\t\t\t\t\t<\/a>\n\t<h4><strong>H\u00e4r kan du l\u00e4sa ett exempel p\u00e5 hur v\u00e5ra kunder anv\u00e4nder SMS2SMS idag<\/strong><\/h4>\n<ul>\n<li>Vi utvecklade v\u00e5r SMS2SMS-l\u00f6sning f\u00f6r en dansk arkitektfirma som ville ha en SMS-l\u00f6sning som kunde anv\u00e4ndas i deras byggprojekt. L\u00f6sningen skulle underl\u00e4tta kommunikationen och g\u00f6ra det m\u00f6jligt f\u00f6r entrepren\u00f6rer och underleverant\u00f6rer att kommunicera med de boende om hur byggprojekten fortskrider, erbjudanden med mera. Samtidigt ville arkitektfirman ha en l\u00f6sning d\u00e4r de boende sj\u00e4lva kunde anm\u00e4la sig till informationsfl\u00f6det.&nbsp; <strong>SureSMS utvecklade SMS2SMS-produkten f\u00f6r arkitekter<\/strong>. Vem som helst kan skicka information till l\u00f6sningen via ett enda SMS och inv\u00e5narna kan anm\u00e4la sig till den via nyckelord.<\/li>\n<\/ul>\n<p>&nbsp;<\/p>\n\t\t\t\t<a href=\"https:\/\/manual.suresms.com\/\" target=\"_self\" itemprop=\"url\" rel=\"noopener\">\n\t\t\t\t<img loading=\"lazy\" decoding=\"async\" src=\"https:\/\/www.suresms.com\/dk\/wp-content\/uploads\/bb-plugin\/cache\/Manual-400x250-px1-panorama.jpg\" alt=\"manuell webbplats suresms\" itemprop=\"image\" height=\"250\" width=\"400\" title=\"Manual 400x250 px\" onerror=\"this.style.display='none'\">\n\t\t\t\t<\/a>\n<h3><a href=\"https:\/\/manual.suresms.com\/\" target=\"_self\" rel=\"noopener\">Bes\u00f6k v\u00e5r Manual-webbplats<\/a><\/h3>\t\t\n\t\t\t<p>F\u00f6r att hj\u00e4lpa v\u00e5ra kunder har vi samlat alla instruktioner och beskrivningar p\u00e5 manual.suresms.com. H\u00e4r kan du se hur v\u00e5r gateway fungerar och f\u00e5 enkla anv\u00e4ndarv\u00e4nliga instruktioner f\u00f6r de m\u00e5nga funktionerna.&nbsp;<\/p>\n\t\t\t\t<a href=\"https:\/\/developer.suresms.com\/\" target=\"_self\" itemprop=\"url\" rel=\"noopener\">\n\t\t\t\t<img loading=\"lazy\" decoding=\"async\" src=\"https:\/\/www.suresms.com\/dk\/wp-content\/uploads\/bb-plugin\/cache\/developer-400x250-px-panorama.jpg\" alt=\"utvecklare suresms webbplats f\u00f6r utvecklare\" itemprop=\"image\" height=\"250\" width=\"400\" title=\"utvecklare 400x250 px\" onerror=\"this.style.display='none'\">\n\t\t\t\t<\/a>\n<h3><a href=\"https:\/\/developer.suresms.com\/\" target=\"_self\" rel=\"noopener\">utvecklare.suresms.com <\/a><\/h3>\t\t\n\t\t\t<p>SureSMS \u00e4r gjort av utvecklare f\u00f6r utvecklare!<br \/>P\u00e5 developer.suresms.com har vi samlat dokumentation och kodexempel f\u00f6r att g\u00f6ra det enkelt att integrera v\u00e5r gateway i ditt system.<\/p>\n\t\t\t\t<a href=\"https:\/\/www.youtube.com\/channel\/UC1XGC5rl9mI9ndtBVn8yq7g\" target=\"_self\" itemprop=\"url\" rel=\"noopener\">\n\t\t\t\t<img loading=\"lazy\" decoding=\"async\" src=\"https:\/\/www.suresms.com\/dk\/wp-content\/uploads\/bb-plugin\/cache\/you-tube400x250px-panorama.jpg\" alt=\"suresms sms gateway du tube videor\" itemprop=\"image\" height=\"250\" width=\"400\" title=\"you tube 400x250px\" onerror=\"this.style.display='none'\">\n\t\t\t\t<\/a>\n<h3><a href=\"https:\/\/www.youtube.com\/channel\/UC1XGC5rl9mI9ndtBVn8yq7g\" target=\"_self\" rel=\"noopener\">Titta p\u00e5 v\u00e5ra instruktionsvideor!<\/a><\/h3>\t\t\n\t\t\t<p>\u00c4r du p\u00e5 v\u00e4g att komma ig\u00e5ng med en ny funktion? Eller beh\u00f6ver du bara veta lite mer om hur v\u00e5r gateway fungerar? Vi har samlat v\u00e5ra instruktionsvideor p\u00e5 Youtube. Redo att k\u00f6ra ig\u00e5ng!<\/p>","protected":false},"excerpt":{"rendered":"<p>&lt; Tillbaka till Egenskaper &amp; funktioner Prova NU! Skapa ett kostnadsfritt testkonto nu och f\u00e5 50 gratis SMS. Inga f\u00f6rpliktelser Skapa testkonto SMS-plugin Den h\u00e4r sidan inneh\u00e5ller SMS-plugins som gjorts av eller f\u00f6r SureSMS. Det finns SMS plugins som \u00e4r gjorda av SureSMS samt andra som kan anv\u00e4ndas av SureSMS. Vi l\u00e4gger regelbundet till nya... <a title=\"Insticksprogram f\u00f6r SMS\" class=\"read-more\" href=\"https:\/\/suresms.com\/sv\/sms-gateway-professionelle-sms-losninger\/ikke-navigerbare-sider-suresms-com-parent\/sms-plugins\/\" aria-label=\"L\u00e4s mer om SMS plugins\">L\u00e4s mer om det<\/a><\/p>","protected":false},"author":1,"featured_media":0,"parent":2923,"menu_order":5,"comment_status":"closed","ping_status":"closed","template":"","meta":{"_fl_builder_enabled":"1","_fl_builder_data":null,"_fl_builder_draft":null,"_fl_builder_data_settings":null,"_fl_builder_css":"","_fl_builder_css_version":"","_fl_builder_js":"","footnotes":""},"categories":[],"tags":[],"class_list":["post-602","page","type-page","status-publish"],"yoast_head":"<!-- This site is optimized with the Yoast SEO Premium plugin v27.3 (Yoast SEO v27.3) - https:\/\/yoast.com\/product\/yoast-seo-premium-wordpress\/ -->\r\n<title>SMS plugins | Samlet liste over alle SMS plugins - SureSMS \u2713<\/title>\r\n<meta name=\"description\" content=\"En komplet liste over SMS plugins til SureSMS. Find dit SMS plugin p\u00e5 denne side. indeholder undersider for hvert plugin til SMS.\" \/>\r\n<meta name=\"robots\" content=\"index, follow, max-snippet:-1, max-image-preview:large, max-video-preview:-1\" \/>\r\n<link rel=\"canonical\" href=\"https:\/\/suresms.com\/sv\/sms-gateway-professionella-sms-losningar\/inte-navigerbara-sidor-paa-foralder-suresms-com\/sms-insticksprogram\/\" \/>\r\n<meta property=\"og:locale\" content=\"sv_SE\" \/>\r\n<meta property=\"og:type\" content=\"article\" \/>\r\n<meta property=\"og:title\" content=\"Download vores gratis Plugins - SureSMS\" \/>\r\n<meta property=\"og:description\" content=\"Vi udvikler Plugins, s\u00e5 vores SMS Gateway kan integreres let og hurtigt med dit system. Alle Plugins er gratis. Send SMS direkte fra Outlook eller din WordPress hjemmeside. Betal kun pr. SMS\" \/>\r\n<meta property=\"og:url\" content=\"https:\/\/suresms.com\/sv\/sms-gateway-professionella-sms-losningar\/inte-navigerbara-sidor-paa-foralder-suresms-com\/sms-insticksprogram\/\" \/>\r\n<meta property=\"article:publisher\" content=\"https:\/\/www.facebook.com\/p\/SureSMS-100044607956149\/\" \/>\r\n<meta property=\"article:modified_time\" content=\"2024-12-06T12:48:59+00:00\" \/>\r\n<meta property=\"og:image\" content=\"https:\/\/suresms.com\/wp-content\/uploads\/2014\/11\/SureSMS-Plugins-snippet.jpg\" \/>\r\n\t<meta property=\"og:image:width\" content=\"400\" \/>\r\n\t<meta property=\"og:image:height\" content=\"250\" \/>\r\n\t<meta property=\"og:image:type\" content=\"image\/jpeg\" \/>\r\n<meta name=\"twitter:card\" content=\"summary_large_image\" \/>\r\n<meta name=\"twitter:title\" content=\"SMS plugins\" \/>\r\n<meta name=\"twitter:label1\" content=\"Ber\u00e4knad l\u00e4stid\" \/>\n\t<meta name=\"twitter:data1\" content=\"7 minuter\" \/>\r\n<script type=\"application\/ld+json\" class=\"yoast-schema-graph\">{\"@context\":\"https:\\\/\\\/schema.org\",\"@graph\":[{\"@type\":\"WebPage\",\"@id\":\"https:\\\/\\\/suresms.com\\\/dk\\\/sms-gateway-professionelle-sms-losninger\\\/ikke-navigerbare-sider-suresms-com-parent\\\/sms-plugins\\\/\",\"url\":\"https:\\\/\\\/suresms.com\\\/dk\\\/sms-gateway-professionelle-sms-losninger\\\/ikke-navigerbare-sider-suresms-com-parent\\\/sms-plugins\\\/\",\"name\":\"SMS plugins | Samlet liste over alle SMS plugins - SureSMS \u2713\",\"isPartOf\":{\"@id\":\"https:\\\/\\\/suresms.com\\\/en\\\/#website\"},\"primaryImageOfPage\":{\"@id\":\"https:\\\/\\\/suresms.com\\\/dk\\\/sms-gateway-professionelle-sms-losninger\\\/ikke-navigerbare-sider-suresms-com-parent\\\/sms-plugins\\\/#primaryimage\"},\"image\":{\"@id\":\"https:\\\/\\\/suresms.com\\\/dk\\\/sms-gateway-professionelle-sms-losninger\\\/ikke-navigerbare-sider-suresms-com-parent\\\/sms-plugins\\\/#primaryimage\"},\"thumbnailUrl\":\"https:\\\/\\\/www.suresms.com\\\/dk\\\/wp-content\\\/uploads\\\/2014\\\/10\\\/Funktioner-Udviklere-Menu-200x50-pix.jpg\",\"datePublished\":\"2014-11-12T14:16:06+00:00\",\"dateModified\":\"2024-12-06T12:48:59+00:00\",\"description\":\"En komplet liste over SMS plugins til SureSMS. Find dit SMS plugin p\u00e5 denne side. indeholder undersider for hvert plugin til SMS.\",\"breadcrumb\":{\"@id\":\"https:\\\/\\\/suresms.com\\\/dk\\\/sms-gateway-professionelle-sms-losninger\\\/ikke-navigerbare-sider-suresms-com-parent\\\/sms-plugins\\\/#breadcrumb\"},\"inLanguage\":\"sv-SE\",\"potentialAction\":[{\"@type\":\"ReadAction\",\"target\":[\"https:\\\/\\\/suresms.com\\\/dk\\\/sms-gateway-professionelle-sms-losninger\\\/ikke-navigerbare-sider-suresms-com-parent\\\/sms-plugins\\\/\"]}]},{\"@type\":\"ImageObject\",\"inLanguage\":\"sv-SE\",\"@id\":\"https:\\\/\\\/suresms.com\\\/dk\\\/sms-gateway-professionelle-sms-losninger\\\/ikke-navigerbare-sider-suresms-com-parent\\\/sms-plugins\\\/#primaryimage\",\"url\":\"https:\\\/\\\/www.suresms.com\\\/dk\\\/wp-content\\\/uploads\\\/2014\\\/10\\\/Funktioner-Udviklere-Menu-200x50-pix.jpg\",\"contentUrl\":\"https:\\\/\\\/www.suresms.com\\\/dk\\\/wp-content\\\/uploads\\\/2014\\\/10\\\/Funktioner-Udviklere-Menu-200x50-pix.jpg\"},{\"@type\":\"BreadcrumbList\",\"@id\":\"https:\\\/\\\/suresms.com\\\/dk\\\/sms-gateway-professionelle-sms-losninger\\\/ikke-navigerbare-sider-suresms-com-parent\\\/sms-plugins\\\/#breadcrumb\",\"itemListElement\":[{\"@type\":\"ListItem\",\"position\":1,\"name\":\"Home\",\"item\":\"https:\\\/\\\/suresms.com\\\/dk\\\/\"},{\"@type\":\"ListItem\",\"position\":2,\"name\":\"SMS gateway &#8211; professionelle SMS-l\u00f8sninger\",\"item\":\"https:\\\/\\\/suresms.com\\\/dk\\\/\"},{\"@type\":\"ListItem\",\"position\":3,\"name\":\"Ikke navigerbare sider suresms.com &#8211; parent\",\"item\":\"https:\\\/\\\/suresms.com\\\/dk\\\/sms-gateway-professionelle-sms-losninger\\\/ikke-navigerbare-sider-suresms-com-parent\\\/\"},{\"@type\":\"ListItem\",\"position\":4,\"name\":\"SMS plugins\"}]},{\"@type\":\"WebSite\",\"@id\":\"https:\\\/\\\/suresms.com\\\/en\\\/#website\",\"url\":\"https:\\\/\\\/suresms.com\\\/en\\\/\",\"name\":\"SureSMS\",\"description\":\"Professionel SMS Gateway\",\"publisher\":{\"@id\":\"https:\\\/\\\/suresms.com\\\/en\\\/#organization\"},\"potentialAction\":[{\"@type\":\"SearchAction\",\"target\":{\"@type\":\"EntryPoint\",\"urlTemplate\":\"https:\\\/\\\/suresms.com\\\/en\\\/?s={search_term_string}\"},\"query-input\":{\"@type\":\"PropertyValueSpecification\",\"valueRequired\":true,\"valueName\":\"search_term_string\"}}],\"inLanguage\":\"sv-SE\"},{\"@type\":\"Organization\",\"@id\":\"https:\\\/\\\/suresms.com\\\/en\\\/#organization\",\"name\":\"SureSMS\",\"url\":\"https:\\\/\\\/suresms.com\\\/en\\\/\",\"logo\":{\"@type\":\"ImageObject\",\"inLanguage\":\"sv-SE\",\"@id\":\"https:\\\/\\\/suresms.com\\\/en\\\/#\\\/schema\\\/logo\\\/image\\\/\",\"url\":\"https:\\\/\\\/suresms.com\\\/wp-content\\\/uploads\\\/2024\\\/11\\\/suresms-300x65-1.png\",\"contentUrl\":\"https:\\\/\\\/suresms.com\\\/wp-content\\\/uploads\\\/2024\\\/11\\\/suresms-300x65-1.png\",\"width\":300,\"height\":65,\"caption\":\"SureSMS\"},\"image\":{\"@id\":\"https:\\\/\\\/suresms.com\\\/en\\\/#\\\/schema\\\/logo\\\/image\\\/\"},\"sameAs\":[\"https:\\\/\\\/www.facebook.com\\\/p\\\/SureSMS-100044607956149\\\/\"]}]}<\/script>\r\n<!-- \/ Yoast SEO Premium plugin. -->","yoast_head_json":{"title":"SMS-plugins | Komplett lista \u00f6ver alla SMS-plugins - SureSMS \u2713 \u2713 \u2713 SureSMS","description":"En komplett lista \u00f6ver SMS-plugins f\u00f6r SureSMS. Hitta ditt SMS-plugin p\u00e5 den h\u00e4r sidan. inneh\u00e5ller undersidor f\u00f6r varje SMS-plugin.","robots":{"index":"index","follow":"follow","max-snippet":"max-snippet:-1","max-image-preview":"max-image-preview:large","max-video-preview":"max-video-preview:-1"},"canonical":"https:\/\/suresms.com\/sv\/sms-gateway-professionella-sms-losningar\/inte-navigerbara-sidor-paa-foralder-suresms-com\/sms-insticksprogram\/","og_locale":"sv_SE","og_type":"article","og_title":"Download vores gratis Plugins - SureSMS","og_description":"Vi udvikler Plugins, s\u00e5 vores SMS Gateway kan integreres let og hurtigt med dit system. Alle Plugins er gratis. Send SMS direkte fra Outlook eller din WordPress hjemmeside. Betal kun pr. SMS","og_url":"https:\/\/suresms.com\/sv\/sms-gateway-professionella-sms-losningar\/inte-navigerbara-sidor-paa-foralder-suresms-com\/sms-insticksprogram\/","article_publisher":"https:\/\/www.facebook.com\/p\/SureSMS-100044607956149\/","article_modified_time":"2024-12-06T12:48:59+00:00","og_image":[{"width":400,"height":250,"url":"https:\/\/suresms.com\/wp-content\/uploads\/2014\/11\/SureSMS-Plugins-snippet.jpg","type":"image\/jpeg"}],"twitter_card":"summary_large_image","twitter_title":"SMS plugins","twitter_misc":{"Ber\u00e4knad l\u00e4stid":"7 minuter"},"schema":{"@context":"https:\/\/schema.org","@graph":[{"@type":"WebPage","@id":"https:\/\/suresms.com\/dk\/sms-gateway-professionelle-sms-losninger\/ikke-navigerbare-sider-suresms-com-parent\/sms-plugins\/","url":"https:\/\/suresms.com\/dk\/sms-gateway-professionelle-sms-losninger\/ikke-navigerbare-sider-suresms-com-parent\/sms-plugins\/","name":"SMS-plugins | Komplett lista \u00f6ver alla SMS-plugins - SureSMS \u2713 \u2713 \u2713 SureSMS","isPartOf":{"@id":"https:\/\/suresms.com\/en\/#website"},"primaryImageOfPage":{"@id":"https:\/\/suresms.com\/dk\/sms-gateway-professionelle-sms-losninger\/ikke-navigerbare-sider-suresms-com-parent\/sms-plugins\/#primaryimage"},"image":{"@id":"https:\/\/suresms.com\/dk\/sms-gateway-professionelle-sms-losninger\/ikke-navigerbare-sider-suresms-com-parent\/sms-plugins\/#primaryimage"},"thumbnailUrl":"https:\/\/www.suresms.com\/dk\/wp-content\/uploads\/2014\/10\/Funktioner-Udviklere-Menu-200x50-pix.jpg","datePublished":"2014-11-12T14:16:06+00:00","dateModified":"2024-12-06T12:48:59+00:00","description":"En komplett lista \u00f6ver SMS-plugins f\u00f6r SureSMS. Hitta ditt SMS-plugin p\u00e5 den h\u00e4r sidan. inneh\u00e5ller undersidor f\u00f6r varje SMS-plugin.","breadcrumb":{"@id":"https:\/\/suresms.com\/dk\/sms-gateway-professionelle-sms-losninger\/ikke-navigerbare-sider-suresms-com-parent\/sms-plugins\/#breadcrumb"},"inLanguage":"sv-SE","potentialAction":[{"@type":"ReadAction","target":["https:\/\/suresms.com\/dk\/sms-gateway-professionelle-sms-losninger\/ikke-navigerbare-sider-suresms-com-parent\/sms-plugins\/"]}]},{"@type":"ImageObject","inLanguage":"sv-SE","@id":"https:\/\/suresms.com\/dk\/sms-gateway-professionelle-sms-losninger\/ikke-navigerbare-sider-suresms-com-parent\/sms-plugins\/#primaryimage","url":"https:\/\/www.suresms.com\/dk\/wp-content\/uploads\/2014\/10\/Funktioner-Udviklere-Menu-200x50-pix.jpg","contentUrl":"https:\/\/www.suresms.com\/dk\/wp-content\/uploads\/2014\/10\/Funktioner-Udviklere-Menu-200x50-pix.jpg"},{"@type":"BreadcrumbList","@id":"https:\/\/suresms.com\/dk\/sms-gateway-professionelle-sms-losninger\/ikke-navigerbare-sider-suresms-com-parent\/sms-plugins\/#breadcrumb","itemListElement":[{"@type":"ListItem","position":1,"name":"Home","item":"https:\/\/suresms.com\/dk\/"},{"@type":"ListItem","position":2,"name":"SMS gateway &#8211; professionelle SMS-l\u00f8sninger","item":"https:\/\/suresms.com\/dk\/"},{"@type":"ListItem","position":3,"name":"Ikke navigerbare sider suresms.com &#8211; parent","item":"https:\/\/suresms.com\/dk\/sms-gateway-professionelle-sms-losninger\/ikke-navigerbare-sider-suresms-com-parent\/"},{"@type":"ListItem","position":4,"name":"SMS plugins"}]},{"@type":"WebSite","@id":"https:\/\/suresms.com\/en\/#website","url":"https:\/\/suresms.com\/en\/","name":"SureSMS","description":"Professionell SMS Gateway","publisher":{"@id":"https:\/\/suresms.com\/en\/#organization"},"potentialAction":[{"@type":"SearchAction","target":{"@type":"EntryPoint","urlTemplate":"https:\/\/suresms.com\/en\/?s={search_term_string}"},"query-input":{"@type":"PropertyValueSpecification","valueRequired":true,"valueName":"search_term_string"}}],"inLanguage":"sv-SE"},{"@type":"Organization","@id":"https:\/\/suresms.com\/en\/#organization","name":"SureSMS","url":"https:\/\/suresms.com\/en\/","logo":{"@type":"ImageObject","inLanguage":"sv-SE","@id":"https:\/\/suresms.com\/en\/#\/schema\/logo\/image\/","url":"https:\/\/suresms.com\/wp-content\/uploads\/2024\/11\/suresms-300x65-1.png","contentUrl":"https:\/\/suresms.com\/wp-content\/uploads\/2024\/11\/suresms-300x65-1.png","width":300,"height":65,"caption":"SureSMS"},"image":{"@id":"https:\/\/suresms.com\/en\/#\/schema\/logo\/image\/"},"sameAs":["https:\/\/www.facebook.com\/p\/SureSMS-100044607956149\/"]}]}},"_links":{"self":[{"href":"https:\/\/suresms.com\/sv\/wp-json\/wp\/v2\/pages\/602","targetHints":{"allow":["GET"]}}],"collection":[{"href":"https:\/\/suresms.com\/sv\/wp-json\/wp\/v2\/pages"}],"about":[{"href":"https:\/\/suresms.com\/sv\/wp-json\/wp\/v2\/types\/page"}],"author":[{"embeddable":true,"href":"https:\/\/suresms.com\/sv\/wp-json\/wp\/v2\/users\/1"}],"replies":[{"embeddable":true,"href":"https:\/\/suresms.com\/sv\/wp-json\/wp\/v2\/comments?post=602"}],"version-history":[{"count":1,"href":"https:\/\/suresms.com\/sv\/wp-json\/wp\/v2\/pages\/602\/revisions"}],"predecessor-version":[{"id":19487,"href":"https:\/\/suresms.com\/sv\/wp-json\/wp\/v2\/pages\/602\/revisions\/19487"}],"up":[{"embeddable":true,"href":"https:\/\/suresms.com\/sv\/wp-json\/wp\/v2\/pages\/2923"}],"wp:attachment":[{"href":"https:\/\/suresms.com\/sv\/wp-json\/wp\/v2\/media?parent=602"}],"wp:term":[{"taxonomy":"category","embeddable":true,"href":"https:\/\/suresms.com\/sv\/wp-json\/wp\/v2\/categories?post=602"},{"taxonomy":"post_tag","embeddable":true,"href":"https:\/\/suresms.com\/sv\/wp-json\/wp\/v2\/tags?post=602"}],"curies":[{"name":"wp","href":"https:\/\/api.w.org\/{rel}","templated":true}]}}