{"id":5320,"date":"2017-12-22T15:17:39","date_gmt":"2017-12-22T13:17:39","guid":{"rendered":"https:\/\/www.suresms.com\/dk\/?page_id=5320"},"modified":"2025-03-24T14:57:40","modified_gmt":"2025-03-24T14:57:40","slug":"integritetspolicy","status":"publish","type":"page","link":"https:\/\/suresms.com\/sv\/politikker\/persondata-politik\/","title":{"rendered":"Integritetspolicy"},"content":{"rendered":"<p>SureSMS \u00e4r ett danskt registrerat f\u00f6retag med CVR-nummer 33263104. F\u00f6retaget \u00e4r registrerat p\u00e5 Industriholmen 82, 2650 Hvidovre, Danmark.<\/p>\n<p>F\u00f6ljande integritetspolicy skyddar dina personuppgifter i enlighet med personuppgiftslagen och EU:s personuppgiftsf\u00f6rordning. Denna integritetspolicy f\u00f6rklarar hur vi samlar in och anv\u00e4nder dina personuppgifter och vilka \u00e5tg\u00e4rder vi vidtar f\u00f6r att s\u00e4kerst\u00e4lla att dina uppgifter f\u00f6rblir konfidentiella.<\/p>\n<h2>Vilken information samlar vi in?<\/h2>\n<p>I samband med kontoans\u00f6kningar och kontoregistrering f\u00f6r v\u00e5ra tj\u00e4nster samlar vi in dina personuppgifter. Vi kan ocks\u00e5 komma att samla in uppgifter som visar hur du anv\u00e4nder v\u00e5r webbplats, vilken webbplats du kom ifr\u00e5n, vilka sidor du bes\u00f6kte och hur du r\u00f6r dig p\u00e5 webbplatsen. Vi samlar ocks\u00e5 in information om de SMS du skickar och de andra tj\u00e4nster du anv\u00e4nder, inklusive om du lagrar kontaktuppgifter till dina SMS-mottagare.<\/p>\n<p>Vi samlar ocks\u00e5 in information om n\u00e4r du anv\u00e4nder tj\u00e4nsten och fr\u00e5n vilka enheter du anv\u00e4nder tj\u00e4nsten. Vi samlar ocks\u00e5 in information om ov\u00e4ntade h\u00e4ndelser i v\u00e5ra system och tj\u00e4nster, oavsett om de intr\u00e4ffar p\u00e5 din eller v\u00e5r enhet.<\/p>\n<h2>Syfte<\/h2>\n<p>Vi anv\u00e4nder dina personuppgifter f\u00f6r att kunna erbjuda dig b\u00e4sta m\u00f6jliga service inom de omr\u00e5den d\u00e4r vi erbjuder tj\u00e4nster. Inklusive, men inte begr\u00e4nsat till:<\/p>\n<ol>\n<li>\n<ol>\n<li>Ger dig tillg\u00e5ng till att skicka och ta emot SMS-meddelanden.<\/li>\n<li>\u00a0Genomf\u00f6ra rapportering i samband med 1)<\/li>\n<li>Uppr\u00e4tth\u00e5lla en katalog \u00f6ver mottagare och avs\u00e4ndare av SMS-meddelanden.<\/li>\n<li>Behandla betalningar till v\u00e5r plattform.<\/li>\n<li>Kontakta dig f\u00f6r felavhj\u00e4lpning, nya relaterade tj\u00e4nster.<\/li>\n<\/ol>\n<\/li>\n<\/ol>\n<ol>\n\n<\/ol>\n<p>&nbsp;<\/p>\n<h2>Utl\u00e4mnande av information<\/h2>\n<p>Vi behandlar din personliga information konfidentiellt och l\u00e4mnar inte ut den. Inte heller kommer tillg\u00e5ng till personuppgifter att ges till andra f\u00f6retag. Vi l\u00e4mnar ut din information till myndigheter som bek\u00e4mpar bedr\u00e4gerier och penningtv\u00e4tt om vi misst\u00e4nker att vilseledande information har l\u00e4mnats i bedr\u00e4gerisyfte.<\/p>\n<p>Under exceptionella omst\u00e4ndigheter kommer SureSMS ApS att vara skyldig att l\u00e4mna ut personuppgifter. SureSMS ApS \u00e4r skyldiga att arbeta i enlighet med lagens eller domstolens order som svar p\u00e5 en laglig beg\u00e4ran fr\u00e5n staten eller myndigheterna.<\/p>\n<h2>F\u00f6rb\u00e4ttra v\u00e5r service<\/h2>\n<p>F\u00f6r att s\u00e4kerst\u00e4lla att de tj\u00e4nster vi erbjuder uppfyller dina krav kan vi komma att be om din feedback. All feedback du ger oss kommer endast att anv\u00e4ndas i syfte att f\u00f6rb\u00e4ttra v\u00e5ra tj\u00e4nster och kommer inte att visas p\u00e5 webbplatsen.<\/p>\n<h2>Kakor<\/h2>\n<p>Se v\u00e5r cookiepolicy <a href=\"https:\/\/suresms.com\/sv\/funktioner-2\/cookie-och-integritets-policy-sakringar\/\">h\u00e4r<\/a>.<\/p>\n<h2>Trygghet och s\u00e4kerhet<\/h2>\n<p>Att skydda dina uppgifter \u00e4r viktigt f\u00f6r oss. All kommunikation mellan SureSMS-enheter och kunder skyddas med kryptering. Krypteringen tillhandah\u00e5lls av Google Trust Services. Vi lagrar inte kreditkortsinformation.<\/p>\n<p>\u00c4ven om vi str\u00e4var efter att skydda dina uppgifter kan vi inte garantera det. Det \u00e4r d\u00e4rf\u00f6r p\u00e5 egen risk som du l\u00e4mnar dem till oss.<\/p>\n<h2>Dina r\u00e4ttigheter<\/h2>\n<p>Du har r\u00e4tt att n\u00e4r som helst f\u00e5 information om vilka uppgifter vi har registrerat om dig. Du har r\u00e4tt att f\u00e5 felaktiga uppgifter r\u00e4ttade och du har r\u00e4tt att beg\u00e4ra att vi raderar alla dina uppgifter. Vi har dock ett ansvar i samband med terrorlagstiftningen och den danska bokf\u00f6ringslagen som inneb\u00e4r att alla uppgifter inte kan raderas. V\u00e4nligen anv\u00e4nd kontaktavsnittet p\u00e5 denna webbplats f\u00f6r att hitta relevanta kontaktuppgifter. <a href=\"https:\/\/suresms.com\/sv\/om-suresms\/kontakt\/\">kontaktuppgifter<\/a>.<\/p>\n<h2>F\u00f6r\u00e4ndringar<\/h2>\n<p>Vi kan komma att \u00e4ndra denna integritetspolicy. Anv\u00e4ndning av webbplatsen efter uppdatering av sekretesspolicyn inneb\u00e4r godk\u00e4nnande av den uppdaterade sekretesspolicyn. Denna integritetspolicy uppdaterades senast den 24 mars 2024.<\/p>\n<h2>Kontakta oss om denna policy<\/h2>\n<p>Du kan alltid kontakta oss ang\u00e5ende denna policy eller andra fr\u00e5gor. Skriv till <a href=\"mailto:support@suresms.com\">support@suresms.com<\/a> och skriv Politik i \u00e4mnesf\u00e4ltet.<\/p>","protected":false},"excerpt":{"rendered":"<p>SureSMS \u00e4r ett danskt registrerat f\u00f6retag med CVR-nummer 33263104. F\u00f6retaget \u00e4r registrerat p\u00e5 Industriholmen 82, 2650 Hvidovre, Danmark. F\u00f6ljande integritetspolicy skyddar dina personuppgifter i enlighet med personuppgiftslagen och EU:s personuppgiftsf\u00f6rordning. Denna integritetspolicy f\u00f6rklarar hur vi samlar in och anv\u00e4nder dina personuppgifter och vilka \u00e5tg\u00e4rder vi vidtar f\u00f6r att s\u00e4kerst\u00e4lla skyddet av dina personuppgifter. <a title=\"Integritetspolicy\" class=\"read-more\" href=\"https:\/\/suresms.com\/sv\/politikker\/persondata-politik\/\" aria-label=\"L\u00e4s mer om Personuppgiftspolicy\">L\u00e4s mer om det<\/a><\/p>","protected":false},"author":1,"featured_media":0,"parent":19124,"menu_order":0,"comment_status":"closed","ping_status":"closed","template":"","meta":{"_fl_builder_enabled":"1","_fl_builder_data":null,"_fl_builder_draft":null,"_fl_builder_data_settings":null,"_fl_builder_css":"","_fl_builder_css_version":"","_fl_builder_js":"","footnotes":""},"categories":[],"tags":[],"class_list":["post-5320","page","type-page","status-publish"],"yoast_head":"<!-- This site is optimized with the Yoast SEO Premium plugin v27.3 (Yoast SEO v27.3) - https:\/\/yoast.com\/product\/yoast-seo-premium-wordpress\/ -->\r\n<title>Persondata politik -<\/title>\r\n<meta name=\"robots\" content=\"index, follow, max-snippet:-1, max-image-preview:large, max-video-preview:-1\" \/>\r\n<link rel=\"canonical\" href=\"https:\/\/suresms.com\/sv\/funktioner-2\/integritetspolicy\/\" \/>\r\n<meta property=\"og:locale\" content=\"sv_SE\" \/>\r\n<meta property=\"og:type\" content=\"article\" \/>\r\n<meta property=\"og:title\" content=\"Persondata politik\" \/>\r\n<meta property=\"og:description\" content=\"SureSMS er et dansk registreret selskab med CVR nummer 33263104. Selskabet er registreret p\u00e5 adressen Industriholmen 82, 2650 Hvidovre, Danmark. Den f\u00f8lgende persondatapolitik beskytter dine personlige data i overensstemmelse med Persondataloven og EU persondata forordning. Denne fortrolighedspolitik forklarer m\u00e5den, hvorp\u00e5 vi indsamler og bruger dine personlige data, og hvilke foranstaltninger vi tager, for at sikre ... L\u00e4s mer\" \/>\r\n<meta property=\"og:url\" content=\"https:\/\/suresms.com\/sv\/funktioner-2\/integritetspolicy\/\" \/>\r\n<meta property=\"article:publisher\" content=\"https:\/\/www.facebook.com\/p\/SureSMS-100044607956149\/\" \/>\r\n<meta property=\"article:modified_time\" content=\"2025-03-24T14:57:40+00:00\" \/>\r\n<meta name=\"twitter:card\" content=\"summary_large_image\" \/>\r\n<meta name=\"twitter:label1\" content=\"Ber\u00e4knad l\u00e4stid\" \/>\n\t<meta name=\"twitter:data1\" content=\"3 minuter\" \/>\r\n<script type=\"application\/ld+json\" class=\"yoast-schema-graph\">{\"@context\":\"https:\\\/\\\/schema.org\",\"@graph\":[{\"@type\":\"WebPage\",\"@id\":\"https:\\\/\\\/suresms.com\\\/dk\\\/politikker\\\/persondata-politik\\\/\",\"url\":\"https:\\\/\\\/suresms.com\\\/dk\\\/politikker\\\/persondata-politik\\\/\",\"name\":\"Persondata politik -\",\"isPartOf\":{\"@id\":\"https:\\\/\\\/suresms.com\\\/en\\\/#website\"},\"datePublished\":\"2017-12-22T13:17:39+00:00\",\"dateModified\":\"2025-03-24T14:57:40+00:00\",\"breadcrumb\":{\"@id\":\"https:\\\/\\\/suresms.com\\\/dk\\\/politikker\\\/persondata-politik\\\/#breadcrumb\"},\"inLanguage\":\"sv-SE\",\"potentialAction\":[{\"@type\":\"ReadAction\",\"target\":[\"https:\\\/\\\/suresms.com\\\/dk\\\/politikker\\\/persondata-politik\\\/\"]}]},{\"@type\":\"BreadcrumbList\",\"@id\":\"https:\\\/\\\/suresms.com\\\/dk\\\/politikker\\\/persondata-politik\\\/#breadcrumb\",\"itemListElement\":[{\"@type\":\"ListItem\",\"position\":1,\"name\":\"Home\",\"item\":\"https:\\\/\\\/suresms.com\\\/dk\\\/\"},{\"@type\":\"ListItem\",\"position\":2,\"name\":\"Politikker\",\"item\":\"https:\\\/\\\/suresms.com\\\/politikker\\\/\"},{\"@type\":\"ListItem\",\"position\":3,\"name\":\"Persondata politik\"}]},{\"@type\":\"WebSite\",\"@id\":\"https:\\\/\\\/suresms.com\\\/en\\\/#website\",\"url\":\"https:\\\/\\\/suresms.com\\\/en\\\/\",\"name\":\"SureSMS\",\"description\":\"Professionel SMS Gateway\",\"publisher\":{\"@id\":\"https:\\\/\\\/suresms.com\\\/en\\\/#organization\"},\"potentialAction\":[{\"@type\":\"SearchAction\",\"target\":{\"@type\":\"EntryPoint\",\"urlTemplate\":\"https:\\\/\\\/suresms.com\\\/en\\\/?s={search_term_string}\"},\"query-input\":{\"@type\":\"PropertyValueSpecification\",\"valueRequired\":true,\"valueName\":\"search_term_string\"}}],\"inLanguage\":\"sv-SE\"},{\"@type\":\"Organization\",\"@id\":\"https:\\\/\\\/suresms.com\\\/en\\\/#organization\",\"name\":\"SureSMS\",\"url\":\"https:\\\/\\\/suresms.com\\\/en\\\/\",\"logo\":{\"@type\":\"ImageObject\",\"inLanguage\":\"sv-SE\",\"@id\":\"https:\\\/\\\/suresms.com\\\/en\\\/#\\\/schema\\\/logo\\\/image\\\/\",\"url\":\"https:\\\/\\\/suresms.com\\\/wp-content\\\/uploads\\\/2024\\\/11\\\/suresms-300x65-1.png\",\"contentUrl\":\"https:\\\/\\\/suresms.com\\\/wp-content\\\/uploads\\\/2024\\\/11\\\/suresms-300x65-1.png\",\"width\":300,\"height\":65,\"caption\":\"SureSMS\"},\"image\":{\"@id\":\"https:\\\/\\\/suresms.com\\\/en\\\/#\\\/schema\\\/logo\\\/image\\\/\"},\"sameAs\":[\"https:\\\/\\\/www.facebook.com\\\/p\\\/SureSMS-100044607956149\\\/\"]}]}<\/script>\r\n<!-- \/ Yoast SEO Premium plugin. -->","yoast_head_json":{"title":"Policy f\u00f6r personuppgifter","robots":{"index":"index","follow":"follow","max-snippet":"max-snippet:-1","max-image-preview":"max-image-preview:large","max-video-preview":"max-video-preview:-1"},"canonical":"https:\/\/suresms.com\/sv\/funktioner-2\/integritetspolicy\/","og_locale":"sv_SE","og_type":"article","og_title":"Persondata politik","og_description":"SureSMS er et dansk registreret selskab med CVR nummer 33263104. Selskabet er registreret p\u00e5 adressen Industriholmen 82, 2650 Hvidovre, Danmark. Den f\u00f8lgende persondatapolitik beskytter dine personlige data i overensstemmelse med Persondataloven og EU persondata forordning. Denne fortrolighedspolitik forklarer m\u00e5den, hvorp\u00e5 vi indsamler og bruger dine personlige data, og hvilke foranstaltninger vi tager, for at sikre ... L\u00e4s mer","og_url":"https:\/\/suresms.com\/sv\/funktioner-2\/integritetspolicy\/","article_publisher":"https:\/\/www.facebook.com\/p\/SureSMS-100044607956149\/","article_modified_time":"2025-03-24T14:57:40+00:00","twitter_card":"summary_large_image","twitter_misc":{"Ber\u00e4knad l\u00e4stid":"3 minuter"},"schema":{"@context":"https:\/\/schema.org","@graph":[{"@type":"WebPage","@id":"https:\/\/suresms.com\/dk\/politikker\/persondata-politik\/","url":"https:\/\/suresms.com\/dk\/politikker\/persondata-politik\/","name":"Policy f\u00f6r personuppgifter","isPartOf":{"@id":"https:\/\/suresms.com\/en\/#website"},"datePublished":"2017-12-22T13:17:39+00:00","dateModified":"2025-03-24T14:57:40+00:00","breadcrumb":{"@id":"https:\/\/suresms.com\/dk\/politikker\/persondata-politik\/#breadcrumb"},"inLanguage":"sv-SE","potentialAction":[{"@type":"ReadAction","target":["https:\/\/suresms.com\/dk\/politikker\/persondata-politik\/"]}]},{"@type":"BreadcrumbList","@id":"https:\/\/suresms.com\/dk\/politikker\/persondata-politik\/#breadcrumb","itemListElement":[{"@type":"ListItem","position":1,"name":"Home","item":"https:\/\/suresms.com\/dk\/"},{"@type":"ListItem","position":2,"name":"Politikker","item":"https:\/\/suresms.com\/politikker\/"},{"@type":"ListItem","position":3,"name":"Persondata politik"}]},{"@type":"WebSite","@id":"https:\/\/suresms.com\/en\/#website","url":"https:\/\/suresms.com\/en\/","name":"SureSMS","description":"Professionell SMS Gateway","publisher":{"@id":"https:\/\/suresms.com\/en\/#organization"},"potentialAction":[{"@type":"SearchAction","target":{"@type":"EntryPoint","urlTemplate":"https:\/\/suresms.com\/en\/?s={search_term_string}"},"query-input":{"@type":"PropertyValueSpecification","valueRequired":true,"valueName":"search_term_string"}}],"inLanguage":"sv-SE"},{"@type":"Organization","@id":"https:\/\/suresms.com\/en\/#organization","name":"SureSMS","url":"https:\/\/suresms.com\/en\/","logo":{"@type":"ImageObject","inLanguage":"sv-SE","@id":"https:\/\/suresms.com\/en\/#\/schema\/logo\/image\/","url":"https:\/\/suresms.com\/wp-content\/uploads\/2024\/11\/suresms-300x65-1.png","contentUrl":"https:\/\/suresms.com\/wp-content\/uploads\/2024\/11\/suresms-300x65-1.png","width":300,"height":65,"caption":"SureSMS"},"image":{"@id":"https:\/\/suresms.com\/en\/#\/schema\/logo\/image\/"},"sameAs":["https:\/\/www.facebook.com\/p\/SureSMS-100044607956149\/"]}]}},"_links":{"self":[{"href":"https:\/\/suresms.com\/sv\/wp-json\/wp\/v2\/pages\/5320","targetHints":{"allow":["GET"]}}],"collection":[{"href":"https:\/\/suresms.com\/sv\/wp-json\/wp\/v2\/pages"}],"about":[{"href":"https:\/\/suresms.com\/sv\/wp-json\/wp\/v2\/types\/page"}],"author":[{"embeddable":true,"href":"https:\/\/suresms.com\/sv\/wp-json\/wp\/v2\/users\/1"}],"replies":[{"embeddable":true,"href":"https:\/\/suresms.com\/sv\/wp-json\/wp\/v2\/comments?post=5320"}],"version-history":[{"count":5,"href":"https:\/\/suresms.com\/sv\/wp-json\/wp\/v2\/pages\/5320\/revisions"}],"predecessor-version":[{"id":22984,"href":"https:\/\/suresms.com\/sv\/wp-json\/wp\/v2\/pages\/5320\/revisions\/22984"}],"up":[{"embeddable":true,"href":"https:\/\/suresms.com\/sv\/wp-json\/wp\/v2\/pages\/19124"}],"wp:attachment":[{"href":"https:\/\/suresms.com\/sv\/wp-json\/wp\/v2\/media?parent=5320"}],"wp:term":[{"taxonomy":"category","embeddable":true,"href":"https:\/\/suresms.com\/sv\/wp-json\/wp\/v2\/categories?post=5320"},{"taxonomy":"post_tag","embeddable":true,"href":"https:\/\/suresms.com\/sv\/wp-json\/wp\/v2\/tags?post=5320"}],"curies":[{"name":"wp","href":"https:\/\/api.w.org\/{rel}","templated":true}]}}