{"id":511,"date":"2014-10-29T11:25:11","date_gmt":"2014-10-29T09:25:11","guid":{"rendered":"https:\/\/www.suresms.com\/dk\/?page_id=511"},"modified":"2025-01-21T10:14:51","modified_gmt":"2025-01-21T10:14:51","slug":"2-vags-sms-avlasning-med-vardsimulator","status":"publish","type":"page","link":"https:\/\/suresms.com\/sv\/funktioner\/2-vejs-sms-losning-med-hosted-sim\/","title":{"rendered":"2-v\u00e4gs SMS med Hosted SIM"},"content":{"rendered":"<!-- Flexy Breadcrumb -->\r\n\t\t\t<div class=\"fbc fbc-page\">\r\n\r\n\t\t\t\t<!-- Breadcrumb wrapper -->\r\n\t\t\t\t<div class=\"fbc-wrap\">\r\n\r\n\t\t\t\t\t<!-- Ordered list-->\r\n\t\t\t\t\t<ol class=\"fbc-items\" itemscope itemtype=\"https:\/\/schema.org\/BreadcrumbList\">\r\n\t\t\t\t\t\t            <li itemprop=\"itemListElement\" itemscope itemtype=\"https:\/\/schema.org\/ListItem\">\r\n                <span itemprop=\"name\">\r\n                    <!-- Home Link -->\r\n                    <a itemprop=\"item\" href=\"https:\/\/suresms.com\/sv\/\">\r\n                    \r\n                                                    <i class=\"fa fa-home\" aria-hidden=\"true\"><\/i>Hem                    <\/a>\r\n                <\/span>\r\n                <meta itemprop=\"position\" content=\"1\" \/><!-- Meta Position-->\r\n             <\/li><li><span class=\"fbc-separator\">\/<\/span><\/li><li class=\"active\" itemprop=\"itemListElement\" itemscope itemtype=\"https:\/\/schema.org\/ListItem\"><span itemprop=\"name\" title=\"2-v\u00e4gs SMS med Hosted SIM\">2-v\u00e4gs SMS med v\u00e4rdbaserad...<\/span><meta itemprop=\"position\" content=\"2\" \/><\/li>\t\t\t\t\t<\/ol>\r\n\t\t\t\t\t<div class=\"clearfix\"><\/div>\r\n\t\t\t\t<\/div>\r\n\t\t\t<\/div>\r\n\t\t\t\n\t<h1>Hostad SIM-l\u00f6sning<\/h1>\n<p><strong>Om du vill anv\u00e4nda ditt eget SIM-kort f\u00f6r din 2-v\u00e4gs-l\u00f6sning erbjuder vi en stabil och s\u00e4ker hostad SIM-l\u00f6sning. F\u00f6rdelar: Du \u00e4ger numret och du kan vidarekoppla samtal fr\u00e5n numret till din telefon s\u00e5 att dina kunder kan ringa dig.<\/strong><\/p>\n<h4><strong>Om Hosted SIM<\/strong><br \/>\nKort sagt installerar vi ditt SIM-kort i en h\u00e5rdvara i v\u00e5ra lokaler. N\u00e4r n\u00e5gon skickar ett meddelande till SIM-kortet l\u00e4ses SMS-meddelandet av en programvara, varefter meddelandet l\u00e4ggs till p\u00e5 ditt konto p\u00e5 v\u00e5rt WEB-gr\u00e4nssnitt.  H\u00e4r kan du logga in och se all information om dina meddelanden.<\/h4>\n<p>&nbsp;<\/p>\n<h4><strong>Du kan sj\u00e4lv v\u00e4lja antal<\/strong><\/h4>\n<p>En av f\u00f6rdelarna med hosted SIM \u00e4r att du sj\u00e4lv kan styra vilket nummer du f\u00e5r. P\u00e5 s\u00e5 s\u00e4tt kan du f\u00e5 numret att passa in i en nummerserie med ditt f\u00f6retags andra nummer.<\/p>\n<p>Med v\u00e4rd SIM finns det ocks\u00e5 m\u00f6jlighet till vidarekoppling. Om en kund f\u00f6rs\u00f6ker ringa dig kan samtalet vidarekopplas till din vanliga servicetelefon. Att dina kunder kan ringa dig kan ge stort merv\u00e4rde till kampanjer och tj\u00e4nster.<\/p>\n<p>V\u00e5r 2-v\u00e4gsl\u00f6sning st\u00f6der mottagning av Flash-meddelanden.<\/p>\n<h4><strong>Alternativ f\u00f6r utl\u00e4ndska nummer<\/strong><\/h4>\n<p>Med hosted SIM kan du v\u00e4lja att s\u00e4tta in ett utl\u00e4ndskt SIM-kort i v\u00e5r h\u00e5rdvara. Om du skickar SIM-kortet till oss kommer vi snabbt att s\u00e4tta upp l\u00f6sningen \u00e5t dig.<\/p>\n<p><strong>Om du vill ha en hostad SIM-l\u00f6sning m\u00e5ste du sj\u00e4lv skaffa ett SIM-kort och skicka det till oss. Alternativt skapar vi g\u00e4rna ett <a href=\"https:\/\/suresms.com\/sv\/funktioner\/ta-emot-textmeddelanden-paa-din-dator\/\">VLN-nummer.<\/a><\/strong><\/p>\n<h4><strong>Utg\u00e5ende SMS fr\u00e5n hostat SIM-kort<\/strong><\/h4>\n<p>Med hosted SIM betalar du INTE f\u00f6r utg\u00e5ende textmeddelanden till din operat\u00f6r, \u00e4ven om vi har ditt SIM-kort i din telefon. Du beh\u00f6ver bara betala till din SMS Gateway, i v\u00e5rt fall till SureSMS. Alla fyra danska telekombolag anger i sina villkor att du INTE f\u00e5r skapa s\u00e5 kallade \"maskingenererade\" SMS med ditt SIM-kort. D\u00e4rf\u00f6r skulle det vara ett brott mot telekombolagens villkor om SMS Gateways skickar SMS via SIM-kortet. Vi levererar d\u00e4rf\u00f6r SMS-meddelandet via v\u00e5r direktanslutning till telekombolaget, men f\u00e5r svaret p\u00e5 SIM-kortet. Se aktuellt pris f\u00f6r utg\u00e5ende SMS i v\u00e5ra priser f\u00f6r SMS Gateway. I Danmark betalar du aldrig f\u00f6r inkommande SMS.<\/p>\n<h4><strong>Vidarebefordra meddelanden till e-post<\/strong><\/h4>\n<p>D\u00e4refter har vi tv\u00e5 alternativ f\u00f6r att vidarebefordra meddelandet till dig och ditt system. Det ena alternativet \u00e4r att vi skickar ett e-postmeddelande till en f\u00f6rutbest\u00e4md e-postadress. Vi v\u00e4ljer automatiskt den e-postadress som du anv\u00e4nde n\u00e4r du skapade ditt konto p\u00e5 SureSMS.com. Meddelandet skickas s\u00e5 snart vi tar emot det och beroende p\u00e5 ditt mailsystem f\u00e5r du meddelandet n\u00e4stan samtidigt i din inkorg.<\/p>\n<h4>\u00a0<strong>Vidarebefordran av meddelanden via http(S)<\/strong><\/h4>\n<p>Det andra alternativet, som \u00e4r lite mer tekniskt, \u00e4r att vi g\u00f6r ett HTTP-anrop till en webbplats som du har skapat. Vi konfigurerar v\u00e5rt system s\u00e5 att det k\u00e4nner till din adress (slutpunkt). N\u00e4r vi tar emot ett sms p\u00e5 ditt v\u00e4rdnummer l\u00e4gger vi det i din inkorg och g\u00f6r ett HTTP-anrop till din webbplats.<\/p>\n<p><a href=\"http:\/\/manual.suresms.com\/avanceret-opsaetning-af-2-vejs-sms\/\">Se mer information om hur du skapar en http-sida h\u00e4r\u00a0<\/a><\/p>\n<p><strong>Det kan ta upp till 24 timmar fr\u00e5n det att vi tar emot ditt SIM-kort p\u00e5 v\u00e5r adress till dess att du f\u00e5r ditt anv\u00e4ndarnamn och din kod!<\/strong><\/p>\n\t\t<h3><a href=\"https:\/\/suresms.com\/sv\/suresms-stod\/\" target=\"_self\">N\u00e4r du skapar en 2-v\u00e4gs l\u00f6sning<\/a><\/h3><h4>Om du vill best\u00e4lla en tv\u00e5v\u00e4gsl\u00f6sning ska du g\u00f6ra f\u00f6ljande:<\/h4>\n<p>1. Skapa ett konto genom att fylla i formul\u00e4ret p\u00e5 denna sida.<\/p>\n<p>2. Best\u00e4m om du vill ha en hostad SIM eller en VLN-l\u00f6sning. Kontrollera\u00a0<a title=\"Priser f\u00f6r SMS-gateway, ingen installation, ingen prenumeration\" href=\"https:\/\/suresms.com\/sv\/sms-gateway-priser\/\">Priset h\u00e4r<\/a>.<\/p>\n<p>3. Best\u00e4m om du vill ta emot meddelanden via e-post eller http.<\/p>\n<p>4. Om du v\u00e4ljer HTTP m\u00e5ste du skapa en sida som kan ta emot ovanst\u00e5ende parametrar.<\/p>\n<p>Vill du ha mer information om v\u00e5ra 2-v\u00e4gs l\u00f6sningar? Vi \u00e4r redo och v\u00e4ntar p\u00e5 att f\u00e5 prata med dig!<\/p>\n\t\t\t<a href=\"https:\/\/suresms.com\/sv\/suresms-stod\/\" target=\"_self\">\n\t\t\t\t\t\t\tKontakta oss h\u00e4r\n\t\t\t\t\t<\/a>\n\t\t\t\t<a href=\"https:\/\/suresms.com\/sv\/suresms-stod\/\" target=\"_self\" itemprop=\"url\">\n\t\t\t\t<img loading=\"lazy\" decoding=\"async\" src=\"https:\/\/suresms.com\/wp-content\/uploads\/2014\/10\/kommunikation-500x380-px.jpg\" alt=\"2-v\u00e4gs sms-l\u00f6sning f\u00f6r v\u00e4rdsim\" itemprop=\"image\" height=\"380\" width=\"500\" title=\"L\u00f6sning f\u00f6r 2-v\u00e4gskommunikation\" onerror=\"this.style.display='none'\"  \/>\n\t\t\t\t<\/a>\n\t\t<h4>Vill du skapa ett konto omedelbart? <\/h4>\n\t\t<p>Vi \u00e4r redo och v\u00e4ntar p\u00e5 att f\u00e5 v\u00e4lkomna dig som kund hos SureSMS!<\/p>\n\t\t\t<a href=\"https:\/\/suresms.com\/sv\/skapa-sms-gateway-konto\/\" target=\"_self\">\n\t\t\t\t\t\t\tSkapa ett SureSMS-konto!\n\t\t\t\t\t<\/a>\n\t\t<h4>Best\u00e4ll en 2-v\u00e4gs l\u00f6sning!<\/h4>\n\t\t<p>Har du redan ett konto? Best\u00e4ll en 2-v\u00e4gsl\u00f6sning och f\u00e5 de extra alternativ som din egen l\u00f6sning erbjuder.\u00a0<\/p>\n\t\t\t<a href=\"https:\/\/suresms.com\/sv\/bestall-2-vags-lossning\/\" target=\"_self\">\n\t\t\t\t\t\t\tBest\u00e4ll 2-v\u00e4gs l\u00f6sning\n\t\t\t\t\t<\/a>\n\t<h4><strong>H\u00e4r kan du l\u00e4sa n\u00e5gra exempel p\u00e5 hur v\u00e5ra kunder f\u00f6r n\u00e4rvarande anv\u00e4nder v\u00e5r SIM-l\u00f6sning:<\/strong><\/h4>\n<ul>\n<li><strong>Ett danskt v\u00e4rmef\u00f6rs\u00f6rjningsf\u00f6retag<\/strong> anv\u00e4nda v\u00e5r v\u00e4rdbaserade SIM-l\u00f6sning f\u00f6r att <strong>sin verksamhet i Norge och Sverige<\/strong>. Precis som i Danmark m\u00e5ste deras personal skicka p\u00e5minnelser om m\u00f6ten till inv\u00e5narna, men eftersom det handlar om norska och svenska nummer b\u00f6r tv\u00e5v\u00e4gsl\u00f6sningen naturligtvis vara densamma.<\/li>\n<li><strong>En dansk reklambyr\u00e5<\/strong> skickar ut fysiska brev till kunder med erbjudanden. I breven finns ett telefonnummer d\u00e4r kunderna kan anm\u00e4la sig till erbjudandena med ett nyckelord (KEYWORD). Numret vidarebefordras till reklambyr\u00e5ns kundtelefon s\u00e5 att \u00e4ven framtida kunder kan ringa.<\/li>\n<li><strong>Ett hotell n\u00e4ra den dansk-tyska gr\u00e4nsen<\/strong> anv\u00e4nder v\u00e5r 2-v\u00e4gsl\u00f6sning f\u00f6r kommunikation med framtida och tidigare kunder. Eftersom det finns b\u00e5de danskar och tyskar bland g\u00e4sterna ska 2-v\u00e4gsl\u00f6sningen naturligtvis ha b\u00e5de ett danskt och ett tyskt mobilnummer.<\/li>\n<\/ul>\n\t\t<h3><a href=\"http:\/\/manual.suresms.com\/\" target=\"_self\">Bes\u00f6k v\u00e5r Manual-webbplats<\/a><\/h3>\n\t\t\t\t<a href=\"http:\/\/manual.suresms.com\/\" target=\"_self\" itemprop=\"url\">\n\t\t\t\t<img loading=\"lazy\" decoding=\"async\" src=\"https:\/\/suresms.com\/wp-content\/uploads\/2016\/03\/Manual-400x250-px1.jpg\" alt=\"manuell webbplats suresms\" itemprop=\"image\" height=\"250\" width=\"400\" title=\"Manual 400x250 px\" onerror=\"this.style.display='none'\"  \/>\n\t\t\t\t<\/a>\n<p>F\u00f6r att hj\u00e4lpa v\u00e5ra kunder har vi samlat alla instruktioner och beskrivningar p\u00e5 manual.suresms.com. H\u00e4r kan du se hur v\u00e5r gateway fungerar och f\u00e5 enkla anv\u00e4ndarv\u00e4nliga instruktioner f\u00f6r de m\u00e5nga funktionerna.<\/p>\n\t\t<h3><a href=\"http:\/\/developer.suresms.com\/\" target=\"_self\">utvecklare.suresms.com<\/a><\/h3>\n\t\t\t\t<a href=\"http:\/\/developer.suresms.com\/\" target=\"_self\" itemprop=\"url\">\n\t\t\t\t<img loading=\"lazy\" decoding=\"async\" src=\"https:\/\/suresms.com\/wp-content\/uploads\/2016\/03\/developer-400x250-px.jpg\" alt=\"utvecklare suresms webbplats f\u00f6r utvecklare\" itemprop=\"image\" height=\"250\" width=\"400\" title=\"utvecklare 400x250 px\" onerror=\"this.style.display='none'\"  \/>\n\t\t\t\t<\/a>\nSureSMS \u00e4r gjort av utvecklare f\u00f6r utvecklare!<br \/>\nP\u00e5 developer.suresms.com har vi samlat dokumentation och kodexempel f\u00f6r att g\u00f6ra det enkelt att integrera v\u00e5r gateway i ditt system.\n\t\t<h3><a href=\"https:\/\/www.youtube.com\/channel\/UC1XGC5rl9mI9ndtBVn8yq7g\" target=\"_self\">Titta p\u00e5 v\u00e5ra instruktionsvideor!<\/a><\/h3>\n\t\t\t\t<a href=\"https:\/\/www.youtube.com\/channel\/UC1XGC5rl9mI9ndtBVn8yq7g\" target=\"_self\" itemprop=\"url\">\n\t\t\t\t<img loading=\"lazy\" decoding=\"async\" src=\"https:\/\/suresms.com\/wp-content\/uploads\/2016\/03\/you-tube400x250px.jpg\" alt=\"suresms sms gateway du tube videor\" itemprop=\"image\" height=\"250\" width=\"400\" title=\"you tube 400x250px\" onerror=\"this.style.display='none'\"  \/>\n\t\t\t\t<\/a>\n<p>\u00c4r du p\u00e5 v\u00e4g att komma ig\u00e5ng med en ny funktion? Eller beh\u00f6ver du bara veta lite mer om hur v\u00e5r gateway fungerar? Vi har samlat v\u00e5ra instruktionsvideor p\u00e5 Youtube. Redo att k\u00f6ra ig\u00e5ng!<\/p>","protected":false},"excerpt":{"rendered":"<p>Hostad SIM-l\u00f6sning Om du vill anv\u00e4nda ditt eget SIM-kort f\u00f6r din 2-v\u00e4gs-l\u00f6sning erbjuder vi en stabil och s\u00e4ker hostad SIM-l\u00f6sning. F\u00f6rdelar: Du \u00e4ger numret och du kan vidarekoppla samtal fr\u00e5n numret till din telefon s\u00e5 att dina kunder kan ringa dig. Om Hosted SIM-kort i korthet, vi installerar ditt SIM-kort... <a title=\"2-v\u00e4gs SMS med Hosted SIM\" class=\"read-more\" href=\"https:\/\/suresms.com\/sv\/funktioner\/2-vejs-sms-losning-med-hosted-sim\/\" aria-label=\"L\u00e4s mer om 2-v\u00e4gs SMS med Hosted SIM\">L\u00e4s mer om det<\/a><\/p>","protected":false},"author":1,"featured_media":0,"parent":958,"menu_order":1,"comment_status":"closed","ping_status":"closed","template":"","meta":{"_fl_builder_enabled":"1","_fl_builder_data":null,"_fl_builder_draft":null,"_fl_builder_data_settings":null,"_fl_builder_css":"","_fl_builder_css_version":"","_fl_builder_js":"","footnotes":""},"categories":[17],"tags":[],"class_list":{"0":"post-511","1":"page","2":"type-page","3":"status-publish","5":"category-linkfracornorstone"},"yoast_head":"<!-- This site is optimized with the Yoast SEO Premium plugin v27.3 (Yoast SEO v27.3) - https:\/\/yoast.com\/product\/yoast-seo-premium-wordpress\/ -->\r\n<title>2-vejs SMS med Hosted SIM I SureSMS I international 2vejs L\u00f8sning<\/title>\r\n<meta name=\"description\" content=\"Hosted SIM - Med en Hosted SIM 2-vejs SMS l\u00f8sning v\u00e6lger du selv nummeret. Brug firmanummer eller udenlandske numre. gratis oprettelse I 18 \u00f8re pr. SMS\" \/>\r\n<meta name=\"robots\" content=\"index, follow, max-snippet:-1, max-image-preview:large, max-video-preview:-1\" \/>\r\n<link rel=\"canonical\" href=\"https:\/\/suresms.com\/sv\/funktioner\/2-vags-sms-avlasning-med-vardsimulator\/\" \/>\r\n<meta property=\"og:locale\" content=\"sv_SE\" \/>\r\n<meta property=\"og:type\" content=\"article\" \/>\r\n<meta property=\"og:title\" content=\"2-vejs SMS med Hosted SIM\" \/>\r\n<meta property=\"og:description\" content=\"Hosted SIM - Med en Hosted SIM 2-vejs SMS l\u00f8sning v\u00e6lger du selv nummeret. Brug firmanummer eller udenlandske numre. gratis oprettelse I 18 \u00f8re pr. SMS\" \/>\r\n<meta property=\"og:url\" content=\"https:\/\/suresms.com\/sv\/funktioner\/2-vags-sms-avlasning-med-vardsimulator\/\" \/>\r\n<meta property=\"article:publisher\" content=\"https:\/\/www.facebook.com\/p\/SureSMS-100044607956149\/\" \/>\r\n<meta property=\"article:modified_time\" content=\"2025-01-21T10:14:51+00:00\" \/>\r\n<meta property=\"og:image\" content=\"https:\/\/suresms.com\/wp-content\/uploads\/2014\/10\/kommunikation-500x380-px.jpg\" \/>\r\n<meta name=\"twitter:card\" content=\"summary_large_image\" \/>\r\n<meta name=\"twitter:label1\" content=\"Ber\u00e4knad l\u00e4stid\" \/>\n\t<meta name=\"twitter:data1\" content=\"6 minuter\" \/>\r\n<script type=\"application\/ld+json\" class=\"yoast-schema-graph\">{\"@context\":\"https:\\\/\\\/schema.org\",\"@graph\":[{\"@type\":\"WebPage\",\"@id\":\"https:\\\/\\\/suresms.com\\\/dk\\\/funktioner\\\/2-vejs-sms-losning-med-hosted-sim\\\/\",\"url\":\"https:\\\/\\\/suresms.com\\\/dk\\\/funktioner\\\/2-vejs-sms-losning-med-hosted-sim\\\/\",\"name\":\"2-vejs SMS med Hosted SIM I SureSMS I international 2vejs L\u00f8sning\",\"isPartOf\":{\"@id\":\"https:\\\/\\\/suresms.com\\\/en\\\/#website\"},\"primaryImageOfPage\":{\"@id\":\"https:\\\/\\\/suresms.com\\\/dk\\\/funktioner\\\/2-vejs-sms-losning-med-hosted-sim\\\/#primaryimage\"},\"image\":{\"@id\":\"https:\\\/\\\/suresms.com\\\/dk\\\/funktioner\\\/2-vejs-sms-losning-med-hosted-sim\\\/#primaryimage\"},\"thumbnailUrl\":\"https:\\\/\\\/suresms.com\\\/wp-content\\\/uploads\\\/2014\\\/10\\\/kommunikation-500x380-px.jpg\",\"datePublished\":\"2014-10-29T09:25:11+00:00\",\"dateModified\":\"2025-01-21T10:14:51+00:00\",\"description\":\"Hosted SIM - Med en Hosted SIM 2-vejs SMS l\u00f8sning v\u00e6lger du selv nummeret. Brug firmanummer eller udenlandske numre. gratis oprettelse I 18 \u00f8re pr. SMS\",\"breadcrumb\":{\"@id\":\"https:\\\/\\\/suresms.com\\\/dk\\\/funktioner\\\/2-vejs-sms-losning-med-hosted-sim\\\/#breadcrumb\"},\"inLanguage\":\"sv-SE\",\"potentialAction\":[{\"@type\":\"ReadAction\",\"target\":[\"https:\\\/\\\/suresms.com\\\/dk\\\/funktioner\\\/2-vejs-sms-losning-med-hosted-sim\\\/\"]}]},{\"@type\":\"ImageObject\",\"inLanguage\":\"sv-SE\",\"@id\":\"https:\\\/\\\/suresms.com\\\/dk\\\/funktioner\\\/2-vejs-sms-losning-med-hosted-sim\\\/#primaryimage\",\"url\":\"https:\\\/\\\/suresms.com\\\/wp-content\\\/uploads\\\/2014\\\/10\\\/kommunikation-500x380-px.jpg\",\"contentUrl\":\"https:\\\/\\\/suresms.com\\\/wp-content\\\/uploads\\\/2014\\\/10\\\/kommunikation-500x380-px.jpg\"},{\"@type\":\"BreadcrumbList\",\"@id\":\"https:\\\/\\\/suresms.com\\\/dk\\\/funktioner\\\/2-vejs-sms-losning-med-hosted-sim\\\/#breadcrumb\",\"itemListElement\":[{\"@type\":\"ListItem\",\"position\":1,\"name\":\"Home\",\"item\":\"https:\\\/\\\/suresms.com\\\/dk\\\/\"},{\"@type\":\"ListItem\",\"position\":2,\"name\":\"Funktioner\",\"item\":\"https:\\\/\\\/suresms.com\\\/dk\\\/funktioner\\\/\"},{\"@type\":\"ListItem\",\"position\":3,\"name\":\"2-vejs SMS med Hosted SIM\"}]},{\"@type\":\"WebSite\",\"@id\":\"https:\\\/\\\/suresms.com\\\/en\\\/#website\",\"url\":\"https:\\\/\\\/suresms.com\\\/en\\\/\",\"name\":\"SureSMS\",\"description\":\"Professionel SMS Gateway\",\"publisher\":{\"@id\":\"https:\\\/\\\/suresms.com\\\/en\\\/#organization\"},\"potentialAction\":[{\"@type\":\"SearchAction\",\"target\":{\"@type\":\"EntryPoint\",\"urlTemplate\":\"https:\\\/\\\/suresms.com\\\/en\\\/?s={search_term_string}\"},\"query-input\":{\"@type\":\"PropertyValueSpecification\",\"valueRequired\":true,\"valueName\":\"search_term_string\"}}],\"inLanguage\":\"sv-SE\"},{\"@type\":\"Organization\",\"@id\":\"https:\\\/\\\/suresms.com\\\/en\\\/#organization\",\"name\":\"SureSMS\",\"url\":\"https:\\\/\\\/suresms.com\\\/en\\\/\",\"logo\":{\"@type\":\"ImageObject\",\"inLanguage\":\"sv-SE\",\"@id\":\"https:\\\/\\\/suresms.com\\\/en\\\/#\\\/schema\\\/logo\\\/image\\\/\",\"url\":\"https:\\\/\\\/suresms.com\\\/wp-content\\\/uploads\\\/2024\\\/11\\\/suresms-300x65-1.png\",\"contentUrl\":\"https:\\\/\\\/suresms.com\\\/wp-content\\\/uploads\\\/2024\\\/11\\\/suresms-300x65-1.png\",\"width\":300,\"height\":65,\"caption\":\"SureSMS\"},\"image\":{\"@id\":\"https:\\\/\\\/suresms.com\\\/en\\\/#\\\/schema\\\/logo\\\/image\\\/\"},\"sameAs\":[\"https:\\\/\\\/www.facebook.com\\\/p\\\/SureSMS-100044607956149\\\/\"]}]}<\/script>\r\n<!-- \/ Yoast SEO Premium plugin. -->","yoast_head_json":{"title":"2-v\u00e4gs SMS med Hosted SIM i SureSMS I internationell 2-v\u00e4gs l\u00f6sning","description":"Hosted SIM - Med en Hosted SIM 2-v\u00e4gs SMS-l\u00f6sning v\u00e4ljer du numret sj\u00e4lv. Anv\u00e4nd f\u00f6retagsnummer eller utl\u00e4ndska nummer. Gratis upps\u00e4ttning f\u00f6r 18 \u00f6re per SMS","robots":{"index":"index","follow":"follow","max-snippet":"max-snippet:-1","max-image-preview":"max-image-preview:large","max-video-preview":"max-video-preview:-1"},"canonical":"https:\/\/suresms.com\/sv\/funktioner\/2-vags-sms-avlasning-med-vardsimulator\/","og_locale":"sv_SE","og_type":"article","og_title":"2-vejs SMS med Hosted SIM","og_description":"Hosted SIM - Med en Hosted SIM 2-vejs SMS l\u00f8sning v\u00e6lger du selv nummeret. Brug firmanummer eller udenlandske numre. gratis oprettelse I 18 \u00f8re pr. SMS","og_url":"https:\/\/suresms.com\/sv\/funktioner\/2-vags-sms-avlasning-med-vardsimulator\/","article_publisher":"https:\/\/www.facebook.com\/p\/SureSMS-100044607956149\/","article_modified_time":"2025-01-21T10:14:51+00:00","og_image":[{"url":"https:\/\/suresms.com\/wp-content\/uploads\/2014\/10\/kommunikation-500x380-px.jpg","type":"","width":"","height":""}],"twitter_card":"summary_large_image","twitter_misc":{"Ber\u00e4knad l\u00e4stid":"6 minuter"},"schema":{"@context":"https:\/\/schema.org","@graph":[{"@type":"WebPage","@id":"https:\/\/suresms.com\/dk\/funktioner\/2-vejs-sms-losning-med-hosted-sim\/","url":"https:\/\/suresms.com\/dk\/funktioner\/2-vejs-sms-losning-med-hosted-sim\/","name":"2-v\u00e4gs SMS med Hosted SIM i SureSMS I internationell 2-v\u00e4gs l\u00f6sning","isPartOf":{"@id":"https:\/\/suresms.com\/en\/#website"},"primaryImageOfPage":{"@id":"https:\/\/suresms.com\/dk\/funktioner\/2-vejs-sms-losning-med-hosted-sim\/#primaryimage"},"image":{"@id":"https:\/\/suresms.com\/dk\/funktioner\/2-vejs-sms-losning-med-hosted-sim\/#primaryimage"},"thumbnailUrl":"https:\/\/suresms.com\/wp-content\/uploads\/2014\/10\/kommunikation-500x380-px.jpg","datePublished":"2014-10-29T09:25:11+00:00","dateModified":"2025-01-21T10:14:51+00:00","description":"Hosted SIM - Med en Hosted SIM 2-v\u00e4gs SMS-l\u00f6sning v\u00e4ljer du numret sj\u00e4lv. Anv\u00e4nd f\u00f6retagsnummer eller utl\u00e4ndska nummer. Gratis upps\u00e4ttning f\u00f6r 18 \u00f6re per SMS","breadcrumb":{"@id":"https:\/\/suresms.com\/dk\/funktioner\/2-vejs-sms-losning-med-hosted-sim\/#breadcrumb"},"inLanguage":"sv-SE","potentialAction":[{"@type":"ReadAction","target":["https:\/\/suresms.com\/dk\/funktioner\/2-vejs-sms-losning-med-hosted-sim\/"]}]},{"@type":"ImageObject","inLanguage":"sv-SE","@id":"https:\/\/suresms.com\/dk\/funktioner\/2-vejs-sms-losning-med-hosted-sim\/#primaryimage","url":"https:\/\/suresms.com\/wp-content\/uploads\/2014\/10\/kommunikation-500x380-px.jpg","contentUrl":"https:\/\/suresms.com\/wp-content\/uploads\/2014\/10\/kommunikation-500x380-px.jpg"},{"@type":"BreadcrumbList","@id":"https:\/\/suresms.com\/dk\/funktioner\/2-vejs-sms-losning-med-hosted-sim\/#breadcrumb","itemListElement":[{"@type":"ListItem","position":1,"name":"Home","item":"https:\/\/suresms.com\/dk\/"},{"@type":"ListItem","position":2,"name":"Funktioner","item":"https:\/\/suresms.com\/dk\/funktioner\/"},{"@type":"ListItem","position":3,"name":"2-vejs SMS med Hosted SIM"}]},{"@type":"WebSite","@id":"https:\/\/suresms.com\/en\/#website","url":"https:\/\/suresms.com\/en\/","name":"SureSMS","description":"Professionell SMS Gateway","publisher":{"@id":"https:\/\/suresms.com\/en\/#organization"},"potentialAction":[{"@type":"SearchAction","target":{"@type":"EntryPoint","urlTemplate":"https:\/\/suresms.com\/en\/?s={search_term_string}"},"query-input":{"@type":"PropertyValueSpecification","valueRequired":true,"valueName":"search_term_string"}}],"inLanguage":"sv-SE"},{"@type":"Organization","@id":"https:\/\/suresms.com\/en\/#organization","name":"SureSMS","url":"https:\/\/suresms.com\/en\/","logo":{"@type":"ImageObject","inLanguage":"sv-SE","@id":"https:\/\/suresms.com\/en\/#\/schema\/logo\/image\/","url":"https:\/\/suresms.com\/wp-content\/uploads\/2024\/11\/suresms-300x65-1.png","contentUrl":"https:\/\/suresms.com\/wp-content\/uploads\/2024\/11\/suresms-300x65-1.png","width":300,"height":65,"caption":"SureSMS"},"image":{"@id":"https:\/\/suresms.com\/en\/#\/schema\/logo\/image\/"},"sameAs":["https:\/\/www.facebook.com\/p\/SureSMS-100044607956149\/"]}]}},"_links":{"self":[{"href":"https:\/\/suresms.com\/sv\/wp-json\/wp\/v2\/pages\/511","targetHints":{"allow":["GET"]}}],"collection":[{"href":"https:\/\/suresms.com\/sv\/wp-json\/wp\/v2\/pages"}],"about":[{"href":"https:\/\/suresms.com\/sv\/wp-json\/wp\/v2\/types\/page"}],"author":[{"embeddable":true,"href":"https:\/\/suresms.com\/sv\/wp-json\/wp\/v2\/users\/1"}],"replies":[{"embeddable":true,"href":"https:\/\/suresms.com\/sv\/wp-json\/wp\/v2\/comments?post=511"}],"version-history":[{"count":5,"href":"https:\/\/suresms.com\/sv\/wp-json\/wp\/v2\/pages\/511\/revisions"}],"predecessor-version":[{"id":21888,"href":"https:\/\/suresms.com\/sv\/wp-json\/wp\/v2\/pages\/511\/revisions\/21888"}],"up":[{"embeddable":true,"href":"https:\/\/suresms.com\/sv\/wp-json\/wp\/v2\/pages\/958"}],"wp:attachment":[{"href":"https:\/\/suresms.com\/sv\/wp-json\/wp\/v2\/media?parent=511"}],"wp:term":[{"taxonomy":"category","embeddable":true,"href":"https:\/\/suresms.com\/sv\/wp-json\/wp\/v2\/categories?post=511"},{"taxonomy":"post_tag","embeddable":true,"href":"https:\/\/suresms.com\/sv\/wp-json\/wp\/v2\/tags?post=511"}],"curies":[{"name":"wp","href":"https:\/\/api.w.org\/{rel}","templated":true}]}}