{"id":449,"date":"2014-10-12T10:47:57","date_gmt":"2014-10-12T08:47:57","guid":{"rendered":"https:\/\/www.suresms.com\/dk\/?page_id=449"},"modified":"2026-03-17T11:40:09","modified_gmt":"2026-03-17T11:40:09","slug":"ta-emot-textmeddelanden-paa-din-dator","status":"publish","type":"page","link":"https:\/\/suresms.com\/sv\/funktioner\/modtag-sms-pa-din-computer\/","title":{"rendered":"Ta emot SMS p\u00e5 din dator"},"content":{"rendered":"<!-- Flexy Breadcrumb -->\r\n\t\t\t<div class=\"fbc fbc-page\">\r\n\r\n\t\t\t\t<!-- Breadcrumb wrapper -->\r\n\t\t\t\t<div class=\"fbc-wrap\">\r\n\r\n\t\t\t\t\t<!-- Ordered list-->\r\n\t\t\t\t\t<ol class=\"fbc-items\" itemscope itemtype=\"https:\/\/schema.org\/BreadcrumbList\">\r\n\t\t\t\t\t\t            <li itemprop=\"itemListElement\" itemscope itemtype=\"https:\/\/schema.org\/ListItem\">\r\n                <span itemprop=\"name\">\r\n                    <!-- Home Link -->\r\n                    <a itemprop=\"item\" href=\"https:\/\/suresms.com\/sv\/\">\r\n                    \r\n                                                    <i class=\"fa fa-home\" aria-hidden=\"true\"><\/i>Hem                    <\/a>\r\n                <\/span>\r\n                <meta itemprop=\"position\" content=\"1\" \/><!-- Meta Position-->\r\n             <\/li><li><span class=\"fbc-separator\">\/<\/span><\/li><li class=\"active\" itemprop=\"itemListElement\" itemscope itemtype=\"https:\/\/schema.org\/ListItem\"><span itemprop=\"name\" title=\"Ta emot SMS p\u00e5 din dator\">Ta emot SMS p\u00e5 din...<\/span><meta itemprop=\"position\" content=\"2\" \/><\/li>\t\t\t\t\t<\/ol>\r\n\t\t\t\t\t<div class=\"clearfix\"><\/div>\r\n\t\t\t\t<\/div>\r\n\t\t\t<\/div>\r\n\t\t\t\n<h1>\n\t\t\tTa emot SMS p\u00e5 din dator\t<\/h1>\n\tBeh\u00f6ver du ta emot SMS-meddelanden fr\u00e5n dina kunder? Eller vill du skicka SMS-meddelanden till grupper direkt fr\u00e5n SMS? D\u00e5 kan 2-v\u00e4gs SMS vara l\u00f6sningen f\u00f6r dig.<br \/>\nOm du redan har ett SMS-konto d\u00e4r du skickar meddelanden till dina anv\u00e4ndare kan det vara b\u00e5de ett behov och en bra service att mottagaren kan svara tillbaka.\n\t<ul>\n\t\t<li>\t\t\t\t\n\t\t<h3>F\u00e5 SMS i din inkorg<\/h3><p>Alla SMS som du tar emot p\u00e5 ditt nummer lagras i din inkorg p\u00e5 http:\/\/app.suresms.com\/. H\u00e4rifr\u00e5n kan du enkelt svara p\u00e5 meddelandet direkt i din webbl\u00e4sare.\u00a0<\/p><\/li><li>\t\t\t\t\n\t\t<h3>F\u00e5 SMS i din brevl\u00e5da<\/h3><p>Det \u00e4r ocks\u00e5 m\u00f6jligt att aktivera SMS-2-Email s\u00e5 att vi vidarebefordrar inkommande SMS till din e-postadress. N\u00e4r du f\u00e5r mejlet kan du bara klicka p\u00e5 \"svara\" s\u00e5 skickar vi svaret som ett SMS.\u00a0<\/p><\/li><li>\t\t\t\t\n\t\t<h3>Ta emot SMS som webhook<\/h3><p>Det \u00e4r ocks\u00e5 m\u00f6jligt att ta emot en s\u00e5 kallad webhook p\u00e5 din egen server. Vi g\u00f6r ett HTTP-anrop till en webbplats som du har skapat. Vi st\u00e4ller in v\u00e5rt system s\u00e5 att det k\u00e4nner till din adress (end-point). N\u00e4r vi tar emot ett SMS-meddelande p\u00e5 ditt v\u00e4rdnummer l\u00e4gger vi det i din inkorg och g\u00f6r ett HTTP-anrop till din webbplats.<\/p>\n<p><a href=\"http:\/\/manual.suresms.com\/avanceret-opsaetning-af-2-vejs-sms\/\">Se mer information om hur du skapar en http-sida h\u00e4r\u00a0<\/a><\/p>\n<\/li><li>\t\t\t\t\n\t\t<h3>Svarar automatiskt p\u00e5 inkommande meddelanden<\/h3><p>Du har m\u00f6jlighet att, via v\u00e5rt fl\u00f6de, st\u00e4lla in ett autosvar n\u00e4r du f\u00e5r ett SMS p\u00e5 ditt inkommande nummer.\u00a0<\/p><\/li>\t<\/ul>\n<h3>\n\t\t\tAllm\u00e4nt f\u00f6r v\u00e5ra 2-v\u00e4gsl\u00f6sningar:\t<\/h3>\n\t<ul>\n<li>Det kostar inget att ta emot SMS p\u00e5 numret. Oavsett hur m\u00e5nga SMS vi vidarebefordrar till dig s\u00e5 ing\u00e5r det i abonnemanget.<\/li>\n<\/ul>\n<ul>\n<li>De SMS som du skickar fr\u00e5n din 2-v\u00e4gs-l\u00f6sning debiteras enligt g\u00e4llande taxa. <a title=\"Priser f\u00f6r SMS-gateway\" href=\"https:\/\/suresms.com\/sv\/sms-gateway-professionella-sms-losningar\/sms-gateway-priser\/\">Se v\u00e5ra priser f\u00f6r SMS-gateway h\u00e4r.&nbsp;<\/a><\/li>\n<\/ul>\n<ul>\n<li><strong>Om du skickar mer \u00e4n 10.000 SMS per m\u00e5nad <a title=\"Kontakta oss\" href=\"https:\/\/suresms.com\/sv\/kontakt\/\">Kontakta oss<\/a> F\u00f6r ett pris!!!<\/strong><\/li>\n<\/ul>\n<ul>\n<li>F\u00f6r b\u00e5da l\u00f6sningarna g\u00e4ller att SMS kan besvaras b\u00e5de fr\u00e5n v\u00e5r webbplats och fr\u00e5n din egen brevl\u00e5da.<\/li>\n<\/ul>\n<ul>\n<li>V\u00e5r 2-v\u00e4gsl\u00f6sning st\u00f6der mottagning av Flash-meddelanden.<\/li>\n<\/ul>\n<ul>\n<li>Tyv\u00e4rr g\u00e5r det inte att ha b\u00e5de en tv\u00e5v\u00e4gs- och en alfanumerisk s\u00e4ndare samtidigt.<\/li>\n<\/ul>\n\t\t<figure itemscope itemtype=\"https:\/\/schema.org\/ImageObject\">\n\t\t\t\t<a href=\"https:\/\/suresms.com\/sv\/bestallning\/bestall-2-vags-lossning\/\"  target=\"_self\" itemprop=\"url\">\n\t\t\t\t<img decoding=\"async\" src=\"https:\/\/suresms.com\/wp-content\/uploads\/2014\/10\/2-vejs-virtuelle-400x150-pix.jpg\" alt=\"2-v\u00e4gs SMS virtuella nummer VLR\" height=\"150\" width=\"400\" title=\"2-v\u00e4gs virtuell 400x150 pixlar\" onerror=\"this.style.display='none'\" loading=\"lazy\" \/>\n\t\t\t\t<\/a>\n\t<\/figure>\n<h3><a href=\"https:\/\/suresms.com\/sv\/bestallning\/bestall-2-vags-lossning\/\" target=\"_self\">2-v\u00e4gs \"virtuellt nummer\"<\/a><\/h3><p>Molnbaserad, snabb och billig 2-v\u00e4gsl\u00f6sning. Bra f\u00f6r att ta emot m\u00e5nga SMS-meddelanden p\u00e5 kort tid och f\u00f6r M2M. Om du beh\u00f6ver f\u00e5 nummer.<\/p>\n<ul>\n<li>99,-\/m\u00e5nad abonnemang<\/li>\n<li>Gratis och snabb skapelse<\/li>\n<li>1 m\u00e5nads upps\u00e4gningstid<\/li>\n<li>Inget fysiskt SIM-kort<\/li>\n<li>SureSMS levererar numret<\/li>\n<li>Obegr\u00e4nsad mottagning<\/li>\n<li>M2M<\/li>\n<li>nyckelord obegr\u00e4nsad<\/li>\n<li>Obegr\u00e4nsat antal s\u00f6kord<\/li>\n<\/ul>\n\t\t\t<a href=\"https:\/\/suresms.com\/sv\/bestallning\/bestall-2-vags-lossning\/\"  target=\"_self\">\n\t\t\t\t\t\t\tBest\u00e4llning 2-v\u00e4gs Virtuellt nummer\n\t\t\t\t\t<\/a>\n\t\t<figure itemscope itemtype=\"https:\/\/schema.org\/ImageObject\">\n\t\t\t\t<a href=\"https:\/\/suresms.com\/sv\/bestallning\/bestall-2-vags-lossning\/\"  target=\"_self\" itemprop=\"url\">\n\t\t\t\t<img decoding=\"async\" src=\"https:\/\/suresms.com\/wp-content\/uploads\/2014\/10\/2-vejs-hostetSIM-400x150-pix.jpg\" alt=\"2-v\u00e4gsl\u00f6sning med SureSMS som v\u00e4rd\" height=\"150\" width=\"400\" title=\"2-v\u00e4gs hostedSIM\" onerror=\"this.style.display='none'\" loading=\"lazy\" \/>\n\t\t\t\t<\/a>\n\t<\/figure>\n<h3><a href=\"https:\/\/suresms.com\/sv\/bestallning\/bestall-2-vags-lossning\/\" target=\"_self\">2-v\u00e4gs \"Hosted SIM\"<\/a><\/h3><p>Den b\u00e4sta l\u00f6sningen om ditt f\u00f6retag vill v\u00e4lja sitt eget nummer, om kunderna beh\u00f6ver ringa tillbaka eller om du vill ha ett utl\u00e4ndskt SIM-kort.<\/p>\n<ul>\n\n<li>199,-\/m\u00e5nad i abonnemang<\/li>\n<li>299,- i skapelse<\/li>\n<li>Alternativ f\u00f6r internationella nummer<\/li>\n<li>Du f\u00e5r ett SIM-kort<\/li>\n<li>6 m\u00e5naders \u00e5tagande\/1 m\u00e5nads avbokning<\/li>\n<li>Tar emot 10 SMS\/min. Resten i k\u00f6.<\/li>\n<li>Frihet att v\u00e4lja nummer<\/li>\n<li>Du \u00e4ger numret<\/li>\n<li>Vidarekoppling av samtal<\/li>\n<li>Obegr\u00e4nsat antal s\u00f6kord<\/li>\n<\/ul>\n\t\t\t<a href=\"https:\/\/suresms.com\/sv\/bestallning\/bestall-2-vags-lossning\/\"  target=\"_self\">\n\t\t\t\t\t\t\tBest\u00e4ll 2-v\u00e4gs Hosted SIM\n\t\t\t\t\t<\/a>\n\t\t<figure itemscope itemtype=\"https:\/\/schema.org\/ImageObject\">\n\t\t\t\t<a href=\"https:\/\/suresms.com\/sv\/om-suresms\/kontakt\/\"  target=\"_self\" itemprop=\"url\">\n\t\t\t\t<img decoding=\"async\" src=\"https:\/\/suresms.com\/wp-content\/uploads\/2014\/10\/2vejs-serier-400x150-pix.jpg\" alt=\"2-v\u00e4gs SMS-l\u00f6sning nummerserier VLR\" height=\"150\" width=\"400\" title=\"2-v\u00e4gs serier 400x150 pixlar\" onerror=\"this.style.display='none'\" loading=\"lazy\" \/>\n\t\t\t\t<\/a>\n\t<\/figure>\n<h3><a href=\"https:\/\/suresms.com\/sv\/om-suresms\/kontakt\/\" target=\"_self\">2-v\u00e4gs \"nummerserie\"<\/a><\/h3><p>Virtuella nummerserier f\u00f6r f\u00f6retag som beh\u00f6ver m\u00e5nga nummer. Priset varierar beroende p\u00e5 volym. Kontakta oss f\u00f6r mer information.<\/p>\n<ul>\n<li>Ta emot SMS via API<\/li>\n<li>F\u00f6r m\u00e5nga nummer<\/li>\n<li>Max 49,-\/m\u00e5nad i abonnemang<\/li>\n<li>Pris enligt \u00f6verenskommelse<\/li>\n<li>F\u00f6r minst 10 mobilnummer<\/li>\n<li>Fri skapelse<\/li>\n<li>Danska siffror<\/li>\n<li>Inget fysiskt SIM-kort<\/li>\n<li>6 m\u00e5naders \u00e5tagande<\/li>\n<li>1 m\u00e5nads upps\u00e4gningstid<\/li>\n<li>nyckelord obegr\u00e4nsad<\/li>\n<li>Obegr\u00e4nsad mottagning<\/li>\n<\/ul>\n\t\t\t<a href=\"https:\/\/suresms.com\/sv\/om-suresms\/kontakt\/\"  target=\"_self\">\n\t\t\t\t\t\t\tKontakta oss h\u00e4r!\n\t\t\t\t\t<\/a>\n<h3>\n\t\t\tDet kan ta upp till 24 timmar fr\u00e5n det att du best\u00e4ller din 2-v\u00e4gsl\u00f6sning till dess att du f\u00e5r ditt anv\u00e4ndarnamn och din kod!\t<\/h3>\n\t\t<h3>Vill du veta mer om v\u00e4rdbaserade SIM-kort?<\/h3>\n\t\t<p>Se mer information, teknisk beskrivning och dokumentation om v\u00e5ra SIM-l\u00f6sningar h\u00e4r.<\/p>\n\t\t\t<a href=\"http:\/\/manual.suresms.com\/2-vejs-sms\/opsaetning-af-2-vejs-sms\/\"  target=\"_blank\" rel=\"noopener\">\n\t\t\t\t\t\tSpecifikationer\n\t\t\t\t\t<\/a>\n\t<h2>Varf\u00f6r vi v\u00e4ljer v\u00e4rdbaserade SIM- och VLN-nummer<\/h2>\nTekniskt sett finns det olika s\u00e4tt att skapa en l\u00f6sning d\u00e4r mottagaren kan svara p\u00e5 dina meddelanden.<br \/>\nEtt alternativ p\u00e5 marknaden \u00e4r att anv\u00e4nda s\u00e5 kallade mediakoder och kortkoder. Med hj\u00e4lp av en 4-siffrig mediakod och ett l\u00f6senord kan kunden svara p\u00e5 dina meddelanden, till exempel om du har en ostbutik f\u00e5r du mediakoden \"Cheese\". N\u00e4r n\u00e5gon skickar ett meddelande till en kortkod - t.ex. 9944, m\u00e5ste de skriva \"OST\" f\u00f6rst och sedan meddelandet efter\u00e5t.Problemet med denna l\u00f6sning \u00e4r att den \u00e4r komplex f\u00f6r kunden. \u00c4rligt talat! Vem vet att de m\u00e5ste skriva OST? Ditt meddelande kommer att l\u00e5ta s\u00e5 h\u00e4r: \"K\u00e4ra Signe. Varorna du best\u00e4llde har anl\u00e4nt. F\u00f6r att svara p\u00e5 detta meddelande, skicka ett SMS till 9944 med ordet OST f\u00f6ljt av meddelandet.\"\n<p>F\u00f6rutom att det \u00e4r komplicerat och med stor risk f\u00f6r kommunikationsfel \u00e4r det en dyr l\u00f6sning att implementera. Vi p\u00e5 Sure SMS tycker att det ska vara enkelt och l\u00f6nsamt f\u00f6r v\u00e5ra kunder.<\/p>\n<p><strong>Vi har d\u00e4rf\u00f6r valt att erbjuda en - enligt v\u00e5r mening - b\u00e4ttre l\u00f6sning!<\/strong><\/p>\n<h2>V\u00e5r 2-v\u00e4gs SMS-l\u00f6sning<\/h2>\nMed Sure SMS f\u00e5r du ditt svar p\u00e5 ett mobilnummer som bara \u00e4r ditt. Det inneb\u00e4r att du f\u00e5r ALLA meddelanden som skrivs till detta nummer. N\u00e4r du skickar ut ditt meddelande skickas det fr\u00e5n samma nummer. Det \u00e4r enkel kommunikation f\u00f6r kunden med en mycket mindre felmarginal.<br \/>\nDu skriver: \"K\u00e4ra Signe. Varorna som du best\u00e4llde har kommit.\"  Om Signe vill svara p\u00e5 meddelandet trycker hon helt enkelt p\u00e5 \"reply\" och skriver svaret.\n<p>Du best\u00e4mmer om du vill att vi ska anv\u00e4nda ditt SIM-kort fr\u00e5n din nummerserie eller om du vill att vi ska tillhandah\u00e5lla SIM-kort. Vi \u00e4r g\u00e4rna v\u00e4rd. Kontakta oss f\u00f6r mer information eller r\u00e5d. Du kan ocks\u00e5 hitta mer information i l\u00e4nkarna nedan<\/p>\n<p>Se <a title=\"Priser f\u00f6r SMS-gateway\" href=\"https:\/\/suresms.com\/sv\/sms-gateway-priser\/\">SMS och 2-v\u00e4gs priss\u00e4ttning h\u00e4r<\/a>.<\/p>\n\t\t<h3>Fler fr\u00e5gor?<\/h3>\n\t\t<p>Har du fler fr\u00e5gor om 2-v\u00e4gsl\u00f6sningar? Ring oss eller skicka ett mejl till oss!<\/p>\n\t\t\t<a href=\"https:\/\/suresms.com\/sv\/kontakt\/\"  target=\"_self\">\n\t\t\t\t\t\tSkicka ett e-postmeddelande\n\t\t\t\t\t<\/a>\n\t\t<h3>Dokumentation<\/h3>\n\t\t<p>Se mer information och teknisk beskrivning av v\u00e5r SIM-l\u00f6sning h\u00e4r.<\/p>\n\t\t\t<a href=\"https:\/\/suresms.com\/sv\/2-vags-sms-avlasning-med-vardsimulator\/\"  target=\"_self\">\n\t\t\t\t\t\tSe mer information\n\t\t\t\t\t<\/a>\n\t\t<h3>Om SureSMS<\/h3>\n\t\t<p>Vi \u00e4r alltid glada att f\u00e5 ber\u00e4tta lite om v\u00e5rt f\u00f6retag. L\u00e4s mer om SureSMS h\u00e4r!<\/p>\n\t\t\t<a href=\"https:\/\/suresms.com\/sv\/om-suresms\/\"  target=\"_self\">\n\t\t\t\t\t\tOm SureSMS\n\t\t\t\t\t<\/a>\n\t\t<h3>Prova det NU!<\/h3>\n\t\t<p>Skapa ett kostnadsfritt testkonto nu och f\u00e5 50 gratis SMS utan n\u00e5gra f\u00f6rpliktelser!<\/p>\n\t\t\t<a href=\"https:\/\/suresms.com\/sv\/gratis-sms-testkonto\/\"  target=\"_self\">\n\t\t\t\t\t\t\tSkapa testkonto\n\t\t\t\t\t<\/a>","protected":false},"excerpt":{"rendered":"<p>Ta emot SMS p\u00e5 din dator Beh\u00f6ver du ta emot textmeddelanden fr\u00e5n dina kunder? Eller vill du skicka SMS till grupper direkt fr\u00e5n SMS? D\u00e5 kan 2-v\u00e4gs SMS vara l\u00f6sningen f\u00f6r dig. Om du redan har ett SMS-konto d\u00e4r du skickar meddelanden till dina anv\u00e4ndare kan det vara b\u00e5de ett behov och en... <a title=\"Ta emot SMS p\u00e5 din dator\" class=\"read-more\" href=\"https:\/\/suresms.com\/sv\/funktioner\/modtag-sms-pa-din-computer\/\" aria-label=\"L\u00e4s mer om Ta emot SMS p\u00e5 din dator\">L\u00e4s mer om det<\/a><\/p>","protected":false},"author":1,"featured_media":0,"parent":958,"menu_order":2,"comment_status":"closed","ping_status":"closed","template":"","meta":{"_fl_builder_enabled":"1","_fl_builder_data":null,"_fl_builder_draft":null,"_fl_builder_data_settings":null,"_fl_builder_css":"","_fl_builder_css_version":"","_fl_builder_js":"","footnotes":""},"categories":[17],"tags":[],"class_list":{"0":"post-449","1":"page","2":"type-page","3":"status-publish","5":"category-linkfracornorstone"},"yoast_head":"<!-- This site is optimized with the Yoast SEO Premium plugin v27.3 (Yoast SEO v27.3) - https:\/\/yoast.com\/product\/yoast-seo-premium-wordpress\/ -->\r\n<title>2 vejs SMS, modtag SMS p\u00e5 din computer og iPad. Bestil 2-vejs l\u00f8sning!<\/title>\r\n<meta name=\"description\" content=\"Med 2 vejs SMS kan du modtage SMS p\u00e5 din computer eller iPad. L\u00f8sning fra SureSMS er den nemmeste for dine kunder. N\u00e5r de modtager SMS kan de svare p\u00e5 den.\" \/>\r\n<meta name=\"robots\" content=\"index, follow, max-snippet:-1, max-image-preview:large, max-video-preview:-1\" \/>\r\n<link rel=\"canonical\" href=\"https:\/\/suresms.com\/sv\/funktioner\/ta-emot-textmeddelanden-paa-din-dator\/\" \/>\r\n<meta property=\"og:locale\" content=\"sv_SE\" \/>\r\n<meta property=\"og:type\" content=\"article\" \/>\r\n<meta property=\"og:title\" content=\"Modtag SMS p\u00e5 din computer\" \/>\r\n<meta property=\"og:description\" content=\"Med 2 vejs SMS kan du modtage SMS p\u00e5 din computer eller iPad. L\u00f8sning fra SureSMS er den nemmeste for dine kunder. N\u00e5r de modtager SMS kan de svare p\u00e5 den.\" \/>\r\n<meta property=\"og:url\" content=\"https:\/\/suresms.com\/sv\/funktioner\/ta-emot-textmeddelanden-paa-din-dator\/\" \/>\r\n<meta property=\"article:publisher\" content=\"https:\/\/www.facebook.com\/p\/SureSMS-100044607956149\/\" \/>\r\n<meta property=\"article:modified_time\" content=\"2026-03-17T11:40:09+00:00\" \/>\r\n<meta property=\"og:image\" content=\"https:\/\/suresms.com\/wp-content\/uploads\/2014\/10\/2-vejs-virtuelle-400x150-pix.jpg\" \/>\r\n<meta name=\"twitter:card\" content=\"summary_large_image\" \/>\r\n<meta name=\"twitter:label1\" content=\"Ber\u00e4knad l\u00e4stid\" \/>\n\t<meta name=\"twitter:data1\" content=\"6 minuter\" \/>\r\n<script type=\"application\/ld+json\" class=\"yoast-schema-graph\">{\"@context\":\"https:\\\/\\\/schema.org\",\"@graph\":[{\"@type\":\"WebPage\",\"@id\":\"https:\\\/\\\/suresms.com\\\/dk\\\/funktioner\\\/modtag-sms-pa-din-computer\\\/\",\"url\":\"https:\\\/\\\/suresms.com\\\/dk\\\/funktioner\\\/modtag-sms-pa-din-computer\\\/\",\"name\":\"2 vejs SMS, modtag SMS p\u00e5 din computer og iPad. Bestil 2-vejs l\u00f8sning!\",\"isPartOf\":{\"@id\":\"https:\\\/\\\/suresms.com\\\/en\\\/#website\"},\"primaryImageOfPage\":{\"@id\":\"https:\\\/\\\/suresms.com\\\/dk\\\/funktioner\\\/modtag-sms-pa-din-computer\\\/#primaryimage\"},\"image\":{\"@id\":\"https:\\\/\\\/suresms.com\\\/dk\\\/funktioner\\\/modtag-sms-pa-din-computer\\\/#primaryimage\"},\"thumbnailUrl\":\"https:\\\/\\\/suresms.com\\\/wp-content\\\/uploads\\\/2014\\\/10\\\/2-vejs-virtuelle-400x150-pix.jpg\",\"datePublished\":\"2014-10-12T08:47:57+00:00\",\"dateModified\":\"2026-03-17T11:40:09+00:00\",\"description\":\"Med 2 vejs SMS kan du modtage SMS p\u00e5 din computer eller iPad. L\u00f8sning fra SureSMS er den nemmeste for dine kunder. N\u00e5r de modtager SMS kan de svare p\u00e5 den.\",\"breadcrumb\":{\"@id\":\"https:\\\/\\\/suresms.com\\\/dk\\\/funktioner\\\/modtag-sms-pa-din-computer\\\/#breadcrumb\"},\"inLanguage\":\"sv-SE\",\"potentialAction\":[{\"@type\":\"ReadAction\",\"target\":[\"https:\\\/\\\/suresms.com\\\/dk\\\/funktioner\\\/modtag-sms-pa-din-computer\\\/\"]}]},{\"@type\":\"ImageObject\",\"inLanguage\":\"sv-SE\",\"@id\":\"https:\\\/\\\/suresms.com\\\/dk\\\/funktioner\\\/modtag-sms-pa-din-computer\\\/#primaryimage\",\"url\":\"https:\\\/\\\/suresms.com\\\/wp-content\\\/uploads\\\/2014\\\/10\\\/2-vejs-virtuelle-400x150-pix.jpg\",\"contentUrl\":\"https:\\\/\\\/suresms.com\\\/wp-content\\\/uploads\\\/2014\\\/10\\\/2-vejs-virtuelle-400x150-pix.jpg\"},{\"@type\":\"BreadcrumbList\",\"@id\":\"https:\\\/\\\/suresms.com\\\/dk\\\/funktioner\\\/modtag-sms-pa-din-computer\\\/#breadcrumb\",\"itemListElement\":[{\"@type\":\"ListItem\",\"position\":1,\"name\":\"Home\",\"item\":\"https:\\\/\\\/suresms.com\\\/dk\\\/\"},{\"@type\":\"ListItem\",\"position\":2,\"name\":\"Funktioner\",\"item\":\"https:\\\/\\\/suresms.com\\\/dk\\\/funktioner\\\/\"},{\"@type\":\"ListItem\",\"position\":3,\"name\":\"Modtag SMS p\u00e5 din computer\"}]},{\"@type\":\"WebSite\",\"@id\":\"https:\\\/\\\/suresms.com\\\/en\\\/#website\",\"url\":\"https:\\\/\\\/suresms.com\\\/en\\\/\",\"name\":\"SureSMS\",\"description\":\"Professionel SMS Gateway\",\"publisher\":{\"@id\":\"https:\\\/\\\/suresms.com\\\/en\\\/#organization\"},\"potentialAction\":[{\"@type\":\"SearchAction\",\"target\":{\"@type\":\"EntryPoint\",\"urlTemplate\":\"https:\\\/\\\/suresms.com\\\/en\\\/?s={search_term_string}\"},\"query-input\":{\"@type\":\"PropertyValueSpecification\",\"valueRequired\":true,\"valueName\":\"search_term_string\"}}],\"inLanguage\":\"sv-SE\"},{\"@type\":\"Organization\",\"@id\":\"https:\\\/\\\/suresms.com\\\/en\\\/#organization\",\"name\":\"SureSMS\",\"url\":\"https:\\\/\\\/suresms.com\\\/en\\\/\",\"logo\":{\"@type\":\"ImageObject\",\"inLanguage\":\"sv-SE\",\"@id\":\"https:\\\/\\\/suresms.com\\\/en\\\/#\\\/schema\\\/logo\\\/image\\\/\",\"url\":\"https:\\\/\\\/suresms.com\\\/wp-content\\\/uploads\\\/2024\\\/11\\\/suresms-300x65-1.png\",\"contentUrl\":\"https:\\\/\\\/suresms.com\\\/wp-content\\\/uploads\\\/2024\\\/11\\\/suresms-300x65-1.png\",\"width\":300,\"height\":65,\"caption\":\"SureSMS\"},\"image\":{\"@id\":\"https:\\\/\\\/suresms.com\\\/en\\\/#\\\/schema\\\/logo\\\/image\\\/\"},\"sameAs\":[\"https:\\\/\\\/www.facebook.com\\\/p\\\/SureSMS-100044607956149\\\/\"]}]}<\/script>\r\n<!-- \/ Yoast SEO Premium plugin. -->","yoast_head_json":{"title":"2-v\u00e4gs SMS, ta emot SMS p\u00e5 din dator och iPad. Best\u00e4ll 2-v\u00e4gsl\u00f6sningen!","description":"Med 2-v\u00e4gs SMS kan du ta emot SMS p\u00e5 din dator eller iPad. L\u00f6sningen fr\u00e5n SureSMS \u00e4r den enklaste f\u00f6r dina kunder. N\u00e4r de f\u00e5r ett SMS kan de svara p\u00e5 det.","robots":{"index":"index","follow":"follow","max-snippet":"max-snippet:-1","max-image-preview":"max-image-preview:large","max-video-preview":"max-video-preview:-1"},"canonical":"https:\/\/suresms.com\/sv\/funktioner\/ta-emot-textmeddelanden-paa-din-dator\/","og_locale":"sv_SE","og_type":"article","og_title":"Modtag SMS p\u00e5 din computer","og_description":"Med 2 vejs SMS kan du modtage SMS p\u00e5 din computer eller iPad. L\u00f8sning fra SureSMS er den nemmeste for dine kunder. N\u00e5r de modtager SMS kan de svare p\u00e5 den.","og_url":"https:\/\/suresms.com\/sv\/funktioner\/ta-emot-textmeddelanden-paa-din-dator\/","article_publisher":"https:\/\/www.facebook.com\/p\/SureSMS-100044607956149\/","article_modified_time":"2026-03-17T11:40:09+00:00","og_image":[{"url":"https:\/\/suresms.com\/wp-content\/uploads\/2014\/10\/2-vejs-virtuelle-400x150-pix.jpg","type":"","width":"","height":""}],"twitter_card":"summary_large_image","twitter_misc":{"Ber\u00e4knad l\u00e4stid":"6 minuter"},"schema":{"@context":"https:\/\/schema.org","@graph":[{"@type":"WebPage","@id":"https:\/\/suresms.com\/dk\/funktioner\/modtag-sms-pa-din-computer\/","url":"https:\/\/suresms.com\/dk\/funktioner\/modtag-sms-pa-din-computer\/","name":"2-v\u00e4gs SMS, ta emot SMS p\u00e5 din dator och iPad. Best\u00e4ll 2-v\u00e4gsl\u00f6sningen!","isPartOf":{"@id":"https:\/\/suresms.com\/en\/#website"},"primaryImageOfPage":{"@id":"https:\/\/suresms.com\/dk\/funktioner\/modtag-sms-pa-din-computer\/#primaryimage"},"image":{"@id":"https:\/\/suresms.com\/dk\/funktioner\/modtag-sms-pa-din-computer\/#primaryimage"},"thumbnailUrl":"https:\/\/suresms.com\/wp-content\/uploads\/2014\/10\/2-vejs-virtuelle-400x150-pix.jpg","datePublished":"2014-10-12T08:47:57+00:00","dateModified":"2026-03-17T11:40:09+00:00","description":"Med 2-v\u00e4gs SMS kan du ta emot SMS p\u00e5 din dator eller iPad. L\u00f6sningen fr\u00e5n SureSMS \u00e4r den enklaste f\u00f6r dina kunder. N\u00e4r de f\u00e5r ett SMS kan de svara p\u00e5 det.","breadcrumb":{"@id":"https:\/\/suresms.com\/dk\/funktioner\/modtag-sms-pa-din-computer\/#breadcrumb"},"inLanguage":"sv-SE","potentialAction":[{"@type":"ReadAction","target":["https:\/\/suresms.com\/dk\/funktioner\/modtag-sms-pa-din-computer\/"]}]},{"@type":"ImageObject","inLanguage":"sv-SE","@id":"https:\/\/suresms.com\/dk\/funktioner\/modtag-sms-pa-din-computer\/#primaryimage","url":"https:\/\/suresms.com\/wp-content\/uploads\/2014\/10\/2-vejs-virtuelle-400x150-pix.jpg","contentUrl":"https:\/\/suresms.com\/wp-content\/uploads\/2014\/10\/2-vejs-virtuelle-400x150-pix.jpg"},{"@type":"BreadcrumbList","@id":"https:\/\/suresms.com\/dk\/funktioner\/modtag-sms-pa-din-computer\/#breadcrumb","itemListElement":[{"@type":"ListItem","position":1,"name":"Home","item":"https:\/\/suresms.com\/dk\/"},{"@type":"ListItem","position":2,"name":"Funktioner","item":"https:\/\/suresms.com\/dk\/funktioner\/"},{"@type":"ListItem","position":3,"name":"Modtag SMS p\u00e5 din computer"}]},{"@type":"WebSite","@id":"https:\/\/suresms.com\/en\/#website","url":"https:\/\/suresms.com\/en\/","name":"SureSMS","description":"Professionell SMS Gateway","publisher":{"@id":"https:\/\/suresms.com\/en\/#organization"},"potentialAction":[{"@type":"SearchAction","target":{"@type":"EntryPoint","urlTemplate":"https:\/\/suresms.com\/en\/?s={search_term_string}"},"query-input":{"@type":"PropertyValueSpecification","valueRequired":true,"valueName":"search_term_string"}}],"inLanguage":"sv-SE"},{"@type":"Organization","@id":"https:\/\/suresms.com\/en\/#organization","name":"SureSMS","url":"https:\/\/suresms.com\/en\/","logo":{"@type":"ImageObject","inLanguage":"sv-SE","@id":"https:\/\/suresms.com\/en\/#\/schema\/logo\/image\/","url":"https:\/\/suresms.com\/wp-content\/uploads\/2024\/11\/suresms-300x65-1.png","contentUrl":"https:\/\/suresms.com\/wp-content\/uploads\/2024\/11\/suresms-300x65-1.png","width":300,"height":65,"caption":"SureSMS"},"image":{"@id":"https:\/\/suresms.com\/en\/#\/schema\/logo\/image\/"},"sameAs":["https:\/\/www.facebook.com\/p\/SureSMS-100044607956149\/"]}]}},"_links":{"self":[{"href":"https:\/\/suresms.com\/sv\/wp-json\/wp\/v2\/pages\/449","targetHints":{"allow":["GET"]}}],"collection":[{"href":"https:\/\/suresms.com\/sv\/wp-json\/wp\/v2\/pages"}],"about":[{"href":"https:\/\/suresms.com\/sv\/wp-json\/wp\/v2\/types\/page"}],"author":[{"embeddable":true,"href":"https:\/\/suresms.com\/sv\/wp-json\/wp\/v2\/users\/1"}],"replies":[{"embeddable":true,"href":"https:\/\/suresms.com\/sv\/wp-json\/wp\/v2\/comments?post=449"}],"version-history":[{"count":10,"href":"https:\/\/suresms.com\/sv\/wp-json\/wp\/v2\/pages\/449\/revisions"}],"predecessor-version":[{"id":23849,"href":"https:\/\/suresms.com\/sv\/wp-json\/wp\/v2\/pages\/449\/revisions\/23849"}],"up":[{"embeddable":true,"href":"https:\/\/suresms.com\/sv\/wp-json\/wp\/v2\/pages\/958"}],"wp:attachment":[{"href":"https:\/\/suresms.com\/sv\/wp-json\/wp\/v2\/media?parent=449"}],"wp:term":[{"taxonomy":"category","embeddable":true,"href":"https:\/\/suresms.com\/sv\/wp-json\/wp\/v2\/categories?post=449"},{"taxonomy":"post_tag","embeddable":true,"href":"https:\/\/suresms.com\/sv\/wp-json\/wp\/v2\/tags?post=449"}],"curies":[{"name":"wp","href":"https:\/\/api.w.org\/{rel}","templated":true}]}}