{"id":3864,"date":"2016-11-10T12:31:52","date_gmt":"2016-11-10T10:31:52","guid":{"rendered":"https:\/\/www.suresms.com\/dk\/?page_id=3864"},"modified":"2025-01-16T08:23:24","modified_gmt":"2025-01-16T08:23:24","slug":"woocommerce-sms-losning","status":"publish","type":"page","link":"https:\/\/suresms.com\/sv\/integrationer\/shop-systemer\/woocommerce-sms-loesning\/","title":{"rendered":"WooCommerce SMS-l\u00f6sning"},"content":{"rendered":"<!-- Flexy Breadcrumb -->\r\n\t\t\t<div class=\"fbc fbc-page\">\r\n\r\n\t\t\t\t<!-- Breadcrumb wrapper -->\r\n\t\t\t\t<div class=\"fbc-wrap\">\r\n\r\n\t\t\t\t\t<!-- Ordered list-->\r\n\t\t\t\t\t<ol class=\"fbc-items\" itemscope itemtype=\"https:\/\/schema.org\/BreadcrumbList\">\r\n\t\t\t\t\t\t            <li itemprop=\"itemListElement\" itemscope itemtype=\"https:\/\/schema.org\/ListItem\">\r\n                <span itemprop=\"name\">\r\n                    <!-- Home Link -->\r\n                    <a itemprop=\"item\" href=\"https:\/\/suresms.com\/sv\/\">\r\n                    \r\n                                                    <i class=\"fa fa-home\" aria-hidden=\"true\"><\/i>Hem                    <\/a>\r\n                <\/span>\r\n                <meta itemprop=\"position\" content=\"1\" \/><!-- Meta Position-->\r\n             <\/li><li><span class=\"fbc-separator\">\/<\/span><\/li><li class=\"active\" itemprop=\"itemListElement\" itemscope itemtype=\"https:\/\/schema.org\/ListItem\"><span itemprop=\"name\" title=\"WooCommerce SMS-l\u00f6sning\">WooCommerce SMS-l\u00f6sning<\/span><meta itemprop=\"position\" content=\"2\" \/><\/li>\t\t\t\t\t<\/ol>\r\n\t\t\t\t\t<div class=\"clearfix\"><\/div>\r\n\t\t\t\t<\/div>\r\n\t\t\t<\/div>\r\n\t\t\t\n<p>&nbsp;<\/p>\n<p>&nbsp;<\/p>\n<h1>Skicka SMS fr\u00e5n WooCommerce - Plug'in fr\u00e5n Rommel.dk<\/h1>\n<p>I samarbete med SureSMS har Rommel.dk skapat ett plugin f\u00f6r WooCommerce s\u00e5 att du kan h\u00e5lla dina kunder uppdaterade med statusen f\u00f6r deras best\u00e4llning via WooCommerce och SureSMS.<\/p>\n<p>Insticksprogrammet kostar 450,- och d\u00e5 betalar du bara f\u00f6r SMS som skickas via Sure SMS gateway.  Det finns ingen prenumeration. Se v\u00e5ra<a href=\"https:\/\/suresms.com\/sv\/om-suresms\/priser-och-betalning\/\">\u00a0SMS Gateway priser<\/a> H\u00e4r.<\/p>\n<p>Pluginet st\u00f6der b\u00e5de mallar och att skicka SMS p\u00e5 flera spr\u00e5k. Det st\u00f6der WPML och Polylang i WooCommerce.<\/p>\n<h2>F\u00e5 SMS f\u00f6r nya order<\/h2>\n<p>WooCommerce SMS-aviseringar st\u00f6der ocks\u00e5 att skicka SMS-meddelanden till webbshopens administrat\u00f6r n\u00e4r nya best\u00e4llningar tas emot. P\u00e5 s\u00e5 s\u00e4tt kan du alltid h\u00e5lla dig uppdaterad om huruvida det finns saker som beh\u00f6ver tas om hand i lagret.<\/p>\n<h2>S\u00e5 h\u00e4r kommer du ig\u00e5ng<\/h2>\n<p>F\u00f6r att komma ig\u00e5ng, g\u00e5 till <a href=\"https:\/\/rommel.dk\/produkt\/woocommerce-sms-notifikationer\/\">Rommel.dk<\/a>\u00a0och ladda ner sj\u00e4lva plugin-programmet. Sedan beh\u00f6ver du skapa ett testkonto h\u00e4r hos oss genom att klicka p\u00e5 den gula knappen \"Skapa gratis testkonto\" nedan. N\u00e4r du har allt klart skriver du bara till support@suresms.com och ber om att f\u00e5 \u00e4ndra ditt konto fr\u00e5n testkonto till riktigt konto.<\/p>\n<p>&nbsp;<\/p>\n<p>&nbsp;<\/p>\n\t\t<h3>Skapa ett gratis testkonto f\u00f6r SureSMS<\/h3>\n\t\t<p>Skapa ett testkonto nu och prova v\u00e5rt Outlook-plugin. Du betalar ingen uppl\u00e4ggningsavgift eller abonnemang. Priset per SMS \u00e4r detsamma oavsett om du skickar ett f\u00e5tal eller m\u00e5nga meddelanden.<\/p>\n<p>Men just nu kan du skapa ett gratis testkonto och f\u00e5 50 gratis SMS n\u00e4r du registrerar dig. D\u00e5 kan du testa v\u00e5r produkt utan kostnad. Och naturligtvis finns det inga str\u00e4ngar kopplade till v\u00e5rt testkonto.<\/p>\n\t\t\t<a href=\"https:\/\/suresms.com\/sv\/bestallning\/gratis-sms-testkonto\/\" target=\"_self\">\n\t\t\t\t\t\t\tSkapa konto f\u00f6r gratis provperiod\n\t\t\t\t\t<\/a>\n\t\t<h3>Ladda ner SureSMS Outlook Add-in version 1.4<\/h3>\n\t\t<p>Fr\u00e5n den h\u00e4r l\u00e4nken kan du ladda ner v\u00e5rt SureSMS SMS-till\u00e4gg direkt till din dator. Detta till\u00e4gg g\u00f6r det snabbt - och mycket, mycket enkelt - att skicka SMS fr\u00e5n Outlook.<\/p>\n<strong>Till\u00e4gget \/ v\u00e5r plugin fungerar f\u00f6r Outlook 2013 och 2016.<\/strong><br \/>\nDetta fungerar oavsett om du anv\u00e4nder Office 365 eller din egen Exchange-server.\n\t\t\t<a href=\"https:\/\/manual.suresms.com\/download\/Sms2Outlook.msi\" target=\"_self\">\n\t\t\t\t\t\t\tLadda ner SMS Outlook Plugin\n\t\t\t\t\t<\/a>\n\t\t<h3><a href=\"https:\/\/suresms.com\/sv\/funktioner\/ta-emot-textmeddelanden-paa-din-dator\/\" target=\"_self\">Ta emot SMS - Skapa en 2-v\u00e4gs l\u00f6sning<\/a><\/h3>\n\t\t\t\t<a href=\"https:\/\/suresms.com\/sv\/funktioner\/ta-emot-textmeddelanden-paa-din-dator\/\" target=\"_self\" itemprop=\"url\">\n\t\t\t\t<img loading=\"lazy\" decoding=\"async\" src=\"https:\/\/suresms.com\/wp-content\/uploads\/2016\/06\/2-vejs-sms-outlook-callout.jpg\" alt=\"2-v\u00e4gs sms utblick utrop\" itemprop=\"image\" height=\"300\" width=\"400\" title=\"2-v\u00e4gs sms utblick utrop\" onerror=\"this.style.display='none'\"  \/>\n\t\t\t\t<\/a>\n<p>N\u00e4r du anv\u00e4nder v\u00e5rt plugin SMS Outlook har du m\u00f6jlighet att spara alla skickade SMS i en separat mapp. D\u00e5 har du alltid ett arkiv \u00f6ver vad som har skickats.<\/p>\n<p><strong>Med en betald tv\u00e5v\u00e4gsl\u00f6sning kan du ocks\u00e5 ta emot SMS i din Outlook,<\/strong> och p\u00e5 s\u00e5 s\u00e4tt f\u00e5 en historik \u00f6ver hela SMS-dialogen. Detta kan vara en stor f\u00f6rdel om man sitter i en position som kr\u00e4ver arkivering.<\/p>\n<p>F\u00f6lj l\u00e4nken och l\u00e4s mer om v\u00e5ra 2-v\u00e4gs l\u00f6sningar: H\u00e4rifr\u00e5n kan du ocks\u00e5 enkelt skapa din egen 2-v\u00e4gs l\u00f6sning.<\/p>\n\t\t\t<a href=\"https:\/\/suresms.com\/sv\/funktioner\/ta-emot-textmeddelanden-paa-din-dator\/\" target=\"_self\">\n\t\t\t\t\t\t\tG\u00e5 till 2-v\u00e4gs l\u00f6sningar\n\t\t\t\t\t<\/a>\n\t\t<h3><a href=\"https:\/\/suresms.com\/sv\/?page_id=449\" target=\"_self\">2-v\u00e4gs SMS - Nummerintervall<\/a><\/h3>\n\t\t\t\t<a href=\"https:\/\/suresms.com\/sv\/?page_id=449\" target=\"_self\" itemprop=\"url\">\n\t\t\t\t<img loading=\"lazy\" decoding=\"async\" src=\"https:\/\/suresms.com\/wp-content\/uploads\/2016\/06\/Nummerserier-modtag-sms-Outlook-callout.jpg\" alt=\"Nummeromr\u00e5den ta emot sms Outlook callout\" itemprop=\"image\" height=\"300\" width=\"400\" title=\"Nummeromr\u00e5den ta emot sms Outlook callout\" onerror=\"this.style.display='none'\"  \/>\n\t\t\t\t<\/a>\n<p>Om du har m\u00e5nga anst\u00e4llda i din organisation som beh\u00f6ver kunna skicka och ta emot SMS via Outlook, \u00e4r v\u00e5r Virtual Number Series produkten f\u00f6r dig. Priset varierar beroende p\u00e5 volym. <a href=\"http:\/\/suresms.com\/sv\/?page_id=2260\">Kontakta SureSMS<\/a> F\u00f6r mer information.<\/p>\n<ul>\n<li><strong>F\u00f6r m\u00e5nga sp\u00e5r (min 10)<\/strong><\/li>\n<li><strong>Pris enligt \u00f6verenskommelse<\/strong><\/li>\n<li><strong>Danska siffror<\/strong><\/li>\n<li><strong>Obegr\u00e4nsad mottagning<\/strong><\/li>\n<li><strong>Gratis faktura<\/strong><\/li>\n<\/ul>\n\t\t\t<a href=\"https:\/\/suresms.com\/sv\/?page_id=449\" target=\"_self\">\n\t\t\t\t\t\t\tOm SureSMS nummerserier\n\t\t\t\t\t<\/a>\n\t<h3><strong>Guide till hur du g\u00f6r<\/strong><\/h3>\n<p>&nbsp;<\/p>\n<h4><strong>Det \u00e4r enkelt att installera v\u00e5rt Add-in f\u00f6r Outlook. F\u00f6lj bara dessa korta instruktioner.<br \/>\nOm du vill ha mer detaljerad v\u00e4gledning, <a href=\"http:\/\/manual.suresms.com\/plugins\/manual-send-sms-fra-outlook\/\">Se den fullst\u00e4ndiga beskrivningen p\u00e5 v\u00e5r Manualsite<\/a>d\u00e4r vi har detaljerade beskrivningar och guider f\u00f6r alla v\u00e5ra funktioner.<\/strong><\/h4>\n\t\t\t\t<img loading=\"lazy\" decoding=\"async\" src=\"https:\/\/suresms.com\/wp-content\/uploads\/2016\/06\/sms-Outlook-vejledning1.png\" alt=\"SMS Outlook v\u00e4gledning1\" itemprop=\"image\" height=\"393\" width=\"413\" title=\"SMS Outlook v\u00e4gledning1\" onerror=\"this.style.display='none'\"  \/>\n\t\t<h3>Installera SureSMS f\u00f6r Outlook<\/h3><ol>\n<li>Ladda ner v\u00e5r plugin via l\u00e4nken l\u00e4ngst upp p\u00e5 denna sida.<\/li>\n<li>Installera programmet<\/li>\n<li>\u00d6ppna din Outlook. Du kommer att se en sk\u00e4rmdump som den till v\u00e4nster.<\/li>\n<li>Fyll i inloggningsuppgifterna.<\/li>\n<li>Om du inte har n\u00e5got konto \u00e4nnu kan du skaffa ett genom att f\u00f6lja den bl\u00e5 l\u00e4nken p\u00e5 din inloggningssk\u00e4rm.<\/li>\n<\/ol>\n\t\t\t\t<img loading=\"lazy\" decoding=\"async\" src=\"https:\/\/suresms.com\/wp-content\/uploads\/2016\/06\/sms-outlook-plugin-Add-in-vejledning.png\" alt=\"sms outlook plugin Add-in guide\" itemprop=\"image\" height=\"343\" width=\"378\" title=\"sms outlook plugin Add-in guide\" onerror=\"this.style.display='none'\"  \/>\n\t\t<h3>Skicka SMS fr\u00e5n Outlook<\/h3><p>N\u00e4r du har installerat v\u00e5rt Add-in kommer du att se en ny ikongrupp till h\u00f6ger i din meny, som den du ser p\u00e5 bilden h\u00e4r.<\/p>\n<p>Skriv sedan bara in numret, meddelandet och tryck p\u00e5 skicka.<\/p>\n<p>Du kan skriva +46 och sedan numret om du vill skicka till t.ex. Sverige, men om du vill skicka till Danmark anger du bara landskoden p\u00e5 inst\u00e4llningssk\u00e4rmen s\u00e5 st\u00e4ller systemet in landskoden sj\u00e4lv.<\/p>\n\n\t\t<h3><a href=\"http:\/\/suresms.com\/sv\/dokument\/\" target=\"_self\">Bes\u00f6k v\u00e5r Manual-webbplats<\/a><\/h3>\n\t\t\t\t<a href=\"http:\/\/suresms.com\/sv\/dokument\/\" target=\"_self\" itemprop=\"url\">\n\t\t\t\t<img loading=\"lazy\" decoding=\"async\" src=\"https:\/\/suresms.com\/wp-content\/uploads\/2016\/03\/Manual-400x250-px1.jpg\" alt=\"manuell webbplats suresms\" itemprop=\"image\" height=\"250\" width=\"400\" title=\"Manual 400x250 px\" onerror=\"this.style.display='none'\"  \/>\n\t\t\t\t<\/a>\n<p>F\u00f6r att hj\u00e4lpa v\u00e5ra kunder har vi samlat alla instruktioner och beskrivningar p\u00e5 suresms.com\/docs. H\u00e4r kan du se hur v\u00e5r gateway fungerar och f\u00e5 enkla anv\u00e4ndarv\u00e4nliga instruktioner f\u00f6r de m\u00e5nga funktionerna.<\/p>\n\t\t<h3><a href=\"http:\/\/developer.suresms.com\/\" target=\"_self\">utvecklare.suresms.com<\/a><\/h3>\n\t\t\t\t<a href=\"http:\/\/developer.suresms.com\/\" target=\"_self\" itemprop=\"url\">\n\t\t\t\t<img loading=\"lazy\" decoding=\"async\" src=\"https:\/\/suresms.com\/wp-content\/uploads\/2016\/03\/developer-400x250-px.jpg\" alt=\"utvecklare suresms webbplats f\u00f6r utvecklare\" itemprop=\"image\" height=\"250\" width=\"400\" title=\"utvecklare 400x250 px\" onerror=\"this.style.display='none'\"  \/>\n\t\t\t\t<\/a>\nSureSMS \u00e4r gjort av utvecklare f\u00f6r utvecklare!<br \/>\nP\u00e5 developer.suresms.com har vi samlat dokumentation och kodexempel f\u00f6r att g\u00f6ra det enkelt att integrera v\u00e5r gateway i ditt system.\n\t\t<h3><a href=\"https:\/\/www.youtube.com\/channel\/UC1XGC5rl9mI9ndtBVn8yq7g\" target=\"_self\">Titta p\u00e5 v\u00e5ra instruktionsvideor!<\/a><\/h3>\n\t\t\t\t<a href=\"https:\/\/www.youtube.com\/channel\/UC1XGC5rl9mI9ndtBVn8yq7g\" target=\"_self\" itemprop=\"url\">\n\t\t\t\t<img loading=\"lazy\" decoding=\"async\" src=\"https:\/\/suresms.com\/wp-content\/uploads\/2016\/03\/you-tube400x250px.jpg\" alt=\"suresms sms gateway du tube videor\" itemprop=\"image\" height=\"250\" width=\"400\" title=\"you tube 400x250px\" onerror=\"this.style.display='none'\"  \/>\n\t\t\t\t<\/a>\n<p>\u00c4r du p\u00e5 v\u00e4g att komma ig\u00e5ng med en ny funktion? Eller beh\u00f6ver du bara veta lite mer om hur v\u00e5r gateway fungerar? Vi har samlat v\u00e5ra instruktionsvideor p\u00e5 Youtube. Redo att k\u00f6ra ig\u00e5ng!<\/p>","protected":false},"excerpt":{"rendered":"<p>&nbsp; &nbsp; Skicka SMS fr\u00e5n WooCommerce - Plug'in fr\u00e5n Rommel.dk I samarbete med SureSMS har Rommel.dk skapat ett plugin f\u00f6r WooCommerce s\u00e5 att du kan h\u00e5lla dina kunder uppdaterade med statusen f\u00f6r deras best\u00e4llning via WooCommerce och SureSMS. Plugin kostar 450,- och d\u00e5 betalar du bara f\u00f6r SMS som skickas via Sure SMS gateway.  Det finns ingen ... <a title=\"WooCommerce SMS-l\u00f6sning\" class=\"read-more\" href=\"https:\/\/suresms.com\/sv\/integrationer\/shop-systemer\/woocommerce-sms-loesning\/\" aria-label=\"L\u00e4s mer om WooCommerce SMS-l\u00f6sning\">L\u00e4s mer om det<\/a><\/p>","protected":false},"author":1,"featured_media":0,"parent":15935,"menu_order":0,"comment_status":"closed","ping_status":"closed","template":"","meta":{"_fl_builder_enabled":"1","_fl_builder_data":null,"_fl_builder_draft":null,"_fl_builder_data_settings":null,"_fl_builder_css":"","_fl_builder_css_version":"","_fl_builder_js":"","footnotes":""},"categories":[],"tags":[],"class_list":["post-3864","page","type-page","status-publish"],"yoast_head":"<!-- This site is optimized with the Yoast SEO Premium plugin v27.3 (Yoast SEO v27.3) - https:\/\/yoast.com\/product\/yoast-seo-premium-wordpress\/ -->\r\n<title>WooCommerce SMS notifikationer - SMS fra din WooCommerce shop<\/title>\r\n<meta name=\"description\" content=\"WooCommerce SMS integration | SureSMS WooCommerce Plugin | Send SMS ved ordrestatus og f\u00e5 SMS n\u00e5r du f\u00e5r nye ordre. | Betal kun pr. SMS.\" \/>\r\n<meta name=\"robots\" content=\"index, follow, max-snippet:-1, max-image-preview:large, max-video-preview:-1\" \/>\r\n<link rel=\"canonical\" href=\"https:\/\/suresms.com\/sv\/integrationer\/butikssystem\/woocommerce-sms-losning\/\" \/>\r\n<meta property=\"og:locale\" content=\"sv_SE\" \/>\r\n<meta property=\"og:type\" content=\"article\" \/>\r\n<meta property=\"og:title\" content=\"Update - SMS til Outlook Plugin Version 1.4 - SureSMS\" \/>\r\n<meta property=\"og:description\" content=\"Update - GRATIS SMS Add-in til Outlook. Send SMS til kontakter &amp; grupper - Fuld dokumentation - Gratis testkonto. Flere afsender-ID muligheder. Modtag svar p\u00e5 mobil eller i Outlook med 2-vejs L\u00f8sning. NU op til 800 tegn i beskeden.\" \/>\r\n<meta property=\"og:url\" content=\"https:\/\/suresms.com\/sv\/integrationer\/butikssystem\/woocommerce-sms-losning\/\" \/>\r\n<meta property=\"article:publisher\" content=\"https:\/\/www.facebook.com\/p\/SureSMS-100044607956149\/\" \/>\r\n<meta property=\"article:modified_time\" content=\"2025-01-16T08:23:24+00:00\" \/>\r\n<meta property=\"og:image\" content=\"https:\/\/suresms.com\/wp-content\/uploads\/2016\/11\/WooCommerse-sms-plugin-facebook-snippet-1.jpg\" \/>\r\n\t<meta property=\"og:image:width\" content=\"1200\" \/>\r\n\t<meta property=\"og:image:height\" content=\"630\" \/>\r\n\t<meta property=\"og:image:type\" content=\"image\/jpeg\" \/>\r\n<meta name=\"twitter:card\" content=\"summary_large_image\" \/>\r\n<meta name=\"twitter:title\" content=\"WooCommerce SMS l\u00f8sning\" \/>\r\n<meta name=\"twitter:label1\" content=\"Ber\u00e4knad l\u00e4stid\" \/>\n\t<meta name=\"twitter:data1\" content=\"4 minuter\" \/>\r\n<script type=\"application\/ld+json\" class=\"yoast-schema-graph\">{\"@context\":\"https:\\\/\\\/schema.org\",\"@graph\":[{\"@type\":\"WebPage\",\"@id\":\"https:\\\/\\\/suresms.com\\\/dk\\\/integrationer\\\/shop-systemer\\\/woocommerce-sms-loesning\\\/\",\"url\":\"https:\\\/\\\/suresms.com\\\/dk\\\/integrationer\\\/shop-systemer\\\/woocommerce-sms-loesning\\\/\",\"name\":\"WooCommerce SMS notifikationer - SMS fra din WooCommerce shop\",\"isPartOf\":{\"@id\":\"https:\\\/\\\/suresms.com\\\/en\\\/#website\"},\"primaryImageOfPage\":{\"@id\":\"https:\\\/\\\/suresms.com\\\/dk\\\/integrationer\\\/shop-systemer\\\/woocommerce-sms-loesning\\\/#primaryimage\"},\"image\":{\"@id\":\"https:\\\/\\\/suresms.com\\\/dk\\\/integrationer\\\/shop-systemer\\\/woocommerce-sms-loesning\\\/#primaryimage\"},\"thumbnailUrl\":\"https:\\\/\\\/suresms.com\\\/wp-content\\\/uploads\\\/2016\\\/06\\\/2-vejs-sms-outlook-callout.jpg\",\"datePublished\":\"2016-11-10T10:31:52+00:00\",\"dateModified\":\"2025-01-16T08:23:24+00:00\",\"description\":\"WooCommerce SMS integration | SureSMS WooCommerce Plugin | Send SMS ved ordrestatus og f\u00e5 SMS n\u00e5r du f\u00e5r nye ordre. | Betal kun pr. SMS.\",\"breadcrumb\":{\"@id\":\"https:\\\/\\\/suresms.com\\\/dk\\\/integrationer\\\/shop-systemer\\\/woocommerce-sms-loesning\\\/#breadcrumb\"},\"inLanguage\":\"sv-SE\",\"potentialAction\":[{\"@type\":\"ReadAction\",\"target\":[\"https:\\\/\\\/suresms.com\\\/dk\\\/integrationer\\\/shop-systemer\\\/woocommerce-sms-loesning\\\/\"]}]},{\"@type\":\"ImageObject\",\"inLanguage\":\"sv-SE\",\"@id\":\"https:\\\/\\\/suresms.com\\\/dk\\\/integrationer\\\/shop-systemer\\\/woocommerce-sms-loesning\\\/#primaryimage\",\"url\":\"https:\\\/\\\/suresms.com\\\/wp-content\\\/uploads\\\/2016\\\/06\\\/2-vejs-sms-outlook-callout.jpg\",\"contentUrl\":\"https:\\\/\\\/suresms.com\\\/wp-content\\\/uploads\\\/2016\\\/06\\\/2-vejs-sms-outlook-callout.jpg\"},{\"@type\":\"BreadcrumbList\",\"@id\":\"https:\\\/\\\/suresms.com\\\/dk\\\/integrationer\\\/shop-systemer\\\/woocommerce-sms-loesning\\\/#breadcrumb\",\"itemListElement\":[{\"@type\":\"ListItem\",\"position\":1,\"name\":\"Home\",\"item\":\"https:\\\/\\\/suresms.com\\\/dk\\\/\"},{\"@type\":\"ListItem\",\"position\":2,\"name\":\"Integrationer\",\"item\":\"https:\\\/\\\/suresms.com\\\/dk\\\/integrationer\\\/\"},{\"@type\":\"ListItem\",\"position\":3,\"name\":\"SMS integration til Shop systemer\",\"item\":\"https:\\\/\\\/suresms.com\\\/dk\\\/integrationer\\\/shop-systemer\\\/\"},{\"@type\":\"ListItem\",\"position\":4,\"name\":\"WooCommerce SMS l\u00f8sning\"}]},{\"@type\":\"WebSite\",\"@id\":\"https:\\\/\\\/suresms.com\\\/en\\\/#website\",\"url\":\"https:\\\/\\\/suresms.com\\\/en\\\/\",\"name\":\"SureSMS\",\"description\":\"Professionel SMS Gateway\",\"publisher\":{\"@id\":\"https:\\\/\\\/suresms.com\\\/en\\\/#organization\"},\"potentialAction\":[{\"@type\":\"SearchAction\",\"target\":{\"@type\":\"EntryPoint\",\"urlTemplate\":\"https:\\\/\\\/suresms.com\\\/en\\\/?s={search_term_string}\"},\"query-input\":{\"@type\":\"PropertyValueSpecification\",\"valueRequired\":true,\"valueName\":\"search_term_string\"}}],\"inLanguage\":\"sv-SE\"},{\"@type\":\"Organization\",\"@id\":\"https:\\\/\\\/suresms.com\\\/en\\\/#organization\",\"name\":\"SureSMS\",\"url\":\"https:\\\/\\\/suresms.com\\\/en\\\/\",\"logo\":{\"@type\":\"ImageObject\",\"inLanguage\":\"sv-SE\",\"@id\":\"https:\\\/\\\/suresms.com\\\/en\\\/#\\\/schema\\\/logo\\\/image\\\/\",\"url\":\"https:\\\/\\\/suresms.com\\\/wp-content\\\/uploads\\\/2024\\\/11\\\/suresms-300x65-1.png\",\"contentUrl\":\"https:\\\/\\\/suresms.com\\\/wp-content\\\/uploads\\\/2024\\\/11\\\/suresms-300x65-1.png\",\"width\":300,\"height\":65,\"caption\":\"SureSMS\"},\"image\":{\"@id\":\"https:\\\/\\\/suresms.com\\\/en\\\/#\\\/schema\\\/logo\\\/image\\\/\"},\"sameAs\":[\"https:\\\/\\\/www.facebook.com\\\/p\\\/SureSMS-100044607956149\\\/\"]}]}<\/script>\r\n<!-- \/ Yoast SEO Premium plugin. -->","yoast_head_json":{"title":"WooCommerce SMS-aviseringar - SMS fr\u00e5n din WooCommerce-butik","description":"WooCommerce SMS-integration | SureSMS WooCommerce Plugin | Skicka SMS p\u00e5 orderstatus och f\u00e5 SMS n\u00e4r du f\u00e5r nya best\u00e4llningar. | Betala endast via SMS.","robots":{"index":"index","follow":"follow","max-snippet":"max-snippet:-1","max-image-preview":"max-image-preview:large","max-video-preview":"max-video-preview:-1"},"canonical":"https:\/\/suresms.com\/sv\/integrationer\/butikssystem\/woocommerce-sms-losning\/","og_locale":"sv_SE","og_type":"article","og_title":"Update - SMS til Outlook Plugin Version 1.4 - SureSMS","og_description":"Update - GRATIS SMS Add-in til Outlook. Send SMS til kontakter & grupper - Fuld dokumentation - Gratis testkonto. Flere afsender-ID muligheder. Modtag svar p\u00e5 mobil eller i Outlook med 2-vejs L\u00f8sning. NU op til 800 tegn i beskeden.","og_url":"https:\/\/suresms.com\/sv\/integrationer\/butikssystem\/woocommerce-sms-losning\/","article_publisher":"https:\/\/www.facebook.com\/p\/SureSMS-100044607956149\/","article_modified_time":"2025-01-16T08:23:24+00:00","og_image":[{"width":1200,"height":630,"url":"https:\/\/suresms.com\/wp-content\/uploads\/2016\/11\/WooCommerse-sms-plugin-facebook-snippet-1.jpg","type":"image\/jpeg"}],"twitter_card":"summary_large_image","twitter_title":"WooCommerce SMS l\u00f8sning","twitter_misc":{"Ber\u00e4knad l\u00e4stid":"4 minuter"},"schema":{"@context":"https:\/\/schema.org","@graph":[{"@type":"WebPage","@id":"https:\/\/suresms.com\/dk\/integrationer\/shop-systemer\/woocommerce-sms-loesning\/","url":"https:\/\/suresms.com\/dk\/integrationer\/shop-systemer\/woocommerce-sms-loesning\/","name":"WooCommerce SMS-aviseringar - SMS fr\u00e5n din WooCommerce-butik","isPartOf":{"@id":"https:\/\/suresms.com\/en\/#website"},"primaryImageOfPage":{"@id":"https:\/\/suresms.com\/dk\/integrationer\/shop-systemer\/woocommerce-sms-loesning\/#primaryimage"},"image":{"@id":"https:\/\/suresms.com\/dk\/integrationer\/shop-systemer\/woocommerce-sms-loesning\/#primaryimage"},"thumbnailUrl":"https:\/\/suresms.com\/wp-content\/uploads\/2016\/06\/2-vejs-sms-outlook-callout.jpg","datePublished":"2016-11-10T10:31:52+00:00","dateModified":"2025-01-16T08:23:24+00:00","description":"WooCommerce SMS-integration | SureSMS WooCommerce Plugin | Skicka SMS p\u00e5 orderstatus och f\u00e5 SMS n\u00e4r du f\u00e5r nya best\u00e4llningar. | Betala endast via SMS.","breadcrumb":{"@id":"https:\/\/suresms.com\/dk\/integrationer\/shop-systemer\/woocommerce-sms-loesning\/#breadcrumb"},"inLanguage":"sv-SE","potentialAction":[{"@type":"ReadAction","target":["https:\/\/suresms.com\/dk\/integrationer\/shop-systemer\/woocommerce-sms-loesning\/"]}]},{"@type":"ImageObject","inLanguage":"sv-SE","@id":"https:\/\/suresms.com\/dk\/integrationer\/shop-systemer\/woocommerce-sms-loesning\/#primaryimage","url":"https:\/\/suresms.com\/wp-content\/uploads\/2016\/06\/2-vejs-sms-outlook-callout.jpg","contentUrl":"https:\/\/suresms.com\/wp-content\/uploads\/2016\/06\/2-vejs-sms-outlook-callout.jpg"},{"@type":"BreadcrumbList","@id":"https:\/\/suresms.com\/dk\/integrationer\/shop-systemer\/woocommerce-sms-loesning\/#breadcrumb","itemListElement":[{"@type":"ListItem","position":1,"name":"Home","item":"https:\/\/suresms.com\/dk\/"},{"@type":"ListItem","position":2,"name":"Integrationer","item":"https:\/\/suresms.com\/dk\/integrationer\/"},{"@type":"ListItem","position":3,"name":"SMS integration til Shop systemer","item":"https:\/\/suresms.com\/dk\/integrationer\/shop-systemer\/"},{"@type":"ListItem","position":4,"name":"WooCommerce SMS l\u00f8sning"}]},{"@type":"WebSite","@id":"https:\/\/suresms.com\/en\/#website","url":"https:\/\/suresms.com\/en\/","name":"SureSMS","description":"Professionell SMS Gateway","publisher":{"@id":"https:\/\/suresms.com\/en\/#organization"},"potentialAction":[{"@type":"SearchAction","target":{"@type":"EntryPoint","urlTemplate":"https:\/\/suresms.com\/en\/?s={search_term_string}"},"query-input":{"@type":"PropertyValueSpecification","valueRequired":true,"valueName":"search_term_string"}}],"inLanguage":"sv-SE"},{"@type":"Organization","@id":"https:\/\/suresms.com\/en\/#organization","name":"SureSMS","url":"https:\/\/suresms.com\/en\/","logo":{"@type":"ImageObject","inLanguage":"sv-SE","@id":"https:\/\/suresms.com\/en\/#\/schema\/logo\/image\/","url":"https:\/\/suresms.com\/wp-content\/uploads\/2024\/11\/suresms-300x65-1.png","contentUrl":"https:\/\/suresms.com\/wp-content\/uploads\/2024\/11\/suresms-300x65-1.png","width":300,"height":65,"caption":"SureSMS"},"image":{"@id":"https:\/\/suresms.com\/en\/#\/schema\/logo\/image\/"},"sameAs":["https:\/\/www.facebook.com\/p\/SureSMS-100044607956149\/"]}]}},"_links":{"self":[{"href":"https:\/\/suresms.com\/sv\/wp-json\/wp\/v2\/pages\/3864","targetHints":{"allow":["GET"]}}],"collection":[{"href":"https:\/\/suresms.com\/sv\/wp-json\/wp\/v2\/pages"}],"about":[{"href":"https:\/\/suresms.com\/sv\/wp-json\/wp\/v2\/types\/page"}],"author":[{"embeddable":true,"href":"https:\/\/suresms.com\/sv\/wp-json\/wp\/v2\/users\/1"}],"replies":[{"embeddable":true,"href":"https:\/\/suresms.com\/sv\/wp-json\/wp\/v2\/comments?post=3864"}],"version-history":[{"count":7,"href":"https:\/\/suresms.com\/sv\/wp-json\/wp\/v2\/pages\/3864\/revisions"}],"predecessor-version":[{"id":21719,"href":"https:\/\/suresms.com\/sv\/wp-json\/wp\/v2\/pages\/3864\/revisions\/21719"}],"up":[{"embeddable":true,"href":"https:\/\/suresms.com\/sv\/wp-json\/wp\/v2\/pages\/15935"}],"wp:attachment":[{"href":"https:\/\/suresms.com\/sv\/wp-json\/wp\/v2\/media?parent=3864"}],"wp:term":[{"taxonomy":"category","embeddable":true,"href":"https:\/\/suresms.com\/sv\/wp-json\/wp\/v2\/categories?post=3864"},{"taxonomy":"post_tag","embeddable":true,"href":"https:\/\/suresms.com\/sv\/wp-json\/wp\/v2\/tags?post=3864"}],"curies":[{"name":"wp","href":"https:\/\/api.w.org\/{rel}","templated":true}]}}