{"id":333,"date":"2014-09-03T11:24:20","date_gmt":"2014-09-03T09:24:20","guid":{"rendered":"http:\/\/da.suresms.com\/?page_id=333"},"modified":"2026-04-02T18:24:03","modified_gmt":"2026-04-02T18:24:03","slug":"sms-gateway-priser","status":"publish","type":"page","link":"https:\/\/suresms.com\/sv\/om-suresms\/sms-gateway-priser\/","title":{"rendered":"Priser f\u00f6r SMS-gateway"},"content":{"rendered":"<h1>SMS Gateway priser!<\/h1>\n\t\t\t\t\t<h2>SMS Gateway<\/h2> 0,- per m\u00e5nad<ul role=\"list\"><li role=\"listitem\">31 \u00f6re per SMS (ex. moms)<\/li><li role=\"listitem\">Fri skapelse<\/li><li role=\"listitem\">0,- kr i abonnemang<\/li><li role=\"listitem\">Ingen bindning<\/li><li role=\"listitem\">Kostnadsfri fakturering<\/li><li role=\"listitem\">CPR-affischer f\u00f6r 2 \u00f6re styck.<\/li><\/ul>\n\t\t\t<a href=\"https:\/\/suresms.com\/sv\/skapa-sms-gateway-konto\/\"  target=\"_self\">\n\t\t\t\t\t\tSkapa konto\n\t\t\t\t\t<\/a>\n\t\t\t\t\t<h2>2-v\u00e4gs VLN-nummer<\/h2> 99,- per m\u00e5nad<ul role=\"list\"><li role=\"listitem\">31 \u00f6re per SMS (ex. moms)<\/li><li role=\"listitem\">Fri skapelse<\/li><li role=\"listitem\">99,- i prenumeration<\/li><li role=\"listitem\">6 m\u00e5naders \u00e5tagande<\/li><li role=\"listitem\">Kostnadsfri fakturering<\/li><li role=\"listitem\">Ta emot SMS gratis<\/li><\/ul>\n\t\t\t<a href=\"https:\/\/suresms.com\/sv\/bestall-2-vags-lossning\/\"  target=\"_self\">\n\t\t\t\t\t\tK\u00f6p VLN-nummer\n\t\t\t\t\t<\/a>\n\t\t\t\t\t<h2>2-v\u00e4gs - Hosted SIM <\/h2> 199,- per m\u00e5nad<ul role=\"list\"><li role=\"listitem\">31 \u00f6re per SMS (ex. moms)<\/li><li role=\"listitem\">Fri skapelse<\/li><li role=\"listitem\">199,- i teckning<\/li><li role=\"listitem\">6 m\u00e5naders \u00e5tagande<\/li><li role=\"listitem\">Kostnadsfri fakturering<\/li><li role=\"listitem\">Ta emot SMS gratis<\/li><\/ul>\n\t\t\t<a href=\"https:\/\/suresms.com\/sv\/bestall-2-vags-lossning\/\"  target=\"_self\">\n\t\t\t\t\t\tK\u00f6p Hosted SIM\n\t\t\t\t\t<\/a>\n\t\t\t\t\t<h2>2-v\u00e4gs nummerserie<\/h2> max. 49,- per m\u00e5nad<ul role=\"list\"><li role=\"listitem\">Kontakta oss f\u00f6r priser<\/li><li role=\"listitem\">Fri skapelse<\/li><li role=\"listitem\">max 49,- beroende p\u00e5 volym <\/li><li role=\"listitem\">6 m\u00e5naders \u00e5tagande<\/li><li role=\"listitem\">Kostnadsfri fakturering<\/li><li role=\"listitem\">minst 10 nummer<\/li><\/ul>\n\t\t\t<a href=\"https:\/\/suresms.com\/sv\/kontakt\/\"  target=\"_self\">\n\t\t\t\t\t\tKontakta oss \n\t\t\t\t\t<\/a>\n\t<p><strong>Priset f\u00f6r ett SMS \u00e4r detsamma och du betalar f\u00f6r varje SMS du skickar, \u00e4ven om mottagarens telefon \u00e4r avst\u00e4ngd, utanf\u00f6r t\u00e4ckning eller numret inte hittas!<\/strong><\/p>\n<p><strong>Med hosted SIM betalar du INTE f\u00f6r utg\u00e5ende textmeddelanden till ditt telefonbolag, \u00e4ven om vi har ditt SIM-kort i din telefon. Du beh\u00f6ver bara betala oss, och det \u00e4r 28 \u00f6re per SMS. Alla fyra danska telekombolag anger i sina villkor att du INTE f\u00e5r skicka s\u00e5 kallade \"maskingenererade\" SMS med ditt SIM-kort. D\u00e4rf\u00f6r skulle det vara ett brott mot telekombolagens villkor om SMS Gateways skickar SMS-meddelanden via SIM-kortet. Vi levererar d\u00e4rf\u00f6r SMS-meddelandet via v\u00e5r direktanslutning till telekombolaget, men f\u00e5r svaret p\u00e5 SIM-kortet.<\/strong><\/p>\n\t<h3>Om v\u00e5ra 2-v\u00e4gsl\u00f6sningar<\/h3>\n<p>Du beh\u00f6ver en 2-v\u00e4gsl\u00f6sning om du vill f\u00e5 svar tillbaka p\u00e5 dina SMS-meddelanden. Exempelvis kunder som kan svara p\u00e5 fr\u00e5gor eller vid anv\u00e4ndning av maskingenererade SMS, t.ex. vid \u00f6vervakning. En 2-v\u00e4gsl\u00f6sning ing\u00e5r INTE i v\u00e5r kostnadsfria SMS-gateway.<\/p>\n<p>De SMS du f\u00e5r ing\u00e5r i abonnemanget (gratis) och det tillkommer ingen uppl\u00e4ggningsavgift. 2-v\u00e4gsl\u00f6sningen har ett 6 m\u00e5naders \u00e5tagande och kan sedan s\u00e4gas upp med 1 m\u00e5nads upps\u00e4gningstid. Priset \u00e4r fortfarande detsamma per SMS du skickar.\u00a0<a title=\"2-v\u00e4gs SMS, ta emot SMS p\u00e5 din dator\" href=\"https:\/\/suresms.com\/sv\/funktioner\/ta-emot-textmeddelanden-paa-din-dator\/\">L\u00e4s mer om v\u00e5r 2-v\u00e4gsl\u00f6sning H\u00c4R!<\/a><\/p>\n\t\t<h3><a href=\"https:\/\/suresms.com\/sv\/gratis-sms-testkonto\/\" target=\"_self\">Skapa ett gratis testkonto NU!<\/a><\/h3><p>Du kan skapa ett konto gratis f\u00f6r att testa v\u00e5rt system innan du k\u00f6per det. F\u00f6lj l\u00e4nken och f\u00e5 ett testkonto inklusive 50 gratis SMS direkt. Du beh\u00f6ver inte ange n\u00e5gra betalningsuppgifter f\u00f6r att \u00f6ppna ett testkonto, det \u00e4r en tj\u00e4nst fr\u00e5n SureSMS f\u00f6r dig utan n\u00e5gon ekonomisk kostnad eller skyldighet.<\/p>\n<p>Av s\u00e4kerhetssk\u00e4l kontrollerar vi varje konto manuellt och det kan ibland uppst\u00e5 en kort v\u00e4ntetid. Vi ber om din f\u00f6rst\u00e5else f\u00f6r detta.<\/p>\n\t<figure itemscope itemtype=\"https:\/\/schema.org\/ImageObject\">\n\t\t\t\t<a href=\"https:\/\/suresms.com\/sv\/gratis-sms-testkonto\/\"  target=\"_self\" itemprop=\"url\">\n\t\t\t\t<img decoding=\"async\" src=\"https:\/\/suresms.com\/wp-content\/uploads\/2014\/09\/test320-x243.jpg\" alt=\"skapa gratis testkonto s\u00e4kert sms sms gateway gratis -100 gratis sms\" height=\"243\" width=\"320\" title=\"test320 x243\" onerror=\"this.style.display='none'\" loading=\"lazy\" \/>\n\t\t\t\t<\/a>\n\t<\/figure>","protected":false},"excerpt":{"rendered":"<p>SMS Gateway priser! SMS Gateway 0,- per m\u00e5nad 31 \u00f6re per SMS (ex. moms) Fri skapelse 0,- i abonnemang Inget \u00e5tagande Fri fakturering CPR-uppslagningar \u00e1 2 \u00f6re Skapa konto 2-v\u00e4gs VLN-nummer 99,- per m\u00e5nad 31 \u00f6re per SMS (ex. moms) Fri skapelse 99,- i abonnemang 6 m\u00e5naders \u00e5tagande Fri fakturering Fri mottagning ... <a title=\"Priser f\u00f6r SMS-gateway\" class=\"read-more\" href=\"https:\/\/suresms.com\/sv\/om-suresms\/sms-gateway-priser\/\" aria-label=\"L\u00e4s mer om priser f\u00f6r SMS-gateway\">L\u00e4s mer om det<\/a><\/p>","protected":false},"author":1,"featured_media":0,"parent":18594,"menu_order":4,"comment_status":"closed","ping_status":"closed","template":"","meta":{"_fl_builder_enabled":"1","_fl_builder_data":null,"_fl_builder_draft":null,"_fl_builder_data_settings":null,"_fl_builder_css":"","_fl_builder_css_version":"","_fl_builder_js":"","footnotes":""},"categories":[],"tags":[],"class_list":["post-333","page","type-page","status-publish"],"yoast_head":"<!-- This site is optimized with the Yoast SEO Premium plugin v27.3 (Yoast SEO v27.3) - https:\/\/yoast.com\/product\/yoast-seo-premium-wordpress\/ -->\r\n<title>SMS gateway priser | Se priserne og Opret en gratis testkonto<\/title>\r\n<meta name=\"description\" content=\"Vi tilbyder Danmarks bedste SMS gateway priser. Ingen oprettelse. Intet abonnement. 18 \u00f8re pr. SMS til Danmark. Gratis test konto allerede i dag. Signup!\" \/>\r\n<meta name=\"robots\" content=\"index, follow, max-snippet:-1, max-image-preview:large, max-video-preview:-1\" \/>\r\n<link rel=\"canonical\" href=\"https:\/\/suresms.com\/sv\/om-suresms\/sms-gateway-priser\/\" \/>\r\n<meta property=\"og:locale\" content=\"sv_SE\" \/>\r\n<meta property=\"og:type\" content=\"article\" \/>\r\n<meta property=\"og:title\" content=\"SMS gateway priser\" \/>\r\n<meta property=\"og:description\" content=\"Vi tilbyder Danmarks bedste SMS gateway priser. Ingen oprettelse. Intet abonnement. 18 \u00f8re pr. SMS til Danmark. Gratis test konto allerede i dag. Signup!\" \/>\r\n<meta property=\"og:url\" content=\"https:\/\/suresms.com\/sv\/om-suresms\/sms-gateway-priser\/\" \/>\r\n<meta property=\"article:publisher\" content=\"https:\/\/www.facebook.com\/p\/SureSMS-100044607956149\/\" \/>\r\n<meta property=\"article:modified_time\" content=\"2026-04-02T18:24:03+00:00\" \/>\r\n<meta property=\"og:image\" content=\"https:\/\/suresms.com\/wp-content\/uploads\/2014\/09\/test320-x243.jpg\" \/>\r\n<meta name=\"twitter:card\" content=\"summary_large_image\" \/>\r\n<meta name=\"twitter:label1\" content=\"Ber\u00e4knad l\u00e4stid\" \/>\n\t<meta name=\"twitter:data1\" content=\"3 minuter\" \/>\r\n<script type=\"application\/ld+json\" class=\"yoast-schema-graph\">{\"@context\":\"https:\\\/\\\/schema.org\",\"@graph\":[{\"@type\":\"WebPage\",\"@id\":\"https:\\\/\\\/suresms.com\\\/dk\\\/om-suresms\\\/sms-gateway-priser\\\/\",\"url\":\"https:\\\/\\\/suresms.com\\\/dk\\\/om-suresms\\\/sms-gateway-priser\\\/\",\"name\":\"SMS gateway priser | Se priserne og Opret en gratis testkonto\",\"isPartOf\":{\"@id\":\"https:\\\/\\\/suresms.com\\\/en\\\/#website\"},\"primaryImageOfPage\":{\"@id\":\"https:\\\/\\\/suresms.com\\\/dk\\\/om-suresms\\\/sms-gateway-priser\\\/#primaryimage\"},\"image\":{\"@id\":\"https:\\\/\\\/suresms.com\\\/dk\\\/om-suresms\\\/sms-gateway-priser\\\/#primaryimage\"},\"thumbnailUrl\":\"https:\\\/\\\/suresms.com\\\/wp-content\\\/uploads\\\/2014\\\/09\\\/test320-x243.jpg\",\"datePublished\":\"2014-09-03T09:24:20+00:00\",\"dateModified\":\"2026-04-02T18:24:03+00:00\",\"description\":\"Vi tilbyder Danmarks bedste SMS gateway priser. Ingen oprettelse. Intet abonnement. 18 \u00f8re pr. SMS til Danmark. Gratis test konto allerede i dag. Signup!\",\"breadcrumb\":{\"@id\":\"https:\\\/\\\/suresms.com\\\/dk\\\/om-suresms\\\/sms-gateway-priser\\\/#breadcrumb\"},\"inLanguage\":\"sv-SE\",\"potentialAction\":[{\"@type\":\"ReadAction\",\"target\":[\"https:\\\/\\\/suresms.com\\\/dk\\\/om-suresms\\\/sms-gateway-priser\\\/\"]}]},{\"@type\":\"ImageObject\",\"inLanguage\":\"sv-SE\",\"@id\":\"https:\\\/\\\/suresms.com\\\/dk\\\/om-suresms\\\/sms-gateway-priser\\\/#primaryimage\",\"url\":\"https:\\\/\\\/suresms.com\\\/wp-content\\\/uploads\\\/2014\\\/09\\\/test320-x243.jpg\",\"contentUrl\":\"https:\\\/\\\/suresms.com\\\/wp-content\\\/uploads\\\/2014\\\/09\\\/test320-x243.jpg\"},{\"@type\":\"BreadcrumbList\",\"@id\":\"https:\\\/\\\/suresms.com\\\/dk\\\/om-suresms\\\/sms-gateway-priser\\\/#breadcrumb\",\"itemListElement\":[{\"@type\":\"ListItem\",\"position\":1,\"name\":\"Home\",\"item\":\"https:\\\/\\\/suresms.com\\\/dk\\\/\"},{\"@type\":\"ListItem\",\"position\":2,\"name\":\"Om SureSMS\",\"item\":\"https:\\\/\\\/suresms.com\\\/dk\\\/om-suresms\\\/\"},{\"@type\":\"ListItem\",\"position\":3,\"name\":\"SMS gateway priser\"}]},{\"@type\":\"WebSite\",\"@id\":\"https:\\\/\\\/suresms.com\\\/en\\\/#website\",\"url\":\"https:\\\/\\\/suresms.com\\\/en\\\/\",\"name\":\"SureSMS\",\"description\":\"Professionel SMS Gateway\",\"publisher\":{\"@id\":\"https:\\\/\\\/suresms.com\\\/en\\\/#organization\"},\"potentialAction\":[{\"@type\":\"SearchAction\",\"target\":{\"@type\":\"EntryPoint\",\"urlTemplate\":\"https:\\\/\\\/suresms.com\\\/en\\\/?s={search_term_string}\"},\"query-input\":{\"@type\":\"PropertyValueSpecification\",\"valueRequired\":true,\"valueName\":\"search_term_string\"}}],\"inLanguage\":\"sv-SE\"},{\"@type\":\"Organization\",\"@id\":\"https:\\\/\\\/suresms.com\\\/en\\\/#organization\",\"name\":\"SureSMS\",\"url\":\"https:\\\/\\\/suresms.com\\\/en\\\/\",\"logo\":{\"@type\":\"ImageObject\",\"inLanguage\":\"sv-SE\",\"@id\":\"https:\\\/\\\/suresms.com\\\/en\\\/#\\\/schema\\\/logo\\\/image\\\/\",\"url\":\"https:\\\/\\\/suresms.com\\\/wp-content\\\/uploads\\\/2024\\\/11\\\/suresms-300x65-1.png\",\"contentUrl\":\"https:\\\/\\\/suresms.com\\\/wp-content\\\/uploads\\\/2024\\\/11\\\/suresms-300x65-1.png\",\"width\":300,\"height\":65,\"caption\":\"SureSMS\"},\"image\":{\"@id\":\"https:\\\/\\\/suresms.com\\\/en\\\/#\\\/schema\\\/logo\\\/image\\\/\"},\"sameAs\":[\"https:\\\/\\\/www.facebook.com\\\/p\\\/SureSMS-100044607956149\\\/\"]}]}<\/script>\r\n<!-- \/ Yoast SEO Premium plugin. -->","yoast_head_json":{"title":"Priser f\u00f6r SMS-gateway | Visa priser och skapa ett kostnadsfritt testkonto","description":"Vi erbjuder de b\u00e4sta priserna p\u00e5 SMS-gateway i Danmark. Ingen installation. Ingen prenumeration. 18 \u00f6re per SMS till Danmark. Gratis testkonto idag. Registrera dig!","robots":{"index":"index","follow":"follow","max-snippet":"max-snippet:-1","max-image-preview":"max-image-preview:large","max-video-preview":"max-video-preview:-1"},"canonical":"https:\/\/suresms.com\/sv\/om-suresms\/sms-gateway-priser\/","og_locale":"sv_SE","og_type":"article","og_title":"SMS gateway priser","og_description":"Vi tilbyder Danmarks bedste SMS gateway priser. Ingen oprettelse. Intet abonnement. 18 \u00f8re pr. SMS til Danmark. Gratis test konto allerede i dag. Signup!","og_url":"https:\/\/suresms.com\/sv\/om-suresms\/sms-gateway-priser\/","article_publisher":"https:\/\/www.facebook.com\/p\/SureSMS-100044607956149\/","article_modified_time":"2026-04-02T18:24:03+00:00","og_image":[{"url":"https:\/\/suresms.com\/wp-content\/uploads\/2014\/09\/test320-x243.jpg","type":"","width":"","height":""}],"twitter_card":"summary_large_image","twitter_misc":{"Ber\u00e4knad l\u00e4stid":"3 minuter"},"schema":{"@context":"https:\/\/schema.org","@graph":[{"@type":"WebPage","@id":"https:\/\/suresms.com\/dk\/om-suresms\/sms-gateway-priser\/","url":"https:\/\/suresms.com\/dk\/om-suresms\/sms-gateway-priser\/","name":"Priser f\u00f6r SMS-gateway | Visa priser och skapa ett kostnadsfritt testkonto","isPartOf":{"@id":"https:\/\/suresms.com\/en\/#website"},"primaryImageOfPage":{"@id":"https:\/\/suresms.com\/dk\/om-suresms\/sms-gateway-priser\/#primaryimage"},"image":{"@id":"https:\/\/suresms.com\/dk\/om-suresms\/sms-gateway-priser\/#primaryimage"},"thumbnailUrl":"https:\/\/suresms.com\/wp-content\/uploads\/2014\/09\/test320-x243.jpg","datePublished":"2014-09-03T09:24:20+00:00","dateModified":"2026-04-02T18:24:03+00:00","description":"Vi erbjuder de b\u00e4sta priserna p\u00e5 SMS-gateway i Danmark. Ingen installation. Ingen prenumeration. 18 \u00f6re per SMS till Danmark. Gratis testkonto idag. Registrera dig!","breadcrumb":{"@id":"https:\/\/suresms.com\/dk\/om-suresms\/sms-gateway-priser\/#breadcrumb"},"inLanguage":"sv-SE","potentialAction":[{"@type":"ReadAction","target":["https:\/\/suresms.com\/dk\/om-suresms\/sms-gateway-priser\/"]}]},{"@type":"ImageObject","inLanguage":"sv-SE","@id":"https:\/\/suresms.com\/dk\/om-suresms\/sms-gateway-priser\/#primaryimage","url":"https:\/\/suresms.com\/wp-content\/uploads\/2014\/09\/test320-x243.jpg","contentUrl":"https:\/\/suresms.com\/wp-content\/uploads\/2014\/09\/test320-x243.jpg"},{"@type":"BreadcrumbList","@id":"https:\/\/suresms.com\/dk\/om-suresms\/sms-gateway-priser\/#breadcrumb","itemListElement":[{"@type":"ListItem","position":1,"name":"Home","item":"https:\/\/suresms.com\/dk\/"},{"@type":"ListItem","position":2,"name":"Om SureSMS","item":"https:\/\/suresms.com\/dk\/om-suresms\/"},{"@type":"ListItem","position":3,"name":"SMS gateway priser"}]},{"@type":"WebSite","@id":"https:\/\/suresms.com\/en\/#website","url":"https:\/\/suresms.com\/en\/","name":"SureSMS","description":"Professionell SMS Gateway","publisher":{"@id":"https:\/\/suresms.com\/en\/#organization"},"potentialAction":[{"@type":"SearchAction","target":{"@type":"EntryPoint","urlTemplate":"https:\/\/suresms.com\/en\/?s={search_term_string}"},"query-input":{"@type":"PropertyValueSpecification","valueRequired":true,"valueName":"search_term_string"}}],"inLanguage":"sv-SE"},{"@type":"Organization","@id":"https:\/\/suresms.com\/en\/#organization","name":"SureSMS","url":"https:\/\/suresms.com\/en\/","logo":{"@type":"ImageObject","inLanguage":"sv-SE","@id":"https:\/\/suresms.com\/en\/#\/schema\/logo\/image\/","url":"https:\/\/suresms.com\/wp-content\/uploads\/2024\/11\/suresms-300x65-1.png","contentUrl":"https:\/\/suresms.com\/wp-content\/uploads\/2024\/11\/suresms-300x65-1.png","width":300,"height":65,"caption":"SureSMS"},"image":{"@id":"https:\/\/suresms.com\/en\/#\/schema\/logo\/image\/"},"sameAs":["https:\/\/www.facebook.com\/p\/SureSMS-100044607956149\/"]}]}},"_links":{"self":[{"href":"https:\/\/suresms.com\/sv\/wp-json\/wp\/v2\/pages\/333","targetHints":{"allow":["GET"]}}],"collection":[{"href":"https:\/\/suresms.com\/sv\/wp-json\/wp\/v2\/pages"}],"about":[{"href":"https:\/\/suresms.com\/sv\/wp-json\/wp\/v2\/types\/page"}],"author":[{"embeddable":true,"href":"https:\/\/suresms.com\/sv\/wp-json\/wp\/v2\/users\/1"}],"replies":[{"embeddable":true,"href":"https:\/\/suresms.com\/sv\/wp-json\/wp\/v2\/comments?post=333"}],"version-history":[{"count":8,"href":"https:\/\/suresms.com\/sv\/wp-json\/wp\/v2\/pages\/333\/revisions"}],"predecessor-version":[{"id":23891,"href":"https:\/\/suresms.com\/sv\/wp-json\/wp\/v2\/pages\/333\/revisions\/23891"}],"up":[{"embeddable":true,"href":"https:\/\/suresms.com\/sv\/wp-json\/wp\/v2\/pages\/18594"}],"wp:attachment":[{"href":"https:\/\/suresms.com\/sv\/wp-json\/wp\/v2\/media?parent=333"}],"wp:term":[{"taxonomy":"category","embeddable":true,"href":"https:\/\/suresms.com\/sv\/wp-json\/wp\/v2\/categories?post=333"},{"taxonomy":"post_tag","embeddable":true,"href":"https:\/\/suresms.com\/sv\/wp-json\/wp\/v2\/tags?post=333"}],"curies":[{"name":"wp","href":"https:\/\/api.w.org\/{rel}","templated":true}]}}