{"id":3023,"date":"2016-06-22T12:08:19","date_gmt":"2016-06-22T10:08:19","guid":{"rendered":"https:\/\/www.suresms.com\/dk\/?page_id=3023"},"modified":"2025-01-20T10:13:41","modified_gmt":"2025-01-20T10:13:41","slug":"sms-outlook-addin","status":"publish","type":"page","link":"https:\/\/suresms.com\/sv\/integrationer\/mail_og_kalender\/sms-outlook-addin\/","title":{"rendered":"Outlook-till\u00e4gg"},"content":{"rendered":"<!-- Flexy Breadcrumb -->\r\n\t\t\t<div class=\"fbc fbc-page\">\r\n\r\n\t\t\t\t<!-- Breadcrumb wrapper -->\r\n\t\t\t\t<div class=\"fbc-wrap\">\r\n\r\n\t\t\t\t\t<!-- Ordered list-->\r\n\t\t\t\t\t<ol class=\"fbc-items\" itemscope itemtype=\"https:\/\/schema.org\/BreadcrumbList\">\r\n\t\t\t\t\t\t            <li itemprop=\"itemListElement\" itemscope itemtype=\"https:\/\/schema.org\/ListItem\">\r\n                <span itemprop=\"name\">\r\n                    <!-- Home Link -->\r\n                    <a itemprop=\"item\" href=\"https:\/\/suresms.com\/sv\/\">\r\n                    \r\n                                                    <i class=\"fa fa-home\" aria-hidden=\"true\"><\/i>Hem                    <\/a>\r\n                <\/span>\r\n                <meta itemprop=\"position\" content=\"1\" \/><!-- Meta Position-->\r\n             <\/li><li><span class=\"fbc-separator\">\/<\/span><\/li><li class=\"active\" itemprop=\"itemListElement\" itemscope itemtype=\"https:\/\/schema.org\/ListItem\"><span itemprop=\"name\" title=\"Outlook-till\u00e4gg\">Outlook-till\u00e4gg<\/span><meta itemprop=\"position\" content=\"2\" \/><\/li>\t\t\t\t\t<\/ol>\r\n\t\t\t\t\t<div class=\"clearfix\"><\/div>\r\n\t\t\t\t<\/div>\r\n\t\t\t<\/div>\r\n\t\t\t\n\t\t\t\t<img loading=\"lazy\" decoding=\"async\" src=\"https:\/\/suresms.com\/wp-content\/uploads\/2021\/10\/SMS2Outlook-low-1.png\" alt=\"SMS2Outlook l\u00e5g\" itemprop=\"image\" height=\"250\" width=\"977\" title=\"SMS2Outlook l\u00e5g\" onerror=\"this.style.display='none'\"  \/>\n\t<p><strong>Skicka SMS direkt fr\u00e5n Outlook. Skicka meddelanden till listor fr\u00e5n Outlook.<\/strong><br \/><strong>Skicka SMS fr\u00e5n Outlooks kalender.<\/strong><\/p>\n\t<h2>Vad \u00e4r Outlook?<\/h2>\n<p>Outlook \u00e4r ett omfattande e-post- och kalenderprogram som utvecklats av Microsoft och som anv\u00e4nds av b\u00e5de privatpersoner och f\u00f6retag f\u00f6r att hantera e-post, kalendrar, uppgifter och kontakter. V\u00e5r integration g\u00f6r det m\u00f6jligt att skicka SMS direkt fr\u00e5n Outlook, vilket ger ett enkelt och effektivt s\u00e4tt att kommunicera snabbt och tillf\u00f6rlitligt utan att l\u00e4mna din inkorg.<\/p>\n\t<h2>SMS2Outlook till\u00e4gg<\/h2>\n<p>I SureSMS har vi skapat ett Add-in f\u00f6r Outlook s\u00e5 att du snabbt och enkelt kan skicka SMS direkt fr\u00e5n din Outlook. Anv\u00e4nd dina Outlook-kontakter f\u00f6r att skicka SMS till klienter, anv\u00e4ndare och kunder. SureSMS add-in g\u00f6r det ocks\u00e5 m\u00f6jligt att spara och d\u00e4rmed journalf\u00f6ra meddelandena.<\/p>\n<p>Ladda ner och installera v\u00e5r Outlook plugin h\u00e4r fr\u00e5n hemsidan. Plugin och prenumeration \u00e4r GRATIS och du betalar endast per skickat SMS enligt g\u00e4llande taxa. Se v\u00e5ra<a href=\"https:\/\/suresms.com\/sv\/sms-gateway-professionella-sms-losningar\/sms-gateway-priser\/\">\u00a0SMS Gateway priser<\/a> H\u00e4r.<\/p>\n<p>&nbsp;<\/p>\n<h2>\n\t\tLadda ner Add-in\n\t<\/h2>\n\t<p>Ladda ner till\u00e4gget nedan f\u00f6r vanlig Outlook eller f\u00f6r Citrix\/Terminal Server.<\/p>\n\t\t\t\t<a href=\"https:\/\/suresms.com\/wp-content\/uploads\/2025\/01\/Sms2Outlook.msi\" target=\"_self\" itemprop=\"url\">\n\t\t\t\t<img loading=\"lazy\" decoding=\"async\" src=\"https:\/\/suresms.com\/wp-content\/uploads\/2021\/10\/download-1.png\" alt=\"nedladdning\" itemprop=\"image\" height=\"234\" width=\"600\" title=\"nedladdning\" onerror=\"this.style.display='none'\"  \/>\n\t\t\t\t<\/a>\n\t\t<h3><a href=\"https:\/\/suresms.com\/wp-content\/uploads\/2025\/01\/Sms2Outlook.msi\" target=\"_self\">Ladda ner SureSMS Outlook Add-in version 2.9<\/a><\/h3><p>Fr\u00e5n den h\u00e4r l\u00e4nken kan du ladda ner v\u00e5rt SureSMS SMS-till\u00e4gg direkt till din dator. Detta till\u00e4gg g\u00f6r det snabbt - och mycket, mycket enkelt - att skicka SMS fr\u00e5n Outlook.<\/p>\n<p>Anteckningar:<\/p>\n<ul>\n<li>\n<ul>\n<li>Till\u00e4gget \/ v\u00e5rt plugin fungerar f\u00f6r Outlook 2013 och senare<\/li>\n<\/ul>\n<\/li>\n<\/ul>\n<p>&nbsp;<\/p>\n<ul>\n<li>\n<ul>\n<li>Till\u00e4gget fungerar inte i \"The New Outlook\"<\/li>\n<\/ul>\n<\/li>\n<\/ul>\n<p>&nbsp;<\/p>\n<ul>\n<li>\n<ul>\n<li>Om du \u00f6ppnar Outlook via Terminal Server eller Citrix-l\u00f6sningar, anv\u00e4nd nedladdningen i n\u00e4sta avsnitt.<\/li>\n<\/ul>\n<\/li>\n<\/ul>\n<p>&nbsp;<\/p>\n<p>Detta fungerar oavsett om du anv\u00e4nder Office 365 eller din egen Exchange-server.<\/p>\n\t\t\t\t\t<a href=\"#\" id=\"fl-accordion--label-0\" tabindex=\"0\" aria-controls=\"fl-accordion--panel-0\">Installation p\u00e5 Terminal Server\/Citrix <\/a>\n\t\t\t\t\t\t\t\t\t\t\t<a href=\"#\" id=\"fl-accordion--icon-0\" tabindex=\"-1\"><i title=\"Expandera\">Expandera<\/i><\/a>\n\t\t\t\t\t<p>Obs: Om du installerar till\u00e4gget p\u00e5 en Terminal Server eller Citrix-g\u00e5rd anv\u00e4nder du den h\u00e4r MSI-filen ist\u00e4llet.<\/p>\n<a role=\"button\" href=\"https:\/\/suresms.com\/wp-content\/uploads\/2025\/01\/Sms2Outlook.SetupAllUsers-2.msi\" rel=\"noopener noreferrer\"><br \/>\nSMS Outlook f\u00f6r Terminal Server<br \/>\n<\/a>\n<p>Vid installation m\u00e5ste terminalservern vara i installationsl\u00e4ge.<\/p>\n<p>Starta en kommandorad i administrat\u00f6rsl\u00e4ge<\/p>\n<ol>\n<li>\n<ol>\n<li>Skriv \"\u00e4ndra anv\u00e4ndare \/installera\"<\/li>\n<\/ol>\n<\/li>\n<\/ol>\n<p>&nbsp;<\/p>\n<ol>\n<li>\n<ol>\n<li>K\u00f6r installationsprogrammet<\/li>\n<\/ol>\n<\/li>\n<\/ol>\n<p>&nbsp;<\/p>\n<ol>\n<li>\n<ol>\n<li>Skriv \"\u00e4ndra anv\u00e4ndare \/exekvera\"<\/li>\n<\/ol>\n<\/li>\n<\/ol>\n<p>&nbsp;<\/p>\n<p>D\u00e5 m\u00e5ste du g\u00f6ra det:<\/p>\n<ol>\n<li>\n<ol>\n<li>Logga in i Outlook som administrat\u00f6r<\/li>\n<\/ol>\n<\/li>\n<\/ol>\n<p>&nbsp;<\/p>\n<ol>\n<li>\n<ol>\n<li>G\u00e5 in p\u00e5 Filer \/ Inst\u00e4llningar \/ Till\u00e4gg<\/li>\n<\/ol>\n<\/li>\n<\/ol>\n<p>&nbsp;<\/p>\n<ol>\n<li>\n<ol>\n<li>L\u00e4ngst ner under \"COM Add-ons\", i Add.<\/li>\n<\/ol>\n<\/li>\n<\/ol>\n<p>&nbsp;<\/p>\n<ol>\n<li>\n<ol>\n<li>Tryck p\u00e5 L\u00e4gg till i dialogrutan.<\/li>\n<\/ol>\n<\/li>\n<\/ol>\n<p>&nbsp;<\/p>\n<ol>\n<li>\n<ol>\n<li>Hitta s\u00f6kv\u00e4gen till till\u00e4ggsprogrammet<\/li>\n<\/ol>\n<\/li>\n<\/ol>\n<p>&nbsp;<\/p>\n<ol>\n<li>\n<ol>\n<li>V\u00e4lj filen adxloader.ddl och tryck p\u00e5 ok.<\/li>\n<\/ol>\n<\/li>\n<\/ol>\n<p>&nbsp;<\/p>\n<ol>\n<li>\n<ol>\n<li>Starta om Outlook<\/li>\n<\/ol>\n<\/li>\n<\/ol>\n<p>&nbsp;<\/p>\n<p>&nbsp;<\/p>\n\t<h2>Funktioner i SMS2Outlook<\/h2>\n<p>&nbsp;<\/p>\n<h3>Skicka SMS via kontakter och grupper i Outlook<\/h3>\nV\u00e5rt SMS Add-in \u00e4r utvecklat specifikt f\u00f6r Outlook med de standarder som Microsoft kr\u00e4ver av sina Add-ins. Det inneb\u00e4r att med en snabb installation av v\u00e5rt \"plugin\" f\u00e5r du funktionaliteten inbyggd i din Outlook-meny. Via en SureSMS-meny i toppf\u00e4ltet kan du skicka SMS och grupp-SMS direkt till dina befintliga kontakter eller l\u00e4gga till nya. Skriv bara in kontaktens namn eller telefonnummer, skriv meddelandet och tryck p\u00e5 skicka.<br \/>\nEtt SMS kan vara upp till 160 tecken (s\u00e4tts av telekombolagen), men fr\u00e5n v\u00e5r SMS-avs\u00e4ndare kan du skicka upp till 800 tecken. Om meddelandet \u00e4r l\u00e4ngre blir det i motsvarande grad dyrare, precis som fr\u00e5n din vanliga mobiltelefon.\n<h3>Dokumentation och journalf\u00f6ring<\/h3>\nN\u00e4r du skickar SMS fr\u00e5n din Outlook-klient via SureSMS har vi sett till att dina meddelanden sparas automatiskt. Under inst\u00e4llningar kan du best\u00e4mma i vilken mapp SMS:en ska sparas och fr\u00e5n den mappen kan vilket journalsystem som helst h\u00e4mta meddelandena.<br \/>\nDet inneb\u00e4r att den, precis som din \u00f6vriga kommunikation, kan diarief\u00f6ras och \u00e5ters\u00f6kas n\u00e4r dokumentation beh\u00f6vs i ett senare skede. D\u00e4rmed uppfylls den skyldighet att diarief\u00f6ra som g\u00e4ller f\u00f6r alla offentliga och kommunala institutioner.\n<h3>V\u00e4lj avs\u00e4ndar-ID<\/h3>\n<p>Med v\u00e5r nya SMS for Outlook version 1.4 finns det flera nya m\u00f6jligheter att v\u00e4lja avs\u00e4ndar-ID. Du kan nu skicka fr\u00e5n ditt eget mobilnummer och ta emot svar p\u00e5 din mobiltelefon helt gratis. Om du vill ta emot svar i din Outlook s\u00e5 att det kan dokumenteras senare, m\u00e5ste du anv\u00e4nda en\u00a0<a href=\"https:\/\/suresms.com\/sv\/funktioner\/ta-emot-textmeddelanden-paa-din-dator\/\">2-v\u00e4gs SMS-l\u00f6sning\u00a0<\/a>Fr\u00e5n oss. Det \u00e4r snabbt och enkelt att installera. Ta en titt p\u00e5\u00a0<a href=\"https:\/\/suresms.com\/sv\/sms-gateway-priser\/\">Priser f\u00f6r v\u00e5ra SMS-l\u00f6sningar<\/a>\u00a0h\u00e4r. Sist men inte minst kan du v\u00e4lja att skicka fr\u00e5n ditt f\u00f6retagsnamn. Detta kan vara av stort v\u00e4rde f\u00f6r f\u00f6retag eller organisationer vid branding eller kampanjer. Om du vill ha flera olika avs\u00e4ndar-ID, v\u00e4nligen kontakta oss. Av s\u00e4kerhetssk\u00e4l kan v\u00e5ra anv\u00e4ndare inte sj\u00e4lva skapa nya, men vi kan g\u00f6ra det p\u00e5 n\u00e5gra minuter.<\/p>\n<h3>2-v\u00e4gs l\u00f6sning<\/h3>\n<p>N\u00e4r du skapar ett testkonto l\u00e4ngst upp p\u00e5 denna sida f\u00e5r du 50 gratis meddelanden att testa. I testversionen ing\u00e5r tyv\u00e4rr inte m\u00f6jligheten att ta emot SMS. Ring oss f\u00f6r att h\u00f6ra mer om m\u00f6jligheterna att ta emot SMS.<\/p>\n\t<h2>Hur man installerar SMS2Outlook<\/h2>\nDet \u00e4r enkelt att installera v\u00e5rt Add-in f\u00f6r Outlook. F\u00f6lj bara dessa korta instruktioner.<br \/>\nOm du vill ha mer detaljerad v\u00e4gledning, <a href=\"https:\/\/suresms.com\/sv\/integrationer\/post_och_kalender\/sms-outlook-addin\/textmeddelande-papper\/\">Se den fullst\u00e4ndiga beskrivningen p\u00e5 v\u00e5r Manualsite<\/a>d\u00e4r vi har detaljerade beskrivningar och guider f\u00f6r alla v\u00e5ra funktioner.\n<p><img loading=\"lazy\" decoding=\"async\" title=\"SMS Outlook v\u00e4gledning1\" src=\"https:\/\/suresms.com\/wp-content\/uploads\/2016\/06\/sms-Outlook-vejledning1.png\" alt=\"SMS Outlook v\u00e4gledning1\" width=\"413\" height=\"393\" \/><\/p>\n<h3>Installera SureSMS f\u00f6r Outlook<\/h3>\n<p>&nbsp;<\/p>\n<ol>\n<li>\n<ol>\n<li>Ladda ner v\u00e5r plugin via l\u00e4nken l\u00e4ngst upp p\u00e5 denna sida.<\/li>\n<\/ol>\n<\/li>\n<\/ol>\n<p>&nbsp;<\/p>\n<ol>\n<li>\n<ol>\n<li>Installera programmet<\/li>\n<\/ol>\n<\/li>\n<\/ol>\n<p>&nbsp;<\/p>\n<ol>\n<li>\n<ol>\n<li>\u00d6ppna din Outlook. Du kommer att se en sk\u00e4rmdump som den till v\u00e4nster.<\/li>\n<\/ol>\n<\/li>\n<\/ol>\n<p>&nbsp;<\/p>\n<ol>\n<li>\n<ol>\n<li>Fyll i inloggningsuppgifterna.<\/li>\n<\/ol>\n<\/li>\n<\/ol>\n<p>&nbsp;<\/p>\n<ol>\n<li>\n<ol>\n<li>Om du inte har n\u00e5got konto \u00e4nnu kan du skaffa ett genom att f\u00f6lja den bl\u00e5 l\u00e4nken p\u00e5 din inloggningssk\u00e4rm.<\/li>\n<\/ol>\n<\/li>\n<\/ol>\n<p>&nbsp;<\/p>\n<p><img loading=\"lazy\" decoding=\"async\" title=\"sms outlook plugin Add-in guide\" src=\"https:\/\/suresms.com\/wp-content\/uploads\/2016\/06\/sms-outlook-plugin-Add-in-vejledning.png\" alt=\"sms outlook plugin Add-in guide\" width=\"378\" height=\"343\" \/><\/p>\n<h3>Skicka SMS fr\u00e5n Outlook<\/h3>\n<p>N\u00e4r du har installerat v\u00e5rt Add-in kommer du att se en ny ikongrupp till h\u00f6ger i din meny, som den du ser p\u00e5 bilden h\u00e4r.<\/p>\n<p>Skriv sedan bara in numret, meddelandet och tryck p\u00e5 skicka.<\/p>\n<p>Du kan skriva +46 och sedan numret om du vill skicka till t.ex. Sverige, men om du vill skicka till Danmark anger du bara landskoden p\u00e5 inst\u00e4llningssk\u00e4rmen s\u00e5 st\u00e4ller systemet in landskoden sj\u00e4lv.<\/p>\n<p>&nbsp;<\/p>\n\t<h2>Undvik att avaktivera SMS2Oulook<\/h2>\n<p>Ibland kan du uppleva att Outlook avaktiverar SMS2Outlook. Detta kan ske av olika anledningar. Nedan kan du l\u00e4sa hur du kan \u00e5teraktivera SMS2Outlook och undvika att det avaktiveras igen.<\/p>\n<h3>Aktivera till\u00e4ggsprogrammet igen<\/h3>\n<p>F\u00f6rst m\u00e5ste du \u00e5teraktivera till\u00e4gget igen. Det finns en bra guide om hur du g\u00f6r det h\u00e4r: <a href=\"https:\/\/www.techhit.com\/how-to\/fix-missing-add-in-outlook-2016-2013-2010\/\" target=\"_blank\" rel=\"noopener\">\u00c5teraktivera till\u00e4gget<\/a><\/p>\n<p>&nbsp;<\/p>\n<h3>St\u00e4ng av den automatiska avaktiveringen<\/h3>\n<p>Outlook inaktiverar ibland till\u00e4ggsprogram om det tror att ett till\u00e4ggsprogram st\u00f6r Outlooks funktionalitet. I vissa fall \u00e4r till\u00e4gget inte skyldigt. Outlook kan vara f\u00f6r aggressivt h\u00e4r.<\/p>\n<p>Obs: Om ett till\u00e4gg redan \u00e4r avaktiverat hittar du instruktioner om hur du \u00e5teraktiverar ett avaktiverat till\u00e4gg\u00a0<a href=\"https:\/\/www.techhit.com\/how-to\/fix-missing-add-in-outlook-2016-2013-2010\/\">Outlook-till\u00e4gg h\u00e4r<\/a>.<\/p>\n<p>Om du f\u00f6rlitar dig p\u00e5 vissa till\u00e4gg och det \u00e4r viktigt f\u00f6r dig att tvinga dem att f\u00f6rbli aktiverade, f\u00f6lj dessa instruktioner f\u00f6r att f\u00f6rhindra att Outlook inaktiverar till\u00e4gg.<\/p>\n<p>Det finns tv\u00e5 s\u00e4tt att uppn\u00e5 detta:<\/p>\nOm du \u00e4r systemadministrat\u00f6r kan du anv\u00e4nda Group Policy.<br \/>\n<a href=\"https:\/\/www.microsoft.com\/en-us\/download\/details.aspx?id=49030\">Ladda ner Microsoft Office ADMX-mallar<\/a>\u00a0och anv\u00e4nda en grupprincip f\u00f6r att konfigurera inst\u00e4llningarna. Policyn heter \"Lista \u00f6ver hanterade till\u00e4gg\". Den finns under \"Administrativa mallarMicrosoft Outlook 2016\u00d6vrigt\". Du m\u00e5ste ange Outlook-till\u00e4ggets ProgID.\n<p>Om du \u00e4r en slutanv\u00e4ndare eller administrat\u00f6r som inte vill anv\u00e4nda grupprincipen kan du anv\u00e4nda registret. Om du vill tvinga ett till\u00e4ggsprogram att alltid vara aktiverat skapar du f\u00f6ljande registerv\u00e4rde:<\/p>\n<p>&nbsp;<\/p>\n<p>Notera registreringsv\u00e4gen under Outlook 16.0. H\u00e4r beh\u00f6ver du anv\u00e4nda 15.0 om du har Outlook 2013 eller \u00e4ldre.<\/p>\n<p>Du kan l\u00e4sa mer om detta p\u00e5\u00a0<a href=\"https:\/\/learn.microsoft.com\/en-us\/office\/vba\/outlook\/concepts\/getting-started\/support-for-keeping-add-ins-enabled\">Microsofts webbplats.<\/a><\/p>","protected":false},"excerpt":{"rendered":"<p>Skicka SMS direkt fr\u00e5n Outlook. Skicka meddelanden till listor fr\u00e5n Outlook, skicka SMS fr\u00e5n Outlooks kalender. Vad \u00e4r Outlook? Outlook \u00e4r ett omfattande e-post- och kalenderprogram som utvecklats av Microsoft och anv\u00e4nds av b\u00e5de privatpersoner och f\u00f6retag f\u00f6r att hantera e-post, kalendrar, uppgifter och kontakter. V\u00e5r integration g\u00f6r det m\u00f6jligt att skicka SMS direkt fr\u00e5n Outlook, vilket... <a title=\"Outlook-till\u00e4gg\" class=\"read-more\" href=\"https:\/\/suresms.com\/sv\/integrationer\/mail_og_kalender\/sms-outlook-addin\/\" aria-label=\"L\u00e4s mer om Outlook Add-in\">L\u00e4s mer om det<\/a><\/p>","protected":false},"author":1,"featured_media":0,"parent":13808,"menu_order":0,"comment_status":"closed","ping_status":"closed","template":"","meta":{"_fl_builder_enabled":"1","_fl_builder_data":null,"_fl_builder_draft":null,"_fl_builder_data_settings":null,"_fl_builder_css":"","_fl_builder_css_version":"","_fl_builder_js":"","footnotes":""},"categories":[],"tags":[],"class_list":["post-3023","page","type-page","status-publish"],"yoast_head":"<!-- This site is optimized with the Yoast SEO Premium plugin v27.3 (Yoast SEO v27.3) - https:\/\/yoast.com\/product\/yoast-seo-premium-wordpress\/ -->\r\n<title>Sende SMS fra Outlook med vores smarte plugin \u2713 L\u00e6s her<\/title>\r\n<meta name=\"description\" content=\"Send SMS fra Outlook | SureSMS Outlook Add-In |Send nemt SMS til kontakter og grupper. Flere afsender-ID muligheder | Download gratis | Betal kun pr. SMS.\" \/>\r\n<meta name=\"robots\" content=\"index, follow, max-snippet:-1, max-image-preview:large, max-video-preview:-1\" \/>\r\n<link rel=\"canonical\" href=\"https:\/\/suresms.com\/sv\/integrationer\/post_och_kalender\/sms-outlook-addin\/\" \/>\r\n<meta property=\"og:locale\" content=\"sv_SE\" \/>\r\n<meta property=\"og:type\" content=\"article\" \/>\r\n<meta property=\"og:title\" content=\"Update - SMS til Outlook Plugin Version 1.4 - SureSMS\" \/>\r\n<meta property=\"og:description\" content=\"Update - GRATIS SMS Add-in til Outlook. Send SMS til kontakter &amp; grupper - Fuld dokumentation - Gratis testkonto. Flere afsender-ID muligheder. Modtag svar p\u00e5 mobil eller i Outlook med 2-vejs L\u00f8sning. NU op til 800 tegn i beskeden.\" \/>\r\n<meta property=\"og:url\" content=\"https:\/\/suresms.com\/sv\/integrationer\/post_och_kalender\/sms-outlook-addin\/\" \/>\r\n<meta property=\"article:publisher\" content=\"https:\/\/www.facebook.com\/p\/SureSMS-100044607956149\/\" \/>\r\n<meta property=\"article:modified_time\" content=\"2025-01-20T10:13:41+00:00\" \/>\r\n<meta property=\"og:image\" content=\"https:\/\/suresms.com\/wp-content\/uploads\/2016\/02\/facebook-Outlook-plugin-version-1.4-snippet-1.jpg\" \/>\r\n\t<meta property=\"og:image:width\" content=\"1200\" \/>\r\n\t<meta property=\"og:image:height\" content=\"630\" \/>\r\n\t<meta property=\"og:image:type\" content=\"image\/jpeg\" \/>\r\n<meta name=\"twitter:card\" content=\"summary_large_image\" \/>\r\n<meta name=\"twitter:title\" content=\"Outlook Add-in\" \/>\r\n<meta name=\"twitter:label1\" content=\"Ber\u00e4knad l\u00e4stid\" \/>\n\t<meta name=\"twitter:data1\" content=\"7 minuter\" \/>\r\n<script type=\"application\/ld+json\" class=\"yoast-schema-graph\">{\"@context\":\"https:\\\/\\\/schema.org\",\"@graph\":[{\"@type\":\"WebPage\",\"@id\":\"https:\\\/\\\/suresms.com\\\/dk\\\/integrationer\\\/mail_og_kalender\\\/sms-outlook-addin\\\/\",\"url\":\"https:\\\/\\\/suresms.com\\\/dk\\\/integrationer\\\/mail_og_kalender\\\/sms-outlook-addin\\\/\",\"name\":\"Sende SMS fra Outlook med vores smarte plugin \u2713 L\u00e6s her\",\"isPartOf\":{\"@id\":\"https:\\\/\\\/suresms.com\\\/en\\\/#website\"},\"primaryImageOfPage\":{\"@id\":\"https:\\\/\\\/suresms.com\\\/dk\\\/integrationer\\\/mail_og_kalender\\\/sms-outlook-addin\\\/#primaryimage\"},\"image\":{\"@id\":\"https:\\\/\\\/suresms.com\\\/dk\\\/integrationer\\\/mail_og_kalender\\\/sms-outlook-addin\\\/#primaryimage\"},\"thumbnailUrl\":\"https:\\\/\\\/suresms.com\\\/wp-content\\\/uploads\\\/2021\\\/10\\\/SMS2Outlook-low-1.png\",\"datePublished\":\"2016-06-22T10:08:19+00:00\",\"dateModified\":\"2025-01-20T10:13:41+00:00\",\"description\":\"Send SMS fra Outlook | SureSMS Outlook Add-In |Send nemt SMS til kontakter og grupper. Flere afsender-ID muligheder | Download gratis | Betal kun pr. SMS.\",\"breadcrumb\":{\"@id\":\"https:\\\/\\\/suresms.com\\\/dk\\\/integrationer\\\/mail_og_kalender\\\/sms-outlook-addin\\\/#breadcrumb\"},\"inLanguage\":\"sv-SE\",\"potentialAction\":[{\"@type\":\"ReadAction\",\"target\":[\"https:\\\/\\\/suresms.com\\\/dk\\\/integrationer\\\/mail_og_kalender\\\/sms-outlook-addin\\\/\"]}]},{\"@type\":\"ImageObject\",\"inLanguage\":\"sv-SE\",\"@id\":\"https:\\\/\\\/suresms.com\\\/dk\\\/integrationer\\\/mail_og_kalender\\\/sms-outlook-addin\\\/#primaryimage\",\"url\":\"https:\\\/\\\/suresms.com\\\/wp-content\\\/uploads\\\/2021\\\/10\\\/SMS2Outlook-low-1.png\",\"contentUrl\":\"https:\\\/\\\/suresms.com\\\/wp-content\\\/uploads\\\/2021\\\/10\\\/SMS2Outlook-low-1.png\"},{\"@type\":\"BreadcrumbList\",\"@id\":\"https:\\\/\\\/suresms.com\\\/dk\\\/integrationer\\\/mail_og_kalender\\\/sms-outlook-addin\\\/#breadcrumb\",\"itemListElement\":[{\"@type\":\"ListItem\",\"position\":1,\"name\":\"Home\",\"item\":\"https:\\\/\\\/suresms.com\\\/dk\\\/\"},{\"@type\":\"ListItem\",\"position\":2,\"name\":\"Integrationer\",\"item\":\"https:\\\/\\\/suresms.com\\\/dk\\\/integrationer\\\/\"},{\"@type\":\"ListItem\",\"position\":3,\"name\":\"Integration til mail- og kalender systemer\",\"item\":\"https:\\\/\\\/suresms.com\\\/dk\\\/integrationer\\\/mail_og_kalender\\\/\"},{\"@type\":\"ListItem\",\"position\":4,\"name\":\"Outlook Add-in\"}]},{\"@type\":\"WebSite\",\"@id\":\"https:\\\/\\\/suresms.com\\\/en\\\/#website\",\"url\":\"https:\\\/\\\/suresms.com\\\/en\\\/\",\"name\":\"SureSMS\",\"description\":\"Professionel SMS Gateway\",\"publisher\":{\"@id\":\"https:\\\/\\\/suresms.com\\\/en\\\/#organization\"},\"potentialAction\":[{\"@type\":\"SearchAction\",\"target\":{\"@type\":\"EntryPoint\",\"urlTemplate\":\"https:\\\/\\\/suresms.com\\\/en\\\/?s={search_term_string}\"},\"query-input\":{\"@type\":\"PropertyValueSpecification\",\"valueRequired\":true,\"valueName\":\"search_term_string\"}}],\"inLanguage\":\"sv-SE\"},{\"@type\":\"Organization\",\"@id\":\"https:\\\/\\\/suresms.com\\\/en\\\/#organization\",\"name\":\"SureSMS\",\"url\":\"https:\\\/\\\/suresms.com\\\/en\\\/\",\"logo\":{\"@type\":\"ImageObject\",\"inLanguage\":\"sv-SE\",\"@id\":\"https:\\\/\\\/suresms.com\\\/en\\\/#\\\/schema\\\/logo\\\/image\\\/\",\"url\":\"https:\\\/\\\/suresms.com\\\/wp-content\\\/uploads\\\/2024\\\/11\\\/suresms-300x65-1.png\",\"contentUrl\":\"https:\\\/\\\/suresms.com\\\/wp-content\\\/uploads\\\/2024\\\/11\\\/suresms-300x65-1.png\",\"width\":300,\"height\":65,\"caption\":\"SureSMS\"},\"image\":{\"@id\":\"https:\\\/\\\/suresms.com\\\/en\\\/#\\\/schema\\\/logo\\\/image\\\/\"},\"sameAs\":[\"https:\\\/\\\/www.facebook.com\\\/p\\\/SureSMS-100044607956149\\\/\"]}]}<\/script>\r\n<!-- \/ Yoast SEO Premium plugin. -->","yoast_head_json":{"title":"Skicka SMS fr\u00e5n Outlook med v\u00e5r smarta plugin \u2713 L\u00e4s h\u00e4r","description":"Skicka SMS fr\u00e5n Outlook | SureSMS Outlook Add-In | Skicka enkelt SMS till kontakter och grupper. Flera alternativ f\u00f6r avs\u00e4ndar-ID | Gratis nedladdning | Betala endast per SMS.","robots":{"index":"index","follow":"follow","max-snippet":"max-snippet:-1","max-image-preview":"max-image-preview:large","max-video-preview":"max-video-preview:-1"},"canonical":"https:\/\/suresms.com\/sv\/integrationer\/post_och_kalender\/sms-outlook-addin\/","og_locale":"sv_SE","og_type":"article","og_title":"Update - SMS til Outlook Plugin Version 1.4 - SureSMS","og_description":"Update - GRATIS SMS Add-in til Outlook. Send SMS til kontakter & grupper - Fuld dokumentation - Gratis testkonto. Flere afsender-ID muligheder. Modtag svar p\u00e5 mobil eller i Outlook med 2-vejs L\u00f8sning. NU op til 800 tegn i beskeden.","og_url":"https:\/\/suresms.com\/sv\/integrationer\/post_och_kalender\/sms-outlook-addin\/","article_publisher":"https:\/\/www.facebook.com\/p\/SureSMS-100044607956149\/","article_modified_time":"2025-01-20T10:13:41+00:00","og_image":[{"width":1200,"height":630,"url":"https:\/\/suresms.com\/wp-content\/uploads\/2016\/02\/facebook-Outlook-plugin-version-1.4-snippet-1.jpg","type":"image\/jpeg"}],"twitter_card":"summary_large_image","twitter_title":"Outlook Add-in","twitter_misc":{"Ber\u00e4knad l\u00e4stid":"7 minuter"},"schema":{"@context":"https:\/\/schema.org","@graph":[{"@type":"WebPage","@id":"https:\/\/suresms.com\/dk\/integrationer\/mail_og_kalender\/sms-outlook-addin\/","url":"https:\/\/suresms.com\/dk\/integrationer\/mail_og_kalender\/sms-outlook-addin\/","name":"Skicka SMS fr\u00e5n Outlook med v\u00e5r smarta plugin \u2713 L\u00e4s h\u00e4r","isPartOf":{"@id":"https:\/\/suresms.com\/en\/#website"},"primaryImageOfPage":{"@id":"https:\/\/suresms.com\/dk\/integrationer\/mail_og_kalender\/sms-outlook-addin\/#primaryimage"},"image":{"@id":"https:\/\/suresms.com\/dk\/integrationer\/mail_og_kalender\/sms-outlook-addin\/#primaryimage"},"thumbnailUrl":"https:\/\/suresms.com\/wp-content\/uploads\/2021\/10\/SMS2Outlook-low-1.png","datePublished":"2016-06-22T10:08:19+00:00","dateModified":"2025-01-20T10:13:41+00:00","description":"Skicka SMS fr\u00e5n Outlook | SureSMS Outlook Add-In | Skicka enkelt SMS till kontakter och grupper. Flera alternativ f\u00f6r avs\u00e4ndar-ID | Gratis nedladdning | Betala endast per SMS.","breadcrumb":{"@id":"https:\/\/suresms.com\/dk\/integrationer\/mail_og_kalender\/sms-outlook-addin\/#breadcrumb"},"inLanguage":"sv-SE","potentialAction":[{"@type":"ReadAction","target":["https:\/\/suresms.com\/dk\/integrationer\/mail_og_kalender\/sms-outlook-addin\/"]}]},{"@type":"ImageObject","inLanguage":"sv-SE","@id":"https:\/\/suresms.com\/dk\/integrationer\/mail_og_kalender\/sms-outlook-addin\/#primaryimage","url":"https:\/\/suresms.com\/wp-content\/uploads\/2021\/10\/SMS2Outlook-low-1.png","contentUrl":"https:\/\/suresms.com\/wp-content\/uploads\/2021\/10\/SMS2Outlook-low-1.png"},{"@type":"BreadcrumbList","@id":"https:\/\/suresms.com\/dk\/integrationer\/mail_og_kalender\/sms-outlook-addin\/#breadcrumb","itemListElement":[{"@type":"ListItem","position":1,"name":"Home","item":"https:\/\/suresms.com\/dk\/"},{"@type":"ListItem","position":2,"name":"Integrationer","item":"https:\/\/suresms.com\/dk\/integrationer\/"},{"@type":"ListItem","position":3,"name":"Integration til mail- og kalender systemer","item":"https:\/\/suresms.com\/dk\/integrationer\/mail_og_kalender\/"},{"@type":"ListItem","position":4,"name":"Outlook Add-in"}]},{"@type":"WebSite","@id":"https:\/\/suresms.com\/en\/#website","url":"https:\/\/suresms.com\/en\/","name":"SureSMS","description":"Professionell SMS Gateway","publisher":{"@id":"https:\/\/suresms.com\/en\/#organization"},"potentialAction":[{"@type":"SearchAction","target":{"@type":"EntryPoint","urlTemplate":"https:\/\/suresms.com\/en\/?s={search_term_string}"},"query-input":{"@type":"PropertyValueSpecification","valueRequired":true,"valueName":"search_term_string"}}],"inLanguage":"sv-SE"},{"@type":"Organization","@id":"https:\/\/suresms.com\/en\/#organization","name":"SureSMS","url":"https:\/\/suresms.com\/en\/","logo":{"@type":"ImageObject","inLanguage":"sv-SE","@id":"https:\/\/suresms.com\/en\/#\/schema\/logo\/image\/","url":"https:\/\/suresms.com\/wp-content\/uploads\/2024\/11\/suresms-300x65-1.png","contentUrl":"https:\/\/suresms.com\/wp-content\/uploads\/2024\/11\/suresms-300x65-1.png","width":300,"height":65,"caption":"SureSMS"},"image":{"@id":"https:\/\/suresms.com\/en\/#\/schema\/logo\/image\/"},"sameAs":["https:\/\/www.facebook.com\/p\/SureSMS-100044607956149\/"]}]}},"_links":{"self":[{"href":"https:\/\/suresms.com\/sv\/wp-json\/wp\/v2\/pages\/3023","targetHints":{"allow":["GET"]}}],"collection":[{"href":"https:\/\/suresms.com\/sv\/wp-json\/wp\/v2\/pages"}],"about":[{"href":"https:\/\/suresms.com\/sv\/wp-json\/wp\/v2\/types\/page"}],"author":[{"embeddable":true,"href":"https:\/\/suresms.com\/sv\/wp-json\/wp\/v2\/users\/1"}],"replies":[{"embeddable":true,"href":"https:\/\/suresms.com\/sv\/wp-json\/wp\/v2\/comments?post=3023"}],"version-history":[{"count":20,"href":"https:\/\/suresms.com\/sv\/wp-json\/wp\/v2\/pages\/3023\/revisions"}],"predecessor-version":[{"id":21769,"href":"https:\/\/suresms.com\/sv\/wp-json\/wp\/v2\/pages\/3023\/revisions\/21769"}],"up":[{"embeddable":true,"href":"https:\/\/suresms.com\/sv\/wp-json\/wp\/v2\/pages\/13808"}],"wp:attachment":[{"href":"https:\/\/suresms.com\/sv\/wp-json\/wp\/v2\/media?parent=3023"}],"wp:term":[{"taxonomy":"category","embeddable":true,"href":"https:\/\/suresms.com\/sv\/wp-json\/wp\/v2\/categories?post=3023"},{"taxonomy":"post_tag","embeddable":true,"href":"https:\/\/suresms.com\/sv\/wp-json\/wp\/v2\/tags?post=3023"}],"curies":[{"name":"wp","href":"https:\/\/api.w.org\/{rel}","templated":true}]}}