{"id":289,"date":"2014-07-02T13:30:59","date_gmt":"2014-07-02T11:30:59","guid":{"rendered":"http:\/\/da.suresms.com\/?page_id=289"},"modified":"2024-12-05T15:39:28","modified_gmt":"2024-12-05T15:39:28","slug":"internationella-sms","status":"publish","type":"page","link":"https:\/\/suresms.com\/sv\/funktioner\/international-sms\/","title":{"rendered":"SMS till hela v\u00e4rlden"},"content":{"rendered":"<!-- Flexy Breadcrumb -->\r\n\t\t\t<div class=\"fbc fbc-page\">\r\n\r\n\t\t\t\t<!-- Breadcrumb wrapper -->\r\n\t\t\t\t<div class=\"fbc-wrap\">\r\n\r\n\t\t\t\t\t<!-- Ordered list-->\r\n\t\t\t\t\t<ol class=\"fbc-items\" itemscope itemtype=\"https:\/\/schema.org\/BreadcrumbList\">\r\n\t\t\t\t\t\t            <li itemprop=\"itemListElement\" itemscope itemtype=\"https:\/\/schema.org\/ListItem\">\r\n                <span itemprop=\"name\">\r\n                    <!-- Home Link -->\r\n                    <a itemprop=\"item\" href=\"https:\/\/suresms.com\/sv\/\">\r\n                    \r\n                                                    <i class=\"fa fa-home\" aria-hidden=\"true\"><\/i>Hem                    <\/a>\r\n                <\/span>\r\n                <meta itemprop=\"position\" content=\"1\" \/><!-- Meta Position-->\r\n             <\/li><li><span class=\"fbc-separator\">\/<\/span><\/li><li class=\"active\" itemprop=\"itemListElement\" itemscope itemtype=\"https:\/\/schema.org\/ListItem\"><span itemprop=\"name\" title=\"SMS till hela v\u00e4rlden\">SMS till hela v\u00e4rlden<\/span><meta itemprop=\"position\" content=\"2\" \/><\/li>\t\t\t\t\t<\/ol>\r\n\t\t\t\t\t<div class=\"clearfix\"><\/div>\r\n\t\t\t\t<\/div>\r\n\t\t\t<\/div>\r\n\t\t\t\n<h1>\n\t\tSMS till hela v\u00e4rlden\n\t<\/h1>\n\t<p>SureSMS \u00e4r en internationell SMS-gateway. Det inneb\u00e4r att SMS till utlandet ALLTID \u00e4r integrerat i v\u00e5rt ordinarie abonnemang.<\/p>\n<p>Vi har ett v\u00e4letablerat samarbete med \u00f6ver 800 stabila operat\u00f6rer i 170 l\u00e4nder. Det inneb\u00e4r att v\u00e5ra kunder alltid kan komma i kontakt med alla v\u00e5ra partners - b\u00e5de i Danmark och internationellt. Vi anv\u00e4nder oss bara av f\u00f6rstklassiga leverant\u00f6rer och vi arbetar st\u00e4ndigt med att \u00f6vervaka marknaden och f\u00f6rhandla fram de b\u00e4sta priserna f\u00f6r v\u00e5ra kunder utan att kompromissa med kvaliteten.<\/p>\n<p>Det \u00e4r lika enkelt att skicka sms utomlands som att skicka till ditt eget land. Kom bara ih\u00e5g att fylla i r\u00e4tt landskod i textmeddelandet.<\/p>\n<h4><strong>L\u00e5ga priser utomlands<\/strong><\/h4>\n<p>Kostnaden f\u00f6r att skicka ett meddelande till utlandet beror p\u00e5 land och meddelandets l\u00e4ngd, men v\u00e5ra priser \u00e4r konkurrenskraftiga och mycket billigare \u00e4n teleoperat\u00f6rernas och v\u00e5ra konkurrenters.<\/p>\n<p>I v\u00e5rt webbgr\u00e4nssnitt kan du se priset f\u00f6r ett meddelande innan du skickar det. Ange telefonnummer, landskod och skriv meddelandet i textf\u00e4ltet s\u00e5 ser du aktuellt pris i f\u00e4ltet nedan.<\/p>\n<p>F\u00f6r mer information om v\u00e5ra uppdaterade priser f\u00f6r internationella meddelanden, v\u00e4nligen kontakta v\u00e5rt supportteam p\u00e5 +45 50 322 322 eller skicka ett e-postmeddelande till <a href=\"mailto:info@suresms.com\">info@suresms.com<\/a>.<\/p>\n\t<p>&nbsp;<\/p>\n<h4><strong>Beh\u00f6ver du en 2-v\u00e4gs l\u00f6sning med ett utl\u00e4ndskt nummer?<\/strong><\/h4>\n<p>Vill du att dina meddelanden ska komma fr\u00e5n ett utl\u00e4ndskt nummer? Beh\u00f6ver dina anv\u00e4ndare kunna svara p\u00e5 dina meddelanden p\u00e5 numret? Det kan vi enkelt hantera. <a title=\"2-v\u00e4gs SMS, ta emot SMS p\u00e5 din dator\" href=\"https:\/\/suresms.com\/sv\/2-vags-sms-avlasning-med-vardsimulator\/\">L\u00e4s mer om v\u00e5r 2-v\u00e4gs Hostet-SIM-l\u00f6sning h\u00e4r!<\/a><\/p>\n<h4><strong>Danskt f\u00f6retag<\/strong><\/h4>\n<p>SureSMS ApS \u00e4r ett danskt f\u00f6retag som har funnits sedan 2003. V\u00e5rt team har \u00f6ver 15 \u00e5rs erfarenhet av infrastruktur, inklusive n\u00e4tverk, s\u00e4kerhet och servrar.<\/p>\n<p>V\u00e4lutbildade utvecklare, tekniker och servicemedarbetare ansvarar f\u00f6r uppdatering, drift och support. Du kan tryggt l\u00e5ta oss ta hand om din SMS-l\u00f6sning utan att oroa dig f\u00f6r instabilitet eller bristande service.<\/p>\n\t<h4><strong>H\u00e4r kan du l\u00e4sa n\u00e5gra exempel p\u00e5 hur v\u00e5ra kunder f\u00f6r n\u00e4rvarande anv\u00e4nder funktionen \"SMS till utlandet\"<\/strong><\/h4>\n<ul>\n<li>En stor dansk leverant\u00f6r till den internationella energibranschen anv\u00e4nder v\u00e5r internationella SMS-tj\u00e4nst f\u00f6r att meddela kunder \u00f6ver hela v\u00e4rlden om lagda order.<\/li>\n<li>En av v\u00e5ra kunder \u00e4r ett stort danskt l\u00e4kemedelsf\u00f6retag som anv\u00e4nder v\u00e5r SMS-tj\u00e4nst f\u00f6r att skicka meddelanden till sina anst\u00e4llda utomlands, och de anst\u00e4llda kan ocks\u00e5 anm\u00e4la sig till nyhetsbrev via KEYWORDS.<\/li>\n<li>V\u00e5r integrerade SMS till utlandet-tj\u00e4nst anv\u00e4nds av ett danskt f\u00f6retag som levererar elm\u00e4tare till Danmark och Skandinavien. De anv\u00e4nder SureSMS f\u00f6r att skicka meddelanden om kommande avl\u00e4sningar till inv\u00e5nare i Danmark, Norge och Sverige.<\/li>\n<li>Och s\u00e5 har vi en gr\u00f6nl\u00e4ndsk skola som skickar meddelanden till elevernas f\u00f6r\u00e4ldrar om samarbetet mellan skola och hem. Det kan handla om praktisk information, elevers fr\u00e5nvaro eller annan viktig information.<br \/>F\u00f6r sj\u00e4lvklart \u00e4r vi en SMS-tj\u00e4nst f\u00f6r hela Danmark!<\/li>\n<\/ul>","protected":false},"excerpt":{"rendered":"<p>SMS \u00f6ver hela v\u00e4rlden SureSMS \u00e4r en internationell SMS-gateway. Det inneb\u00e4r att SMS till utlandet ALLTID \u00e4r integrerat i v\u00e5rt ordinarie abonnemang. Vi har ett v\u00e4letablerat partnerskap med \u00f6ver 800 stabila operat\u00f6rer i 170 l\u00e4nder. Det inneb\u00e4r att v\u00e5ra kunder alltid kan komma i kontakt med alla v\u00e5ra partners - b\u00e5de i Danmark och internationellt. Vi har ... <a title=\"SMS till hela v\u00e4rlden\" class=\"read-more\" href=\"https:\/\/suresms.com\/sv\/funktioner\/international-sms\/\" aria-label=\"L\u00e4s mer om SMS till v\u00e4rlden\">L\u00e4s mer om det<\/a><\/p>","protected":false},"author":1,"featured_media":0,"parent":958,"menu_order":6,"comment_status":"closed","ping_status":"closed","template":"","meta":{"_fl_builder_enabled":"1","_fl_builder_data":null,"_fl_builder_draft":null,"_fl_builder_data_settings":null,"_fl_builder_css":"","_fl_builder_css_version":"","_fl_builder_js":"","footnotes":""},"categories":[17],"tags":[],"class_list":{"0":"post-289","1":"page","2":"type-page","3":"status-publish","5":"category-linkfracornorstone"},"yoast_head":"<!-- This site is optimized with the Yoast SEO Premium plugin v27.3 (Yoast SEO v27.3) - https:\/\/yoast.com\/product\/yoast-seo-premium-wordpress\/ -->\r\n<title>International Gateway \u2192 Effektivt og nemt system at anvende<\/title>\r\n<meta name=\"description\" content=\"International Gateway og professionel SMS Gateway services f\u00e5s her. F\u00e5 hurtig kontakt til dine kunder med effektive l\u00f8sninger.\" \/>\r\n<meta name=\"robots\" content=\"index, follow, max-snippet:-1, max-image-preview:large, max-video-preview:-1\" \/>\r\n<link rel=\"canonical\" href=\"https:\/\/suresms.com\/sv\/funktioner\/internationella-sms\/\" \/>\r\n<meta property=\"og:locale\" content=\"sv_SE\" \/>\r\n<meta property=\"og:type\" content=\"article\" \/>\r\n<meta property=\"og:title\" content=\"SMS til hele verden\" \/>\r\n<meta property=\"og:description\" content=\"International Gateway og professionel SMS Gateway services f\u00e5s her. F\u00e5 hurtig kontakt til dine kunder med effektive l\u00f8sninger.\" \/>\r\n<meta property=\"og:url\" content=\"https:\/\/suresms.com\/sv\/funktioner\/internationella-sms\/\" \/>\r\n<meta property=\"article:publisher\" content=\"https:\/\/www.facebook.com\/p\/SureSMS-100044607956149\/\" \/>\r\n<meta property=\"article:modified_time\" content=\"2024-12-05T15:39:28+00:00\" \/>\r\n<meta name=\"twitter:card\" content=\"summary_large_image\" \/>\r\n<meta name=\"twitter:label1\" content=\"Ber\u00e4knad l\u00e4stid\" \/>\n\t<meta name=\"twitter:data1\" content=\"7 minuter\" \/>\r\n<script type=\"application\/ld+json\" class=\"yoast-schema-graph\">{\"@context\":\"https:\\\/\\\/schema.org\",\"@graph\":[{\"@type\":\"WebPage\",\"@id\":\"https:\\\/\\\/suresms.com\\\/dk\\\/funktioner\\\/international-sms\\\/\",\"url\":\"https:\\\/\\\/suresms.com\\\/dk\\\/funktioner\\\/international-sms\\\/\",\"name\":\"International Gateway \u2192 Effektivt og nemt system at anvende\",\"isPartOf\":{\"@id\":\"https:\\\/\\\/suresms.com\\\/en\\\/#website\"},\"datePublished\":\"2014-07-02T11:30:59+00:00\",\"dateModified\":\"2024-12-05T15:39:28+00:00\",\"description\":\"International Gateway og professionel SMS Gateway services f\u00e5s her. F\u00e5 hurtig kontakt til dine kunder med effektive l\u00f8sninger.\",\"breadcrumb\":{\"@id\":\"https:\\\/\\\/suresms.com\\\/dk\\\/funktioner\\\/international-sms\\\/#breadcrumb\"},\"inLanguage\":\"sv-SE\",\"potentialAction\":[{\"@type\":\"ReadAction\",\"target\":[\"https:\\\/\\\/suresms.com\\\/dk\\\/funktioner\\\/international-sms\\\/\"]}]},{\"@type\":\"BreadcrumbList\",\"@id\":\"https:\\\/\\\/suresms.com\\\/dk\\\/funktioner\\\/international-sms\\\/#breadcrumb\",\"itemListElement\":[{\"@type\":\"ListItem\",\"position\":1,\"name\":\"Home\",\"item\":\"https:\\\/\\\/suresms.com\\\/dk\\\/\"},{\"@type\":\"ListItem\",\"position\":2,\"name\":\"Funktioner\",\"item\":\"https:\\\/\\\/suresms.com\\\/dk\\\/funktioner\\\/\"},{\"@type\":\"ListItem\",\"position\":3,\"name\":\"SMS til hele verden\"}]},{\"@type\":\"WebSite\",\"@id\":\"https:\\\/\\\/suresms.com\\\/en\\\/#website\",\"url\":\"https:\\\/\\\/suresms.com\\\/en\\\/\",\"name\":\"SureSMS\",\"description\":\"Professionel SMS Gateway\",\"publisher\":{\"@id\":\"https:\\\/\\\/suresms.com\\\/en\\\/#organization\"},\"potentialAction\":[{\"@type\":\"SearchAction\",\"target\":{\"@type\":\"EntryPoint\",\"urlTemplate\":\"https:\\\/\\\/suresms.com\\\/en\\\/?s={search_term_string}\"},\"query-input\":{\"@type\":\"PropertyValueSpecification\",\"valueRequired\":true,\"valueName\":\"search_term_string\"}}],\"inLanguage\":\"sv-SE\"},{\"@type\":\"Organization\",\"@id\":\"https:\\\/\\\/suresms.com\\\/en\\\/#organization\",\"name\":\"SureSMS\",\"url\":\"https:\\\/\\\/suresms.com\\\/en\\\/\",\"logo\":{\"@type\":\"ImageObject\",\"inLanguage\":\"sv-SE\",\"@id\":\"https:\\\/\\\/suresms.com\\\/en\\\/#\\\/schema\\\/logo\\\/image\\\/\",\"url\":\"https:\\\/\\\/suresms.com\\\/wp-content\\\/uploads\\\/2024\\\/11\\\/suresms-300x65-1.png\",\"contentUrl\":\"https:\\\/\\\/suresms.com\\\/wp-content\\\/uploads\\\/2024\\\/11\\\/suresms-300x65-1.png\",\"width\":300,\"height\":65,\"caption\":\"SureSMS\"},\"image\":{\"@id\":\"https:\\\/\\\/suresms.com\\\/en\\\/#\\\/schema\\\/logo\\\/image\\\/\"},\"sameAs\":[\"https:\\\/\\\/www.facebook.com\\\/p\\\/SureSMS-100044607956149\\\/\"]}]}<\/script>\r\n<!-- \/ Yoast SEO Premium plugin. -->","yoast_head_json":{"title":"International Gateway \u2192 Effektivt och l\u00e4ttanv\u00e4nt system","description":"International Gateway och professionella SMS Gateway-tj\u00e4nster finns h\u00e4r. F\u00e5 snabb kontakt med dina kunder med effektiva l\u00f6sningar.","robots":{"index":"index","follow":"follow","max-snippet":"max-snippet:-1","max-image-preview":"max-image-preview:large","max-video-preview":"max-video-preview:-1"},"canonical":"https:\/\/suresms.com\/sv\/funktioner\/internationella-sms\/","og_locale":"sv_SE","og_type":"article","og_title":"SMS til hele verden","og_description":"International Gateway og professionel SMS Gateway services f\u00e5s her. F\u00e5 hurtig kontakt til dine kunder med effektive l\u00f8sninger.","og_url":"https:\/\/suresms.com\/sv\/funktioner\/internationella-sms\/","article_publisher":"https:\/\/www.facebook.com\/p\/SureSMS-100044607956149\/","article_modified_time":"2024-12-05T15:39:28+00:00","twitter_card":"summary_large_image","twitter_misc":{"Ber\u00e4knad l\u00e4stid":"7 minuter"},"schema":{"@context":"https:\/\/schema.org","@graph":[{"@type":"WebPage","@id":"https:\/\/suresms.com\/dk\/funktioner\/international-sms\/","url":"https:\/\/suresms.com\/dk\/funktioner\/international-sms\/","name":"International Gateway \u2192 Effektivt och l\u00e4ttanv\u00e4nt system","isPartOf":{"@id":"https:\/\/suresms.com\/en\/#website"},"datePublished":"2014-07-02T11:30:59+00:00","dateModified":"2024-12-05T15:39:28+00:00","description":"International Gateway och professionella SMS Gateway-tj\u00e4nster finns h\u00e4r. F\u00e5 snabb kontakt med dina kunder med effektiva l\u00f6sningar.","breadcrumb":{"@id":"https:\/\/suresms.com\/dk\/funktioner\/international-sms\/#breadcrumb"},"inLanguage":"sv-SE","potentialAction":[{"@type":"ReadAction","target":["https:\/\/suresms.com\/dk\/funktioner\/international-sms\/"]}]},{"@type":"BreadcrumbList","@id":"https:\/\/suresms.com\/dk\/funktioner\/international-sms\/#breadcrumb","itemListElement":[{"@type":"ListItem","position":1,"name":"Home","item":"https:\/\/suresms.com\/dk\/"},{"@type":"ListItem","position":2,"name":"Funktioner","item":"https:\/\/suresms.com\/dk\/funktioner\/"},{"@type":"ListItem","position":3,"name":"SMS til hele verden"}]},{"@type":"WebSite","@id":"https:\/\/suresms.com\/en\/#website","url":"https:\/\/suresms.com\/en\/","name":"SureSMS","description":"Professionell SMS Gateway","publisher":{"@id":"https:\/\/suresms.com\/en\/#organization"},"potentialAction":[{"@type":"SearchAction","target":{"@type":"EntryPoint","urlTemplate":"https:\/\/suresms.com\/en\/?s={search_term_string}"},"query-input":{"@type":"PropertyValueSpecification","valueRequired":true,"valueName":"search_term_string"}}],"inLanguage":"sv-SE"},{"@type":"Organization","@id":"https:\/\/suresms.com\/en\/#organization","name":"SureSMS","url":"https:\/\/suresms.com\/en\/","logo":{"@type":"ImageObject","inLanguage":"sv-SE","@id":"https:\/\/suresms.com\/en\/#\/schema\/logo\/image\/","url":"https:\/\/suresms.com\/wp-content\/uploads\/2024\/11\/suresms-300x65-1.png","contentUrl":"https:\/\/suresms.com\/wp-content\/uploads\/2024\/11\/suresms-300x65-1.png","width":300,"height":65,"caption":"SureSMS"},"image":{"@id":"https:\/\/suresms.com\/en\/#\/schema\/logo\/image\/"},"sameAs":["https:\/\/www.facebook.com\/p\/SureSMS-100044607956149\/"]}]}},"_links":{"self":[{"href":"https:\/\/suresms.com\/sv\/wp-json\/wp\/v2\/pages\/289","targetHints":{"allow":["GET"]}}],"collection":[{"href":"https:\/\/suresms.com\/sv\/wp-json\/wp\/v2\/pages"}],"about":[{"href":"https:\/\/suresms.com\/sv\/wp-json\/wp\/v2\/types\/page"}],"author":[{"embeddable":true,"href":"https:\/\/suresms.com\/sv\/wp-json\/wp\/v2\/users\/1"}],"replies":[{"embeddable":true,"href":"https:\/\/suresms.com\/sv\/wp-json\/wp\/v2\/comments?post=289"}],"version-history":[{"count":2,"href":"https:\/\/suresms.com\/sv\/wp-json\/wp\/v2\/pages\/289\/revisions"}],"predecessor-version":[{"id":19466,"href":"https:\/\/suresms.com\/sv\/wp-json\/wp\/v2\/pages\/289\/revisions\/19466"}],"up":[{"embeddable":true,"href":"https:\/\/suresms.com\/sv\/wp-json\/wp\/v2\/pages\/958"}],"wp:attachment":[{"href":"https:\/\/suresms.com\/sv\/wp-json\/wp\/v2\/media?parent=289"}],"wp:term":[{"taxonomy":"category","embeddable":true,"href":"https:\/\/suresms.com\/sv\/wp-json\/wp\/v2\/categories?post=289"},{"taxonomy":"post_tag","embeddable":true,"href":"https:\/\/suresms.com\/sv\/wp-json\/wp\/v2\/tags?post=289"}],"curies":[{"name":"wp","href":"https:\/\/api.w.org\/{rel}","templated":true}]}}