{"id":2697,"date":"2016-06-02T17:36:31","date_gmt":"2016-06-02T15:36:31","guid":{"rendered":"https:\/\/www.suresms.com\/dk\/?page_id=2697"},"modified":"2025-01-05T00:16:47","modified_gmt":"2025-01-05T00:16:47","slug":"sms-for-online-foretag-och-webbtjanster-2","status":"publish","type":"page","link":"https:\/\/suresms.com\/sv\/branchelosninger\/sms-til-online-virksomheder-og-web-services-2\/","title":{"rendered":"SMS f\u00f6r onlinef\u00f6retag och webbtj\u00e4nster"},"content":{"rendered":"<!-- Flexy Breadcrumb -->\r\n\t\t\t<div class=\"fbc fbc-page\">\r\n\r\n\t\t\t\t<!-- Breadcrumb wrapper -->\r\n\t\t\t\t<div class=\"fbc-wrap\">\r\n\r\n\t\t\t\t\t<!-- Ordered list-->\r\n\t\t\t\t\t<ol class=\"fbc-items\" itemscope itemtype=\"https:\/\/schema.org\/BreadcrumbList\">\r\n\t\t\t\t\t\t            <li itemprop=\"itemListElement\" itemscope itemtype=\"https:\/\/schema.org\/ListItem\">\r\n                <span itemprop=\"name\">\r\n                    <!-- Home Link -->\r\n                    <a itemprop=\"item\" href=\"https:\/\/suresms.com\/sv\/\">\r\n                    \r\n                                                    <i class=\"fa fa-home\" aria-hidden=\"true\"><\/i>Hem                    <\/a>\r\n                <\/span>\r\n                <meta itemprop=\"position\" content=\"1\" \/><!-- Meta Position-->\r\n             <\/li><li><span class=\"fbc-separator\">\/<\/span><\/li><li class=\"active\" itemprop=\"itemListElement\" itemscope itemtype=\"https:\/\/schema.org\/ListItem\"><span itemprop=\"name\" title=\"SMS f\u00f6r onlinef\u00f6retag och webbtj\u00e4nster\">SMS f\u00f6r onlinef\u00f6retag...<\/span><meta itemprop=\"position\" content=\"2\" \/><\/li>\t\t\t\t\t<\/ol>\r\n\t\t\t\t\t<div class=\"clearfix\"><\/div>\r\n\t\t\t\t<\/div>\r\n\t\t\t<\/div>\r\n\t\t\t\n<h1>\n\t\tSMS f\u00f6r onlinef\u00f6retag och webbtj\u00e4nster\n\t<\/h1>\n\t\n\n<p><strong>M\u00e5nga av v\u00e5ra kunder \u00e4r idag onlinebaserade f\u00f6retag och tj\u00e4nster. V\u00e5rt API \u00e4r enkelt att integrera i andra system och v\u00e5r SureSMS Gateway kan anv\u00e4ndas i m\u00e5nga olika sammanhang: l\u00f6senord, kundklubbar, marknadsf\u00f6ring och registrering av tj\u00e4nster eller nyhets-SMS f\u00f6r att n\u00e4mna n\u00e5gra.<\/strong><\/p>\n\n<p><strong>F\u00f6rdelar:<\/strong><\/p>\n<ul> \t\n<li>\n<p><strong>Helautomatiserade och flexibla API-alternativ<\/strong><\/p>\n<\/li>\n\n<li>\n<p><strong>Status f\u00f6r varje meddelande kan automatiskt uppdateras i ditt system.<\/strong><\/p>\n<\/li>\n\n<li>\n<p><strong>Kan anv\u00e4ndas som PIN-kod i ditt system.<\/strong><\/p>\n<\/li>\n\n<li><strong>Skicka SMS-meddelanden med olika avs\u00e4ndar-ID fr\u00e5n samma konto.<\/strong><\/li>\n<\/ul>\n\n<h3>Anv\u00e4nd v\u00e5rt SureSMS Gateway API i dina system<\/h3>\n<p>Att skapa, underh\u00e5lla och f\u00f6rb\u00e4ttra v\u00e5rt API s\u00e5 att det passar in i v\u00e5ra kunders system \u00e4r alltid v\u00e5r prioritet. SureSMS API \u00e4r flexibelt, v\u00e4ldokumenterat och av h\u00f6gsta kvalitet, och du kan f\u00f6rv\u00e4nta dig st\u00f6d fr\u00e5n v\u00e5ra ingenj\u00f6rer och utvecklare f\u00f6r integrationen. <a href=\"http:\/\/developer.suresms.com\/sample-code\/\">P\u00e5 v\u00e5r utvecklarwebbplats har vi samlat ett antal kodprover<\/a>. Om du inte hittar det du letar efter kan du <a title=\"Kontakta oss\" href=\"https:\/\/suresms.com\/sv\/kontakt\/\">kontakta v\u00e5r support<\/a> f\u00f6r en pratstund om hur v\u00e5rt API kan integreras i ditt system<\/p>\n<h3>H\u00f6g leveranss\u00e4kerhet och professionell service till ett bra pris<\/h3>\n\n<p>Efter m\u00e5nga \u00e5r i branschen vet vi hur viktigt det \u00e4r att er kommunikation INTE g\u00e5r s\u00f6nder. Vi sn\u00e5lar inte p\u00e5 utrustning, \u00f6vervakning eller arbetstimmar. V\u00e5rt team ser till att v\u00e5ra Gateway-leveranser \u00e4r stabila och s\u00e4kra. <a title=\"Priser f\u00f6r SMS-gateway\" href=\"https:\/\/suresms.com\/sv\/sms-gateway-priser\/\">L\u00e4s mer om v\u00e5ra l\u00f6sningar och priser h\u00e4r.<\/a><\/p>\n<h3>Enkelt och tydligt anv\u00e4ndargr\u00e4nssnitt p\u00e5 WEB-portalen<\/h3>\n<p>V\u00e5rt enkla och tydliga gr\u00e4nssnitt p\u00e5 SureSMS WEB-portal g\u00f6r det l\u00e4tt att skicka SMS till enskilda personer eller grupper. H\u00e4rifr\u00e5n kan du enkelt anv\u00e4nda v\u00e5ra m\u00e5nga funktioner: skapa och skicka till kontakter och grupper, sl\u00e5 samman namn till grupp-SMS, schemal\u00e4gga utskick och skapa nyckelord s\u00e5 att anv\u00e4ndarna sj\u00e4lva kan registrera sig f\u00f6r tj\u00e4nster. Fr\u00e5n v\u00e5r hemsida har du tillg\u00e5ng till en fullst\u00e4ndig logg och v\u00e5r rapporteringsmodul SureSMS d\u00e4r du kan se all information om s\u00e4ndning och leverans av dina meddelanden.<\/p>\n<p>V\u00e5r webbportal kan anv\u00e4ndas fr\u00e5n PC, iPad eller smarta telefoner.<\/p>\n<h3>Skicka fr\u00e5n flera avs\u00e4ndare<\/h3>\n<p>M\u00e5nga onlinef\u00f6retag hanterar flera webbtj\u00e4nster fr\u00e5n samma f\u00f6retag. H\u00e4r kan det vara en f\u00f6rdel att skapa flera avs\u00e4ndar-ID fr\u00e5n samma konto. Om ett avs\u00e4ndar-ID ska best\u00e5 av siffror - t.ex. telefonnummer - eller bokst\u00e4ver \u00e4r helt upp till dig. Vi skapar s\u00e5 m\u00e5nga avs\u00e4ndare som du beh\u00f6ver. Den enda begr\u00e4nsningen - som s\u00e4tts av telekombolagen - \u00e4r att ett avs\u00e4ndar-ID kan ha max 11 tecken.<\/p>\n<h3>Flera alternativ f\u00f6r mobilnummer - m\u00e5nga olika l\u00e4nder<\/h3>\n<p>Om du har flera mobilnummer som du vill koppla till ditt SureSMS-konto kan det enkelt st\u00e4llas in s\u00e5 att du kan g\u00f6ra det. Vi har flera kunder som har kopplat nummer med SIM-kort fr\u00e5n olika l\u00e4nder. Ett enkelt s\u00e4tt att skicka SMS till flera l\u00e4nder utan att kompromissa med pris och \u00f6verblick.<\/p>\n<h3>Kom ig\u00e5ng p\u00e5 en g\u00e5ng<\/h3>\n<p>Att komma ig\u00e5ng med v\u00e5r SMS Gateway \u00e4r snabbt, enkelt och gratis.<\/p>\n<p>Fyll i v\u00e5r l\u00e4nk p\u00e5 denna sida f\u00f6r ett gratis testkonto och kom ig\u00e5ng p\u00e5 5 minuter. Vi ger dig 50 gratis SMS s\u00e5 att du sj\u00e4lv kan testa v\u00e5r tj\u00e4nst och kvalitet. Om du har n\u00e5gra fr\u00e5gor finns vi h\u00e4r f\u00f6r att hj\u00e4lpa dig och vi har m\u00e5nga \u00e5rs erfarenhet fr\u00e5n v\u00e5ra andra kunder i branschen.<\/p>\n\n\t\t\t<p><a href=\"https:\/\/suresms.com\/wp-content\/uploads\/2015\/02\/norriq-logo-20x120-px.jpg\"><img loading=\"lazy\" decoding=\"async\" src=\"https:\/\/suresms.com\/wp-content\/uploads\/2015\/02\/norriq-logo-20x120-px.jpg\" alt=\"norriq logotyp 20x120 px\" width=\"200\" height=\"96\" \/><\/a><em>\"Vi har anv\u00e4nt SureSMS f\u00f6r flera av v\u00e5ra kunder.<br \/>SureSMS \u00e4r integrerat med v\u00e5rt POS- och ekonomisystem, s\u00e5 att meddelanden skickas automatiskt till v\u00e5ra kunders kunder n\u00e4r ordern \u00e4r klar.<\/em><em>V\u00e5rt samarbete med SureSMS har varit bra och de har alltid varit snabba med att hj\u00e4lpa oss att f\u00e5 ig\u00e5ng nya kunder. N\u00e4r vi v\u00e4l har kommit ig\u00e5ng pratar vi inte med dem l\u00e4ngre eftersom det aldrig uppst\u00e5r n\u00e5gra problem.<\/em><em>En del av v\u00e5ra kunder skickar ocks\u00e5 till utl\u00e4ndska nummer, och det \u00e4r inte heller n\u00e5got problem.\"<\/em><strong>S\u00f8ren Christensen, Key Account Manager<\/strong><strong> Norriq.<\/strong><\/p>\t\t\n\t\t<h4>Skapa ett kostnadsfritt testkonto<\/h4>\n\t\t<p>Det tar bara 5 minuter. Kom ig\u00e5ng direkt och f\u00e5 <strong>100 gratis SMS-meddelanden<\/strong> utan n\u00e5gra f\u00f6rpliktelser.<\/p>\n\t\t\t<a href=\"https:\/\/suresms.com\/sv\/gratis-sms-testkonto\/\" target=\"_self\">\n\t\t\t\t\t\t\tSkapa testkonto\n\t\t\t\t\t<\/a>\n\t\t<h4>Best\u00e4ll en 2-v\u00e4gs l\u00f6sning!<\/h4>\n\t\t<p>Har du redan ett konto? Best\u00e4ll en 2-v\u00e4gsl\u00f6sning och f\u00e5 de extra alternativ som din egen l\u00f6sning erbjuder.\u00a0<\/p>\n\t\t\t<a href=\"https:\/\/suresms.com\/sv\/bestall-2-vags-lossning\/\" target=\"_self\">\n\t\t\t\t\t\t\tBest\u00e4ll 2-v\u00e4gs l\u00f6sning\n\t\t\t\t\t<\/a>\n\t<p>&gt; Tillbaka till <a href=\"https:\/\/suresms.com\/sv\/urladdningar-av-grenar\/\">L\u00f6sningar f\u00f6r industrin<\/a><\/p>","protected":false},"excerpt":{"rendered":"<p>SMS f\u00f6r onlinef\u00f6retag och webbtj\u00e4nster M\u00e5nga av v\u00e5ra kunder \u00e4r idag onlinebaserade f\u00f6retag och tj\u00e4nster. V\u00e5rt API \u00e4r enkelt att integrera i andra system och v\u00e5r SureSMS Gateway kan anv\u00e4ndas i m\u00e5nga olika sammanhang: l\u00f6senord, kundklubbar, marknadsf\u00f6ring och registrering av tj\u00e4nster eller nyhets-SMS f\u00f6r att n\u00e4mna n\u00e5gra. F\u00f6rdelar: Helautomatiserat och flexibelt API ... <a title=\"SMS f\u00f6r onlinef\u00f6retag och webbtj\u00e4nster\" class=\"read-more\" href=\"https:\/\/suresms.com\/sv\/branchelosninger\/sms-til-online-virksomheder-og-web-services-2\/\" aria-label=\"L\u00e4s mer om SMS f\u00f6r online-f\u00f6retag och WEB-tj\u00e4nster\">L\u00e4s mer om det<\/a><\/p>","protected":false},"author":1,"featured_media":0,"parent":1654,"menu_order":5,"comment_status":"closed","ping_status":"closed","template":"","meta":{"_fl_builder_enabled":"1","_fl_builder_data":null,"_fl_builder_draft":null,"_fl_builder_data_settings":null,"_fl_builder_css":"","_fl_builder_css_version":"","_fl_builder_js":"","footnotes":""},"categories":[],"tags":[],"class_list":["post-2697","page","type-page","status-publish"],"yoast_head":"<!-- This site is optimized with the Yoast SEO Premium plugin v27.3 (Yoast SEO v27.3) - https:\/\/yoast.com\/product\/yoast-seo-premium-wordpress\/ -->\r\n<title>SMS til online virksomheder og WEB-services. Fleksibel SMS Gateway API<\/title>\r\n<meta name=\"description\" content=\"Fleksibel og veldokumenteret online SMS-l\u00f8sning. Pinkoder, nyheds-SMS og mange flere funktioner til online virksomheder og services. Opret gratis Testkonto.\" \/>\r\n<meta name=\"robots\" content=\"index, follow, max-snippet:-1, max-image-preview:large, max-video-preview:-1\" \/>\r\n<link rel=\"canonical\" href=\"https:\/\/suresms.com\/sv\/urladdningar-av-grenar\/sms-for-online-foretag-och-webbtjanster-2\/\" \/>\r\n<meta property=\"og:locale\" content=\"sv_SE\" \/>\r\n<meta property=\"og:type\" content=\"article\" \/>\r\n<meta property=\"og:title\" content=\"SMS til Online Virksomheder og WEB services\" \/>\r\n<meta property=\"og:description\" content=\"Fleksibel og veldokumenteret online SMS-l\u00f8sning. Pinkoder, nyheds-SMS og mange flere funktioner til online virksomheder og services. Opret gratis Testkonto.\" \/>\r\n<meta property=\"og:url\" content=\"https:\/\/suresms.com\/sv\/urladdningar-av-grenar\/sms-for-online-foretag-och-webbtjanster-2\/\" \/>\r\n<meta property=\"article:publisher\" content=\"https:\/\/www.facebook.com\/p\/SureSMS-100044607956149\/\" \/>\r\n<meta property=\"article:modified_time\" content=\"2025-01-05T00:16:47+00:00\" \/>\r\n<meta property=\"og:image\" content=\"https:\/\/suresms.com\/wp-content\/uploads\/2016\/06\/SMS-til-butikker.jpg\" \/>\r\n\t<meta property=\"og:image:width\" content=\"400\" \/>\r\n\t<meta property=\"og:image:height\" content=\"266\" \/>\r\n\t<meta property=\"og:image:type\" content=\"image\/jpeg\" \/>\r\n<meta name=\"twitter:card\" content=\"summary_large_image\" \/>\r\n<meta name=\"twitter:label1\" content=\"Ber\u00e4knad l\u00e4stid\" \/>\n\t<meta name=\"twitter:data1\" content=\"3 minuter\" \/>\r\n<script type=\"application\/ld+json\" class=\"yoast-schema-graph\">{\"@context\":\"https:\\\/\\\/schema.org\",\"@graph\":[{\"@type\":\"WebPage\",\"@id\":\"https:\\\/\\\/suresms.com\\\/dk\\\/branchelosninger\\\/sms-til-online-virksomheder-og-web-services-2\\\/\",\"url\":\"https:\\\/\\\/suresms.com\\\/dk\\\/branchelosninger\\\/sms-til-online-virksomheder-og-web-services-2\\\/\",\"name\":\"SMS til online virksomheder og WEB-services. Fleksibel SMS Gateway API\",\"isPartOf\":{\"@id\":\"https:\\\/\\\/suresms.com\\\/en\\\/#website\"},\"primaryImageOfPage\":{\"@id\":\"https:\\\/\\\/suresms.com\\\/dk\\\/branchelosninger\\\/sms-til-online-virksomheder-og-web-services-2\\\/#primaryimage\"},\"image\":{\"@id\":\"https:\\\/\\\/suresms.com\\\/dk\\\/branchelosninger\\\/sms-til-online-virksomheder-og-web-services-2\\\/#primaryimage\"},\"thumbnailUrl\":\"https:\\\/\\\/suresms.com\\\/wp-content\\\/uploads\\\/2015\\\/02\\\/norriq-logo-20x120-px.jpg\",\"datePublished\":\"2016-06-02T15:36:31+00:00\",\"dateModified\":\"2025-01-05T00:16:47+00:00\",\"description\":\"Fleksibel og veldokumenteret online SMS-l\u00f8sning. Pinkoder, nyheds-SMS og mange flere funktioner til online virksomheder og services. Opret gratis Testkonto.\",\"breadcrumb\":{\"@id\":\"https:\\\/\\\/suresms.com\\\/dk\\\/branchelosninger\\\/sms-til-online-virksomheder-og-web-services-2\\\/#breadcrumb\"},\"inLanguage\":\"sv-SE\",\"potentialAction\":[{\"@type\":\"ReadAction\",\"target\":[\"https:\\\/\\\/suresms.com\\\/dk\\\/branchelosninger\\\/sms-til-online-virksomheder-og-web-services-2\\\/\"]}]},{\"@type\":\"ImageObject\",\"inLanguage\":\"sv-SE\",\"@id\":\"https:\\\/\\\/suresms.com\\\/dk\\\/branchelosninger\\\/sms-til-online-virksomheder-og-web-services-2\\\/#primaryimage\",\"url\":\"https:\\\/\\\/suresms.com\\\/wp-content\\\/uploads\\\/2015\\\/02\\\/norriq-logo-20x120-px.jpg\",\"contentUrl\":\"https:\\\/\\\/suresms.com\\\/wp-content\\\/uploads\\\/2015\\\/02\\\/norriq-logo-20x120-px.jpg\"},{\"@type\":\"BreadcrumbList\",\"@id\":\"https:\\\/\\\/suresms.com\\\/dk\\\/branchelosninger\\\/sms-til-online-virksomheder-og-web-services-2\\\/#breadcrumb\",\"itemListElement\":[{\"@type\":\"ListItem\",\"position\":1,\"name\":\"Home\",\"item\":\"https:\\\/\\\/suresms.com\\\/dk\\\/\"},{\"@type\":\"ListItem\",\"position\":2,\"name\":\"Branchel\u00f8sninger\",\"item\":\"https:\\\/\\\/suresms.com\\\/dk\\\/branchelosninger\\\/\"},{\"@type\":\"ListItem\",\"position\":3,\"name\":\"SMS til Online Virksomheder og WEB services\"}]},{\"@type\":\"WebSite\",\"@id\":\"https:\\\/\\\/suresms.com\\\/en\\\/#website\",\"url\":\"https:\\\/\\\/suresms.com\\\/en\\\/\",\"name\":\"SureSMS\",\"description\":\"Professionel SMS Gateway\",\"publisher\":{\"@id\":\"https:\\\/\\\/suresms.com\\\/en\\\/#organization\"},\"potentialAction\":[{\"@type\":\"SearchAction\",\"target\":{\"@type\":\"EntryPoint\",\"urlTemplate\":\"https:\\\/\\\/suresms.com\\\/en\\\/?s={search_term_string}\"},\"query-input\":{\"@type\":\"PropertyValueSpecification\",\"valueRequired\":true,\"valueName\":\"search_term_string\"}}],\"inLanguage\":\"sv-SE\"},{\"@type\":\"Organization\",\"@id\":\"https:\\\/\\\/suresms.com\\\/en\\\/#organization\",\"name\":\"SureSMS\",\"url\":\"https:\\\/\\\/suresms.com\\\/en\\\/\",\"logo\":{\"@type\":\"ImageObject\",\"inLanguage\":\"sv-SE\",\"@id\":\"https:\\\/\\\/suresms.com\\\/en\\\/#\\\/schema\\\/logo\\\/image\\\/\",\"url\":\"https:\\\/\\\/suresms.com\\\/wp-content\\\/uploads\\\/2024\\\/11\\\/suresms-300x65-1.png\",\"contentUrl\":\"https:\\\/\\\/suresms.com\\\/wp-content\\\/uploads\\\/2024\\\/11\\\/suresms-300x65-1.png\",\"width\":300,\"height\":65,\"caption\":\"SureSMS\"},\"image\":{\"@id\":\"https:\\\/\\\/suresms.com\\\/en\\\/#\\\/schema\\\/logo\\\/image\\\/\"},\"sameAs\":[\"https:\\\/\\\/www.facebook.com\\\/p\\\/SureSMS-100044607956149\\\/\"]}]}<\/script>\r\n<!-- \/ Yoast SEO Premium plugin. -->","yoast_head_json":{"title":"SMS f\u00f6r onlinef\u00f6retag och webbtj\u00e4nster. Flexibel SMS Gateway API","description":"Flexibel och bepr\u00f6vad SMS-l\u00f6sning online. PIN-koder, nyhets-SMS och m\u00e5nga fler funktioner f\u00f6r f\u00f6retag och tj\u00e4nster online. Skapa ett gratis testkonto.","robots":{"index":"index","follow":"follow","max-snippet":"max-snippet:-1","max-image-preview":"max-image-preview:large","max-video-preview":"max-video-preview:-1"},"canonical":"https:\/\/suresms.com\/sv\/urladdningar-av-grenar\/sms-for-online-foretag-och-webbtjanster-2\/","og_locale":"sv_SE","og_type":"article","og_title":"SMS til Online Virksomheder og WEB services","og_description":"Fleksibel og veldokumenteret online SMS-l\u00f8sning. Pinkoder, nyheds-SMS og mange flere funktioner til online virksomheder og services. Opret gratis Testkonto.","og_url":"https:\/\/suresms.com\/sv\/urladdningar-av-grenar\/sms-for-online-foretag-och-webbtjanster-2\/","article_publisher":"https:\/\/www.facebook.com\/p\/SureSMS-100044607956149\/","article_modified_time":"2025-01-05T00:16:47+00:00","og_image":[{"width":400,"height":266,"url":"https:\/\/suresms.com\/wp-content\/uploads\/2016\/06\/SMS-til-butikker.jpg","type":"image\/jpeg"}],"twitter_card":"summary_large_image","twitter_misc":{"Ber\u00e4knad l\u00e4stid":"3 minuter"},"schema":{"@context":"https:\/\/schema.org","@graph":[{"@type":"WebPage","@id":"https:\/\/suresms.com\/dk\/branchelosninger\/sms-til-online-virksomheder-og-web-services-2\/","url":"https:\/\/suresms.com\/dk\/branchelosninger\/sms-til-online-virksomheder-og-web-services-2\/","name":"SMS f\u00f6r onlinef\u00f6retag och webbtj\u00e4nster. Flexibel SMS Gateway API","isPartOf":{"@id":"https:\/\/suresms.com\/en\/#website"},"primaryImageOfPage":{"@id":"https:\/\/suresms.com\/dk\/branchelosninger\/sms-til-online-virksomheder-og-web-services-2\/#primaryimage"},"image":{"@id":"https:\/\/suresms.com\/dk\/branchelosninger\/sms-til-online-virksomheder-og-web-services-2\/#primaryimage"},"thumbnailUrl":"https:\/\/suresms.com\/wp-content\/uploads\/2015\/02\/norriq-logo-20x120-px.jpg","datePublished":"2016-06-02T15:36:31+00:00","dateModified":"2025-01-05T00:16:47+00:00","description":"Flexibel och bepr\u00f6vad SMS-l\u00f6sning online. PIN-koder, nyhets-SMS och m\u00e5nga fler funktioner f\u00f6r f\u00f6retag och tj\u00e4nster online. Skapa ett gratis testkonto.","breadcrumb":{"@id":"https:\/\/suresms.com\/dk\/branchelosninger\/sms-til-online-virksomheder-og-web-services-2\/#breadcrumb"},"inLanguage":"sv-SE","potentialAction":[{"@type":"ReadAction","target":["https:\/\/suresms.com\/dk\/branchelosninger\/sms-til-online-virksomheder-og-web-services-2\/"]}]},{"@type":"ImageObject","inLanguage":"sv-SE","@id":"https:\/\/suresms.com\/dk\/branchelosninger\/sms-til-online-virksomheder-og-web-services-2\/#primaryimage","url":"https:\/\/suresms.com\/wp-content\/uploads\/2015\/02\/norriq-logo-20x120-px.jpg","contentUrl":"https:\/\/suresms.com\/wp-content\/uploads\/2015\/02\/norriq-logo-20x120-px.jpg"},{"@type":"BreadcrumbList","@id":"https:\/\/suresms.com\/dk\/branchelosninger\/sms-til-online-virksomheder-og-web-services-2\/#breadcrumb","itemListElement":[{"@type":"ListItem","position":1,"name":"Home","item":"https:\/\/suresms.com\/dk\/"},{"@type":"ListItem","position":2,"name":"Branchel\u00f8sninger","item":"https:\/\/suresms.com\/dk\/branchelosninger\/"},{"@type":"ListItem","position":3,"name":"SMS til Online Virksomheder og WEB services"}]},{"@type":"WebSite","@id":"https:\/\/suresms.com\/en\/#website","url":"https:\/\/suresms.com\/en\/","name":"SureSMS","description":"Professionell SMS Gateway","publisher":{"@id":"https:\/\/suresms.com\/en\/#organization"},"potentialAction":[{"@type":"SearchAction","target":{"@type":"EntryPoint","urlTemplate":"https:\/\/suresms.com\/en\/?s={search_term_string}"},"query-input":{"@type":"PropertyValueSpecification","valueRequired":true,"valueName":"search_term_string"}}],"inLanguage":"sv-SE"},{"@type":"Organization","@id":"https:\/\/suresms.com\/en\/#organization","name":"SureSMS","url":"https:\/\/suresms.com\/en\/","logo":{"@type":"ImageObject","inLanguage":"sv-SE","@id":"https:\/\/suresms.com\/en\/#\/schema\/logo\/image\/","url":"https:\/\/suresms.com\/wp-content\/uploads\/2024\/11\/suresms-300x65-1.png","contentUrl":"https:\/\/suresms.com\/wp-content\/uploads\/2024\/11\/suresms-300x65-1.png","width":300,"height":65,"caption":"SureSMS"},"image":{"@id":"https:\/\/suresms.com\/en\/#\/schema\/logo\/image\/"},"sameAs":["https:\/\/www.facebook.com\/p\/SureSMS-100044607956149\/"]}]}},"_links":{"self":[{"href":"https:\/\/suresms.com\/sv\/wp-json\/wp\/v2\/pages\/2697","targetHints":{"allow":["GET"]}}],"collection":[{"href":"https:\/\/suresms.com\/sv\/wp-json\/wp\/v2\/pages"}],"about":[{"href":"https:\/\/suresms.com\/sv\/wp-json\/wp\/v2\/types\/page"}],"author":[{"embeddable":true,"href":"https:\/\/suresms.com\/sv\/wp-json\/wp\/v2\/users\/1"}],"replies":[{"embeddable":true,"href":"https:\/\/suresms.com\/sv\/wp-json\/wp\/v2\/comments?post=2697"}],"version-history":[{"count":8,"href":"https:\/\/suresms.com\/sv\/wp-json\/wp\/v2\/pages\/2697\/revisions"}],"predecessor-version":[{"id":21100,"href":"https:\/\/suresms.com\/sv\/wp-json\/wp\/v2\/pages\/2697\/revisions\/21100"}],"up":[{"embeddable":true,"href":"https:\/\/suresms.com\/sv\/wp-json\/wp\/v2\/pages\/1654"}],"wp:attachment":[{"href":"https:\/\/suresms.com\/sv\/wp-json\/wp\/v2\/media?parent=2697"}],"wp:term":[{"taxonomy":"category","embeddable":true,"href":"https:\/\/suresms.com\/sv\/wp-json\/wp\/v2\/categories?post=2697"},{"taxonomy":"post_tag","embeddable":true,"href":"https:\/\/suresms.com\/sv\/wp-json\/wp\/v2\/tags?post=2697"}],"curies":[{"name":"wp","href":"https:\/\/api.w.org\/{rel}","templated":true}]}}