{"id":2687,"date":"2016-06-02T10:02:29","date_gmt":"2016-06-02T08:02:29","guid":{"rendered":"https:\/\/www.suresms.com\/dk\/?page_id=2687"},"modified":"2025-01-05T00:19:16","modified_gmt":"2025-01-05T00:19:16","slug":"sms-for-tillverkande-foretag","status":"publish","type":"page","link":"https:\/\/suresms.com\/sv\/branchelosninger\/sms-til-produktionsvirksomheder\/","title":{"rendered":"SMS f\u00f6r tillverkande f\u00f6retag"},"content":{"rendered":"<!-- Flexy Breadcrumb -->\r\n\t\t\t<div class=\"fbc fbc-page\">\r\n\r\n\t\t\t\t<!-- Breadcrumb wrapper -->\r\n\t\t\t\t<div class=\"fbc-wrap\">\r\n\r\n\t\t\t\t\t<!-- Ordered list-->\r\n\t\t\t\t\t<ol class=\"fbc-items\" itemscope itemtype=\"https:\/\/schema.org\/BreadcrumbList\">\r\n\t\t\t\t\t\t            <li itemprop=\"itemListElement\" itemscope itemtype=\"https:\/\/schema.org\/ListItem\">\r\n                <span itemprop=\"name\">\r\n                    <!-- Home Link -->\r\n                    <a itemprop=\"item\" href=\"https:\/\/suresms.com\/sv\/\">\r\n                    \r\n                                                    <i class=\"fa fa-home\" aria-hidden=\"true\"><\/i>Hem                    <\/a>\r\n                <\/span>\r\n                <meta itemprop=\"position\" content=\"1\" \/><!-- Meta Position-->\r\n             <\/li><li><span class=\"fbc-separator\">\/<\/span><\/li><li class=\"active\" itemprop=\"itemListElement\" itemscope itemtype=\"https:\/\/schema.org\/ListItem\"><span itemprop=\"name\" title=\"SMS f\u00f6r tillverkande f\u00f6retag\">SMS f\u00f6r tillverkande f\u00f6retag<\/span><meta itemprop=\"position\" content=\"2\" \/><\/li>\t\t\t\t\t<\/ol>\r\n\t\t\t\t\t<div class=\"clearfix\"><\/div>\r\n\t\t\t\t<\/div>\r\n\t\t\t<\/div>\r\n\t\t\t\n<h1>\n\t\tSMS f\u00f6r tillverkande f\u00f6retag och verksamheter\n\t<\/h1>\n\t\n\n<p><strong>P\u00e5 SureSMS levererar vi SMS till tillverkande f\u00f6retag och verksamheter. Vi tillhandah\u00e5ller en stabil och p\u00e5litlig gateway d\u00e4r kvalitet och \u00f6vervakning \u00e4r i toppklass - en SMS-l\u00f6sning som fungerar.<\/strong><\/p>\n\n<p><strong>F\u00f6rdelar med SureSMS Gateway:<\/strong><\/p>\n<ul> \t\n<li><strong>Driftsstabil och med h\u00f6gsta m\u00f6jliga upptid.<\/strong><\/li>\n\n<li><b>S\u00e4kerhetskopiering: Vi har s\u00e4kerhetskopior av all data p\u00e5 fysiska servrar p\u00e5 olika platser p\u00e5 Sj\u00e4lland.<\/b><\/li>\n\n<li><strong>V\u00e5rt team best\u00e5r av v\u00e4lutbildade personer som kan processerna. Vi har gjort det f\u00f6rut och det resulterar i f\u00e4rre fel och st\u00f6rre professionalism.<\/strong><\/li>\n\n<li><strong>Fr\u00e5n v\u00e5r webbportal \u00e4r det enkelt att arbeta med flexibla anv\u00e4ndarr\u00e4ttigheter. Dina anst\u00e4llda kan skicka fr\u00e5n samma konto med flera mobilnummer.<\/strong><\/li>\n\n<li><strong>Integrationer: Vi har m\u00e5nga, t.ex. SAP, Oracle, SCADA och AS\/400, och om vi inte har din, hj\u00e4lper vi dig g\u00e4rna att skapa den. Naturligtvis utan extra kostnad.<\/strong><\/li>\n<\/ul>\n\n<h3>H\u00f6g leveranss\u00e4kerhet och professionell service till ett bra pris<\/h3>\n\n<p>Efter m\u00e5nga \u00e5r i branschen vet vi hur viktigt det \u00e4r att er kommunikation INTE g\u00e5r s\u00f6nder. Vi sn\u00e5lar inte p\u00e5 utrustning, \u00f6vervakning eller arbetstimmar. V\u00e5rt team ser till att v\u00e5r gateway \u00e4r professionell, stabil och levererar p\u00e5 ett s\u00e4kert s\u00e4tt.<\/p>\n\n<p>Efter \u00f6ver 10 \u00e5r i branschen kan vi garantera och leverera en produkt som \u00e4r b\u00e5de grundligt testad och ordentligt utvecklad.  Ta en titt p\u00e5 v\u00e5ra<a title=\"Priser f\u00f6r SMS-gateway\" href=\"https:\/\/suresms.com\/sv\/sms-gateway-priser\/\"> SMS Gateway priser <\/a>H\u00e4r.<\/p>\n<h3>\u00d6vervakade servrar och SSL-kryptering av all data<\/h3>\n<p>F\u00f6retag \u00e4r beroende av att kommunikationen med kunder och leverant\u00f6rer fungerar smidigt - hela tiden!<br \/>P\u00e5 SureSMS skyddar vi dina data i en redundant serverupps\u00e4ttning p\u00e5 danska fysiska servrar. Det inneb\u00e4r att vi har all data fysiskt placerad p\u00e5 servrar i tv\u00e5 olika datacenter. Om n\u00e5got skulle h\u00e4nda med dina data har vi alltid en fullst\u00e4ndig s\u00e4kerhetskopia. Naturligtvis har vi de b\u00e4sta larmsystemen f\u00f6r \u00f6vervakning, men alla maskiner kan g\u00e5 s\u00f6nder. <strong>Det \u00e4r d\u00e4rf\u00f6r vi ALLTID har kompetenta personer som \u00f6vervakar trafik och servrar 24 timmar om dygnet.<\/strong><\/p>\n<p>Den senaste <strong>SSL-kryptering<\/strong> s\u00e4kerst\u00e4ller att dina uppgifter \u00e4r skyddade n\u00e4r du kommer \u00e5t dem via internet. Vi sparar normalt alla meddelanden s\u00e5 att du alltid har full \u00f6verblick \u00f6ver de meddelanden som skickas fr\u00e5n v\u00e5r webbportal. Om du vill har vi en funktion som raderar meddelanden fr\u00e5n v\u00e5ra servrar s\u00e5 snart de har skickats. Kontakta v\u00e5r support om du vill anv\u00e4nda dig av denna funktion.<\/p>\n<h3>Enkelt och tydligt anv\u00e4ndargr\u00e4nssnitt p\u00e5 WEB-portalen<\/h3>\n<p>V\u00e5rt enkla och tydliga gr\u00e4nssnitt p\u00e5 SureSMS WEB-portal g\u00f6r det l\u00e4tt att skicka SMS till de personer eller grupper du beh\u00f6ver kommunicera med. Du kan h\u00e5lla en \u00f6verblick fr\u00e5n din dator. V\u00e5r webbportal kan anv\u00e4ndas fr\u00e5n PC, iPad eller smarta telefoner.<\/p>\n<p>Oavsett om du beh\u00f6ver skicka meddelanden till medarbetare, chauff\u00f6rer eller kunder, oavsett om telefonen du skickar till \u00e4r dansk eller utl\u00e4ndsk, oavsett var den \u00e4r, kommer dina meddelanden fram. S\u00e5 l\u00e4nge telefonen \u00e4r p\u00e5slagen i andra \u00e4nden.<\/p>\n<h3>Vi g\u00f6r integrationer till de flesta system<\/h3>\n<p>V\u00e5r SMS Gateway kan enkelt integreras i befintliga processer och system f\u00f6r att s\u00e4kerst\u00e4lla snabb och stabil kommunikation i det dagliga arbetet. Vi har ett utm\u00e4rkt API och integrationer till SAP, Oracle, SCADA och AS\/400, och vi \u00e4r alltid glada att hj\u00e4lpa till om du beh\u00f6ver integrera till ett nytt system. <a title=\"24\/7 e-post- och telefonsupport\" href=\"https:\/\/suresms.com\/sv\/suresms-stod\/\">Ta kontakt med v\u00e5r support<\/a>. V\u00e5ra utvecklare \u00e4r redo med hj\u00e4lp och r\u00e5d.<\/p>\n<h3>Koncernfunktion: Kommunikation till medarbetare<\/h3>\n<p>Fr\u00e5n v\u00e5r webbportal kan du anv\u00e4nda funktionen <a title=\"GroupSMS: Skapa och skicka till grupper\" href=\"https:\/\/suresms.com\/sv\/sms-grupp\/\">Skapa och skicka SMS till grupper<\/a>. En funktion som kan anv\u00e4ndas p\u00e5 m\u00e5nga s\u00e4tt. Flera f\u00f6retag anv\u00e4nder den f\u00f6r att kommunicera med sina anst\u00e4llda. Mobiltelefonen har blivit det naturliga kommunikationsmedlet f\u00f6r s\u00e5v\u00e4l praktisk information som f\u00f6r kommunikation av mer social karakt\u00e4r.<\/p>\n<h3>Kom ig\u00e5ng p\u00e5 en g\u00e5ng<\/h3>\n<p>Det g\u00e5r snabbt och enkelt att komma ig\u00e5ng med v\u00e5r SMS Gateway och det \u00e4r ingen kostnad f\u00f6rknippad med att testa v\u00e5r produkt.<\/p>\n<p>Genom att fylla i v\u00e5r l\u00e4nk f\u00f6r ett gratis testkonto kan du komma ig\u00e5ng p\u00e5 5 minuter. Vi ger dig 50 gratis SMS s\u00e5 att du snabbt kan bed\u00f6ma v\u00e5r service och kvalitet sj\u00e4lv. Om du har n\u00e5gra fr\u00e5gor, kom ih\u00e5g att vi alltid \u00e4r h\u00e4r f\u00f6r att hj\u00e4lpa till och vi har m\u00e5nga \u00e5rs erfarenhet fr\u00e5n v\u00e5ra andra kunder i branschen.<\/p>\n\n\t\t\t<p><a href=\"https:\/\/suresms.com\/wp-content\/uploads\/2016\/01\/Herning-Varmforsinkning-100-px.jpg\"><img loading=\"lazy\" decoding=\"async\" src=\"https:\/\/suresms.com\/wp-content\/uploads\/2016\/01\/Herning-Varmforsinkning-100-px.jpg\" alt=\"Herning Kylfl\u00e4ns 100 px\" width=\"100\" height=\"99\" \/><\/a><\/p>\n<p>Herning Varmforzinkning skickar meddelanden till sina kunder via Email2SMS. Kunderna f\u00e5r ett flashmeddelande p\u00e5 sin mobiltelefon n\u00e4r en order \u00e4r klar.<\/p>\n<em>\"Det borde finnas fler IT-bolag som ni.<br \/>\n- Den \u00e4r mycket flexibel.\"<\/em>\n<p><strong>Bjarne J\u00f8rgensen, Verkst\u00e4llande direkt\u00f6r Verkst\u00e4llande direkt\u00f6r<\/strong><\/p>\n<p><strong>Herning Varmf\u00f6rzinkning.<\/strong><\/p>\n\t\t<h4>Skapa ett kostnadsfritt testkonto<\/h4>\n\t\t<p>Det tar bara 5 minuter. Kom ig\u00e5ng direkt och f\u00e5 <strong>100 gratis SMS-meddelanden<\/strong> utan n\u00e5gra f\u00f6rpliktelser.<\/p>\n\t\t\t<a href=\"https:\/\/suresms.com\/sv\/gratis-sms-testkonto\/\" target=\"_self\">\n\t\t\t\t\t\t\tSkapa testkonto\n\t\t\t\t\t<\/a>\n\t\t<h4>Best\u00e4ll en 2-v\u00e4gs l\u00f6sning!<\/h4>\n\t\t<p>Har du redan ett konto? Best\u00e4ll en 2-v\u00e4gsl\u00f6sning och f\u00e5 de extra alternativ som din egen l\u00f6sning ger.\u00a0<\/p>\n\t\t\t<a href=\"https:\/\/suresms.com\/sv\/bestall-2-vags-lossning\/\" target=\"_self\">\n\t\t\t\t\t\t\tBest\u00e4ll 2-v\u00e4gs l\u00f6sning\n\t\t\t\t\t<\/a>\n\t<p>&gt; Tillbaka till <a href=\"https:\/\/suresms.com\/sv\/urladdningar-av-grenar\/\">L\u00f6sningar f\u00f6r industrin<\/a><\/p>","protected":false},"excerpt":{"rendered":"<p>SMS f\u00f6r tillverkande f\u00f6retag och verksamheter P\u00e5 SureSMS levererar vi SMS f\u00f6r tillverkande f\u00f6retag och verksamheter. Vi levererar en stabil och p\u00e5litlig gateway med h\u00f6gsta kvalitet och \u00f6vervakning - en SMS-l\u00f6sning som fungerar. F\u00f6rdelar med SureSMS Gateway: Driftstabilitet och h\u00f6gsta m\u00f6jliga upptid. Backup: Vi s\u00e4kerhetskopierar all data p\u00e5 fysiska servrar p\u00e5 olika platser i v\u00e4rlden... <a title=\"SMS f\u00f6r tillverkande f\u00f6retag\" class=\"read-more\" href=\"https:\/\/suresms.com\/sv\/branchelosninger\/sms-til-produktionsvirksomheder\/\" aria-label=\"L\u00e4s mer om SMS f\u00f6r tillverkande f\u00f6retag\">L\u00e4s mer om det<\/a><\/p>","protected":false},"author":1,"featured_media":0,"parent":1654,"menu_order":6,"comment_status":"closed","ping_status":"closed","template":"","meta":{"_fl_builder_enabled":"1","_fl_builder_data":null,"_fl_builder_draft":null,"_fl_builder_data_settings":null,"_fl_builder_css":"","_fl_builder_css_version":"","_fl_builder_js":"","footnotes":""},"categories":[],"tags":[],"class_list":["post-2687","page","type-page","status-publish"],"yoast_head":"<!-- This site is optimized with the Yoast SEO Premium plugin v27.3 (Yoast SEO v27.3) - https:\/\/yoast.com\/product\/yoast-seo-premium-wordpress\/ -->\r\n<title>SMS til Produktionsvirksomheder - SureSMS. Stabil og driftssikker SMS<\/title>\r\n<meta name=\"description\" content=\"Driftstabil og fleksibel online SMS Gateway. H\u00f8j leveringssikkerhed og professionel service til god pris. Bedste leverand\u00f8rer giver h\u00f8jest mulige oppetid.\" \/>\r\n<meta name=\"robots\" content=\"index, follow, max-snippet:-1, max-image-preview:large, max-video-preview:-1\" \/>\r\n<link rel=\"canonical\" href=\"https:\/\/suresms.com\/sv\/urladdningar-av-grenar\/sms-for-tillverkande-foretag\/\" \/>\r\n<meta property=\"og:locale\" content=\"sv_SE\" \/>\r\n<meta property=\"og:type\" content=\"article\" \/>\r\n<meta property=\"og:title\" content=\"SMS til Produktionsvirksomheder\" \/>\r\n<meta property=\"og:description\" content=\"Driftstabil og fleksibel online SMS Gateway. H\u00f8j leveringssikkerhed og professionel service til god pris. Bedste leverand\u00f8rer giver h\u00f8jest mulige oppetid.\" \/>\r\n<meta property=\"og:url\" content=\"https:\/\/suresms.com\/sv\/urladdningar-av-grenar\/sms-for-tillverkande-foretag\/\" \/>\r\n<meta property=\"article:publisher\" content=\"https:\/\/www.facebook.com\/p\/SureSMS-100044607956149\/\" \/>\r\n<meta property=\"article:modified_time\" content=\"2025-01-05T00:19:16+00:00\" \/>\r\n<meta property=\"og:image\" content=\"https:\/\/suresms.com\/wp-content\/uploads\/2016\/06\/sms-til-produktionsvirksomheder-snippet.jpg\" \/>\r\n\t<meta property=\"og:image:width\" content=\"400\" \/>\r\n\t<meta property=\"og:image:height\" content=\"266\" \/>\r\n\t<meta property=\"og:image:type\" content=\"image\/jpeg\" \/>\r\n<meta name=\"twitter:card\" content=\"summary_large_image\" \/>\r\n<meta name=\"twitter:label1\" content=\"Ber\u00e4knad l\u00e4stid\" \/>\n\t<meta name=\"twitter:data1\" content=\"4 minuter\" \/>\r\n<script type=\"application\/ld+json\" class=\"yoast-schema-graph\">{\"@context\":\"https:\\\/\\\/schema.org\",\"@graph\":[{\"@type\":\"WebPage\",\"@id\":\"https:\\\/\\\/suresms.com\\\/dk\\\/branchelosninger\\\/sms-til-produktionsvirksomheder\\\/\",\"url\":\"https:\\\/\\\/suresms.com\\\/dk\\\/branchelosninger\\\/sms-til-produktionsvirksomheder\\\/\",\"name\":\"SMS til Produktionsvirksomheder - SureSMS. Stabil og driftssikker SMS\",\"isPartOf\":{\"@id\":\"https:\\\/\\\/suresms.com\\\/en\\\/#website\"},\"primaryImageOfPage\":{\"@id\":\"https:\\\/\\\/suresms.com\\\/dk\\\/branchelosninger\\\/sms-til-produktionsvirksomheder\\\/#primaryimage\"},\"image\":{\"@id\":\"https:\\\/\\\/suresms.com\\\/dk\\\/branchelosninger\\\/sms-til-produktionsvirksomheder\\\/#primaryimage\"},\"thumbnailUrl\":\"https:\\\/\\\/suresms.com\\\/wp-content\\\/uploads\\\/2016\\\/01\\\/Herning-Varmforsinkning-100-px.jpg\",\"datePublished\":\"2016-06-02T08:02:29+00:00\",\"dateModified\":\"2025-01-05T00:19:16+00:00\",\"description\":\"Driftstabil og fleksibel online SMS Gateway. H\u00f8j leveringssikkerhed og professionel service til god pris. Bedste leverand\u00f8rer giver h\u00f8jest mulige oppetid.\",\"breadcrumb\":{\"@id\":\"https:\\\/\\\/suresms.com\\\/dk\\\/branchelosninger\\\/sms-til-produktionsvirksomheder\\\/#breadcrumb\"},\"inLanguage\":\"sv-SE\",\"potentialAction\":[{\"@type\":\"ReadAction\",\"target\":[\"https:\\\/\\\/suresms.com\\\/dk\\\/branchelosninger\\\/sms-til-produktionsvirksomheder\\\/\"]}]},{\"@type\":\"ImageObject\",\"inLanguage\":\"sv-SE\",\"@id\":\"https:\\\/\\\/suresms.com\\\/dk\\\/branchelosninger\\\/sms-til-produktionsvirksomheder\\\/#primaryimage\",\"url\":\"https:\\\/\\\/suresms.com\\\/wp-content\\\/uploads\\\/2016\\\/01\\\/Herning-Varmforsinkning-100-px.jpg\",\"contentUrl\":\"https:\\\/\\\/suresms.com\\\/wp-content\\\/uploads\\\/2016\\\/01\\\/Herning-Varmforsinkning-100-px.jpg\"},{\"@type\":\"BreadcrumbList\",\"@id\":\"https:\\\/\\\/suresms.com\\\/dk\\\/branchelosninger\\\/sms-til-produktionsvirksomheder\\\/#breadcrumb\",\"itemListElement\":[{\"@type\":\"ListItem\",\"position\":1,\"name\":\"Home\",\"item\":\"https:\\\/\\\/suresms.com\\\/dk\\\/\"},{\"@type\":\"ListItem\",\"position\":2,\"name\":\"Branchel\u00f8sninger\",\"item\":\"https:\\\/\\\/suresms.com\\\/dk\\\/branchelosninger\\\/\"},{\"@type\":\"ListItem\",\"position\":3,\"name\":\"SMS til Produktionsvirksomheder\"}]},{\"@type\":\"WebSite\",\"@id\":\"https:\\\/\\\/suresms.com\\\/en\\\/#website\",\"url\":\"https:\\\/\\\/suresms.com\\\/en\\\/\",\"name\":\"SureSMS\",\"description\":\"Professionel SMS Gateway\",\"publisher\":{\"@id\":\"https:\\\/\\\/suresms.com\\\/en\\\/#organization\"},\"potentialAction\":[{\"@type\":\"SearchAction\",\"target\":{\"@type\":\"EntryPoint\",\"urlTemplate\":\"https:\\\/\\\/suresms.com\\\/en\\\/?s={search_term_string}\"},\"query-input\":{\"@type\":\"PropertyValueSpecification\",\"valueRequired\":true,\"valueName\":\"search_term_string\"}}],\"inLanguage\":\"sv-SE\"},{\"@type\":\"Organization\",\"@id\":\"https:\\\/\\\/suresms.com\\\/en\\\/#organization\",\"name\":\"SureSMS\",\"url\":\"https:\\\/\\\/suresms.com\\\/en\\\/\",\"logo\":{\"@type\":\"ImageObject\",\"inLanguage\":\"sv-SE\",\"@id\":\"https:\\\/\\\/suresms.com\\\/en\\\/#\\\/schema\\\/logo\\\/image\\\/\",\"url\":\"https:\\\/\\\/suresms.com\\\/wp-content\\\/uploads\\\/2024\\\/11\\\/suresms-300x65-1.png\",\"contentUrl\":\"https:\\\/\\\/suresms.com\\\/wp-content\\\/uploads\\\/2024\\\/11\\\/suresms-300x65-1.png\",\"width\":300,\"height\":65,\"caption\":\"SureSMS\"},\"image\":{\"@id\":\"https:\\\/\\\/suresms.com\\\/en\\\/#\\\/schema\\\/logo\\\/image\\\/\"},\"sameAs\":[\"https:\\\/\\\/www.facebook.com\\\/p\\\/SureSMS-100044607956149\\\/\"]}]}<\/script>\r\n<!-- \/ Yoast SEO Premium plugin. -->","yoast_head_json":{"title":"SMS f\u00f6r tillverkande f\u00f6retag - SureSMS. Stabilt och p\u00e5litligt SMS","description":"Stabil och flexibel SMS-gateway online. H\u00f6g leveranss\u00e4kerhet och professionell service till ett bra pris. B\u00e4sta leverant\u00f6rerna ger h\u00f6gsta m\u00f6jliga drifttid.","robots":{"index":"index","follow":"follow","max-snippet":"max-snippet:-1","max-image-preview":"max-image-preview:large","max-video-preview":"max-video-preview:-1"},"canonical":"https:\/\/suresms.com\/sv\/urladdningar-av-grenar\/sms-for-tillverkande-foretag\/","og_locale":"sv_SE","og_type":"article","og_title":"SMS til Produktionsvirksomheder","og_description":"Driftstabil og fleksibel online SMS Gateway. H\u00f8j leveringssikkerhed og professionel service til god pris. Bedste leverand\u00f8rer giver h\u00f8jest mulige oppetid.","og_url":"https:\/\/suresms.com\/sv\/urladdningar-av-grenar\/sms-for-tillverkande-foretag\/","article_publisher":"https:\/\/www.facebook.com\/p\/SureSMS-100044607956149\/","article_modified_time":"2025-01-05T00:19:16+00:00","og_image":[{"width":400,"height":266,"url":"https:\/\/suresms.com\/wp-content\/uploads\/2016\/06\/sms-til-produktionsvirksomheder-snippet.jpg","type":"image\/jpeg"}],"twitter_card":"summary_large_image","twitter_misc":{"Ber\u00e4knad l\u00e4stid":"4 minuter"},"schema":{"@context":"https:\/\/schema.org","@graph":[{"@type":"WebPage","@id":"https:\/\/suresms.com\/dk\/branchelosninger\/sms-til-produktionsvirksomheder\/","url":"https:\/\/suresms.com\/dk\/branchelosninger\/sms-til-produktionsvirksomheder\/","name":"SMS f\u00f6r tillverkande f\u00f6retag - SureSMS. Stabilt och p\u00e5litligt SMS","isPartOf":{"@id":"https:\/\/suresms.com\/en\/#website"},"primaryImageOfPage":{"@id":"https:\/\/suresms.com\/dk\/branchelosninger\/sms-til-produktionsvirksomheder\/#primaryimage"},"image":{"@id":"https:\/\/suresms.com\/dk\/branchelosninger\/sms-til-produktionsvirksomheder\/#primaryimage"},"thumbnailUrl":"https:\/\/suresms.com\/wp-content\/uploads\/2016\/01\/Herning-Varmforsinkning-100-px.jpg","datePublished":"2016-06-02T08:02:29+00:00","dateModified":"2025-01-05T00:19:16+00:00","description":"Stabil och flexibel SMS-gateway online. H\u00f6g leveranss\u00e4kerhet och professionell service till ett bra pris. B\u00e4sta leverant\u00f6rerna ger h\u00f6gsta m\u00f6jliga drifttid.","breadcrumb":{"@id":"https:\/\/suresms.com\/dk\/branchelosninger\/sms-til-produktionsvirksomheder\/#breadcrumb"},"inLanguage":"sv-SE","potentialAction":[{"@type":"ReadAction","target":["https:\/\/suresms.com\/dk\/branchelosninger\/sms-til-produktionsvirksomheder\/"]}]},{"@type":"ImageObject","inLanguage":"sv-SE","@id":"https:\/\/suresms.com\/dk\/branchelosninger\/sms-til-produktionsvirksomheder\/#primaryimage","url":"https:\/\/suresms.com\/wp-content\/uploads\/2016\/01\/Herning-Varmforsinkning-100-px.jpg","contentUrl":"https:\/\/suresms.com\/wp-content\/uploads\/2016\/01\/Herning-Varmforsinkning-100-px.jpg"},{"@type":"BreadcrumbList","@id":"https:\/\/suresms.com\/dk\/branchelosninger\/sms-til-produktionsvirksomheder\/#breadcrumb","itemListElement":[{"@type":"ListItem","position":1,"name":"Home","item":"https:\/\/suresms.com\/dk\/"},{"@type":"ListItem","position":2,"name":"Branchel\u00f8sninger","item":"https:\/\/suresms.com\/dk\/branchelosninger\/"},{"@type":"ListItem","position":3,"name":"SMS til Produktionsvirksomheder"}]},{"@type":"WebSite","@id":"https:\/\/suresms.com\/en\/#website","url":"https:\/\/suresms.com\/en\/","name":"SureSMS","description":"Professionell SMS Gateway","publisher":{"@id":"https:\/\/suresms.com\/en\/#organization"},"potentialAction":[{"@type":"SearchAction","target":{"@type":"EntryPoint","urlTemplate":"https:\/\/suresms.com\/en\/?s={search_term_string}"},"query-input":{"@type":"PropertyValueSpecification","valueRequired":true,"valueName":"search_term_string"}}],"inLanguage":"sv-SE"},{"@type":"Organization","@id":"https:\/\/suresms.com\/en\/#organization","name":"SureSMS","url":"https:\/\/suresms.com\/en\/","logo":{"@type":"ImageObject","inLanguage":"sv-SE","@id":"https:\/\/suresms.com\/en\/#\/schema\/logo\/image\/","url":"https:\/\/suresms.com\/wp-content\/uploads\/2024\/11\/suresms-300x65-1.png","contentUrl":"https:\/\/suresms.com\/wp-content\/uploads\/2024\/11\/suresms-300x65-1.png","width":300,"height":65,"caption":"SureSMS"},"image":{"@id":"https:\/\/suresms.com\/en\/#\/schema\/logo\/image\/"},"sameAs":["https:\/\/www.facebook.com\/p\/SureSMS-100044607956149\/"]}]}},"_links":{"self":[{"href":"https:\/\/suresms.com\/sv\/wp-json\/wp\/v2\/pages\/2687","targetHints":{"allow":["GET"]}}],"collection":[{"href":"https:\/\/suresms.com\/sv\/wp-json\/wp\/v2\/pages"}],"about":[{"href":"https:\/\/suresms.com\/sv\/wp-json\/wp\/v2\/types\/page"}],"author":[{"embeddable":true,"href":"https:\/\/suresms.com\/sv\/wp-json\/wp\/v2\/users\/1"}],"replies":[{"embeddable":true,"href":"https:\/\/suresms.com\/sv\/wp-json\/wp\/v2\/comments?post=2687"}],"version-history":[{"count":2,"href":"https:\/\/suresms.com\/sv\/wp-json\/wp\/v2\/pages\/2687\/revisions"}],"predecessor-version":[{"id":21218,"href":"https:\/\/suresms.com\/sv\/wp-json\/wp\/v2\/pages\/2687\/revisions\/21218"}],"up":[{"embeddable":true,"href":"https:\/\/suresms.com\/sv\/wp-json\/wp\/v2\/pages\/1654"}],"wp:attachment":[{"href":"https:\/\/suresms.com\/sv\/wp-json\/wp\/v2\/media?parent=2687"}],"wp:term":[{"taxonomy":"category","embeddable":true,"href":"https:\/\/suresms.com\/sv\/wp-json\/wp\/v2\/categories?post=2687"},{"taxonomy":"post_tag","embeddable":true,"href":"https:\/\/suresms.com\/sv\/wp-json\/wp\/v2\/tags?post=2687"}],"curies":[{"name":"wp","href":"https:\/\/api.w.org\/{rel}","templated":true}]}}