{"id":2681,"date":"2016-06-01T17:49:00","date_gmt":"2016-06-01T15:49:00","guid":{"rendered":"https:\/\/www.suresms.com\/dk\/?page_id=2681"},"modified":"2025-01-03T14:16:29","modified_gmt":"2025-01-03T14:16:29","slug":"sms-for-tjansteforetag","status":"publish","type":"page","link":"https:\/\/suresms.com\/sv\/branchelosninger\/sms-til-servicevirksomheder\/","title":{"rendered":"SMS f\u00f6r tj\u00e4nstef\u00f6retag"},"content":{"rendered":"<!-- Flexy Breadcrumb -->\r\n\t\t\t<div class=\"fbc fbc-page\">\r\n\r\n\t\t\t\t<!-- Breadcrumb wrapper -->\r\n\t\t\t\t<div class=\"fbc-wrap\">\r\n\r\n\t\t\t\t\t<!-- Ordered list-->\r\n\t\t\t\t\t<ol class=\"fbc-items\" itemscope itemtype=\"https:\/\/schema.org\/BreadcrumbList\">\r\n\t\t\t\t\t\t            <li itemprop=\"itemListElement\" itemscope itemtype=\"https:\/\/schema.org\/ListItem\">\r\n                <span itemprop=\"name\">\r\n                    <!-- Home Link -->\r\n                    <a itemprop=\"item\" href=\"https:\/\/suresms.com\/sv\/\">\r\n                    \r\n                                                    <i class=\"fa fa-home\" aria-hidden=\"true\"><\/i>Hem                    <\/a>\r\n                <\/span>\r\n                <meta itemprop=\"position\" content=\"1\" \/><!-- Meta Position-->\r\n             <\/li><li><span class=\"fbc-separator\">\/<\/span><\/li><li class=\"active\" itemprop=\"itemListElement\" itemscope itemtype=\"https:\/\/schema.org\/ListItem\"><span itemprop=\"name\" title=\"SMS f\u00f6r tj\u00e4nstef\u00f6retag\">SMS f\u00f6r tj\u00e4nstef\u00f6retag<\/span><meta itemprop=\"position\" content=\"2\" \/><\/li>\t\t\t\t\t<\/ol>\r\n\t\t\t\t\t<div class=\"clearfix\"><\/div>\r\n\t\t\t\t<\/div>\r\n\t\t\t<\/div>\r\n\t\t\t\n<h1>\n\t\tSMS f\u00f6r tj\u00e4nstef\u00f6retag\n\t<\/h1>\n<p><strong>Bilverkst\u00e4der, tandl\u00e4kare, fris\u00f6rer, kliniker och terapeuter. Om du beh\u00f6ver online-SMS f\u00f6r tj\u00e4nstef\u00f6retag \u00e4r en SMS-gateway den optimala l\u00f6sningen. Med en SureSMS-l\u00f6sning kan du enkelt och billigt skicka SMS till dina kunder fr\u00e5n din dator.<\/strong><\/p>\n<p>V\u00e5rt enkla och \u00f6versk\u00e5dliga gr\u00e4nssnitt g\u00f6r det l\u00e4tt att skicka SMS till exakt de personer i gruppen som du vill kommunicera med. Allt som kr\u00e4vs \u00e4r internet. Du beh\u00f6ver inte installera n\u00e5gon programvara eller n\u00e5gra program f\u00f6r att komma ig\u00e5ng.<\/p>\n<p><strong>F\u00f6rdelar:\u00a0<\/strong><\/p>\n<ul>\n<li><strong>Schemal\u00e4gg meddelanden som ska skickas: Skicka p\u00e5minnelser om m\u00f6ten och undvik on\u00f6diga avbokningar.<\/strong><\/li>\n<li><strong>Generera int\u00e4kter: Skicka ut bra erbjudanden och nyhetsbrev till kunder via v\u00e5r gruppfunktion.<\/strong><\/li>\n<li><strong>Skicka enkelt ut personliga meddelanden till grupper fr\u00e5n v\u00e5r webbportal med funktionen Merge Names.<\/strong><\/li>\n<li><strong>Genomf\u00f6r n\u00f6jdhetsunders\u00f6kningar om din tj\u00e4nst. Skicka och ta emot meddelanden fr\u00e5n kunden med en 2-v\u00e4gsl\u00f6sning.<\/strong><\/li>\n<li><strong>Och v\u00e5r webbportal kan anv\u00e4ndas fr\u00e5n PC, iPad eller smarta telefoner.<\/strong><\/li>\n<\/ul>\n<p>Naturligtvis kan v\u00e5r tj\u00e4nst ocks\u00e5 integreras med ditt befintliga system via v\u00e5rt SureSMS API. <a title=\"Kontakta oss\" href=\"https:\/\/suresms.com\/sv\/kontakt\/\">Kontakta oss<\/a> f\u00f6r en pratstund om du vill integrera v\u00e5rt SMS i ditt system.<\/p>\n<h3>Skicka p\u00e5minnelser om m\u00f6ten - undvik avbokningar<\/h3>\n<p>Alla servicef\u00f6retag \u00e4r beroende av att kunderna dyker upp - och dyker upp i tid. Varje g\u00e5ng en kund inte dyker upp p\u00e5 \u00f6verenskommen tid kan det \u00e4ventyra planering och int\u00e4kter. Undvik sl\u00f6seri med tid och resurser genom att skicka ut p\u00e5minnelser till kunder och uppdragsgivare. Ett litet tidsstyrt SMS kan se till att kunden antingen dyker upp eller kommer ih\u00e5g att skicka en avbokning i god tid.<\/p>\n<h3>Koncernfunktioner<\/h3>\n<p>Fr\u00e5n v\u00e5r webbportal kan du anv\u00e4nda funktionen <a title=\"GroupSMS: Skapa och skicka till grupper\" href=\"https:\/\/suresms.com\/sv\/sms-grupp\/\">Skapa och skicka SMS till grupper<\/a>. Det kan vara fris\u00f6ren som vill skicka ett specialerbjudande, sjukgymnasten som har ett meddelande till m\u00e5ndagsteamet eller bilmekanikern som vill kontakta de kunder som bytte vinterd\u00e4ck f\u00f6rra \u00e5ret. Genom att organisera dina kontakter i grupper kan du skicka ett grupp-SMS till hela gruppen genom att helt enkelt skriva ett enda SMS. Ett meddelande kan naturligtvis schemal\u00e4ggas f\u00f6r att skickas med ett fast intervall: t.ex. varje vecka, m\u00e5nad eller \u00e5r.<\/p>\n<h3>Hur du anm\u00e4ler dig<\/h3>\n<p>Med v\u00e5ra <a title=\"2-v\u00e4gs SMS, ta emot SMS p\u00e5 din dator\" href=\"https:\/\/suresms.com\/sv\/funktioner\/ta-emot-textmeddelanden-paa-din-dator\/\">2-v\u00e4gs SMS-l\u00f6sning <\/a>kan medlemmarna skriva upp sig p\u00e5 en lista och sj\u00e4lva ge feedback. Du kan ocks\u00e5 l\u00e4gga till en liten kod p\u00e5 din egen webbplats s\u00e5 att medlemmarna kan anm\u00e4la sig d\u00e4r.<\/p>\n<p>Kanske har du redan alla dina medlemmar i ett kalkylblad. Det kan du ladda in i v\u00e5rt system f\u00f6r att snabbt komma ig\u00e5ng med dina SMS-klubbar.<\/p>\n<h3>Skapa n\u00f6jdhetsunders\u00f6kningar f\u00f6r dina kunder<\/h3>\nF\u00f6r m\u00e5nga tj\u00e4nstef\u00f6retag \u00e4r det viktigt att utv\u00e4rdera hur bra upplevelse kunden har haft efter att ha k\u00f6pt en tj\u00e4nst. Vi har till exempel ett antal <strong>bilverkst\u00e4der<\/strong> som anv\u00e4nder v\u00e5r 2-v\u00e4gs-l\u00f6sning. Efter att ha h\u00e4mtat bilen f\u00e5r kunden ett meddelande:<br \/>\n<strong>\"Var du n\u00f6jd med v\u00e5r service? Svara JA eller NEJ.\"<\/strong><br \/>\nP\u00e5 s\u00e5 s\u00e4tt har mekanikern en m\u00f6jlighet att reagera och h\u00e5lla en h\u00f6g servicekvalitet i sin verksamhet.\n<h3>Avs\u00e4ndarens namn<\/h3>\n<p>Du kan best\u00e4mma vem som ska vara avs\u00e4ndare av meddelandet. Om du har en kundklubb kan det vara f\u00f6retagsnamn, telefonnummer eller n\u00e5got annat.  Den enda begr\u00e4nsningen \u00e4r att telekombolagen till\u00e5ter max 11 tecken i avs\u00e4ndaren.<\/p>\n<h3>Skapa ett kostnadsfritt konto p\u00e5 5 minuter<\/h3>\n<p><strong> Skapa ett kostnadsfritt testkonto och bed\u00f6m sj\u00e4lv. Det finns inga dolda kostnader eller f\u00f6rpliktelser. Tveka inte att kontakta oss om du har n\u00e5gra fr\u00e5gor. Vi ser fram emot att hj\u00e4lpa dig.<\/strong><\/p>\n\t\t\t<p><img loading=\"lazy\" decoding=\"async\" src=\"https:\/\/suresms.com\/wp-content\/uploads\/2016\/06\/Frisoergaarden-1.jpg\" alt=\"\" width=\"100\" height=\"100\" \/><em>\"Efter att ha bytt fr\u00e5n Clickatell till SureSMS har vi inte l\u00e4ngre n\u00e5gra problem med v\u00e5rt SMS-system, s\u00e5 jag \u00f6nskar att vi hade gjort det f\u00f6r l\u00e4nge sedan.<\/em><em>Tack f\u00f6r en stabil och bra l\u00f6sning som dessutom \u00e4r prisv\u00e4rd!\"<\/em><strong>Julie Thorsen, fris\u00f6rm\u00e4stare<\/strong><strong>Fris\u00f8rg\u00e5rden.dk, Holb\u00e6k, Danmark<\/strong><\/p>\t\t\n\t\t<h4>Skapa ett kostnadsfritt testkonto<\/h4>\n\t\t<p>Det tar bara 5 minuter. Kom ig\u00e5ng direkt och f\u00e5 <strong>50 gratis SMS-meddelanden<\/strong> utan n\u00e5gra f\u00f6rpliktelser.<\/p>\n\t\t\t<a href=\"https:\/\/suresms.com\/sv\/gratis-sms-testkonto\/\" target=\"_self\">\n\t\t\t\t\t\t\tSkapa testkonto\n\t\t\t\t\t<\/a>","protected":false},"excerpt":{"rendered":"<p>SMS f\u00f6r servicef\u00f6retag Bilverkst\u00e4der, tandl\u00e4kare, fris\u00f6rer, kliniker och terapeuter. Om du beh\u00f6ver online-SMS f\u00f6r tj\u00e4nstef\u00f6retag \u00e4r en SMS-gateway den optimala l\u00f6sningen. Med en SureSMS-l\u00f6sning kan du enkelt och billigt skicka SMS till dina kunder fr\u00e5n din dator. V\u00e5rt enkla och tydliga anv\u00e4ndargr\u00e4nssnitt g\u00f6r det l\u00e4tt att skicka SMS till exakt r\u00e4tt personer... <a title=\"SMS f\u00f6r tj\u00e4nstef\u00f6retag\" class=\"read-more\" href=\"https:\/\/suresms.com\/sv\/branchelosninger\/sms-til-servicevirksomheder\/\" aria-label=\"L\u00e4s mer om SMS f\u00f6r tj\u00e4nstef\u00f6retag\">L\u00e4s mer om det<\/a><\/p>","protected":false},"author":1,"featured_media":0,"parent":1654,"menu_order":1,"comment_status":"closed","ping_status":"closed","template":"","meta":{"_fl_builder_enabled":"1","_fl_builder_data":null,"_fl_builder_draft":null,"_fl_builder_data_settings":null,"_fl_builder_css":"","_fl_builder_css_version":"","_fl_builder_js":"","footnotes":""},"categories":[],"tags":[],"class_list":["post-2681","page","type-page","status-publish"],"yoast_head":"<!-- This site is optimized with the Yoast SEO Premium plugin v27.3 (Yoast SEO v27.3) - https:\/\/yoast.com\/product\/yoast-seo-premium-wordpress\/ -->\r\n<title>Sms til servicevirksomheder. Fleksibel og billig SMS online. SureSMS<\/title>\r\n<meta name=\"description\" content=\"Autov\u00e6rksteder, tandl\u00e6ger, fris\u00f8rer, klinikker .Send nemt og billigt p\u00e5mindelser og personlige SMS&#039;er til kunder direkte fra din PC. Opret gratis Testkonto!\" \/>\r\n<meta name=\"robots\" content=\"index, follow, max-snippet:-1, max-image-preview:large, max-video-preview:-1\" \/>\r\n<link rel=\"canonical\" href=\"https:\/\/suresms.com\/sv\/urladdningar-av-grenar\/sms-for-tjansteforetag\/\" \/>\r\n<meta property=\"og:locale\" content=\"sv_SE\" \/>\r\n<meta property=\"og:type\" content=\"article\" \/>\r\n<meta property=\"og:title\" content=\"SMS til Servicevirksomheder\" \/>\r\n<meta property=\"og:description\" content=\"Autov\u00e6rksteder, tandl\u00e6ger, fris\u00f8rer, klinikker .Send nemt og billigt p\u00e5mindelser og personlige SMS&#039;er til kunder direkte fra din PC. Opret gratis Testkonto!\" \/>\r\n<meta property=\"og:url\" content=\"https:\/\/suresms.com\/sv\/urladdningar-av-grenar\/sms-for-tjansteforetag\/\" \/>\r\n<meta property=\"article:publisher\" content=\"https:\/\/www.facebook.com\/p\/SureSMS-100044607956149\/\" \/>\r\n<meta property=\"article:modified_time\" content=\"2025-01-03T14:16:29+00:00\" \/>\r\n<meta property=\"og:image\" content=\"https:\/\/suresms.com\/wp-content\/uploads\/2016\/06\/sms-til-service-snippet.jpg\" \/>\r\n\t<meta property=\"og:image:width\" content=\"400\" \/>\r\n\t<meta property=\"og:image:height\" content=\"266\" \/>\r\n\t<meta property=\"og:image:type\" content=\"image\/jpeg\" \/>\r\n<meta name=\"twitter:card\" content=\"summary_large_image\" \/>\r\n<meta name=\"twitter:label1\" content=\"Ber\u00e4knad l\u00e4stid\" \/>\n\t<meta name=\"twitter:data1\" content=\"3 minuter\" \/>\r\n<script type=\"application\/ld+json\" class=\"yoast-schema-graph\">{\"@context\":\"https:\\\/\\\/schema.org\",\"@graph\":[{\"@type\":\"WebPage\",\"@id\":\"https:\\\/\\\/suresms.com\\\/dk\\\/branchelosninger\\\/sms-til-servicevirksomheder\\\/\",\"url\":\"https:\\\/\\\/suresms.com\\\/dk\\\/branchelosninger\\\/sms-til-servicevirksomheder\\\/\",\"name\":\"Sms til servicevirksomheder. Fleksibel og billig SMS online. SureSMS\",\"isPartOf\":{\"@id\":\"https:\\\/\\\/suresms.com\\\/en\\\/#website\"},\"primaryImageOfPage\":{\"@id\":\"https:\\\/\\\/suresms.com\\\/dk\\\/branchelosninger\\\/sms-til-servicevirksomheder\\\/#primaryimage\"},\"image\":{\"@id\":\"https:\\\/\\\/suresms.com\\\/dk\\\/branchelosninger\\\/sms-til-servicevirksomheder\\\/#primaryimage\"},\"thumbnailUrl\":\"https:\\\/\\\/suresms.com\\\/wp-content\\\/uploads\\\/2016\\\/06\\\/Frisoergaarden-1.jpg\",\"datePublished\":\"2016-06-01T15:49:00+00:00\",\"dateModified\":\"2025-01-03T14:16:29+00:00\",\"description\":\"Autov\u00e6rksteder, tandl\u00e6ger, fris\u00f8rer, klinikker .Send nemt og billigt p\u00e5mindelser og personlige SMS'er til kunder direkte fra din PC. Opret gratis Testkonto!\",\"breadcrumb\":{\"@id\":\"https:\\\/\\\/suresms.com\\\/dk\\\/branchelosninger\\\/sms-til-servicevirksomheder\\\/#breadcrumb\"},\"inLanguage\":\"sv-SE\",\"potentialAction\":[{\"@type\":\"ReadAction\",\"target\":[\"https:\\\/\\\/suresms.com\\\/dk\\\/branchelosninger\\\/sms-til-servicevirksomheder\\\/\"]}]},{\"@type\":\"ImageObject\",\"inLanguage\":\"sv-SE\",\"@id\":\"https:\\\/\\\/suresms.com\\\/dk\\\/branchelosninger\\\/sms-til-servicevirksomheder\\\/#primaryimage\",\"url\":\"https:\\\/\\\/suresms.com\\\/wp-content\\\/uploads\\\/2016\\\/06\\\/Frisoergaarden-1.jpg\",\"contentUrl\":\"https:\\\/\\\/suresms.com\\\/wp-content\\\/uploads\\\/2016\\\/06\\\/Frisoergaarden-1.jpg\"},{\"@type\":\"BreadcrumbList\",\"@id\":\"https:\\\/\\\/suresms.com\\\/dk\\\/branchelosninger\\\/sms-til-servicevirksomheder\\\/#breadcrumb\",\"itemListElement\":[{\"@type\":\"ListItem\",\"position\":1,\"name\":\"Home\",\"item\":\"https:\\\/\\\/suresms.com\\\/dk\\\/\"},{\"@type\":\"ListItem\",\"position\":2,\"name\":\"Branchel\u00f8sninger\",\"item\":\"https:\\\/\\\/suresms.com\\\/dk\\\/branchelosninger\\\/\"},{\"@type\":\"ListItem\",\"position\":3,\"name\":\"SMS til Servicevirksomheder\"}]},{\"@type\":\"WebSite\",\"@id\":\"https:\\\/\\\/suresms.com\\\/en\\\/#website\",\"url\":\"https:\\\/\\\/suresms.com\\\/en\\\/\",\"name\":\"SureSMS\",\"description\":\"Professionel SMS Gateway\",\"publisher\":{\"@id\":\"https:\\\/\\\/suresms.com\\\/en\\\/#organization\"},\"potentialAction\":[{\"@type\":\"SearchAction\",\"target\":{\"@type\":\"EntryPoint\",\"urlTemplate\":\"https:\\\/\\\/suresms.com\\\/en\\\/?s={search_term_string}\"},\"query-input\":{\"@type\":\"PropertyValueSpecification\",\"valueRequired\":true,\"valueName\":\"search_term_string\"}}],\"inLanguage\":\"sv-SE\"},{\"@type\":\"Organization\",\"@id\":\"https:\\\/\\\/suresms.com\\\/en\\\/#organization\",\"name\":\"SureSMS\",\"url\":\"https:\\\/\\\/suresms.com\\\/en\\\/\",\"logo\":{\"@type\":\"ImageObject\",\"inLanguage\":\"sv-SE\",\"@id\":\"https:\\\/\\\/suresms.com\\\/en\\\/#\\\/schema\\\/logo\\\/image\\\/\",\"url\":\"https:\\\/\\\/suresms.com\\\/wp-content\\\/uploads\\\/2024\\\/11\\\/suresms-300x65-1.png\",\"contentUrl\":\"https:\\\/\\\/suresms.com\\\/wp-content\\\/uploads\\\/2024\\\/11\\\/suresms-300x65-1.png\",\"width\":300,\"height\":65,\"caption\":\"SureSMS\"},\"image\":{\"@id\":\"https:\\\/\\\/suresms.com\\\/en\\\/#\\\/schema\\\/logo\\\/image\\\/\"},\"sameAs\":[\"https:\\\/\\\/www.facebook.com\\\/p\\\/SureSMS-100044607956149\\\/\"]}]}<\/script>\r\n<!-- \/ Yoast SEO Premium plugin. -->","yoast_head_json":{"title":"SMS f\u00f6r tj\u00e4nstef\u00f6retag. Flexibla och billiga SMS online. SureSMS","description":"Bilverkst\u00e4der, tandl\u00e4kare, fris\u00f6rer, kliniker... Skicka p\u00e5minnelser och personliga SMS till kunder enkelt och billigt direkt fr\u00e5n din dator. Skapa ett gratis testkonto!","robots":{"index":"index","follow":"follow","max-snippet":"max-snippet:-1","max-image-preview":"max-image-preview:large","max-video-preview":"max-video-preview:-1"},"canonical":"https:\/\/suresms.com\/sv\/urladdningar-av-grenar\/sms-for-tjansteforetag\/","og_locale":"sv_SE","og_type":"article","og_title":"SMS til Servicevirksomheder","og_description":"Autov\u00e6rksteder, tandl\u00e6ger, fris\u00f8rer, klinikker .Send nemt og billigt p\u00e5mindelser og personlige SMS'er til kunder direkte fra din PC. Opret gratis Testkonto!","og_url":"https:\/\/suresms.com\/sv\/urladdningar-av-grenar\/sms-for-tjansteforetag\/","article_publisher":"https:\/\/www.facebook.com\/p\/SureSMS-100044607956149\/","article_modified_time":"2025-01-03T14:16:29+00:00","og_image":[{"width":400,"height":266,"url":"https:\/\/suresms.com\/wp-content\/uploads\/2016\/06\/sms-til-service-snippet.jpg","type":"image\/jpeg"}],"twitter_card":"summary_large_image","twitter_misc":{"Ber\u00e4knad l\u00e4stid":"3 minuter"},"schema":{"@context":"https:\/\/schema.org","@graph":[{"@type":"WebPage","@id":"https:\/\/suresms.com\/dk\/branchelosninger\/sms-til-servicevirksomheder\/","url":"https:\/\/suresms.com\/dk\/branchelosninger\/sms-til-servicevirksomheder\/","name":"SMS f\u00f6r tj\u00e4nstef\u00f6retag. Flexibla och billiga SMS online. SureSMS","isPartOf":{"@id":"https:\/\/suresms.com\/en\/#website"},"primaryImageOfPage":{"@id":"https:\/\/suresms.com\/dk\/branchelosninger\/sms-til-servicevirksomheder\/#primaryimage"},"image":{"@id":"https:\/\/suresms.com\/dk\/branchelosninger\/sms-til-servicevirksomheder\/#primaryimage"},"thumbnailUrl":"https:\/\/suresms.com\/wp-content\/uploads\/2016\/06\/Frisoergaarden-1.jpg","datePublished":"2016-06-01T15:49:00+00:00","dateModified":"2025-01-03T14:16:29+00:00","description":"Bilverkst\u00e4der, tandl\u00e4kare, fris\u00f6rer, kliniker... Skicka p\u00e5minnelser och personliga SMS till kunder enkelt och billigt direkt fr\u00e5n din dator. Skapa ett gratis testkonto!","breadcrumb":{"@id":"https:\/\/suresms.com\/dk\/branchelosninger\/sms-til-servicevirksomheder\/#breadcrumb"},"inLanguage":"sv-SE","potentialAction":[{"@type":"ReadAction","target":["https:\/\/suresms.com\/dk\/branchelosninger\/sms-til-servicevirksomheder\/"]}]},{"@type":"ImageObject","inLanguage":"sv-SE","@id":"https:\/\/suresms.com\/dk\/branchelosninger\/sms-til-servicevirksomheder\/#primaryimage","url":"https:\/\/suresms.com\/wp-content\/uploads\/2016\/06\/Frisoergaarden-1.jpg","contentUrl":"https:\/\/suresms.com\/wp-content\/uploads\/2016\/06\/Frisoergaarden-1.jpg"},{"@type":"BreadcrumbList","@id":"https:\/\/suresms.com\/dk\/branchelosninger\/sms-til-servicevirksomheder\/#breadcrumb","itemListElement":[{"@type":"ListItem","position":1,"name":"Home","item":"https:\/\/suresms.com\/dk\/"},{"@type":"ListItem","position":2,"name":"Branchel\u00f8sninger","item":"https:\/\/suresms.com\/dk\/branchelosninger\/"},{"@type":"ListItem","position":3,"name":"SMS til Servicevirksomheder"}]},{"@type":"WebSite","@id":"https:\/\/suresms.com\/en\/#website","url":"https:\/\/suresms.com\/en\/","name":"SureSMS","description":"Professionell SMS Gateway","publisher":{"@id":"https:\/\/suresms.com\/en\/#organization"},"potentialAction":[{"@type":"SearchAction","target":{"@type":"EntryPoint","urlTemplate":"https:\/\/suresms.com\/en\/?s={search_term_string}"},"query-input":{"@type":"PropertyValueSpecification","valueRequired":true,"valueName":"search_term_string"}}],"inLanguage":"sv-SE"},{"@type":"Organization","@id":"https:\/\/suresms.com\/en\/#organization","name":"SureSMS","url":"https:\/\/suresms.com\/en\/","logo":{"@type":"ImageObject","inLanguage":"sv-SE","@id":"https:\/\/suresms.com\/en\/#\/schema\/logo\/image\/","url":"https:\/\/suresms.com\/wp-content\/uploads\/2024\/11\/suresms-300x65-1.png","contentUrl":"https:\/\/suresms.com\/wp-content\/uploads\/2024\/11\/suresms-300x65-1.png","width":300,"height":65,"caption":"SureSMS"},"image":{"@id":"https:\/\/suresms.com\/en\/#\/schema\/logo\/image\/"},"sameAs":["https:\/\/www.facebook.com\/p\/SureSMS-100044607956149\/"]}]}},"_links":{"self":[{"href":"https:\/\/suresms.com\/sv\/wp-json\/wp\/v2\/pages\/2681","targetHints":{"allow":["GET"]}}],"collection":[{"href":"https:\/\/suresms.com\/sv\/wp-json\/wp\/v2\/pages"}],"about":[{"href":"https:\/\/suresms.com\/sv\/wp-json\/wp\/v2\/types\/page"}],"author":[{"embeddable":true,"href":"https:\/\/suresms.com\/sv\/wp-json\/wp\/v2\/users\/1"}],"replies":[{"embeddable":true,"href":"https:\/\/suresms.com\/sv\/wp-json\/wp\/v2\/comments?post=2681"}],"version-history":[{"count":4,"href":"https:\/\/suresms.com\/sv\/wp-json\/wp\/v2\/pages\/2681\/revisions"}],"predecessor-version":[{"id":19575,"href":"https:\/\/suresms.com\/sv\/wp-json\/wp\/v2\/pages\/2681\/revisions\/19575"}],"up":[{"embeddable":true,"href":"https:\/\/suresms.com\/sv\/wp-json\/wp\/v2\/pages\/1654"}],"wp:attachment":[{"href":"https:\/\/suresms.com\/sv\/wp-json\/wp\/v2\/media?parent=2681"}],"wp:term":[{"taxonomy":"category","embeddable":true,"href":"https:\/\/suresms.com\/sv\/wp-json\/wp\/v2\/categories?post=2681"},{"taxonomy":"post_tag","embeddable":true,"href":"https:\/\/suresms.com\/sv\/wp-json\/wp\/v2\/tags?post=2681"}],"curies":[{"name":"wp","href":"https:\/\/api.w.org\/{rel}","templated":true}]}}