{"id":2659,"date":"2016-06-01T15:30:55","date_gmt":"2016-06-01T13:30:55","guid":{"rendered":"https:\/\/www.suresms.com\/dk\/?page_id=2659"},"modified":"2025-01-05T00:16:13","modified_gmt":"2025-01-05T00:16:13","slug":"sms-for-offentliga-institutioner","status":"publish","type":"page","link":"https:\/\/suresms.com\/sv\/branchelosninger\/sms-til-offentlige-institutioner\/","title":{"rendered":"SMS till offentliga institutioner"},"content":{"rendered":"<!-- Flexy Breadcrumb -->\r\n\t\t\t<div class=\"fbc fbc-page\">\r\n\r\n\t\t\t\t<!-- Breadcrumb wrapper -->\r\n\t\t\t\t<div class=\"fbc-wrap\">\r\n\r\n\t\t\t\t\t<!-- Ordered list-->\r\n\t\t\t\t\t<ol class=\"fbc-items\" itemscope itemtype=\"https:\/\/schema.org\/BreadcrumbList\">\r\n\t\t\t\t\t\t            <li itemprop=\"itemListElement\" itemscope itemtype=\"https:\/\/schema.org\/ListItem\">\r\n                <span itemprop=\"name\">\r\n                    <!-- Home Link -->\r\n                    <a itemprop=\"item\" href=\"https:\/\/suresms.com\/sv\/\">\r\n                    \r\n                                                    <i class=\"fa fa-home\" aria-hidden=\"true\"><\/i>Hem                    <\/a>\r\n                <\/span>\r\n                <meta itemprop=\"position\" content=\"1\" \/><!-- Meta Position-->\r\n             <\/li><li><span class=\"fbc-separator\">\/<\/span><\/li><li class=\"active\" itemprop=\"itemListElement\" itemscope itemtype=\"https:\/\/schema.org\/ListItem\"><span itemprop=\"name\" title=\"SMS till offentliga institutioner\">SMS till offentliga institutioner<\/span><meta itemprop=\"position\" content=\"2\" \/><\/li>\t\t\t\t\t<\/ol>\r\n\t\t\t\t\t<div class=\"clearfix\"><\/div>\r\n\t\t\t\t<\/div>\r\n\t\t\t<\/div>\r\n\t\t\t\n<h1>\n\t\tSMS till offentliga institutioner\n\t<\/h1>\n\t\n<p><strong>Kommuner, bibliotek, statliga myndigheter, skolor, f\u00e4ngelser och sjukhus. Inom hela den offentliga sektorn har SMS blivit ett enkelt och effektivt kommunikationsmedel f\u00f6r anv\u00e4ndare och medborgare. Med SureSMS SMS-gateway har du automatiskt dokumentationen p\u00e5 plats och beh\u00f6ver inte kompromissa med s\u00e4kerhet eller produktkvalitet.<\/strong><\/p>\n<p>F\u00f6r att kommunikationen mellan kommuner, institutioner, myndigheter och medborgare ska fungera \u00e4r det avg\u00f6rande att meddelanden och information b\u00e5de tas emot OCH l\u00e4ses! Studier visar att de allra flesta SMS l\u00e4ses av mottagaren, vilket g\u00f6r SMS till en snabb och p\u00e5litlig kommunikationsform.<\/p>\n<p>Med en SMS-gateway kan offentliga organisationer h\u00e5lla koll p\u00e5 l\u00e4get och uppfylla kraven p\u00e5 arkivering.<\/p>\n<p><strong>F\u00f6rm\u00e5ner och f\u00f6rdelar<\/strong><\/p>\n<ul> \t\n<li><strong>Inbyggd journalf\u00f6ring. Genom v\u00e5r webbportal har du alltid dokumentation f\u00f6r alla meddelanden som skickas till medborgare eller anst\u00e4llda.<\/strong><\/li>\n\n<li><strong>Servicemeddelanden och p\u00e5minnelser om m\u00f6ten via SMS \u00e4r en bra service f\u00f6r medborgare och anv\u00e4ndare samtidigt som det ger f\u00e4rre avbokningar och mindre sl\u00f6seri med resurser. Anv\u00e4nd autogenererade SMS-meddelanden eller styr utskicket sj\u00e4lv via v\u00e5rt webbgr\u00e4nssnitt.<\/strong><\/li>\n\n<li><strong>All kommunikation mellan kunden och v\u00e5ra servrar \u00e4r krypterad med den senaste SSL-krypteringen. Detta g\u00f6r det s\u00e4kert att skicka k\u00e4nslig personlig information via SureSMS.<\/strong><\/li>\n\n<li><strong>Inga dyra abonnemang. Vi tar bara betalt f\u00f6r det antal meddelanden som du faktiskt skickar. Faktureringen \u00e4r gratis och det \u00e4r enkelt att betala via EAN-nummer.<\/strong><\/li>\n<\/ul>\n<p>Ovanst\u00e5ende \u00e4r ett urval av v\u00e5ra funktioner. Men det finns m\u00e5nga fler. Ta en titt p\u00e5 v\u00e5ra\u00a0<a href=\"https:\/\/suresms.com\/sv\/funktioner\/\">funktionssidor<\/a>\u00a0p\u00e5 suresms.com f\u00f6r inspiration.<\/p>\n<p><strong>Fullst\u00e4ndig \u00f6versikt och dokumentation via SureSMS webbportal<\/strong><\/p>\n<p>Fr\u00e5n v\u00e5r webbportal kan du enkelt logga in och skicka SMS till anv\u00e4ndare via din dator. H\u00e4rifr\u00e5n \u00e4r det enkelt att skicka meddelanden till grupper, schemal\u00e4gga utskick och fl\u00e4tar in namn i meddelandena.<\/p>\n<p>H\u00e4r har du ocks\u00e5 full \u00f6verblick \u00f6ver de meddelanden som skickas, och meddelandena lagras h\u00e4r f\u00f6r journalf\u00f6ring eller dokumentation. Du har alltid \u00f6verblick \u00f6ver b\u00e5de inneh\u00e5ll och tidpunkt f\u00f6r s\u00e4ndning och mottagning av meddelanden.<\/p>\n<p><strong>Leveranser till b\u00e5de statliga institutioner och kommuner<\/strong><\/p>\n<p>Genom \u00e5ren har vi levererat SMS till m\u00e5nga offentliga institutioner och har l\u00e5ng erfarenhet av att arbeta med dem: bibliotek, statliga f\u00e4ngelser, hj\u00e4lpmedelscentraler, myndigheter och mycket mer. Offentliga institutioner m\u00e5ste kunna kommunicera med ett brett tv\u00e4rsnitt av befolkningen, samtidigt som pris, kvalitet och s\u00e4kerhet m\u00e5ste vara i toppklass. Vi har expertisen f\u00f6r att leverera en solid och flexibel gateway som \u00e4r enkel att anv\u00e4nda.<\/p>\n<p><strong>Skicka fr\u00e5n flera nummer<\/strong><\/p>\n<p>Beh\u00f6ver din organisation skicka fr\u00e5n flera telefonnummer, eller beh\u00f6ver du en flexibel inloggning s\u00e5 att flera anst\u00e4llda kan skicka fr\u00e5n en specifik anv\u00e4ndare? Det \u00e4r enkelt att g\u00f6ra via v\u00e5r onlineportal.<\/p>\n<p><strong>Fr\u00e5n den h\u00e4r sidan kan du skapa ett gratis testkonto p\u00e5 fem minuter. Har du n\u00e5gra fr\u00e5gor eller beh\u00f6ver du prata med oss? Du kan hitta v\u00e5r\u00a0<\/strong><a href=\"https:\/\/suresms.com\/sv\/kontakt\/\">kontaktinformation<\/a><strong>\u00a0H\u00e4r.<\/strong><\/p>\n\n\t<p>&gt; Tillbaka till <a href=\"https:\/\/suresms.com\/sv\/urladdningar-av-grenar\/\">L\u00f6sningar f\u00f6r industrin<\/a><\/p>\n\t\t\t<p><a href=\"http:\/\/www.rodskovforsamlingshus.dk\/om-forsamlingshuset.html\"><img loading=\"lazy\" decoding=\"async\" src=\"https:\/\/suresms.com\/wp-content\/uploads\/2015\/02\/REB-Rodskov1.jpg\" alt=\"REB Rodskov\" width=\"172\" height=\"87\" \/><\/a><\/p>\n<p><em>\"Jag fick er rekommenderade av en kollega som ocks\u00e5 anv\u00e4nder er l\u00f6sning.\u00a0<\/em><\/p>\n<p><em>Jag har unders\u00f6kt och testat ett antal andra SMS-l\u00f6sningar, och din \u00e4r \u00f6verl\u00e4gset den mest flexibla och snabba - och till ett rimligt pris. <\/em><\/p>\n<p><em>TACK f\u00f6r en utm\u00e4rkt produkt! Den g\u00f6r precis vad jag beh\u00f6ver - superbra!\"<\/em><\/p>\n<p><strong>Michel Gorm, sekreterare<\/strong><\/p>\n<p><strong>Rodskov Community Centre<\/strong><\/p>\n\t\t<h4>Skapa ett kostnadsfritt testkonto<\/h4>\n\t\t<p>Det tar bara 5 minuter. Kom ig\u00e5ng direkt och f\u00e5 <strong>50 gratis SMS-meddelanden<\/strong> utan n\u00e5gra f\u00f6rpliktelser.<\/p>\n\t\t\t<a href=\"https:\/\/suresms.com\/sv\/gratis-sms-testkonto\/\" target=\"_self\">\n\t\t\t\t\t\t\tSkapa testkonto\n\t\t\t\t\t<\/a>\n\t\t<h4>Best\u00e4ll en 2-v\u00e4gs l\u00f6sning!<\/h4>\n\t\t<p>Har du redan ett konto? Best\u00e4ll en 2-v\u00e4gsl\u00f6sning och f\u00e5 de extra alternativ som din egen l\u00f6sning erbjuder.\u00a0<\/p>\n\t\t\t<a href=\"https:\/\/suresms.com\/sv\/bestall-2-vags-lossning\/\" target=\"_self\">\n\t\t\t\t\t\t\tBest\u00e4ll 2-v\u00e4gs l\u00f6sning\n\t\t\t\t\t<\/a>\n\t\t\t\t<a href=\"https:\/\/suresms.com\/sv\/sms-outlook-add\/\" target=\"_self\" itemprop=\"url\">\n\t\t\t\t<img loading=\"lazy\" decoding=\"async\" src=\"https:\/\/suresms.com\/wp-content\/uploads\/2016\/02\/facebook-Outlook-plugin-version-1.4-snippet-1.jpg\" alt=\"facebook Outlook plugin version 1.4 snippet\" itemprop=\"image\" height=\"630\" width=\"1200\" title=\"facebook Outlook plugin version 1.4 snippet\" onerror=\"this.style.display='none'\"  \/>\n\t\t\t\t<\/a>\n\t\t<h3><a href=\"https:\/\/suresms.com\/sv\/sms-outlook-add\/\" target=\"_self\">Outlook SMS Plugin Version 2.10<\/a><\/h3>V\u00e5rt SMS Add-in \u00e4r utformat speciellt f\u00f6r Outlook. Med en snabb installation av v\u00e5rt plugin f\u00e5r du en SMS- och grupp-SMS-avs\u00e4ndare inbyggd i din Outlook-meny med tillg\u00e5ng till dina Outlook-kontakter. Du har FULL DOKUMENTATION eftersom alla meddelanden sparas automatiskt. Enkel integration till andra system.<br \/>\nFlera nya alternativ f\u00f6r val av avs\u00e4ndar-ID. Anv\u00e4nd ditt f\u00f6retagsnamn eller v\u00e4lj ditt mobilnummer och f\u00e5 svar direkt till din mobil. Ska du ta emot svar i Outlook? Kontakta oss f\u00f6r en <a href=\"https:\/\/suresms.com\/sv\/funktioner\/ta-emot-textmeddelanden-paa-din-dator\/\">2-v\u00e4gs l\u00f6sning<\/a>.\n<p>&nbsp;<\/p>\n\n\t\t\t<a href=\"https:\/\/suresms.com\/sv\/sms-outlook-add\/\" target=\"_self\">\n\t\t\t\t\t\t\tMer om v\u00e5rt SMS Outlook Add-in\n\t\t\t\t\t<\/a>","protected":false},"excerpt":{"rendered":"<p>SMS f\u00f6r offentliga institutioner Kommuner, bibliotek, statliga myndigheter, skolor, f\u00e4ngelser och sjukhus. Inom hela den offentliga sektorn har SMS blivit ett enkelt och effektivt kommunikationsmedel f\u00f6r anv\u00e4ndare och medborgare. Med SureSMS SMS-gateway har du automatiskt dokumentationen p\u00e5 plats och beh\u00f6ver inte kompromissa med s\u00e4kerhet eller produktkvalitet. F\u00f6r att kommunikationen mellan kommuner, institutioner, myndigheter och ... <a title=\"SMS till offentliga institutioner\" class=\"read-more\" href=\"https:\/\/suresms.com\/sv\/branchelosninger\/sms-til-offentlige-institutioner\/\" aria-label=\"L\u00e4s mer om SMS f\u00f6r offentliga institutioner\">L\u00e4s mer om det<\/a><\/p>","protected":false},"author":1,"featured_media":0,"parent":1654,"menu_order":4,"comment_status":"closed","ping_status":"closed","template":"","meta":{"_fl_builder_enabled":"1","_fl_builder_data":null,"_fl_builder_draft":null,"_fl_builder_data_settings":null,"_fl_builder_css":"","_fl_builder_css_version":"","_fl_builder_js":"","footnotes":""},"categories":[],"tags":[],"class_list":["post-2659","page","type-page","status-publish"],"yoast_head":"<!-- This site is optimized with the Yoast SEO Premium plugin v27.3 (Yoast SEO v27.3) - https:\/\/yoast.com\/product\/yoast-seo-premium-wordpress\/ -->\r\n<title>SMS til offentlige institutioner. Integreret online journalisering<\/title>\r\n<meta name=\"description\" content=\"SureSMS samarbejder med og leverer SMS til offentlige institutioner. SSL-kryptering sikrer data med personf\u00f8lsomme oplysninger. Betal pr. SMS - 0,- i abonn.\" \/>\r\n<meta name=\"robots\" content=\"index, follow, max-snippet:-1, max-image-preview:large, max-video-preview:-1\" \/>\r\n<link rel=\"canonical\" href=\"https:\/\/suresms.com\/sv\/urladdningar-av-grenar\/sms-for-offentliga-institutioner\/\" \/>\r\n<meta property=\"og:locale\" content=\"sv_SE\" \/>\r\n<meta property=\"og:type\" content=\"article\" \/>\r\n<meta property=\"og:title\" content=\"SMS til offentlige institutioner\" \/>\r\n<meta property=\"og:description\" content=\"SureSMS samarbejder med og leverer SMS til offentlige institutioner. SSL-kryptering sikrer data med personf\u00f8lsomme oplysninger. Betal pr. SMS - 0,- i abonn.\" \/>\r\n<meta property=\"og:url\" content=\"https:\/\/suresms.com\/sv\/urladdningar-av-grenar\/sms-for-offentliga-institutioner\/\" \/>\r\n<meta property=\"article:publisher\" content=\"https:\/\/www.facebook.com\/p\/SureSMS-100044607956149\/\" \/>\r\n<meta property=\"article:modified_time\" content=\"2025-01-05T00:16:13+00:00\" \/>\r\n<meta property=\"og:image\" content=\"https:\/\/suresms.com\/wp-content\/uploads\/2016\/06\/sms-til-offentlige-snippet.jpg\" \/>\r\n\t<meta property=\"og:image:width\" content=\"400\" \/>\r\n\t<meta property=\"og:image:height\" content=\"233\" \/>\r\n\t<meta property=\"og:image:type\" content=\"image\/jpeg\" \/>\r\n<meta name=\"twitter:card\" content=\"summary_large_image\" \/>\r\n<meta name=\"twitter:label1\" content=\"Ber\u00e4knad l\u00e4stid\" \/>\n\t<meta name=\"twitter:data1\" content=\"3 minuter\" \/>\r\n<script type=\"application\/ld+json\" class=\"yoast-schema-graph\">{\"@context\":\"https:\\\/\\\/schema.org\",\"@graph\":[{\"@type\":\"WebPage\",\"@id\":\"https:\\\/\\\/suresms.com\\\/dk\\\/branchelosninger\\\/sms-til-offentlige-institutioner\\\/\",\"url\":\"https:\\\/\\\/suresms.com\\\/dk\\\/branchelosninger\\\/sms-til-offentlige-institutioner\\\/\",\"name\":\"SMS til offentlige institutioner. Integreret online journalisering\",\"isPartOf\":{\"@id\":\"https:\\\/\\\/suresms.com\\\/en\\\/#website\"},\"primaryImageOfPage\":{\"@id\":\"https:\\\/\\\/suresms.com\\\/dk\\\/branchelosninger\\\/sms-til-offentlige-institutioner\\\/#primaryimage\"},\"image\":{\"@id\":\"https:\\\/\\\/suresms.com\\\/dk\\\/branchelosninger\\\/sms-til-offentlige-institutioner\\\/#primaryimage\"},\"thumbnailUrl\":\"https:\\\/\\\/suresms.com\\\/wp-content\\\/uploads\\\/2015\\\/02\\\/REB-Rodskov1.jpg\",\"datePublished\":\"2016-06-01T13:30:55+00:00\",\"dateModified\":\"2025-01-05T00:16:13+00:00\",\"description\":\"SureSMS samarbejder med og leverer SMS til offentlige institutioner. SSL-kryptering sikrer data med personf\u00f8lsomme oplysninger. Betal pr. SMS - 0,- i abonn.\",\"breadcrumb\":{\"@id\":\"https:\\\/\\\/suresms.com\\\/dk\\\/branchelosninger\\\/sms-til-offentlige-institutioner\\\/#breadcrumb\"},\"inLanguage\":\"sv-SE\",\"potentialAction\":[{\"@type\":\"ReadAction\",\"target\":[\"https:\\\/\\\/suresms.com\\\/dk\\\/branchelosninger\\\/sms-til-offentlige-institutioner\\\/\"]}]},{\"@type\":\"ImageObject\",\"inLanguage\":\"sv-SE\",\"@id\":\"https:\\\/\\\/suresms.com\\\/dk\\\/branchelosninger\\\/sms-til-offentlige-institutioner\\\/#primaryimage\",\"url\":\"https:\\\/\\\/suresms.com\\\/wp-content\\\/uploads\\\/2015\\\/02\\\/REB-Rodskov1.jpg\",\"contentUrl\":\"https:\\\/\\\/suresms.com\\\/wp-content\\\/uploads\\\/2015\\\/02\\\/REB-Rodskov1.jpg\"},{\"@type\":\"BreadcrumbList\",\"@id\":\"https:\\\/\\\/suresms.com\\\/dk\\\/branchelosninger\\\/sms-til-offentlige-institutioner\\\/#breadcrumb\",\"itemListElement\":[{\"@type\":\"ListItem\",\"position\":1,\"name\":\"Home\",\"item\":\"https:\\\/\\\/suresms.com\\\/dk\\\/\"},{\"@type\":\"ListItem\",\"position\":2,\"name\":\"Branchel\u00f8sninger\",\"item\":\"https:\\\/\\\/suresms.com\\\/dk\\\/branchelosninger\\\/\"},{\"@type\":\"ListItem\",\"position\":3,\"name\":\"SMS til offentlige institutioner\"}]},{\"@type\":\"WebSite\",\"@id\":\"https:\\\/\\\/suresms.com\\\/en\\\/#website\",\"url\":\"https:\\\/\\\/suresms.com\\\/en\\\/\",\"name\":\"SureSMS\",\"description\":\"Professionel SMS Gateway\",\"publisher\":{\"@id\":\"https:\\\/\\\/suresms.com\\\/en\\\/#organization\"},\"potentialAction\":[{\"@type\":\"SearchAction\",\"target\":{\"@type\":\"EntryPoint\",\"urlTemplate\":\"https:\\\/\\\/suresms.com\\\/en\\\/?s={search_term_string}\"},\"query-input\":{\"@type\":\"PropertyValueSpecification\",\"valueRequired\":true,\"valueName\":\"search_term_string\"}}],\"inLanguage\":\"sv-SE\"},{\"@type\":\"Organization\",\"@id\":\"https:\\\/\\\/suresms.com\\\/en\\\/#organization\",\"name\":\"SureSMS\",\"url\":\"https:\\\/\\\/suresms.com\\\/en\\\/\",\"logo\":{\"@type\":\"ImageObject\",\"inLanguage\":\"sv-SE\",\"@id\":\"https:\\\/\\\/suresms.com\\\/en\\\/#\\\/schema\\\/logo\\\/image\\\/\",\"url\":\"https:\\\/\\\/suresms.com\\\/wp-content\\\/uploads\\\/2024\\\/11\\\/suresms-300x65-1.png\",\"contentUrl\":\"https:\\\/\\\/suresms.com\\\/wp-content\\\/uploads\\\/2024\\\/11\\\/suresms-300x65-1.png\",\"width\":300,\"height\":65,\"caption\":\"SureSMS\"},\"image\":{\"@id\":\"https:\\\/\\\/suresms.com\\\/en\\\/#\\\/schema\\\/logo\\\/image\\\/\"},\"sameAs\":[\"https:\\\/\\\/www.facebook.com\\\/p\\\/SureSMS-100044607956149\\\/\"]}]}<\/script>\r\n<!-- \/ Yoast SEO Premium plugin. -->","yoast_head_json":{"title":"SMS f\u00f6r offentliga institutioner. Integrerad onlinejournalf\u00f6ring","description":"SureSMS samarbetar med och levererar SMS till offentliga institutioner. SSL-kryptering s\u00e4krar data med k\u00e4nslig personlig information. Betala per SMS - 0,- i abonnemang.","robots":{"index":"index","follow":"follow","max-snippet":"max-snippet:-1","max-image-preview":"max-image-preview:large","max-video-preview":"max-video-preview:-1"},"canonical":"https:\/\/suresms.com\/sv\/urladdningar-av-grenar\/sms-for-offentliga-institutioner\/","og_locale":"sv_SE","og_type":"article","og_title":"SMS til offentlige institutioner","og_description":"SureSMS samarbejder med og leverer SMS til offentlige institutioner. SSL-kryptering sikrer data med personf\u00f8lsomme oplysninger. Betal pr. SMS - 0,- i abonn.","og_url":"https:\/\/suresms.com\/sv\/urladdningar-av-grenar\/sms-for-offentliga-institutioner\/","article_publisher":"https:\/\/www.facebook.com\/p\/SureSMS-100044607956149\/","article_modified_time":"2025-01-05T00:16:13+00:00","og_image":[{"width":400,"height":233,"url":"https:\/\/suresms.com\/wp-content\/uploads\/2016\/06\/sms-til-offentlige-snippet.jpg","type":"image\/jpeg"}],"twitter_card":"summary_large_image","twitter_misc":{"Ber\u00e4knad l\u00e4stid":"3 minuter"},"schema":{"@context":"https:\/\/schema.org","@graph":[{"@type":"WebPage","@id":"https:\/\/suresms.com\/dk\/branchelosninger\/sms-til-offentlige-institutioner\/","url":"https:\/\/suresms.com\/dk\/branchelosninger\/sms-til-offentlige-institutioner\/","name":"SMS f\u00f6r offentliga institutioner. Integrerad onlinejournalf\u00f6ring","isPartOf":{"@id":"https:\/\/suresms.com\/en\/#website"},"primaryImageOfPage":{"@id":"https:\/\/suresms.com\/dk\/branchelosninger\/sms-til-offentlige-institutioner\/#primaryimage"},"image":{"@id":"https:\/\/suresms.com\/dk\/branchelosninger\/sms-til-offentlige-institutioner\/#primaryimage"},"thumbnailUrl":"https:\/\/suresms.com\/wp-content\/uploads\/2015\/02\/REB-Rodskov1.jpg","datePublished":"2016-06-01T13:30:55+00:00","dateModified":"2025-01-05T00:16:13+00:00","description":"SureSMS samarbetar med och levererar SMS till offentliga institutioner. SSL-kryptering s\u00e4krar data med k\u00e4nslig personlig information. Betala per SMS - 0,- i abonnemang.","breadcrumb":{"@id":"https:\/\/suresms.com\/dk\/branchelosninger\/sms-til-offentlige-institutioner\/#breadcrumb"},"inLanguage":"sv-SE","potentialAction":[{"@type":"ReadAction","target":["https:\/\/suresms.com\/dk\/branchelosninger\/sms-til-offentlige-institutioner\/"]}]},{"@type":"ImageObject","inLanguage":"sv-SE","@id":"https:\/\/suresms.com\/dk\/branchelosninger\/sms-til-offentlige-institutioner\/#primaryimage","url":"https:\/\/suresms.com\/wp-content\/uploads\/2015\/02\/REB-Rodskov1.jpg","contentUrl":"https:\/\/suresms.com\/wp-content\/uploads\/2015\/02\/REB-Rodskov1.jpg"},{"@type":"BreadcrumbList","@id":"https:\/\/suresms.com\/dk\/branchelosninger\/sms-til-offentlige-institutioner\/#breadcrumb","itemListElement":[{"@type":"ListItem","position":1,"name":"Home","item":"https:\/\/suresms.com\/dk\/"},{"@type":"ListItem","position":2,"name":"Branchel\u00f8sninger","item":"https:\/\/suresms.com\/dk\/branchelosninger\/"},{"@type":"ListItem","position":3,"name":"SMS til offentlige institutioner"}]},{"@type":"WebSite","@id":"https:\/\/suresms.com\/en\/#website","url":"https:\/\/suresms.com\/en\/","name":"SureSMS","description":"Professionell SMS Gateway","publisher":{"@id":"https:\/\/suresms.com\/en\/#organization"},"potentialAction":[{"@type":"SearchAction","target":{"@type":"EntryPoint","urlTemplate":"https:\/\/suresms.com\/en\/?s={search_term_string}"},"query-input":{"@type":"PropertyValueSpecification","valueRequired":true,"valueName":"search_term_string"}}],"inLanguage":"sv-SE"},{"@type":"Organization","@id":"https:\/\/suresms.com\/en\/#organization","name":"SureSMS","url":"https:\/\/suresms.com\/en\/","logo":{"@type":"ImageObject","inLanguage":"sv-SE","@id":"https:\/\/suresms.com\/en\/#\/schema\/logo\/image\/","url":"https:\/\/suresms.com\/wp-content\/uploads\/2024\/11\/suresms-300x65-1.png","contentUrl":"https:\/\/suresms.com\/wp-content\/uploads\/2024\/11\/suresms-300x65-1.png","width":300,"height":65,"caption":"SureSMS"},"image":{"@id":"https:\/\/suresms.com\/en\/#\/schema\/logo\/image\/"},"sameAs":["https:\/\/www.facebook.com\/p\/SureSMS-100044607956149\/"]}]}},"_links":{"self":[{"href":"https:\/\/suresms.com\/sv\/wp-json\/wp\/v2\/pages\/2659","targetHints":{"allow":["GET"]}}],"collection":[{"href":"https:\/\/suresms.com\/sv\/wp-json\/wp\/v2\/pages"}],"about":[{"href":"https:\/\/suresms.com\/sv\/wp-json\/wp\/v2\/types\/page"}],"author":[{"embeddable":true,"href":"https:\/\/suresms.com\/sv\/wp-json\/wp\/v2\/users\/1"}],"replies":[{"embeddable":true,"href":"https:\/\/suresms.com\/sv\/wp-json\/wp\/v2\/comments?post=2659"}],"version-history":[{"count":6,"href":"https:\/\/suresms.com\/sv\/wp-json\/wp\/v2\/pages\/2659\/revisions"}],"predecessor-version":[{"id":21049,"href":"https:\/\/suresms.com\/sv\/wp-json\/wp\/v2\/pages\/2659\/revisions\/21049"}],"up":[{"embeddable":true,"href":"https:\/\/suresms.com\/sv\/wp-json\/wp\/v2\/pages\/1654"}],"wp:attachment":[{"href":"https:\/\/suresms.com\/sv\/wp-json\/wp\/v2\/media?parent=2659"}],"wp:term":[{"taxonomy":"category","embeddable":true,"href":"https:\/\/suresms.com\/sv\/wp-json\/wp\/v2\/categories?post=2659"},{"taxonomy":"post_tag","embeddable":true,"href":"https:\/\/suresms.com\/sv\/wp-json\/wp\/v2\/tags?post=2659"}],"curies":[{"name":"wp","href":"https:\/\/api.w.org\/{rel}","templated":true}]}}