{"id":2632,"date":"2016-05-23T15:27:47","date_gmt":"2016-05-23T13:27:47","guid":{"rendered":"https:\/\/www.suresms.com\/dk\/?page_id=2632"},"modified":"2025-01-03T14:17:14","modified_gmt":"2025-01-03T14:17:14","slug":"sms-for-transport-och-logistikforetag","status":"publish","type":"page","link":"https:\/\/suresms.com\/sv\/branchelosninger\/sms-til-transport-og-logistikvirksomheder\/","title":{"rendered":"SMS f\u00f6r transport- och logistikf\u00f6retag"},"content":{"rendered":"<!-- Flexy Breadcrumb -->\r\n\t\t\t<div class=\"fbc fbc-page\">\r\n\r\n\t\t\t\t<!-- Breadcrumb wrapper -->\r\n\t\t\t\t<div class=\"fbc-wrap\">\r\n\r\n\t\t\t\t\t<!-- Ordered list-->\r\n\t\t\t\t\t<ol class=\"fbc-items\" itemscope itemtype=\"https:\/\/schema.org\/BreadcrumbList\">\r\n\t\t\t\t\t\t            <li itemprop=\"itemListElement\" itemscope itemtype=\"https:\/\/schema.org\/ListItem\">\r\n                <span itemprop=\"name\">\r\n                    <!-- Home Link -->\r\n                    <a itemprop=\"item\" href=\"https:\/\/suresms.com\/sv\/\">\r\n                    \r\n                                                    <i class=\"fa fa-home\" aria-hidden=\"true\"><\/i>Hem                    <\/a>\r\n                <\/span>\r\n                <meta itemprop=\"position\" content=\"1\" \/><!-- Meta Position-->\r\n             <\/li><li><span class=\"fbc-separator\">\/<\/span><\/li><li class=\"active\" itemprop=\"itemListElement\" itemscope itemtype=\"https:\/\/schema.org\/ListItem\"><span itemprop=\"name\" title=\"SMS f\u00f6r transport- och logistikf\u00f6retag\">SMS till Transport och...<\/span><meta itemprop=\"position\" content=\"2\" \/><\/li>\t\t\t\t\t<\/ol>\r\n\t\t\t\t\t<div class=\"clearfix\"><\/div>\r\n\t\t\t\t<\/div>\r\n\t\t\t<\/div>\r\n\t\t\t\n<h1>\n\t\tSMS f\u00f6r transport- och logistikf\u00f6retag\n\t<\/h1>\n\t\n\n<p><strong>Inom transport- och speditionsbranschen har vi m\u00e5nga bra kunder. Vi kan s\u00e4kerst\u00e4lla snabb kommunikation mellan f\u00f6retag, chauff\u00f6rer och kunder, vilket skapar snabb och s\u00e4ker kommunikation \u00f6ver avst\u00e5nd och gr\u00e4nser.<\/strong><\/p>\n\n<p>Transport- och logistikf\u00f6retag f\u00f6rlitar sig idag p\u00e5 mobila l\u00f6sningar i den dagliga verksamheten. Sektorn har dragit stor nytta av prisv\u00e4rda och tillg\u00e4ngliga flexibla kommunikationsl\u00f6sningar som kan underl\u00e4tta och effektivisera arbetsfl\u00f6den genom att s\u00e4kerst\u00e4lla att information - och d\u00e4rmed varor och produkter - kommer fram i r\u00e4tt tid och p\u00e5 r\u00e4tt plats.<\/p>\n\n<p><strong>F\u00f6rdelar:<\/strong><\/p>\n<ul> \t\n<li><strong>Snabb och s\u00e4ker kommunikation via SMS till medarbetare och kunder \u00f6ver hela v\u00e4rlden.<\/strong><\/li>\n\n<li><strong>S\u00e4ker kommunikation kring leverans av varor och gods minimerar fel och bortkastad tid vid leveranser.<\/strong><\/li>\n\n<li><strong>F\u00e5 en \u00f6verblick och skicka fr\u00e5n flera nummer direkt fr\u00e5n v\u00e5r webbportal.<\/strong><\/li>\n\n<li><strong>Anv\u00e4nd SMS och personliga textmeddelanden f\u00f6r att skapa en god arbetsmilj\u00f6 p\u00e5 en arbetsplats d\u00e4r medarbetarna ofta \u00e4r geografiskt utspridda.\u00a0<\/strong><\/li>\n<\/ul>\n\n<h3>H\u00f6g leveranss\u00e4kerhet och professionell service till ett bra pris<\/h3>\n\n<p>Efter m\u00e5nga \u00e5r i branschen vet vi hur viktigt det \u00e4r att er kommunikation INTE g\u00e5r s\u00f6nder. Vi sn\u00e5lar inte p\u00e5 utrustning, \u00f6vervakning eller arbetstimmar. V\u00e5rt team ser till att v\u00e5r gateway \u00e4r professionell, stabil och levererar p\u00e5 ett s\u00e4kert s\u00e4tt. Se v\u00e5ra <a title=\"Priser f\u00f6r SMS-gateway\" href=\"https:\/\/suresms.com\/sv\/sms-gateway-priser\/\">SMS Gateway priser<\/a> H\u00e4r.<\/p>\n<h3>Internationell SMS Gateway<\/h3>\n<p>Vi lever i en internationell v\u00e4rld och SMS f\u00f6r transport- och logistikf\u00f6retag anv\u00e4nds ofta \u00f6ver gr\u00e4nserna. Sure SMS gateway \u00e4r den perfekta l\u00f6sningen f\u00f6r din kommunikation. Oavsett om du ska skicka meddelanden till medarbetare, chauff\u00f6rer eller kunder, oavsett om telefonen du ska skicka till \u00e4r dansk eller utl\u00e4ndsk, s\u00e5 kommer dina meddelanden fram oavsett var den \u00e4r. S\u00e5 l\u00e4nge telefonen \u00e4r p\u00e5slagen i andra \u00e4nden.<\/p>\n<p>SMS kan enkelt integreras i befintliga processer och system f\u00f6r att s\u00e4kerst\u00e4lla snabb och stabil kommunikation i det dagliga arbetet.<\/p>\n<h3>Enkelt och tydligt anv\u00e4ndargr\u00e4nssnitt p\u00e5 WEB-portalen<\/h3>\n<p>V\u00e5rt enkla och tydliga gr\u00e4nssnitt p\u00e5 SureSMS WEB-portal g\u00f6r det l\u00e4tt att skicka SMS till de personer eller grupper som du beh\u00f6ver kommunicera med. Fr\u00e5n datorn \u00e4r det enkelt f\u00f6r kommunikat\u00f6rerna att h\u00e5lla \u00f6verblicken, medan mottagarna vanligtvis har sina mobiler med sig 24\/7.<\/p>\n<p>V\u00e5r webbportal kan anv\u00e4ndas fr\u00e5n PC, iPad eller smarta telefoner.<\/p>\n<h3>Koncernfunktion: Kommunikation till medarbetare<\/h3>\n<p>Fr\u00e5n v\u00e5r webbportal kan du anv\u00e4nda funktionen<a title=\"GroupSMS: Skapa och skicka till grupper\" href=\"https:\/\/suresms.com\/sv\/sms-grupp\/\">\u00a0Skapa och skicka SMS till grupper<\/a>. En funktion som kan anv\u00e4ndas p\u00e5 m\u00e5nga s\u00e4tt. Flera av v\u00e5ra transportf\u00f6retag anv\u00e4nder den f\u00f6r att kommunicera med sina medarbetare. Eftersom de ofta dagligen \u00e4r utspridda \u00f6ver stora geografiska avst\u00e5nd \u00e4r mobiltelefonen det naturliga kommunikationsmedlet f\u00f6r s\u00e5v\u00e4l praktisk information som f\u00f6r meddelanden av mer social karakt\u00e4r.<\/p>\n<h3>Kom ig\u00e5ng p\u00e5 en g\u00e5ng<\/h3>\n<p>Det g\u00e5r snabbt och enkelt att komma ig\u00e5ng med v\u00e5r SMS Gateway och det \u00e4r ingen kostnad f\u00f6rknippad med att testa v\u00e5r produkt.<\/p>\n<p>Genom att fylla i v\u00e5r l\u00e4nk f\u00f6r ett gratis testkonto kan du komma ig\u00e5ng p\u00e5 5 minuter. Vi ger dig 50 gratis SMS s\u00e5 att du snabbt kan bed\u00f6ma v\u00e5r service och kvalitet sj\u00e4lv. Om du har n\u00e5gra fr\u00e5gor, kom ih\u00e5g att vi alltid \u00e4r h\u00e4r f\u00f6r att hj\u00e4lpa dig och vi har m\u00e5nga \u00e5rs erfarenhet fr\u00e5n v\u00e5ra andra kunder i branschen.<\/p>\n\n\t\t\t<p><img loading=\"lazy\" decoding=\"async\" src=\"https:\/\/suresms.com\/wp-content\/uploads\/2016\/05\/Esbjerg-gods-200-x-99-px-daempet.jpg\" alt=\"kund referenser Esbjerg varor d\u00e4mpad\" width=\"200\" height=\"96\" \/>Esbjerg Estate anv\u00e4nder SureSMS f\u00f6r att skicka sms till f\u00f6rare. Kommunikationen med f\u00f6rarna \u00e4r enkel och smidig med en SMS-gateway fr\u00e5n SureSMS.<em>\"Vi \u00e4r mycket n\u00f6jda med ert system.<\/em><em>- Det fungerar helt fantastiskt.\"<\/em><strong>Peter Kristiansen, controller<\/strong><strong>Esbjerg Gods A\/S.<\/strong><\/p>\t\t\n\t\t<h4>Skapa ett kostnadsfritt testkonto<\/h4>\n\t\t<p>Det tar bara 5 minuter. Kom ig\u00e5ng direkt och f\u00e5 <strong>100 gratis SMS-meddelanden<\/strong> utan n\u00e5gra f\u00f6rpliktelser.<\/p>\n\t\t\t<a href=\"https:\/\/suresms.com\/sv\/gratis-sms-testkonto\/\" target=\"_self\">\n\t\t\t\t\t\t\tSkapa testkonto\n\t\t\t\t\t<\/a>","protected":false},"excerpt":{"rendered":"<p>SMS f\u00f6r transport- och logistikf\u00f6retag Inom transport- och speditionsbranschen har vi m\u00e5nga bra kunder. Vi kan s\u00e4kerst\u00e4lla snabb kommunikation mellan f\u00f6retag, chauff\u00f6rer och kunder, vilket m\u00f6jligg\u00f6r snabb och s\u00e4ker kommunikation \u00f6ver avst\u00e5nd och gr\u00e4nser. Transport- och logistikf\u00f6retag f\u00f6rlitar sig idag p\u00e5 mobila l\u00f6sningar f\u00f6r den dagliga verksamheten. Sektorn har dragit stor nytta av ... <a title=\"SMS f\u00f6r transport- och logistikf\u00f6retag\" class=\"read-more\" href=\"https:\/\/suresms.com\/sv\/branchelosninger\/sms-til-transport-og-logistikvirksomheder\/\" aria-label=\"L\u00e4s mer om SMS f\u00f6r transport- och logistikf\u00f6retag\">L\u00e4s mer om det<\/a><\/p>","protected":false},"author":1,"featured_media":0,"parent":1654,"menu_order":2,"comment_status":"closed","ping_status":"closed","template":"","meta":{"_fl_builder_enabled":"1","_fl_builder_data":null,"_fl_builder_draft":null,"_fl_builder_data_settings":null,"_fl_builder_css":"","_fl_builder_css_version":"","_fl_builder_js":"","footnotes":""},"categories":[],"tags":[],"class_list":["post-2632","page","type-page","status-publish"],"yoast_head":"<!-- This site is optimized with the Yoast SEO Premium plugin v27.3 (Yoast SEO v27.3) - https:\/\/yoast.com\/product\/yoast-seo-premium-wordpress\/ -->\r\n<title>Global SMS Gateway til Transport og Logistikvirksomheder. SureSMS<\/title>\r\n<meta name=\"description\" content=\"SureSMS er en Dansk SMS Gateway med mange \u00e5rs erfaring indenfor SMS til transport og logistikbranchen. Stabile SMS&#039;er til gode priser til Professionelle.\" \/>\r\n<meta name=\"robots\" content=\"index, follow, max-snippet:-1, max-image-preview:large, max-video-preview:-1\" \/>\r\n<link rel=\"canonical\" href=\"https:\/\/suresms.com\/sv\/urladdningar-av-grenar\/sms-for-transport-och-logistikforetag\/\" \/>\r\n<meta property=\"og:locale\" content=\"sv_SE\" \/>\r\n<meta property=\"og:type\" content=\"article\" \/>\r\n<meta property=\"og:title\" content=\"SMS til Transport og Logistikvirksomheder\" \/>\r\n<meta property=\"og:description\" content=\"SureSMS er en Dansk SMS Gateway med mange \u00e5rs erfaring indenfor SMS til transport og logistikbranchen. Stabile SMS&#039;er til gode priser til Professionelle.\" \/>\r\n<meta property=\"og:url\" content=\"https:\/\/suresms.com\/sv\/urladdningar-av-grenar\/sms-for-transport-och-logistikforetag\/\" \/>\r\n<meta property=\"article:publisher\" content=\"https:\/\/www.facebook.com\/p\/SureSMS-100044607956149\/\" \/>\r\n<meta property=\"article:modified_time\" content=\"2025-01-03T14:17:14+00:00\" \/>\r\n<meta property=\"og:image\" content=\"https:\/\/suresms.com\/wp-content\/uploads\/2015\/02\/SMS-til-Transport-snippet.jpg\" \/>\r\n\t<meta property=\"og:image:width\" content=\"400\" \/>\r\n\t<meta property=\"og:image:height\" content=\"254\" \/>\r\n\t<meta property=\"og:image:type\" content=\"image\/jpeg\" \/>\r\n<meta name=\"twitter:card\" content=\"summary_large_image\" \/>\r\n<meta name=\"twitter:label1\" content=\"Ber\u00e4knad l\u00e4stid\" \/>\n\t<meta name=\"twitter:data1\" content=\"3 minuter\" \/>\r\n<script type=\"application\/ld+json\" class=\"yoast-schema-graph\">{\"@context\":\"https:\\\/\\\/schema.org\",\"@graph\":[{\"@type\":\"WebPage\",\"@id\":\"https:\\\/\\\/suresms.com\\\/dk\\\/branchelosninger\\\/sms-til-transport-og-logistikvirksomheder\\\/\",\"url\":\"https:\\\/\\\/suresms.com\\\/dk\\\/branchelosninger\\\/sms-til-transport-og-logistikvirksomheder\\\/\",\"name\":\"Global SMS Gateway til Transport og Logistikvirksomheder. SureSMS\",\"isPartOf\":{\"@id\":\"https:\\\/\\\/suresms.com\\\/en\\\/#website\"},\"primaryImageOfPage\":{\"@id\":\"https:\\\/\\\/suresms.com\\\/dk\\\/branchelosninger\\\/sms-til-transport-og-logistikvirksomheder\\\/#primaryimage\"},\"image\":{\"@id\":\"https:\\\/\\\/suresms.com\\\/dk\\\/branchelosninger\\\/sms-til-transport-og-logistikvirksomheder\\\/#primaryimage\"},\"thumbnailUrl\":\"https:\\\/\\\/suresms.com\\\/wp-content\\\/uploads\\\/2016\\\/05\\\/Esbjerg-gods-200-x-99-px-daempet.jpg\",\"datePublished\":\"2016-05-23T13:27:47+00:00\",\"dateModified\":\"2025-01-03T14:17:14+00:00\",\"description\":\"SureSMS er en Dansk SMS Gateway med mange \u00e5rs erfaring indenfor SMS til transport og logistikbranchen. Stabile SMS'er til gode priser til Professionelle.\",\"breadcrumb\":{\"@id\":\"https:\\\/\\\/suresms.com\\\/dk\\\/branchelosninger\\\/sms-til-transport-og-logistikvirksomheder\\\/#breadcrumb\"},\"inLanguage\":\"sv-SE\",\"potentialAction\":[{\"@type\":\"ReadAction\",\"target\":[\"https:\\\/\\\/suresms.com\\\/dk\\\/branchelosninger\\\/sms-til-transport-og-logistikvirksomheder\\\/\"]}]},{\"@type\":\"ImageObject\",\"inLanguage\":\"sv-SE\",\"@id\":\"https:\\\/\\\/suresms.com\\\/dk\\\/branchelosninger\\\/sms-til-transport-og-logistikvirksomheder\\\/#primaryimage\",\"url\":\"https:\\\/\\\/suresms.com\\\/wp-content\\\/uploads\\\/2016\\\/05\\\/Esbjerg-gods-200-x-99-px-daempet.jpg\",\"contentUrl\":\"https:\\\/\\\/suresms.com\\\/wp-content\\\/uploads\\\/2016\\\/05\\\/Esbjerg-gods-200-x-99-px-daempet.jpg\"},{\"@type\":\"BreadcrumbList\",\"@id\":\"https:\\\/\\\/suresms.com\\\/dk\\\/branchelosninger\\\/sms-til-transport-og-logistikvirksomheder\\\/#breadcrumb\",\"itemListElement\":[{\"@type\":\"ListItem\",\"position\":1,\"name\":\"Home\",\"item\":\"https:\\\/\\\/suresms.com\\\/dk\\\/\"},{\"@type\":\"ListItem\",\"position\":2,\"name\":\"Branchel\u00f8sninger\",\"item\":\"https:\\\/\\\/suresms.com\\\/dk\\\/branchelosninger\\\/\"},{\"@type\":\"ListItem\",\"position\":3,\"name\":\"SMS til Transport og Logistikvirksomheder\"}]},{\"@type\":\"WebSite\",\"@id\":\"https:\\\/\\\/suresms.com\\\/en\\\/#website\",\"url\":\"https:\\\/\\\/suresms.com\\\/en\\\/\",\"name\":\"SureSMS\",\"description\":\"Professionel SMS Gateway\",\"publisher\":{\"@id\":\"https:\\\/\\\/suresms.com\\\/en\\\/#organization\"},\"potentialAction\":[{\"@type\":\"SearchAction\",\"target\":{\"@type\":\"EntryPoint\",\"urlTemplate\":\"https:\\\/\\\/suresms.com\\\/en\\\/?s={search_term_string}\"},\"query-input\":{\"@type\":\"PropertyValueSpecification\",\"valueRequired\":true,\"valueName\":\"search_term_string\"}}],\"inLanguage\":\"sv-SE\"},{\"@type\":\"Organization\",\"@id\":\"https:\\\/\\\/suresms.com\\\/en\\\/#organization\",\"name\":\"SureSMS\",\"url\":\"https:\\\/\\\/suresms.com\\\/en\\\/\",\"logo\":{\"@type\":\"ImageObject\",\"inLanguage\":\"sv-SE\",\"@id\":\"https:\\\/\\\/suresms.com\\\/en\\\/#\\\/schema\\\/logo\\\/image\\\/\",\"url\":\"https:\\\/\\\/suresms.com\\\/wp-content\\\/uploads\\\/2024\\\/11\\\/suresms-300x65-1.png\",\"contentUrl\":\"https:\\\/\\\/suresms.com\\\/wp-content\\\/uploads\\\/2024\\\/11\\\/suresms-300x65-1.png\",\"width\":300,\"height\":65,\"caption\":\"SureSMS\"},\"image\":{\"@id\":\"https:\\\/\\\/suresms.com\\\/en\\\/#\\\/schema\\\/logo\\\/image\\\/\"},\"sameAs\":[\"https:\\\/\\\/www.facebook.com\\\/p\\\/SureSMS-100044607956149\\\/\"]}]}<\/script>\r\n<!-- \/ Yoast SEO Premium plugin. -->","yoast_head_json":{"title":"Global SMS Gateway f\u00f6r transport- och logistikf\u00f6retag. SureSMS","description":"SureSMS \u00e4r en dansk SMS Gateway med m\u00e5nga \u00e5rs erfarenhet av SMS f\u00f6r transport- och logistikbranschen. Stabila SMS-meddelanden till bra priser f\u00f6r proffs.","robots":{"index":"index","follow":"follow","max-snippet":"max-snippet:-1","max-image-preview":"max-image-preview:large","max-video-preview":"max-video-preview:-1"},"canonical":"https:\/\/suresms.com\/sv\/urladdningar-av-grenar\/sms-for-transport-och-logistikforetag\/","og_locale":"sv_SE","og_type":"article","og_title":"SMS til Transport og Logistikvirksomheder","og_description":"SureSMS er en Dansk SMS Gateway med mange \u00e5rs erfaring indenfor SMS til transport og logistikbranchen. Stabile SMS'er til gode priser til Professionelle.","og_url":"https:\/\/suresms.com\/sv\/urladdningar-av-grenar\/sms-for-transport-och-logistikforetag\/","article_publisher":"https:\/\/www.facebook.com\/p\/SureSMS-100044607956149\/","article_modified_time":"2025-01-03T14:17:14+00:00","og_image":[{"width":400,"height":254,"url":"https:\/\/suresms.com\/wp-content\/uploads\/2015\/02\/SMS-til-Transport-snippet.jpg","type":"image\/jpeg"}],"twitter_card":"summary_large_image","twitter_misc":{"Ber\u00e4knad l\u00e4stid":"3 minuter"},"schema":{"@context":"https:\/\/schema.org","@graph":[{"@type":"WebPage","@id":"https:\/\/suresms.com\/dk\/branchelosninger\/sms-til-transport-og-logistikvirksomheder\/","url":"https:\/\/suresms.com\/dk\/branchelosninger\/sms-til-transport-og-logistikvirksomheder\/","name":"Global SMS Gateway f\u00f6r transport- och logistikf\u00f6retag. SureSMS","isPartOf":{"@id":"https:\/\/suresms.com\/en\/#website"},"primaryImageOfPage":{"@id":"https:\/\/suresms.com\/dk\/branchelosninger\/sms-til-transport-og-logistikvirksomheder\/#primaryimage"},"image":{"@id":"https:\/\/suresms.com\/dk\/branchelosninger\/sms-til-transport-og-logistikvirksomheder\/#primaryimage"},"thumbnailUrl":"https:\/\/suresms.com\/wp-content\/uploads\/2016\/05\/Esbjerg-gods-200-x-99-px-daempet.jpg","datePublished":"2016-05-23T13:27:47+00:00","dateModified":"2025-01-03T14:17:14+00:00","description":"SureSMS \u00e4r en dansk SMS Gateway med m\u00e5nga \u00e5rs erfarenhet av SMS f\u00f6r transport- och logistikbranschen. Stabila SMS-meddelanden till bra priser f\u00f6r proffs.","breadcrumb":{"@id":"https:\/\/suresms.com\/dk\/branchelosninger\/sms-til-transport-og-logistikvirksomheder\/#breadcrumb"},"inLanguage":"sv-SE","potentialAction":[{"@type":"ReadAction","target":["https:\/\/suresms.com\/dk\/branchelosninger\/sms-til-transport-og-logistikvirksomheder\/"]}]},{"@type":"ImageObject","inLanguage":"sv-SE","@id":"https:\/\/suresms.com\/dk\/branchelosninger\/sms-til-transport-og-logistikvirksomheder\/#primaryimage","url":"https:\/\/suresms.com\/wp-content\/uploads\/2016\/05\/Esbjerg-gods-200-x-99-px-daempet.jpg","contentUrl":"https:\/\/suresms.com\/wp-content\/uploads\/2016\/05\/Esbjerg-gods-200-x-99-px-daempet.jpg"},{"@type":"BreadcrumbList","@id":"https:\/\/suresms.com\/dk\/branchelosninger\/sms-til-transport-og-logistikvirksomheder\/#breadcrumb","itemListElement":[{"@type":"ListItem","position":1,"name":"Home","item":"https:\/\/suresms.com\/dk\/"},{"@type":"ListItem","position":2,"name":"Branchel\u00f8sninger","item":"https:\/\/suresms.com\/dk\/branchelosninger\/"},{"@type":"ListItem","position":3,"name":"SMS til Transport og Logistikvirksomheder"}]},{"@type":"WebSite","@id":"https:\/\/suresms.com\/en\/#website","url":"https:\/\/suresms.com\/en\/","name":"SureSMS","description":"Professionell SMS Gateway","publisher":{"@id":"https:\/\/suresms.com\/en\/#organization"},"potentialAction":[{"@type":"SearchAction","target":{"@type":"EntryPoint","urlTemplate":"https:\/\/suresms.com\/en\/?s={search_term_string}"},"query-input":{"@type":"PropertyValueSpecification","valueRequired":true,"valueName":"search_term_string"}}],"inLanguage":"sv-SE"},{"@type":"Organization","@id":"https:\/\/suresms.com\/en\/#organization","name":"SureSMS","url":"https:\/\/suresms.com\/en\/","logo":{"@type":"ImageObject","inLanguage":"sv-SE","@id":"https:\/\/suresms.com\/en\/#\/schema\/logo\/image\/","url":"https:\/\/suresms.com\/wp-content\/uploads\/2024\/11\/suresms-300x65-1.png","contentUrl":"https:\/\/suresms.com\/wp-content\/uploads\/2024\/11\/suresms-300x65-1.png","width":300,"height":65,"caption":"SureSMS"},"image":{"@id":"https:\/\/suresms.com\/en\/#\/schema\/logo\/image\/"},"sameAs":["https:\/\/www.facebook.com\/p\/SureSMS-100044607956149\/"]}]}},"_links":{"self":[{"href":"https:\/\/suresms.com\/sv\/wp-json\/wp\/v2\/pages\/2632","targetHints":{"allow":["GET"]}}],"collection":[{"href":"https:\/\/suresms.com\/sv\/wp-json\/wp\/v2\/pages"}],"about":[{"href":"https:\/\/suresms.com\/sv\/wp-json\/wp\/v2\/types\/page"}],"author":[{"embeddable":true,"href":"https:\/\/suresms.com\/sv\/wp-json\/wp\/v2\/users\/1"}],"replies":[{"embeddable":true,"href":"https:\/\/suresms.com\/sv\/wp-json\/wp\/v2\/comments?post=2632"}],"version-history":[{"count":3,"href":"https:\/\/suresms.com\/sv\/wp-json\/wp\/v2\/pages\/2632\/revisions"}],"predecessor-version":[{"id":19576,"href":"https:\/\/suresms.com\/sv\/wp-json\/wp\/v2\/pages\/2632\/revisions\/19576"}],"up":[{"embeddable":true,"href":"https:\/\/suresms.com\/sv\/wp-json\/wp\/v2\/pages\/1654"}],"wp:attachment":[{"href":"https:\/\/suresms.com\/sv\/wp-json\/wp\/v2\/media?parent=2632"}],"wp:term":[{"taxonomy":"category","embeddable":true,"href":"https:\/\/suresms.com\/sv\/wp-json\/wp\/v2\/categories?post=2632"},{"taxonomy":"post_tag","embeddable":true,"href":"https:\/\/suresms.com\/sv\/wp-json\/wp\/v2\/tags?post=2632"}],"curies":[{"name":"wp","href":"https:\/\/api.w.org\/{rel}","templated":true}]}}