{"id":23804,"date":"2026-01-13T16:10:44","date_gmt":"2026-01-13T16:10:44","guid":{"rendered":"https:\/\/suresms.com\/?page_id=23804"},"modified":"2026-01-14T06:35:34","modified_gmt":"2026-01-14T06:35:34","slug":"integration-entra-id-via-csv","status":"publish","type":"page","link":"https:\/\/suresms.com\/sv\/integrationer\/booking-ldap-2fa\/integration-entra-id-via-csv\/","title":{"rendered":"SMS-integration till Entra ID (via CSV-fil)"},"content":{"rendered":"<!-- Flexy Breadcrumb -->\r\n\t\t\t<div class=\"fbc fbc-page\">\r\n\r\n\t\t\t\t<!-- Breadcrumb wrapper -->\r\n\t\t\t\t<div class=\"fbc-wrap\">\r\n\r\n\t\t\t\t\t<!-- Ordered list-->\r\n\t\t\t\t\t<ol class=\"fbc-items\" itemscope itemtype=\"https:\/\/schema.org\/BreadcrumbList\">\r\n\t\t\t\t\t\t            <li itemprop=\"itemListElement\" itemscope itemtype=\"https:\/\/schema.org\/ListItem\">\r\n                <span itemprop=\"name\">\r\n                    <!-- Home Link -->\r\n                    <a itemprop=\"item\" href=\"https:\/\/suresms.com\/sv\/\">\r\n                    \r\n                                                    <i class=\"fa fa-home\" aria-hidden=\"true\"><\/i>Hem                    <\/a>\r\n                <\/span>\r\n                <meta itemprop=\"position\" content=\"1\" \/><!-- Meta Position-->\r\n             <\/li><li><span class=\"fbc-separator\">\/<\/span><\/li><li class=\"active\" itemprop=\"itemListElement\" itemscope itemtype=\"https:\/\/schema.org\/ListItem\"><span itemprop=\"name\" title=\"SMS-integration till Entra ID (via CSV-fil)\">SMS-integration f\u00f6r Entra...<\/span><meta itemprop=\"position\" content=\"2\" \/><\/li>\t\t\t\t\t<\/ol>\r\n\t\t\t\t\t<div class=\"clearfix\"><\/div>\r\n\t\t\t\t<\/div>\r\n\t\t\t<\/div>\r\n\t\t\t\n\t\t<h1>SMS-integration Entra ID via CSV-fil<\/h1>\t\n\t\t\t\t<img decoding=\"async\" src=\"https:\/\/suresms.com\/wp-content\/uploads\/2022\/08\/Azure-AD-2-1.png\" alt=\"Azure AD\" itemprop=\"image\" height=\"254\" width=\"700\" title=\"Azure AD\" onerror=\"this.style.display='none'\" loading=\"lazy\" \/>\n<h2>\n\t\t\tVad \u00e4r Entra ID, \u00e4ven k\u00e4nt som Active Directory?\t<\/h2>\n\t<p>Microsoft Entra ID, tidigare k\u00e4nt som Azure Active Directory (Azure AD), \u00e4r en molnbaserad tj\u00e4nst f\u00f6r identitets- och \u00e5tkomsthantering fr\u00e5n Microsoft. Denna tj\u00e4nst hj\u00e4lper organisationer att hantera och s\u00e4kra anv\u00e4ndar\u00e5tkomst till applikationer och data \u00f6ver en modern hybrid IT-infrastruktur. Genom att anv\u00e4nda Microsoft Entra ID kan organisationer erbjuda single sign-on (SSO) och multifaktorautentisering f\u00f6r att skydda anv\u00e4ndaridentiteter och f\u00f6rb\u00e4ttra s\u00e4kerheten. Integrationen med Microsoft Entra ID och Active Directory (AD) g\u00f6r det m\u00f6jligt att synkronisera och hantera identiteter centralt, vilket f\u00f6renklar anv\u00e4ndarhantering och \u00e5tkomstkontroll. Detta \u00e4r viktigt f\u00f6r organisationer som vill ha en effektiv och s\u00e4ker \u00e5tkomsthantering.<\/p>\n\t\t<h2>Var uppm\u00e4rksam p\u00e5 ....<\/h2><p>Det finns n\u00e5gra saker som du b\u00f6r k\u00e4nna till innan du b\u00f6rjar skapa en SMS AD-integration med SureSMS.<\/p>\n<h4>GDPR<\/h4>\n<p>Det f\u00f6rsta du m\u00e5ste vara medveten om \u00e4r att SureSMS f\u00e5r tillg\u00e5ng till personuppgifter fr\u00e5n dig. Detta inneb\u00e4r att vi nu b\u00f6rjar behandla uppgifter \u00e5t dig och d\u00e4rmed m\u00e5ste vi, i<a href=\"https:\/\/www.datatilsynet.dk\/hvad-siger-reglerne\">uppfylla kraven i GDPR<\/a>har ett personuppgiftsbitr\u00e4desavtal.<\/p>\n<h4>Telefonnummer<\/h4>\n<p>De telefonnummer som vi beh\u00f6ver skicka till m\u00e5ste finnas i din AD. F\u00f6r att vi ska kunna skicka SMS till en person m\u00e5ste vi k\u00e4nna till deras telefonnummer. Om du inte har telefonnummer i din AD m\u00e5ste du d\u00e4rf\u00f6r antingen skaffa det eller inte g\u00f6ra en integration.<\/p>\n<h4>Radering av kontakter<\/h4>\n<p>Integrationen \u00e4r en \u201cenkelriktad\u201d integration. Det inneb\u00e4r att vi bara l\u00e4ser av information fr\u00e5n AD. Integrationen tar s\u00e5 att s\u00e4ga alla personer fr\u00e5n ditt AD. S\u00e5 om du till exempel tar bort en person i SureSMS kommer den bara tillbaka om den fortfarande finns i AD. Det \u00e4r alltid AD som har r\u00e4tt data.<\/p>\n<h2>\n\t\t\tS\u00e5 h\u00e4r st\u00e4ller du in din Entra ID-integration\t<\/h2>\n\t<p>Vi har flera alternativ n\u00e4r det g\u00e4ller integration med EntraID. I denna artikel beskrivs hur integrationen g\u00f6rs via en CSV-fil.<\/p>\n<p>I allm\u00e4nhet bygger l\u00f6sningen p\u00e5 ett litet skript som k\u00f6rs i era lokaler (dvs. inom de s\u00e4kerhetsmekanismer som er organisation har etablerat). Skriptet skapar en kommaseparerad fil med inneh\u00e5ll om personer, telefonnummer och grupper, och denna fil skickas s\u00e4kert via sFTP till SureSMS. SureSMS laddar sedan automatiskt filen till det konto som \u00e4r kopplat till integrationerna.<\/p>\n<p>S\u00e5, l\u00e5t oss komma ig\u00e5ng.<\/p>\n<h2>\n\t\t\tS\u00e5 h\u00e4r fungerar det\t<\/h2>\nProcessen \u00e4r uppbyggd kring ett PowerShell-skript som utf\u00f6r f\u00f6ljande uppgifter:\n\n1. ansluter p\u00e5 ett s\u00e4kert s\u00e4tt till Microsoft Entra ID med hj\u00e4lp av Microsoft Graph API.\n2. h\u00e4mtar medlemmar fr\u00e5n en eller flera specificerade anv\u00e4ndargrupper.\n3. extraherar relevanta data (namn, landskod, telefonnummer) och namnet p\u00e5 den grupp de tillh\u00f6r.\n4. formaterar data i en CSV-fil som \u00e4r kompatibel med SureSMS-plattformen.\n5. laddar automatiskt upp CSV-filen till SureSMS sFTP-server (sftp.suresms.com).\n<br \/>\nN\u00e4r filen har laddats upp importeras den automatiskt till kontakterna i din adressbok i SureSMS.\n<h2>\n\t\t\tFormat f\u00f6r CSV-filen\t<\/h2>\nSkriptet genererar en CSV-fil med semikolon som avgr\u00e4nsare, vilket \u00e4r standard i Danmark. Filen inneh\u00e5ller f\u00f6ljande kolumner:\n<table>\n<tbody data-slate-node=\"element\">\n<tr data-slate-node=\"element\">\n<td data-slate-node=\"element\">\nKolumn\n<\/td>\n<td data-slate-node=\"element\">\nBeskrivning\n<\/td>\n<td data-slate-node=\"element\">\nExempel p\u00e5 ett exempel\n<\/td>\n<\/tr>\n<tr data-slate-node=\"element\">\n<td data-slate-node=\"element\">\nNamn\n<\/td>\n<td data-slate-node=\"element\">\nAnv\u00e4ndarens fullst\u00e4ndiga namn fr\u00e5n Entra ID\n<\/td>\n<td data-slate-node=\"element\">\nAnders Jensen\n<\/td>\n<\/tr>\n<tr data-slate-node=\"element\">\n<td data-slate-node=\"element\">\nLandskod\n<\/td>\n<td data-slate-node=\"element\">Uppringningskod med + prefix<\/td>\n<td data-slate-node=\"element\">\n+45\n<\/td>\n<\/tr>\n<tr data-slate-node=\"element\">\n<td data-slate-node=\"element\">\nTelefonnummer\n<\/td>\n<td data-slate-node=\"element\">\nMobilnummer eller arbetstelefon\n<\/td>\n<td data-slate-node=\"element\">\n12345678\n<\/td>\n<\/tr>\n<tr data-slate-node=\"element\">\n<td data-slate-node=\"element\">\nGrupp\n<\/td>\n<td data-slate-node=\"element\">\nNamnet p\u00e5 den Entra ID-grupp som anv\u00e4ndaren tillh\u00f6r\n<\/td>\n<td data-slate-node=\"element\">\nIT-avdelningen\n<\/td>\n<\/tr>\n<\/tbody>\n<\/table>\nEtt exempel p\u00e5 filinneh\u00e5ll kan se ut s\u00e5 h\u00e4r:\nVanlig text\n\u201cAnders Jensen\u201d;\u201d+45\u2033;\u201d12345678\u2033;\u201dIT-avdelning\u201d\n\u201cMaria Nielsen\u201d;\u201d+45\u2033;\u201d87654321\u2033;\u201dIT-avdelning\u201d\n\u201cPeter Hansen\u201d;\u201d+45\u2033;\u201d11223344\u2033;\u201dSalg\u201d\n\u201cJohan Svensson\u201d;\u201d+46\u2033;\u201d701234567\u2033;\u201dSalg\u201d\n\nObservera att skriptet automatiskt konverterar ISO-landskoder (t.ex. DK, SE, NO) till r\u00e4tt uppringningsformat (+45, +46, +47) och tar bort eventuella landskodsprefix fr\u00e5n telefonnumren.\n<h2>\n\t\t\tF\u00f6rkunskapskrav\t<\/h2>\n<p>Innan du kan anv\u00e4nda skriptet m\u00e5ste du se till att ditt system uppfyller f\u00f6ljande krav:<\/p>\n<ul>\n<li>Windows PowerShell 5.1 eller senare (ing\u00e5r i Windows 10 och 11).<\/li>\n<li>N\u00f6dv\u00e4ndiga PowerShell-moduler: Skriptet f\u00f6rs\u00f6ker automatiskt att installera <u>Graf<\/u> och <u>Posh-SSH<\/u>, om de inte redan \u00e4r installerade. Detta kr\u00e4ver administrat\u00f6rsr\u00e4ttigheter f\u00f6rsta g\u00e5ngen.<\/li>\n<li>Beh\u00f6righeter i Entra ID: Den anv\u00e4ndare som k\u00f6r skriptet m\u00e5ste ha beh\u00f6righet att l\u00e4sa anv\u00e4ndar- och gruppinformation via Microsoft Graph. F\u00f6rsta g\u00e5ngen skriptet k\u00f6rs kommer du att bli ombedd att godk\u00e4nna dessa beh\u00f6righeter.<\/li>\n<li>sFTP-\u00e5tkomst till SureSMS: Du beh\u00f6ver ett anv\u00e4ndarnamn och l\u00f6senord f\u00f6r SureSMS sFTP-server.<\/li>\n<\/ul>\n<h2>\n\t\t\tSteg-f\u00f6r-steg-guide\t<\/h2>\n<p>F\u00f6lj dessa steg f\u00f6r att konfigurera och k\u00f6ra skriptet.<\/p>\n<h3>\n\t\t\tSteg 1: Ladda ner skriptet\t<\/h3>\n<p>F\u00f6rst m\u00e5ste du ladda ner <a href=\"https:\/\/suresms.com\/wp-content\/uploads\/2026\/01\/Export-EntraIDUsersToSFTP.zip\">PowerShell-skriptet<\/a>. Spara filen Export-EntraIDUsersToSFTP.ps1 p\u00e5 en l\u00e4mplig plats p\u00e5 din dator, till exempel i C:Scripts<\/p>\n<h3>\n\t\t\tSteg 2: Hitta dina sFTP-uppgifter i SureSMS\t<\/h3>\n<p>F\u00f6r att skriptet ska kunna ladda upp filen beh\u00f6ver det dina personliga sFTP-inloggningsuppgifter fr\u00e5n SureSMS. Skriptet \u00e4r redan konfigurerat f\u00f6r att ansluta till sftp.suresms.com, s\u00e5 du beh\u00f6ver bara ditt anv\u00e4ndarnamn och l\u00f6senord.<\/p>\n<p>Du kan f\u00e5 din sFTP-information genom att skicka ett e-postmeddelande till support@suresms.com med ditt anv\u00e4ndarnummer och den registrerade e-postadressen (se l\u00e4ngst ner till v\u00e4nster n\u00e4r du \u00e4r inloggad p\u00e5 app.suresms.com)<\/p>\n<h3>\n\t\t\tSteg 3: K\u00f6r skriptet\t<\/h3>\n<p>\u00d6ppna ett PowerShell-f\u00f6nster och navigera till den mapp d\u00e4r du sparade skriptet. Du kan nu k\u00f6ra skriptet med de n\u00f6dv\u00e4ndiga parametrarna.<\/p>\n<p>Nedan f\u00f6ljer ett exempel p\u00e5 hur du k\u00f6r skriptet. Byt ut v\u00e4rdena mot din egen information.<\/p>\n<p>.Export-EntraIDUsersToSFTP.ps1 -Groups \u201cAlla anst\u00e4llda\u201d, \u201cIT-support\u201d ` -SFTPUsername \u201cditsftp-anv\u00e4ndarnamn\u201d<\/p>\n<p>N\u00e4r du k\u00f6r kommandot:<\/p>\n<ul>\n<li>Du kommer f\u00f6rst att bli ombedd att logga in p\u00e5 ditt Microsoft-konto f\u00f6r att ge skriptet tillg\u00e5ng till Entra ID.<\/li>\n<li>Du kommer sedan att bli ombedd att ange ditt sFTP-l\u00f6senord.<\/li>\n<\/ul>\n<p>Skriptet kommer nu att h\u00e4mta data, skapa en CSV-fil med namnet <u>EntraID_Export.csv<\/u> och ladda upp den till SureSMS sFTP-server.<\/p>\n<p>&nbsp;<\/p>\n<p><em>Parametrar f\u00f6r skriptet<\/em><\/p>\n<p>H\u00e4r f\u00f6ljer en \u00f6versikt \u00f6ver de parametrar som du kan anv\u00e4nda f\u00f6r att anpassa skriptets funktion:<\/p>\n<p>&nbsp;<\/p>\n<table width=\"100%\">\n<thead>\n<tr>\n<td>Parameter<\/td>\n<td>Beskrivning<\/td>\n<\/tr>\n<\/thead>\n<tbody>\n<tr>\n<td><u>-Grupper<\/u><\/td>\n<td>(Obligatorisk) En lista med de gruppnamn fr\u00e5n Entra ID som du vill exportera. Separera med kommatecken, t.ex. <u>\u201cGrupp1\u201d, \u201cGrupp2\u201d<\/u>.<\/td>\n<\/tr>\n<tr>\n<td><u>-SFTPUanv\u00e4ndarnamn<\/u><\/td>\n<td>(Obligatoriskt) Ditt sFTP-anv\u00e4ndarnamn fr\u00e5n SureSMS.<\/td>\n<\/tr>\n<tr>\n<td><u>-SFTPPassword<\/u><\/td>\n<td>(Valfritt) L\u00f6senord som SecureString. Om det inte anges kommer du att uppmanas att ange det.<\/td>\n<\/tr>\n<tr>\n<td><u>-SFTPPort<\/u><\/td>\n<td>(Valfritt) sFTP-port. Standard \u00e4r 22.<\/td>\n<\/tr>\n<tr>\n<td><u>-SFTPRemoteS\u00f6kv\u00e4g<\/u><\/td>\n<td>Den mapp p\u00e5 sFTP-servern d\u00e4r filen ska laddas upp. Standardv\u00e4rdet \u00e4r <u>\/<\/u>.<\/td>\n<\/tr>\n<tr>\n<td><u>-Utmatningss\u00f6kv\u00e4g<\/u><\/td>\n<td>(Valfritt) \u00c4ndrar namn eller plats f\u00f6r den lokala CSV-filen. Standard \u00e4r <u>.EntraID_Export.csv<\/u>.<\/td>\n<\/tr>\n<tr>\n<td><u>-SkipSFTPUpload<\/u><\/td>\n<td>(Valfritt) Om detta anges genereras endast CSV-filen lokalt utan att laddas upp till sFTP.<\/td>\n<\/tr>\n<\/tbody>\n<\/table>\n<h2>\n\t\t\tExempel p\u00e5 anv\u00e4ndning\t<\/h2>\n<h4>Exempel 1: Exportera en grupp och ladda upp till SureSMS<\/h4>\n<p>.Export-EntraIDUsersToSFTP.ps1 -Groups \u201cF\u00f6rs\u00e4ljningsavdelning\u201d -SFTPUsername \u201cmyuser\u201d<\/p>\n<h4>Exempel 2: Exportera flera grupper till en specifik mapp<\/h4>\n<p>.Export-EntraIDUsersToSFTP.ps1 -Groups \u201cIT\u201d, \u201cHR\u201d, \u201cManagement\u201d ` -SFTPUsername \u201cmyuser\u201d ` -SFTPRemotePath \u201c\/contacts\u201d<\/p>\n<h4>Exempel 3: Endast lokal export utan sFTP-uppladdning<\/h4>\n<p>.Export-EntraIDUsersToSFTP.ps1 -Groups \u201cAlla anst\u00e4llda\u201d ` -OutputPath \u201cC:Export Employees.csv\u201d ` -SkipSFTPUpload<\/p>\n<h2>\n\t\t\tAutomatisering med Windows Task Scheduler\t<\/h2>\n<p>F\u00f6r att h\u00e5lla dina kontaktlistor synkroniserade kan du st\u00e4lla in en schemalagd uppgift i Windows som k\u00f6r skriptet automatiskt med j\u00e4mna mellanrum. Detta s\u00e4kerst\u00e4ller att nya anst\u00e4llda eller \u00e4ndringar i telefonnummer automatiskt \u00e5terspeglas i dina SureSMS-mottagarlistor utan n\u00e5got manuellt arbete.<\/p>\n<p>S\u00e5 h\u00e4r skapar du en schemalagd uppgift:<\/p>\n<ul>\n<li>\u00d6ppna Task Scheduler i Windows.<\/li>\n<li>Klicka p\u00e5 Skapa grundl\u00e4ggande uppgift.<\/li>\n<li>Ge uppgiften ett namn, t.ex. \u201cSureSMS Contact Sync\u201d.<\/li>\n<li>V\u00e4lj hur ofta uppgiften ska k\u00f6ras (t.ex. dagligen).<\/li>\n<li>V\u00e4lj Starta ett program som \u00e5tg\u00e4rd.<\/li>\n<li>Specificera <u>exe<\/u> som applikation och l\u00e4gg till hela s\u00f6kv\u00e4gen till skriptet med parametrar som argument.<\/li>\n<\/ul>\n<p>Exempel p\u00e5 argument:<\/p>\n<p>-ExecutionPolicy Bypass -File \u201cC:ScriptsExport-EntraIDUsersToSFTP.ps1\u201d -Groups \u201cAll Employees\u201d -SFTPUsername \u201cmyuser\u201d<\/p>\n<p>Obs: F\u00f6r automatiserad k\u00f6rning m\u00e5ste du lagra l\u00f6senordet p\u00e5 ett s\u00e4kert s\u00e4tt. Du kan anv\u00e4nda <u>-SFTPPassword<\/u> med en SecureString som lagras i en krypterad fil eller k\u00f6r skriptet under ett servicekonto med lagrade autentiseringsuppgifter.<\/p>\n<p>&nbsp;<\/p>","protected":false},"excerpt":{"rendered":"<p>SMS-integration Entra ID via CSV-fil Vad \u00e4r Entra ID, \u00e4ven k\u00e4nt som Active Directory? Microsoft Entra ID, tidigare k\u00e4nt som Azure Active Directory (Azure AD), \u00e4r en molnbaserad identitets- och \u00e5tkomsthanteringstj\u00e4nst fr\u00e5n Microsoft. Denna tj\u00e4nst hj\u00e4lper organisationer att hantera och s\u00e4kra anv\u00e4ndar\u00e5tkomst till applikationer och data \u00f6ver en modern hybrid ... <a title=\"SMS-integration till Entra ID (via CSV-fil)\" class=\"read-more\" href=\"https:\/\/suresms.com\/sv\/integrationer\/booking-ldap-2fa\/integration-entra-id-via-csv\/\" aria-label=\"L\u00e4s mer om SMS-integration till Entra ID (via CSV-fil)\">L\u00e4s mer om det<\/a><\/p>","protected":false},"author":1,"featured_media":0,"parent":19541,"menu_order":1,"comment_status":"closed","ping_status":"closed","template":"","meta":{"_fl_builder_enabled":"1","_fl_builder_data":null,"_fl_builder_draft":null,"_fl_builder_data_settings":null,"_fl_builder_css":"","_fl_builder_css_version":"","_fl_builder_js":"","footnotes":""},"categories":[],"tags":[],"class_list":["post-23804","page","type-page","status-publish"],"yoast_head":"<!-- This site is optimized with the Yoast SEO Premium plugin v27.3 (Yoast SEO v27.3) - https:\/\/yoast.com\/product\/yoast-seo-premium-wordpress\/ -->\r\n<title>SMS integration til Entra ID (via CSV fil) - dyb integration<\/title>\r\n<meta name=\"description\" content=\"SMS AD Integration til Azure Active Directory. Fuldt integreret SMS l\u00f8sning i AD til beredskabs, alarmering, medarbejdere og mere\" \/>\r\n<meta name=\"robots\" content=\"index, follow, max-snippet:-1, max-image-preview:large, max-video-preview:-1\" \/>\r\n<link rel=\"canonical\" href=\"https:\/\/suresms.com\/sv\/integrationer\/bokning-av-system-for-tillfallig-personaluthyrning\/integration-entra-id-via-csv\/\" \/>\r\n<meta property=\"og:locale\" content=\"sv_SE\" \/>\r\n<meta property=\"og:type\" content=\"article\" \/>\r\n<meta property=\"og:title\" content=\"SMS integration til Entra ID (via CSV fil)\" \/>\r\n<meta property=\"og:description\" content=\"SMS AD Integration til Azure Active Directory. Fuldt integreret SMS l\u00f8sning i AD til beredskabs, alarmering, medarbejdere og mere\" \/>\r\n<meta property=\"og:url\" content=\"https:\/\/suresms.com\/sv\/integrationer\/bokning-av-system-for-tillfallig-personaluthyrning\/integration-entra-id-via-csv\/\" \/>\r\n<meta property=\"article:publisher\" content=\"https:\/\/www.facebook.com\/p\/SureSMS-100044607956149\/\" \/>\r\n<meta property=\"article:modified_time\" content=\"2026-01-14T06:35:34+00:00\" \/>\r\n<meta property=\"og:image\" content=\"https:\/\/suresms.com\/wp-content\/uploads\/2022\/08\/Azure-AD-2-1.png\" \/>\r\n<meta name=\"twitter:card\" content=\"summary_large_image\" \/>\r\n<meta name=\"twitter:label1\" content=\"Ber\u00e4knad l\u00e4stid\" \/>\n\t<meta name=\"twitter:data1\" content=\"7 minuter\" \/>\r\n<script type=\"application\/ld+json\" class=\"yoast-schema-graph\">{\"@context\":\"https:\\\/\\\/schema.org\",\"@graph\":[{\"@type\":\"WebPage\",\"@id\":\"https:\\\/\\\/suresms.com\\\/dk\\\/integrationer\\\/booking-ldap-2fa\\\/integration-entra-id-via-csv\\\/\",\"url\":\"https:\\\/\\\/suresms.com\\\/dk\\\/integrationer\\\/booking-ldap-2fa\\\/integration-entra-id-via-csv\\\/\",\"name\":\"SMS integration til Entra ID (via CSV fil) - dyb integration\",\"isPartOf\":{\"@id\":\"https:\\\/\\\/suresms.com\\\/en\\\/#website\"},\"primaryImageOfPage\":{\"@id\":\"https:\\\/\\\/suresms.com\\\/dk\\\/integrationer\\\/booking-ldap-2fa\\\/integration-entra-id-via-csv\\\/#primaryimage\"},\"image\":{\"@id\":\"https:\\\/\\\/suresms.com\\\/dk\\\/integrationer\\\/booking-ldap-2fa\\\/integration-entra-id-via-csv\\\/#primaryimage\"},\"thumbnailUrl\":\"https:\\\/\\\/suresms.com\\\/wp-content\\\/uploads\\\/2022\\\/08\\\/Azure-AD-2-1.png\",\"datePublished\":\"2026-01-13T16:10:44+00:00\",\"dateModified\":\"2026-01-14T06:35:34+00:00\",\"description\":\"SMS AD Integration til Azure Active Directory. Fuldt integreret SMS l\u00f8sning i AD til beredskabs, alarmering, medarbejdere og mere\",\"breadcrumb\":{\"@id\":\"https:\\\/\\\/suresms.com\\\/dk\\\/integrationer\\\/booking-ldap-2fa\\\/integration-entra-id-via-csv\\\/#breadcrumb\"},\"inLanguage\":\"sv-SE\",\"potentialAction\":[{\"@type\":\"ReadAction\",\"target\":[\"https:\\\/\\\/suresms.com\\\/dk\\\/integrationer\\\/booking-ldap-2fa\\\/integration-entra-id-via-csv\\\/\"]}]},{\"@type\":\"ImageObject\",\"inLanguage\":\"sv-SE\",\"@id\":\"https:\\\/\\\/suresms.com\\\/dk\\\/integrationer\\\/booking-ldap-2fa\\\/integration-entra-id-via-csv\\\/#primaryimage\",\"url\":\"https:\\\/\\\/suresms.com\\\/wp-content\\\/uploads\\\/2022\\\/08\\\/Azure-AD-2-1.png\",\"contentUrl\":\"https:\\\/\\\/suresms.com\\\/wp-content\\\/uploads\\\/2022\\\/08\\\/Azure-AD-2-1.png\"},{\"@type\":\"BreadcrumbList\",\"@id\":\"https:\\\/\\\/suresms.com\\\/dk\\\/integrationer\\\/booking-ldap-2fa\\\/integration-entra-id-via-csv\\\/#breadcrumb\",\"itemListElement\":[{\"@type\":\"ListItem\",\"position\":1,\"name\":\"Home\",\"item\":\"https:\\\/\\\/suresms.com\\\/dk\\\/\"},{\"@type\":\"ListItem\",\"position\":2,\"name\":\"Integrationer\",\"item\":\"https:\\\/\\\/suresms.com\\\/dk\\\/integrationer\\\/\"},{\"@type\":\"ListItem\",\"position\":3,\"name\":\"SMS integration til LDAP og brugerdatabaser\",\"item\":\"https:\\\/\\\/suresms.com\\\/dk\\\/integrationer\\\/booking-ldap-2fa\\\/\"},{\"@type\":\"ListItem\",\"position\":4,\"name\":\"SMS integration til Entra ID (via CSV fil)\"}]},{\"@type\":\"WebSite\",\"@id\":\"https:\\\/\\\/suresms.com\\\/en\\\/#website\",\"url\":\"https:\\\/\\\/suresms.com\\\/en\\\/\",\"name\":\"SureSMS\",\"description\":\"Professionel SMS Gateway\",\"publisher\":{\"@id\":\"https:\\\/\\\/suresms.com\\\/en\\\/#organization\"},\"potentialAction\":[{\"@type\":\"SearchAction\",\"target\":{\"@type\":\"EntryPoint\",\"urlTemplate\":\"https:\\\/\\\/suresms.com\\\/en\\\/?s={search_term_string}\"},\"query-input\":{\"@type\":\"PropertyValueSpecification\",\"valueRequired\":true,\"valueName\":\"search_term_string\"}}],\"inLanguage\":\"sv-SE\"},{\"@type\":\"Organization\",\"@id\":\"https:\\\/\\\/suresms.com\\\/en\\\/#organization\",\"name\":\"SureSMS\",\"url\":\"https:\\\/\\\/suresms.com\\\/en\\\/\",\"logo\":{\"@type\":\"ImageObject\",\"inLanguage\":\"sv-SE\",\"@id\":\"https:\\\/\\\/suresms.com\\\/en\\\/#\\\/schema\\\/logo\\\/image\\\/\",\"url\":\"https:\\\/\\\/suresms.com\\\/wp-content\\\/uploads\\\/2024\\\/11\\\/suresms-300x65-1.png\",\"contentUrl\":\"https:\\\/\\\/suresms.com\\\/wp-content\\\/uploads\\\/2024\\\/11\\\/suresms-300x65-1.png\",\"width\":300,\"height\":65,\"caption\":\"SureSMS\"},\"image\":{\"@id\":\"https:\\\/\\\/suresms.com\\\/en\\\/#\\\/schema\\\/logo\\\/image\\\/\"},\"sameAs\":[\"https:\\\/\\\/www.facebook.com\\\/p\\\/SureSMS-100044607956149\\\/\"]}]}<\/script>\r\n<!-- \/ Yoast SEO Premium plugin. -->","yoast_head_json":{"title":"SMS-integration till Entra ID (via CSV-fil) - djup integration","description":"SMS AD-integration f\u00f6r Azure Active Directory. Fullt integrerad SMS-l\u00f6sning i AD f\u00f6r n\u00f6dsituationer, varningar, anst\u00e4llda och mycket mer","robots":{"index":"index","follow":"follow","max-snippet":"max-snippet:-1","max-image-preview":"max-image-preview:large","max-video-preview":"max-video-preview:-1"},"canonical":"https:\/\/suresms.com\/sv\/integrationer\/bokning-av-system-for-tillfallig-personaluthyrning\/integration-entra-id-via-csv\/","og_locale":"sv_SE","og_type":"article","og_title":"SMS integration til Entra ID (via CSV fil)","og_description":"SMS AD Integration til Azure Active Directory. Fuldt integreret SMS l\u00f8sning i AD til beredskabs, alarmering, medarbejdere og mere","og_url":"https:\/\/suresms.com\/sv\/integrationer\/bokning-av-system-for-tillfallig-personaluthyrning\/integration-entra-id-via-csv\/","article_publisher":"https:\/\/www.facebook.com\/p\/SureSMS-100044607956149\/","article_modified_time":"2026-01-14T06:35:34+00:00","og_image":[{"url":"https:\/\/suresms.com\/wp-content\/uploads\/2022\/08\/Azure-AD-2-1.png","type":"","width":"","height":""}],"twitter_card":"summary_large_image","twitter_misc":{"Ber\u00e4knad l\u00e4stid":"7 minuter"},"schema":{"@context":"https:\/\/schema.org","@graph":[{"@type":"WebPage","@id":"https:\/\/suresms.com\/dk\/integrationer\/booking-ldap-2fa\/integration-entra-id-via-csv\/","url":"https:\/\/suresms.com\/dk\/integrationer\/booking-ldap-2fa\/integration-entra-id-via-csv\/","name":"SMS-integration till Entra ID (via CSV-fil) - djup integration","isPartOf":{"@id":"https:\/\/suresms.com\/en\/#website"},"primaryImageOfPage":{"@id":"https:\/\/suresms.com\/dk\/integrationer\/booking-ldap-2fa\/integration-entra-id-via-csv\/#primaryimage"},"image":{"@id":"https:\/\/suresms.com\/dk\/integrationer\/booking-ldap-2fa\/integration-entra-id-via-csv\/#primaryimage"},"thumbnailUrl":"https:\/\/suresms.com\/wp-content\/uploads\/2022\/08\/Azure-AD-2-1.png","datePublished":"2026-01-13T16:10:44+00:00","dateModified":"2026-01-14T06:35:34+00:00","description":"SMS AD-integration f\u00f6r Azure Active Directory. Fullt integrerad SMS-l\u00f6sning i AD f\u00f6r n\u00f6dsituationer, varningar, anst\u00e4llda och mycket mer","breadcrumb":{"@id":"https:\/\/suresms.com\/dk\/integrationer\/booking-ldap-2fa\/integration-entra-id-via-csv\/#breadcrumb"},"inLanguage":"sv-SE","potentialAction":[{"@type":"ReadAction","target":["https:\/\/suresms.com\/dk\/integrationer\/booking-ldap-2fa\/integration-entra-id-via-csv\/"]}]},{"@type":"ImageObject","inLanguage":"sv-SE","@id":"https:\/\/suresms.com\/dk\/integrationer\/booking-ldap-2fa\/integration-entra-id-via-csv\/#primaryimage","url":"https:\/\/suresms.com\/wp-content\/uploads\/2022\/08\/Azure-AD-2-1.png","contentUrl":"https:\/\/suresms.com\/wp-content\/uploads\/2022\/08\/Azure-AD-2-1.png"},{"@type":"BreadcrumbList","@id":"https:\/\/suresms.com\/dk\/integrationer\/booking-ldap-2fa\/integration-entra-id-via-csv\/#breadcrumb","itemListElement":[{"@type":"ListItem","position":1,"name":"Home","item":"https:\/\/suresms.com\/dk\/"},{"@type":"ListItem","position":2,"name":"Integrationer","item":"https:\/\/suresms.com\/dk\/integrationer\/"},{"@type":"ListItem","position":3,"name":"SMS integration til LDAP og brugerdatabaser","item":"https:\/\/suresms.com\/dk\/integrationer\/booking-ldap-2fa\/"},{"@type":"ListItem","position":4,"name":"SMS integration til Entra ID (via CSV fil)"}]},{"@type":"WebSite","@id":"https:\/\/suresms.com\/en\/#website","url":"https:\/\/suresms.com\/en\/","name":"SureSMS","description":"Professionell SMS Gateway","publisher":{"@id":"https:\/\/suresms.com\/en\/#organization"},"potentialAction":[{"@type":"SearchAction","target":{"@type":"EntryPoint","urlTemplate":"https:\/\/suresms.com\/en\/?s={search_term_string}"},"query-input":{"@type":"PropertyValueSpecification","valueRequired":true,"valueName":"search_term_string"}}],"inLanguage":"sv-SE"},{"@type":"Organization","@id":"https:\/\/suresms.com\/en\/#organization","name":"SureSMS","url":"https:\/\/suresms.com\/en\/","logo":{"@type":"ImageObject","inLanguage":"sv-SE","@id":"https:\/\/suresms.com\/en\/#\/schema\/logo\/image\/","url":"https:\/\/suresms.com\/wp-content\/uploads\/2024\/11\/suresms-300x65-1.png","contentUrl":"https:\/\/suresms.com\/wp-content\/uploads\/2024\/11\/suresms-300x65-1.png","width":300,"height":65,"caption":"SureSMS"},"image":{"@id":"https:\/\/suresms.com\/en\/#\/schema\/logo\/image\/"},"sameAs":["https:\/\/www.facebook.com\/p\/SureSMS-100044607956149\/"]}]}},"_links":{"self":[{"href":"https:\/\/suresms.com\/sv\/wp-json\/wp\/v2\/pages\/23804","targetHints":{"allow":["GET"]}}],"collection":[{"href":"https:\/\/suresms.com\/sv\/wp-json\/wp\/v2\/pages"}],"about":[{"href":"https:\/\/suresms.com\/sv\/wp-json\/wp\/v2\/types\/page"}],"author":[{"embeddable":true,"href":"https:\/\/suresms.com\/sv\/wp-json\/wp\/v2\/users\/1"}],"replies":[{"embeddable":true,"href":"https:\/\/suresms.com\/sv\/wp-json\/wp\/v2\/comments?post=23804"}],"version-history":[{"count":7,"href":"https:\/\/suresms.com\/sv\/wp-json\/wp\/v2\/pages\/23804\/revisions"}],"predecessor-version":[{"id":23815,"href":"https:\/\/suresms.com\/sv\/wp-json\/wp\/v2\/pages\/23804\/revisions\/23815"}],"up":[{"embeddable":true,"href":"https:\/\/suresms.com\/sv\/wp-json\/wp\/v2\/pages\/19541"}],"wp:attachment":[{"href":"https:\/\/suresms.com\/sv\/wp-json\/wp\/v2\/media?parent=23804"}],"wp:term":[{"taxonomy":"category","embeddable":true,"href":"https:\/\/suresms.com\/sv\/wp-json\/wp\/v2\/categories?post=23804"},{"taxonomy":"post_tag","embeddable":true,"href":"https:\/\/suresms.com\/sv\/wp-json\/wp\/v2\/tags?post=23804"}],"curies":[{"name":"wp","href":"https:\/\/api.w.org\/{rel}","templated":true}]}}