{"id":23651,"date":"2025-12-30T10:27:09","date_gmt":"2025-12-30T10:27:09","guid":{"rendered":"https:\/\/suresms.com\/?page_id=23651"},"modified":"2026-01-09T05:51:35","modified_gmt":"2026-01-09T05:51:35","slug":"mallindustri","status":"publish","type":"page","link":"https:\/\/suresms.com\/sv\/lp\/branche\/skabelon-branche\/","title":{"rendered":"Mall f\u00f6r landningssida - Industri"},"content":{"rendered":"<!-- Flexy Breadcrumb -->\r\n\t\t\t<div class=\"fbc fbc-page\">\r\n\r\n\t\t\t\t<!-- Breadcrumb wrapper -->\r\n\t\t\t\t<div class=\"fbc-wrap\">\r\n\r\n\t\t\t\t\t<!-- Ordered list-->\r\n\t\t\t\t\t<ol class=\"fbc-items\" itemscope itemtype=\"https:\/\/schema.org\/BreadcrumbList\">\r\n\t\t\t\t\t\t            <li itemprop=\"itemListElement\" itemscope itemtype=\"https:\/\/schema.org\/ListItem\">\r\n                <span itemprop=\"name\">\r\n                    <!-- Home Link -->\r\n                    <a itemprop=\"item\" href=\"https:\/\/suresms.com\/sv\/\">\r\n                    \r\n                                                    <i class=\"fa fa-home\" aria-hidden=\"true\"><\/i>Hem                    <\/a>\r\n                <\/span>\r\n                <meta itemprop=\"position\" content=\"1\" \/><!-- Meta Position-->\r\n             <\/li><li><span class=\"fbc-separator\">\/<\/span><\/li><li class=\"active\" itemprop=\"itemListElement\" itemscope itemtype=\"https:\/\/schema.org\/ListItem\"><span itemprop=\"name\" title=\"Mall f\u00f6r landningssida - Industri\">Mall f\u00f6r landningssida -...<\/span><meta itemprop=\"position\" content=\"2\" \/><\/li>\t\t\t\t\t<\/ol>\r\n\t\t\t\t\t<div class=\"clearfix\"><\/div>\r\n\t\t\t\t<\/div>\r\n\t\t\t<\/div>\r\n\t\t\t\n<h1>\n\t\t\t{{ARTIKELRUBRIK (skriv en rubrik f\u00f6r artikeln \u2013 max 60 tecken) }}\t<\/h1>\n\t<p>{{UNDERRUBRIK (skriv en underrubrik p\u00e5 cirka 200 tecken)}}<\/p>\n\t\t<h2>{{ADVANTAGES-HEADLINE (skriv en f\u00e4ngslande rubrik \u2013 max 60 tecken)}}<\/h2><p>{{ADVANTAGES-BODY (skriv h&auml;r vilka f&ouml;rdelar branschen har av SMS. Hitta relevanta anv&auml;ndningsfall. Vad vinner de p&aring; det? G&ouml;r en lista &ouml;ver f&ouml;rdelarna och utveckla dem i ett avsnitt nedan. Skriv inte mer &auml;n 150 ord i 3-4 stycken; inledningsorden i listorna m&aring;ste m&auml;rkas med taggen &lt;b&gt;&lt;\/b&gt;)}}<\/p>\n\t\t\t\t<img decoding=\"async\" src=\"https:\/\/suresms.com\/wp-content\/plugins\/bb-plugin\/img\/pixel.png\" alt=\"\" itemprop=\"image\" onerror=\"this.style.display='none'\" loading=\"lazy\" \/>\n\t\t\t<a href=\"https:\/\/app.suresms.com\/account\/signup\" target=\"_blank\" rel=\"noopener\">\n\t\t\t\t\t\t\tSkapa ett kostnadsfritt konto\n\t\t\t\t\t<\/a>\n\t\t\t\t<img decoding=\"async\" src=\"https:\/\/suresms.com\/wp-content\/plugins\/bb-plugin\/img\/pixel.png\" alt=\"\" itemprop=\"image\" onerror=\"this.style.display='none'\" loading=\"lazy\" \/>\n<h2>\n\t\t\t{{VARF\u00d6R SURE SMS RUBRIK (skriv en rubrik p\u00e5 max 60 tecken som beskriver varf\u00f6r de ska v\u00e4lja Sure SMS)}}\t<\/h2>\n\t<p>{{VARF\u00d6R SURE SMS-BODY (skapa en beskrivning p\u00e5 cirka 300 tecken som f\u00f6rklarar varf\u00f6r denna bransch b\u00f6r v\u00e4lja Sure SMS som sin SMS-l\u00f6sning)}}<\/p>\n\t\t\t\n<br \/>\n<br \/>\n\n<p>{{SOCIAL-PROOF-01 (skriv en recension p\u00e5 cirka 120 tecken)}}<\/p>\n\t\t\t<p><br \/><br \/>{{SOCIAL-PROOF-02 (skriv en recension p\u00e5 cirka 120 tecken)}}<\/p>\t\t\n\t\t\t<br \/>\n<br \/>\n\n<p>{{SOCIAL-PROOF-03 (skriv en recension p\u00e5 cirka 120 tecken)}}<\/p>\n\t\t\t<br \/>\n<br \/>\n\n<p>{{SOCIAL-PROOF-04 (skriv en recension p\u00e5 cirka 120 tecken)}}<\/p>\n\t\t\t<br \/>\n<br \/>\n\n<p>{{SOCIAL-PROOF-05 (skriv en recension p\u00e5 cirka 120 tecken)}}<\/p>\n\t\t\t<br \/>\n<br \/>\n\n<p>{{SOCIAL-PROOF-06 (skriv en recension p\u00e5 cirka 120 tecken)}}<\/p>\n\t\t\t\t\t\t\t\t\t\t<h4 tabindex=\"0\">{{FAQ-01 (vad \u00e4r den vanligaste fr\u00e5gan, max. 60 tecken)}}<\/h4>\n\t\t\t\t\t<p>{{FAQ-01-SVAR (skriv svaret p\u00e5 fr\u00e5gan. Skriv cirka 300 ord)}}<\/p>\n\t\t\t\t\t\t\t\t\t\t<h4 tabindex=\"0\">{{FAQ-02 (vad \u00e4r den vanligaste fr\u00e5gan, max. 60 tecken)}}<\/h4>\n\t\t\t\t\t<p>{{FAQ-02-SVAR (skriv svaret)}}<\/p>\n\t\t\t\t\t\t\t\t\t\t<h4 tabindex=\"0\">{{FAQ-03 (vad \u00e4r den vanligaste fr\u00e5gan, max. 60 tecken)}}<\/h4>\n\t\t\t\t\t<p>{{FAQ-03-SVAR (skriv svaret p\u00e5 fr\u00e5gan. Skriv cirka 300 ord)}}<\/p>\n\t\t\t\t\t\t\t\t\t\t<h4 tabindex=\"0\">{{FAQ-04 (vad \u00e4r den vanligaste fr\u00e5gan, max. 60 tecken)}}<\/h4>\n\t\t\t\t\t<p>{{FAQ-04-SVAR (skriv svaret p\u00e5 fr\u00e5gan. Skriv cirka 300 ord)}}<\/p>\n\t\t\t\t\t\t\t\t\t\t<h4 tabindex=\"0\">{{FAQ-05 (vad \u00e4r den vanligaste fr\u00e5gan, max. 60 tecken)}}<\/h4>\n\t\t\t\t\t<p>{{FAQ-05-SVAR (skriv svaret p\u00e5 fr\u00e5gan. Skriv cirka 300 ord)}}<\/p>\n\t\t\t\t\t\t\t\t\t\t<h4 tabindex=\"0\">{{FAQ-06 (vad \u00e4r den vanligaste fr\u00e5gan, max 60 tecken)}}<\/h4>\n\t\t\t\t\t<p>{{FAQ-06-SVAR (skriv svaret p\u00e5 fr\u00e5gan. Skriv cirka 300 ord)}}<\/p>","protected":false},"excerpt":{"rendered":"<p>{{ARTIKELRUBRIK (skriv en rubrik f\u00f6r artikeln \u2013 max 60 tecken) }} {{UNDERRUBRIK (skriv en underrubrik p\u00e5 cirka 200 tecken)}} {{RUBRIK F\u00d6RDELAR (skriv en f\u00e4ngslande rubrik \u2013 max 60 tecken)}} {{BR\u00d6DTEXT F\u00d6RDELAR (skriv h\u00e4r vilka f\u00f6rdelar branschen har av SMS. Hitta relevanta anv\u00e4ndningsfall. Vad vinner de p\u00e5 det? G\u00f6r en lista \u00f6ver f\u00f6rdelarna och utveckla dem i ... <a title=\"Mall f\u00f6r landningssida - Industri\" class=\"read-more\" href=\"https:\/\/suresms.com\/sv\/lp\/branche\/skabelon-branche\/\" aria-label=\"L\u00e4s mer om Landing Page Template - Industri\">L\u00e4s mer om det<\/a><\/p>","protected":false},"author":1,"featured_media":0,"parent":23772,"menu_order":0,"comment_status":"closed","ping_status":"closed","template":"","meta":{"_fl_builder_enabled":"1","_fl_builder_data":null,"_fl_builder_draft":null,"_fl_builder_data_settings":null,"_fl_builder_css":"","_fl_builder_css_version":"","_fl_builder_js":"","footnotes":""},"categories":[],"tags":[],"class_list":["post-23651","page","type-page","status-publish"],"yoast_head":"<!-- This site is optimized with the Yoast SEO Premium plugin v27.3 (Yoast SEO v27.3) - https:\/\/yoast.com\/product\/yoast-seo-premium-wordpress\/ -->\r\n<title>Landing Page Skabelon - Branche -<\/title>\r\n<meta name=\"description\" content=\"Metdescription\" \/>\r\n<meta name=\"robots\" content=\"index, follow, max-snippet:-1, max-image-preview:large, max-video-preview:-1\" \/>\r\n<link rel=\"canonical\" href=\"https:\/\/suresms.com\/sv\/lp\/industri\/mallindustri\/\" \/>\r\n<meta property=\"og:locale\" content=\"sv_SE\" \/>\r\n<meta property=\"og:type\" content=\"article\" \/>\r\n<meta property=\"og:title\" content=\"Landing Page Skabelon - Branche\" \/>\r\n<meta property=\"og:description\" content=\"Metdescription\" \/>\r\n<meta property=\"og:url\" content=\"https:\/\/suresms.com\/sv\/lp\/industri\/mallindustri\/\" \/>\r\n<meta property=\"article:publisher\" content=\"https:\/\/www.facebook.com\/p\/SureSMS-100044607956149\/\" \/>\r\n<meta property=\"article:modified_time\" content=\"2026-01-09T05:51:35+00:00\" \/>\r\n<meta property=\"og:image\" content=\"https:\/\/suresms.com\/wp-content\/plugins\/bb-plugin\/img\/pixel.png\" \/>\r\n<meta name=\"twitter:card\" content=\"summary_large_image\" \/>\r\n<meta name=\"twitter:label1\" content=\"Ber\u00e4knad l\u00e4stid\" \/>\n\t<meta name=\"twitter:data1\" content=\"2 minuter\" \/>\r\n<script type=\"application\/ld+json\" class=\"yoast-schema-graph\">{\"@context\":\"https:\\\/\\\/schema.org\",\"@graph\":[{\"@type\":\"WebPage\",\"@id\":\"https:\\\/\\\/suresms.com\\\/dk\\\/lp\\\/branche\\\/skabelon-branche\\\/\",\"url\":\"https:\\\/\\\/suresms.com\\\/dk\\\/lp\\\/branche\\\/skabelon-branche\\\/\",\"name\":\"Landing Page Skabelon - Branche -\",\"isPartOf\":{\"@id\":\"https:\\\/\\\/suresms.com\\\/en\\\/#website\"},\"primaryImageOfPage\":{\"@id\":\"https:\\\/\\\/suresms.com\\\/dk\\\/lp\\\/branche\\\/skabelon-branche\\\/#primaryimage\"},\"image\":{\"@id\":\"https:\\\/\\\/suresms.com\\\/dk\\\/lp\\\/branche\\\/skabelon-branche\\\/#primaryimage\"},\"thumbnailUrl\":\"https:\\\/\\\/suresms.com\\\/wp-content\\\/plugins\\\/bb-plugin\\\/img\\\/pixel.png\",\"datePublished\":\"2025-12-30T10:27:09+00:00\",\"dateModified\":\"2026-01-09T05:51:35+00:00\",\"description\":\"Metdescription\",\"breadcrumb\":{\"@id\":\"https:\\\/\\\/suresms.com\\\/dk\\\/lp\\\/branche\\\/skabelon-branche\\\/#breadcrumb\"},\"inLanguage\":\"sv-SE\",\"potentialAction\":[{\"@type\":\"ReadAction\",\"target\":[\"https:\\\/\\\/suresms.com\\\/dk\\\/lp\\\/branche\\\/skabelon-branche\\\/\"]}]},{\"@type\":\"ImageObject\",\"inLanguage\":\"sv-SE\",\"@id\":\"https:\\\/\\\/suresms.com\\\/dk\\\/lp\\\/branche\\\/skabelon-branche\\\/#primaryimage\",\"url\":\"https:\\\/\\\/suresms.com\\\/wp-content\\\/plugins\\\/bb-plugin\\\/img\\\/pixel.png\",\"contentUrl\":\"https:\\\/\\\/suresms.com\\\/wp-content\\\/plugins\\\/bb-plugin\\\/img\\\/pixel.png\"},{\"@type\":\"BreadcrumbList\",\"@id\":\"https:\\\/\\\/suresms.com\\\/dk\\\/lp\\\/branche\\\/skabelon-branche\\\/#breadcrumb\",\"itemListElement\":[{\"@type\":\"ListItem\",\"position\":1,\"name\":\"Home\",\"item\":\"https:\\\/\\\/suresms.com\\\/dk\\\/\"},{\"@type\":\"ListItem\",\"position\":2,\"name\":\"LP\",\"item\":\"https:\\\/\\\/suresms.com\\\/lp\\\/\"},{\"@type\":\"ListItem\",\"position\":3,\"name\":\"LP-Branche\",\"item\":\"https:\\\/\\\/suresms.com\\\/lp\\\/branche\\\/\"},{\"@type\":\"ListItem\",\"position\":4,\"name\":\"Landing Page Skabelon &#8211; Branche\"}]},{\"@type\":\"WebSite\",\"@id\":\"https:\\\/\\\/suresms.com\\\/en\\\/#website\",\"url\":\"https:\\\/\\\/suresms.com\\\/en\\\/\",\"name\":\"SureSMS\",\"description\":\"Professionel SMS Gateway\",\"publisher\":{\"@id\":\"https:\\\/\\\/suresms.com\\\/en\\\/#organization\"},\"potentialAction\":[{\"@type\":\"SearchAction\",\"target\":{\"@type\":\"EntryPoint\",\"urlTemplate\":\"https:\\\/\\\/suresms.com\\\/en\\\/?s={search_term_string}\"},\"query-input\":{\"@type\":\"PropertyValueSpecification\",\"valueRequired\":true,\"valueName\":\"search_term_string\"}}],\"inLanguage\":\"sv-SE\"},{\"@type\":\"Organization\",\"@id\":\"https:\\\/\\\/suresms.com\\\/en\\\/#organization\",\"name\":\"SureSMS\",\"url\":\"https:\\\/\\\/suresms.com\\\/en\\\/\",\"logo\":{\"@type\":\"ImageObject\",\"inLanguage\":\"sv-SE\",\"@id\":\"https:\\\/\\\/suresms.com\\\/en\\\/#\\\/schema\\\/logo\\\/image\\\/\",\"url\":\"https:\\\/\\\/suresms.com\\\/wp-content\\\/uploads\\\/2024\\\/11\\\/suresms-300x65-1.png\",\"contentUrl\":\"https:\\\/\\\/suresms.com\\\/wp-content\\\/uploads\\\/2024\\\/11\\\/suresms-300x65-1.png\",\"width\":300,\"height\":65,\"caption\":\"SureSMS\"},\"image\":{\"@id\":\"https:\\\/\\\/suresms.com\\\/en\\\/#\\\/schema\\\/logo\\\/image\\\/\"},\"sameAs\":[\"https:\\\/\\\/www.facebook.com\\\/p\\\/SureSMS-100044607956149\\\/\"]}]}<\/script>\r\n<!-- \/ Yoast SEO Premium plugin. -->","yoast_head_json":{"title":"Mall f\u00f6r landningssida - Industri","description":"Met beskrivning","robots":{"index":"index","follow":"follow","max-snippet":"max-snippet:-1","max-image-preview":"max-image-preview:large","max-video-preview":"max-video-preview:-1"},"canonical":"https:\/\/suresms.com\/sv\/lp\/industri\/mallindustri\/","og_locale":"sv_SE","og_type":"article","og_title":"Landing Page Skabelon - Branche","og_description":"Metdescription","og_url":"https:\/\/suresms.com\/sv\/lp\/industri\/mallindustri\/","article_publisher":"https:\/\/www.facebook.com\/p\/SureSMS-100044607956149\/","article_modified_time":"2026-01-09T05:51:35+00:00","og_image":[{"url":"https:\/\/suresms.com\/wp-content\/plugins\/bb-plugin\/img\/pixel.png","type":"","width":"","height":""}],"twitter_card":"summary_large_image","twitter_misc":{"Ber\u00e4knad l\u00e4stid":"2 minuter"},"schema":{"@context":"https:\/\/schema.org","@graph":[{"@type":"WebPage","@id":"https:\/\/suresms.com\/dk\/lp\/branche\/skabelon-branche\/","url":"https:\/\/suresms.com\/dk\/lp\/branche\/skabelon-branche\/","name":"Mall f\u00f6r landningssida - Industri","isPartOf":{"@id":"https:\/\/suresms.com\/en\/#website"},"primaryImageOfPage":{"@id":"https:\/\/suresms.com\/dk\/lp\/branche\/skabelon-branche\/#primaryimage"},"image":{"@id":"https:\/\/suresms.com\/dk\/lp\/branche\/skabelon-branche\/#primaryimage"},"thumbnailUrl":"https:\/\/suresms.com\/wp-content\/plugins\/bb-plugin\/img\/pixel.png","datePublished":"2025-12-30T10:27:09+00:00","dateModified":"2026-01-09T05:51:35+00:00","description":"Met beskrivning","breadcrumb":{"@id":"https:\/\/suresms.com\/dk\/lp\/branche\/skabelon-branche\/#breadcrumb"},"inLanguage":"sv-SE","potentialAction":[{"@type":"ReadAction","target":["https:\/\/suresms.com\/dk\/lp\/branche\/skabelon-branche\/"]}]},{"@type":"ImageObject","inLanguage":"sv-SE","@id":"https:\/\/suresms.com\/dk\/lp\/branche\/skabelon-branche\/#primaryimage","url":"https:\/\/suresms.com\/wp-content\/plugins\/bb-plugin\/img\/pixel.png","contentUrl":"https:\/\/suresms.com\/wp-content\/plugins\/bb-plugin\/img\/pixel.png"},{"@type":"BreadcrumbList","@id":"https:\/\/suresms.com\/dk\/lp\/branche\/skabelon-branche\/#breadcrumb","itemListElement":[{"@type":"ListItem","position":1,"name":"Home","item":"https:\/\/suresms.com\/dk\/"},{"@type":"ListItem","position":2,"name":"LP","item":"https:\/\/suresms.com\/lp\/"},{"@type":"ListItem","position":3,"name":"LP-Branche","item":"https:\/\/suresms.com\/lp\/branche\/"},{"@type":"ListItem","position":4,"name":"Landing Page Skabelon &#8211; Branche"}]},{"@type":"WebSite","@id":"https:\/\/suresms.com\/en\/#website","url":"https:\/\/suresms.com\/en\/","name":"SureSMS","description":"Professionell SMS Gateway","publisher":{"@id":"https:\/\/suresms.com\/en\/#organization"},"potentialAction":[{"@type":"SearchAction","target":{"@type":"EntryPoint","urlTemplate":"https:\/\/suresms.com\/en\/?s={search_term_string}"},"query-input":{"@type":"PropertyValueSpecification","valueRequired":true,"valueName":"search_term_string"}}],"inLanguage":"sv-SE"},{"@type":"Organization","@id":"https:\/\/suresms.com\/en\/#organization","name":"SureSMS","url":"https:\/\/suresms.com\/en\/","logo":{"@type":"ImageObject","inLanguage":"sv-SE","@id":"https:\/\/suresms.com\/en\/#\/schema\/logo\/image\/","url":"https:\/\/suresms.com\/wp-content\/uploads\/2024\/11\/suresms-300x65-1.png","contentUrl":"https:\/\/suresms.com\/wp-content\/uploads\/2024\/11\/suresms-300x65-1.png","width":300,"height":65,"caption":"SureSMS"},"image":{"@id":"https:\/\/suresms.com\/en\/#\/schema\/logo\/image\/"},"sameAs":["https:\/\/www.facebook.com\/p\/SureSMS-100044607956149\/"]}]}},"_links":{"self":[{"href":"https:\/\/suresms.com\/sv\/wp-json\/wp\/v2\/pages\/23651","targetHints":{"allow":["GET"]}}],"collection":[{"href":"https:\/\/suresms.com\/sv\/wp-json\/wp\/v2\/pages"}],"about":[{"href":"https:\/\/suresms.com\/sv\/wp-json\/wp\/v2\/types\/page"}],"author":[{"embeddable":true,"href":"https:\/\/suresms.com\/sv\/wp-json\/wp\/v2\/users\/1"}],"replies":[{"embeddable":true,"href":"https:\/\/suresms.com\/sv\/wp-json\/wp\/v2\/comments?post=23651"}],"version-history":[{"count":11,"href":"https:\/\/suresms.com\/sv\/wp-json\/wp\/v2\/pages\/23651\/revisions"}],"predecessor-version":[{"id":23798,"href":"https:\/\/suresms.com\/sv\/wp-json\/wp\/v2\/pages\/23651\/revisions\/23798"}],"up":[{"embeddable":true,"href":"https:\/\/suresms.com\/sv\/wp-json\/wp\/v2\/pages\/23772"}],"wp:attachment":[{"href":"https:\/\/suresms.com\/sv\/wp-json\/wp\/v2\/media?parent=23651"}],"wp:term":[{"taxonomy":"category","embeddable":true,"href":"https:\/\/suresms.com\/sv\/wp-json\/wp\/v2\/categories?post=23651"},{"taxonomy":"post_tag","embeddable":true,"href":"https:\/\/suresms.com\/sv\/wp-json\/wp\/v2\/tags?post=23651"}],"curies":[{"name":"wp","href":"https:\/\/api.w.org\/{rel}","templated":true}]}}