{"id":23544,"date":"2025-11-14T14:41:25","date_gmt":"2025-11-14T14:41:25","guid":{"rendered":"https:\/\/suresms.com\/?page_id=23544"},"modified":"2025-11-14T14:47:30","modified_gmt":"2025-11-14T14:47:30","slug":"kontosakerhet","status":"publish","type":"page","link":"https:\/\/suresms.com\/sv\/docs\/account\/kontosikkerhed\/","title":{"rendered":"Kontos\u00e4kerhet"},"content":{"rendered":"<!-- Flexy Breadcrumb -->\r\n\t\t\t<div class=\"fbc fbc-page\">\r\n\r\n\t\t\t\t<!-- Breadcrumb wrapper -->\r\n\t\t\t\t<div class=\"fbc-wrap\">\r\n\r\n\t\t\t\t\t<!-- Ordered list-->\r\n\t\t\t\t\t<ol class=\"fbc-items\" itemscope itemtype=\"https:\/\/schema.org\/BreadcrumbList\">\r\n\t\t\t\t\t\t            <li itemprop=\"itemListElement\" itemscope itemtype=\"https:\/\/schema.org\/ListItem\">\r\n                <span itemprop=\"name\">\r\n                    <!-- Home Link -->\r\n                    <a itemprop=\"item\" href=\"https:\/\/suresms.com\/sv\/\">\r\n                    \r\n                                                    <i class=\"fa fa-home\" aria-hidden=\"true\"><\/i>Hem                    <\/a>\r\n                <\/span>\r\n                <meta itemprop=\"position\" content=\"1\" \/><!-- Meta Position-->\r\n             <\/li><li><span class=\"fbc-separator\">\/<\/span><\/li><li class=\"active\" itemprop=\"itemListElement\" itemscope itemtype=\"https:\/\/schema.org\/ListItem\"><span itemprop=\"name\" title=\"Kontos\u00e4kerhet\">Kontos\u00e4kerhet<\/span><meta itemprop=\"position\" content=\"2\" \/><\/li>\t\t\t\t\t<\/ol>\r\n\t\t\t\t\t<div class=\"clearfix\"><\/div>\r\n\t\t\t\t<\/div>\r\n\t\t\t<\/div>\r\n\t\t\t\n<h1>\n\t\t\tKontos\u00e4kerhet\t<\/h1>\n\tSureSMS inneh\u00e5ller ett antal s\u00e4kerhetsfunktioner som hj\u00e4lper dig att skydda dina data, undvika missbruk och uppfylla kraven i GDPR. P\u00e5 den h\u00e4r sidan g\u00e5r vi igenom alla s\u00e4kerhetsinst\u00e4llningar som du kan aktivera p\u00e5 ditt konto - samt en ytterligare funktion som vi bara kan aktivera via support.\nAlla funktioner finns nedan:<br data-start=\"1551\" data-end=\"1554\" \/><strong data-start=\"1554\" data-end=\"1591\">Inst\u00e4llningar \u2192 Konto \u2192 S\u00e4kerhet<\/strong>\n<h2>\n\t\t\tIP-vitlista f\u00f6r e-post-till-SMS\t<\/h2>\n\tN\u00e4r du skickar SMS via Email-to-SMS kan du skydda ditt konto med IP-vitlistning.<br data-start=\"1723\" data-end=\"1726\" \/>Denna funktion s\u00e4kerst\u00e4ller att endast e-postmeddelanden som skickas fr\u00e5n beh\u00f6riga IP-adresser accepteras och skickas som SMS.\n<h3 data-start=\"1826\" data-end=\"1871\"><strong data-start=\"1830\" data-end=\"1871\">N\u00e4r b\u00f6r du anv\u00e4nda IP-vitlistning?<\/strong><\/h3>\n<ul data-start=\"1872\" data-end=\"2067\">\n<li data-start=\"1872\" data-end=\"1926\">\nOm du skickar fr\u00e5n <strong data-start=\"1893\" data-end=\"1924\">Egen SMTP-server i lokalerna<\/strong>\n<\/li>\n<li data-start=\"1927\" data-end=\"1992\">\nOm ditt f\u00f6retag vill <strong data-start=\"1956\" data-end=\"1976\">extra s\u00e4kerhet<\/strong> vid avs\u00e4ndande\n<\/li>\n<li data-start=\"1993\" data-end=\"2067\">\nOm du vill se till att endast e-postmeddelanden fr\u00e5n dina interna system kan skicka SMS\n<\/li>\n<\/ul>\nDe flesta molnbaserade e-postleverant\u00f6rer \u00e5teranv\u00e4nder IP-adresser f\u00f6r m\u00e5nga kunder, s\u00e5 i de flesta fall rekommenderar vi att du skickar via Email-to-SMS med <strong data-start=\"2223\" data-end=\"2256\">API-nyckel i avs\u00e4ndaradressen<\/strong> (format: <em data-start=\"2266\" data-end=\"2296\">telefonnummer.api-nyckel.APIKEY<\/em>).\nMen om du har full kontroll \u00f6ver din egen e-postserver \u00e4r vitlistning en kraftfull l\u00f6sning.\n\t\t\t\t\t<video src=\"https:\/\/suresms.com\/wp-content\/uploads\/2025\/11\/OK - Dokumentation - Konto - Sikkerhed.mp4\" alt=\"hosted-video-thumbnail\"><\/video>\n\t\t<h2>\n\t\t\tF\u00f6rvr\u00e4nga meddelanden efter X minuter\t<\/h2>\n\tF\u00f6r efterlevnad av GDPR kan du med SureSMS <strong data-start=\"2489\" data-end=\"2501\">f\u00f6rvr\u00e4nga<\/strong> meddelanden efter ett visst antal minuter. Standardv\u00e4rdet \u00e4r <strong data-start=\"2555\" data-end=\"2569\">0 minuter<\/strong>, vilket inneb\u00e4r att meddelanden aldrig blir krypterade.\n<h3 data-start=\"2619\" data-end=\"2667\"><strong data-start=\"2623\" data-end=\"2667\">Vad inneb\u00e4r det att f\u00f6rvr\u00e4nga meddelanden?<\/strong><\/h3>\nN\u00e4r ett meddelande \u00e4r krypterat:\n<ul data-start=\"2694\" data-end=\"2897\">\n<li data-start=\"2694\" data-end=\"2757\">\nDe fyra mittersta siffrorna i telefonnumret ers\u00e4tts med <code data-start=\"2752\" data-end=\"2755\">#<\/code>\n<\/li>\n<li data-start=\"2758\" data-end=\"2807\">\nHela meddelandets inneh\u00e5ll skrivs \u00f6ver med <code data-start=\"2797\" data-end=\"2805\">******<\/code>\n<\/li>\n<li data-start=\"2808\" data-end=\"2897\">\nDu kan fortfarande se, <em data-start=\"2828\" data-end=\"2832\">att<\/em> Meddelandet har skickats - men inte till vem eller vad som skickades\n<\/li>\n<\/ul>\nDetta ger ett b\u00e4ttre dataskydd samtidigt som vi kan dokumentera SMS-anv\u00e4ndningen om du skulle tvivla p\u00e5 antalet skickade meddelanden.\n<h3 data-start=\"3049\" data-end=\"3110\"><strong data-start=\"3053\" data-end=\"3110\">Viktigt att veta - teleoperat\u00f6rer lagrar meddelanden sj\u00e4lva<\/strong><\/h3>\n\u00c4ven om SureSMS krypteras efter till exempel 10 minuter finns meddelandet fortfarande kvar hos operat\u00f6ren i upp till <strong data-start=\"3209\" data-end=\"3221\">72 timmar<\/strong>, om telefonen \u00e4r avst\u00e4ngd eller inte har t\u00e4ckning. Detta \u00e4r standard i hela SMS-infrastrukturen och inget som SMS-gateways kan \u00e4ndra p\u00e5.\n<h2>\n\t\t\tBlockera s\u00e4ndningar till utvalda l\u00e4nder\t<\/h2>\n\tF\u00f6r att undvika felaktiga utskick eller missbruk kan du v\u00e4lja exakt vilka l\u00e4nder som kan ta emot SMS fr\u00e5n ditt konto.\n<h3 data-start=\"3519\" data-end=\"3552\"><strong data-start=\"3523\" data-end=\"3552\">Varf\u00f6r \u00e4r detta viktigt?<\/strong><\/h3>\nExterna system kan ibland skicka SMS utan r\u00e4tt landskod.<br data-start=\"3623\" data-end=\"3626\" \/>Exempel:<br data-start=\"3635\" data-end=\"3638\" \/>Ett nummer som b\u00f6rjar med <strong data-start=\"3664\" data-end=\"3670\">21<\/strong> tolkas i m\u00e5nga fall som <strong data-start=\"3706\" data-end=\"3718\">Algeriet<\/strong>.\nGenom att blockera alla l\u00e4nder utom de du vill ha, undviker du:\n<ul data-start=\"3778\" data-end=\"3841\">\n<li data-start=\"3778\" data-end=\"3800\">\noavsiktlig trafik,\n<\/li>\n<li data-start=\"3801\" data-end=\"3818\">\nFalska siffror,\n<\/li>\n<li data-start=\"3819\" data-end=\"3841\">\non\u00f6dig beskattning.\n<\/li>\n<\/ul>\nOm ett meddelande f\u00f6rs\u00f6ker skickas till ett blockerat land stoppar vi det - och du betalar inte f\u00f6r f\u00f6rs\u00f6ket.\n<h2>\n\t\t\tAutomatiskt spamfilter (kan endast aktiveras\/avaktiveras via support)\t<\/h2>\n\tSureSMS har ett inbyggt spamfilter f\u00f6r att f\u00f6rhindra oavsiktliga dubbels\u00e4ndningar:\n<ul data-start=\"4110\" data-end=\"4296\">\n<li data-start=\"4110\" data-end=\"4213\">\nOm <strong data-start=\"4117\" data-end=\"4133\">Samma meddelande<\/strong> till <strong data-start=\"4138\" data-end=\"4156\">samma mottagare<\/strong> Levereras inom <strong data-start=\"4174\" data-end=\"4189\">10 minuter<\/strong>, Nr 2 avstyrks.\n<\/li>\n<li data-start=\"4214\" data-end=\"4296\">\nP\u00e5 s\u00e5 s\u00e4tt undviker du att mottagaren tror att n\u00e5got \u00e4r fel eller k\u00e4nner sig spammad.\n<\/li>\n<\/ul>\n<h3 data-start=\"4298\" data-end=\"4339\"><strong data-start=\"4302\" data-end=\"4339\">N\u00e4r st\u00e4nger vi av spamfiltret?<\/strong><\/h3>\nVissa system - s\u00e4rskilt IOT-enheter - kan kr\u00e4va att samma SMS skickas flera g\u00e5nger i snabb f\u00f6ljd.\nExempel p\u00e5 detta:\n<ul data-start=\"4455\" data-end=\"4530\">\n<li data-start=\"4455\" data-end=\"4469\">\nvattenm\u00e4tare\n<\/li>\n<li data-start=\"4470\" data-end=\"4485\">\nv\u00e4rmem\u00e4tare\n<\/li>\n<li data-start=\"4486\" data-end=\"4506\">\ntekniska larm\n<\/li>\n<li data-start=\"4507\" data-end=\"4530\">\nindustriella sensorer\n<\/li>\n<\/ul>\nI dessa fall kan v\u00e5r support avaktivera skr\u00e4ppostfiltret f\u00f6r ditt konto.\n<h2>\n\t\t\tSammanfattning: Dina s\u00e4kerhetsalternativ i SureSMS\t<\/h2>\n<table data-start=\"4667\" data-end=\"5102\">\n<thead data-start=\"4667\" data-end=\"4718\">\n<tr data-start=\"4667\" data-end=\"4718\">\n<th data-start=\"4667\" data-end=\"4678\" data-col-size=\"sm\">Funktionalitet<\/th>\n<th data-start=\"4678\" data-end=\"4693\" data-col-size=\"md\">Vad den g\u00f6r<\/th>\n<th data-start=\"4693\" data-end=\"4718\" data-col-size=\"sm\">Var ska den aktiveras?<\/th>\n<\/tr>\n<\/thead>\n<tbody data-start=\"4771\" data-end=\"5102\">\n<tr data-start=\"4771\" data-end=\"4845\">\n<td data-start=\"4771\" data-end=\"4790\" data-col-size=\"sm\"><strong data-start=\"4773\" data-end=\"4789\">IP-vitlista<\/strong><\/td>\n<td data-start=\"4790\" data-end=\"4824\" data-col-size=\"md\">S\u00e4krar e-post-till-SMS mot missbruk<\/td>\n<td data-start=\"4824\" data-end=\"4845\" data-col-size=\"sm\">Konto \u2192 S\u00e4kerhet<\/td>\n<\/tr>\n<tr data-start=\"4846\" data-end=\"4935\">\n<td data-start=\"4846\" data-end=\"4870\" data-col-size=\"sm\"><strong data-start=\"4848\" data-end=\"4869\">F\u00f6rvr\u00e4nga meddelanden<\/strong><\/td>\n<td data-start=\"4870\" data-end=\"4914\" data-col-size=\"md\">Maskera nummer och inneh\u00e5ll efter X minuter<\/td>\n<td data-start=\"4914\" data-end=\"4935\" data-col-size=\"sm\">Konto \u2192 S\u00e4kerhet<\/td>\n<\/tr>\n<tr data-start=\"4936\" data-end=\"5023\">\n<td data-start=\"4936\" data-end=\"4957\" data-col-size=\"sm\"><strong data-start=\"4938\" data-end=\"4956\">Blockering av land<\/strong><\/td>\n<td data-start=\"4957\" data-end=\"5002\" data-col-size=\"md\">F\u00f6rhindrar s\u00e4ndning till o\u00f6nskade destinationer<\/td>\n<td data-start=\"5002\" data-end=\"5023\" data-col-size=\"sm\">Konto \u2192 S\u00e4kerhet<\/td>\n<\/tr>\n<tr data-start=\"5024\" data-end=\"5102\">\n<td data-start=\"5024\" data-end=\"5041\" data-col-size=\"sm\"><strong data-start=\"5026\" data-end=\"5040\">Filter mot skr\u00e4ppost<\/strong><\/td>\n<td data-start=\"5041\" data-end=\"5083\" data-col-size=\"md\">Stoppar dubbletter inom 10 minuter<\/td>\n<td data-start=\"5083\" data-end=\"5102\" data-col-size=\"sm\">Kontakta support<\/td>\n<\/tr>\n<\/tbody>\n<\/table>","protected":false},"excerpt":{"rendered":"<p>Kontos\u00e4kerhet SureSMS inneh\u00e5ller ett antal s\u00e4kerhetsfunktioner som hj\u00e4lper dig att skydda dina uppgifter, undvika missbruk och uppfylla GDPR-kraven. P\u00e5 den h\u00e4r sidan g\u00e5r vi igenom alla s\u00e4kerhetsinst\u00e4llningar som du kan aktivera p\u00e5 ditt konto - samt en ytterligare funktion som vi bara kan aktivera via support. Alla funktioner hittar du under: Inst\u00e4llningar \u2192 Konto \u2192 ... <a title=\"Kontos\u00e4kerhet\" class=\"read-more\" href=\"https:\/\/suresms.com\/sv\/docs\/account\/kontosikkerhed\/\" aria-label=\"L\u00e4s mer om kontos\u00e4kerhet\">L\u00e4s mer om det<\/a><\/p>","protected":false},"author":1,"featured_media":0,"parent":18156,"menu_order":0,"comment_status":"closed","ping_status":"closed","template":"","meta":{"_fl_builder_enabled":"1","_fl_builder_data":null,"_fl_builder_draft":null,"_fl_builder_data_settings":null,"_fl_builder_css":"","_fl_builder_css_version":"","_fl_builder_js":"","footnotes":""},"categories":[],"tags":[],"class_list":["post-23544","page","type-page","status-publish"],"yoast_head":"<!-- This site is optimized with the Yoast SEO Premium plugin v27.3 (Yoast SEO v27.3) - https:\/\/yoast.com\/product\/yoast-seo-premium-wordpress\/ -->\r\n<title>Konto sikkerhed -<\/title>\r\n<meta name=\"robots\" content=\"index, follow, max-snippet:-1, max-image-preview:large, max-video-preview:-1\" \/>\r\n<link rel=\"canonical\" href=\"https:\/\/suresms.com\/sv\/dokument\/konto\/kontosakerhet\/\" \/>\r\n<meta property=\"og:locale\" content=\"sv_SE\" \/>\r\n<meta property=\"og:type\" content=\"article\" \/>\r\n<meta property=\"og:title\" content=\"Konto sikkerhed\" \/>\r\n<meta property=\"og:description\" content=\"Kontosikkerhed SureSMS indeholder en r\u00e6kke sikkerhedsfunktioner, som hj\u00e6lper dig med at beskytte dine data, undg\u00e5 misbrug og leve op til GDPR-krav. P\u00e5 denne side gennemg\u00e5r vi alle de sikkerhedsindstillinger, du kan sl\u00e5 til p\u00e5 din konto &#8211; samt \u00e9n ekstra funktion, som vi kun kan aktivere via supporten. Alle funktioner findes under:Indstillinger \u2192 Konto \u2192 ... L\u00e4s mer\" \/>\r\n<meta property=\"og:url\" content=\"https:\/\/suresms.com\/sv\/dokument\/konto\/kontosakerhet\/\" \/>\r\n<meta property=\"article:publisher\" content=\"https:\/\/www.facebook.com\/p\/SureSMS-100044607956149\/\" \/>\r\n<meta property=\"article:modified_time\" content=\"2025-11-14T14:47:30+00:00\" \/>\r\n<meta name=\"twitter:card\" content=\"summary_large_image\" \/>\r\n<meta name=\"twitter:label1\" content=\"Ber\u00e4knad l\u00e4stid\" \/>\n\t<meta name=\"twitter:data1\" content=\"3 minuter\" \/>\r\n<script type=\"application\/ld+json\" class=\"yoast-schema-graph\">{\"@context\":\"https:\\\/\\\/schema.org\",\"@graph\":[{\"@type\":\"WebPage\",\"@id\":\"https:\\\/\\\/suresms.com\\\/dk\\\/docs\\\/account\\\/kontosikkerhed\\\/\",\"url\":\"https:\\\/\\\/suresms.com\\\/dk\\\/docs\\\/account\\\/kontosikkerhed\\\/\",\"name\":\"Konto sikkerhed -\",\"isPartOf\":{\"@id\":\"https:\\\/\\\/suresms.com\\\/en\\\/#website\"},\"datePublished\":\"2025-11-14T14:41:25+00:00\",\"dateModified\":\"2025-11-14T14:47:30+00:00\",\"breadcrumb\":{\"@id\":\"https:\\\/\\\/suresms.com\\\/dk\\\/docs\\\/account\\\/kontosikkerhed\\\/#breadcrumb\"},\"inLanguage\":\"sv-SE\",\"potentialAction\":[{\"@type\":\"ReadAction\",\"target\":[\"https:\\\/\\\/suresms.com\\\/dk\\\/docs\\\/account\\\/kontosikkerhed\\\/\"]}]},{\"@type\":\"BreadcrumbList\",\"@id\":\"https:\\\/\\\/suresms.com\\\/dk\\\/docs\\\/account\\\/kontosikkerhed\\\/#breadcrumb\",\"itemListElement\":[{\"@type\":\"ListItem\",\"position\":1,\"name\":\"Home\",\"item\":\"https:\\\/\\\/suresms.com\\\/dk\\\/\"},{\"@type\":\"ListItem\",\"position\":2,\"name\":\"Dokumentation\",\"item\":\"https:\\\/\\\/suresms.com\\\/dk\\\/docs\\\/\"},{\"@type\":\"ListItem\",\"position\":3,\"name\":\"Konto\",\"item\":\"https:\\\/\\\/suresms.com\\\/dk\\\/docs\\\/account\\\/\"},{\"@type\":\"ListItem\",\"position\":4,\"name\":\"Konto sikkerhed\"}]},{\"@type\":\"WebSite\",\"@id\":\"https:\\\/\\\/suresms.com\\\/en\\\/#website\",\"url\":\"https:\\\/\\\/suresms.com\\\/en\\\/\",\"name\":\"SureSMS\",\"description\":\"Professionel SMS Gateway\",\"publisher\":{\"@id\":\"https:\\\/\\\/suresms.com\\\/en\\\/#organization\"},\"potentialAction\":[{\"@type\":\"SearchAction\",\"target\":{\"@type\":\"EntryPoint\",\"urlTemplate\":\"https:\\\/\\\/suresms.com\\\/en\\\/?s={search_term_string}\"},\"query-input\":{\"@type\":\"PropertyValueSpecification\",\"valueRequired\":true,\"valueName\":\"search_term_string\"}}],\"inLanguage\":\"sv-SE\"},{\"@type\":\"Organization\",\"@id\":\"https:\\\/\\\/suresms.com\\\/en\\\/#organization\",\"name\":\"SureSMS\",\"url\":\"https:\\\/\\\/suresms.com\\\/en\\\/\",\"logo\":{\"@type\":\"ImageObject\",\"inLanguage\":\"sv-SE\",\"@id\":\"https:\\\/\\\/suresms.com\\\/en\\\/#\\\/schema\\\/logo\\\/image\\\/\",\"url\":\"https:\\\/\\\/suresms.com\\\/wp-content\\\/uploads\\\/2024\\\/11\\\/suresms-300x65-1.png\",\"contentUrl\":\"https:\\\/\\\/suresms.com\\\/wp-content\\\/uploads\\\/2024\\\/11\\\/suresms-300x65-1.png\",\"width\":300,\"height\":65,\"caption\":\"SureSMS\"},\"image\":{\"@id\":\"https:\\\/\\\/suresms.com\\\/en\\\/#\\\/schema\\\/logo\\\/image\\\/\"},\"sameAs\":[\"https:\\\/\\\/www.facebook.com\\\/p\\\/SureSMS-100044607956149\\\/\"]}]}<\/script>\r\n<!-- \/ Yoast SEO Premium plugin. -->","yoast_head_json":{"title":"Kontos\u00e4kerhet","robots":{"index":"index","follow":"follow","max-snippet":"max-snippet:-1","max-image-preview":"max-image-preview:large","max-video-preview":"max-video-preview:-1"},"canonical":"https:\/\/suresms.com\/sv\/dokument\/konto\/kontosakerhet\/","og_locale":"sv_SE","og_type":"article","og_title":"Konto sikkerhed","og_description":"Kontosikkerhed SureSMS indeholder en r\u00e6kke sikkerhedsfunktioner, som hj\u00e6lper dig med at beskytte dine data, undg\u00e5 misbrug og leve op til GDPR-krav. P\u00e5 denne side gennemg\u00e5r vi alle de sikkerhedsindstillinger, du kan sl\u00e5 til p\u00e5 din konto &#8211; samt \u00e9n ekstra funktion, som vi kun kan aktivere via supporten. Alle funktioner findes under:Indstillinger \u2192 Konto \u2192 ... L\u00e4s mer","og_url":"https:\/\/suresms.com\/sv\/dokument\/konto\/kontosakerhet\/","article_publisher":"https:\/\/www.facebook.com\/p\/SureSMS-100044607956149\/","article_modified_time":"2025-11-14T14:47:30+00:00","twitter_card":"summary_large_image","twitter_misc":{"Ber\u00e4knad l\u00e4stid":"3 minuter"},"schema":{"@context":"https:\/\/schema.org","@graph":[{"@type":"WebPage","@id":"https:\/\/suresms.com\/dk\/docs\/account\/kontosikkerhed\/","url":"https:\/\/suresms.com\/dk\/docs\/account\/kontosikkerhed\/","name":"Kontos\u00e4kerhet","isPartOf":{"@id":"https:\/\/suresms.com\/en\/#website"},"datePublished":"2025-11-14T14:41:25+00:00","dateModified":"2025-11-14T14:47:30+00:00","breadcrumb":{"@id":"https:\/\/suresms.com\/dk\/docs\/account\/kontosikkerhed\/#breadcrumb"},"inLanguage":"sv-SE","potentialAction":[{"@type":"ReadAction","target":["https:\/\/suresms.com\/dk\/docs\/account\/kontosikkerhed\/"]}]},{"@type":"BreadcrumbList","@id":"https:\/\/suresms.com\/dk\/docs\/account\/kontosikkerhed\/#breadcrumb","itemListElement":[{"@type":"ListItem","position":1,"name":"Home","item":"https:\/\/suresms.com\/dk\/"},{"@type":"ListItem","position":2,"name":"Dokumentation","item":"https:\/\/suresms.com\/dk\/docs\/"},{"@type":"ListItem","position":3,"name":"Konto","item":"https:\/\/suresms.com\/dk\/docs\/account\/"},{"@type":"ListItem","position":4,"name":"Konto sikkerhed"}]},{"@type":"WebSite","@id":"https:\/\/suresms.com\/en\/#website","url":"https:\/\/suresms.com\/en\/","name":"SureSMS","description":"Professionell SMS Gateway","publisher":{"@id":"https:\/\/suresms.com\/en\/#organization"},"potentialAction":[{"@type":"SearchAction","target":{"@type":"EntryPoint","urlTemplate":"https:\/\/suresms.com\/en\/?s={search_term_string}"},"query-input":{"@type":"PropertyValueSpecification","valueRequired":true,"valueName":"search_term_string"}}],"inLanguage":"sv-SE"},{"@type":"Organization","@id":"https:\/\/suresms.com\/en\/#organization","name":"SureSMS","url":"https:\/\/suresms.com\/en\/","logo":{"@type":"ImageObject","inLanguage":"sv-SE","@id":"https:\/\/suresms.com\/en\/#\/schema\/logo\/image\/","url":"https:\/\/suresms.com\/wp-content\/uploads\/2024\/11\/suresms-300x65-1.png","contentUrl":"https:\/\/suresms.com\/wp-content\/uploads\/2024\/11\/suresms-300x65-1.png","width":300,"height":65,"caption":"SureSMS"},"image":{"@id":"https:\/\/suresms.com\/en\/#\/schema\/logo\/image\/"},"sameAs":["https:\/\/www.facebook.com\/p\/SureSMS-100044607956149\/"]}]}},"_links":{"self":[{"href":"https:\/\/suresms.com\/sv\/wp-json\/wp\/v2\/pages\/23544","targetHints":{"allow":["GET"]}}],"collection":[{"href":"https:\/\/suresms.com\/sv\/wp-json\/wp\/v2\/pages"}],"about":[{"href":"https:\/\/suresms.com\/sv\/wp-json\/wp\/v2\/types\/page"}],"author":[{"embeddable":true,"href":"https:\/\/suresms.com\/sv\/wp-json\/wp\/v2\/users\/1"}],"replies":[{"embeddable":true,"href":"https:\/\/suresms.com\/sv\/wp-json\/wp\/v2\/comments?post=23544"}],"version-history":[{"count":3,"href":"https:\/\/suresms.com\/sv\/wp-json\/wp\/v2\/pages\/23544\/revisions"}],"predecessor-version":[{"id":23549,"href":"https:\/\/suresms.com\/sv\/wp-json\/wp\/v2\/pages\/23544\/revisions\/23549"}],"up":[{"embeddable":true,"href":"https:\/\/suresms.com\/sv\/wp-json\/wp\/v2\/pages\/18156"}],"wp:attachment":[{"href":"https:\/\/suresms.com\/sv\/wp-json\/wp\/v2\/media?parent=23544"}],"wp:term":[{"taxonomy":"category","embeddable":true,"href":"https:\/\/suresms.com\/sv\/wp-json\/wp\/v2\/categories?post=23544"},{"taxonomy":"post_tag","embeddable":true,"href":"https:\/\/suresms.com\/sv\/wp-json\/wp\/v2\/tags?post=23544"}],"curies":[{"name":"wp","href":"https:\/\/api.w.org\/{rel}","templated":true}]}}