{"id":23531,"date":"2025-11-11T09:58:32","date_gmt":"2025-11-11T09:58:32","guid":{"rendered":"https:\/\/suresms.com\/?page_id=23531"},"modified":"2025-11-11T10:47:34","modified_gmt":"2025-11-11T10:47:34","slug":"sms-2-sms-installning","status":"publish","type":"page","link":"https:\/\/suresms.com\/sv\/docs\/guides\/sms-2-sms-opstning\/","title":{"rendered":"SMS-2-SMS inst\u00e4llning"},"content":{"rendered":"<!-- Flexy Breadcrumb -->\r\n\t\t\t<div class=\"fbc fbc-page\">\r\n\r\n\t\t\t\t<!-- Breadcrumb wrapper -->\r\n\t\t\t\t<div class=\"fbc-wrap\">\r\n\r\n\t\t\t\t\t<!-- Ordered list-->\r\n\t\t\t\t\t<ol class=\"fbc-items\" itemscope itemtype=\"https:\/\/schema.org\/BreadcrumbList\">\r\n\t\t\t\t\t\t            <li itemprop=\"itemListElement\" itemscope itemtype=\"https:\/\/schema.org\/ListItem\">\r\n                <span itemprop=\"name\">\r\n                    <!-- Home Link -->\r\n                    <a itemprop=\"item\" href=\"https:\/\/suresms.com\/sv\/\">\r\n                    \r\n                                                    <i class=\"fa fa-home\" aria-hidden=\"true\"><\/i>Hem                    <\/a>\r\n                <\/span>\r\n                <meta itemprop=\"position\" content=\"1\" \/><!-- Meta Position-->\r\n             <\/li><li><span class=\"fbc-separator\">\/<\/span><\/li><li class=\"active\" itemprop=\"itemListElement\" itemscope itemtype=\"https:\/\/schema.org\/ListItem\"><span itemprop=\"name\" title=\"SMS-2-SMS inst\u00e4llning\">SMS-2-SMS inst\u00e4llning<\/span><meta itemprop=\"position\" content=\"2\" \/><\/li>\t\t\t\t\t<\/ol>\r\n\t\t\t\t\t<div class=\"clearfix\"><\/div>\r\n\t\t\t\t<\/div>\r\n\t\t\t<\/div>\r\n\t\t\t\n<h1>\n\t\t\tSMS-2-SMS inst\u00e4llning\t<\/h1>\n\t<p>SMS2SMS \u00e4r en kraftfull funktion som g\u00f6r det m\u00f6jligt att automatiskt skicka SMS-meddelanden till en f\u00f6rdefinierad grupp via ett enda inkommande SMS. \u00c4ven om det kan l\u00e5ta som en omv\u00e4g \u00f6ppnar denna form av SMS-automatisering upp f\u00f6r ett antal effektiva kommunikationsscenarier.<\/p>\n<p>Den h\u00e4r guiden g\u00e5r igenom vad SMS2SMS \u00e4r, hur det kan anv\u00e4ndas i praktiken och hur du enkelt kan konfigurera och testa det p\u00e5 SureSMS-plattformen.<\/p>\n<h2>\n\t\t\tVad \u00e4r SMS2SMS?\t<\/h2>\n\t<p>SMS2SMS-funktionens k\u00e4rna \u00e4r att f\u00f6rvandla ett enda inkommande SMS till en bulk-SMS-s\u00e4ndning. En anv\u00e4ndare skickar ett SMS-meddelande till ett dedikerat virtuellt telefonnummer p\u00e5 SureSMS-plattformen. Meddelandet m\u00e5ste b\u00f6rja med ett specifikt SMS-nyckelord som \u00e4r kopplat till en kontaktgrupp.<\/p>\n<p>Plattformen k\u00e4nner igen nyckelordet, tar bort det fr\u00e5n meddelandet och vidarebefordrar den \u00e5terst\u00e5ende texten till alla medlemmar i gruppen. Detta skapar en enkel men effektiv SMS-gateway f\u00f6r gruppkommunikation utan att man beh\u00f6ver logga in p\u00e5 en plattform eller f\u00e5 tillg\u00e5ng till kompletta kontaktlistor.<\/p>\n<h2>\n\t\t\tVilka scenarier kan SMS2SMS anv\u00e4ndas i?\t<\/h2>\n\t<p>Flexibiliteten i SMS2SMS g\u00f6r det anv\u00e4ndbart i m\u00e5nga olika situationer d\u00e4r snabb och m\u00e5linriktad kommunikation beh\u00f6vs. H\u00e4r \u00e4r n\u00e5gra exempel:<\/p>\n\t\t\t\t<table>\n\t\t\t\t\t<thead>\n\t\t\t\t\t\t\t\t\t\t\t\t\t\t<tr>\n\t\t\t\t\t\t\t\t\t\t\t\t\t\t\t<th rowspan=\"\" colspan=\"\">\n\t\t\t\t\t\t\t\t\t\t\t\t\t\t\t\t\t<label>\n\t\t\t\t\t\t\t\t\t\t<\/label><label> Scenario <\/label>\n\t\t\t\t\t\t\t\t\t\n\t\t\t\t\t\t\t\t\t\t\t\t\t\t\t\t\t<\/th>\n\t\t\t\t\t\t\t\t\t\t\t\t\t\t<th rowspan=\"\" colspan=\"\">\n\t\t\t\t\t\t\t\t\t\t\t\t\t\t\t\t\t<label>\n\t\t\t\t\t\t\t\t\t\t<\/label><label> Beskrivning av anv\u00e4ndning <\/label>\n\t\t\t\t\t\t\t\t\t\n\t\t\t\t\t\t\t\t\t\t\t\t\t\t\t\t\t<\/th>\n\t\t\t\t\t\t\t\t\t\t\t<\/tr><\/thead>\n\t\t\t\t\t<tbody>\n\t\t\t\t\t\t\t\t\t\t\t\t\t\t\t<tr>\n\t\t\t\t\t\t\t\t\t\t\t\t\t\t\t\t\t\t\t\t<td colspan=\"\" rowspan=\"\">\n\t\t\t\t\t\t\t\t\t\t\t\t\t\t\t\t\t\t\t\t\t\t\t Bostadsr\u00e4ttsf\u00f6reningar \n\t\t\t\t\t\t\t\t\t\t\t\t\t\t\t\t\t\t\t\t\t\t\t<\/td>\n\t\t\t\t\t\t\t\t\t\t\t\t\t\t\t\t<td colspan=\"\" rowspan=\"\">\n\t\t\t\t\t\t\t\t\t\t\t\t\t\t\t En entrepren\u00f6r kan skicka ett meddelande till ett centralt nummer med ett nyckelord f\u00f6r en specifik korridor (t.ex. \u201cKorridor5A Vi st\u00e4nger av vattnet kl. 14.00\u201d). Meddelandet skickas automatiskt till alla boende i det aktuella kvarteret utan att entrepren\u00f6ren har tillg\u00e5ng till deras privata telefonnummer. \n\t\t\t\t\t\t\t\t\t\t\t\t\t\t\t\t\t\t\t\t\t\t\t\t<\/td>\n\t\t\t\t\t\t\t\t\t\t\t\t\t\t\t<\/tr><tr>\n\t\t\t\t\t\t\t\t\t\t\t\t\t\t\t\t\t\t\t\t<td colspan=\"\" rowspan=\"\">\n\t\t\t\t\t\t\t\t\t\t\t\t\t\t\t\t\t\t\t\t\t\t\t Medarbetare i f\u00e4lt \n\t\t\t\t\t\t\t\t\t\t\t\t\t\t\t\t\t\t\t\t\t\t\t<\/td>\n\t\t\t\t\t\t\t\t\t\t\t\t\t\t\t\t<td colspan=\"\" rowspan=\"\">\n\t\t\t\t\t\t\t\t\t\t\t\t\t\t\t\t\t\t\t\t\t\t\t En medarbetare som beh\u00f6ver hj\u00e4lp kan skicka ett SMS till en grupp baserad p\u00e5 geografi (t.ex. \u201cHJ\u00d8RRING Jag beh\u00f6ver hj\u00e4lp p\u00e5 adress X\u201d). Systemet skickar meddelandet till alla kollegor i Hj\u00f8rring-teamet. \n\t\t\t\t\t\t\t\t\t\t\t\t\t\t\t\t\t\t\t\t\t\t\t<\/td>\n\t\t\t\t\t\t\t\t\t\t\t\t\t\t\t<\/tr><tr>\n\t\t\t\t\t\t\t\t\t\t\t\t\t\t\t\t\t\t\t\t<td colspan=\"\" rowspan=\"\">\n\t\t\t\t\t\t\t\t\t\t\t\t\t\t\t\t\t\t\t\t\t\t\t Transport med skolbuss \n\t\t\t\t\t\t\t\t\t\t\t\t\t\t\t\t\t\t\t\t\t\t\t<\/td>\n\t\t\t\t\t\t\t\t\t\t\t\t\t\t\t\t<td colspan=\"\" rowspan=\"\">\n\t\t\t\t\t\t\t\t\t\t\t\t\t\t\t\t\t\t\t\t\t\t\t En chauff\u00f6r som \u00e4r f\u00f6rsenad kan snabbt informera alla f\u00f6r\u00e4ldrar p\u00e5 en specifik rutt genom att skicka ett SMS som \u201cROUTE1 Bussen \u00e4r 20 minuter f\u00f6rsenad p\u00e5 grund av trafik\u201d. \n\t\t\t\t\t\t\t\t\t\t\t\t\t\t\t\t\t\t\t\t\t\t\t<\/td>\n\t\t\t\t\t\t\t\t\t\t\t\t\t\t\t<\/tr><tr>\n\t\t\t\t\t\t\t\t\t\t\t\t\t\t\t\t\t\t\t\t<td colspan=\"\" rowspan=\"\">\n\t\t\t\t\t\t\t\t\t\t\t\t\t\t\t\t\t\t\t\t\t\t\t Idrottsf\u00f6reningar \n\t\t\t\t\t\t\t\t\t\t\t\t\t\t\t\t\t\t\t\t\t\t\t<\/td>\n\t\t\t\t\t\t\t\t\t\t\t\t\t\t\t\t<td colspan=\"\" rowspan=\"\">\n\t\t\t\t\t\t\t\t\t\t\t\t\t\t\t\t\t\t\t\t\t\t\t En fotbollstr\u00e4nare kan st\u00e4lla in tr\u00e4ningen i sista minuten genom att skicka ett meddelande till sitt lags nyckelord (t.ex. \u201cU12 TEAM Tr\u00e4ning inst\u00e4lld p\u00e5 grund av regn\u201d). Meddelandet g\u00e5r ut till alla spelare och f\u00f6r\u00e4ldrar p\u00e5 listan. \n\t\t\t\t\t\t\t\t\t\t\t\t\t\t\t\t\t\t\t\t\t\t\t<\/td>\n\t\t\t\t\t\t\t\t\t\t\t<\/tr><\/tbody>\n\t\t\t\t<\/table>\n\t<p>Dessa scenarier illustrerar hur SMS-automation kan centralisera och f\u00f6renkla kommunikationen samtidigt som datas\u00e4kerheten bibeh\u00e5lls, eftersom avs\u00e4ndaren inte beh\u00f6ver hantera eller ha tillg\u00e5ng till mottagarlistorna.<\/p>\n<h2>\n\t\t\tHur st\u00e4ller jag in SMS2SMS i SureSMS?\t<\/h2>\n\t<p>Att konfigurera SMS2SMS p\u00e5 SureSMS-plattformen omfattar tre huvudsteg: best\u00e4lla ett inkommande nummer, skapa en kontaktgrupp med ett nyckelord och konfigurera gruppinst\u00e4llningarna. H\u00e4r \u00e4r en steg-f\u00f6r-steg-guide:<\/p>\n<h3>\n\t\t\tSteg 1: Best\u00e4ll ett inkommande telefonnummer\t<\/h3>\n\t<p>F\u00f6r att kunna ta emot SMS-meddelanden m\u00e5ste du ha ett dedikerat nummer p\u00e5 plattformen.<\/p>\n<ul>\n<li>Navigera till Inst\u00e4llningar och v\u00e4lj Avs\u00e4ndarnamn.<\/li>\n<li>Klicka p\u00e5 knappen Order f\u00f6r att se en lista \u00f6ver tillg\u00e4ngliga virtuella telefonnummer.<\/li>\n<li>V\u00e4lj ett nummer fr\u00e5n listan och bekr\u00e4fta best\u00e4llningen.<\/li>\n<li>N\u00e4r numret visas i din lista \u00f6ver avs\u00e4ndarv\u00e4rden markerar du det som standardnummer. Detta g\u00f6rs f\u00f6r att ange att detta \u00e4r det nummer som plattformen ska anv\u00e4nda f\u00f6r att ta emot inkommande meddelanden. Numret kommer att ha en gr\u00f6n bock som indikerar att det \u00e4r ett virtuellt l\u00e5ngt nummer<\/li>\n<\/ul>\n\t\t\t\t\t<video src=\"https:\/\/suresms.com\/wp-content\/uploads\/2025\/11\/Guides - Setup of SMS-2-SMS.mp4\" alt=\"hosted-video-thumbnail\"><\/video>\n\t\t<h3>\n\t\t\tSteg 2: Skapa en kontaktgrupp och ett nyckelord\t<\/h3>\n\t<p>N\u00e4sta steg \u00e4r att organisera de kontakter som ska ta emot meddelandena i en grupp och tilldela dem ett unikt nyckelord.<\/p>\n<ul>\n<li>G\u00e5 till Adressbok och v\u00e4lj Grupper.<\/li>\n<li>Skapa en ny grupp eller redigera en befintlig.<\/li>\n<li>Gruppens namn: V\u00e4lj ett internt namn f\u00f6r gruppen (t.ex. \u201cBallgame2025\u201d).<\/li>\n<li>S\u00f6kord: Detta \u00e4r det viktigaste f\u00e4ltet. V\u00e4lj ett unikt och l\u00e4tt igenk\u00e4nnligt SMS-nyckelord (t.ex. \u201cbollspel\u201d). Detta \u00e4r det ord som avs\u00e4ndaren m\u00e5ste b\u00f6rja sitt SMS med f\u00f6r att skicka till den h\u00e4r gruppen.<\/li>\n<li>L\u00e4gg till kontakter i gruppen. Du kan antingen g\u00f6ra detta manuellt eller importera en lista.<\/li>\n<\/ul>\n<h3>\n\t\t\tSteg 3: Konfigurera gruppinst\u00e4llningarna\t<\/h3>\n\t<p>F\u00f6r att SMS2SMS-funktionen ska fungera korrekt m\u00e5ste gruppinst\u00e4llningarna vara konfigurerade.<\/p>\n<ul>\n<li>Anv\u00e4nd alltid avs\u00e4ndarnamnet: H\u00e4r best\u00e4mmer du vad som ska vara avs\u00e4ndare f\u00f6r de SMS som skickas ut till gruppen.\n<ul>\n<li>Ej inst\u00e4lld: Mottagarna ser avs\u00e4ndarens (t.ex. hantverkarens) eget telefonnummer. Svar kommer att g\u00e5 direkt till denna person.<\/li>\n<li>Specifikt nummer\/namn: Du kan v\u00e4lja ett av dina verifierade nummer eller ett alfanumeriskt avs\u00e4ndar-ID (t.ex. \u201cSureSMS\u201d) som inte kan besvaras. Detta \u00e4r idealiskt f\u00f6r env\u00e4gskommunikation.<\/li>\n<\/ul>\n<\/li>\n<li>Endast beh\u00f6riga avs\u00e4ndare: F\u00f6r att undvika missbruk kan du begr\u00e4nsa vem som kan skicka till gruppen. Under detta f\u00e4lt kan du v\u00e4lja en annan grupp (t.ex. \u201cHantverkare\u201d eller \u201cTr\u00e4nare\u201d) och endast medlemmar i denna grupp kommer att ha beh\u00f6righet att anv\u00e4nda SMS2SMS-funktionen.\n<ul>\n<li>Om f\u00e4ltet \u00e4r inst\u00e4llt p\u00e5 Ej inst\u00e4llt kan alla som k\u00e4nner till ditt inkommande nummer och nyckelord skicka ett meddelande till gruppen.<\/li>\n<\/ul>\n<\/li>\n<li>Inaktivera inkommande SMS till grupp: Se till att den h\u00e4r funktionen inte \u00e4r aktiverad eftersom den blockerar SMS2SMS-funktionen.<\/li>\n<li>Spara dina inst\u00e4llningar.<\/li>\n<\/ul>\n<h2>\n\t\t\tTesta din SMS2SMS-installation\t<\/h2>\n\t<p>N\u00e4r installationen \u00e4r klar \u00e4r det enkelt att testa om din SMS-automation fungerar som avsett.<\/p>\n<ul>\n<li>Se till att avs\u00e4ndaren \u00e4r beh\u00f6rig: Om du har begr\u00e4nsat vem som f\u00e5r skicka (steg 3, punkt 2) ska du kontrollera att det telefonnummer du skickar fr\u00e5n ing\u00e5r i den godk\u00e4nda avs\u00e4ndargruppen.<\/li>\n<li>Skicka test-SMS: Skicka ett SMS fr\u00e5n din mobiltelefon (eller en annan telefon p\u00e5 listan \u00f6ver godk\u00e4nda avs\u00e4ndare) till det inkommande telefonnummer som du best\u00e4llde i steg 1.<\/li>\n<li>Strukturera meddelandet p\u00e5 r\u00e4tt s\u00e4tt: B\u00f6rja meddelandet med det nyckelord du valt, f\u00f6ljt av ett mellanslag och sedan sj\u00e4lva meddelandet.\n<ul>\n<li>Exempel: <u>Bollspel Dagens tr\u00e4ning har flyttats till kl. 19.00.<\/u><\/li>\n<\/ul>\n<\/li>\n<li>Verifiera i utkorgen: G\u00e5 till utkorgen p\u00e5 SureSMS-plattformen. H\u00e4r kommer du att kunna se:\n<ul>\n<li>Det ursprungliga inkommande SMS:et fr\u00e5n ditt telefonnummer som inneh\u00e5ller nyckelordet.<\/li>\n<li>En serie nya utg\u00e5ende SMS-meddelanden (ett f\u00f6r varje kontakt i din grupp). Texten i dessa meddelanden kommer att vara densamma som i ditt ursprungliga meddelande, men utan nyckelordet.<\/li>\n<\/ul>\n<\/li>\n<\/ul>\n<p>&nbsp;<\/p>\n<p>Om de utg\u00e5ende meddelandena har genererats och skickats till alla kontakter i gruppen har din SMS2SMS-installation lyckats. Du har nu en fullt fungerande l\u00f6sning f\u00f6r snabb och effektiv grupp-SMS.<\/p>","protected":false},"excerpt":{"rendered":"<p>SMS-2-SMS setup SMS2SMS \u00e4r en kraftfull funktion som m\u00f6jligg\u00f6r automatisk s\u00e4ndning av SMS-meddelanden till en f\u00f6rdefinierad grupp via ett enda inkommande SMS. \u00c4ven om det kan l\u00e5ta som en omv\u00e4g \u00f6ppnar den h\u00e4r formen av SMS-automatisering upp f\u00f6r ett antal effektiva kommunikationsscenarier. I den h\u00e4r guiden g\u00e5r vi igenom vad SMS2SMS \u00e4r, hur det kan anv\u00e4ndas i praktiken och hur... <a title=\"SMS-2-SMS inst\u00e4llning\" class=\"read-more\" href=\"https:\/\/suresms.com\/sv\/docs\/guides\/sms-2-sms-opstning\/\" aria-label=\"L\u00e4s mer om SMS-2-SMS setup\">L\u00e4s mer om det<\/a><\/p>","protected":false},"author":1,"featured_media":0,"parent":23423,"menu_order":0,"comment_status":"closed","ping_status":"closed","template":"","meta":{"_fl_builder_enabled":"1","_fl_builder_data":null,"_fl_builder_draft":null,"_fl_builder_data_settings":null,"_fl_builder_css":"","_fl_builder_css_version":"","_fl_builder_js":"","footnotes":""},"categories":[],"tags":[],"class_list":["post-23531","page","type-page","status-publish"],"yoast_head":"<!-- This site is optimized with the Yoast SEO Premium plugin v27.3 (Yoast SEO v27.3) - https:\/\/yoast.com\/product\/yoast-seo-premium-wordpress\/ -->\r\n<title>SMS-2-SMS ops\u00e6tning -<\/title>\r\n<meta name=\"robots\" content=\"index, follow, max-snippet:-1, max-image-preview:large, max-video-preview:-1\" \/>\r\n<link rel=\"canonical\" href=\"https:\/\/suresms.com\/sv\/dokument\/guider\/sms-2-sms-installning\/\" \/>\r\n<meta property=\"og:locale\" content=\"sv_SE\" \/>\r\n<meta property=\"og:type\" content=\"article\" \/>\r\n<meta property=\"og:title\" content=\"SMS-2-SMS ops\u00e6tning\" \/>\r\n<meta property=\"og:description\" content=\"SMS-2-SMS ops\u00e6tning SMS2SMS er en kraftfuld funktion, der muligg\u00f8r automatisk udsendelse af SMS-beskeder til en foruddefineret gruppe via en enkelt indg\u00e5ende SMS. Selvom det kan lyde som en omvej, \u00e5bner denne form for SMS-automatisering op for en r\u00e6kke effektive kommunikationsscenarier. Denne guide vil gennemg\u00e5, hvad SMS2SMS er, hvordan det kan anvendes i praksis, og hvordan ... L\u00e4s mer\" \/>\r\n<meta property=\"og:url\" content=\"https:\/\/suresms.com\/sv\/dokument\/guider\/sms-2-sms-installning\/\" \/>\r\n<meta property=\"article:publisher\" content=\"https:\/\/www.facebook.com\/p\/SureSMS-100044607956149\/\" \/>\r\n<meta property=\"article:modified_time\" content=\"2025-11-11T10:47:34+00:00\" \/>\r\n<meta name=\"twitter:card\" content=\"summary_large_image\" \/>\r\n<meta name=\"twitter:label1\" content=\"Ber\u00e4knad l\u00e4stid\" \/>\n\t<meta name=\"twitter:data1\" content=\"2 minuter\" \/>\r\n<script type=\"application\/ld+json\" class=\"yoast-schema-graph\">{\"@context\":\"https:\\\/\\\/schema.org\",\"@graph\":[{\"@type\":\"WebPage\",\"@id\":\"https:\\\/\\\/suresms.com\\\/dk\\\/docs\\\/guides\\\/sms-2-sms-opstning\\\/\",\"url\":\"https:\\\/\\\/suresms.com\\\/dk\\\/docs\\\/guides\\\/sms-2-sms-opstning\\\/\",\"name\":\"SMS-2-SMS ops\u00e6tning -\",\"isPartOf\":{\"@id\":\"https:\\\/\\\/suresms.com\\\/en\\\/#website\"},\"datePublished\":\"2025-11-11T09:58:32+00:00\",\"dateModified\":\"2025-11-11T10:47:34+00:00\",\"breadcrumb\":{\"@id\":\"https:\\\/\\\/suresms.com\\\/dk\\\/docs\\\/guides\\\/sms-2-sms-opstning\\\/#breadcrumb\"},\"inLanguage\":\"sv-SE\",\"potentialAction\":[{\"@type\":\"ReadAction\",\"target\":[\"https:\\\/\\\/suresms.com\\\/dk\\\/docs\\\/guides\\\/sms-2-sms-opstning\\\/\"]}]},{\"@type\":\"BreadcrumbList\",\"@id\":\"https:\\\/\\\/suresms.com\\\/dk\\\/docs\\\/guides\\\/sms-2-sms-opstning\\\/#breadcrumb\",\"itemListElement\":[{\"@type\":\"ListItem\",\"position\":1,\"name\":\"Home\",\"item\":\"https:\\\/\\\/suresms.com\\\/dk\\\/\"},{\"@type\":\"ListItem\",\"position\":2,\"name\":\"Dokumentation\",\"item\":\"https:\\\/\\\/suresms.com\\\/dk\\\/docs\\\/\"},{\"@type\":\"ListItem\",\"position\":3,\"name\":\"Vejledninger\",\"item\":\"https:\\\/\\\/suresms.com\\\/dk\\\/docs\\\/guides\\\/\"},{\"@type\":\"ListItem\",\"position\":4,\"name\":\"SMS-2-SMS ops\u00e6tning\"}]},{\"@type\":\"WebSite\",\"@id\":\"https:\\\/\\\/suresms.com\\\/en\\\/#website\",\"url\":\"https:\\\/\\\/suresms.com\\\/en\\\/\",\"name\":\"SureSMS\",\"description\":\"Professionel SMS Gateway\",\"publisher\":{\"@id\":\"https:\\\/\\\/suresms.com\\\/en\\\/#organization\"},\"potentialAction\":[{\"@type\":\"SearchAction\",\"target\":{\"@type\":\"EntryPoint\",\"urlTemplate\":\"https:\\\/\\\/suresms.com\\\/en\\\/?s={search_term_string}\"},\"query-input\":{\"@type\":\"PropertyValueSpecification\",\"valueRequired\":true,\"valueName\":\"search_term_string\"}}],\"inLanguage\":\"sv-SE\"},{\"@type\":\"Organization\",\"@id\":\"https:\\\/\\\/suresms.com\\\/en\\\/#organization\",\"name\":\"SureSMS\",\"url\":\"https:\\\/\\\/suresms.com\\\/en\\\/\",\"logo\":{\"@type\":\"ImageObject\",\"inLanguage\":\"sv-SE\",\"@id\":\"https:\\\/\\\/suresms.com\\\/en\\\/#\\\/schema\\\/logo\\\/image\\\/\",\"url\":\"https:\\\/\\\/suresms.com\\\/wp-content\\\/uploads\\\/2024\\\/11\\\/suresms-300x65-1.png\",\"contentUrl\":\"https:\\\/\\\/suresms.com\\\/wp-content\\\/uploads\\\/2024\\\/11\\\/suresms-300x65-1.png\",\"width\":300,\"height\":65,\"caption\":\"SureSMS\"},\"image\":{\"@id\":\"https:\\\/\\\/suresms.com\\\/en\\\/#\\\/schema\\\/logo\\\/image\\\/\"},\"sameAs\":[\"https:\\\/\\\/www.facebook.com\\\/p\\\/SureSMS-100044607956149\\\/\"]}]}<\/script>\r\n<!-- \/ Yoast SEO Premium plugin. -->","yoast_head_json":{"title":"Inst\u00e4llning av SMS-2-SMS - Inst\u00e4llning av SMS-2-SMS","robots":{"index":"index","follow":"follow","max-snippet":"max-snippet:-1","max-image-preview":"max-image-preview:large","max-video-preview":"max-video-preview:-1"},"canonical":"https:\/\/suresms.com\/sv\/dokument\/guider\/sms-2-sms-installning\/","og_locale":"sv_SE","og_type":"article","og_title":"SMS-2-SMS ops\u00e6tning","og_description":"SMS-2-SMS ops\u00e6tning SMS2SMS er en kraftfuld funktion, der muligg\u00f8r automatisk udsendelse af SMS-beskeder til en foruddefineret gruppe via en enkelt indg\u00e5ende SMS. Selvom det kan lyde som en omvej, \u00e5bner denne form for SMS-automatisering op for en r\u00e6kke effektive kommunikationsscenarier. Denne guide vil gennemg\u00e5, hvad SMS2SMS er, hvordan det kan anvendes i praksis, og hvordan ... L\u00e4s mer","og_url":"https:\/\/suresms.com\/sv\/dokument\/guider\/sms-2-sms-installning\/","article_publisher":"https:\/\/www.facebook.com\/p\/SureSMS-100044607956149\/","article_modified_time":"2025-11-11T10:47:34+00:00","twitter_card":"summary_large_image","twitter_misc":{"Ber\u00e4knad l\u00e4stid":"2 minuter"},"schema":{"@context":"https:\/\/schema.org","@graph":[{"@type":"WebPage","@id":"https:\/\/suresms.com\/dk\/docs\/guides\/sms-2-sms-opstning\/","url":"https:\/\/suresms.com\/dk\/docs\/guides\/sms-2-sms-opstning\/","name":"Inst\u00e4llning av SMS-2-SMS - Inst\u00e4llning av SMS-2-SMS","isPartOf":{"@id":"https:\/\/suresms.com\/en\/#website"},"datePublished":"2025-11-11T09:58:32+00:00","dateModified":"2025-11-11T10:47:34+00:00","breadcrumb":{"@id":"https:\/\/suresms.com\/dk\/docs\/guides\/sms-2-sms-opstning\/#breadcrumb"},"inLanguage":"sv-SE","potentialAction":[{"@type":"ReadAction","target":["https:\/\/suresms.com\/dk\/docs\/guides\/sms-2-sms-opstning\/"]}]},{"@type":"BreadcrumbList","@id":"https:\/\/suresms.com\/dk\/docs\/guides\/sms-2-sms-opstning\/#breadcrumb","itemListElement":[{"@type":"ListItem","position":1,"name":"Home","item":"https:\/\/suresms.com\/dk\/"},{"@type":"ListItem","position":2,"name":"Dokumentation","item":"https:\/\/suresms.com\/dk\/docs\/"},{"@type":"ListItem","position":3,"name":"Vejledninger","item":"https:\/\/suresms.com\/dk\/docs\/guides\/"},{"@type":"ListItem","position":4,"name":"SMS-2-SMS ops\u00e6tning"}]},{"@type":"WebSite","@id":"https:\/\/suresms.com\/en\/#website","url":"https:\/\/suresms.com\/en\/","name":"SureSMS","description":"Professionell SMS Gateway","publisher":{"@id":"https:\/\/suresms.com\/en\/#organization"},"potentialAction":[{"@type":"SearchAction","target":{"@type":"EntryPoint","urlTemplate":"https:\/\/suresms.com\/en\/?s={search_term_string}"},"query-input":{"@type":"PropertyValueSpecification","valueRequired":true,"valueName":"search_term_string"}}],"inLanguage":"sv-SE"},{"@type":"Organization","@id":"https:\/\/suresms.com\/en\/#organization","name":"SureSMS","url":"https:\/\/suresms.com\/en\/","logo":{"@type":"ImageObject","inLanguage":"sv-SE","@id":"https:\/\/suresms.com\/en\/#\/schema\/logo\/image\/","url":"https:\/\/suresms.com\/wp-content\/uploads\/2024\/11\/suresms-300x65-1.png","contentUrl":"https:\/\/suresms.com\/wp-content\/uploads\/2024\/11\/suresms-300x65-1.png","width":300,"height":65,"caption":"SureSMS"},"image":{"@id":"https:\/\/suresms.com\/en\/#\/schema\/logo\/image\/"},"sameAs":["https:\/\/www.facebook.com\/p\/SureSMS-100044607956149\/"]}]}},"_links":{"self":[{"href":"https:\/\/suresms.com\/sv\/wp-json\/wp\/v2\/pages\/23531","targetHints":{"allow":["GET"]}}],"collection":[{"href":"https:\/\/suresms.com\/sv\/wp-json\/wp\/v2\/pages"}],"about":[{"href":"https:\/\/suresms.com\/sv\/wp-json\/wp\/v2\/types\/page"}],"author":[{"embeddable":true,"href":"https:\/\/suresms.com\/sv\/wp-json\/wp\/v2\/users\/1"}],"replies":[{"embeddable":true,"href":"https:\/\/suresms.com\/sv\/wp-json\/wp\/v2\/comments?post=23531"}],"version-history":[{"count":6,"href":"https:\/\/suresms.com\/sv\/wp-json\/wp\/v2\/pages\/23531\/revisions"}],"predecessor-version":[{"id":23541,"href":"https:\/\/suresms.com\/sv\/wp-json\/wp\/v2\/pages\/23531\/revisions\/23541"}],"up":[{"embeddable":true,"href":"https:\/\/suresms.com\/sv\/wp-json\/wp\/v2\/pages\/23423"}],"wp:attachment":[{"href":"https:\/\/suresms.com\/sv\/wp-json\/wp\/v2\/media?parent=23531"}],"wp:term":[{"taxonomy":"category","embeddable":true,"href":"https:\/\/suresms.com\/sv\/wp-json\/wp\/v2\/categories?post=23531"},{"taxonomy":"post_tag","embeddable":true,"href":"https:\/\/suresms.com\/sv\/wp-json\/wp\/v2\/tags?post=23531"}],"curies":[{"name":"wp","href":"https:\/\/api.w.org\/{rel}","templated":true}]}}