{"id":2043,"date":"2016-02-29T16:51:29","date_gmt":"2016-02-29T14:51:29","guid":{"rendered":"https:\/\/www.suresms.com\/dk\/?page_id=2043"},"modified":"2025-01-04T23:56:41","modified_gmt":"2025-01-04T23:56:41","slug":"cookie-och-integritets-policy-sakringar","status":"publish","type":"page","link":"https:\/\/suresms.com\/sv\/politikker\/cookie-og-privatlivspolitik-suresms\/","title":{"rendered":"Cookie- och sekretesspolicy f\u00f6r SureSMS"},"content":{"rendered":"<h1>\n\t\tSureSMS ApS - Cookie- och sekretesspolicy\n\t<\/h1>\n\t\t\t\t<img loading=\"lazy\" decoding=\"async\" src=\"https:\/\/suresms.com\/wp-content\/uploads\/2016\/02\/cookies-pc-550x281-1.jpg\" alt=\"pc kakor 550x281\" itemprop=\"image\" height=\"281\" width=\"550\" title=\"pc kakor 550x281\" onerror=\"this.style.display='none'\"  \/>\n\t<h4>\u00a0<\/h4>\n<h4><strong>Om cookies<\/strong><\/h4>\n<p><strong>\"En cookie \u00e4r en liten textfil som lagras i din webbl\u00e4sare f\u00f6r att k\u00e4nna igen din dator vid \u00e5terbes\u00f6k. Det finns ingen personlig information lagrad i v\u00e5ra cookies och de kan INTE inneh\u00e5lla virus.\"<\/strong><\/p>\n<p>\u00a0<\/p>\n\t<h4>V\u00e5r webbplats anv\u00e4nder cookies f\u00f6r f\u00f6ljande \u00e4ndam\u00e5l:<\/h4>\n<ul>\n<li>Teknisk funktionalitet s\u00e5 att vi kan komma ih\u00e5g dina preferenser.<\/li>\n<li>Trafikm\u00e4tning s\u00e5 att vi vet hur m\u00e5nga som bes\u00f6ker v\u00e5r webbplats och hur de anv\u00e4nder den.<\/li>\n<li>F\u00f6r att komma ih\u00e5g din acceptans av cookies s\u00e5 att vi inte beh\u00f6ver fr\u00e5ga dig varje g\u00e5ng du bes\u00f6ker v\u00e5ra webbplatser.<\/li>\n<\/ul>\n\t\t<h4>Denna webbplats tillhandah\u00e5lls av:<\/h4><strong>SureSMS ApS<br \/>\n<\/strong>Industriholmen 82<br \/>\n2650 Hvidovre, Danmark<br \/>\nTelefon: 50 322 322<br \/>\nE-post: <a href=\"mailto:info@suresms.com\">info@suresms.com<\/a>\n\t<h4><strong>Vad cookies anv\u00e4nds till p\u00e5 v\u00e5r webbplats<\/strong><\/h4>\n<p>Cookies anv\u00e4nds f\u00f6r att f\u00f6ra statistik \u00f6ver antalet anv\u00e4ndare, vilket inneh\u00e5ll som visas och information om v\u00e5ra anv\u00e4ndares geografi och intressen f\u00f6r att anpassa inneh\u00e5ll och annonsering d\u00e4refter. Vi anv\u00e4nder ocks\u00e5 en cookie f\u00f6r att lagra din acceptans av cookies n\u00e4r du byter sida.<\/p>\n<p>Du kan se en \u00f6versikt \u00f6ver v\u00e5ra cookies i tabellen nedan:<\/p>\n<table border=\"1\">\n<tbody>\n<tr>\n<td><strong>Beskrivning<\/strong><\/td>\n<td><strong>Inneh\u00e5ller<br \/> personlig<br \/> information<\/strong><\/td>\n<td><strong>Inneh\u00e5ll<\/strong><\/td>\n<td><strong>Hur man anv\u00e4nder<\/strong><\/td>\n<td><strong>Borttagen<br \/> efter<\/strong><\/td>\n<\/tr>\n<tr>\n<td>Cookie f\u00f6r session<\/td>\n<td>Nej, det kan du inte.<\/td>\n<td>Slumpm\u00e4ssig nyckel som genereras av v\u00e5r server.<\/td>\n<td>N\u00f6dv\u00e4ndigt f\u00f6r att betj\u00e4na dig som kund.<\/td>\n<td>N\u00e4r du st\u00e4nger ner din webbl\u00e4sare<\/td>\n<\/tr>\n<tr>\n<td>\"Acceptera cookies\" cookie<\/td>\n<td>Nej, det kan du inte.<\/td>\n<td>Lagrad p\u00e5 din dator n\u00e4r du accepterar v\u00e5ra cookies.<\/td>\n<td>N\u00f6dv\u00e4ndigt f\u00f6r att du inte ska beh\u00f6va acceptera cookies varje g\u00e5ng du bes\u00f6ker v\u00e5r webbplats.<\/td>\n<td>10 \u00e5r<\/td>\n<\/tr>\n<tr>\n<td>Google Analytics<\/td>\n<td>Nej, det kan du inte.<\/td>\n<td>Ett unikt ID som genereras av Google Analytics.<\/td>\n<td>N\u00f6dv\u00e4ndigt f\u00f6r att Google Analytics ska kunna sammanst\u00e4lla statistik \u00f6ver anv\u00e4ndningen av v\u00e5r webbplats.<\/td>\n<td>\u00a02 \u00e5r<\/td>\n<\/tr>\n<tr>\n<td>Olark kaka<\/td>\n<td>Nej, det kan du inte.<\/td>\n<td>Ett unikt ID som genereras av Olark.<\/td>\n<td>N\u00f6dv\u00e4ndigt f\u00f6r att vi ska kunna tillhandah\u00e5lla onlinechatt till v\u00e5ra anv\u00e4ndare.<\/td>\n<td>N\u00e4r du st\u00e4nger ner din webbl\u00e4sare<\/td>\n<\/tr>\n<\/tbody>\n<\/table>\n<p>\u00a0<\/p>\n\t<p><strong>S\u00e5 h\u00e4r raderar du cookies<\/strong><\/p>\n<p>Se instruktioner h\u00e4r:\u00a0<a href=\"http:\/\/minecookies.org\/cookiehandtering\">http:\/\/minecookies.org\/cookiehandtering<\/a><\/p>\n<p><strong>Hur undviker jag cookies?<\/strong><\/p>\n<p>Om du inte vill ta emot cookies kan du blockera dem. Se instruktioner h\u00e4r:<a href=\"http:\/\/minecookies.org\/cookiehandtering\">http:\/\/minecookies.org\/cookiehandtering<\/a>.<\/p>\n<p><strong>Anv\u00e4ndning av personuppgifter<\/strong><\/p>\n<p>Personuppgifter l\u00e4mnas aldrig ut till tredje part om du inte uttryckligen samtycker till detta, och vi samlar aldrig in personuppgifter om du inte har gett oss denna information genom registrering, k\u00f6p eller deltagande i en unders\u00f6kning etc.<\/p>\n<p>Personuppgifterna anv\u00e4nds f\u00f6r att fullg\u00f6ra det k\u00f6p eller den tj\u00e4nst som uppgifterna samlades in f\u00f6r. Informationen anv\u00e4nds ocks\u00e5 f\u00f6r att l\u00e4ra oss mer om dig och andra anv\u00e4ndare av webbplatsen.<\/p>\n<p><strong>Kontaktperson f\u00f6r personuppgifter<\/strong><\/p>\n<p>Om du vill f\u00e5 tillg\u00e5ng till den information som finns registrerad om dig hos SureSMS, v\u00e4nligen kontakta oss p\u00e5\u00a0<a href=\"mailto:info@suresms.com\">info@suresms.com<\/a> Om felaktiga uppgifter har registrerats, eller om du har andra inv\u00e4ndningar, kan du v\u00e4nda dig till samma st\u00e4lle. Du har m\u00f6jlighet att f\u00e5 insyn i vilka uppgifter som finns registrerade om dig, och du kan inv\u00e4nda mot en registrering i enlighet med reglerna i personuppgiftslagen.<\/p>\n<p><strong>Skydd av personuppgifter<\/strong><\/p>\n<p>Enligt personuppgiftslagen m\u00e5ste din personliga information h\u00e5llas s\u00e4ker och konfidentiell. Vi lagrar dina personuppgifter p\u00e5 datorer med begr\u00e4nsad \u00e5tkomst, bel\u00e4gna i kontrollerade anl\u00e4ggningar, och v\u00e5ra s\u00e4kerhets\u00e5tg\u00e4rder \u00f6vervakas kontinuerligt f\u00f6r att avg\u00f6ra om v\u00e5r anv\u00e4ndarinformation hanteras p\u00e5 ett s\u00e4kert s\u00e4tt, samtidigt som vi respekterar dina r\u00e4ttigheter som anv\u00e4ndare. Vi kan dock inte garantera 100-procentig s\u00e4kerhet f\u00f6r data\u00f6verf\u00f6ringar via internet. Detta inneb\u00e4r att det kan finnas en risk f\u00f6r obeh\u00f6rig \u00e5tkomst till information n\u00e4r data skickas och lagras elektroniskt. Du l\u00e4mnar d\u00e4rf\u00f6r dina personuppgifter p\u00e5 egen risk.<\/p>\n<p>Den snabba utvecklingen av internet g\u00f6r att det kan bli n\u00f6dv\u00e4ndigt med f\u00f6r\u00e4ndringar i v\u00e5r behandling av personuppgifter. Vi f\u00f6rbeh\u00e5ller oss d\u00e4rf\u00f6r r\u00e4tten att uppdatera och \u00e4ndra dessa riktlinjer f\u00f6r behandling av personuppgifter. Om vi g\u00f6r det kommer vi naturligtvis att korrigera datumet f\u00f6r \"senast uppdaterad\" l\u00e4ngst ner p\u00e5 sidan. Vid v\u00e4sentliga f\u00f6r\u00e4ndringar kommer vi att meddela dig genom ett synligt meddelande p\u00e5 v\u00e5r webbplats.<\/p>\n<p>I den m\u00e5n det behandlas personuppgifter om dig har du enligt personuppgiftslagen r\u00e4tt att f\u00e5 besked om vilka personuppgifter som kan h\u00e4nf\u00f6ras till dig. Om det visar sig att den information eller de uppgifter som behandlas om dig \u00e4r felaktiga eller missvisande har du r\u00e4tt att kr\u00e4va att de r\u00e4ttas, raderas eller blockeras. Du kan n\u00e4r som helst inv\u00e4nda mot att information om dig behandlas. Du kan ocks\u00e5 n\u00e4r som helst \u00e5terkalla ditt samtycke. Du har r\u00e4tt att klaga p\u00e5 behandlingen av information och uppgifter som r\u00f6r dig. Klagom\u00e5l l\u00e4mnas in till den danska dataskyddsmyndigheten, jfr. 58 \u00a7 1 mom. i personuppgiftslagen.<\/p>\n<p><strong>Denna cookie- och integritetspolicy \u00e4r baserad p\u00e5 en mall fr\u00e5n Minecookies.org och uppdaterades senast den 1\/3 2016.<\/strong><\/p>","protected":false},"excerpt":{"rendered":"<p>SureSMS ApS - Cookie- och sekretesspolicy Om cookies \"En cookie \u00e4r en liten textfil som lagras i din webbl\u00e4sare f\u00f6r att k\u00e4nna igen din dator vid \u00e5terbes\u00f6k. Det finns ingen personlig information lagrad i v\u00e5ra cookies och de kan INTE inneh\u00e5lla virus.\"   V\u00e5r webbplats anv\u00e4nder cookies f\u00f6r f\u00f6ljande \u00e4ndam\u00e5l: Teknisk funktionalitet s\u00e5 att... <a title=\"Cookie- och sekretesspolicy f\u00f6r SureSMS\" class=\"read-more\" href=\"https:\/\/suresms.com\/sv\/politikker\/cookie-og-privatlivspolitik-suresms\/\" aria-label=\"L\u00e4s mer om SureSMS cookie- och sekretesspolicy\">L\u00e4s mer om det<\/a><\/p>","protected":false},"author":1,"featured_media":0,"parent":19124,"menu_order":1,"comment_status":"closed","ping_status":"closed","template":"","meta":{"_fl_builder_enabled":"1","_fl_builder_data":null,"_fl_builder_draft":null,"_fl_builder_data_settings":null,"_fl_builder_css":"","_fl_builder_css_version":"","_fl_builder_js":"","footnotes":""},"categories":[],"tags":[],"class_list":["post-2043","page","type-page","status-publish"],"yoast_head":"<!-- This site is optimized with the Yoast SEO Premium plugin v27.3 (Yoast SEO v27.3) - https:\/\/yoast.com\/product\/yoast-seo-premium-wordpress\/ -->\r\n<title>Cookie- og privatlivspolitik for SureSMS -<\/title>\r\n<meta name=\"description\" content=\"Cookie og privatlivspolitik for SureSMS, Hvordan vi bruger cookies p\u00e5 SureSMS website, Vi deler ikke cookies med 3. part.\" \/>\r\n<meta name=\"robots\" content=\"index, follow, max-snippet:-1, max-image-preview:large, max-video-preview:-1\" \/>\r\n<link rel=\"canonical\" href=\"https:\/\/suresms.com\/sv\/funktioner-2\/cookie-och-integritets-policy-sakringar\/\" \/>\r\n<meta property=\"og:locale\" content=\"sv_SE\" \/>\r\n<meta property=\"og:type\" content=\"article\" \/>\r\n<meta property=\"og:title\" content=\"Cookie- og privatlivspolitik for SureSMS\" \/>\r\n<meta property=\"og:description\" content=\"Cookie og privatlivspolitik for SureSMS, Hvordan vi bruger cookies p\u00e5 SureSMS website, Vi deler ikke cookies med 3. part.\" \/>\r\n<meta property=\"og:url\" content=\"https:\/\/suresms.com\/sv\/funktioner-2\/cookie-och-integritets-policy-sakringar\/\" \/>\r\n<meta property=\"article:publisher\" content=\"https:\/\/www.facebook.com\/p\/SureSMS-100044607956149\/\" \/>\r\n<meta property=\"article:modified_time\" content=\"2025-01-04T23:56:41+00:00\" \/>\r\n<meta property=\"og:image\" content=\"https:\/\/suresms.com\/wp-content\/uploads\/2016\/02\/cookies-pc-550x281-1.jpg\" \/>\r\n<meta name=\"twitter:card\" content=\"summary_large_image\" \/>\r\n<meta name=\"twitter:label1\" content=\"Ber\u00e4knad l\u00e4stid\" \/>\n\t<meta name=\"twitter:data1\" content=\"4 minuter\" \/>\r\n<script type=\"application\/ld+json\" class=\"yoast-schema-graph\">{\"@context\":\"https:\\\/\\\/schema.org\",\"@graph\":[{\"@type\":\"WebPage\",\"@id\":\"https:\\\/\\\/suresms.com\\\/politikker\\\/cookie-og-privatlivspolitik-suresms\\\/\",\"url\":\"https:\\\/\\\/suresms.com\\\/politikker\\\/cookie-og-privatlivspolitik-suresms\\\/\",\"name\":\"Cookie- og privatlivspolitik for SureSMS -\",\"isPartOf\":{\"@id\":\"https:\\\/\\\/suresms.com\\\/en\\\/#website\"},\"primaryImageOfPage\":{\"@id\":\"https:\\\/\\\/suresms.com\\\/politikker\\\/cookie-og-privatlivspolitik-suresms\\\/#primaryimage\"},\"image\":{\"@id\":\"https:\\\/\\\/suresms.com\\\/politikker\\\/cookie-og-privatlivspolitik-suresms\\\/#primaryimage\"},\"thumbnailUrl\":\"https:\\\/\\\/suresms.com\\\/wp-content\\\/uploads\\\/2016\\\/02\\\/cookies-pc-550x281-1.jpg\",\"datePublished\":\"2016-02-29T14:51:29+00:00\",\"dateModified\":\"2025-01-04T23:56:41+00:00\",\"description\":\"Cookie og privatlivspolitik for SureSMS, Hvordan vi bruger cookies p\u00e5 SureSMS website, Vi deler ikke cookies med 3. part.\",\"breadcrumb\":{\"@id\":\"https:\\\/\\\/suresms.com\\\/politikker\\\/cookie-og-privatlivspolitik-suresms\\\/#breadcrumb\"},\"inLanguage\":\"sv-SE\",\"potentialAction\":[{\"@type\":\"ReadAction\",\"target\":[\"https:\\\/\\\/suresms.com\\\/politikker\\\/cookie-og-privatlivspolitik-suresms\\\/\"]}]},{\"@type\":\"ImageObject\",\"inLanguage\":\"sv-SE\",\"@id\":\"https:\\\/\\\/suresms.com\\\/politikker\\\/cookie-og-privatlivspolitik-suresms\\\/#primaryimage\",\"url\":\"https:\\\/\\\/suresms.com\\\/wp-content\\\/uploads\\\/2016\\\/02\\\/cookies-pc-550x281-1.jpg\",\"contentUrl\":\"https:\\\/\\\/suresms.com\\\/wp-content\\\/uploads\\\/2016\\\/02\\\/cookies-pc-550x281-1.jpg\"},{\"@type\":\"BreadcrumbList\",\"@id\":\"https:\\\/\\\/suresms.com\\\/politikker\\\/cookie-og-privatlivspolitik-suresms\\\/#breadcrumb\",\"itemListElement\":[{\"@type\":\"ListItem\",\"position\":1,\"name\":\"Home\",\"item\":\"https:\\\/\\\/suresms.com\\\/dk\\\/\"},{\"@type\":\"ListItem\",\"position\":2,\"name\":\"Politikker\",\"item\":\"https:\\\/\\\/suresms.com\\\/politikker\\\/\"},{\"@type\":\"ListItem\",\"position\":3,\"name\":\"Cookie- og privatlivspolitik for SureSMS\"}]},{\"@type\":\"WebSite\",\"@id\":\"https:\\\/\\\/suresms.com\\\/en\\\/#website\",\"url\":\"https:\\\/\\\/suresms.com\\\/en\\\/\",\"name\":\"SureSMS\",\"description\":\"Professionel SMS Gateway\",\"publisher\":{\"@id\":\"https:\\\/\\\/suresms.com\\\/en\\\/#organization\"},\"potentialAction\":[{\"@type\":\"SearchAction\",\"target\":{\"@type\":\"EntryPoint\",\"urlTemplate\":\"https:\\\/\\\/suresms.com\\\/en\\\/?s={search_term_string}\"},\"query-input\":{\"@type\":\"PropertyValueSpecification\",\"valueRequired\":true,\"valueName\":\"search_term_string\"}}],\"inLanguage\":\"sv-SE\"},{\"@type\":\"Organization\",\"@id\":\"https:\\\/\\\/suresms.com\\\/en\\\/#organization\",\"name\":\"SureSMS\",\"url\":\"https:\\\/\\\/suresms.com\\\/en\\\/\",\"logo\":{\"@type\":\"ImageObject\",\"inLanguage\":\"sv-SE\",\"@id\":\"https:\\\/\\\/suresms.com\\\/en\\\/#\\\/schema\\\/logo\\\/image\\\/\",\"url\":\"https:\\\/\\\/suresms.com\\\/wp-content\\\/uploads\\\/2024\\\/11\\\/suresms-300x65-1.png\",\"contentUrl\":\"https:\\\/\\\/suresms.com\\\/wp-content\\\/uploads\\\/2024\\\/11\\\/suresms-300x65-1.png\",\"width\":300,\"height\":65,\"caption\":\"SureSMS\"},\"image\":{\"@id\":\"https:\\\/\\\/suresms.com\\\/en\\\/#\\\/schema\\\/logo\\\/image\\\/\"},\"sameAs\":[\"https:\\\/\\\/www.facebook.com\\\/p\\\/SureSMS-100044607956149\\\/\"]}]}<\/script>\r\n<!-- \/ Yoast SEO Premium plugin. -->","yoast_head_json":{"title":"SureSMS cookie- och sekretesspolicy - SureSMS","description":"Cookie- och integritetspolicy f\u00f6r SureSMS, Hur vi anv\u00e4nder cookies p\u00e5 SureSMS webbplats, Vi delar inte cookies med tredje part.","robots":{"index":"index","follow":"follow","max-snippet":"max-snippet:-1","max-image-preview":"max-image-preview:large","max-video-preview":"max-video-preview:-1"},"canonical":"https:\/\/suresms.com\/sv\/funktioner-2\/cookie-och-integritets-policy-sakringar\/","og_locale":"sv_SE","og_type":"article","og_title":"Cookie- og privatlivspolitik for SureSMS","og_description":"Cookie og privatlivspolitik for SureSMS, Hvordan vi bruger cookies p\u00e5 SureSMS website, Vi deler ikke cookies med 3. part.","og_url":"https:\/\/suresms.com\/sv\/funktioner-2\/cookie-och-integritets-policy-sakringar\/","article_publisher":"https:\/\/www.facebook.com\/p\/SureSMS-100044607956149\/","article_modified_time":"2025-01-04T23:56:41+00:00","og_image":[{"url":"https:\/\/suresms.com\/wp-content\/uploads\/2016\/02\/cookies-pc-550x281-1.jpg","type":"","width":"","height":""}],"twitter_card":"summary_large_image","twitter_misc":{"Ber\u00e4knad l\u00e4stid":"4 minuter"},"schema":{"@context":"https:\/\/schema.org","@graph":[{"@type":"WebPage","@id":"https:\/\/suresms.com\/politikker\/cookie-og-privatlivspolitik-suresms\/","url":"https:\/\/suresms.com\/politikker\/cookie-og-privatlivspolitik-suresms\/","name":"SureSMS cookie- och sekretesspolicy - SureSMS","isPartOf":{"@id":"https:\/\/suresms.com\/en\/#website"},"primaryImageOfPage":{"@id":"https:\/\/suresms.com\/politikker\/cookie-og-privatlivspolitik-suresms\/#primaryimage"},"image":{"@id":"https:\/\/suresms.com\/politikker\/cookie-og-privatlivspolitik-suresms\/#primaryimage"},"thumbnailUrl":"https:\/\/suresms.com\/wp-content\/uploads\/2016\/02\/cookies-pc-550x281-1.jpg","datePublished":"2016-02-29T14:51:29+00:00","dateModified":"2025-01-04T23:56:41+00:00","description":"Cookie- och integritetspolicy f\u00f6r SureSMS, Hur vi anv\u00e4nder cookies p\u00e5 SureSMS webbplats, Vi delar inte cookies med tredje part.","breadcrumb":{"@id":"https:\/\/suresms.com\/politikker\/cookie-og-privatlivspolitik-suresms\/#breadcrumb"},"inLanguage":"sv-SE","potentialAction":[{"@type":"ReadAction","target":["https:\/\/suresms.com\/politikker\/cookie-og-privatlivspolitik-suresms\/"]}]},{"@type":"ImageObject","inLanguage":"sv-SE","@id":"https:\/\/suresms.com\/politikker\/cookie-og-privatlivspolitik-suresms\/#primaryimage","url":"https:\/\/suresms.com\/wp-content\/uploads\/2016\/02\/cookies-pc-550x281-1.jpg","contentUrl":"https:\/\/suresms.com\/wp-content\/uploads\/2016\/02\/cookies-pc-550x281-1.jpg"},{"@type":"BreadcrumbList","@id":"https:\/\/suresms.com\/politikker\/cookie-og-privatlivspolitik-suresms\/#breadcrumb","itemListElement":[{"@type":"ListItem","position":1,"name":"Home","item":"https:\/\/suresms.com\/dk\/"},{"@type":"ListItem","position":2,"name":"Politikker","item":"https:\/\/suresms.com\/politikker\/"},{"@type":"ListItem","position":3,"name":"Cookie- og privatlivspolitik for SureSMS"}]},{"@type":"WebSite","@id":"https:\/\/suresms.com\/en\/#website","url":"https:\/\/suresms.com\/en\/","name":"SureSMS","description":"Professionell SMS Gateway","publisher":{"@id":"https:\/\/suresms.com\/en\/#organization"},"potentialAction":[{"@type":"SearchAction","target":{"@type":"EntryPoint","urlTemplate":"https:\/\/suresms.com\/en\/?s={search_term_string}"},"query-input":{"@type":"PropertyValueSpecification","valueRequired":true,"valueName":"search_term_string"}}],"inLanguage":"sv-SE"},{"@type":"Organization","@id":"https:\/\/suresms.com\/en\/#organization","name":"SureSMS","url":"https:\/\/suresms.com\/en\/","logo":{"@type":"ImageObject","inLanguage":"sv-SE","@id":"https:\/\/suresms.com\/en\/#\/schema\/logo\/image\/","url":"https:\/\/suresms.com\/wp-content\/uploads\/2024\/11\/suresms-300x65-1.png","contentUrl":"https:\/\/suresms.com\/wp-content\/uploads\/2024\/11\/suresms-300x65-1.png","width":300,"height":65,"caption":"SureSMS"},"image":{"@id":"https:\/\/suresms.com\/en\/#\/schema\/logo\/image\/"},"sameAs":["https:\/\/www.facebook.com\/p\/SureSMS-100044607956149\/"]}]}},"_links":{"self":[{"href":"https:\/\/suresms.com\/sv\/wp-json\/wp\/v2\/pages\/2043","targetHints":{"allow":["GET"]}}],"collection":[{"href":"https:\/\/suresms.com\/sv\/wp-json\/wp\/v2\/pages"}],"about":[{"href":"https:\/\/suresms.com\/sv\/wp-json\/wp\/v2\/types\/page"}],"author":[{"embeddable":true,"href":"https:\/\/suresms.com\/sv\/wp-json\/wp\/v2\/users\/1"}],"replies":[{"embeddable":true,"href":"https:\/\/suresms.com\/sv\/wp-json\/wp\/v2\/comments?post=2043"}],"version-history":[{"count":7,"href":"https:\/\/suresms.com\/sv\/wp-json\/wp\/v2\/pages\/2043\/revisions"}],"predecessor-version":[{"id":20990,"href":"https:\/\/suresms.com\/sv\/wp-json\/wp\/v2\/pages\/2043\/revisions\/20990"}],"up":[{"embeddable":true,"href":"https:\/\/suresms.com\/sv\/wp-json\/wp\/v2\/pages\/19124"}],"wp:attachment":[{"href":"https:\/\/suresms.com\/sv\/wp-json\/wp\/v2\/media?parent=2043"}],"wp:term":[{"taxonomy":"category","embeddable":true,"href":"https:\/\/suresms.com\/sv\/wp-json\/wp\/v2\/categories?post=2043"},{"taxonomy":"post_tag","embeddable":true,"href":"https:\/\/suresms.com\/sv\/wp-json\/wp\/v2\/tags?post=2043"}],"curies":[{"name":"wp","href":"https:\/\/api.w.org\/{rel}","templated":true}]}}