{"id":19266,"date":"2024-11-27T15:20:59","date_gmt":"2024-11-27T15:20:59","guid":{"rendered":"https:\/\/suresms.com\/?page_id=19266"},"modified":"2024-11-29T16:27:30","modified_gmt":"2024-11-29T16:27:30","slug":"bestallning","status":"publish","type":"page","link":"https:\/\/suresms.com\/sv\/bestil\/","title":{"rendered":"Best\u00e4llning"},"content":{"rendered":"<h1>\n\t\tL\u00e4gga en order\n\t<\/h1>\n\t<p>SureSMS erbjuder en rad olika tj\u00e4nster. Nedan kan du best\u00e4lla den tj\u00e4nst du s\u00f6ker.<\/p>\n\t\t<h2>SMS-plattform<\/h2>\n\t\t\t\t<p>Best\u00e4ll ett testkonto f\u00f6r v\u00e5r webbplattform d\u00e4r du kan skapa kontakter, grupper, automatiseringar och mycket mer.<\/p>\n\t\t\t<a href=\"https:\/\/suresms.com\/sv\/bestallning\/gratis-sms-testkonto\/\" title=\"Klicka h\u00e4r\" target=\"_self\"   role=\"button\" aria-label=\"L\u00e4s mer...\">\n\t\t\t\t\t\t\tL\u00e4s mer...\n\t\t<\/a>\n\t\t<h2>Inkommande SMS<\/h2>\n\t\t\t\t<p>Best\u00e4ll inkommande SMS med ditt eget virtuella nummer.\u00a0<\/p>\n\t\t\t<a href=\"https:\/\/suresms.com\/sv\/bestallning\/bestall-2-vags-lossning\/\" title=\"Klicka h\u00e4r\" target=\"_self\"   role=\"button\" aria-label=\"L\u00e4s mer...\">\n\t\t\t\t\t\t\tL\u00e4s mer...\n\t\t<\/a>","protected":false},"excerpt":{"rendered":"<p>Best\u00e4llning SureSMS erbjuder en rad olika tj\u00e4nster. Nedan kan du best\u00e4lla den tj\u00e4nst du \u00e4r ute efter. SMS-plattform Best\u00e4ll ett testkonto f\u00f6r v\u00e5r webbplattform d\u00e4r du kan skapa kontakter, grupper, automatiseringar med mera. L\u00e4s mer... Inkommande SMS Best\u00e4ll inkommande SMS med ditt eget virtuella nummer.  L\u00e4s mer om tj\u00e4nsten...<\/p>","protected":false},"author":1,"featured_media":0,"parent":0,"menu_order":0,"comment_status":"closed","ping_status":"closed","template":"","meta":{"_fl_builder_enabled":"1","_fl_builder_data":null,"_fl_builder_draft":null,"_fl_builder_data_settings":null,"_fl_builder_css":"","_fl_builder_css_version":"","_fl_builder_js":"","footnotes":""},"categories":[],"tags":[],"class_list":["post-19266","page","type-page","status-publish"],"yoast_head":"<!-- This site is optimized with the Yoast SEO Premium plugin v27.3 (Yoast SEO v27.3) - https:\/\/yoast.com\/product\/yoast-seo-premium-wordpress\/ -->\r\n<title>Bestil -<\/title>\r\n<meta name=\"robots\" content=\"index, follow, max-snippet:-1, max-image-preview:large, max-video-preview:-1\" \/>\r\n<link rel=\"canonical\" href=\"https:\/\/suresms.com\/sv\/bestallning\/\" \/>\r\n<meta property=\"og:locale\" content=\"sv_SE\" \/>\r\n<meta property=\"og:type\" content=\"article\" \/>\r\n<meta property=\"og:title\" content=\"Bestil\" \/>\r\n<meta property=\"og:description\" content=\"Bestilling SureSMS tilbyder en r\u00e6kke services. Herunder kan du bestille den service du er ude efter. SMS Platform Bestil en test-konto til vores web-platform hvor du kan lave kontakter, grupper, automatiskeringer mm. L\u00e6s mere&#8230; Indg\u00e5ende SMS Bestil indg\u00e5ende SMS med dit eget virtuelle nummer.\u00a0 L\u00e6s mere&#8230;\" \/>\r\n<meta property=\"og:url\" content=\"https:\/\/suresms.com\/sv\/bestallning\/\" \/>\r\n<meta property=\"article:publisher\" content=\"https:\/\/www.facebook.com\/p\/SureSMS-100044607956149\/\" \/>\r\n<meta property=\"article:modified_time\" content=\"2024-11-29T16:27:30+00:00\" \/>\r\n<meta name=\"twitter:card\" content=\"summary_large_image\" \/>\r\n<meta name=\"twitter:label1\" content=\"Ber\u00e4knad l\u00e4stid\" \/>\n\t<meta name=\"twitter:data1\" content=\"1 minut\" \/>\r\n<script type=\"application\/ld+json\" class=\"yoast-schema-graph\">{\"@context\":\"https:\\\/\\\/schema.org\",\"@graph\":[{\"@type\":\"WebPage\",\"@id\":\"https:\\\/\\\/suresms.com\\\/bestil\\\/\",\"url\":\"https:\\\/\\\/suresms.com\\\/bestil\\\/\",\"name\":\"Bestil -\",\"isPartOf\":{\"@id\":\"https:\\\/\\\/suresms.com\\\/en\\\/#website\"},\"datePublished\":\"2024-11-27T15:20:59+00:00\",\"dateModified\":\"2024-11-29T16:27:30+00:00\",\"breadcrumb\":{\"@id\":\"https:\\\/\\\/suresms.com\\\/bestil\\\/#breadcrumb\"},\"inLanguage\":\"sv-SE\",\"potentialAction\":[{\"@type\":\"ReadAction\",\"target\":[\"https:\\\/\\\/suresms.com\\\/bestil\\\/\"]}]},{\"@type\":\"BreadcrumbList\",\"@id\":\"https:\\\/\\\/suresms.com\\\/bestil\\\/#breadcrumb\",\"itemListElement\":[{\"@type\":\"ListItem\",\"position\":1,\"name\":\"Home\",\"item\":\"https:\\\/\\\/suresms.com\\\/dk\\\/\"},{\"@type\":\"ListItem\",\"position\":2,\"name\":\"Bestil\"}]},{\"@type\":\"WebSite\",\"@id\":\"https:\\\/\\\/suresms.com\\\/en\\\/#website\",\"url\":\"https:\\\/\\\/suresms.com\\\/en\\\/\",\"name\":\"SureSMS\",\"description\":\"Professionel SMS Gateway\",\"publisher\":{\"@id\":\"https:\\\/\\\/suresms.com\\\/en\\\/#organization\"},\"potentialAction\":[{\"@type\":\"SearchAction\",\"target\":{\"@type\":\"EntryPoint\",\"urlTemplate\":\"https:\\\/\\\/suresms.com\\\/en\\\/?s={search_term_string}\"},\"query-input\":{\"@type\":\"PropertyValueSpecification\",\"valueRequired\":true,\"valueName\":\"search_term_string\"}}],\"inLanguage\":\"sv-SE\"},{\"@type\":\"Organization\",\"@id\":\"https:\\\/\\\/suresms.com\\\/en\\\/#organization\",\"name\":\"SureSMS\",\"url\":\"https:\\\/\\\/suresms.com\\\/en\\\/\",\"logo\":{\"@type\":\"ImageObject\",\"inLanguage\":\"sv-SE\",\"@id\":\"https:\\\/\\\/suresms.com\\\/en\\\/#\\\/schema\\\/logo\\\/image\\\/\",\"url\":\"https:\\\/\\\/suresms.com\\\/wp-content\\\/uploads\\\/2024\\\/11\\\/suresms-300x65-1.png\",\"contentUrl\":\"https:\\\/\\\/suresms.com\\\/wp-content\\\/uploads\\\/2024\\\/11\\\/suresms-300x65-1.png\",\"width\":300,\"height\":65,\"caption\":\"SureSMS\"},\"image\":{\"@id\":\"https:\\\/\\\/suresms.com\\\/en\\\/#\\\/schema\\\/logo\\\/image\\\/\"},\"sameAs\":[\"https:\\\/\\\/www.facebook.com\\\/p\\\/SureSMS-100044607956149\\\/\"]}]}<\/script>\r\n<!-- \/ Yoast SEO Premium plugin. -->","yoast_head_json":{"title":"Order...","robots":{"index":"index","follow":"follow","max-snippet":"max-snippet:-1","max-image-preview":"max-image-preview:large","max-video-preview":"max-video-preview:-1"},"canonical":"https:\/\/suresms.com\/sv\/bestallning\/","og_locale":"sv_SE","og_type":"article","og_title":"Bestil","og_description":"Bestilling SureSMS tilbyder en r\u00e6kke services. Herunder kan du bestille den service du er ude efter. SMS Platform Bestil en test-konto til vores web-platform hvor du kan lave kontakter, grupper, automatiskeringer mm. L\u00e6s mere&#8230; Indg\u00e5ende SMS Bestil indg\u00e5ende SMS med dit eget virtuelle nummer.\u00a0 L\u00e6s mere&#8230;","og_url":"https:\/\/suresms.com\/sv\/bestallning\/","article_publisher":"https:\/\/www.facebook.com\/p\/SureSMS-100044607956149\/","article_modified_time":"2024-11-29T16:27:30+00:00","twitter_card":"summary_large_image","twitter_misc":{"Ber\u00e4knad l\u00e4stid":"1 minut"},"schema":{"@context":"https:\/\/schema.org","@graph":[{"@type":"WebPage","@id":"https:\/\/suresms.com\/bestil\/","url":"https:\/\/suresms.com\/bestil\/","name":"Order...","isPartOf":{"@id":"https:\/\/suresms.com\/en\/#website"},"datePublished":"2024-11-27T15:20:59+00:00","dateModified":"2024-11-29T16:27:30+00:00","breadcrumb":{"@id":"https:\/\/suresms.com\/bestil\/#breadcrumb"},"inLanguage":"sv-SE","potentialAction":[{"@type":"ReadAction","target":["https:\/\/suresms.com\/bestil\/"]}]},{"@type":"BreadcrumbList","@id":"https:\/\/suresms.com\/bestil\/#breadcrumb","itemListElement":[{"@type":"ListItem","position":1,"name":"Home","item":"https:\/\/suresms.com\/dk\/"},{"@type":"ListItem","position":2,"name":"Bestil"}]},{"@type":"WebSite","@id":"https:\/\/suresms.com\/en\/#website","url":"https:\/\/suresms.com\/en\/","name":"SureSMS","description":"Professionell SMS Gateway","publisher":{"@id":"https:\/\/suresms.com\/en\/#organization"},"potentialAction":[{"@type":"SearchAction","target":{"@type":"EntryPoint","urlTemplate":"https:\/\/suresms.com\/en\/?s={search_term_string}"},"query-input":{"@type":"PropertyValueSpecification","valueRequired":true,"valueName":"search_term_string"}}],"inLanguage":"sv-SE"},{"@type":"Organization","@id":"https:\/\/suresms.com\/en\/#organization","name":"SureSMS","url":"https:\/\/suresms.com\/en\/","logo":{"@type":"ImageObject","inLanguage":"sv-SE","@id":"https:\/\/suresms.com\/en\/#\/schema\/logo\/image\/","url":"https:\/\/suresms.com\/wp-content\/uploads\/2024\/11\/suresms-300x65-1.png","contentUrl":"https:\/\/suresms.com\/wp-content\/uploads\/2024\/11\/suresms-300x65-1.png","width":300,"height":65,"caption":"SureSMS"},"image":{"@id":"https:\/\/suresms.com\/en\/#\/schema\/logo\/image\/"},"sameAs":["https:\/\/www.facebook.com\/p\/SureSMS-100044607956149\/"]}]}},"_links":{"self":[{"href":"https:\/\/suresms.com\/sv\/wp-json\/wp\/v2\/pages\/19266","targetHints":{"allow":["GET"]}}],"collection":[{"href":"https:\/\/suresms.com\/sv\/wp-json\/wp\/v2\/pages"}],"about":[{"href":"https:\/\/suresms.com\/sv\/wp-json\/wp\/v2\/types\/page"}],"author":[{"embeddable":true,"href":"https:\/\/suresms.com\/sv\/wp-json\/wp\/v2\/users\/1"}],"replies":[{"embeddable":true,"href":"https:\/\/suresms.com\/sv\/wp-json\/wp\/v2\/comments?post=19266"}],"version-history":[{"count":3,"href":"https:\/\/suresms.com\/sv\/wp-json\/wp\/v2\/pages\/19266\/revisions"}],"predecessor-version":[{"id":19281,"href":"https:\/\/suresms.com\/sv\/wp-json\/wp\/v2\/pages\/19266\/revisions\/19281"}],"wp:attachment":[{"href":"https:\/\/suresms.com\/sv\/wp-json\/wp\/v2\/media?parent=19266"}],"wp:term":[{"taxonomy":"category","embeddable":true,"href":"https:\/\/suresms.com\/sv\/wp-json\/wp\/v2\/categories?post=19266"},{"taxonomy":"post_tag","embeddable":true,"href":"https:\/\/suresms.com\/sv\/wp-json\/wp\/v2\/tags?post=19266"}],"curies":[{"name":"wp","href":"https:\/\/api.w.org\/{rel}","templated":true}]}}