{"id":19129,"date":"2024-11-24T17:01:27","date_gmt":"2024-11-24T17:01:27","guid":{"rendered":"https:\/\/suresms.com\/?page_id=19129"},"modified":"2025-07-17T07:31:16","modified_gmt":"2025-07-17T07:31:16","slug":"integritetspolicy-2","status":"publish","type":"page","link":"https:\/\/suresms.com\/sv\/politikker\/anti-spam\/","title":{"rendered":"Anti-spam policy"},"content":{"rendered":"<h1><strong>SureSMS Anti-Spam Policy<\/strong><\/h1>\n<p>P\u00e5 SureSMS har vi en <strong>nolltoleranspolicy<\/strong> mot skr\u00e4ppost. Spam definieras som o\u00f6nskad kommunikation till mobilanv\u00e4ndare som inte har gett sitt uttryckliga samtycke (opt-in) till att ta emot dina SMS-meddelanden.<\/p>\n<p>Om vi f\u00e5r k\u00e4nnedom om att du bryter mot denna policy kommer ditt konto att <strong>st\u00e4ngt med omedelbar verkan<\/strong>. Om du misst\u00e4nker att n\u00e5gon av v\u00e5ra kunder bryter mot v\u00e5ra policyer, v\u00e4nligen kontakta oss via <strong><a rel=\"noopener\">support@suresms.com<\/a><\/strong>.<\/p>\n\t<h2>Krav f\u00f6r samtycke<\/h2>\n<p>F\u00f6r att anv\u00e4nda SureSMS beh\u00f6ver du bara skicka SMS-meddelanden till mottagare som har gett en <strong>aktivt samtycke<\/strong>. Samtycke kan t.ex. erh\u00e5llas genom:<\/p>\n<ul>\n<li>Mobilanv\u00e4ndaren skickar ett SMS till ett kortnummer, t.ex. 1245.<\/li>\n<li>Anm\u00e4l dig via ett formul\u00e4r p\u00e5 din webbplats.<\/li>\n<li>Ta emot nyhetsbrev i din webbshop eller p\u00e5 din webbplats.<\/li>\n<li>Deltagande i t\u00e4vlingar d\u00e4r det tydligt framg\u00e5r vad samtycket omfattar.<\/li>\n<\/ul>\n<p>Underl\u00e5tenhet att tillhandah\u00e5lla bevis p\u00e5 samtycke betraktas som ett v\u00e4sentligt avtalsbrott och ditt konto kommer att f\u00f6rbli st\u00e4ngt.<\/p>\n\t<h2>F\u00f6rbjudet inneh\u00e5ll<\/h2>\n<p>SureSMS till\u00e5ter inte SMS-meddelanden med f\u00f6ljande inneh\u00e5ll:<\/p>\n<ul>\n<li>Pornografi, eskorttj\u00e4nster eller material som utnyttjar barn under 18 \u00e5r.<\/li>\n<li>Olagliga varor, \u00e4mnen eller aktiviteter, inklusive piratkopierad programvara och instruktioner f\u00f6r tillverkning av vapen.<\/li>\n<li>V\u00e5ldsamt, rasistiskt, hatiskt, hotfullt, bedr\u00e4gligt eller olagligt material.<\/li>\n<li>Inneh\u00e5ll som kr\u00e4nker immateriella r\u00e4ttigheter (upphovsr\u00e4tt, varum\u00e4rken etc.).<\/li>\n<li>Inneh\u00e5ll som marknadsf\u00f6r produkter eller tj\u00e4nster som \u00e4r olagliga p\u00e5 mottagarens plats.<\/li>\n<li>L\u00e4nkar till virus, skadlig kod eller trojaner.<\/li>\n<li>Uppmuntrat till v\u00e5ld mot individer, grupper eller organisationer.<\/li>\n<\/ul>\n\t<h2>F\u00f6rfarande vid intr\u00e5ng<\/h2>\n<p>Vid misstanke om spam kommer vi att g\u00f6ra en bed\u00f6mning:<\/p>\n<ol>\n<li>Inneh\u00e5llet i de skickade SMS-meddelandena.<\/li>\n<li>Dokumentation av samtycke fr\u00e5n mobilanv\u00e4ndare.<\/li>\n<li>Klagom\u00e5let om skr\u00e4ppost och hur\/om den klagande \u00e4r registrerad.<\/li>\n<\/ol>\n<p>Om vi drar slutsatsen att du har skickat skr\u00e4ppost kommer ditt konto att st\u00e4ngas permanent.<\/p>\n\t<h2>Mottagit spam?<\/h2>\n<p>Vi g\u00f6r v\u00e5rt yttersta f\u00f6r att f\u00f6rhindra skr\u00e4ppost, men med \u00f6ver 10 miljoner SMS som skickas varje m\u00e5nad kan fel uppst\u00e5. Om du har f\u00e5tt ett o\u00f6nskat SMS, v\u00e4nligen kontakta oss:<\/p>\n<ol>\n<li>Avsluta prenumerationen via instruktionerna i SMS-meddelandet (vanlig SMS-taxa).<\/li>\n<li>Vidarebefordra inneh\u00e5llet i meddelandet och avs\u00e4ndarens uppgifter till <strong><a rel=\"noopener\">support@suresms.com<\/a><\/strong>s\u00e5 att vi kan unders\u00f6ka och kontakta kunden.<\/li>\n<\/ol>\n<p>Din s\u00e4kerhet och ditt f\u00f6rtroende \u00e4r v\u00e5r h\u00f6gsta prioritet. Vi tolererar inte n\u00e5gra \u00f6vertr\u00e4delser av denna policy.<\/p>","protected":false},"excerpt":{"rendered":"<p>SureSMS Anti-Spam Policy P\u00e5 SureSMS har vi en nolltoleranspolicy mot spam. Spam definieras som o\u00f6nskad kommunikation till mobilanv\u00e4ndare som inte har gett sitt uttryckliga samtycke (opt-in) till att ta emot dina SMS-meddelanden. Om vi blir medvetna om att du bryter mot denna policy kommer ditt konto att st\u00e4ngas med omedelbar verkan. Om du misst\u00e4nker att ... <a title=\"Anti-spam policy\" class=\"read-more\" href=\"https:\/\/suresms.com\/sv\/politikker\/anti-spam\/\" aria-label=\"L\u00e4s mer om Anti-spam policy\">L\u00e4s mer om det<\/a><\/p>","protected":false},"author":1,"featured_media":0,"parent":19124,"menu_order":0,"comment_status":"closed","ping_status":"closed","template":"","meta":{"_fl_builder_enabled":"1","_fl_builder_data":null,"_fl_builder_draft":null,"_fl_builder_data_settings":null,"_fl_builder_css":"","_fl_builder_css_version":"","_fl_builder_js":"","footnotes":""},"categories":[],"tags":[],"class_list":["post-19129","page","type-page","status-publish"],"yoast_head":"<!-- This site is optimized with the Yoast SEO Premium plugin v27.3 (Yoast SEO v27.3) - https:\/\/yoast.com\/product\/yoast-seo-premium-wordpress\/ -->\r\n<title>Anti-spam politik -<\/title>\r\n<meta name=\"robots\" content=\"index, follow, max-snippet:-1, max-image-preview:large, max-video-preview:-1\" \/>\r\n<link rel=\"canonical\" href=\"https:\/\/suresms.com\/sv\/funktioner-2\/integritetspolicy-2\/\" \/>\r\n<meta property=\"og:locale\" content=\"sv_SE\" \/>\r\n<meta property=\"og:type\" content=\"article\" \/>\r\n<meta property=\"og:title\" content=\"Anti-spam politik\" \/>\r\n<meta property=\"og:description\" content=\"SureSMS Anti-Spam Politik Hos SureSMS har vi en nultolerancepolitik over for spam. Spam defineres som uopfordret kommunikation til mobilbrugere, som ikke har givet deres eksplicitte samtykke (opt-in) til at modtage dine SMS-beskeder. Hvis vi bliver opm\u00e6rksomme p\u00e5, at du overtr\u00e6der denne politik, vil din konto blive lukket med \u00f8jeblikkelig virkning. Har du mistanke om, at ... L\u00e4s mer\" \/>\r\n<meta property=\"og:url\" content=\"https:\/\/suresms.com\/sv\/funktioner-2\/integritetspolicy-2\/\" \/>\r\n<meta property=\"article:publisher\" content=\"https:\/\/www.facebook.com\/p\/SureSMS-100044607956149\/\" \/>\r\n<meta property=\"article:modified_time\" content=\"2025-07-17T07:31:16+00:00\" \/>\r\n<meta name=\"twitter:card\" content=\"summary_large_image\" \/>\r\n<meta name=\"twitter:label1\" content=\"Ber\u00e4knad l\u00e4stid\" \/>\n\t<meta name=\"twitter:data1\" content=\"2 minuter\" \/>\r\n<script type=\"application\/ld+json\" class=\"yoast-schema-graph\">{\"@context\":\"https:\\\/\\\/schema.org\",\"@graph\":[{\"@type\":\"WebPage\",\"@id\":\"https:\\\/\\\/suresms.com\\\/dk\\\/politikker\\\/anti-spam\\\/\",\"url\":\"https:\\\/\\\/suresms.com\\\/dk\\\/politikker\\\/anti-spam\\\/\",\"name\":\"Anti-spam politik -\",\"isPartOf\":{\"@id\":\"https:\\\/\\\/suresms.com\\\/en\\\/#website\"},\"datePublished\":\"2024-11-24T17:01:27+00:00\",\"dateModified\":\"2025-07-17T07:31:16+00:00\",\"breadcrumb\":{\"@id\":\"https:\\\/\\\/suresms.com\\\/dk\\\/politikker\\\/anti-spam\\\/#breadcrumb\"},\"inLanguage\":\"sv-SE\",\"potentialAction\":[{\"@type\":\"ReadAction\",\"target\":[\"https:\\\/\\\/suresms.com\\\/dk\\\/politikker\\\/anti-spam\\\/\"]}]},{\"@type\":\"BreadcrumbList\",\"@id\":\"https:\\\/\\\/suresms.com\\\/dk\\\/politikker\\\/anti-spam\\\/#breadcrumb\",\"itemListElement\":[{\"@type\":\"ListItem\",\"position\":1,\"name\":\"Home\",\"item\":\"https:\\\/\\\/suresms.com\\\/dk\\\/\"},{\"@type\":\"ListItem\",\"position\":2,\"name\":\"Politikker\",\"item\":\"https:\\\/\\\/suresms.com\\\/politikker\\\/\"},{\"@type\":\"ListItem\",\"position\":3,\"name\":\"Anti-spam politik\"}]},{\"@type\":\"WebSite\",\"@id\":\"https:\\\/\\\/suresms.com\\\/en\\\/#website\",\"url\":\"https:\\\/\\\/suresms.com\\\/en\\\/\",\"name\":\"SureSMS\",\"description\":\"Professionel SMS Gateway\",\"publisher\":{\"@id\":\"https:\\\/\\\/suresms.com\\\/en\\\/#organization\"},\"potentialAction\":[{\"@type\":\"SearchAction\",\"target\":{\"@type\":\"EntryPoint\",\"urlTemplate\":\"https:\\\/\\\/suresms.com\\\/en\\\/?s={search_term_string}\"},\"query-input\":{\"@type\":\"PropertyValueSpecification\",\"valueRequired\":true,\"valueName\":\"search_term_string\"}}],\"inLanguage\":\"sv-SE\"},{\"@type\":\"Organization\",\"@id\":\"https:\\\/\\\/suresms.com\\\/en\\\/#organization\",\"name\":\"SureSMS\",\"url\":\"https:\\\/\\\/suresms.com\\\/en\\\/\",\"logo\":{\"@type\":\"ImageObject\",\"inLanguage\":\"sv-SE\",\"@id\":\"https:\\\/\\\/suresms.com\\\/en\\\/#\\\/schema\\\/logo\\\/image\\\/\",\"url\":\"https:\\\/\\\/suresms.com\\\/wp-content\\\/uploads\\\/2024\\\/11\\\/suresms-300x65-1.png\",\"contentUrl\":\"https:\\\/\\\/suresms.com\\\/wp-content\\\/uploads\\\/2024\\\/11\\\/suresms-300x65-1.png\",\"width\":300,\"height\":65,\"caption\":\"SureSMS\"},\"image\":{\"@id\":\"https:\\\/\\\/suresms.com\\\/en\\\/#\\\/schema\\\/logo\\\/image\\\/\"},\"sameAs\":[\"https:\\\/\\\/www.facebook.com\\\/p\\\/SureSMS-100044607956149\\\/\"]}]}<\/script>\r\n<!-- \/ Yoast SEO Premium plugin. -->","yoast_head_json":{"title":"Anti-spam policy","robots":{"index":"index","follow":"follow","max-snippet":"max-snippet:-1","max-image-preview":"max-image-preview:large","max-video-preview":"max-video-preview:-1"},"canonical":"https:\/\/suresms.com\/sv\/funktioner-2\/integritetspolicy-2\/","og_locale":"sv_SE","og_type":"article","og_title":"Anti-spam politik","og_description":"SureSMS Anti-Spam Politik Hos SureSMS har vi en nultolerancepolitik over for spam. Spam defineres som uopfordret kommunikation til mobilbrugere, som ikke har givet deres eksplicitte samtykke (opt-in) til at modtage dine SMS-beskeder. Hvis vi bliver opm\u00e6rksomme p\u00e5, at du overtr\u00e6der denne politik, vil din konto blive lukket med \u00f8jeblikkelig virkning. Har du mistanke om, at ... L\u00e4s mer","og_url":"https:\/\/suresms.com\/sv\/funktioner-2\/integritetspolicy-2\/","article_publisher":"https:\/\/www.facebook.com\/p\/SureSMS-100044607956149\/","article_modified_time":"2025-07-17T07:31:16+00:00","twitter_card":"summary_large_image","twitter_misc":{"Ber\u00e4knad l\u00e4stid":"2 minuter"},"schema":{"@context":"https:\/\/schema.org","@graph":[{"@type":"WebPage","@id":"https:\/\/suresms.com\/dk\/politikker\/anti-spam\/","url":"https:\/\/suresms.com\/dk\/politikker\/anti-spam\/","name":"Anti-spam policy","isPartOf":{"@id":"https:\/\/suresms.com\/en\/#website"},"datePublished":"2024-11-24T17:01:27+00:00","dateModified":"2025-07-17T07:31:16+00:00","breadcrumb":{"@id":"https:\/\/suresms.com\/dk\/politikker\/anti-spam\/#breadcrumb"},"inLanguage":"sv-SE","potentialAction":[{"@type":"ReadAction","target":["https:\/\/suresms.com\/dk\/politikker\/anti-spam\/"]}]},{"@type":"BreadcrumbList","@id":"https:\/\/suresms.com\/dk\/politikker\/anti-spam\/#breadcrumb","itemListElement":[{"@type":"ListItem","position":1,"name":"Home","item":"https:\/\/suresms.com\/dk\/"},{"@type":"ListItem","position":2,"name":"Politikker","item":"https:\/\/suresms.com\/politikker\/"},{"@type":"ListItem","position":3,"name":"Anti-spam politik"}]},{"@type":"WebSite","@id":"https:\/\/suresms.com\/en\/#website","url":"https:\/\/suresms.com\/en\/","name":"SureSMS","description":"Professionell SMS Gateway","publisher":{"@id":"https:\/\/suresms.com\/en\/#organization"},"potentialAction":[{"@type":"SearchAction","target":{"@type":"EntryPoint","urlTemplate":"https:\/\/suresms.com\/en\/?s={search_term_string}"},"query-input":{"@type":"PropertyValueSpecification","valueRequired":true,"valueName":"search_term_string"}}],"inLanguage":"sv-SE"},{"@type":"Organization","@id":"https:\/\/suresms.com\/en\/#organization","name":"SureSMS","url":"https:\/\/suresms.com\/en\/","logo":{"@type":"ImageObject","inLanguage":"sv-SE","@id":"https:\/\/suresms.com\/en\/#\/schema\/logo\/image\/","url":"https:\/\/suresms.com\/wp-content\/uploads\/2024\/11\/suresms-300x65-1.png","contentUrl":"https:\/\/suresms.com\/wp-content\/uploads\/2024\/11\/suresms-300x65-1.png","width":300,"height":65,"caption":"SureSMS"},"image":{"@id":"https:\/\/suresms.com\/en\/#\/schema\/logo\/image\/"},"sameAs":["https:\/\/www.facebook.com\/p\/SureSMS-100044607956149\/"]}]}},"_links":{"self":[{"href":"https:\/\/suresms.com\/sv\/wp-json\/wp\/v2\/pages\/19129","targetHints":{"allow":["GET"]}}],"collection":[{"href":"https:\/\/suresms.com\/sv\/wp-json\/wp\/v2\/pages"}],"about":[{"href":"https:\/\/suresms.com\/sv\/wp-json\/wp\/v2\/types\/page"}],"author":[{"embeddable":true,"href":"https:\/\/suresms.com\/sv\/wp-json\/wp\/v2\/users\/1"}],"replies":[{"embeddable":true,"href":"https:\/\/suresms.com\/sv\/wp-json\/wp\/v2\/comments?post=19129"}],"version-history":[{"count":4,"href":"https:\/\/suresms.com\/sv\/wp-json\/wp\/v2\/pages\/19129\/revisions"}],"predecessor-version":[{"id":23452,"href":"https:\/\/suresms.com\/sv\/wp-json\/wp\/v2\/pages\/19129\/revisions\/23452"}],"up":[{"embeddable":true,"href":"https:\/\/suresms.com\/sv\/wp-json\/wp\/v2\/pages\/19124"}],"wp:attachment":[{"href":"https:\/\/suresms.com\/sv\/wp-json\/wp\/v2\/media?parent=19129"}],"wp:term":[{"taxonomy":"category","embeddable":true,"href":"https:\/\/suresms.com\/sv\/wp-json\/wp\/v2\/categories?post=19129"},{"taxonomy":"post_tag","embeddable":true,"href":"https:\/\/suresms.com\/sv\/wp-json\/wp\/v2\/tags?post=19129"}],"curies":[{"name":"wp","href":"https:\/\/api.w.org\/{rel}","templated":true}]}}