{"id":19014,"date":"2024-11-19T19:02:34","date_gmt":"2024-11-19T19:02:34","guid":{"rendered":"https:\/\/suresms.com\/?page_id=19014"},"modified":"2025-01-04T23:12:33","modified_gmt":"2025-01-04T23:12:33","slug":"sms-losning-for-gemensamma-bibliotekssystem-2","status":"publish","type":"page","link":"https:\/\/suresms.com\/sv\/integrationer\/fagsystem-sms-integration\/businnes-central\/","title":{"rendered":"SMS-l\u00f6sning f\u00f6r Business Central"},"content":{"rendered":"<h1>\n\t\tBusiness Central\n\t<\/h1>\n<p><strong>Integration med Business Central: Effektiv SMS-kommunikation<\/strong><\/p>\n<p>V\u00e5r SMS-modul f\u00f6r Business Central ger f\u00f6retag ett enkelt och effektivt s\u00e4tt att integrera SMS-kommunikation direkt i sitt befintliga aff\u00e4rssystem. Denna integration \u00e4r utformad f\u00f6r att g\u00f6ra det enkelt f\u00f6r f\u00f6retag att skicka och sp\u00e5ra SMS-meddelanden, oavsett om det \u00e4r till kunder, partners eller anst\u00e4llda. H\u00e4r \u00e4r vad du kan f\u00f6rv\u00e4nta dig:<\/p>\n<hr \/>\n<h3><strong>Funktioner och tillval<\/strong><\/h3>\n<p><strong>1. Skicka SMS direkt fr\u00e5n Business Central<\/strong><\/p>\n<ul>\n<li>Skicka meddelanden fr\u00e5n olika moduler, t.ex. f\u00f6rs\u00e4ljningsorder, offerter och serviceorder.<\/li>\n<li>St\u00e4ll in standardmeddelanden f\u00f6r att starta och avsluta order, t.ex. \"Din vara \u00e4r klar f\u00f6r avh\u00e4mtning\".<\/li>\n<\/ul>\n<p><strong>2. Logg- och statusuppdatering<\/strong><\/p>\n<ul>\n<li>Alla skickade meddelanden sparas i en logg d\u00e4r du kan se och h\u00e4mta status f\u00f6r leveransen.<\/li>\n<li>M\u00f6jlighet att manuellt uppdatera statusen s\u00e5 att du kan h\u00e5lla reda p\u00e5 om meddelanden har levererats.<\/li>\n<\/ul>\n<p><strong>3. Automatiserade processer<\/strong><\/p>\n<ul>\n<li>S\u00e4tt upp regler f\u00f6r vilka mobilnummer som ska anv\u00e4ndas, t.ex. fr\u00e5n g\u00e4lden\u00e4ren eller en standardkontaktperson.<\/li>\n<li>Rapporteringsverktyg f\u00f6r massdistribution baserat p\u00e5 specifika kriterier, t.ex. f\u00f6r kampanjer eller p\u00e5minnelser.<\/li>\n<\/ul>\n<p><strong>4. Molnbaserad eller lokal l\u00f6sning<\/strong><\/p>\n<ul>\n<li>Modulen fungerar p\u00e5 b\u00e5de moln- och lokala installationer av Business Central.<\/li>\n<\/ul>\n<hr \/>\n<h3><strong>F\u00f6rdelar med integrationen<\/strong><\/h3>\n<ul>\n<li><strong>Tidsbesparing:<\/strong> Undvik manuell inloggning till externa SMS plattformar. Allt finns tillg\u00e4ngligt direkt i Business Central.<\/li>\n<li><strong>B\u00e4ttre kundupplevelse:<\/strong> H\u00e5ll dina kunder informerade med snabba och korrekta meddelanden om orderstatus och m\u00f6ten.<\/li>\n<li><strong>Tydlig administration:<\/strong> F\u00e5 en fullst\u00e4ndig \u00f6verblick \u00f6ver dina SMS-meddelanden med logg- och statusuppdateringar.<\/li>\n<li><strong>Flexibilitet:<\/strong> Anpassa meddelanden till dina specifika behov och processer.<\/li>\n<\/ul>\n<hr \/>\n<h3><strong>Pris<\/strong><\/h3>\n<p>Modulen kostar <strong>100 kr per m\u00e5nad<\/strong>. Med detta l\u00e5ga pris kan du snabbt spara tid och effektivisera din kommunikation. F\u00f6r f\u00f6retag som redan anv\u00e4nder SMS som en del av sin verksamhet \u00e4r besparingarna i arbetstid och resurser betydande.<\/p>\n<hr \/>\n<h3><strong>Kom ig\u00e5ng med ditt arbete<\/strong><\/h3>\n<p>Kontakta oss f\u00f6r en demonstration eller om du har n\u00e5gra fr\u00e5gor om hur modulen kan implementeras i din l\u00f6sning. Vi hj\u00e4lper dig g\u00e4rna med installation och anpassning f\u00f6r att passa dina aff\u00e4rsbehov.<\/p>\n<p>Fyll i formul\u00e4ret nedan eller ring oss idag f\u00f6r mer information.<\/p>","protected":false},"excerpt":{"rendered":"<p>Business Central Integration for Business Central: Effektiv SMS-kommunikation V\u00e5r SMS-modul f\u00f6r Business Central ger f\u00f6retag ett enkelt och effektivt s\u00e4tt att integrera SMS-kommunikation direkt i sitt befintliga aff\u00e4rssystem. Denna integration \u00e4r utformad f\u00f6r att g\u00f6ra det enkelt f\u00f6r f\u00f6retag att skicka och sp\u00e5ra SMS-meddelanden, oavsett om det \u00e4r till kunder, partners eller anst\u00e4llda. S\u00e5 h\u00e4r g\u00f6r du... <a title=\"SMS-l\u00f6sning f\u00f6r Business Central\" class=\"read-more\" href=\"https:\/\/suresms.com\/sv\/integrationer\/fagsystem-sms-integration\/businnes-central\/\" aria-label=\"L\u00e4s mer om SMS-l\u00f6sning f\u00f6r Business Central\">L\u00e4s mer om det<\/a><\/p>","protected":false},"author":1,"featured_media":0,"parent":18069,"menu_order":0,"comment_status":"closed","ping_status":"closed","template":"","meta":{"_fl_builder_enabled":"1","_fl_builder_data":null,"_fl_builder_draft":null,"_fl_builder_data_settings":null,"_fl_builder_css":"","_fl_builder_css_version":"","_fl_builder_js":"","footnotes":""},"categories":[],"tags":[],"class_list":["post-19014","page","type-page","status-publish"],"yoast_head":"<!-- This site is optimized with the Yoast SEO Premium plugin v27.3 (Yoast SEO v27.3) - https:\/\/yoast.com\/product\/yoast-seo-premium-wordpress\/ -->\r\n<title>Fbs \u2192 Nem oprettelse og hurtige resultater med dette system<\/title>\r\n<meta name=\"description\" content=\"Find et nemt online system med SMS services og f\u00e5 hurtigt kontakt til dine kunder. Ny og effektiv SMS l\u00f8sning til fbs.\" \/>\r\n<meta name=\"robots\" content=\"index, follow, max-snippet:-1, max-image-preview:large, max-video-preview:-1\" \/>\r\n<link rel=\"canonical\" href=\"https:\/\/suresms.com\/sv\/integrationer\/cms-system-for-hantering-av-innehaall-sms-integration-2\/sms-losning-for-gemensamma-bibliotekssystem-2\/\" \/>\r\n<meta property=\"og:locale\" content=\"sv_SE\" \/>\r\n<meta property=\"og:type\" content=\"article\" \/>\r\n<meta property=\"og:title\" content=\"SMS L\u00f8sning til F\u00e6lles Bibliotekssystem (FBS) Cicero\" \/>\r\n<meta property=\"og:description\" content=\"Lige nu udrulles Cicero (FBS) p\u00e5 folkebiblioteker og p\u00e6dagogiske l\u00e6ringscentre rundt omkring i landet. SureSMS leverer en kvalitets SMS l\u00f8sning fuldt integrerbar med det nye system. Nem ops\u00e6tning, gratis oprettelse og intet abonnement. 14 \u00f8re pr. SMS.\" \/>\r\n<meta property=\"og:url\" content=\"https:\/\/suresms.com\/sv\/integrationer\/cms-system-for-hantering-av-innehaall-sms-integration-2\/sms-losning-for-gemensamma-bibliotekssystem-2\/\" \/>\r\n<meta property=\"article:publisher\" content=\"https:\/\/www.facebook.com\/p\/SureSMS-100044607956149\/\" \/>\r\n<meta property=\"article:modified_time\" content=\"2025-01-04T23:12:33+00:00\" \/>\r\n<meta property=\"og:image\" content=\"https:\/\/suresms.com\/wp-content\/uploads\/2016\/10\/SMS-Loesning-til-FBS-1.jpg\" \/>\r\n\t<meta property=\"og:image:width\" content=\"1200\" \/>\r\n\t<meta property=\"og:image:height\" content=\"600\" \/>\r\n\t<meta property=\"og:image:type\" content=\"image\/jpeg\" \/>\r\n<meta name=\"twitter:card\" content=\"summary_large_image\" \/>\r\n<meta name=\"twitter:title\" content=\"SMS l\u00f8sning til Business Central\" \/>\r\n<meta name=\"twitter:label1\" content=\"Ber\u00e4knad l\u00e4stid\" \/>\n\t<meta name=\"twitter:data1\" content=\"5 minuter\" \/>\r\n<script type=\"application\/ld+json\" class=\"yoast-schema-graph\">{\"@context\":\"https:\\\/\\\/schema.org\",\"@graph\":[{\"@type\":\"WebPage\",\"@id\":\"https:\\\/\\\/suresms.com\\\/dk\\\/integrationer\\\/fagsystem-sms-integration\\\/businnes-central\\\/\",\"url\":\"https:\\\/\\\/suresms.com\\\/dk\\\/integrationer\\\/fagsystem-sms-integration\\\/businnes-central\\\/\",\"name\":\"Fbs \u2192 Nem oprettelse og hurtige resultater med dette system\",\"isPartOf\":{\"@id\":\"https:\\\/\\\/suresms.com\\\/en\\\/#website\"},\"datePublished\":\"2024-11-19T19:02:34+00:00\",\"dateModified\":\"2025-01-04T23:12:33+00:00\",\"description\":\"Find et nemt online system med SMS services og f\u00e5 hurtigt kontakt til dine kunder. Ny og effektiv SMS l\u00f8sning til fbs.\",\"breadcrumb\":{\"@id\":\"https:\\\/\\\/suresms.com\\\/dk\\\/integrationer\\\/fagsystem-sms-integration\\\/businnes-central\\\/#breadcrumb\"},\"inLanguage\":\"sv-SE\",\"potentialAction\":[{\"@type\":\"ReadAction\",\"target\":[\"https:\\\/\\\/suresms.com\\\/dk\\\/integrationer\\\/fagsystem-sms-integration\\\/businnes-central\\\/\"]}]},{\"@type\":\"BreadcrumbList\",\"@id\":\"https:\\\/\\\/suresms.com\\\/dk\\\/integrationer\\\/fagsystem-sms-integration\\\/businnes-central\\\/#breadcrumb\",\"itemListElement\":[{\"@type\":\"ListItem\",\"position\":1,\"name\":\"Home\",\"item\":\"https:\\\/\\\/suresms.com\\\/dk\\\/\"},{\"@type\":\"ListItem\",\"position\":2,\"name\":\"Integrationer\",\"item\":\"https:\\\/\\\/suresms.com\\\/dk\\\/integrationer\\\/\"},{\"@type\":\"ListItem\",\"position\":3,\"name\":\"SMS integration til fagsystemer\",\"item\":\"https:\\\/\\\/suresms.com\\\/dk\\\/integrationer\\\/fagsystem-sms-integration\\\/\"},{\"@type\":\"ListItem\",\"position\":4,\"name\":\"SMS l\u00f8sning til Business Central\"}]},{\"@type\":\"WebSite\",\"@id\":\"https:\\\/\\\/suresms.com\\\/en\\\/#website\",\"url\":\"https:\\\/\\\/suresms.com\\\/en\\\/\",\"name\":\"SureSMS\",\"description\":\"Professionel SMS Gateway\",\"publisher\":{\"@id\":\"https:\\\/\\\/suresms.com\\\/en\\\/#organization\"},\"potentialAction\":[{\"@type\":\"SearchAction\",\"target\":{\"@type\":\"EntryPoint\",\"urlTemplate\":\"https:\\\/\\\/suresms.com\\\/en\\\/?s={search_term_string}\"},\"query-input\":{\"@type\":\"PropertyValueSpecification\",\"valueRequired\":true,\"valueName\":\"search_term_string\"}}],\"inLanguage\":\"sv-SE\"},{\"@type\":\"Organization\",\"@id\":\"https:\\\/\\\/suresms.com\\\/en\\\/#organization\",\"name\":\"SureSMS\",\"url\":\"https:\\\/\\\/suresms.com\\\/en\\\/\",\"logo\":{\"@type\":\"ImageObject\",\"inLanguage\":\"sv-SE\",\"@id\":\"https:\\\/\\\/suresms.com\\\/en\\\/#\\\/schema\\\/logo\\\/image\\\/\",\"url\":\"https:\\\/\\\/suresms.com\\\/wp-content\\\/uploads\\\/2024\\\/11\\\/suresms-300x65-1.png\",\"contentUrl\":\"https:\\\/\\\/suresms.com\\\/wp-content\\\/uploads\\\/2024\\\/11\\\/suresms-300x65-1.png\",\"width\":300,\"height\":65,\"caption\":\"SureSMS\"},\"image\":{\"@id\":\"https:\\\/\\\/suresms.com\\\/en\\\/#\\\/schema\\\/logo\\\/image\\\/\"},\"sameAs\":[\"https:\\\/\\\/www.facebook.com\\\/p\\\/SureSMS-100044607956149\\\/\"]}]}<\/script>\r\n<!-- \/ Yoast SEO Premium plugin. -->","yoast_head_json":{"title":"Fbs \u2192 Enkelt skapande och snabba resultat med detta system","description":"Hitta ett enkelt online-system med SMS-tj\u00e4nster och f\u00e5 snabbt kontakt med dina kunder. Ny och effektiv SMS-l\u00f6sning f\u00f6r fbs.","robots":{"index":"index","follow":"follow","max-snippet":"max-snippet:-1","max-image-preview":"max-image-preview:large","max-video-preview":"max-video-preview:-1"},"canonical":"https:\/\/suresms.com\/sv\/integrationer\/cms-system-for-hantering-av-innehaall-sms-integration-2\/sms-losning-for-gemensamma-bibliotekssystem-2\/","og_locale":"sv_SE","og_type":"article","og_title":"SMS L\u00f8sning til F\u00e6lles Bibliotekssystem (FBS) Cicero","og_description":"Lige nu udrulles Cicero (FBS) p\u00e5 folkebiblioteker og p\u00e6dagogiske l\u00e6ringscentre rundt omkring i landet. SureSMS leverer en kvalitets SMS l\u00f8sning fuldt integrerbar med det nye system. Nem ops\u00e6tning, gratis oprettelse og intet abonnement. 14 \u00f8re pr. SMS.","og_url":"https:\/\/suresms.com\/sv\/integrationer\/cms-system-for-hantering-av-innehaall-sms-integration-2\/sms-losning-for-gemensamma-bibliotekssystem-2\/","article_publisher":"https:\/\/www.facebook.com\/p\/SureSMS-100044607956149\/","article_modified_time":"2025-01-04T23:12:33+00:00","og_image":[{"width":1200,"height":600,"url":"https:\/\/suresms.com\/wp-content\/uploads\/2016\/10\/SMS-Loesning-til-FBS-1.jpg","type":"image\/jpeg"}],"twitter_card":"summary_large_image","twitter_title":"SMS l\u00f8sning til Business Central","twitter_misc":{"Ber\u00e4knad l\u00e4stid":"5 minuter"},"schema":{"@context":"https:\/\/schema.org","@graph":[{"@type":"WebPage","@id":"https:\/\/suresms.com\/dk\/integrationer\/fagsystem-sms-integration\/businnes-central\/","url":"https:\/\/suresms.com\/dk\/integrationer\/fagsystem-sms-integration\/businnes-central\/","name":"Fbs \u2192 Enkelt skapande och snabba resultat med detta system","isPartOf":{"@id":"https:\/\/suresms.com\/en\/#website"},"datePublished":"2024-11-19T19:02:34+00:00","dateModified":"2025-01-04T23:12:33+00:00","description":"Hitta ett enkelt online-system med SMS-tj\u00e4nster och f\u00e5 snabbt kontakt med dina kunder. Ny och effektiv SMS-l\u00f6sning f\u00f6r fbs.","breadcrumb":{"@id":"https:\/\/suresms.com\/dk\/integrationer\/fagsystem-sms-integration\/businnes-central\/#breadcrumb"},"inLanguage":"sv-SE","potentialAction":[{"@type":"ReadAction","target":["https:\/\/suresms.com\/dk\/integrationer\/fagsystem-sms-integration\/businnes-central\/"]}]},{"@type":"BreadcrumbList","@id":"https:\/\/suresms.com\/dk\/integrationer\/fagsystem-sms-integration\/businnes-central\/#breadcrumb","itemListElement":[{"@type":"ListItem","position":1,"name":"Home","item":"https:\/\/suresms.com\/dk\/"},{"@type":"ListItem","position":2,"name":"Integrationer","item":"https:\/\/suresms.com\/dk\/integrationer\/"},{"@type":"ListItem","position":3,"name":"SMS integration til fagsystemer","item":"https:\/\/suresms.com\/dk\/integrationer\/fagsystem-sms-integration\/"},{"@type":"ListItem","position":4,"name":"SMS l\u00f8sning til Business Central"}]},{"@type":"WebSite","@id":"https:\/\/suresms.com\/en\/#website","url":"https:\/\/suresms.com\/en\/","name":"SureSMS","description":"Professionell SMS Gateway","publisher":{"@id":"https:\/\/suresms.com\/en\/#organization"},"potentialAction":[{"@type":"SearchAction","target":{"@type":"EntryPoint","urlTemplate":"https:\/\/suresms.com\/en\/?s={search_term_string}"},"query-input":{"@type":"PropertyValueSpecification","valueRequired":true,"valueName":"search_term_string"}}],"inLanguage":"sv-SE"},{"@type":"Organization","@id":"https:\/\/suresms.com\/en\/#organization","name":"SureSMS","url":"https:\/\/suresms.com\/en\/","logo":{"@type":"ImageObject","inLanguage":"sv-SE","@id":"https:\/\/suresms.com\/en\/#\/schema\/logo\/image\/","url":"https:\/\/suresms.com\/wp-content\/uploads\/2024\/11\/suresms-300x65-1.png","contentUrl":"https:\/\/suresms.com\/wp-content\/uploads\/2024\/11\/suresms-300x65-1.png","width":300,"height":65,"caption":"SureSMS"},"image":{"@id":"https:\/\/suresms.com\/en\/#\/schema\/logo\/image\/"},"sameAs":["https:\/\/www.facebook.com\/p\/SureSMS-100044607956149\/"]}]}},"_links":{"self":[{"href":"https:\/\/suresms.com\/sv\/wp-json\/wp\/v2\/pages\/19014","targetHints":{"allow":["GET"]}}],"collection":[{"href":"https:\/\/suresms.com\/sv\/wp-json\/wp\/v2\/pages"}],"about":[{"href":"https:\/\/suresms.com\/sv\/wp-json\/wp\/v2\/types\/page"}],"author":[{"embeddable":true,"href":"https:\/\/suresms.com\/sv\/wp-json\/wp\/v2\/users\/1"}],"replies":[{"embeddable":true,"href":"https:\/\/suresms.com\/sv\/wp-json\/wp\/v2\/comments?post=19014"}],"version-history":[{"count":5,"href":"https:\/\/suresms.com\/sv\/wp-json\/wp\/v2\/pages\/19014\/revisions"}],"predecessor-version":[{"id":19883,"href":"https:\/\/suresms.com\/sv\/wp-json\/wp\/v2\/pages\/19014\/revisions\/19883"}],"up":[{"embeddable":true,"href":"https:\/\/suresms.com\/sv\/wp-json\/wp\/v2\/pages\/18069"}],"wp:attachment":[{"href":"https:\/\/suresms.com\/sv\/wp-json\/wp\/v2\/media?parent=19014"}],"wp:term":[{"taxonomy":"category","embeddable":true,"href":"https:\/\/suresms.com\/sv\/wp-json\/wp\/v2\/categories?post=19014"},{"taxonomy":"post_tag","embeddable":true,"href":"https:\/\/suresms.com\/sv\/wp-json\/wp\/v2\/tags?post=19014"}],"curies":[{"name":"wp","href":"https:\/\/api.w.org\/{rel}","templated":true}]}}