{"id":18649,"date":"2016-03-02T16:42:36","date_gmt":"2016-03-02T14:42:36","guid":{"rendered":"https:\/\/www.suresms.com\/dk\/?page_id=2100"},"modified":"2025-11-13T14:19:35","modified_gmt":"2025-11-13T14:19:35","slug":"sms-grupp","status":"publish","type":"page","link":"https:\/\/suresms.com\/sv\/funktioner\/gruppe-sms\/","title":{"rendered":"Grupp-SMS: Skapa och skicka till grupper"},"content":{"rendered":"<!-- Flexy Breadcrumb -->\r\n\t\t\t<div class=\"fbc fbc-page\">\r\n\r\n\t\t\t\t<!-- Breadcrumb wrapper -->\r\n\t\t\t\t<div class=\"fbc-wrap\">\r\n\r\n\t\t\t\t\t<!-- Ordered list-->\r\n\t\t\t\t\t<ol class=\"fbc-items\" itemscope itemtype=\"https:\/\/schema.org\/BreadcrumbList\">\r\n\t\t\t\t\t\t            <li itemprop=\"itemListElement\" itemscope itemtype=\"https:\/\/schema.org\/ListItem\">\r\n                <span itemprop=\"name\">\r\n                    <!-- Home Link -->\r\n                    <a itemprop=\"item\" href=\"https:\/\/suresms.com\/sv\/\">\r\n                    \r\n                                                    <i class=\"fa fa-home\" aria-hidden=\"true\"><\/i>Hem                    <\/a>\r\n                <\/span>\r\n                <meta itemprop=\"position\" content=\"1\" \/><!-- Meta Position-->\r\n             <\/li><li><span class=\"fbc-separator\">\/<\/span><\/li><li class=\"active\" itemprop=\"itemListElement\" itemscope itemtype=\"https:\/\/schema.org\/ListItem\"><span itemprop=\"name\" title=\"Grupp-SMS: Skapa och skicka till grupper\">Grupp-SMS: Skapa och...<\/span><meta itemprop=\"position\" content=\"2\" \/><\/li>\t\t\t\t\t<\/ol>\r\n\t\t\t\t\t<div class=\"clearfix\"><\/div>\r\n\t\t\t\t<\/div>\r\n\t\t\t<\/div>\r\n\t\t\t\n\t<h1><strong>Grupp-SMS... En funktion - m\u00e5nga m\u00f6jligheter<\/strong><\/h1>\n\t\t\t\t<img decoding=\"async\" src=\"https:\/\/suresms.com\/wp-content\/uploads\/2020\/11\/TeenagersTexting-1-1.png\" alt=\"SMS-grupp\" itemprop=\"image\" height=\"311\" width=\"948\" title=\"Ton\u00e5ringarTextning\" onerror=\"this.style.display='none'\" loading=\"lazy\" \/>\n\t<h4>Grupper - Listor - Kundklubbar - Nyhetsbrev... K\u00e4rt barn har m\u00e5nga namn! Med ett grupp-SMS-konto hos SureSMS kan du enkelt och snabbt skicka ut m\u00e5nga meddelanden till kunder, anv\u00e4ndare, anst\u00e4llda, medlemmar med flera. L\u00e4s nedan hur du lyckas med Grupp-SMS.<\/h4>\n\t<p>Inte vad du letade efter? Nedan finns tv\u00e5 snabbguider till grupp-SMS p\u00e5 Android och iPhone.<\/p>\n\t\t\t\t\t<a href=\"#\"  id=\"fl-accordion--label-0\" tabindex=\"0\" aria-controls=\"fl-accordion--panel-0\">Grupp-SMS p\u00e5 Android<\/a>\n\t\t\t\t\t\t\t\t\t\t\t<a href=\"#\" id=\"fl-accordion--icon-0\"  tabindex=\"0\"><i title=\"Expandera\">Expandera<\/i><\/a>\n\t\t\t\t\t<h2>Grupp-SMS p\u00e5 Android<\/h2>\n<p>Det \u00e4r m\u00f6jligt att skicka ett SMS till en grupp fr\u00e5n den vanliga SMS-appen p\u00e5 din Android-telefon. Exakt hur man g\u00f6r detta beror lite p\u00e5 anv\u00e4ndargr\u00e4nssnittet, inklusive b\u00e5de vilken version av Android och vilken telefon du har. Men i allm\u00e4nhet fungerar den h\u00e4r guiden om du \u00e4r lite kreativ n\u00e4r det g\u00e4ller att f\u00f6rst\u00e5 avsikten. Ibland sitter knapparna p\u00e5 olika st\u00e4llen och har lite olika namn.<\/p>\n<p>Nackdelen med grupp-SMS p\u00e5 Android \u00e4r att svaren g\u00e5r in i individens tr\u00e5d. Du kan allts\u00e5 inte se svaren p\u00e5 ditt SMS i samma tr\u00e5d som det skickades.<\/p>\n<p>F\u00f6r det f\u00f6rsta m\u00e5ste du \u00e4ndra s\u00e4ttet du skickar gruppmeddelanden p\u00e5:<\/p>\n<ol>\n<li>\n<ol>\n<li>F\u00f6rst m\u00e5ste du \u00f6ppna \"Meddelanden\"<\/li>\n<\/ol>\n<\/li>\n<\/ol>\n<p>&nbsp;<\/p>\n<ol>\n<li>\n<ol>\n<li>Tryck sedan p\u00e5 mer <img decoding=\"async\" src=\"https:\/\/lh3.googleusercontent.com\/371ki_ho7Q7_dJxxV12NuChwxiAZagKhHiP1EKLXEGmTJjm5pOTKd9hkWdvSZm5eKw=w36-h36\" alt=\"Mer om\" \/> och sedan p\u00e5<\/li>\n<\/ol>\n<\/li>\n<\/ol>\n<p>&nbsp;<\/p>\n<ol>\n<li>\n<ol>\n<li>Inst\u00e4llningar och preferenser <img loading=\"lazy\" decoding=\"async\" src=\"https:\/\/lh3.googleusercontent.com\/3_l97rr0GvhSP2XV5OoCkV2ZDTIisAOczrSdzNCBxhIKWrjXjHucxNwocghoUa39gw=w36-h36\" alt=\"Grupp SMS steg 2\" width=\"24\" height=\"24\" \/>Avancerad <img loading=\"lazy\" decoding=\"async\" src=\"https:\/\/lh3.googleusercontent.com\/3_l97rr0GvhSP2XV5OoCkV2ZDTIisAOczrSdzNCBxhIKWrjXjHucxNwocghoUa39gw=w36-h36\" alt=\"Grupp SMS steg 1\" width=\"24\" height=\"24\" \/>Gruppmeddelanden<\/li>\n<\/ol>\n<\/li>\n<\/ol>\n<p>&nbsp;<\/p>\n<ol>\n<li>\n<ol>\n<li>V\u00e4lj sedan \"bulk SMS\" eller \"grupp SMS\" som standard.<\/li>\n<\/ol>\n<\/li>\n<\/ol>\n<p>&nbsp;<\/p>\n<p>Nu kan du v\u00e4lja flera mottagare eller grupper n\u00e4r du skapar ett nytt SMS.<\/p>\n<p>&nbsp;<\/p>\n\t\t\t\t\t<a href=\"#\"  id=\"fl-accordion--label-0\" tabindex=\"0\" aria-controls=\"fl-accordion--panel-0\">Grupp SMS p\u00e5 iPhone<\/a>\n\t\t\t\t\t\t\t\t\t\t\t<a href=\"#\" id=\"fl-accordion--icon-0\"  tabindex=\"0\"><i title=\"Expandera\">Expandera<\/i><\/a>\n\t\t\t\t\t<p>Apple har skapat en mycket trevlig guide f\u00f6r att skicka grupp-SMS fr\u00e5n iPhone. Du kan se den h\u00e4r: <a href=\"https:\/\/support.apple.com\/da-dk\/HT202724\" target=\"_blank\" rel=\"noopener\">Grupp SMS fr\u00e5n iPhone.<\/a><\/p>\n\t<h2>Om grupp-sms<\/h2>\n<p>Att skicka grupptextmeddelanden till kunder, anv\u00e4ndare, medlemmar och andra grupper \u00e4r en av de mest anv\u00e4nda funktionerna i v\u00e5r l\u00f6sning. Oavsett om det \u00e4r ett f\u00f6retag som skickar erbjudanden till kunder, en organisation som skickar nyhetsbrev och evenemang till medlemmar eller ett bemanningsf\u00f6retag som skickar information till anst\u00e4llda om kommande arbetspass. Grupper och listor \u00e4r ett enkelt och billigt s\u00e4tt att skicka ut information som faktiskt L\u00c4SES av mottagaren!<\/p>\n<p>G\u00e5 till v\u00e5r SMS-avs\u00e4ndare direkt fr\u00e5n v\u00e5r webbplats. H\u00e4rifr\u00e5n \u00e4r det snabbt och enkelt att skapa en grupp och skicka SMS till hela gruppen. Du sparar skrivtid och f\u00e5r en snabb och enkel \u00f6verblick \u00f6ver de skickade SMS:en. Och det kan g\u00f6ras direkt fr\u00e5n din dator.<\/p>\n\t<h2>F\u00f6rdelarna med grupp-SMS<\/h2>\n\n<ul> \t\n<li>Alla dina mottagare f\u00e5r den information de beh\u00f6ver direkt.<\/li>\n\n<li>Best\u00e4m ditt eget avs\u00e4ndarnamn, t.ex. Library - Detta ger ett varum\u00e4rke f\u00f6r ditt eget f\u00f6retag\/produkt.<\/li>\n\n<li>Sammanfoga funktioner - t.ex. \"K\u00e4ra Nina...\" eller annan information<\/li>\n\n<li>Importera enkelt alla mottagare fr\u00e5n Excel (via .csv-filer).<\/li>\n\n<li>Tidsinst\u00e4ll dina SMS-s\u00e4ndningar och f\u00e5 ut din information vid r\u00e4tt tidpunkt.<\/li>\n\n<li>Skapa obegr\u00e4nsat antal grupper och kontakter.<\/li>\n\n<li>Se en historik \u00f6ver leveransstatus till alla dina mottagare.<\/li>\n<\/ul>\n<p>Om du f\u00f6redrar att arbeta fr\u00e5n en iPad, surfplatta eller mobiltelefon \u00e4r det inget problem. V\u00e5rt webbgr\u00e4nssnitt fungerar fr\u00e5n alla enheter och i alla webbl\u00e4sare.<\/p>\n\t<p>Se v\u00e5r korta instruktionsvideo nedan:<\/p>\n\t\t\t\t\t<video src=\"https:\/\/suresms.com\/wp-content\/uploads\/2024\/10\/Dokumentation-Skabeloner-i-beskeder.mp4\" alt=\"hosted-video-thumbnail\"><\/video>\n\t<p><strong>Skapa kontakter och grupper:<\/strong><\/p>\n<ol>\n<li>Skapa dina kontakter i adressboken.<\/li>\n<li>Skapa en grupp och v\u00e4lj vilka kontakter som ska ing\u00e5 i gruppen.<\/li>\n<li>Skriv ditt meddelande och tryck p\u00e5 skicka!<\/li>\n<li>Du har nu skickat ett grupptextmeddelande.<\/li>\n<\/ol>\nTill v\u00e4nster kan du snabbt skapa ett testkonto med 50 gratis SMS och prova grupp-SMS sj\u00e4lv.\u00a0<strong><br \/>\n<\/strong>\n<p>Du kan ocks\u00e5 l\u00e4sa hela <a href=\"https:\/\/suresms.com\/sv\/dokument\/konto-4\/stationsnamn-6\/\">guiden h\u00e4r.\u00a0<\/a><\/p>\n\t<h3>Fler funktioner med grupp-SMS.<\/h3>\n\t<ul>\n\t\t<li>\t\t\t\t\n\t\t<h3>Alla de grupper du vill ha<\/h3><p>I v\u00e5r GroupSMS-avs\u00e4ndare finns det inga begr\u00e4nsningar f\u00f6r antalet grupper. Du kan skapa hur m\u00e5nga olika grupper du vill. Alla mottagare kan vara i samma grupp och du kan ha grupper med bara ett f\u00e5tal personer.<\/p><\/li><li>\t\t\t\t\n\t\t<h3>Alla de mottagare du vill ha<\/h3><p>Det finns ingen begr\u00e4nsning av antalet mottagare. Du kan skapa s\u00e5 m\u00e5nga mottagare du vill. Vissa av v\u00e5ra kunder har upp till 100.000 mottagare i sin grupp och skickar ett SMS till alla mottagare p\u00e5 en g\u00e5ng.<\/p><\/li><li>\t\t\t\t\n\t\t<h3>L\u00e4tt att registrera sig<\/h3><p>Det finns m\u00e5nga s\u00e4tt att g\u00e5 med i en grupp. Vi har gjort s\u00e5 att du kan l\u00e4gga upp anm\u00e4lningsformul\u00e4ret p\u00e5 din egen webbplats, s\u00e5 att du kan anm\u00e4la dig via SMS eller e-post, och vi har ocks\u00e5 gjort s\u00e5 att du enkelt kan anv\u00e4nda en QR-kod f\u00f6r att anm\u00e4la dig om du till exempel befinner dig i en fysisk butik.<\/p><\/li><li>\t\t\t\t\n\t\t<h3>Skicka via SMS<\/h3><p>V\u00e5rt grupp-SMS utforskar ocks\u00e5 s\u00e4ndning via SMS. Det inneb\u00e4r att du skickar ett SMS till SureSMS, som sedan skickar samma SMS till hela listan.<\/p><\/li>\t<\/ul>\n\t<p>&nbsp;<\/p>\n<p><a href=\"mailto:support@suresms.com\">Skriv till oss<\/a>om du har n\u00e5gra fr\u00e5gor om grupp-SMS-funktionen.<\/p>\n\t<h4><strong>\u00a0H\u00e4r kan du l\u00e4sa n\u00e5gra exempel p\u00e5 hur v\u00e5ra kunder anv\u00e4nder funktionen \"Grupp-SMS\" idag<\/strong><\/h4>\n\n<ul> \t\n<li>Ett medelstort transportf\u00f6retag p\u00e5 Jylland anv\u00e4nder grupp-SMS f\u00f6r att skicka ut arbetsuppgifter till sina chauff\u00f6rer. De SMS som skickas ut inneh\u00e5ller logistisk information om gods, plats och upph\u00e4mtning.<\/li>\n\n<li>Ett onlinespelf\u00f6retag f\u00e5r nya kunder genom att skicka grupptextmeddelanden med l\u00e4nkar till m\u00f6jliga onlinespel till sina anv\u00e4ndare.<\/li>\n\n<li>P\u00e5 ett danskt sjukhus skickar kantinchefen regelbundet ut grupp-sms till den lyckliga personalen om sociala evenemang och viktiga h\u00e4ndelser: \"Idag finns det t\u00e5rta i matsalen!\" eller \"I morgon firar vi sommaren med en fredagsgrill p\u00e5 innerg\u00e5rden!\"<\/li>\n<\/ul>","protected":false},"excerpt":{"rendered":"<p>Grupp-SMS... En funktion - m\u00e5nga m\u00f6jligheter Grupper - Listor - Kundklubbar - Nyhetsbrev... K\u00e4rt barn har m\u00e5nga namn! Med ett grupp-SMS-konto hos SureSMS kan du enkelt och snabbt skicka ut m\u00e5nga meddelanden till kunder, anv\u00e4ndare, anst\u00e4llda, medlemmar med flera. L\u00e4s nedan hur du lyckas med Grupp-SMS. \u00c4r det inte det du ... <a title=\"Grupp-SMS: Skapa och skicka till grupper\" class=\"read-more\" href=\"https:\/\/suresms.com\/sv\/funktioner\/gruppe-sms\/\" aria-label=\"L\u00e4s mer om Grupp-SMS: Skapa och skicka till grupper\">L\u00e4s mer om det<\/a><\/p>","protected":false},"author":1,"featured_media":0,"parent":958,"menu_order":12,"comment_status":"closed","ping_status":"closed","template":"","meta":{"_fl_builder_enabled":"1","_fl_builder_data":null,"_fl_builder_draft":null,"_fl_builder_data_settings":null,"_fl_builder_css":"","_fl_builder_css_version":"","_fl_builder_js":"","footnotes":""},"categories":[17],"tags":[],"class_list":{"0":"post-18649","1":"page","2":"type-page","3":"status-publish","5":"category-linkfracornorstone"},"yoast_head":"<!-- This site is optimized with the Yoast SEO Premium plugin v27.3 (Yoast SEO v27.3) - https:\/\/yoast.com\/product\/yoast-seo-premium-wordpress\/ -->\r\n<title>Gruppe SMS: Opret &amp; send til grupper - gratis konto<\/title>\r\n<meta name=\"description\" content=\"L\u00e6s om vores gruppe SMS sender og dens utallige gratis funktioner. Kraftig og fleksibel .SMS gateway med ubegr\u00e6nset antal grupper.\" \/>\r\n<meta name=\"robots\" content=\"index, follow, max-snippet:-1, max-image-preview:large, max-video-preview:-1\" \/>\r\n<link rel=\"canonical\" href=\"https:\/\/suresms.com\/sv\/funktioner\/sms-grupp\/\" \/>\r\n<meta property=\"og:locale\" content=\"sv_SE\" \/>\r\n<meta property=\"og:type\" content=\"article\" \/>\r\n<meta property=\"og:title\" content=\"Gruppe SMS: Opret &amp; send til grupper\" \/>\r\n<meta property=\"og:description\" content=\"L\u00e6s om vores gruppe SMS sender og dens utallige gratis funktioner. Kraftig og fleksibel .SMS gateway med ubegr\u00e6nset antal grupper.\" \/>\r\n<meta property=\"og:url\" content=\"https:\/\/suresms.com\/sv\/funktioner\/sms-grupp\/\" \/>\r\n<meta property=\"article:publisher\" content=\"https:\/\/www.facebook.com\/p\/SureSMS-100044607956149\/\" \/>\r\n<meta property=\"article:modified_time\" content=\"2025-11-13T14:19:35+00:00\" \/>\r\n<meta property=\"og:image\" content=\"https:\/\/suresms.com\/wp-content\/uploads\/2020\/11\/TeenagersTexting-1-1.png\" \/>\r\n<meta name=\"twitter:card\" content=\"summary_large_image\" \/>\r\n<meta name=\"twitter:label1\" content=\"Ber\u00e4knad l\u00e4stid\" \/>\n\t<meta name=\"twitter:data1\" content=\"7 minuter\" \/>\r\n<script type=\"application\/ld+json\" class=\"yoast-schema-graph\">{\"@context\":\"https:\\\/\\\/schema.org\",\"@graph\":[{\"@type\":\"WebPage\",\"@id\":\"https:\\\/\\\/suresms.com\\\/dk\\\/funktioner\\\/gruppe-sms\\\/\",\"url\":\"https:\\\/\\\/suresms.com\\\/dk\\\/funktioner\\\/gruppe-sms\\\/\",\"name\":\"Gruppe SMS: Opret &amp; send til grupper - gratis konto\",\"isPartOf\":{\"@id\":\"https:\\\/\\\/suresms.com\\\/en\\\/#website\"},\"primaryImageOfPage\":{\"@id\":\"https:\\\/\\\/suresms.com\\\/dk\\\/funktioner\\\/gruppe-sms\\\/#primaryimage\"},\"image\":{\"@id\":\"https:\\\/\\\/suresms.com\\\/dk\\\/funktioner\\\/gruppe-sms\\\/#primaryimage\"},\"thumbnailUrl\":\"https:\\\/\\\/suresms.com\\\/wp-content\\\/uploads\\\/2020\\\/11\\\/TeenagersTexting-1-1.png\",\"datePublished\":\"2016-03-02T14:42:36+00:00\",\"dateModified\":\"2025-11-13T14:19:35+00:00\",\"description\":\"L\u00e6s om vores gruppe SMS sender og dens utallige gratis funktioner. Kraftig og fleksibel .SMS gateway med ubegr\u00e6nset antal grupper.\",\"breadcrumb\":{\"@id\":\"https:\\\/\\\/suresms.com\\\/dk\\\/funktioner\\\/gruppe-sms\\\/#breadcrumb\"},\"inLanguage\":\"sv-SE\",\"potentialAction\":[{\"@type\":\"ReadAction\",\"target\":[\"https:\\\/\\\/suresms.com\\\/dk\\\/funktioner\\\/gruppe-sms\\\/\"]}]},{\"@type\":\"ImageObject\",\"inLanguage\":\"sv-SE\",\"@id\":\"https:\\\/\\\/suresms.com\\\/dk\\\/funktioner\\\/gruppe-sms\\\/#primaryimage\",\"url\":\"https:\\\/\\\/suresms.com\\\/wp-content\\\/uploads\\\/2020\\\/11\\\/TeenagersTexting-1-1.png\",\"contentUrl\":\"https:\\\/\\\/suresms.com\\\/wp-content\\\/uploads\\\/2020\\\/11\\\/TeenagersTexting-1-1.png\"},{\"@type\":\"BreadcrumbList\",\"@id\":\"https:\\\/\\\/suresms.com\\\/dk\\\/funktioner\\\/gruppe-sms\\\/#breadcrumb\",\"itemListElement\":[{\"@type\":\"ListItem\",\"position\":1,\"name\":\"Home\",\"item\":\"https:\\\/\\\/suresms.com\\\/dk\\\/\"},{\"@type\":\"ListItem\",\"position\":2,\"name\":\"Funktioner\",\"item\":\"https:\\\/\\\/suresms.com\\\/dk\\\/funktioner\\\/\"},{\"@type\":\"ListItem\",\"position\":3,\"name\":\"Gruppe SMS: Opret &amp; send til grupper\"}]},{\"@type\":\"WebSite\",\"@id\":\"https:\\\/\\\/suresms.com\\\/en\\\/#website\",\"url\":\"https:\\\/\\\/suresms.com\\\/en\\\/\",\"name\":\"SureSMS\",\"description\":\"Professionel SMS Gateway\",\"publisher\":{\"@id\":\"https:\\\/\\\/suresms.com\\\/en\\\/#organization\"},\"potentialAction\":[{\"@type\":\"SearchAction\",\"target\":{\"@type\":\"EntryPoint\",\"urlTemplate\":\"https:\\\/\\\/suresms.com\\\/en\\\/?s={search_term_string}\"},\"query-input\":{\"@type\":\"PropertyValueSpecification\",\"valueRequired\":true,\"valueName\":\"search_term_string\"}}],\"inLanguage\":\"sv-SE\"},{\"@type\":\"Organization\",\"@id\":\"https:\\\/\\\/suresms.com\\\/en\\\/#organization\",\"name\":\"SureSMS\",\"url\":\"https:\\\/\\\/suresms.com\\\/en\\\/\",\"logo\":{\"@type\":\"ImageObject\",\"inLanguage\":\"sv-SE\",\"@id\":\"https:\\\/\\\/suresms.com\\\/en\\\/#\\\/schema\\\/logo\\\/image\\\/\",\"url\":\"https:\\\/\\\/suresms.com\\\/wp-content\\\/uploads\\\/2024\\\/11\\\/suresms-300x65-1.png\",\"contentUrl\":\"https:\\\/\\\/suresms.com\\\/wp-content\\\/uploads\\\/2024\\\/11\\\/suresms-300x65-1.png\",\"width\":300,\"height\":65,\"caption\":\"SureSMS\"},\"image\":{\"@id\":\"https:\\\/\\\/suresms.com\\\/en\\\/#\\\/schema\\\/logo\\\/image\\\/\"},\"sameAs\":[\"https:\\\/\\\/www.facebook.com\\\/p\\\/SureSMS-100044607956149\\\/\"]}]}<\/script>\r\n<!-- \/ Yoast SEO Premium plugin. -->","yoast_head_json":{"title":"Grupp-SMS: Skapa och skicka till grupper - gratis konto","description":"L\u00e4s mer om v\u00e5r grupp-SMS-avs\u00e4ndare och dess otaliga gratisfunktioner. Kraftfull och flexibel SMS-gateway med obegr\u00e4nsat antal grupper.","robots":{"index":"index","follow":"follow","max-snippet":"max-snippet:-1","max-image-preview":"max-image-preview:large","max-video-preview":"max-video-preview:-1"},"canonical":"https:\/\/suresms.com\/sv\/funktioner\/sms-grupp\/","og_locale":"sv_SE","og_type":"article","og_title":"Gruppe SMS: Opret &amp; send til grupper","og_description":"L\u00e6s om vores gruppe SMS sender og dens utallige gratis funktioner. Kraftig og fleksibel .SMS gateway med ubegr\u00e6nset antal grupper.","og_url":"https:\/\/suresms.com\/sv\/funktioner\/sms-grupp\/","article_publisher":"https:\/\/www.facebook.com\/p\/SureSMS-100044607956149\/","article_modified_time":"2025-11-13T14:19:35+00:00","og_image":[{"url":"https:\/\/suresms.com\/wp-content\/uploads\/2020\/11\/TeenagersTexting-1-1.png","type":"","width":"","height":""}],"twitter_card":"summary_large_image","twitter_misc":{"Ber\u00e4knad l\u00e4stid":"7 minuter"},"schema":{"@context":"https:\/\/schema.org","@graph":[{"@type":"WebPage","@id":"https:\/\/suresms.com\/dk\/funktioner\/gruppe-sms\/","url":"https:\/\/suresms.com\/dk\/funktioner\/gruppe-sms\/","name":"Grupp-SMS: Skapa och skicka till grupper - gratis konto","isPartOf":{"@id":"https:\/\/suresms.com\/en\/#website"},"primaryImageOfPage":{"@id":"https:\/\/suresms.com\/dk\/funktioner\/gruppe-sms\/#primaryimage"},"image":{"@id":"https:\/\/suresms.com\/dk\/funktioner\/gruppe-sms\/#primaryimage"},"thumbnailUrl":"https:\/\/suresms.com\/wp-content\/uploads\/2020\/11\/TeenagersTexting-1-1.png","datePublished":"2016-03-02T14:42:36+00:00","dateModified":"2025-11-13T14:19:35+00:00","description":"L\u00e4s mer om v\u00e5r grupp-SMS-avs\u00e4ndare och dess otaliga gratisfunktioner. Kraftfull och flexibel SMS-gateway med obegr\u00e4nsat antal grupper.","breadcrumb":{"@id":"https:\/\/suresms.com\/dk\/funktioner\/gruppe-sms\/#breadcrumb"},"inLanguage":"sv-SE","potentialAction":[{"@type":"ReadAction","target":["https:\/\/suresms.com\/dk\/funktioner\/gruppe-sms\/"]}]},{"@type":"ImageObject","inLanguage":"sv-SE","@id":"https:\/\/suresms.com\/dk\/funktioner\/gruppe-sms\/#primaryimage","url":"https:\/\/suresms.com\/wp-content\/uploads\/2020\/11\/TeenagersTexting-1-1.png","contentUrl":"https:\/\/suresms.com\/wp-content\/uploads\/2020\/11\/TeenagersTexting-1-1.png"},{"@type":"BreadcrumbList","@id":"https:\/\/suresms.com\/dk\/funktioner\/gruppe-sms\/#breadcrumb","itemListElement":[{"@type":"ListItem","position":1,"name":"Home","item":"https:\/\/suresms.com\/dk\/"},{"@type":"ListItem","position":2,"name":"Funktioner","item":"https:\/\/suresms.com\/dk\/funktioner\/"},{"@type":"ListItem","position":3,"name":"Gruppe SMS: Opret &amp; send til grupper"}]},{"@type":"WebSite","@id":"https:\/\/suresms.com\/en\/#website","url":"https:\/\/suresms.com\/en\/","name":"SureSMS","description":"Professionell SMS Gateway","publisher":{"@id":"https:\/\/suresms.com\/en\/#organization"},"potentialAction":[{"@type":"SearchAction","target":{"@type":"EntryPoint","urlTemplate":"https:\/\/suresms.com\/en\/?s={search_term_string}"},"query-input":{"@type":"PropertyValueSpecification","valueRequired":true,"valueName":"search_term_string"}}],"inLanguage":"sv-SE"},{"@type":"Organization","@id":"https:\/\/suresms.com\/en\/#organization","name":"SureSMS","url":"https:\/\/suresms.com\/en\/","logo":{"@type":"ImageObject","inLanguage":"sv-SE","@id":"https:\/\/suresms.com\/en\/#\/schema\/logo\/image\/","url":"https:\/\/suresms.com\/wp-content\/uploads\/2024\/11\/suresms-300x65-1.png","contentUrl":"https:\/\/suresms.com\/wp-content\/uploads\/2024\/11\/suresms-300x65-1.png","width":300,"height":65,"caption":"SureSMS"},"image":{"@id":"https:\/\/suresms.com\/en\/#\/schema\/logo\/image\/"},"sameAs":["https:\/\/www.facebook.com\/p\/SureSMS-100044607956149\/"]}]}},"_links":{"self":[{"href":"https:\/\/suresms.com\/sv\/wp-json\/wp\/v2\/pages\/18649","targetHints":{"allow":["GET"]}}],"collection":[{"href":"https:\/\/suresms.com\/sv\/wp-json\/wp\/v2\/pages"}],"about":[{"href":"https:\/\/suresms.com\/sv\/wp-json\/wp\/v2\/types\/page"}],"author":[{"embeddable":true,"href":"https:\/\/suresms.com\/sv\/wp-json\/wp\/v2\/users\/1"}],"replies":[{"embeddable":true,"href":"https:\/\/suresms.com\/sv\/wp-json\/wp\/v2\/comments?post=18649"}],"version-history":[{"count":9,"href":"https:\/\/suresms.com\/sv\/wp-json\/wp\/v2\/pages\/18649\/revisions"}],"predecessor-version":[{"id":23543,"href":"https:\/\/suresms.com\/sv\/wp-json\/wp\/v2\/pages\/18649\/revisions\/23543"}],"up":[{"embeddable":true,"href":"https:\/\/suresms.com\/sv\/wp-json\/wp\/v2\/pages\/958"}],"wp:attachment":[{"href":"https:\/\/suresms.com\/sv\/wp-json\/wp\/v2\/media?parent=18649"}],"wp:term":[{"taxonomy":"category","embeddable":true,"href":"https:\/\/suresms.com\/sv\/wp-json\/wp\/v2\/categories?post=18649"},{"taxonomy":"post_tag","embeddable":true,"href":"https:\/\/suresms.com\/sv\/wp-json\/wp\/v2\/tags?post=18649"}],"curies":[{"name":"wp","href":"https:\/\/api.w.org\/{rel}","templated":true}]}}