{"id":18648,"date":"2015-12-14T15:47:13","date_gmt":"2015-12-14T13:47:13","guid":{"rendered":"https:\/\/www.suresms.com\/dk\/?page_id=1404"},"modified":"2024-12-05T15:38:05","modified_gmt":"2024-12-05T15:38:05","slug":"skicka-tidsinstallda-textmeddelanden","status":"publish","type":"page","link":"https:\/\/suresms.com\/sv\/funktioner\/send-tidsindstillede-sms-beskeder\/","title":{"rendered":"Schemalagda SMS - Schemal\u00e4gga meddelanden"},"content":{"rendered":"<!-- Flexy Breadcrumb -->\r\n\t\t\t<div class=\"fbc fbc-page\">\r\n\r\n\t\t\t\t<!-- Breadcrumb wrapper -->\r\n\t\t\t\t<div class=\"fbc-wrap\">\r\n\r\n\t\t\t\t\t<!-- Ordered list-->\r\n\t\t\t\t\t<ol class=\"fbc-items\" itemscope itemtype=\"https:\/\/schema.org\/BreadcrumbList\">\r\n\t\t\t\t\t\t            <li itemprop=\"itemListElement\" itemscope itemtype=\"https:\/\/schema.org\/ListItem\">\r\n                <span itemprop=\"name\">\r\n                    <!-- Home Link -->\r\n                    <a itemprop=\"item\" href=\"https:\/\/suresms.com\/sv\/\">\r\n                    \r\n                                                    <i class=\"fa fa-home\" aria-hidden=\"true\"><\/i>Hem                    <\/a>\r\n                <\/span>\r\n                <meta itemprop=\"position\" content=\"1\" \/><!-- Meta Position-->\r\n             <\/li><li><span class=\"fbc-separator\">\/<\/span><\/li><li class=\"active\" itemprop=\"itemListElement\" itemscope itemtype=\"https:\/\/schema.org\/ListItem\"><span itemprop=\"name\" title=\"Schemalagda SMS - Schemal\u00e4gga meddelanden\">Tidsinst\u00e4llda SMS-meddelanden -...<\/span><meta itemprop=\"position\" content=\"2\" \/><\/li>\t\t\t\t\t<\/ol>\r\n\t\t\t\t\t<div class=\"clearfix\"><\/div>\r\n\t\t\t\t<\/div>\r\n\t\t\t<\/div>\r\n\t\t\t\n<h2>\n\t\tSchemal\u00e4ggning av meddelanden\n\t<\/h2>\n\t<p>SureSMS har en inbyggd kalender. Med den h\u00e4r funktionen kan du best\u00e4mma och st\u00e4lla in n\u00e4r dina meddelanden ska skickas ut.<\/p>\n\t\t<h3>SMS-p\u00e5minnelser<\/h3><p>F\u00f6rmodligen \u00e4r den vanligaste anv\u00e4ndningen av SMS-gateways i Danmark idag att skicka p\u00e5minnelser. Du k\u00e4nner s\u00e4kert igen det fr\u00e5n fris\u00f6ren, tandl\u00e4karen, bilmekanikern, biblioteket och m\u00e5nga andra st\u00e4llen.<\/p>\n<p>Vanligtvis \u00e4r det system som anv\u00e4nds av fris\u00f6ren, tandl\u00e4karen eller biblioteket (k\u00e4llsystemet) anslutet till en SMS-gateway. N\u00e4r en h\u00e4ndelse intr\u00e4ffar i k\u00e4llsystemet - t.ex. att en bok \u00e5terl\u00e4mnas - skickar k\u00e4llsystemet ett meddelande till SMS-gatewayen om att skicka ett meddelande. SMS-gatewayens ansvar \u00e4r att se till att meddelandet levereras via SMS.<\/p>\n\t\t<h3>Schemal\u00e4gg dina SMS-meddelanden s\u00e5 att de skickas<\/h3><p>Att l\u00e5ta v\u00e5r gateway skicka schemalagda meddelanden och p\u00e5minnelser till dina anv\u00e4ndare \u00e4r en enkel och smidig funktion som m\u00e5nga av v\u00e5ra kunder uppskattar.<\/p>\n<p>Oavsett om det \u00e4r yogainstrukt\u00f6ren som skickar ut meddelanden om klasser eller tandl\u00e4karen som skickar ut meddelanden om kontroller. Det \u00e4r en klassisk Gateway-funktion med m\u00e5nga m\u00f6jligheter.<\/p>\n\t\t<h3>Schemal\u00e4gg s\u00e4ndning till listor<\/h3><p>SureSMS har en PREMIUM-funktion som g\u00f6r det m\u00f6jligt att st\u00e4lla in meddelanden som ska skickas dagligen, vardagar, veckovis, m\u00e5nadsvis eller \u00e5rsvis. Och hos oss \u00e4r alla v\u00e5ra kunder Premium-kunder!<\/p>\n\t\t<h3>Din dator ska inte vara p\u00e5slagen<\/h3><p>Systemet skickar meddelandena oavsett om din dator \u00e4r p\u00e5slagen eller inte, eftersom meddelandet redan finns p\u00e5 v\u00e5r server.<\/p>\n<p>Och v\u00e5ra servrar \u00e4r ALLTID p\u00e5!<\/p>\n\t\t<h3>\u00c5ngra schemalagda meddelanden<\/h3><p>Du kan alltid ta bort de meddelanden som du har planerat att skicka igen. Precis som du har en inkorg och en utkorg i din e-postklient har du ocks\u00e5 en mapp \"Schemalagda meddelanden\" d\u00e4r alla meddelanden som du har schemalagt i framtiden lagras. Det \u00e4r enkelt och \u00f6versk\u00e5dligt att hitta och redigera meddelandet.<\/p>\n\t<iframe loading=\"lazy\" src=\"https:\/\/youtube.com\/embed\/98gDGwR5hYU?rel=0\" width=\"560\" height=\"315\" frameborder=\"0\" allowfullscreen=\"allowfullscreen\"><\/iframe>\n\t<p><strong>Hur enkelt det \u00e4r att schemal\u00e4gga SMS-utskick<\/strong><\/p>\n<ol>\n<li>Skriv ditt meddelande i textf\u00e4ltet<\/li>\n<li>Klicka p\u00e5 knappen \"Mer\" i menyn<\/li>\n<li>V\u00e4lj leveransdatum och -tid<\/li>\n<li>Klicka p\u00e5 skicka!<\/li>\n<\/ol>\n<p>Har du inget konto \u00e4nnu? Fr\u00e5n denna sida kan du snabbt skapa ett testkonto med 50 gratis SMS!<\/p>\n\t<h4><strong>H\u00e4r kan du l\u00e4sa n\u00e5gra exempel p\u00e5 hur v\u00e5ra kunder anv\u00e4nder funktionen \"Tidsinst\u00e4llda SMS\"<\/strong><\/h4>\n<ul>\n<li>En statligt auktoriserad fotv\u00e5rdsspecialist anv\u00e4nder tidsbest\u00e4mda SMS f\u00f6r att skicka ut meddelanden till kunder s\u00e5 att de inte gl\u00f6mmer sin bokade tid. Detta inneb\u00e4r f\u00e4rre avbokningar f\u00f6r ett litet f\u00f6retag som \u00e4r ekonomiskt beroende av en full kalender.<\/li>\n<li>Ett jyll\u00e4ndskt f\u00f6retag som s\u00e4ljer f\u00f6retagskl\u00e4der anv\u00e4nder funktionen f\u00f6r tidsinst\u00e4llda SMS f\u00f6r att skicka ut meddelanden till kunder om upph\u00e4mtning av varor.<\/li>\n<li>\"Kom ih\u00e5g att anm\u00e4la dig till babysim\" \u00e4r ett av de meddelanden som en lokal idrottsf\u00f6rening skickar ut via v\u00e5r webbplats dagarna innan n\u00e4sta kurs startar.<\/li>\n<\/ul>","protected":false},"excerpt":{"rendered":"<p>Schemal\u00e4ggning av meddelanden SureSMS har en inbyggd kalender. Med den h\u00e4r funktionen kan du best\u00e4mma och st\u00e4lla in n\u00e4r dina meddelanden ska skickas ut. SMS-p\u00e5minnelser F\u00f6rmodligen \u00e4r den vanligaste anv\u00e4ndningen av SMS-gateways i Danmark idag att skicka p\u00e5minnelser. Du k\u00e4nner s\u00e4kert igen det fr\u00e5n fris\u00f6ren, tandl\u00e4karen, bilmekanikern, biblioteket... <a title=\"Schemalagda SMS - Schemal\u00e4gga meddelanden\" class=\"read-more\" href=\"https:\/\/suresms.com\/sv\/funktioner\/send-tidsindstillede-sms-beskeder\/\" aria-label=\"L\u00e4s mer om Schemalagda SMS - Schemal\u00e4gga meddelanden\">L\u00e4s mer om det<\/a><\/p>","protected":false},"author":1,"featured_media":0,"parent":958,"menu_order":9,"comment_status":"closed","ping_status":"closed","template":"","meta":{"_fl_builder_enabled":"1","_fl_builder_data":null,"_fl_builder_draft":null,"_fl_builder_data_settings":null,"_fl_builder_css":"","_fl_builder_css_version":"","_fl_builder_js":"","footnotes":""},"categories":[17],"tags":[],"class_list":{"0":"post-18648","1":"page","2":"type-page","3":"status-publish","5":"category-linkfracornorstone"},"yoast_head":"<!-- This site is optimized with the Yoast SEO Premium plugin v27.3 (Yoast SEO v27.3) - https:\/\/yoast.com\/product\/yoast-seo-premium-wordpress\/ -->\r\n<title>Tidsindstillet SMS | Send nemt tidsindstillede SMS beskeder \u2713<\/title>\r\n<meta name=\"description\" content=\"Planl\u00e6g og afsend tidsbestemte SMS fra SureSMS WEB portal. Send p\u00e5mindelser om aftaler, f\u00f8dselsdagshilsener. Integreret funktion i vores gratis abonnement.\" \/>\r\n<meta name=\"robots\" content=\"index, follow, max-snippet:-1, max-image-preview:large, max-video-preview:-1\" \/>\r\n<link rel=\"canonical\" href=\"https:\/\/suresms.com\/sv\/funktioner\/skicka-tidsinstallda-textmeddelanden\/\" \/>\r\n<meta property=\"og:locale\" content=\"sv_SE\" \/>\r\n<meta property=\"og:type\" content=\"article\" \/>\r\n<meta property=\"og:title\" content=\"Tidsindstillede SMS&#039;er - Planl\u00e6g beskeder\" \/>\r\n<meta property=\"og:description\" content=\"Planl\u00e6g og afsend tidsbestemte SMS fra SureSMS WEB portal. Send p\u00e5mindelser om aftaler, f\u00f8dselsdagshilsener. Integreret funktion i vores gratis abonnement.\" \/>\r\n<meta property=\"og:url\" content=\"https:\/\/suresms.com\/sv\/funktioner\/skicka-tidsinstallda-textmeddelanden\/\" \/>\r\n<meta property=\"article:publisher\" content=\"https:\/\/www.facebook.com\/p\/SureSMS-100044607956149\/\" \/>\r\n<meta property=\"article:modified_time\" content=\"2024-12-05T15:38:05+00:00\" \/>\r\n<meta name=\"twitter:card\" content=\"summary_large_image\" \/>\r\n<meta name=\"twitter:label1\" content=\"Ber\u00e4knad l\u00e4stid\" \/>\n\t<meta name=\"twitter:data1\" content=\"7 minuter\" \/>\r\n<script type=\"application\/ld+json\" class=\"yoast-schema-graph\">{\"@context\":\"https:\\\/\\\/schema.org\",\"@graph\":[{\"@type\":\"WebPage\",\"@id\":\"https:\\\/\\\/suresms.com\\\/dk\\\/funktioner\\\/send-tidsindstillede-sms-beskeder\\\/\",\"url\":\"https:\\\/\\\/suresms.com\\\/dk\\\/funktioner\\\/send-tidsindstillede-sms-beskeder\\\/\",\"name\":\"Tidsindstillet SMS | Send nemt tidsindstillede SMS beskeder \u2713\",\"isPartOf\":{\"@id\":\"https:\\\/\\\/suresms.com\\\/en\\\/#website\"},\"datePublished\":\"2015-12-14T13:47:13+00:00\",\"dateModified\":\"2024-12-05T15:38:05+00:00\",\"description\":\"Planl\u00e6g og afsend tidsbestemte SMS fra SureSMS WEB portal. Send p\u00e5mindelser om aftaler, f\u00f8dselsdagshilsener. Integreret funktion i vores gratis abonnement.\",\"breadcrumb\":{\"@id\":\"https:\\\/\\\/suresms.com\\\/dk\\\/funktioner\\\/send-tidsindstillede-sms-beskeder\\\/#breadcrumb\"},\"inLanguage\":\"sv-SE\",\"potentialAction\":[{\"@type\":\"ReadAction\",\"target\":[\"https:\\\/\\\/suresms.com\\\/dk\\\/funktioner\\\/send-tidsindstillede-sms-beskeder\\\/\"]}]},{\"@type\":\"BreadcrumbList\",\"@id\":\"https:\\\/\\\/suresms.com\\\/dk\\\/funktioner\\\/send-tidsindstillede-sms-beskeder\\\/#breadcrumb\",\"itemListElement\":[{\"@type\":\"ListItem\",\"position\":1,\"name\":\"Home\",\"item\":\"https:\\\/\\\/suresms.com\\\/dk\\\/\"},{\"@type\":\"ListItem\",\"position\":2,\"name\":\"Funktioner\",\"item\":\"https:\\\/\\\/suresms.com\\\/dk\\\/funktioner\\\/\"},{\"@type\":\"ListItem\",\"position\":3,\"name\":\"Tidsindstillede SMS&#039;er &#8211; Planl\u00e6g beskeder\"}]},{\"@type\":\"WebSite\",\"@id\":\"https:\\\/\\\/suresms.com\\\/en\\\/#website\",\"url\":\"https:\\\/\\\/suresms.com\\\/en\\\/\",\"name\":\"SureSMS\",\"description\":\"Professionel SMS Gateway\",\"publisher\":{\"@id\":\"https:\\\/\\\/suresms.com\\\/en\\\/#organization\"},\"potentialAction\":[{\"@type\":\"SearchAction\",\"target\":{\"@type\":\"EntryPoint\",\"urlTemplate\":\"https:\\\/\\\/suresms.com\\\/en\\\/?s={search_term_string}\"},\"query-input\":{\"@type\":\"PropertyValueSpecification\",\"valueRequired\":true,\"valueName\":\"search_term_string\"}}],\"inLanguage\":\"sv-SE\"},{\"@type\":\"Organization\",\"@id\":\"https:\\\/\\\/suresms.com\\\/en\\\/#organization\",\"name\":\"SureSMS\",\"url\":\"https:\\\/\\\/suresms.com\\\/en\\\/\",\"logo\":{\"@type\":\"ImageObject\",\"inLanguage\":\"sv-SE\",\"@id\":\"https:\\\/\\\/suresms.com\\\/en\\\/#\\\/schema\\\/logo\\\/image\\\/\",\"url\":\"https:\\\/\\\/suresms.com\\\/wp-content\\\/uploads\\\/2024\\\/11\\\/suresms-300x65-1.png\",\"contentUrl\":\"https:\\\/\\\/suresms.com\\\/wp-content\\\/uploads\\\/2024\\\/11\\\/suresms-300x65-1.png\",\"width\":300,\"height\":65,\"caption\":\"SureSMS\"},\"image\":{\"@id\":\"https:\\\/\\\/suresms.com\\\/en\\\/#\\\/schema\\\/logo\\\/image\\\/\"},\"sameAs\":[\"https:\\\/\\\/www.facebook.com\\\/p\\\/SureSMS-100044607956149\\\/\"]}]}<\/script>\r\n<!-- \/ Yoast SEO Premium plugin. -->","yoast_head_json":{"title":"Tidsinst\u00e4llda SMS | Skicka tidsinst\u00e4llda SMS-meddelanden enkelt \u2713.","description":"Schemal\u00e4gg och skicka tidsinst\u00e4llda SMS fr\u00e5n SureSMS WEB-portal. Skicka p\u00e5minnelser om m\u00f6ten, f\u00f6delsedagsh\u00e4lsningar. Integrerad funktion i v\u00e5rt gratisabonnemang.","robots":{"index":"index","follow":"follow","max-snippet":"max-snippet:-1","max-image-preview":"max-image-preview:large","max-video-preview":"max-video-preview:-1"},"canonical":"https:\/\/suresms.com\/sv\/funktioner\/skicka-tidsinstallda-textmeddelanden\/","og_locale":"sv_SE","og_type":"article","og_title":"Tidsindstillede SMS&#039;er - Planl\u00e6g beskeder","og_description":"Planl\u00e6g og afsend tidsbestemte SMS fra SureSMS WEB portal. Send p\u00e5mindelser om aftaler, f\u00f8dselsdagshilsener. Integreret funktion i vores gratis abonnement.","og_url":"https:\/\/suresms.com\/sv\/funktioner\/skicka-tidsinstallda-textmeddelanden\/","article_publisher":"https:\/\/www.facebook.com\/p\/SureSMS-100044607956149\/","article_modified_time":"2024-12-05T15:38:05+00:00","twitter_card":"summary_large_image","twitter_misc":{"Ber\u00e4knad l\u00e4stid":"7 minuter"},"schema":{"@context":"https:\/\/schema.org","@graph":[{"@type":"WebPage","@id":"https:\/\/suresms.com\/dk\/funktioner\/send-tidsindstillede-sms-beskeder\/","url":"https:\/\/suresms.com\/dk\/funktioner\/send-tidsindstillede-sms-beskeder\/","name":"Tidsinst\u00e4llda SMS | Skicka tidsinst\u00e4llda SMS-meddelanden enkelt \u2713.","isPartOf":{"@id":"https:\/\/suresms.com\/en\/#website"},"datePublished":"2015-12-14T13:47:13+00:00","dateModified":"2024-12-05T15:38:05+00:00","description":"Schemal\u00e4gg och skicka tidsinst\u00e4llda SMS fr\u00e5n SureSMS WEB-portal. Skicka p\u00e5minnelser om m\u00f6ten, f\u00f6delsedagsh\u00e4lsningar. Integrerad funktion i v\u00e5rt gratisabonnemang.","breadcrumb":{"@id":"https:\/\/suresms.com\/dk\/funktioner\/send-tidsindstillede-sms-beskeder\/#breadcrumb"},"inLanguage":"sv-SE","potentialAction":[{"@type":"ReadAction","target":["https:\/\/suresms.com\/dk\/funktioner\/send-tidsindstillede-sms-beskeder\/"]}]},{"@type":"BreadcrumbList","@id":"https:\/\/suresms.com\/dk\/funktioner\/send-tidsindstillede-sms-beskeder\/#breadcrumb","itemListElement":[{"@type":"ListItem","position":1,"name":"Home","item":"https:\/\/suresms.com\/dk\/"},{"@type":"ListItem","position":2,"name":"Funktioner","item":"https:\/\/suresms.com\/dk\/funktioner\/"},{"@type":"ListItem","position":3,"name":"Tidsindstillede SMS&#039;er &#8211; Planl\u00e6g beskeder"}]},{"@type":"WebSite","@id":"https:\/\/suresms.com\/en\/#website","url":"https:\/\/suresms.com\/en\/","name":"SureSMS","description":"Professionell SMS Gateway","publisher":{"@id":"https:\/\/suresms.com\/en\/#organization"},"potentialAction":[{"@type":"SearchAction","target":{"@type":"EntryPoint","urlTemplate":"https:\/\/suresms.com\/en\/?s={search_term_string}"},"query-input":{"@type":"PropertyValueSpecification","valueRequired":true,"valueName":"search_term_string"}}],"inLanguage":"sv-SE"},{"@type":"Organization","@id":"https:\/\/suresms.com\/en\/#organization","name":"SureSMS","url":"https:\/\/suresms.com\/en\/","logo":{"@type":"ImageObject","inLanguage":"sv-SE","@id":"https:\/\/suresms.com\/en\/#\/schema\/logo\/image\/","url":"https:\/\/suresms.com\/wp-content\/uploads\/2024\/11\/suresms-300x65-1.png","contentUrl":"https:\/\/suresms.com\/wp-content\/uploads\/2024\/11\/suresms-300x65-1.png","width":300,"height":65,"caption":"SureSMS"},"image":{"@id":"https:\/\/suresms.com\/en\/#\/schema\/logo\/image\/"},"sameAs":["https:\/\/www.facebook.com\/p\/SureSMS-100044607956149\/"]}]}},"_links":{"self":[{"href":"https:\/\/suresms.com\/sv\/wp-json\/wp\/v2\/pages\/18648","targetHints":{"allow":["GET"]}}],"collection":[{"href":"https:\/\/suresms.com\/sv\/wp-json\/wp\/v2\/pages"}],"about":[{"href":"https:\/\/suresms.com\/sv\/wp-json\/wp\/v2\/types\/page"}],"author":[{"embeddable":true,"href":"https:\/\/suresms.com\/sv\/wp-json\/wp\/v2\/users\/1"}],"replies":[{"embeddable":true,"href":"https:\/\/suresms.com\/sv\/wp-json\/wp\/v2\/comments?post=18648"}],"version-history":[{"count":3,"href":"https:\/\/suresms.com\/sv\/wp-json\/wp\/v2\/pages\/18648\/revisions"}],"predecessor-version":[{"id":19442,"href":"https:\/\/suresms.com\/sv\/wp-json\/wp\/v2\/pages\/18648\/revisions\/19442"}],"up":[{"embeddable":true,"href":"https:\/\/suresms.com\/sv\/wp-json\/wp\/v2\/pages\/958"}],"wp:attachment":[{"href":"https:\/\/suresms.com\/sv\/wp-json\/wp\/v2\/media?parent=18648"}],"wp:term":[{"taxonomy":"category","embeddable":true,"href":"https:\/\/suresms.com\/sv\/wp-json\/wp\/v2\/categories?post=18648"},{"taxonomy":"post_tag","embeddable":true,"href":"https:\/\/suresms.com\/sv\/wp-json\/wp\/v2\/tags?post=18648"}],"curies":[{"name":"wp","href":"https:\/\/api.w.org\/{rel}","templated":true}]}}