{"id":18594,"date":"2013-11-26T08:53:12","date_gmt":"2013-11-26T06:53:12","guid":{"rendered":"http:\/\/suresms-gateway.dk\/?page_id=9"},"modified":"2025-11-19T10:58:14","modified_gmt":"2025-11-19T10:58:14","slug":"om-suresms","status":"publish","type":"page","link":"https:\/\/suresms.com\/sv\/om-suresms\/","title":{"rendered":"Om SureSMS"},"content":{"rendered":"<h1>\n\t\t\tOm SureSMS\t<\/h1>\n\t<p>P\u00e5 Sure SMS skapar vi flexibla och h\u00e5llbara SMS-l\u00f6sningar f\u00f6r professionella anv\u00e4ndare. Vi erbjuder ett v\u00e4ldokumenterat API f\u00f6r en stabil SMS-gateway f\u00f6r utvecklare.<br \/>Vi \u00e4r bra p\u00e5 det vi g\u00f6r! Och vi tror att vi med gott hantverk och ett tydligt fokus p\u00e5 nya tekniska l\u00f6sningar skapar de b\u00e4sta l\u00f6sningarna i n\u00e4ra samarbete med v\u00e5ra kunder.<\/p>\n\t\t\t\t<img decoding=\"async\" src=\"https:\/\/suresms.com\/wp-content\/uploads\/2013\/11\/startup550x250px.jpg\" alt=\"Om att samarbeta med kunder suresms\" itemprop=\"image\" height=\"250\" width=\"500\" title=\"om samarbete med Suresms\" onerror=\"this.style.display='none'\" loading=\"lazy\" \/>\n<h3>Att arbeta med oss<\/h3>Vi \u00e4r \u00f6vertygade om att vi f\u00e5r b\u00e4st resultat om vi agerar p\u00e5 den feedback vi f\u00e5r fr\u00e5n v\u00e5ra kunder!<br \/>\nD\u00e4rf\u00f6r r\u00e4cker det inte med att vi alltid f\u00f6rser dig med en p\u00e5litlig gateway som erbjuder den b\u00e4sta kvaliteten och drifttiden f\u00f6r SMS-leverans.<br \/>\nMed oss kan du f\u00f6rv\u00e4nta dig lite mer. V\u00e5r support \u00e4r alltid serviceinriktad och personlig. Vi har INGA telefonlinjer och det ska alltid vara enkelt f\u00f6r v\u00e5ra kunder att komma i kontakt med en levande, kompetent medarbetare som kostnadsfritt kan hj\u00e4lpa till med specifika problem eller r\u00e5d.<br \/>\nP\u00e5 SureSMS f\u00e5r vi saker gjorda!\n\t\t\t\t<img decoding=\"async\" src=\"https:\/\/suresms.com\/wp-content\/uploads\/2013\/11\/bordfodbold-500x250px1.jpg\" alt=\"Om SureSMS SMS Gateway\" itemprop=\"image\" height=\"250\" width=\"500\" title=\"bordsfotboll 500x250px\" onerror=\"this.style.display='none'\" loading=\"lazy\" \/>\n<h3>V\u00e5rt team<\/h3>Vi \u00e4r ett team av erfarna och v\u00e4lutbildade danska utvecklare och operat\u00f6rer som har arbetat med SMS-gateways och infrastruktur, inklusive n\u00e4tverk, s\u00e4kerhet och servrar, i \u00f6ver 20 \u00e5r.<br \/>\nTillsammans med v\u00e5ra duktiga kommunikat\u00f6rer och s\u00e4ljare arbetar vi ambiti\u00f6st f\u00f6r att skapa den allra b\u00e4sta servicen f\u00f6r v\u00e5ra kunder.<br \/>\nFr\u00e5n v\u00e5rt huvudkontor i Hvidovre, Danmark, arbetar vi med v\u00e5ra utvecklare runt om i v\u00e4rlden f\u00f6r att st\u00e4ndigt utveckla v\u00e5r produkt, v\u00e5r tj\u00e4nst och v\u00e5r kommunikation f\u00f6r att leverera dina meddelanden s\u00e4kert till alla mobiltelefoner i v\u00e4rlden\n<h3>\n\t\t\tSkicka ett meddelande till oss\t<\/h3>\n<h3>\n\t\t\tDet \u00e4r h\u00e4r vi bor\t<\/h3>\n<h3>\n\t\t\tSureSMS ApS\t<\/h3>\n\t<h5>Industriholmen 82<br \/>DK-2650 Hvidovre, Danmark<\/h5>\n\n<h5>KONTAKT:<br \/>Tel: +45 50 322 322<br \/>E-post: info@suresms.com<br \/>CVR: 33263104<\/h5>\n\t\t<h3>Historien om SureSMS<\/h3><p>SureSMS Aps \u00e4r ett danskt f\u00f6retag i Hvidovre som har skickat SMS-meddelanden sedan 2003. Vi hj\u00e4lper f\u00f6retag i Danmark och utomlands att leverera SMS-l\u00f6sningar av h\u00f6gsta kvalitet.<\/p>\n<h4>\n\t\t<a href=\"https:\/\/suresms.com\/sv\/kontakt\/\" title=\"P\u00e5 SureSMS f\u00e5r du alltid gratis support. Ring oss p\u00e5 50 322 322 eller skicka oss ett mail H\u00c4R!\"  target=\"_self\">\n\t\t\tP\u00e5 SureSMS f\u00e5r du alltid gratis support. Ring oss p\u00e5 50 322 322 eller skicka oss ett mail H\u00c4R!\t\t<\/a>\n\t<\/h4>","protected":false},"excerpt":{"rendered":"<p>Om SureSMS P\u00e5 Sure SMS skapar vi flexibla och h\u00e5llbara SMS-l\u00f6sningar f\u00f6r professionella anv\u00e4ndare. Vi erbjuder ett v\u00e4ldokumenterat API f\u00f6r en stabil SMS-gateway f\u00f6r utvecklare. Och vi tror att med gott hantverk och ett tydligt fokus p\u00e5 nya tekniska l\u00f6sningar skapar vi de b\u00e4sta l\u00f6sningarna i n\u00e4ra samarbete med v\u00e5ra kunder. <a title=\"Om SureSMS\" class=\"read-more\" href=\"https:\/\/suresms.com\/sv\/om-suresms\/\" aria-label=\"L\u00e4s mer om Om SureSMS\">L\u00e4s mer om det<\/a><\/p>","protected":false},"author":1,"featured_media":0,"parent":0,"menu_order":7,"comment_status":"closed","ping_status":"closed","template":"","meta":{"_fl_builder_enabled":"1","_fl_builder_data":null,"_fl_builder_draft":null,"_fl_builder_data_settings":null,"_fl_builder_css":"","_fl_builder_css_version":"","_fl_builder_js":"","footnotes":""},"categories":[],"tags":[],"class_list":["post-18594","page","type-page","status-publish"],"yoast_head":"<!-- This site is optimized with the Yoast SEO Premium plugin v27.3 (Yoast SEO v27.3) - https:\/\/yoast.com\/product\/yoast-seo-premium-wordpress\/ -->\r\n<title>Om SureSMS - F\u00e5 et indblik i vores erfaring og kompetencer<\/title>\r\n<meta name=\"description\" content=\"L\u00e6s her om SureSMS. Med 13 \u00e5rs erfaring p\u00e5 SMS markedet, er vi den professionelle l\u00f8sning til virksomheder og udviklere. SMS GAteway med kunden i centrum.\" \/>\r\n<meta name=\"robots\" content=\"index, follow, max-snippet:-1, max-image-preview:large, max-video-preview:-1\" \/>\r\n<link rel=\"canonical\" href=\"https:\/\/suresms.com\/sv\/om-suresms\/\" \/>\r\n<meta property=\"og:locale\" content=\"sv_SE\" \/>\r\n<meta property=\"og:type\" content=\"article\" \/>\r\n<meta property=\"og:title\" content=\"Om SureSMS\" \/>\r\n<meta property=\"og:description\" content=\"L\u00e6s om SureSMS en professionel SMS Gateway med kvalitetsl\u00f8sninger til professionelle.\" \/>\r\n<meta property=\"og:url\" content=\"https:\/\/suresms.com\/sv\/om-suresms\/\" \/>\r\n<meta property=\"article:publisher\" content=\"https:\/\/www.facebook.com\/p\/SureSMS-100044607956149\/\" \/>\r\n<meta property=\"article:modified_time\" content=\"2025-11-19T10:58:14+00:00\" \/>\r\n<meta name=\"twitter:card\" content=\"summary_large_image\" \/>\r\n<meta name=\"twitter:image\" content=\"https:\/\/suresms.com\/wp-content\/uploads\/2013\/11\/startup550x250px.jpg\" \/>\r\n<meta name=\"twitter:label1\" content=\"Ber\u00e4knad l\u00e4stid\" \/>\n\t<meta name=\"twitter:data1\" content=\"3 minuter\" \/>\r\n<script type=\"application\/ld+json\" class=\"yoast-schema-graph\">{\"@context\":\"https:\\\/\\\/schema.org\",\"@graph\":[{\"@type\":\"WebPage\",\"@id\":\"https:\\\/\\\/suresms.com\\\/dk\\\/om-suresms\\\/\",\"url\":\"https:\\\/\\\/suresms.com\\\/dk\\\/om-suresms\\\/\",\"name\":\"Om SureSMS - F\u00e5 et indblik i vores erfaring og kompetencer\",\"isPartOf\":{\"@id\":\"https:\\\/\\\/suresms.com\\\/en\\\/#website\"},\"primaryImageOfPage\":{\"@id\":\"https:\\\/\\\/suresms.com\\\/dk\\\/om-suresms\\\/#primaryimage\"},\"image\":{\"@id\":\"https:\\\/\\\/suresms.com\\\/dk\\\/om-suresms\\\/#primaryimage\"},\"thumbnailUrl\":\"https:\\\/\\\/suresms.com\\\/wp-content\\\/uploads\\\/2013\\\/11\\\/startup550x250px.jpg\",\"datePublished\":\"2013-11-26T06:53:12+00:00\",\"dateModified\":\"2025-11-19T10:58:14+00:00\",\"description\":\"L\u00e6s her om SureSMS. Med 13 \u00e5rs erfaring p\u00e5 SMS markedet, er vi den professionelle l\u00f8sning til virksomheder og udviklere. SMS GAteway med kunden i centrum.\",\"breadcrumb\":{\"@id\":\"https:\\\/\\\/suresms.com\\\/dk\\\/om-suresms\\\/#breadcrumb\"},\"inLanguage\":\"sv-SE\",\"potentialAction\":[{\"@type\":\"ReadAction\",\"target\":[\"https:\\\/\\\/suresms.com\\\/dk\\\/om-suresms\\\/\"]}]},{\"@type\":\"ImageObject\",\"inLanguage\":\"sv-SE\",\"@id\":\"https:\\\/\\\/suresms.com\\\/dk\\\/om-suresms\\\/#primaryimage\",\"url\":\"https:\\\/\\\/suresms.com\\\/wp-content\\\/uploads\\\/2013\\\/11\\\/startup550x250px.jpg\",\"contentUrl\":\"https:\\\/\\\/suresms.com\\\/wp-content\\\/uploads\\\/2013\\\/11\\\/startup550x250px.jpg\"},{\"@type\":\"BreadcrumbList\",\"@id\":\"https:\\\/\\\/suresms.com\\\/dk\\\/om-suresms\\\/#breadcrumb\",\"itemListElement\":[{\"@type\":\"ListItem\",\"position\":1,\"name\":\"Home\",\"item\":\"https:\\\/\\\/suresms.com\\\/dk\\\/\"},{\"@type\":\"ListItem\",\"position\":2,\"name\":\"Om SureSMS\"}]},{\"@type\":\"WebSite\",\"@id\":\"https:\\\/\\\/suresms.com\\\/en\\\/#website\",\"url\":\"https:\\\/\\\/suresms.com\\\/en\\\/\",\"name\":\"SureSMS\",\"description\":\"Professionel SMS Gateway\",\"publisher\":{\"@id\":\"https:\\\/\\\/suresms.com\\\/en\\\/#organization\"},\"potentialAction\":[{\"@type\":\"SearchAction\",\"target\":{\"@type\":\"EntryPoint\",\"urlTemplate\":\"https:\\\/\\\/suresms.com\\\/en\\\/?s={search_term_string}\"},\"query-input\":{\"@type\":\"PropertyValueSpecification\",\"valueRequired\":true,\"valueName\":\"search_term_string\"}}],\"inLanguage\":\"sv-SE\"},{\"@type\":\"Organization\",\"@id\":\"https:\\\/\\\/suresms.com\\\/en\\\/#organization\",\"name\":\"SureSMS\",\"url\":\"https:\\\/\\\/suresms.com\\\/en\\\/\",\"logo\":{\"@type\":\"ImageObject\",\"inLanguage\":\"sv-SE\",\"@id\":\"https:\\\/\\\/suresms.com\\\/en\\\/#\\\/schema\\\/logo\\\/image\\\/\",\"url\":\"https:\\\/\\\/suresms.com\\\/wp-content\\\/uploads\\\/2024\\\/11\\\/suresms-300x65-1.png\",\"contentUrl\":\"https:\\\/\\\/suresms.com\\\/wp-content\\\/uploads\\\/2024\\\/11\\\/suresms-300x65-1.png\",\"width\":300,\"height\":65,\"caption\":\"SureSMS\"},\"image\":{\"@id\":\"https:\\\/\\\/suresms.com\\\/en\\\/#\\\/schema\\\/logo\\\/image\\\/\"},\"sameAs\":[\"https:\\\/\\\/www.facebook.com\\\/p\\\/SureSMS-100044607956149\\\/\"]}]}<\/script>\r\n<!-- \/ Yoast SEO Premium plugin. -->","yoast_head_json":{"title":"Om SureSMS - F\u00e5 en inblick i v\u00e5r erfarenhet och kompetens","description":"L\u00e4s h\u00e4r om SureSMS. Med 13 \u00e5rs erfarenhet av SMS-marknaden \u00e4r vi den professionella l\u00f6sningen f\u00f6r f\u00f6retag och utvecklare. SMS GAteway med kunden i centrum.","robots":{"index":"index","follow":"follow","max-snippet":"max-snippet:-1","max-image-preview":"max-image-preview:large","max-video-preview":"max-video-preview:-1"},"canonical":"https:\/\/suresms.com\/sv\/om-suresms\/","og_locale":"sv_SE","og_type":"article","og_title":"Om SureSMS","og_description":"L\u00e6s om SureSMS en professionel SMS Gateway med kvalitetsl\u00f8sninger til professionelle.","og_url":"https:\/\/suresms.com\/sv\/om-suresms\/","article_publisher":"https:\/\/www.facebook.com\/p\/SureSMS-100044607956149\/","article_modified_time":"2025-11-19T10:58:14+00:00","twitter_card":"summary_large_image","twitter_image":"https:\/\/suresms.com\/wp-content\/uploads\/2013\/11\/startup550x250px.jpg","twitter_misc":{"Ber\u00e4knad l\u00e4stid":"3 minuter"},"schema":{"@context":"https:\/\/schema.org","@graph":[{"@type":"WebPage","@id":"https:\/\/suresms.com\/dk\/om-suresms\/","url":"https:\/\/suresms.com\/dk\/om-suresms\/","name":"Om SureSMS - F\u00e5 en inblick i v\u00e5r erfarenhet och kompetens","isPartOf":{"@id":"https:\/\/suresms.com\/en\/#website"},"primaryImageOfPage":{"@id":"https:\/\/suresms.com\/dk\/om-suresms\/#primaryimage"},"image":{"@id":"https:\/\/suresms.com\/dk\/om-suresms\/#primaryimage"},"thumbnailUrl":"https:\/\/suresms.com\/wp-content\/uploads\/2013\/11\/startup550x250px.jpg","datePublished":"2013-11-26T06:53:12+00:00","dateModified":"2025-11-19T10:58:14+00:00","description":"L\u00e4s h\u00e4r om SureSMS. Med 13 \u00e5rs erfarenhet av SMS-marknaden \u00e4r vi den professionella l\u00f6sningen f\u00f6r f\u00f6retag och utvecklare. SMS GAteway med kunden i centrum.","breadcrumb":{"@id":"https:\/\/suresms.com\/dk\/om-suresms\/#breadcrumb"},"inLanguage":"sv-SE","potentialAction":[{"@type":"ReadAction","target":["https:\/\/suresms.com\/dk\/om-suresms\/"]}]},{"@type":"ImageObject","inLanguage":"sv-SE","@id":"https:\/\/suresms.com\/dk\/om-suresms\/#primaryimage","url":"https:\/\/suresms.com\/wp-content\/uploads\/2013\/11\/startup550x250px.jpg","contentUrl":"https:\/\/suresms.com\/wp-content\/uploads\/2013\/11\/startup550x250px.jpg"},{"@type":"BreadcrumbList","@id":"https:\/\/suresms.com\/dk\/om-suresms\/#breadcrumb","itemListElement":[{"@type":"ListItem","position":1,"name":"Home","item":"https:\/\/suresms.com\/dk\/"},{"@type":"ListItem","position":2,"name":"Om SureSMS"}]},{"@type":"WebSite","@id":"https:\/\/suresms.com\/en\/#website","url":"https:\/\/suresms.com\/en\/","name":"SureSMS","description":"Professionell SMS Gateway","publisher":{"@id":"https:\/\/suresms.com\/en\/#organization"},"potentialAction":[{"@type":"SearchAction","target":{"@type":"EntryPoint","urlTemplate":"https:\/\/suresms.com\/en\/?s={search_term_string}"},"query-input":{"@type":"PropertyValueSpecification","valueRequired":true,"valueName":"search_term_string"}}],"inLanguage":"sv-SE"},{"@type":"Organization","@id":"https:\/\/suresms.com\/en\/#organization","name":"SureSMS","url":"https:\/\/suresms.com\/en\/","logo":{"@type":"ImageObject","inLanguage":"sv-SE","@id":"https:\/\/suresms.com\/en\/#\/schema\/logo\/image\/","url":"https:\/\/suresms.com\/wp-content\/uploads\/2024\/11\/suresms-300x65-1.png","contentUrl":"https:\/\/suresms.com\/wp-content\/uploads\/2024\/11\/suresms-300x65-1.png","width":300,"height":65,"caption":"SureSMS"},"image":{"@id":"https:\/\/suresms.com\/en\/#\/schema\/logo\/image\/"},"sameAs":["https:\/\/www.facebook.com\/p\/SureSMS-100044607956149\/"]}]}},"_links":{"self":[{"href":"https:\/\/suresms.com\/sv\/wp-json\/wp\/v2\/pages\/18594","targetHints":{"allow":["GET"]}}],"collection":[{"href":"https:\/\/suresms.com\/sv\/wp-json\/wp\/v2\/pages"}],"about":[{"href":"https:\/\/suresms.com\/sv\/wp-json\/wp\/v2\/types\/page"}],"author":[{"embeddable":true,"href":"https:\/\/suresms.com\/sv\/wp-json\/wp\/v2\/users\/1"}],"replies":[{"embeddable":true,"href":"https:\/\/suresms.com\/sv\/wp-json\/wp\/v2\/comments?post=18594"}],"version-history":[{"count":7,"href":"https:\/\/suresms.com\/sv\/wp-json\/wp\/v2\/pages\/18594\/revisions"}],"predecessor-version":[{"id":23554,"href":"https:\/\/suresms.com\/sv\/wp-json\/wp\/v2\/pages\/18594\/revisions\/23554"}],"wp:attachment":[{"href":"https:\/\/suresms.com\/sv\/wp-json\/wp\/v2\/media?parent=18594"}],"wp:term":[{"taxonomy":"category","embeddable":true,"href":"https:\/\/suresms.com\/sv\/wp-json\/wp\/v2\/categories?post=18594"},{"taxonomy":"post_tag","embeddable":true,"href":"https:\/\/suresms.com\/sv\/wp-json\/wp\/v2\/tags?post=18594"}],"curies":[{"name":"wp","href":"https:\/\/api.w.org\/{rel}","templated":true}]}}