{"id":18593,"date":"2013-11-26T08:52:42","date_gmt":"2013-11-26T06:52:42","guid":{"rendered":"http:\/\/suresms-gateway.dk\/?page_id=5"},"modified":"2025-10-28T16:16:08","modified_gmt":"2025-10-28T16:16:08","slug":"gratis-sms-testkonto","status":"publish","type":"page","link":"https:\/\/suresms.com\/sv\/bestil\/gratis-sms-testkonto\/","title":{"rendered":"Gratis SMS-testkonto"},"content":{"rendered":"<h2>Gratis SMS-konto - skicka 50 gratis SMS-meddelanden<\/h2>\n<p>P\u00e5 SureSMS erbjuder vi alla nya kunder m\u00f6jligheten att prova v\u00e5r tj\u00e4nst utan betalning. Genom att skapa ett GRATIS SMS-testkonto kan du prova v\u00e5r moderna och stabila SMS-gateway.<\/p>\n<p>Du f\u00e5r tillg\u00e5ng till alla funktioner i v\u00e5rt system i 14 dagar. Dock inte v\u00e5r 2-v\u00e4gs-l\u00f6sning. Om du best\u00e4mmer dig f\u00f6r att anv\u00e4nda SureSMS kommer ditt konto automatiskt att uppgraderas till ett normalt konto. Du kan g\u00f6ra detta antingen genom att s\u00e4tta in pengar p\u00e5 ditt konto via kreditkort eller genom att uppr\u00e4tta ett faktureringsavtal.<\/p>\n<p>N\u00e4r du skapar kontot kommer din inloggning att vara ett telefonnummer som du anger h\u00e4r. Du kommer att f\u00e5 ett SMS med din kod p\u00e5 numret, s\u00e5 kom ih\u00e5g att anv\u00e4nda ett mobilnummer du har tillg\u00e5ng till just nu. N\u00e4r du \u00e4r inloggad kan du beg\u00e4ra en annan avs\u00e4ndare.<\/p>\n<p>Inloggning och l\u00f6senord skickas omedelbart s\u00e5 att du kan komma ig\u00e5ng p\u00e5 2 minuter.<\/p>\n<p>Ha det s\u00e5 trevligt.<\/p>\n\t\t\t<a href=\"https:\/\/app.suresms.com\/account\/signup\" target=\"_blank\" rel=\"noopener\">\n\t\t\t\t\t\t\tSkapa ett kostnadsfritt konto\n\t\t\t\t\t<\/a>\n\t<h2>\u00a0Billigt SMS och h\u00f6g driftsstabilitet<\/h2>\n<p>Som kund hos SureSMS kan du f\u00f6rv\u00e4nta dig n\u00e5gra av de mest konkurrenskraftiga priserna p\u00e5 marknaden. Vi erbjuder billiga priser per SMS till alla kunder och kombinerar detta med h\u00f6g driftstabilitet.<\/p>\n<p>Det \u00e4r ingen st\u00f6rre id\u00e9 att spara pengar om bara h\u00e4lften av meddelandena levereras, men med SureSMS kan du vara s\u00e4ker p\u00e5 att kvaliteten \u00e4r den r\u00e4tta. Vi har l\u00e5ga priser och levererar en mycket <a href=\"https:\/\/suresms.com\/sv\/\">Stabil SMS-gateway<\/a>.<\/p>\n\t<h2>Enkel konvertering fr\u00e5n andra leverant\u00f6rer<\/h2>\n<p>SureSMS har l\u00e5ng erfarenhet av n\u00e4tverk, s\u00e4kerhet och gateways. Det g\u00f6r det enkelt f\u00f6r oss att hantera och s\u00e4kra processen med att byta fr\u00e5n din nuvarande leverant\u00f6r till v\u00e5r gateway.<\/p>\n<p>\u00c4ven om ett byte av SMS-leverant\u00f6r kan vara ett stort beslut f\u00f6r m\u00e5nga kunder, kan vi hantera konverteringen f\u00f6rv\u00e5nansv\u00e4rt enkelt och snabbt. Det \u00e4r inte s\u00e5 omfattande som m\u00e5nga tror.<\/p>\n\t<h4><strong>Om det skulle uppst\u00e5 minsta problem erbjuder vi support 24\/7.<\/strong><\/h4>\n\t\t\t<a href=\"https:\/\/suresms.com\/sv\/kontakt\/\" target=\"_self\">\n\t\t\t\t\t\tSe kontaktuppgifter h\u00e4r\n\t\t\t\t\t<\/a>\n<h3>\n\t\t\tEller skriv till v\u00e5r support h\u00e4r. Vi \u00e5terkommer till dig inom kort!\t<\/h3>\n\t\n<div class=\"wpcf7 no-js\" id=\"wpcf7-f2264-o1\" lang=\"da-DK\" dir=\"ltr\" data-wpcf7-id=\"2264\">\n<div class=\"screen-reader-response\"><p role=\"status\" aria-live=\"polite\" aria-atomic=\"true\"><\/p> <ul><\/ul><\/div>\n<form action=\"\/sv\/wp-json\/wp\/v2\/pages\/18593#wpcf7-f2264-o1\" method=\"post\" class=\"wpcf7-form init\" aria-label=\"Kontaktformul\u00e4r\" enctype=\"multipart\/form-data\" novalidate=\"novalidate\" data-status=\"init\" data-trp-original-action=\"\/sv\/wp-json\/wp\/v2\/pages\/18593#wpcf7-f2264-o1\">\n<fieldset class=\"hidden-fields-container\"><input type=\"hidden\" name=\"_wpcf7\" value=\"2264\" \/><input type=\"hidden\" name=\"_wpcf7_version\" value=\"6.1.5\" \/><input type=\"hidden\" name=\"_wpcf7_locale\" value=\"da_DK\" \/><input type=\"hidden\" name=\"_wpcf7_unit_tag\" value=\"wpcf7-f2264-o1\" \/><input type=\"hidden\" name=\"_wpcf7_container_post\" value=\"0\" \/><input type=\"hidden\" name=\"_wpcf7_posted_data_hash\" value=\"\" \/>\n<\/fieldset>\n<p>F\u00f6retagets namn (m\u00e5ste fyllas i)\n<\/p>\n<p><span class=\"wpcf7-form-control-wrap\" data-name=\"your-name\"><input size=\"40\" maxlength=\"400\" class=\"wpcf7-form-control wpcf7-text wpcf7-validates-as-required\" aria-required=\"true\" aria-invalid=\"false\" value=\"\" type=\"text\" name=\"your-name\" \/><\/span>\n<\/p>\n<p>Ditt namn (m\u00e5ste fyllas i)\n<\/p>\n<p><span class=\"wpcf7-form-control-wrap\" data-name=\"dit-navn\"><input size=\"40\" maxlength=\"400\" class=\"wpcf7-form-control wpcf7-text wpcf7-validates-as-required\" aria-required=\"true\" aria-invalid=\"false\" value=\"\" type=\"text\" name=\"dit-navn\" \/><\/span>\n<\/p>\n<p>Din e-postadress (m\u00e5ste fyllas i)\n<\/p>\n<p><span class=\"wpcf7-form-control-wrap\" data-name=\"your-email\"><input size=\"40\" maxlength=\"400\" class=\"wpcf7-form-control wpcf7-email wpcf7-validates-as-required wpcf7-text wpcf7-validates-as-email\" aria-required=\"true\" aria-invalid=\"false\" value=\"\" type=\"email\" name=\"your-email\" \/><\/span>\n<\/p>\n<p>Telefonnummer (m\u00e5ste fyllas i)\n<\/p>\n<p><span class=\"wpcf7-form-control-wrap\" data-name=\"tel-616\"><input size=\"40\" maxlength=\"400\" class=\"wpcf7-form-control wpcf7-tel wpcf7-validates-as-required wpcf7-text wpcf7-validates-as-tel\" aria-required=\"true\" aria-invalid=\"false\" value=\"\" type=\"tel\" name=\"tel-616\" \/><\/span>\n<\/p>\n<p>\u00c4mne\n<\/p>\n<p><span class=\"wpcf7-form-control-wrap\" data-name=\"your-subject\"><input size=\"40\" maxlength=\"400\" class=\"wpcf7-form-control wpcf7-text\" aria-invalid=\"false\" value=\"\" type=\"text\" name=\"your-subject\" \/><\/span>\n<\/p>\n<p>Ditt meddelande\n<\/p>\n<p><span class=\"wpcf7-form-control-wrap\" data-name=\"your-message\"><textarea cols=\"40\" rows=\"10\" maxlength=\"2000\" class=\"wpcf7-form-control wpcf7-textarea\" aria-invalid=\"false\" name=\"your-message\"><\/textarea><\/span>\n<\/p>\n<p>Ladda upp valfri fil\n<\/p>\n<p><span class=\"wpcf7-form-control-wrap\" data-name=\"file-948\"><input size=\"40\" class=\"wpcf7-form-control wpcf7-file\" id=\"Uploadfil\" accept=\"audio\/*,video\/*,image\/*\" aria-invalid=\"false\" type=\"file\" name=\"file-948\" \/><\/span>\n<\/p>\n<p><div class=\"cf7-cf-turnstile\" style=\"margin-top: 0px; margin-bottom: -15px;\"> <div id=\"cf-turnstile-cf7-635357438\" class=\"cf-turnstile\" data-sitekey=\"0x4AAAAAAB8YGArd9ML-HbMW\" data-theme=\"light\" data-language=\"auto\" data-size=\"normal\" data-retry=\"auto\" data-retry-interval=\"1000\" data-refresh-expired=\"auto\" data-action=\"contact-form-7\" data-appearance=\"always\"><\/div> <script>document.addEventListener(\"DOMContentLoaded\", function() { setTimeout(function(){ var e=document.getElementById(\"cf-turnstile-cf7-635357438\"); e&&!e.innerHTML.trim()&&(turnstile.remove(\"#cf-turnstile-cf7-635357438\"), turnstile.render(\"#cf-turnstile-cf7-635357438\", {sitekey:\"0x4AAAAAAB8YGArd9ML-HbMW\"})); }, 100); });<\/script> <br class=\"cf-turnstile-br cf-turnstile-br-cf7-635357438\"> <style>#cf-turnstile-cf7-635357438 { margin-left: -15px; }<\/style> <script>document.addEventListener(\"DOMContentLoaded\",function(){document.querySelectorAll('.wpcf7-form').forEach(function(e){e.addEventListener('submit',function(){if(document.getElementById('cf-turnstile-cf7-635357438')){setTimeout(function(){turnstile.reset('#cf-turnstile-cf7-635357438');},1000)}})})});<\/script> <\/div>\n<\/p>\n<p><input class=\"wpcf7-form-control wpcf7-submit has-spinner\" type=\"submit\" value=\"Skicka\" \/>\n<\/p><div class=\"wpcf7-response-output\" aria-hidden=\"true\"><\/div>\n<input type=\"hidden\" name=\"trp-form-language\" value=\"sv\"\/><\/form>\n<\/div>","protected":false},"excerpt":{"rendered":"<p>Gratis SMS-konto - skicka 50 SMS gratis P\u00e5 SureSMS erbjuder vi alla nya kunder m\u00f6jligheten att prova v\u00e5r tj\u00e4nst utan betalning. Genom att skapa ett GRATIS SMS-testkonto kan du prova v\u00e5r moderna och stabila SMS-gateway. Du f\u00e5r tillg\u00e5ng till alla funktioner i v\u00e5rt system i 14 dagar. Dock inte v\u00e5r 2-v\u00e4gsl\u00f6sning... <a title=\"Gratis SMS-testkonto\" class=\"read-more\" href=\"https:\/\/suresms.com\/sv\/bestil\/gratis-sms-testkonto\/\" aria-label=\"L\u00e4s mer om Gratis SMS-testkonto\">L\u00e4s mer om det<\/a><\/p>","protected":false},"author":1,"featured_media":0,"parent":19266,"menu_order":23,"comment_status":"closed","ping_status":"closed","template":"","meta":{"_fl_builder_enabled":"1","_fl_builder_data":null,"_fl_builder_draft":null,"_fl_builder_data_settings":null,"_fl_builder_css":"","_fl_builder_css_version":"","_fl_builder_js":"","footnotes":""},"class_list":["post-18593","page","type-page","status-publish"],"yoast_head":"<!-- This site is optimized with the Yoast SEO Premium plugin v27.3 (Yoast SEO v27.3) - https:\/\/yoast.com\/product\/yoast-seo-premium-wordpress\/ -->\r\n<title>Gratis testkonto med 50 SMS&#039;er - Pr\u00f8v SMS gateway og send gratis sms<\/title>\r\n<meta name=\"description\" content=\"F\u00e5 en gratis sms testkonto og send SMS til dine kunder. N\u00e5r du opretter, kvitterer vi med 100 SMS&#039;er, s\u00e5 du kan f\u00e5 en fornemmelse af vores SureSMS gateway\" \/>\r\n<meta name=\"robots\" content=\"index, follow, max-snippet:-1, max-image-preview:large, max-video-preview:-1\" \/>\r\n<link rel=\"canonical\" href=\"https:\/\/suresms.com\/sv\/bestallning\/gratis-sms-testkonto\/\" \/>\r\n<meta property=\"og:locale\" content=\"sv_SE\" \/>\r\n<meta property=\"og:type\" content=\"article\" \/>\r\n<meta property=\"og:title\" content=\"Gratis SMS testkonto\" \/>\r\n<meta property=\"og:description\" content=\"F\u00e5 en gratis sms testkonto og send SMS til dine kunder. N\u00e5r du opretter, kvitterer vi med 100 SMS&#039;er, s\u00e5 du kan f\u00e5 en fornemmelse af vores SureSMS gateway\" \/>\r\n<meta property=\"og:url\" content=\"https:\/\/suresms.com\/sv\/bestallning\/gratis-sms-testkonto\/\" \/>\r\n<meta property=\"article:publisher\" content=\"https:\/\/www.facebook.com\/p\/SureSMS-100044607956149\/\" \/>\r\n<meta property=\"article:modified_time\" content=\"2025-10-28T16:16:08+00:00\" \/>\r\n<meta name=\"twitter:card\" content=\"summary_large_image\" \/>\r\n<meta name=\"twitter:label1\" content=\"Ber\u00e4knad l\u00e4stid\" \/>\n\t<meta name=\"twitter:data1\" content=\"4 minuter\" \/>\r\n<script type=\"application\/ld+json\" class=\"yoast-schema-graph\">{\"@context\":\"https:\\\/\\\/schema.org\",\"@graph\":[{\"@type\":\"WebPage\",\"@id\":\"https:\\\/\\\/suresms.com\\\/dk\\\/bestil\\\/gratis-sms-testkonto\\\/\",\"url\":\"https:\\\/\\\/suresms.com\\\/dk\\\/bestil\\\/gratis-sms-testkonto\\\/\",\"name\":\"Gratis testkonto med 50 SMS'er - Pr\u00f8v SMS gateway og send gratis sms\",\"isPartOf\":{\"@id\":\"https:\\\/\\\/suresms.com\\\/en\\\/#website\"},\"datePublished\":\"2013-11-26T06:52:42+00:00\",\"dateModified\":\"2025-10-28T16:16:08+00:00\",\"description\":\"F\u00e5 en gratis sms testkonto og send SMS til dine kunder. N\u00e5r du opretter, kvitterer vi med 100 SMS'er, s\u00e5 du kan f\u00e5 en fornemmelse af vores SureSMS gateway\",\"breadcrumb\":{\"@id\":\"https:\\\/\\\/suresms.com\\\/dk\\\/bestil\\\/gratis-sms-testkonto\\\/#breadcrumb\"},\"inLanguage\":\"sv-SE\",\"potentialAction\":[{\"@type\":\"ReadAction\",\"target\":[\"https:\\\/\\\/suresms.com\\\/dk\\\/bestil\\\/gratis-sms-testkonto\\\/\"]}]},{\"@type\":\"BreadcrumbList\",\"@id\":\"https:\\\/\\\/suresms.com\\\/dk\\\/bestil\\\/gratis-sms-testkonto\\\/#breadcrumb\",\"itemListElement\":[{\"@type\":\"ListItem\",\"position\":1,\"name\":\"Home\",\"item\":\"https:\\\/\\\/suresms.com\\\/dk\\\/\"},{\"@type\":\"ListItem\",\"position\":2,\"name\":\"Bestil\",\"item\":\"https:\\\/\\\/suresms.com\\\/bestil\\\/\"},{\"@type\":\"ListItem\",\"position\":3,\"name\":\"Gratis SMS testkonto\"}]},{\"@type\":\"WebSite\",\"@id\":\"https:\\\/\\\/suresms.com\\\/en\\\/#website\",\"url\":\"https:\\\/\\\/suresms.com\\\/en\\\/\",\"name\":\"SureSMS\",\"description\":\"Professionel SMS Gateway\",\"publisher\":{\"@id\":\"https:\\\/\\\/suresms.com\\\/en\\\/#organization\"},\"potentialAction\":[{\"@type\":\"SearchAction\",\"target\":{\"@type\":\"EntryPoint\",\"urlTemplate\":\"https:\\\/\\\/suresms.com\\\/en\\\/?s={search_term_string}\"},\"query-input\":{\"@type\":\"PropertyValueSpecification\",\"valueRequired\":true,\"valueName\":\"search_term_string\"}}],\"inLanguage\":\"sv-SE\"},{\"@type\":\"Organization\",\"@id\":\"https:\\\/\\\/suresms.com\\\/en\\\/#organization\",\"name\":\"SureSMS\",\"url\":\"https:\\\/\\\/suresms.com\\\/en\\\/\",\"logo\":{\"@type\":\"ImageObject\",\"inLanguage\":\"sv-SE\",\"@id\":\"https:\\\/\\\/suresms.com\\\/en\\\/#\\\/schema\\\/logo\\\/image\\\/\",\"url\":\"https:\\\/\\\/suresms.com\\\/wp-content\\\/uploads\\\/2024\\\/11\\\/suresms-300x65-1.png\",\"contentUrl\":\"https:\\\/\\\/suresms.com\\\/wp-content\\\/uploads\\\/2024\\\/11\\\/suresms-300x65-1.png\",\"width\":300,\"height\":65,\"caption\":\"SureSMS\"},\"image\":{\"@id\":\"https:\\\/\\\/suresms.com\\\/en\\\/#\\\/schema\\\/logo\\\/image\\\/\"},\"sameAs\":[\"https:\\\/\\\/www.facebook.com\\\/p\\\/SureSMS-100044607956149\\\/\"]}]}<\/script>\r\n<!-- \/ Yoast SEO Premium plugin. -->","yoast_head_json":{"title":"Gratis testkonto med 50 SMS - Testa SMS-gatewayen och skicka gratis textmeddelanden","description":"Skaffa ett gratis SMS-testkonto och skicka SMS till dina kunder. N\u00e4r du registrerar dig skickar vi 100 SMS s\u00e5 att du kan f\u00e5 en k\u00e4nsla f\u00f6r v\u00e5r SureSMS-gateway","robots":{"index":"index","follow":"follow","max-snippet":"max-snippet:-1","max-image-preview":"max-image-preview:large","max-video-preview":"max-video-preview:-1"},"canonical":"https:\/\/suresms.com\/sv\/bestallning\/gratis-sms-testkonto\/","og_locale":"sv_SE","og_type":"article","og_title":"Gratis SMS testkonto","og_description":"F\u00e5 en gratis sms testkonto og send SMS til dine kunder. N\u00e5r du opretter, kvitterer vi med 100 SMS'er, s\u00e5 du kan f\u00e5 en fornemmelse af vores SureSMS gateway","og_url":"https:\/\/suresms.com\/sv\/bestallning\/gratis-sms-testkonto\/","article_publisher":"https:\/\/www.facebook.com\/p\/SureSMS-100044607956149\/","article_modified_time":"2025-10-28T16:16:08+00:00","twitter_card":"summary_large_image","twitter_misc":{"Ber\u00e4knad l\u00e4stid":"4 minuter"},"schema":{"@context":"https:\/\/schema.org","@graph":[{"@type":"WebPage","@id":"https:\/\/suresms.com\/dk\/bestil\/gratis-sms-testkonto\/","url":"https:\/\/suresms.com\/dk\/bestil\/gratis-sms-testkonto\/","name":"Gratis testkonto med 50 SMS - Testa SMS-gatewayen och skicka gratis textmeddelanden","isPartOf":{"@id":"https:\/\/suresms.com\/en\/#website"},"datePublished":"2013-11-26T06:52:42+00:00","dateModified":"2025-10-28T16:16:08+00:00","description":"Skaffa ett gratis SMS-testkonto och skicka SMS till dina kunder. N\u00e4r du registrerar dig skickar vi 100 SMS s\u00e5 att du kan f\u00e5 en k\u00e4nsla f\u00f6r v\u00e5r SureSMS-gateway","breadcrumb":{"@id":"https:\/\/suresms.com\/dk\/bestil\/gratis-sms-testkonto\/#breadcrumb"},"inLanguage":"sv-SE","potentialAction":[{"@type":"ReadAction","target":["https:\/\/suresms.com\/dk\/bestil\/gratis-sms-testkonto\/"]}]},{"@type":"BreadcrumbList","@id":"https:\/\/suresms.com\/dk\/bestil\/gratis-sms-testkonto\/#breadcrumb","itemListElement":[{"@type":"ListItem","position":1,"name":"Home","item":"https:\/\/suresms.com\/dk\/"},{"@type":"ListItem","position":2,"name":"Bestil","item":"https:\/\/suresms.com\/bestil\/"},{"@type":"ListItem","position":3,"name":"Gratis SMS testkonto"}]},{"@type":"WebSite","@id":"https:\/\/suresms.com\/en\/#website","url":"https:\/\/suresms.com\/en\/","name":"SureSMS","description":"Professionell SMS Gateway","publisher":{"@id":"https:\/\/suresms.com\/en\/#organization"},"potentialAction":[{"@type":"SearchAction","target":{"@type":"EntryPoint","urlTemplate":"https:\/\/suresms.com\/en\/?s={search_term_string}"},"query-input":{"@type":"PropertyValueSpecification","valueRequired":true,"valueName":"search_term_string"}}],"inLanguage":"sv-SE"},{"@type":"Organization","@id":"https:\/\/suresms.com\/en\/#organization","name":"SureSMS","url":"https:\/\/suresms.com\/en\/","logo":{"@type":"ImageObject","inLanguage":"sv-SE","@id":"https:\/\/suresms.com\/en\/#\/schema\/logo\/image\/","url":"https:\/\/suresms.com\/wp-content\/uploads\/2024\/11\/suresms-300x65-1.png","contentUrl":"https:\/\/suresms.com\/wp-content\/uploads\/2024\/11\/suresms-300x65-1.png","width":300,"height":65,"caption":"SureSMS"},"image":{"@id":"https:\/\/suresms.com\/en\/#\/schema\/logo\/image\/"},"sameAs":["https:\/\/www.facebook.com\/p\/SureSMS-100044607956149\/"]}]}},"_links":{"self":[{"href":"https:\/\/suresms.com\/sv\/wp-json\/wp\/v2\/pages\/18593","targetHints":{"allow":["GET"]}}],"collection":[{"href":"https:\/\/suresms.com\/sv\/wp-json\/wp\/v2\/pages"}],"about":[{"href":"https:\/\/suresms.com\/sv\/wp-json\/wp\/v2\/types\/page"}],"author":[{"embeddable":true,"href":"https:\/\/suresms.com\/sv\/wp-json\/wp\/v2\/users\/1"}],"replies":[{"embeddable":true,"href":"https:\/\/suresms.com\/sv\/wp-json\/wp\/v2\/comments?post=18593"}],"version-history":[{"count":16,"href":"https:\/\/suresms.com\/sv\/wp-json\/wp\/v2\/pages\/18593\/revisions"}],"predecessor-version":[{"id":23522,"href":"https:\/\/suresms.com\/sv\/wp-json\/wp\/v2\/pages\/18593\/revisions\/23522"}],"up":[{"embeddable":true,"href":"https:\/\/suresms.com\/sv\/wp-json\/wp\/v2\/pages\/19266"}],"wp:attachment":[{"href":"https:\/\/suresms.com\/sv\/wp-json\/wp\/v2\/media?parent=18593"}],"curies":[{"name":"wp","href":"https:\/\/api.w.org\/{rel}","templated":true}]}}