{"id":18290,"date":"2024-08-26T13:26:01","date_gmt":"2024-08-26T11:26:01","guid":{"rendered":"https:\/\/www.suresms.com\/dk\/?page_id=18290"},"modified":"2025-07-05T04:12:22","modified_gmt":"2025-07-05T04:12:22","slug":"stationsnamn-6","status":"publish","type":"page","link":"https:\/\/suresms.com\/sv\/docs\/addressbook\/groups-and-lists\/","title":{"rendered":"Grupper och listor"},"content":{"rendered":"<!-- Flexy Breadcrumb -->\r\n\t\t\t<div class=\"fbc fbc-page\">\r\n\r\n\t\t\t\t<!-- Breadcrumb wrapper -->\r\n\t\t\t\t<div class=\"fbc-wrap\">\r\n\r\n\t\t\t\t\t<!-- Ordered list-->\r\n\t\t\t\t\t<ol class=\"fbc-items\" itemscope itemtype=\"https:\/\/schema.org\/BreadcrumbList\">\r\n\t\t\t\t\t\t            <li itemprop=\"itemListElement\" itemscope itemtype=\"https:\/\/schema.org\/ListItem\">\r\n                <span itemprop=\"name\">\r\n                    <!-- Home Link -->\r\n                    <a itemprop=\"item\" href=\"https:\/\/suresms.com\/sv\/\">\r\n                    \r\n                                                    <i class=\"fa fa-home\" aria-hidden=\"true\"><\/i>Hem                    <\/a>\r\n                <\/span>\r\n                <meta itemprop=\"position\" content=\"1\" \/><!-- Meta Position-->\r\n             <\/li><li><span class=\"fbc-separator\">\/<\/span><\/li><li class=\"active\" itemprop=\"itemListElement\" itemscope itemtype=\"https:\/\/schema.org\/ListItem\"><span itemprop=\"name\" title=\"Grupper och listor\">Grupper och listor<\/span><meta itemprop=\"position\" content=\"2\" \/><\/li>\t\t\t\t\t<\/ol>\r\n\t\t\t\t\t<div class=\"clearfix\"><\/div>\r\n\t\t\t\t<\/div>\r\n\t\t\t<\/div>\r\n\t\t\t\n<h1>\n\t\t\tGrupper och listor\t<\/h1>\n\t<p>Nedan kan du l\u00e4sa om sk\u00e4rmdumpen\u00a0<em>Grupper<\/em>. Varje omr\u00e5de f\u00f6rklaras och f\u00f6r vissa beskrivningar finns f\u00f6rdjupande l\u00e4nkar.<\/p>\n<h2>\n\t\t\tSkapa en ny grupp\t<\/h2>\n\t<p>L\u00e5t oss b\u00f6rja med att titta p\u00e5 hur man skapar en grupp.<\/p>\n\t<p>Logga in p\u00e5 ditt SureSMS-konto h\u00e4r : <a href=\"https:\/\/app.suresms.com\" target=\"_blank\" rel=\"noopener\">https:\/\/app.suresms.com<\/a><\/p>\n<p>I menyn v\u00e4ljer du <em>Adressbok -&gt; Grupper<\/em><\/p>\n<p>I det \u00f6vre h\u00f6gra h\u00f6rnet klickar du p\u00e5 <em>\"Val\"<\/em><\/p>\n<p>V\u00e4lj <em>Skapa nytt <\/em>\u00a0i undermenyn<\/p>\n<p>Ange \u00e5tminstone namnet p\u00e5 gruppen. Nedan ser du sk\u00e4rmdumpen med f\u00f6rklaringar f\u00f6r varje f\u00e4lt.<\/p>\n<p>Avsluta genom att klicka p\u00e5 <em>Gem<\/em><\/p>\n\t\t\t\t\t<video src=\"https:\/\/suresms.com\/wp-content\/uploads\/2024\/07\/Dokumentation-Bestille-afsendernavn.mp4\" alt=\"hosted-video-thumbnail\"><\/video>\n\t\t<h2>\n\t\t\tGruppf\u00e4lt\t<\/h2>\n\t\t\t\t<img decoding=\"async\" src=\"https:\/\/suresms.com\/wp-content\/uploads\/2025\/01\/Adressebog-Grupper-01.png\" alt=\"Adressbok - Grupper - 01\" itemprop=\"image\" title=\"Adressbok - Grupper - 01\" onerror=\"this.style.display='none'\" loading='lazy' \/>\n\t\t\t\t\t\t\t\t\t\t<h4 tabindex=\"0\">Gruppens namn<\/h4>\n\t\t\t\t\t<p>Det \u00e4r namnet p\u00e5 sj\u00e4lva gruppen. H\u00e4r finns en rimlig valfrihet. Gruppen f\u00e5r dock inte b\u00f6rja med ett nummer. Det \u00e4r inte heller till\u00e5tet att anv\u00e4nda parenteser.\u00a0<\/p>\n\t\t\t\t\t\t\t\t\t\t<h4 tabindex=\"0\">URL f\u00f6r anpassad CSS<\/h4>\n\t\t\t\t\t<p>Om det offentligt tillg\u00e4ngliga registreringsformul\u00e4ret beh\u00f6ver anv\u00e4nda stilmallen fr\u00e5n din egen webbplats kan du infoga webbadressen h\u00e4r. Det vill s\u00e4ga, denna URL kommer vanligtvis att peka p\u00e5 en CSS-fil p\u00e5 din egen webbplats.\u00a0<\/p>\n\t\t\t\t\t\t\t\t\t\t<h4 tabindex=\"0\">Beskrivning<\/h4>\n\t\t\t\t\t<p>H\u00e4r kan du skapa en beskrivning av gruppen. Om du har d\u00e5ligt minne, eller om ni \u00e4r flera som anv\u00e4nder grupper samtidigt. Beskrivningen kan ocks\u00e5 visas p\u00e5 registreringsformul\u00e4ret om du vill.\u00a0<\/p>\n\t\t\t\t\t\t\t\t\t\t<h4 tabindex=\"0\">URL till bakgrundsbild<\/h4>\n\t\t\t\t\t<p>Om du vill ha en bild som bakgrund p\u00e5 registreringsformul\u00e4ret kan du l\u00e4gga till den h\u00e4r.\u00a0<\/p>\n\t\t\t\t\t\t\t\t\t\t<h4 tabindex=\"0\">Anv\u00e4nd alltid avs\u00e4ndarens namn<\/h4>\n\t\t\t\t\t<p>Den h\u00e4r inst\u00e4llningen avg\u00f6r vilket avs\u00e4ndarnamn som ska anv\u00e4ndas n\u00e4r du skickar till gruppen. Du kan v\u00e4lja fr\u00e5n listan. Du kan ocks\u00e5 v\u00e4lja att inte st\u00e4lla in den.\u00a0<\/p>\n\t\t\t\t\t\t\t\t\t\t<h4 tabindex=\"0\">Inaktivera inkommande SMS till gruppen<\/h4>\n\t\t\t\t\t<p>Du kan skicka ett SMS till SureSMS som sedan vidarebefordras till gruppen. Detta kryss inaktiverar denna funktion.\u00a0<\/p>\n\t\t\t\t\t\t\t\t\t\t<h4 tabindex=\"0\">Dubbel opt-in<\/h4>\n\t\t\t\t\t<p>Om en anv\u00e4ndare anm\u00e4ler sig till listan via webbplatsen \u00e4r vi inte s\u00e4kra p\u00e5 att de har angett sitt eget nummer eller att de helt enkelt har angett det korrekt. Vid dubbel opt-in skickar vi ett SMS till det nummer som ska besvaras innan prenumerationen \u00e4r aktiv.\u00a0<\/p>\n<h2>\n\t\t\tL\u00e4gga till nya medlemmar i en grupp\t<\/h2>\n\t<p>Du kan alltid l\u00e4gga till nya medlemmar i en befintlig grupp. Du m\u00e5ste skapa den nya kontakten innan du kan l\u00e4gga till kontakten i en befintlig grupp. <a href=\"https:\/\/suresms.com\/sv\/dokument\/konto-4\/stationsnamn-7\/#___Opret_ret_eller_slet_kontakt__\">H\u00e4r kan du se hur du skapar en ny kontakt.\u00a0<\/a><\/p>\n\t<p>V\u00e4lj Adressbok i menyn <em>-&gt; Grupper\u00a0<\/em><\/p>\n<p>Klicka p\u00e5 den bl\u00e5 pennan bredvid den grupp som du vill l\u00e4gga till en medlem i f\u00f6r att redigera gruppen.<\/p>\n<p>P\u00e5 h\u00f6ger sida av sk\u00e4rmen ser du en lista med tv\u00e5 listor: Kontakter och Medlemmar. Kontakter \u00e4r alla dina kontakter, medan Medlemmar \u00e4r en lista \u00f6ver de kontakter som \u00e4r medlemmar i den h\u00e4r gruppen.<\/p>\n<p>Markera kryssrutorna bredvid de tecken p\u00e5 v\u00e4nster sida som du vill ska ing\u00e5 i gruppen.<\/p>\n<p>Klicka p\u00e5 den gr\u00f6na pilen.<\/p>\n<p>Klicka p\u00e5 Spara<\/p>\n<p>Nu har de nya kontakterna anslutit sig till gruppen.<\/p>\n<h2>\n\t\t\tTa bort en kontakt fr\u00e5n en grupp\t<\/h2>\n\t<p>Det \u00e4r m\u00f6jligt att ta bort en kontakt fr\u00e5n en grupp. Detta kan antingen g\u00f6ras genom att radera kontakten helt och h\u00e5llet (<a href=\"https:\/\/suresms.com\/sv\/dokument\/konto-4\/stationsnamn-7\/#___Opret_ret_eller_slet_kontakt__\">L\u00e4s mer h\u00e4r<\/a>) eller s\u00e5 kan du avregistrera kontakten fr\u00e5n gruppen. Se hur du g\u00f6r nedan:<\/p>\n\t<p>I menyn v\u00e4ljer du Adressbok -&gt; Grupper<\/p>\n<p>Klicka p\u00e5 den bl\u00e5 pennan bredvid den grupp som du vill l\u00e4gga till en medlem i f\u00f6r att redigera gruppen.<\/p>\n<p>P\u00e5 h\u00f6ger sida av sk\u00e4rmen ser du en lista med tv\u00e5 listor: Kontakter och Medlemmar. Kontakter \u00e4r alla dina kontakter, medan Medlemmar \u00e4r en lista \u00f6ver de kontakter som \u00e4r medlemmar i den h\u00e4r gruppen.<\/p>\n<p>Leta reda p\u00e5 den kontakt du vill ta bort i den h\u00f6gra listan. S\u00e4tt en bock bredvid den h\u00e4r kontakten.<\/p>\n<p>Klicka p\u00e5 den r\u00f6da pilen.<\/p>\n<p>Klicka p\u00e5 Spara<\/p>\n<p>Nu tas kontakten bort fr\u00e5n gruppen, men inte fr\u00e5n adressboken.<\/p>","protected":false},"excerpt":{"rendered":"<p>Grupper och listor Nedan kan du l\u00e4sa om sk\u00e4rmen Grupper. Varje f\u00e4lt f\u00f6rklaras och f\u00f6r vissa beskrivningar finns f\u00f6rdjupningsl\u00e4nkar. Skapa ny grupp L\u00e5t oss b\u00f6rja med att titta p\u00e5 hur man skapar en grupp. Logga in p\u00e5 ditt SureSMS-konto h\u00e4r: https:\/\/app.suresms.com I menyn v\u00e4ljer du Adressbok -&gt; Grupper L\u00e4ngst upp till h\u00f6ger... <a title=\"Grupper och listor\" class=\"read-more\" href=\"https:\/\/suresms.com\/sv\/docs\/addressbook\/groups-and-lists\/\" aria-label=\"L\u00e4s mer om Grupper och lister\">L\u00e4s mer om det<\/a><\/p>","protected":false},"author":1,"featured_media":0,"parent":18172,"menu_order":0,"comment_status":"closed","ping_status":"closed","template":"","meta":{"_fl_builder_enabled":"1","_fl_builder_data":null,"_fl_builder_draft":null,"_fl_builder_data_settings":null,"_fl_builder_css":"","_fl_builder_css_version":"","_fl_builder_js":"","footnotes":""},"categories":[],"tags":[],"class_list":["post-18290","page","type-page","status-publish"],"yoast_head":"<!-- This site is optimized with the Yoast SEO Premium plugin v27.3 (Yoast SEO v27.3) - https:\/\/yoast.com\/product\/yoast-seo-premium-wordpress\/ -->\r\n<title>Grupper og Lister -<\/title>\r\n<meta name=\"robots\" content=\"index, follow, max-snippet:-1, max-image-preview:large, max-video-preview:-1\" \/>\r\n<link rel=\"canonical\" href=\"https:\/\/suresms.com\/sv\/dokument\/konto-4\/stationsnamn-6\/\" \/>\r\n<meta property=\"og:locale\" content=\"sv_SE\" \/>\r\n<meta property=\"og:type\" content=\"article\" \/>\r\n<meta property=\"og:title\" content=\"Grupper og Lister\" \/>\r\n<meta property=\"og:description\" content=\"Grupper og Lister Herunder kan du l\u00e6se om sk\u00e6rmbilledet\u00a0Grupper. Hvert felt er forklaret og uddybende link er tilg\u00e6ngelige for nogle beskrivelser. Opret ny gruppe Lad os starte med at se p\u00e5 hvordan man opretter en gruppe. Log ind p\u00e5 din SureSMS konto her : https:\/\/app.suresms.com I menuen v\u00e6lger du Adressebog -&gt; Grupper I \u00f8verste h\u00f8jre ... L\u00e4s mer\" \/>\r\n<meta property=\"og:url\" content=\"https:\/\/suresms.com\/sv\/dokument\/konto-4\/stationsnamn-6\/\" \/>\r\n<meta property=\"article:publisher\" content=\"https:\/\/www.facebook.com\/p\/SureSMS-100044607956149\/\" \/>\r\n<meta property=\"article:modified_time\" content=\"2025-07-05T04:12:22+00:00\" \/>\r\n<meta property=\"og:image\" content=\"https:\/\/suresms.com\/wp-content\/uploads\/2025\/01\/Adressebog-Grupper-01.png\" \/>\r\n<meta name=\"twitter:card\" content=\"summary_large_image\" \/>\r\n<meta name=\"twitter:label1\" content=\"Ber\u00e4knad l\u00e4stid\" \/>\n\t<meta name=\"twitter:data1\" content=\"3 minuter\" \/>\r\n<script type=\"application\/ld+json\" class=\"yoast-schema-graph\">{\"@context\":\"https:\\\/\\\/schema.org\",\"@graph\":[{\"@type\":\"WebPage\",\"@id\":\"https:\\\/\\\/suresms.com\\\/dk\\\/docs\\\/addressbook\\\/groups-and-lists\\\/\",\"url\":\"https:\\\/\\\/suresms.com\\\/dk\\\/docs\\\/addressbook\\\/groups-and-lists\\\/\",\"name\":\"Grupper og Lister -\",\"isPartOf\":{\"@id\":\"https:\\\/\\\/suresms.com\\\/en\\\/#website\"},\"primaryImageOfPage\":{\"@id\":\"https:\\\/\\\/suresms.com\\\/dk\\\/docs\\\/addressbook\\\/groups-and-lists\\\/#primaryimage\"},\"image\":{\"@id\":\"https:\\\/\\\/suresms.com\\\/dk\\\/docs\\\/addressbook\\\/groups-and-lists\\\/#primaryimage\"},\"thumbnailUrl\":\"https:\\\/\\\/suresms.com\\\/wp-content\\\/uploads\\\/2025\\\/01\\\/Adressebog-Grupper-01.png\",\"datePublished\":\"2024-08-26T11:26:01+00:00\",\"dateModified\":\"2025-07-05T04:12:22+00:00\",\"breadcrumb\":{\"@id\":\"https:\\\/\\\/suresms.com\\\/dk\\\/docs\\\/addressbook\\\/groups-and-lists\\\/#breadcrumb\"},\"inLanguage\":\"sv-SE\",\"potentialAction\":[{\"@type\":\"ReadAction\",\"target\":[\"https:\\\/\\\/suresms.com\\\/dk\\\/docs\\\/addressbook\\\/groups-and-lists\\\/\"]}]},{\"@type\":\"ImageObject\",\"inLanguage\":\"sv-SE\",\"@id\":\"https:\\\/\\\/suresms.com\\\/dk\\\/docs\\\/addressbook\\\/groups-and-lists\\\/#primaryimage\",\"url\":\"https:\\\/\\\/suresms.com\\\/wp-content\\\/uploads\\\/2025\\\/01\\\/Adressebog-Grupper-01.png\",\"contentUrl\":\"https:\\\/\\\/suresms.com\\\/wp-content\\\/uploads\\\/2025\\\/01\\\/Adressebog-Grupper-01.png\"},{\"@type\":\"BreadcrumbList\",\"@id\":\"https:\\\/\\\/suresms.com\\\/dk\\\/docs\\\/addressbook\\\/groups-and-lists\\\/#breadcrumb\",\"itemListElement\":[{\"@type\":\"ListItem\",\"position\":1,\"name\":\"Home\",\"item\":\"https:\\\/\\\/suresms.com\\\/dk\\\/\"},{\"@type\":\"ListItem\",\"position\":2,\"name\":\"Dokumentation\",\"item\":\"https:\\\/\\\/suresms.com\\\/dk\\\/docs\\\/\"},{\"@type\":\"ListItem\",\"position\":3,\"name\":\"Adressebog\",\"item\":\"https:\\\/\\\/suresms.com\\\/dk\\\/docs\\\/addressbook\\\/\"},{\"@type\":\"ListItem\",\"position\":4,\"name\":\"Grupper og Lister\"}]},{\"@type\":\"WebSite\",\"@id\":\"https:\\\/\\\/suresms.com\\\/en\\\/#website\",\"url\":\"https:\\\/\\\/suresms.com\\\/en\\\/\",\"name\":\"SureSMS\",\"description\":\"Professionel SMS Gateway\",\"publisher\":{\"@id\":\"https:\\\/\\\/suresms.com\\\/en\\\/#organization\"},\"potentialAction\":[{\"@type\":\"SearchAction\",\"target\":{\"@type\":\"EntryPoint\",\"urlTemplate\":\"https:\\\/\\\/suresms.com\\\/en\\\/?s={search_term_string}\"},\"query-input\":{\"@type\":\"PropertyValueSpecification\",\"valueRequired\":true,\"valueName\":\"search_term_string\"}}],\"inLanguage\":\"sv-SE\"},{\"@type\":\"Organization\",\"@id\":\"https:\\\/\\\/suresms.com\\\/en\\\/#organization\",\"name\":\"SureSMS\",\"url\":\"https:\\\/\\\/suresms.com\\\/en\\\/\",\"logo\":{\"@type\":\"ImageObject\",\"inLanguage\":\"sv-SE\",\"@id\":\"https:\\\/\\\/suresms.com\\\/en\\\/#\\\/schema\\\/logo\\\/image\\\/\",\"url\":\"https:\\\/\\\/suresms.com\\\/wp-content\\\/uploads\\\/2024\\\/11\\\/suresms-300x65-1.png\",\"contentUrl\":\"https:\\\/\\\/suresms.com\\\/wp-content\\\/uploads\\\/2024\\\/11\\\/suresms-300x65-1.png\",\"width\":300,\"height\":65,\"caption\":\"SureSMS\"},\"image\":{\"@id\":\"https:\\\/\\\/suresms.com\\\/en\\\/#\\\/schema\\\/logo\\\/image\\\/\"},\"sameAs\":[\"https:\\\/\\\/www.facebook.com\\\/p\\\/SureSMS-100044607956149\\\/\"]}]}<\/script>\r\n<!-- \/ Yoast SEO Premium plugin. -->","yoast_head_json":{"title":"Grupper och listor - Grupper och listor","robots":{"index":"index","follow":"follow","max-snippet":"max-snippet:-1","max-image-preview":"max-image-preview:large","max-video-preview":"max-video-preview:-1"},"canonical":"https:\/\/suresms.com\/sv\/dokument\/konto-4\/stationsnamn-6\/","og_locale":"sv_SE","og_type":"article","og_title":"Grupper og Lister","og_description":"Grupper og Lister Herunder kan du l\u00e6se om sk\u00e6rmbilledet\u00a0Grupper. Hvert felt er forklaret og uddybende link er tilg\u00e6ngelige for nogle beskrivelser. Opret ny gruppe Lad os starte med at se p\u00e5 hvordan man opretter en gruppe. Log ind p\u00e5 din SureSMS konto her : https:\/\/app.suresms.com I menuen v\u00e6lger du Adressebog -&gt; Grupper I \u00f8verste h\u00f8jre ... L\u00e4s mer","og_url":"https:\/\/suresms.com\/sv\/dokument\/konto-4\/stationsnamn-6\/","article_publisher":"https:\/\/www.facebook.com\/p\/SureSMS-100044607956149\/","article_modified_time":"2025-07-05T04:12:22+00:00","og_image":[{"url":"https:\/\/suresms.com\/wp-content\/uploads\/2025\/01\/Adressebog-Grupper-01.png","type":"","width":"","height":""}],"twitter_card":"summary_large_image","twitter_misc":{"Ber\u00e4knad l\u00e4stid":"3 minuter"},"schema":{"@context":"https:\/\/schema.org","@graph":[{"@type":"WebPage","@id":"https:\/\/suresms.com\/dk\/docs\/addressbook\/groups-and-lists\/","url":"https:\/\/suresms.com\/dk\/docs\/addressbook\/groups-and-lists\/","name":"Grupper och listor - Grupper och listor","isPartOf":{"@id":"https:\/\/suresms.com\/en\/#website"},"primaryImageOfPage":{"@id":"https:\/\/suresms.com\/dk\/docs\/addressbook\/groups-and-lists\/#primaryimage"},"image":{"@id":"https:\/\/suresms.com\/dk\/docs\/addressbook\/groups-and-lists\/#primaryimage"},"thumbnailUrl":"https:\/\/suresms.com\/wp-content\/uploads\/2025\/01\/Adressebog-Grupper-01.png","datePublished":"2024-08-26T11:26:01+00:00","dateModified":"2025-07-05T04:12:22+00:00","breadcrumb":{"@id":"https:\/\/suresms.com\/dk\/docs\/addressbook\/groups-and-lists\/#breadcrumb"},"inLanguage":"sv-SE","potentialAction":[{"@type":"ReadAction","target":["https:\/\/suresms.com\/dk\/docs\/addressbook\/groups-and-lists\/"]}]},{"@type":"ImageObject","inLanguage":"sv-SE","@id":"https:\/\/suresms.com\/dk\/docs\/addressbook\/groups-and-lists\/#primaryimage","url":"https:\/\/suresms.com\/wp-content\/uploads\/2025\/01\/Adressebog-Grupper-01.png","contentUrl":"https:\/\/suresms.com\/wp-content\/uploads\/2025\/01\/Adressebog-Grupper-01.png"},{"@type":"BreadcrumbList","@id":"https:\/\/suresms.com\/dk\/docs\/addressbook\/groups-and-lists\/#breadcrumb","itemListElement":[{"@type":"ListItem","position":1,"name":"Home","item":"https:\/\/suresms.com\/dk\/"},{"@type":"ListItem","position":2,"name":"Dokumentation","item":"https:\/\/suresms.com\/dk\/docs\/"},{"@type":"ListItem","position":3,"name":"Adressebog","item":"https:\/\/suresms.com\/dk\/docs\/addressbook\/"},{"@type":"ListItem","position":4,"name":"Grupper og Lister"}]},{"@type":"WebSite","@id":"https:\/\/suresms.com\/en\/#website","url":"https:\/\/suresms.com\/en\/","name":"SureSMS","description":"Professionell SMS Gateway","publisher":{"@id":"https:\/\/suresms.com\/en\/#organization"},"potentialAction":[{"@type":"SearchAction","target":{"@type":"EntryPoint","urlTemplate":"https:\/\/suresms.com\/en\/?s={search_term_string}"},"query-input":{"@type":"PropertyValueSpecification","valueRequired":true,"valueName":"search_term_string"}}],"inLanguage":"sv-SE"},{"@type":"Organization","@id":"https:\/\/suresms.com\/en\/#organization","name":"SureSMS","url":"https:\/\/suresms.com\/en\/","logo":{"@type":"ImageObject","inLanguage":"sv-SE","@id":"https:\/\/suresms.com\/en\/#\/schema\/logo\/image\/","url":"https:\/\/suresms.com\/wp-content\/uploads\/2024\/11\/suresms-300x65-1.png","contentUrl":"https:\/\/suresms.com\/wp-content\/uploads\/2024\/11\/suresms-300x65-1.png","width":300,"height":65,"caption":"SureSMS"},"image":{"@id":"https:\/\/suresms.com\/en\/#\/schema\/logo\/image\/"},"sameAs":["https:\/\/www.facebook.com\/p\/SureSMS-100044607956149\/"]}]}},"_links":{"self":[{"href":"https:\/\/suresms.com\/sv\/wp-json\/wp\/v2\/pages\/18290","targetHints":{"allow":["GET"]}}],"collection":[{"href":"https:\/\/suresms.com\/sv\/wp-json\/wp\/v2\/pages"}],"about":[{"href":"https:\/\/suresms.com\/sv\/wp-json\/wp\/v2\/types\/page"}],"author":[{"embeddable":true,"href":"https:\/\/suresms.com\/sv\/wp-json\/wp\/v2\/users\/1"}],"replies":[{"embeddable":true,"href":"https:\/\/suresms.com\/sv\/wp-json\/wp\/v2\/comments?post=18290"}],"version-history":[{"count":4,"href":"https:\/\/suresms.com\/sv\/wp-json\/wp\/v2\/pages\/18290\/revisions"}],"predecessor-version":[{"id":23450,"href":"https:\/\/suresms.com\/sv\/wp-json\/wp\/v2\/pages\/18290\/revisions\/23450"}],"up":[{"embeddable":true,"href":"https:\/\/suresms.com\/sv\/wp-json\/wp\/v2\/pages\/18172"}],"wp:attachment":[{"href":"https:\/\/suresms.com\/sv\/wp-json\/wp\/v2\/media?parent=18290"}],"wp:term":[{"taxonomy":"category","embeddable":true,"href":"https:\/\/suresms.com\/sv\/wp-json\/wp\/v2\/categories?post=18290"},{"taxonomy":"post_tag","embeddable":true,"href":"https:\/\/suresms.com\/sv\/wp-json\/wp\/v2\/tags?post=18290"}],"curies":[{"name":"wp","href":"https:\/\/api.w.org\/{rel}","templated":true}]}}