{"id":18276,"date":"2024-08-22T14:01:36","date_gmt":"2024-08-22T12:01:36","guid":{"rendered":"https:\/\/www.suresms.com\/dk\/?page_id=18276"},"modified":"2025-02-19T16:29:11","modified_gmt":"2025-02-19T16:29:11","slug":"stationsnamn-5","status":"publish","type":"page","link":"https:\/\/suresms.com\/sv\/docs\/troubleshooting\/min-sms-bliver-ikke-modtaget-pa-telefonen\/","title":{"rendered":"Mitt SMS tas inte emot p\u00e5 min telefon"},"content":{"rendered":"<!-- Flexy Breadcrumb -->\r\n\t\t\t<div class=\"fbc fbc-page\">\r\n\r\n\t\t\t\t<!-- Breadcrumb wrapper -->\r\n\t\t\t\t<div class=\"fbc-wrap\">\r\n\r\n\t\t\t\t\t<!-- Ordered list-->\r\n\t\t\t\t\t<ol class=\"fbc-items\" itemscope itemtype=\"https:\/\/schema.org\/BreadcrumbList\">\r\n\t\t\t\t\t\t            <li itemprop=\"itemListElement\" itemscope itemtype=\"https:\/\/schema.org\/ListItem\">\r\n                <span itemprop=\"name\">\r\n                    <!-- Home Link -->\r\n                    <a itemprop=\"item\" href=\"https:\/\/suresms.com\/sv\/\">\r\n                    \r\n                                                    <i class=\"fa fa-home\" aria-hidden=\"true\"><\/i>Hem                    <\/a>\r\n                <\/span>\r\n                <meta itemprop=\"position\" content=\"1\" \/><!-- Meta Position-->\r\n             <\/li><li><span class=\"fbc-separator\">\/<\/span><\/li><li class=\"active\" itemprop=\"itemListElement\" itemscope itemtype=\"https:\/\/schema.org\/ListItem\"><span itemprop=\"name\" title=\"Mitt SMS tas inte emot p\u00e5 min telefon\">Mitt SMS blir inte...<\/span><meta itemprop=\"position\" content=\"2\" \/><\/li>\t\t\t\t\t<\/ol>\r\n\t\t\t\t\t<div class=\"clearfix\"><\/div>\r\n\t\t\t\t<\/div>\r\n\t\t\t<\/div>\r\n\t\t\t\n<h1>\n\t\tMitt SMS listas som levererat, men det visas inte p\u00e5 mottagarens telefon.\n\t<\/h1>\n\t<p>Om du uppt\u00e4cker att SureSMS-\u00f6versikten visar att ditt SMS har levererats, men att det inte visas p\u00e5 mottagarens telefon, kan det bero p\u00e5 att mottagaren har blockerat visningen av dina meddelanden.<\/p>\n<p>Detta h\u00e4nder vanligtvis om du skickar fr\u00e5n med ett alfanumeriskt avs\u00e4ndarnamn.<\/p>\n<p>Med andra ord \u00e4r det inte SureSMS som \u00e4r problemet. Inte heller operat\u00f6rerna, utan mottagarens telefon.<\/p>\n<h2>\n\t\tMottagarens telefon \u00e4r en Android\n\t<\/h2>\n\t<p>F\u00f6r att mottagarens telefon ska visa meddelandena m\u00e5ste SPAM-filtret vara avst\u00e4ngt p\u00e5 telefonen. Det finns m\u00e5nga olika Android-versioner, s\u00e5 sk\u00e4rmdumparna nedan kanske inte exakt matchar din telefon. Se om det hj\u00e4lper.<\/p>\n\t<ol> \t\n<li>\u00d6ppna f\u00f6rst SMS-meddelanden p\u00e5 din telefon.<\/li>\n\n<li>Klicka sedan p\u00e5 menyn i det \u00f6vre h\u00f6gra h\u00f6rnet<\/li>\n\n<li>Klicka sedan p\u00e5 Inst\u00e4llningar eller Inst\u00e4llningar<\/li>\n\n<li>Om du har flera SIM-kort i din telefon v\u00e4ljer du det relevanta kortet<\/li>\n\n<li>V\u00e4lj nu SPAM-skydd<\/li>\n\n<li>St\u00e4ng av SPAM-skydd<\/li>\n<\/ol>\n\t\t\t\t<img loading=\"lazy\" decoding=\"async\" src=\"https:\/\/suresms.com\/wp-content\/uploads\/2024\/08\/Android-SMS-setting-1.jpg\" alt=\"Android-inst\u00e4llningar\" itemprop=\"image\" height=\"496\" width=\"800\" title=\"Android SMS-inst\u00e4llning\" onerror=\"this.style.display='none'\"  \/>\n<h2>\n\t\tMottagarens telefon \u00e4r en iPhone\n\t<\/h2>\n\t<p>iPhone \u00e4r \u00f6k\u00e4nd f\u00f6r att bekr\u00e4fta ett SMS i n\u00e4tverket men inte visa det f\u00f6r anv\u00e4ndaren. Det finns ett antal olika sk\u00e4l till detta. Det finns inst\u00e4llningar p\u00e5 iPhone som kan blockera visningen. Om ett meddelande har flera segment (\u00f6ver 160 tecken) kan iPhone av tekniska sk\u00e4l ibland v\u00e4lja att inte visa meddelandet \u00e4ven om den har tagit emot b\u00e5da segmenten. Testa genom att skicka ett SMS till telefonen med en kort text. Om det g\u00e5r igenom \u00e4r det f\u00f6rklaringen.<\/p>\n<p>Kontrollera att din iPhone inte blockerar visningen genom att f\u00f6lja stegen nedan.<\/p>\n\t<ol>\n<li>\n<ol>\n<li>\u00d6ppna f\u00f6rst Inst\u00e4llningar p\u00e5 din telefon<\/li>\n<li>D\u00e4refter hittar du \"Meddelanden\" under Appar<\/li>\n<li>G\u00e5 in i inst\u00e4llningarna och klicka p\u00e5 Blockerade kontakter<\/li>\n<li>Kontrollera att det avs\u00e4ndarnamn som du anv\u00e4nder fr\u00e5n SureSMS inte finns med i listan.<\/li>\n<li>Kontrollera att \"Filtrera ok\u00e4nda avs\u00e4ndare\" inte \u00e4r aktiverat<\/li>\n<\/ol>\n<\/li>\n<\/ol>\n<p>&nbsp;<\/p>\n\t\t\t\t<img decoding=\"async\" src=\"https:\/\/suresms.com\/wp-content\/uploads\/2025\/02\/Screendump_phone_iphone_message_setting_01.jpg\" alt=\"Screendump_telefon_iphone_meddelande_inst\u00e4llning_01\" itemprop=\"image\" title=\"Screendump_telefon_iphone_meddelande_inst\u00e4llning_01\" onerror=\"this.style.display='none'\"  \/>","protected":false},"excerpt":{"rendered":"<p>Mitt SMS listas som levererat, men det visas inte p\u00e5 mottagarens telefon. Om du uppt\u00e4cker att SureSMS-\u00f6versikten visar att ditt SMS har levererats, men att det inte visas p\u00e5 mottagarens telefon, kan det bero p\u00e5 att mottagaren har blockerat visningen av dina meddelanden. Detta h\u00e4nder vanligtvis om du skickar fr\u00e5n ... <a title=\"Mitt SMS tas inte emot p\u00e5 min telefon\" class=\"read-more\" href=\"https:\/\/suresms.com\/sv\/docs\/troubleshooting\/min-sms-bliver-ikke-modtaget-pa-telefonen\/\" aria-label=\"L\u00e4s mer om Mitt SMS tas inte emot p\u00e5 min telefon\">L\u00e4s mer om det<\/a><\/p>","protected":false},"author":1,"featured_media":0,"parent":18273,"menu_order":0,"comment_status":"closed","ping_status":"closed","template":"","meta":{"_fl_builder_enabled":"1","_fl_builder_data":null,"_fl_builder_draft":null,"_fl_builder_data_settings":null,"_fl_builder_css":"","_fl_builder_css_version":"","_fl_builder_js":"","footnotes":""},"categories":[],"tags":[],"class_list":["post-18276","page","type-page","status-publish"],"yoast_head":"<!-- This site is optimized with the Yoast SEO Premium plugin v27.3 (Yoast SEO v27.3) - https:\/\/yoast.com\/product\/yoast-seo-premium-wordpress\/ -->\r\n<title>Min SMS bliver ikke modtaget p\u00e5 telefonen -<\/title>\r\n<meta name=\"robots\" content=\"index, follow, max-snippet:-1, max-image-preview:large, max-video-preview:-1\" \/>\r\n<link rel=\"canonical\" href=\"https:\/\/suresms.com\/sv\/dokument\/konto-6\/stationsnamn-5\/\" \/>\r\n<meta property=\"og:locale\" content=\"sv_SE\" \/>\r\n<meta property=\"og:type\" content=\"article\" \/>\r\n<meta property=\"og:title\" content=\"Min SMS bliver ikke modtaget p\u00e5 telefonen\" \/>\r\n<meta property=\"og:description\" content=\"Min SMS st\u00e5r som leveret, men den vises ikke p\u00e5 modtagerens telefon. Hvis du oplever at der i SureSMS oversigten st\u00e5r, at din SMS er leveret, men den ikke bliver vist p\u00e5 modtagerens telefon, s\u00e5 kan det v\u00e6re fordi at modtageren har blokeret for visning af dine beskeder. Dette sker typisk hvis du sender fra ... L\u00e4s mer\" \/>\r\n<meta property=\"og:url\" content=\"https:\/\/suresms.com\/sv\/dokument\/konto-6\/stationsnamn-5\/\" \/>\r\n<meta property=\"article:publisher\" content=\"https:\/\/www.facebook.com\/p\/SureSMS-100044607956149\/\" \/>\r\n<meta property=\"article:modified_time\" content=\"2025-02-19T16:29:11+00:00\" \/>\r\n<meta property=\"og:image\" content=\"https:\/\/suresms.com\/wp-content\/uploads\/2024\/08\/Android-SMS-setting-1.jpg\" \/>\r\n<meta name=\"twitter:card\" content=\"summary_large_image\" \/>\r\n<meta name=\"twitter:label1\" content=\"Ber\u00e4knad l\u00e4stid\" \/>\n\t<meta name=\"twitter:data1\" content=\"3 minuter\" \/>\r\n<script type=\"application\/ld+json\" class=\"yoast-schema-graph\">{\"@context\":\"https:\\\/\\\/schema.org\",\"@graph\":[{\"@type\":\"WebPage\",\"@id\":\"https:\\\/\\\/suresms.com\\\/dk\\\/docs\\\/troubleshooting\\\/min-sms-bliver-ikke-modtaget-pa-telefonen\\\/\",\"url\":\"https:\\\/\\\/suresms.com\\\/dk\\\/docs\\\/troubleshooting\\\/min-sms-bliver-ikke-modtaget-pa-telefonen\\\/\",\"name\":\"Min SMS bliver ikke modtaget p\u00e5 telefonen -\",\"isPartOf\":{\"@id\":\"https:\\\/\\\/suresms.com\\\/en\\\/#website\"},\"primaryImageOfPage\":{\"@id\":\"https:\\\/\\\/suresms.com\\\/dk\\\/docs\\\/troubleshooting\\\/min-sms-bliver-ikke-modtaget-pa-telefonen\\\/#primaryimage\"},\"image\":{\"@id\":\"https:\\\/\\\/suresms.com\\\/dk\\\/docs\\\/troubleshooting\\\/min-sms-bliver-ikke-modtaget-pa-telefonen\\\/#primaryimage\"},\"thumbnailUrl\":\"https:\\\/\\\/suresms.com\\\/wp-content\\\/uploads\\\/2024\\\/08\\\/Android-SMS-setting-1.jpg\",\"datePublished\":\"2024-08-22T12:01:36+00:00\",\"dateModified\":\"2025-02-19T16:29:11+00:00\",\"breadcrumb\":{\"@id\":\"https:\\\/\\\/suresms.com\\\/dk\\\/docs\\\/troubleshooting\\\/min-sms-bliver-ikke-modtaget-pa-telefonen\\\/#breadcrumb\"},\"inLanguage\":\"sv-SE\",\"potentialAction\":[{\"@type\":\"ReadAction\",\"target\":[\"https:\\\/\\\/suresms.com\\\/dk\\\/docs\\\/troubleshooting\\\/min-sms-bliver-ikke-modtaget-pa-telefonen\\\/\"]}]},{\"@type\":\"ImageObject\",\"inLanguage\":\"sv-SE\",\"@id\":\"https:\\\/\\\/suresms.com\\\/dk\\\/docs\\\/troubleshooting\\\/min-sms-bliver-ikke-modtaget-pa-telefonen\\\/#primaryimage\",\"url\":\"https:\\\/\\\/suresms.com\\\/wp-content\\\/uploads\\\/2024\\\/08\\\/Android-SMS-setting-1.jpg\",\"contentUrl\":\"https:\\\/\\\/suresms.com\\\/wp-content\\\/uploads\\\/2024\\\/08\\\/Android-SMS-setting-1.jpg\"},{\"@type\":\"BreadcrumbList\",\"@id\":\"https:\\\/\\\/suresms.com\\\/dk\\\/docs\\\/troubleshooting\\\/min-sms-bliver-ikke-modtaget-pa-telefonen\\\/#breadcrumb\",\"itemListElement\":[{\"@type\":\"ListItem\",\"position\":1,\"name\":\"Home\",\"item\":\"https:\\\/\\\/suresms.com\\\/dk\\\/\"},{\"@type\":\"ListItem\",\"position\":2,\"name\":\"Dokumentation\",\"item\":\"https:\\\/\\\/suresms.com\\\/dk\\\/docs\\\/\"},{\"@type\":\"ListItem\",\"position\":3,\"name\":\"Fejlfinding\",\"item\":\"https:\\\/\\\/suresms.com\\\/dk\\\/docs\\\/troubleshooting\\\/\"},{\"@type\":\"ListItem\",\"position\":4,\"name\":\"Min SMS bliver ikke modtaget p\u00e5 telefonen\"}]},{\"@type\":\"WebSite\",\"@id\":\"https:\\\/\\\/suresms.com\\\/en\\\/#website\",\"url\":\"https:\\\/\\\/suresms.com\\\/en\\\/\",\"name\":\"SureSMS\",\"description\":\"Professionel SMS Gateway\",\"publisher\":{\"@id\":\"https:\\\/\\\/suresms.com\\\/en\\\/#organization\"},\"potentialAction\":[{\"@type\":\"SearchAction\",\"target\":{\"@type\":\"EntryPoint\",\"urlTemplate\":\"https:\\\/\\\/suresms.com\\\/en\\\/?s={search_term_string}\"},\"query-input\":{\"@type\":\"PropertyValueSpecification\",\"valueRequired\":true,\"valueName\":\"search_term_string\"}}],\"inLanguage\":\"sv-SE\"},{\"@type\":\"Organization\",\"@id\":\"https:\\\/\\\/suresms.com\\\/en\\\/#organization\",\"name\":\"SureSMS\",\"url\":\"https:\\\/\\\/suresms.com\\\/en\\\/\",\"logo\":{\"@type\":\"ImageObject\",\"inLanguage\":\"sv-SE\",\"@id\":\"https:\\\/\\\/suresms.com\\\/en\\\/#\\\/schema\\\/logo\\\/image\\\/\",\"url\":\"https:\\\/\\\/suresms.com\\\/wp-content\\\/uploads\\\/2024\\\/11\\\/suresms-300x65-1.png\",\"contentUrl\":\"https:\\\/\\\/suresms.com\\\/wp-content\\\/uploads\\\/2024\\\/11\\\/suresms-300x65-1.png\",\"width\":300,\"height\":65,\"caption\":\"SureSMS\"},\"image\":{\"@id\":\"https:\\\/\\\/suresms.com\\\/en\\\/#\\\/schema\\\/logo\\\/image\\\/\"},\"sameAs\":[\"https:\\\/\\\/www.facebook.com\\\/p\\\/SureSMS-100044607956149\\\/\"]}]}<\/script>\r\n<!-- \/ Yoast SEO Premium plugin. -->","yoast_head_json":{"title":"Mina SMS tas inte emot p\u00e5 min telefon","robots":{"index":"index","follow":"follow","max-snippet":"max-snippet:-1","max-image-preview":"max-image-preview:large","max-video-preview":"max-video-preview:-1"},"canonical":"https:\/\/suresms.com\/sv\/dokument\/konto-6\/stationsnamn-5\/","og_locale":"sv_SE","og_type":"article","og_title":"Min SMS bliver ikke modtaget p\u00e5 telefonen","og_description":"Min SMS st\u00e5r som leveret, men den vises ikke p\u00e5 modtagerens telefon. Hvis du oplever at der i SureSMS oversigten st\u00e5r, at din SMS er leveret, men den ikke bliver vist p\u00e5 modtagerens telefon, s\u00e5 kan det v\u00e6re fordi at modtageren har blokeret for visning af dine beskeder. Dette sker typisk hvis du sender fra ... L\u00e4s mer","og_url":"https:\/\/suresms.com\/sv\/dokument\/konto-6\/stationsnamn-5\/","article_publisher":"https:\/\/www.facebook.com\/p\/SureSMS-100044607956149\/","article_modified_time":"2025-02-19T16:29:11+00:00","og_image":[{"url":"https:\/\/suresms.com\/wp-content\/uploads\/2024\/08\/Android-SMS-setting-1.jpg","type":"","width":"","height":""}],"twitter_card":"summary_large_image","twitter_misc":{"Ber\u00e4knad l\u00e4stid":"3 minuter"},"schema":{"@context":"https:\/\/schema.org","@graph":[{"@type":"WebPage","@id":"https:\/\/suresms.com\/dk\/docs\/troubleshooting\/min-sms-bliver-ikke-modtaget-pa-telefonen\/","url":"https:\/\/suresms.com\/dk\/docs\/troubleshooting\/min-sms-bliver-ikke-modtaget-pa-telefonen\/","name":"Mina SMS tas inte emot p\u00e5 min telefon","isPartOf":{"@id":"https:\/\/suresms.com\/en\/#website"},"primaryImageOfPage":{"@id":"https:\/\/suresms.com\/dk\/docs\/troubleshooting\/min-sms-bliver-ikke-modtaget-pa-telefonen\/#primaryimage"},"image":{"@id":"https:\/\/suresms.com\/dk\/docs\/troubleshooting\/min-sms-bliver-ikke-modtaget-pa-telefonen\/#primaryimage"},"thumbnailUrl":"https:\/\/suresms.com\/wp-content\/uploads\/2024\/08\/Android-SMS-setting-1.jpg","datePublished":"2024-08-22T12:01:36+00:00","dateModified":"2025-02-19T16:29:11+00:00","breadcrumb":{"@id":"https:\/\/suresms.com\/dk\/docs\/troubleshooting\/min-sms-bliver-ikke-modtaget-pa-telefonen\/#breadcrumb"},"inLanguage":"sv-SE","potentialAction":[{"@type":"ReadAction","target":["https:\/\/suresms.com\/dk\/docs\/troubleshooting\/min-sms-bliver-ikke-modtaget-pa-telefonen\/"]}]},{"@type":"ImageObject","inLanguage":"sv-SE","@id":"https:\/\/suresms.com\/dk\/docs\/troubleshooting\/min-sms-bliver-ikke-modtaget-pa-telefonen\/#primaryimage","url":"https:\/\/suresms.com\/wp-content\/uploads\/2024\/08\/Android-SMS-setting-1.jpg","contentUrl":"https:\/\/suresms.com\/wp-content\/uploads\/2024\/08\/Android-SMS-setting-1.jpg"},{"@type":"BreadcrumbList","@id":"https:\/\/suresms.com\/dk\/docs\/troubleshooting\/min-sms-bliver-ikke-modtaget-pa-telefonen\/#breadcrumb","itemListElement":[{"@type":"ListItem","position":1,"name":"Home","item":"https:\/\/suresms.com\/dk\/"},{"@type":"ListItem","position":2,"name":"Dokumentation","item":"https:\/\/suresms.com\/dk\/docs\/"},{"@type":"ListItem","position":3,"name":"Fejlfinding","item":"https:\/\/suresms.com\/dk\/docs\/troubleshooting\/"},{"@type":"ListItem","position":4,"name":"Min SMS bliver ikke modtaget p\u00e5 telefonen"}]},{"@type":"WebSite","@id":"https:\/\/suresms.com\/en\/#website","url":"https:\/\/suresms.com\/en\/","name":"SureSMS","description":"Professionell SMS Gateway","publisher":{"@id":"https:\/\/suresms.com\/en\/#organization"},"potentialAction":[{"@type":"SearchAction","target":{"@type":"EntryPoint","urlTemplate":"https:\/\/suresms.com\/en\/?s={search_term_string}"},"query-input":{"@type":"PropertyValueSpecification","valueRequired":true,"valueName":"search_term_string"}}],"inLanguage":"sv-SE"},{"@type":"Organization","@id":"https:\/\/suresms.com\/en\/#organization","name":"SureSMS","url":"https:\/\/suresms.com\/en\/","logo":{"@type":"ImageObject","inLanguage":"sv-SE","@id":"https:\/\/suresms.com\/en\/#\/schema\/logo\/image\/","url":"https:\/\/suresms.com\/wp-content\/uploads\/2024\/11\/suresms-300x65-1.png","contentUrl":"https:\/\/suresms.com\/wp-content\/uploads\/2024\/11\/suresms-300x65-1.png","width":300,"height":65,"caption":"SureSMS"},"image":{"@id":"https:\/\/suresms.com\/en\/#\/schema\/logo\/image\/"},"sameAs":["https:\/\/www.facebook.com\/p\/SureSMS-100044607956149\/"]}]}},"_links":{"self":[{"href":"https:\/\/suresms.com\/sv\/wp-json\/wp\/v2\/pages\/18276","targetHints":{"allow":["GET"]}}],"collection":[{"href":"https:\/\/suresms.com\/sv\/wp-json\/wp\/v2\/pages"}],"about":[{"href":"https:\/\/suresms.com\/sv\/wp-json\/wp\/v2\/types\/page"}],"author":[{"embeddable":true,"href":"https:\/\/suresms.com\/sv\/wp-json\/wp\/v2\/users\/1"}],"replies":[{"embeddable":true,"href":"https:\/\/suresms.com\/sv\/wp-json\/wp\/v2\/comments?post=18276"}],"version-history":[{"count":4,"href":"https:\/\/suresms.com\/sv\/wp-json\/wp\/v2\/pages\/18276\/revisions"}],"predecessor-version":[{"id":22282,"href":"https:\/\/suresms.com\/sv\/wp-json\/wp\/v2\/pages\/18276\/revisions\/22282"}],"up":[{"embeddable":true,"href":"https:\/\/suresms.com\/sv\/wp-json\/wp\/v2\/pages\/18273"}],"wp:attachment":[{"href":"https:\/\/suresms.com\/sv\/wp-json\/wp\/v2\/media?parent=18276"}],"wp:term":[{"taxonomy":"category","embeddable":true,"href":"https:\/\/suresms.com\/sv\/wp-json\/wp\/v2\/categories?post=18276"},{"taxonomy":"post_tag","embeddable":true,"href":"https:\/\/suresms.com\/sv\/wp-json\/wp\/v2\/tags?post=18276"}],"curies":[{"name":"wp","href":"https:\/\/api.w.org\/{rel}","templated":true}]}}