{"id":18251,"date":"2024-08-14T07:53:04","date_gmt":"2024-08-14T05:53:04","guid":{"rendered":"https:\/\/www.suresms.com\/dk\/?page_id=18251"},"modified":"2025-01-04T23:03:07","modified_gmt":"2025-01-04T23:03:07","slug":"sms-fraan-klaviyo-3","status":"publish","type":"page","link":"https:\/\/suresms.com\/sv\/integrationer\/marketing-automation\/mailchimp\/","title":{"rendered":"SMS-integration f\u00f6r MailChimp"},"content":{"rendered":"<!-- Flexy Breadcrumb -->\r\n\t\t\t<div class=\"fbc fbc-page\">\r\n\r\n\t\t\t\t<!-- Breadcrumb wrapper -->\r\n\t\t\t\t<div class=\"fbc-wrap\">\r\n\r\n\t\t\t\t\t<!-- Ordered list-->\r\n\t\t\t\t\t<ol class=\"fbc-items\" itemscope itemtype=\"https:\/\/schema.org\/BreadcrumbList\">\r\n\t\t\t\t\t\t            <li itemprop=\"itemListElement\" itemscope itemtype=\"https:\/\/schema.org\/ListItem\">\r\n                <span itemprop=\"name\">\r\n                    <!-- Home Link -->\r\n                    <a itemprop=\"item\" href=\"https:\/\/suresms.com\/sv\/\">\r\n                    \r\n                                                    <i class=\"fa fa-home\" aria-hidden=\"true\"><\/i>Hem                    <\/a>\r\n                <\/span>\r\n                <meta itemprop=\"position\" content=\"1\" \/><!-- Meta Position-->\r\n             <\/li><li><span class=\"fbc-separator\">\/<\/span><\/li><li class=\"active\" itemprop=\"itemListElement\" itemscope itemtype=\"https:\/\/schema.org\/ListItem\"><span itemprop=\"name\" title=\"SMS-integration f\u00f6r MailChimp\">SMS-integration f\u00f6r MailChimp<\/span><meta itemprop=\"position\" content=\"2\" \/><\/li>\t\t\t\t\t<\/ol>\r\n\t\t\t\t\t<div class=\"clearfix\"><\/div>\r\n\t\t\t\t<\/div>\r\n\t\t\t<\/div>\r\n\t\t\t\n\t\t\t\t<img loading=\"lazy\" decoding=\"async\" src=\"https:\/\/suresms.com\/wp-content\/uploads\/2024\/08\/MailchimpSureSMS-1.png\" alt=\"MailChimp och SureSMS\" itemprop=\"image\" height=\"200\" width=\"980\" title=\"Mailchimp+SureSMS\" onerror=\"this.style.display='none'\"  \/>\n\t<p><strong>Skicka SMS direkt fr\u00e5n MailChimp<\/strong><\/p>\n\t<p>Best\u00e4ll instruktioner om hur du st\u00e4ller in MailChimp SMS<\/p>\n\n<div class=\"wpcf7 no-js\" id=\"wpcf7-f13762-o1\" lang=\"en-GB\" dir=\"ltr\" data-wpcf7-id=\"13762\">\n<div class=\"screen-reader-response\"><p role=\"status\" aria-live=\"polite\" aria-atomic=\"true\"><\/p> <ul><\/ul><\/div>\n<form action=\"\/sv\/wp-json\/wp\/v2\/pages\/18251#wpcf7-f13762-o1\" method=\"post\" class=\"wpcf7-form init\" aria-label=\"Kontaktformul\u00e4r\" novalidate=\"novalidate\" data-status=\"init\" data-trp-original-action=\"\/sv\/wp-json\/wp\/v2\/pages\/18251#wpcf7-f13762-o1\">\n<fieldset class=\"hidden-fields-container\"><input type=\"hidden\" name=\"_wpcf7\" value=\"13762\" \/><input type=\"hidden\" name=\"_wpcf7_version\" value=\"6.1.5\" \/><input type=\"hidden\" name=\"_wpcf7_locale\" value=\"en_GB\" \/><input type=\"hidden\" name=\"_wpcf7_unit_tag\" value=\"wpcf7-f13762-o1\" \/><input type=\"hidden\" name=\"_wpcf7_container_post\" value=\"0\" \/><input type=\"hidden\" name=\"_wpcf7_posted_data_hash\" value=\"\" \/>\n<\/fieldset>\n<p><label><span class=\"wpcf7-form-control-wrap\" data-name=\"your-name\"><input size=\"40\" maxlength=\"400\" class=\"wpcf7-form-control wpcf7-text wpcf7-validates-as-required wpctf7-my-custom-class\" aria-required=\"true\" aria-invalid=\"false\" placeholder=\"Ditt namn\" value=\"\" type=\"text\" name=\"your-name\" \/><\/span><\/label>\n<\/p>\n<p><span class=\"wpcf7-form-control-wrap\" data-name=\"email\"><input size=\"40\" maxlength=\"400\" class=\"wpcf7-form-control wpcf7-email wpcf7-validates-as-required wpcf7-text wpcf7-validates-as-email wpctf7-my-custom-class\" aria-required=\"true\" aria-invalid=\"false\" placeholder=\"E-post*.\" value=\"\" type=\"email\" name=\"email\" \/><\/span>\n<\/p>\n<p><div class=\"cf7-cf-turnstile\" style=\"margin-top: 0px; margin-bottom: -15px;\"> <div id=\"cf-turnstile-cf7-3153436943\" class=\"cf-turnstile\" data-sitekey=\"0x4AAAAAAB8YGArd9ML-HbMW\" data-theme=\"light\" data-language=\"auto\" data-size=\"normal\" data-retry=\"auto\" data-retry-interval=\"1000\" data-refresh-expired=\"auto\" data-action=\"contact-form-7\" data-appearance=\"always\"><\/div> <script>document.addEventListener(\"DOMContentLoaded\", function() { setTimeout(function(){ var e=document.getElementById(\"cf-turnstile-cf7-3153436943\"); e&&!e.innerHTML.trim()&&(turnstile.remove(\"#cf-turnstile-cf7-3153436943\"), turnstile.render(\"#cf-turnstile-cf7-3153436943\", {sitekey:\"0x4AAAAAAB8YGArd9ML-HbMW\"})); }, 100); });<\/script> <br class=\"cf-turnstile-br cf-turnstile-br-cf7-3153436943\"> <style>#cf-turnstile-cf7-3153436943 { margin-left: -15px; }<\/style> <script>document.addEventListener(\"DOMContentLoaded\",function(){document.querySelectorAll('.wpcf7-form').forEach(function(e){e.addEventListener('submit',function(){if(document.getElementById('cf-turnstile-cf7-3153436943')){setTimeout(function(){turnstile.reset('#cf-turnstile-cf7-3153436943');},1000)}})})});<\/script> <\/div><br\/><input class=\"wpcf7-form-control wpcf7-submit has-spinner\" type=\"submit\" value=\"Best\u00e4ll v\u00e4gledning\" \/>\n<\/p><div class=\"wpcf7-response-output\" aria-hidden=\"true\"><\/div>\n<input type=\"hidden\" name=\"trp-form-language\" value=\"sv\"\/><\/form>\n<\/div>\n\n\t<p>Letar du efter ett <a href=\"https:\/\/suresms.com\/sv\/integrationer\/automatisering-av-marknadsforing\/\">SMS-integration<\/a> f\u00f6r din programvara f\u00f6r automatiserad marknadsf\u00f6ring? D\u00e5 har du kommit till r\u00e4tt st\u00e4lle. SureSMS \u00e4r en SMS-gateway med direktanslutning till alla teleoperat\u00f6rer i Danmark och mer \u00e4n 1900 teleoperat\u00f6rer \u00f6ver hela v\u00e4rlden.<\/p>\n<p>V\u00e5r SMS-plattform har en direkt integration med MailChimp, s\u00e5 att du kan hantera all din automatisering p\u00e5 ett st\u00e4lle - inklusive din SMS-kommunikation.<\/p>\n\t\t<h3>Vad \u00e4r mailchimp?<\/h3><p>Mailchimp \u00e4r en allt-i-ett-marknadsf\u00f6ringsplattform som hj\u00e4lper f\u00f6retag att automatisera och hantera sina e-postkampanjer och kommunikation. Plattformen erbjuder l\u00e4ttanv\u00e4nda verktyg f\u00f6r e-postdesign, riktad kundsegmentering och detaljerad analys av kampanjresultat.<\/p>\n<p>Mailchimps USP:er inkluderar dess intuitiva dra-och-sl\u00e4pp-gr\u00e4nssnitt, integrationsalternativ med m\u00e5nga tredjepartsverktyg och avancerade automatiseringsfunktioner som g\u00f6r det enkelt att anpassa inneh\u00e5ll f\u00f6r olika m\u00e5lgrupper.<\/p>\n<p>Dessutom erbjuder Mailchimp flexibla prenumerationsplaner som passar b\u00e5de sm\u00e5 och stora f\u00f6retag, vilket g\u00f6r det till ett tillg\u00e4ngligt verktyg f\u00f6r alla typer av f\u00f6retag.<\/p>\n\t\t\t\t<img loading=\"lazy\" decoding=\"async\" src=\"https:\/\/suresms.com\/wp-content\/uploads\/2024\/08\/MailchimpSureSMS-sqare-1.png\" alt=\"mailchimp+suresms - fyrkantig\" itemprop=\"image\" height=\"340\" width=\"453\" title=\"Mailchimp+SureSMS - sqare\" onerror=\"this.style.display='none'\"  \/>\n\t\t<h3>Varf\u00f6r anv\u00e4nda en SMS-integration f\u00f6r MailChimp?<\/h3><p>De allra flesta MailChimp-anv\u00e4ndare har valt detta marknadsf\u00f6ringsautomationssystem eftersom det erbjuder en m\u00e4ngd alternativ och funktioner inom marknadsf\u00f6ringsautomation, e-postmarknadsf\u00f6ring, leadgenerering, lead scoring, webbplatssp\u00e5rning och mycket mer.<\/p>\n\t<p>\u00c4ven om MailChimp marknadsf\u00f6r sig med m\u00f6jligheten att skicka SMS direkt i systemet, har vi d\u00e5liga nyheter f\u00f6r dig som marknadsf\u00f6r dig p\u00e5 den danska och nordiska marknaden: <a href=\"https:\/\/mailchimp.com\/help\/about-sms-marketing\/\" target=\"_blank\" rel=\"noopener\">MailChimp kan inte skicka SMS-meddelanden i Danmark<\/a>. \u00c5tminstone inte \u00e4n, men kanske en dag kommer det att vara ett alternativ.<\/p>\n<p>Du m\u00e5ste ocks\u00e5 g\u00e5 igenom en relativt komplicerad auktoriseringsprocess innan du f\u00e5r skicka SMS fr\u00e5n systemet, eftersom de har ett antal krav.<\/p>\n<p>Den goda nyheten \u00e4r att MailChimp g\u00e4rna integrerar med tredjepartssystem som SureSMS. Vi har gjort denna integration m\u00e5nga g\u00e5nger tidigare, och vi hj\u00e4lper dig g\u00e4rna med din ocks\u00e5.<\/p>\n\t\t<h2>Konfigurera SMS fr\u00e5n MailChimp<\/h2><p>Det \u00e4r m\u00f6jligt att skapa din SMS-integration mellan MailChimp och SureSMS s\u00e5 att du skickar dina SMS-meddelanden direkt fr\u00e5n MailChimp, men fortfarande via v\u00e5rt SMS API. Med den h\u00e4r l\u00f6sningen har du fortfarande dina rapporteringsfunktioner i SureSMS, men meddelandena skickas fr\u00e5n MailChimp.<\/p>\n<p>Detta g\u00f6rs genom att anv\u00e4nda funktionen i MailChimp som kallas Webhooks. L\u00e4s nedan hur du st\u00e4ller in det.<\/p>","protected":false},"excerpt":{"rendered":"<p>Skicka SMS direkt fr\u00e5n MailChimp Best\u00e4llningsinstruktioner f\u00f6r att st\u00e4lla in MailChimp SMS Letar du efter en SMS-integration f\u00f6r din programvara f\u00f6r marknadsf\u00f6ringsautomation? D\u00e5 har du kommit till r\u00e4tt st\u00e4lle. SureSMS \u00e4r en SMS-gateway med direktanslutning till alla telekomoperat\u00f6rer i Danmark och mer \u00e4n 1900 telekomoperat\u00f6rer \u00f6ver hela v\u00e4rlden. V\u00e5r SMS-plattform har en ... <a title=\"SMS-integration f\u00f6r MailChimp\" class=\"read-more\" href=\"https:\/\/suresms.com\/sv\/integrationer\/marketing-automation\/mailchimp\/\" aria-label=\"L\u00e4s mer om SMS-integration till MailChimp\">L\u00e4s mer om det<\/a><\/p>","protected":false},"author":1,"featured_media":0,"parent":13367,"menu_order":1,"comment_status":"closed","ping_status":"closed","template":"","meta":{"_fl_builder_enabled":"1","_fl_builder_data":null,"_fl_builder_draft":null,"_fl_builder_data_settings":null,"_fl_builder_css":"","_fl_builder_css_version":"","_fl_builder_js":"","footnotes":""},"categories":[],"tags":[],"class_list":["post-18251","page","type-page","status-publish"],"yoast_head":"<!-- This site is optimized with the Yoast SEO Premium plugin v27.3 (Yoast SEO v27.3) - https:\/\/yoast.com\/product\/yoast-seo-premium-wordpress\/ -->\r\n<title>MailChimp SMS l\u00f8sning til danske og nordiske kunder<\/title>\r\n<meta name=\"description\" content=\"Integrer SMS i MailChimp i dag. Gratis konto, nem ops\u00e6tning, kom hurtigt i gang med at skabe v\u00e6rdifulde automations og kampagner! En \u00e5bningsrate p\u00e5 98 %.\" \/>\r\n<meta name=\"robots\" content=\"index, follow, max-snippet:-1, max-image-preview:large, max-video-preview:-1\" \/>\r\n<link rel=\"canonical\" href=\"https:\/\/suresms.com\/sv\/integrationer\/automatisering-av-marknadsforing\/sms-fraan-klaviyo-3\/\" \/>\r\n<meta property=\"og:locale\" content=\"sv_SE\" \/>\r\n<meta property=\"og:type\" content=\"article\" \/>\r\n<meta property=\"og:title\" content=\"SMS integration til MailChimp\" \/>\r\n<meta property=\"og:description\" content=\"Integrer SMS i MailChimp i dag. Gratis konto, nem ops\u00e6tning, kom hurtigt i gang med at skabe v\u00e6rdifulde automations og kampagner! En \u00e5bningsrate p\u00e5 98 %.\" \/>\r\n<meta property=\"og:url\" content=\"https:\/\/suresms.com\/sv\/integrationer\/automatisering-av-marknadsforing\/sms-fraan-klaviyo-3\/\" \/>\r\n<meta property=\"article:publisher\" content=\"https:\/\/www.facebook.com\/p\/SureSMS-100044607956149\/\" \/>\r\n<meta property=\"article:modified_time\" content=\"2025-01-04T23:03:07+00:00\" \/>\r\n<meta property=\"og:image\" content=\"https:\/\/suresms.com\/wp-content\/uploads\/2024\/08\/MailchimpSureSMS-1.png\" \/>\r\n<meta name=\"twitter:card\" content=\"summary_large_image\" \/>\r\n<meta name=\"twitter:label1\" content=\"Ber\u00e4knad l\u00e4stid\" \/>\n\t<meta name=\"twitter:data1\" content=\"9 minuter\" \/>\r\n<script type=\"application\/ld+json\" class=\"yoast-schema-graph\">{\"@context\":\"https:\\\/\\\/schema.org\",\"@graph\":[{\"@type\":\"WebPage\",\"@id\":\"https:\\\/\\\/suresms.com\\\/dk\\\/integrationer\\\/marketing-automation\\\/mailchimp\\\/\",\"url\":\"https:\\\/\\\/suresms.com\\\/dk\\\/integrationer\\\/marketing-automation\\\/mailchimp\\\/\",\"name\":\"MailChimp SMS l\u00f8sning til danske og nordiske kunder\",\"isPartOf\":{\"@id\":\"https:\\\/\\\/suresms.com\\\/en\\\/#website\"},\"primaryImageOfPage\":{\"@id\":\"https:\\\/\\\/suresms.com\\\/dk\\\/integrationer\\\/marketing-automation\\\/mailchimp\\\/#primaryimage\"},\"image\":{\"@id\":\"https:\\\/\\\/suresms.com\\\/dk\\\/integrationer\\\/marketing-automation\\\/mailchimp\\\/#primaryimage\"},\"thumbnailUrl\":\"https:\\\/\\\/suresms.com\\\/wp-content\\\/uploads\\\/2024\\\/08\\\/MailchimpSureSMS-1.png\",\"datePublished\":\"2024-08-14T05:53:04+00:00\",\"dateModified\":\"2025-01-04T23:03:07+00:00\",\"description\":\"Integrer SMS i MailChimp i dag. Gratis konto, nem ops\u00e6tning, kom hurtigt i gang med at skabe v\u00e6rdifulde automations og kampagner! En \u00e5bningsrate p\u00e5 98 %.\",\"breadcrumb\":{\"@id\":\"https:\\\/\\\/suresms.com\\\/dk\\\/integrationer\\\/marketing-automation\\\/mailchimp\\\/#breadcrumb\"},\"inLanguage\":\"sv-SE\",\"potentialAction\":[{\"@type\":\"ReadAction\",\"target\":[\"https:\\\/\\\/suresms.com\\\/dk\\\/integrationer\\\/marketing-automation\\\/mailchimp\\\/\"]}]},{\"@type\":\"ImageObject\",\"inLanguage\":\"sv-SE\",\"@id\":\"https:\\\/\\\/suresms.com\\\/dk\\\/integrationer\\\/marketing-automation\\\/mailchimp\\\/#primaryimage\",\"url\":\"https:\\\/\\\/suresms.com\\\/wp-content\\\/uploads\\\/2024\\\/08\\\/MailchimpSureSMS-1.png\",\"contentUrl\":\"https:\\\/\\\/suresms.com\\\/wp-content\\\/uploads\\\/2024\\\/08\\\/MailchimpSureSMS-1.png\"},{\"@type\":\"BreadcrumbList\",\"@id\":\"https:\\\/\\\/suresms.com\\\/dk\\\/integrationer\\\/marketing-automation\\\/mailchimp\\\/#breadcrumb\",\"itemListElement\":[{\"@type\":\"ListItem\",\"position\":1,\"name\":\"Home\",\"item\":\"https:\\\/\\\/suresms.com\\\/dk\\\/\"},{\"@type\":\"ListItem\",\"position\":2,\"name\":\"Integrationer\",\"item\":\"https:\\\/\\\/suresms.com\\\/dk\\\/integrationer\\\/\"},{\"@type\":\"ListItem\",\"position\":3,\"name\":\"SMS integration til Marketing Automation\",\"item\":\"https:\\\/\\\/suresms.com\\\/dk\\\/integrationer\\\/marketing-automation\\\/\"},{\"@type\":\"ListItem\",\"position\":4,\"name\":\"SMS integration til MailChimp\"}]},{\"@type\":\"WebSite\",\"@id\":\"https:\\\/\\\/suresms.com\\\/en\\\/#website\",\"url\":\"https:\\\/\\\/suresms.com\\\/en\\\/\",\"name\":\"SureSMS\",\"description\":\"Professionel SMS Gateway\",\"publisher\":{\"@id\":\"https:\\\/\\\/suresms.com\\\/en\\\/#organization\"},\"potentialAction\":[{\"@type\":\"SearchAction\",\"target\":{\"@type\":\"EntryPoint\",\"urlTemplate\":\"https:\\\/\\\/suresms.com\\\/en\\\/?s={search_term_string}\"},\"query-input\":{\"@type\":\"PropertyValueSpecification\",\"valueRequired\":true,\"valueName\":\"search_term_string\"}}],\"inLanguage\":\"sv-SE\"},{\"@type\":\"Organization\",\"@id\":\"https:\\\/\\\/suresms.com\\\/en\\\/#organization\",\"name\":\"SureSMS\",\"url\":\"https:\\\/\\\/suresms.com\\\/en\\\/\",\"logo\":{\"@type\":\"ImageObject\",\"inLanguage\":\"sv-SE\",\"@id\":\"https:\\\/\\\/suresms.com\\\/en\\\/#\\\/schema\\\/logo\\\/image\\\/\",\"url\":\"https:\\\/\\\/suresms.com\\\/wp-content\\\/uploads\\\/2024\\\/11\\\/suresms-300x65-1.png\",\"contentUrl\":\"https:\\\/\\\/suresms.com\\\/wp-content\\\/uploads\\\/2024\\\/11\\\/suresms-300x65-1.png\",\"width\":300,\"height\":65,\"caption\":\"SureSMS\"},\"image\":{\"@id\":\"https:\\\/\\\/suresms.com\\\/en\\\/#\\\/schema\\\/logo\\\/image\\\/\"},\"sameAs\":[\"https:\\\/\\\/www.facebook.com\\\/p\\\/SureSMS-100044607956149\\\/\"]}]}<\/script>\r\n<!-- \/ Yoast SEO Premium plugin. -->","yoast_head_json":{"title":"MailChimp SMS-l\u00f6sning f\u00f6r danska och nordiska kunder","description":"Integrera SMS i MailChimp idag. Gratis konto, enkel installation, kom ig\u00e5ng med att skapa v\u00e4rdefulla automatiseringar och kampanjer snabbt! En \u00f6ppningsfrekvens p\u00e5 98 %.","robots":{"index":"index","follow":"follow","max-snippet":"max-snippet:-1","max-image-preview":"max-image-preview:large","max-video-preview":"max-video-preview:-1"},"canonical":"https:\/\/suresms.com\/sv\/integrationer\/automatisering-av-marknadsforing\/sms-fraan-klaviyo-3\/","og_locale":"sv_SE","og_type":"article","og_title":"SMS integration til MailChimp","og_description":"Integrer SMS i MailChimp i dag. Gratis konto, nem ops\u00e6tning, kom hurtigt i gang med at skabe v\u00e6rdifulde automations og kampagner! En \u00e5bningsrate p\u00e5 98 %.","og_url":"https:\/\/suresms.com\/sv\/integrationer\/automatisering-av-marknadsforing\/sms-fraan-klaviyo-3\/","article_publisher":"https:\/\/www.facebook.com\/p\/SureSMS-100044607956149\/","article_modified_time":"2025-01-04T23:03:07+00:00","og_image":[{"url":"https:\/\/suresms.com\/wp-content\/uploads\/2024\/08\/MailchimpSureSMS-1.png","type":"","width":"","height":""}],"twitter_card":"summary_large_image","twitter_misc":{"Ber\u00e4knad l\u00e4stid":"9 minuter"},"schema":{"@context":"https:\/\/schema.org","@graph":[{"@type":"WebPage","@id":"https:\/\/suresms.com\/dk\/integrationer\/marketing-automation\/mailchimp\/","url":"https:\/\/suresms.com\/dk\/integrationer\/marketing-automation\/mailchimp\/","name":"MailChimp SMS-l\u00f6sning f\u00f6r danska och nordiska kunder","isPartOf":{"@id":"https:\/\/suresms.com\/en\/#website"},"primaryImageOfPage":{"@id":"https:\/\/suresms.com\/dk\/integrationer\/marketing-automation\/mailchimp\/#primaryimage"},"image":{"@id":"https:\/\/suresms.com\/dk\/integrationer\/marketing-automation\/mailchimp\/#primaryimage"},"thumbnailUrl":"https:\/\/suresms.com\/wp-content\/uploads\/2024\/08\/MailchimpSureSMS-1.png","datePublished":"2024-08-14T05:53:04+00:00","dateModified":"2025-01-04T23:03:07+00:00","description":"Integrera SMS i MailChimp idag. Gratis konto, enkel installation, kom ig\u00e5ng med att skapa v\u00e4rdefulla automatiseringar och kampanjer snabbt! En \u00f6ppningsfrekvens p\u00e5 98 %.","breadcrumb":{"@id":"https:\/\/suresms.com\/dk\/integrationer\/marketing-automation\/mailchimp\/#breadcrumb"},"inLanguage":"sv-SE","potentialAction":[{"@type":"ReadAction","target":["https:\/\/suresms.com\/dk\/integrationer\/marketing-automation\/mailchimp\/"]}]},{"@type":"ImageObject","inLanguage":"sv-SE","@id":"https:\/\/suresms.com\/dk\/integrationer\/marketing-automation\/mailchimp\/#primaryimage","url":"https:\/\/suresms.com\/wp-content\/uploads\/2024\/08\/MailchimpSureSMS-1.png","contentUrl":"https:\/\/suresms.com\/wp-content\/uploads\/2024\/08\/MailchimpSureSMS-1.png"},{"@type":"BreadcrumbList","@id":"https:\/\/suresms.com\/dk\/integrationer\/marketing-automation\/mailchimp\/#breadcrumb","itemListElement":[{"@type":"ListItem","position":1,"name":"Home","item":"https:\/\/suresms.com\/dk\/"},{"@type":"ListItem","position":2,"name":"Integrationer","item":"https:\/\/suresms.com\/dk\/integrationer\/"},{"@type":"ListItem","position":3,"name":"SMS integration til Marketing Automation","item":"https:\/\/suresms.com\/dk\/integrationer\/marketing-automation\/"},{"@type":"ListItem","position":4,"name":"SMS integration til MailChimp"}]},{"@type":"WebSite","@id":"https:\/\/suresms.com\/en\/#website","url":"https:\/\/suresms.com\/en\/","name":"SureSMS","description":"Professionell SMS Gateway","publisher":{"@id":"https:\/\/suresms.com\/en\/#organization"},"potentialAction":[{"@type":"SearchAction","target":{"@type":"EntryPoint","urlTemplate":"https:\/\/suresms.com\/en\/?s={search_term_string}"},"query-input":{"@type":"PropertyValueSpecification","valueRequired":true,"valueName":"search_term_string"}}],"inLanguage":"sv-SE"},{"@type":"Organization","@id":"https:\/\/suresms.com\/en\/#organization","name":"SureSMS","url":"https:\/\/suresms.com\/en\/","logo":{"@type":"ImageObject","inLanguage":"sv-SE","@id":"https:\/\/suresms.com\/en\/#\/schema\/logo\/image\/","url":"https:\/\/suresms.com\/wp-content\/uploads\/2024\/11\/suresms-300x65-1.png","contentUrl":"https:\/\/suresms.com\/wp-content\/uploads\/2024\/11\/suresms-300x65-1.png","width":300,"height":65,"caption":"SureSMS"},"image":{"@id":"https:\/\/suresms.com\/en\/#\/schema\/logo\/image\/"},"sameAs":["https:\/\/www.facebook.com\/p\/SureSMS-100044607956149\/"]}]}},"_links":{"self":[{"href":"https:\/\/suresms.com\/sv\/wp-json\/wp\/v2\/pages\/18251","targetHints":{"allow":["GET"]}}],"collection":[{"href":"https:\/\/suresms.com\/sv\/wp-json\/wp\/v2\/pages"}],"about":[{"href":"https:\/\/suresms.com\/sv\/wp-json\/wp\/v2\/types\/page"}],"author":[{"embeddable":true,"href":"https:\/\/suresms.com\/sv\/wp-json\/wp\/v2\/users\/1"}],"replies":[{"embeddable":true,"href":"https:\/\/suresms.com\/sv\/wp-json\/wp\/v2\/comments?post=18251"}],"version-history":[{"count":5,"href":"https:\/\/suresms.com\/sv\/wp-json\/wp\/v2\/pages\/18251\/revisions"}],"predecessor-version":[{"id":19723,"href":"https:\/\/suresms.com\/sv\/wp-json\/wp\/v2\/pages\/18251\/revisions\/19723"}],"up":[{"embeddable":true,"href":"https:\/\/suresms.com\/sv\/wp-json\/wp\/v2\/pages\/13367"}],"wp:attachment":[{"href":"https:\/\/suresms.com\/sv\/wp-json\/wp\/v2\/media?parent=18251"}],"wp:term":[{"taxonomy":"category","embeddable":true,"href":"https:\/\/suresms.com\/sv\/wp-json\/wp\/v2\/categories?post=18251"},{"taxonomy":"post_tag","embeddable":true,"href":"https:\/\/suresms.com\/sv\/wp-json\/wp\/v2\/tags?post=18251"}],"curies":[{"name":"wp","href":"https:\/\/api.w.org\/{rel}","templated":true}]}}