{"id":18233,"date":"2024-08-07T16:55:17","date_gmt":"2024-08-07T14:55:17","guid":{"rendered":"https:\/\/www.suresms.com\/dk\/?page_id=18233"},"modified":"2025-01-04T22:55:27","modified_gmt":"2025-01-04T22:55:27","slug":"sms-fraan-klaviyo-2","status":"publish","type":"page","link":"https:\/\/suresms.com\/sv\/integrationer\/marketing-automation\/gohighlevel\/","title":{"rendered":"SMS-integration f\u00f6r GoHighLevel"},"content":{"rendered":"<!-- Flexy Breadcrumb -->\r\n\t\t\t<div class=\"fbc fbc-page\">\r\n\r\n\t\t\t\t<!-- Breadcrumb wrapper -->\r\n\t\t\t\t<div class=\"fbc-wrap\">\r\n\r\n\t\t\t\t\t<!-- Ordered list-->\r\n\t\t\t\t\t<ol class=\"fbc-items\" itemscope itemtype=\"https:\/\/schema.org\/BreadcrumbList\">\r\n\t\t\t\t\t\t            <li itemprop=\"itemListElement\" itemscope itemtype=\"https:\/\/schema.org\/ListItem\">\r\n                <span itemprop=\"name\">\r\n                    <!-- Home Link -->\r\n                    <a itemprop=\"item\" href=\"https:\/\/suresms.com\/sv\/\">\r\n                    \r\n                                                    <i class=\"fa fa-home\" aria-hidden=\"true\"><\/i>Hem                    <\/a>\r\n                <\/span>\r\n                <meta itemprop=\"position\" content=\"1\" \/><!-- Meta Position-->\r\n             <\/li><li><span class=\"fbc-separator\">\/<\/span><\/li><li class=\"active\" itemprop=\"itemListElement\" itemscope itemtype=\"https:\/\/schema.org\/ListItem\"><span itemprop=\"name\" title=\"SMS-integration f\u00f6r GoHighLevel\">SMS-integration f\u00f6r GoHighLevel<\/span><meta itemprop=\"position\" content=\"2\" \/><\/li>\t\t\t\t\t<\/ol>\r\n\t\t\t\t\t<div class=\"clearfix\"><\/div>\r\n\t\t\t\t<\/div>\r\n\t\t\t<\/div>\r\n\t\t\t\n\t\t\t\t<img loading=\"lazy\" decoding=\"async\" src=\"https:\/\/suresms.com\/wp-content\/uploads\/2024\/08\/GoHighLevel-og-SureSMS-1.png\" alt=\"GoHighLevel+SureSMS\" itemprop=\"image\" height=\"200\" width=\"980\" title=\"GoHighLevel och SureSMS\" onerror=\"this.style.display='none'\"  \/>\n\t<p><strong>Skicka SMS direkt fr\u00e5n GoHighLevel-fl\u00f6den.<\/strong><\/p>\n\t<p>Beg\u00e4r instruktioner om hur du st\u00e4ller in GoHighLevel SMS<\/p>\n\n<div class=\"wpcf7 no-js\" id=\"wpcf7-f13762-o1\" lang=\"en-GB\" dir=\"ltr\" data-wpcf7-id=\"13762\">\n<div class=\"screen-reader-response\"><p role=\"status\" aria-live=\"polite\" aria-atomic=\"true\"><\/p> <ul><\/ul><\/div>\n<form action=\"\/sv\/wp-json\/wp\/v2\/pages\/18233#wpcf7-f13762-o1\" method=\"post\" class=\"wpcf7-form init\" aria-label=\"Kontaktformul\u00e4r\" novalidate=\"novalidate\" data-status=\"init\" data-trp-original-action=\"\/sv\/wp-json\/wp\/v2\/pages\/18233#wpcf7-f13762-o1\">\n<fieldset class=\"hidden-fields-container\"><input type=\"hidden\" name=\"_wpcf7\" value=\"13762\" \/><input type=\"hidden\" name=\"_wpcf7_version\" value=\"6.1.5\" \/><input type=\"hidden\" name=\"_wpcf7_locale\" value=\"en_GB\" \/><input type=\"hidden\" name=\"_wpcf7_unit_tag\" value=\"wpcf7-f13762-o1\" \/><input type=\"hidden\" name=\"_wpcf7_container_post\" value=\"0\" \/><input type=\"hidden\" name=\"_wpcf7_posted_data_hash\" value=\"\" \/>\n<\/fieldset>\n<p><label><span class=\"wpcf7-form-control-wrap\" data-name=\"your-name\"><input size=\"40\" maxlength=\"400\" class=\"wpcf7-form-control wpcf7-text wpcf7-validates-as-required wpctf7-my-custom-class\" aria-required=\"true\" aria-invalid=\"false\" placeholder=\"Ditt namn\" value=\"\" type=\"text\" name=\"your-name\" \/><\/span><\/label>\n<\/p>\n<p><span class=\"wpcf7-form-control-wrap\" data-name=\"email\"><input size=\"40\" maxlength=\"400\" class=\"wpcf7-form-control wpcf7-email wpcf7-validates-as-required wpcf7-text wpcf7-validates-as-email wpctf7-my-custom-class\" aria-required=\"true\" aria-invalid=\"false\" placeholder=\"E-post*.\" value=\"\" type=\"email\" name=\"email\" \/><\/span>\n<\/p>\n<p><div class=\"cf7-cf-turnstile\" style=\"margin-top: 0px; margin-bottom: -15px;\"> <div id=\"cf-turnstile-cf7-199187369\" class=\"cf-turnstile\" data-sitekey=\"0x4AAAAAAB8YGArd9ML-HbMW\" data-theme=\"light\" data-language=\"auto\" data-size=\"normal\" data-retry=\"auto\" data-retry-interval=\"1000\" data-refresh-expired=\"auto\" data-action=\"contact-form-7\" data-appearance=\"always\"><\/div> <script>document.addEventListener(\"DOMContentLoaded\", function() { setTimeout(function(){ var e=document.getElementById(\"cf-turnstile-cf7-199187369\"); e&&!e.innerHTML.trim()&&(turnstile.remove(\"#cf-turnstile-cf7-199187369\"), turnstile.render(\"#cf-turnstile-cf7-199187369\", {sitekey:\"0x4AAAAAAB8YGArd9ML-HbMW\"})); }, 100); });<\/script> <br class=\"cf-turnstile-br cf-turnstile-br-cf7-199187369\"> <style>#cf-turnstile-cf7-199187369 { margin-left: -15px; }<\/style> <script>document.addEventListener(\"DOMContentLoaded\",function(){document.querySelectorAll('.wpcf7-form').forEach(function(e){e.addEventListener('submit',function(){if(document.getElementById('cf-turnstile-cf7-199187369')){setTimeout(function(){turnstile.reset('#cf-turnstile-cf7-199187369');},1000)}})})});<\/script> <\/div><br\/><input class=\"wpcf7-form-control wpcf7-submit has-spinner\" type=\"submit\" value=\"Best\u00e4ll v\u00e4gledning\" \/>\n<\/p><div class=\"wpcf7-response-output\" aria-hidden=\"true\"><\/div>\n<input type=\"hidden\" name=\"trp-form-language\" value=\"sv\"\/><\/form>\n<\/div>\n\n\t\t\t\t<img loading=\"lazy\" decoding=\"async\" src=\"https:\/\/suresms.com\/wp-content\/uploads\/2021\/10\/SMS-active-Campaign-01-1.png\" alt=\"SMS aktiv Kampanj 01\" itemprop=\"image\" height=\"728\" width=\"756\" title=\"SMS aktiv Kampanj 01\" onerror=\"this.style.display='none'\"  \/>\n\t\t<h3>SMS i GoHighLevel - Integration<\/h3><p>Letar du efter ett <a href=\"https:\/\/suresms.com\/sv\/integrationer\/automatisering-av-marknadsforing\/\">SMS-integration<\/a> f\u00f6r din programvara f\u00f6r automatiserad marknadsf\u00f6ring? D\u00e5 har du kommit till r\u00e4tt st\u00e4lle. SureSMS \u00e4r en SMS-gateway med direktanslutning till alla teleoperat\u00f6rer i Danmark och mer \u00e4n 1900 teleoperat\u00f6rer \u00f6ver hela v\u00e4rlden.<\/p>\n<p>V\u00e5r SMS-plattform har en direkt integration med Klaviyo, s\u00e5 att du kan hantera all din automatisering p\u00e5 ett st\u00e4lle - inklusive din SMS-kommunikation.<\/p>\n\t\t<h3>Vad \u00e4r GoHighLevel?<\/h3><p><a href=\"https:\/\/gohighlevel.com\" target=\"_blank\" rel=\"noopener\">GoHighLevel<\/a> \u00e4r en allt-i-ett-marknadsf\u00f6ringsplattform som \u00e4r utformad f\u00f6r att hj\u00e4lpa f\u00f6retag att hantera och optimera sina f\u00f6rs\u00e4ljnings- och marknadsf\u00f6ringsaktiviteter.<\/p>\n<p>Med funktioner som CRM, e-postmarknadsf\u00f6ring, SMS-marknadsf\u00f6ring, s\u00e4ljtrattar och automatisering erbjuder GoHighLevel verktyg f\u00f6r att generera leads, f\u00f6rb\u00e4ttra kundhanteringen och \u00f6ka konverteringsgraden.<\/p>\n<p>Plattformen \u00e4r anv\u00e4ndarv\u00e4nlig och kan enkelt integreras med andra system, vilket g\u00f6r den idealisk f\u00f6r b\u00e5de sm\u00e5f\u00f6retag och marknadsf\u00f6ringsbyr\u00e5er som vill centralisera sina marknadsf\u00f6ringsinsatser och uppn\u00e5 b\u00e4ttre resultat.<\/p>\n\t\t<h2>Hur SMS fungerar i GoHighLevel<\/h2><p>N\u00e4r du v\u00e4ljer att integrera SureSMS med ditt GoHighLevel-konto g\u00f6r du det med hj\u00e4lp av s\u00e5 kallade webhooks.<\/p>\n<p>Det \u00e4r l\u00e4tt att komma ig\u00e5ng. Allt du beh\u00f6ver g\u00f6ra \u00e4r att<\/p>\n<ol> \t\n<li>Skapa ett kostnadsfritt testkonto p\u00e5 SureSMS<\/li>\n\n<li>Skapa en API-nyckel<\/li>\n\n<li>Konfigurera webhook i GoHighLevel<\/li>\n<\/ol>\n<p>Best\u00e4ll en guide till v\u00e4nster och f\u00e5 en steg-f\u00f6r-steg-guide f\u00f6r installationen.<\/p>","protected":false},"excerpt":{"rendered":"<p>Skicka SMS direkt fr\u00e5n GoHighLevel-fl\u00f6den. Best\u00e4ll instruktioner f\u00f6r hur du st\u00e4ller in GoHighLevel SMS SMS i GoHighLevel - Integration Letar du efter en SMS-integration f\u00f6r din marketing automation-programvara? D\u00e5 har du kommit till r\u00e4tt st\u00e4lle. SureSMS \u00e4r en SMS-gateway med direktanslutning till alla telekomf\u00f6retag i Danmark och mer \u00e4n 1900 telekomf\u00f6retag ... <a title=\"SMS-integration f\u00f6r GoHighLevel\" class=\"read-more\" href=\"https:\/\/suresms.com\/sv\/integrationer\/marketing-automation\/gohighlevel\/\" aria-label=\"L\u00e4s mer om SMS-integration till GoHighLevel\">L\u00e4s mer om det<\/a><\/p>","protected":false},"author":1,"featured_media":0,"parent":13367,"menu_order":1,"comment_status":"closed","ping_status":"closed","template":"","meta":{"_fl_builder_enabled":"1","_fl_builder_data":null,"_fl_builder_draft":null,"_fl_builder_data_settings":null,"_fl_builder_css":"","_fl_builder_css_version":"","_fl_builder_js":"","footnotes":""},"categories":[],"tags":[],"class_list":["post-18233","page","type-page","status-publish"],"yoast_head":"<!-- This site is optimized with the Yoast SEO Premium plugin v27.3 (Yoast SEO v27.3) - https:\/\/yoast.com\/product\/yoast-seo-premium-wordpress\/ -->\r\n<title>GoHighLevel SMS l\u00f8sning til danske og nordiske kunder<\/title>\r\n<meta name=\"description\" content=\"Integrer SMS i GoHighLevel i dag, og kom i gang med at skabe v\u00e6rdifulde automations og kampagner! En \u00e5bningsrate p\u00e5 98 %.\" \/>\r\n<meta name=\"robots\" content=\"index, follow, max-snippet:-1, max-image-preview:large, max-video-preview:-1\" \/>\r\n<link rel=\"canonical\" href=\"https:\/\/suresms.com\/sv\/integrationer\/automatisering-av-marknadsforing\/sms-fraan-klaviyo-2\/\" \/>\r\n<meta property=\"og:locale\" content=\"sv_SE\" \/>\r\n<meta property=\"og:type\" content=\"article\" \/>\r\n<meta property=\"og:title\" content=\"SMS integration til GoHighLevel\" \/>\r\n<meta property=\"og:description\" content=\"Integrer SMS i GoHighLevel i dag, og kom i gang med at skabe v\u00e6rdifulde automations og kampagner! En \u00e5bningsrate p\u00e5 98 %.\" \/>\r\n<meta property=\"og:url\" content=\"https:\/\/suresms.com\/sv\/integrationer\/automatisering-av-marknadsforing\/sms-fraan-klaviyo-2\/\" \/>\r\n<meta property=\"article:publisher\" content=\"https:\/\/www.facebook.com\/p\/SureSMS-100044607956149\/\" \/>\r\n<meta property=\"article:modified_time\" content=\"2025-01-04T22:55:27+00:00\" \/>\r\n<meta property=\"og:image\" content=\"https:\/\/suresms.com\/wp-content\/uploads\/2024\/08\/GoHighLevel-og-SureSMS-1.png\" \/>\r\n<meta name=\"twitter:card\" content=\"summary_large_image\" \/>\r\n<meta name=\"twitter:label1\" content=\"Ber\u00e4knad l\u00e4stid\" \/>\n\t<meta name=\"twitter:data1\" content=\"8 minuter\" \/>\r\n<script type=\"application\/ld+json\" class=\"yoast-schema-graph\">{\"@context\":\"https:\\\/\\\/schema.org\",\"@graph\":[{\"@type\":\"WebPage\",\"@id\":\"https:\\\/\\\/suresms.com\\\/dk\\\/integrationer\\\/marketing-automation\\\/gohighlevel\\\/\",\"url\":\"https:\\\/\\\/suresms.com\\\/dk\\\/integrationer\\\/marketing-automation\\\/gohighlevel\\\/\",\"name\":\"GoHighLevel SMS l\u00f8sning til danske og nordiske kunder\",\"isPartOf\":{\"@id\":\"https:\\\/\\\/suresms.com\\\/en\\\/#website\"},\"primaryImageOfPage\":{\"@id\":\"https:\\\/\\\/suresms.com\\\/dk\\\/integrationer\\\/marketing-automation\\\/gohighlevel\\\/#primaryimage\"},\"image\":{\"@id\":\"https:\\\/\\\/suresms.com\\\/dk\\\/integrationer\\\/marketing-automation\\\/gohighlevel\\\/#primaryimage\"},\"thumbnailUrl\":\"https:\\\/\\\/suresms.com\\\/wp-content\\\/uploads\\\/2024\\\/08\\\/GoHighLevel-og-SureSMS-1.png\",\"datePublished\":\"2024-08-07T14:55:17+00:00\",\"dateModified\":\"2025-01-04T22:55:27+00:00\",\"description\":\"Integrer SMS i GoHighLevel i dag, og kom i gang med at skabe v\u00e6rdifulde automations og kampagner! En \u00e5bningsrate p\u00e5 98 %.\",\"breadcrumb\":{\"@id\":\"https:\\\/\\\/suresms.com\\\/dk\\\/integrationer\\\/marketing-automation\\\/gohighlevel\\\/#breadcrumb\"},\"inLanguage\":\"sv-SE\",\"potentialAction\":[{\"@type\":\"ReadAction\",\"target\":[\"https:\\\/\\\/suresms.com\\\/dk\\\/integrationer\\\/marketing-automation\\\/gohighlevel\\\/\"]}]},{\"@type\":\"ImageObject\",\"inLanguage\":\"sv-SE\",\"@id\":\"https:\\\/\\\/suresms.com\\\/dk\\\/integrationer\\\/marketing-automation\\\/gohighlevel\\\/#primaryimage\",\"url\":\"https:\\\/\\\/suresms.com\\\/wp-content\\\/uploads\\\/2024\\\/08\\\/GoHighLevel-og-SureSMS-1.png\",\"contentUrl\":\"https:\\\/\\\/suresms.com\\\/wp-content\\\/uploads\\\/2024\\\/08\\\/GoHighLevel-og-SureSMS-1.png\"},{\"@type\":\"BreadcrumbList\",\"@id\":\"https:\\\/\\\/suresms.com\\\/dk\\\/integrationer\\\/marketing-automation\\\/gohighlevel\\\/#breadcrumb\",\"itemListElement\":[{\"@type\":\"ListItem\",\"position\":1,\"name\":\"Home\",\"item\":\"https:\\\/\\\/suresms.com\\\/dk\\\/\"},{\"@type\":\"ListItem\",\"position\":2,\"name\":\"Integrationer\",\"item\":\"https:\\\/\\\/suresms.com\\\/dk\\\/integrationer\\\/\"},{\"@type\":\"ListItem\",\"position\":3,\"name\":\"SMS integration til Marketing Automation\",\"item\":\"https:\\\/\\\/suresms.com\\\/dk\\\/integrationer\\\/marketing-automation\\\/\"},{\"@type\":\"ListItem\",\"position\":4,\"name\":\"SMS integration til GoHighLevel\"}]},{\"@type\":\"WebSite\",\"@id\":\"https:\\\/\\\/suresms.com\\\/en\\\/#website\",\"url\":\"https:\\\/\\\/suresms.com\\\/en\\\/\",\"name\":\"SureSMS\",\"description\":\"Professionel SMS Gateway\",\"publisher\":{\"@id\":\"https:\\\/\\\/suresms.com\\\/en\\\/#organization\"},\"potentialAction\":[{\"@type\":\"SearchAction\",\"target\":{\"@type\":\"EntryPoint\",\"urlTemplate\":\"https:\\\/\\\/suresms.com\\\/en\\\/?s={search_term_string}\"},\"query-input\":{\"@type\":\"PropertyValueSpecification\",\"valueRequired\":true,\"valueName\":\"search_term_string\"}}],\"inLanguage\":\"sv-SE\"},{\"@type\":\"Organization\",\"@id\":\"https:\\\/\\\/suresms.com\\\/en\\\/#organization\",\"name\":\"SureSMS\",\"url\":\"https:\\\/\\\/suresms.com\\\/en\\\/\",\"logo\":{\"@type\":\"ImageObject\",\"inLanguage\":\"sv-SE\",\"@id\":\"https:\\\/\\\/suresms.com\\\/en\\\/#\\\/schema\\\/logo\\\/image\\\/\",\"url\":\"https:\\\/\\\/suresms.com\\\/wp-content\\\/uploads\\\/2024\\\/11\\\/suresms-300x65-1.png\",\"contentUrl\":\"https:\\\/\\\/suresms.com\\\/wp-content\\\/uploads\\\/2024\\\/11\\\/suresms-300x65-1.png\",\"width\":300,\"height\":65,\"caption\":\"SureSMS\"},\"image\":{\"@id\":\"https:\\\/\\\/suresms.com\\\/en\\\/#\\\/schema\\\/logo\\\/image\\\/\"},\"sameAs\":[\"https:\\\/\\\/www.facebook.com\\\/p\\\/SureSMS-100044607956149\\\/\"]}]}<\/script>\r\n<!-- \/ Yoast SEO Premium plugin. -->","yoast_head_json":{"title":"GoHighLevel SMS-l\u00f6sning f\u00f6r danska och nordiska kunder","description":"Integrera SMS i GoHighLevel idag och b\u00f6rja skapa v\u00e4rdefulla automatiseringar och kampanjer! En \u00f6ppningsfrekvens p\u00e5 98 %.","robots":{"index":"index","follow":"follow","max-snippet":"max-snippet:-1","max-image-preview":"max-image-preview:large","max-video-preview":"max-video-preview:-1"},"canonical":"https:\/\/suresms.com\/sv\/integrationer\/automatisering-av-marknadsforing\/sms-fraan-klaviyo-2\/","og_locale":"sv_SE","og_type":"article","og_title":"SMS integration til GoHighLevel","og_description":"Integrer SMS i GoHighLevel i dag, og kom i gang med at skabe v\u00e6rdifulde automations og kampagner! En \u00e5bningsrate p\u00e5 98 %.","og_url":"https:\/\/suresms.com\/sv\/integrationer\/automatisering-av-marknadsforing\/sms-fraan-klaviyo-2\/","article_publisher":"https:\/\/www.facebook.com\/p\/SureSMS-100044607956149\/","article_modified_time":"2025-01-04T22:55:27+00:00","og_image":[{"url":"https:\/\/suresms.com\/wp-content\/uploads\/2024\/08\/GoHighLevel-og-SureSMS-1.png","type":"","width":"","height":""}],"twitter_card":"summary_large_image","twitter_misc":{"Ber\u00e4knad l\u00e4stid":"8 minuter"},"schema":{"@context":"https:\/\/schema.org","@graph":[{"@type":"WebPage","@id":"https:\/\/suresms.com\/dk\/integrationer\/marketing-automation\/gohighlevel\/","url":"https:\/\/suresms.com\/dk\/integrationer\/marketing-automation\/gohighlevel\/","name":"GoHighLevel SMS-l\u00f6sning f\u00f6r danska och nordiska kunder","isPartOf":{"@id":"https:\/\/suresms.com\/en\/#website"},"primaryImageOfPage":{"@id":"https:\/\/suresms.com\/dk\/integrationer\/marketing-automation\/gohighlevel\/#primaryimage"},"image":{"@id":"https:\/\/suresms.com\/dk\/integrationer\/marketing-automation\/gohighlevel\/#primaryimage"},"thumbnailUrl":"https:\/\/suresms.com\/wp-content\/uploads\/2024\/08\/GoHighLevel-og-SureSMS-1.png","datePublished":"2024-08-07T14:55:17+00:00","dateModified":"2025-01-04T22:55:27+00:00","description":"Integrera SMS i GoHighLevel idag och b\u00f6rja skapa v\u00e4rdefulla automatiseringar och kampanjer! En \u00f6ppningsfrekvens p\u00e5 98 %.","breadcrumb":{"@id":"https:\/\/suresms.com\/dk\/integrationer\/marketing-automation\/gohighlevel\/#breadcrumb"},"inLanguage":"sv-SE","potentialAction":[{"@type":"ReadAction","target":["https:\/\/suresms.com\/dk\/integrationer\/marketing-automation\/gohighlevel\/"]}]},{"@type":"ImageObject","inLanguage":"sv-SE","@id":"https:\/\/suresms.com\/dk\/integrationer\/marketing-automation\/gohighlevel\/#primaryimage","url":"https:\/\/suresms.com\/wp-content\/uploads\/2024\/08\/GoHighLevel-og-SureSMS-1.png","contentUrl":"https:\/\/suresms.com\/wp-content\/uploads\/2024\/08\/GoHighLevel-og-SureSMS-1.png"},{"@type":"BreadcrumbList","@id":"https:\/\/suresms.com\/dk\/integrationer\/marketing-automation\/gohighlevel\/#breadcrumb","itemListElement":[{"@type":"ListItem","position":1,"name":"Home","item":"https:\/\/suresms.com\/dk\/"},{"@type":"ListItem","position":2,"name":"Integrationer","item":"https:\/\/suresms.com\/dk\/integrationer\/"},{"@type":"ListItem","position":3,"name":"SMS integration til Marketing Automation","item":"https:\/\/suresms.com\/dk\/integrationer\/marketing-automation\/"},{"@type":"ListItem","position":4,"name":"SMS integration til GoHighLevel"}]},{"@type":"WebSite","@id":"https:\/\/suresms.com\/en\/#website","url":"https:\/\/suresms.com\/en\/","name":"SureSMS","description":"Professionell SMS Gateway","publisher":{"@id":"https:\/\/suresms.com\/en\/#organization"},"potentialAction":[{"@type":"SearchAction","target":{"@type":"EntryPoint","urlTemplate":"https:\/\/suresms.com\/en\/?s={search_term_string}"},"query-input":{"@type":"PropertyValueSpecification","valueRequired":true,"valueName":"search_term_string"}}],"inLanguage":"sv-SE"},{"@type":"Organization","@id":"https:\/\/suresms.com\/en\/#organization","name":"SureSMS","url":"https:\/\/suresms.com\/en\/","logo":{"@type":"ImageObject","inLanguage":"sv-SE","@id":"https:\/\/suresms.com\/en\/#\/schema\/logo\/image\/","url":"https:\/\/suresms.com\/wp-content\/uploads\/2024\/11\/suresms-300x65-1.png","contentUrl":"https:\/\/suresms.com\/wp-content\/uploads\/2024\/11\/suresms-300x65-1.png","width":300,"height":65,"caption":"SureSMS"},"image":{"@id":"https:\/\/suresms.com\/en\/#\/schema\/logo\/image\/"},"sameAs":["https:\/\/www.facebook.com\/p\/SureSMS-100044607956149\/"]}]}},"_links":{"self":[{"href":"https:\/\/suresms.com\/sv\/wp-json\/wp\/v2\/pages\/18233","targetHints":{"allow":["GET"]}}],"collection":[{"href":"https:\/\/suresms.com\/sv\/wp-json\/wp\/v2\/pages"}],"about":[{"href":"https:\/\/suresms.com\/sv\/wp-json\/wp\/v2\/types\/page"}],"author":[{"embeddable":true,"href":"https:\/\/suresms.com\/sv\/wp-json\/wp\/v2\/users\/1"}],"replies":[{"embeddable":true,"href":"https:\/\/suresms.com\/sv\/wp-json\/wp\/v2\/comments?post=18233"}],"version-history":[{"count":3,"href":"https:\/\/suresms.com\/sv\/wp-json\/wp\/v2\/pages\/18233\/revisions"}],"predecessor-version":[{"id":19612,"href":"https:\/\/suresms.com\/sv\/wp-json\/wp\/v2\/pages\/18233\/revisions\/19612"}],"up":[{"embeddable":true,"href":"https:\/\/suresms.com\/sv\/wp-json\/wp\/v2\/pages\/13367"}],"wp:attachment":[{"href":"https:\/\/suresms.com\/sv\/wp-json\/wp\/v2\/media?parent=18233"}],"wp:term":[{"taxonomy":"category","embeddable":true,"href":"https:\/\/suresms.com\/sv\/wp-json\/wp\/v2\/categories?post=18233"},{"taxonomy":"post_tag","embeddable":true,"href":"https:\/\/suresms.com\/sv\/wp-json\/wp\/v2\/tags?post=18233"}],"curies":[{"name":"wp","href":"https:\/\/api.w.org\/{rel}","templated":true}]}}