{"id":18224,"date":"2024-08-05T09:41:36","date_gmt":"2024-08-05T07:41:36","guid":{"rendered":"https:\/\/www.suresms.com\/dk\/?page_id=18224"},"modified":"2025-06-04T13:54:10","modified_gmt":"2025-06-04T13:54:10","slug":"stationsnamn-4","status":"publish","type":"page","link":"https:\/\/suresms.com\/sv\/docs\/message\/outbox\/","title":{"rendered":"Utkorgen"},"content":{"rendered":"<!-- Flexy Breadcrumb -->\r\n\t\t\t<div class=\"fbc fbc-page\">\r\n\r\n\t\t\t\t<!-- Breadcrumb wrapper -->\r\n\t\t\t\t<div class=\"fbc-wrap\">\r\n\r\n\t\t\t\t\t<!-- Ordered list-->\r\n\t\t\t\t\t<ol class=\"fbc-items\" itemscope itemtype=\"https:\/\/schema.org\/BreadcrumbList\">\r\n\t\t\t\t\t\t            <li itemprop=\"itemListElement\" itemscope itemtype=\"https:\/\/schema.org\/ListItem\">\r\n                <span itemprop=\"name\">\r\n                    <!-- Home Link -->\r\n                    <a itemprop=\"item\" href=\"https:\/\/suresms.com\/sv\/\">\r\n                    \r\n                                                    <i class=\"fa fa-home\" aria-hidden=\"true\"><\/i>Hem                    <\/a>\r\n                <\/span>\r\n                <meta itemprop=\"position\" content=\"1\" \/><!-- Meta Position-->\r\n             <\/li><li><span class=\"fbc-separator\">\/<\/span><\/li><li class=\"active\" itemprop=\"itemListElement\" itemscope itemtype=\"https:\/\/schema.org\/ListItem\"><span itemprop=\"name\" title=\"Utkorgen\">Utkorgen<\/span><meta itemprop=\"position\" content=\"2\" \/><\/li>\t\t\t\t\t<\/ol>\r\n\t\t\t\t\t<div class=\"clearfix\"><\/div>\r\n\t\t\t\t<\/div>\r\n\t\t\t<\/div>\r\n\t\t\t\n<h1>\n\t\t\tUtmatningsfack\t<\/h1>\n\t<p>Nedan kan du l\u00e4sa om utkorgen och vilken information du kan se och filtrera.<\/p>\n<h2>\n\t\t\tUtkorgen\t<\/h2>\n\t<p>Utkorgen inneh\u00e5ller meddelanden som har skickats eller som \u00e4r redo att skickas. I princip ser den ut s\u00e5 h\u00e4r. Nedan kan du se en kort video som beskriver hur utkorgen fungerar. Men du kan ocks\u00e5 l\u00e4sa mer om varje punkt l\u00e4ngre ner.<\/p>\n\t\t\t\t\t<video src=\"https:\/\/suresms.com\/wp-content\/uploads\/2024\/08\/Dokumentation-Udbakken-1.mp4\" alt=\"hosted-video-thumbnail\"><\/video>\n\t\t<h2>\n\t\t\tKolumner\t<\/h2>\n\t<p><em>Till numret:\u00a0<\/em>Inneh\u00e5ller det nummer som meddelandet skickas till.<\/p>\n<p><em>Meddelande:\u00a0<\/em>Det faktiska meddelandet som har skickats. Observera att texten inte n\u00f6dv\u00e4ndigtvis \u00e5terspeglar hur texten ser ut i telefonen. Telefoner kan formatera meddelanden p\u00e5 olika s\u00e4tt, s\u00e5 det beror p\u00e5 mottagarens telefon exakt hur det ser ut.<\/p>\n<p><em>Tid: <\/em>Det \u00e4r antingen den tid d\u00e5 meddelandet skickades eller n\u00e4r det \u00e4r planerat att skickas.<\/p>\n<p><em>Skicka: <\/em>Klicka p\u00e5 ikonen f\u00f6r att snabbt komma till\u00a0<a href=\"https:\/\/suresms.com\/sv\/dokument\/konto-3\/stationsnamn-3\/\"><em>Nytt meddelande<\/em><\/a> och skicka ett nytt meddelande till samma mottagare.<\/p>\n<p><em>OK<\/em>: Visuell beskrivning av meddelandets status. Om den \u00e4r gr\u00f6n betyder det att meddelandet har skickats. Om den \u00e4r gul betyder det att meddelandet \u00e4r p\u00e5 v\u00e4g. Om det \u00e4r r\u00f6tt betyder det att det inte kan levereras. En bl\u00e5 pil som f\u00e4rdas runt betyder att det \u00e4nnu inte har skickats.<\/p>\n<p><em>Status:\u00a0<\/em>En beskrivning av statusen f\u00f6r meddelandet. H\u00e5ll muspekaren \u00f6ver beskrivningen f\u00f6r att f\u00e5 en utf\u00f6rligare beskrivning.<\/p>\n<p><em>Info:\u00a0<\/em>Klicka p\u00e5 pilen f\u00f6r att se en detaljerad beskrivning av meddelandet.<\/p>\n<h2>\n\t\t\t\u00d6versta baren\t<\/h2>\n\t\t\t\t<img decoding=\"async\" src=\"https:\/\/suresms.com\/wp-content\/uploads\/2024\/08\/Skaermbillede-2024-08-05-102405.png\" alt=\"Sk\u00e4rmdump 2024-08-05 102405\" itemprop=\"image\" height=\"149\" width=\"2005\" title=\"Sk\u00e4rmdump 2024-08-05 102405\" onerror=\"this.style.display='none'\" loading='lazy' \/>\n\t<p><em>S\u00f6k:<\/em> I det \u00f6vre f\u00e4ltet kan du s\u00f6ka efter meddelanden som du har skickat. S\u00f6kningen \u00e4r begr\u00e4nsad till det datumintervall som har st\u00e4llts in.<\/p>\n<p><em>Datum:\u00a0<\/em>Du kommer bara att se meddelanden i det datumintervall du har valt. B\u00e5da datumen ing\u00e5r i listan.<\/p>\n<p><em>Per sida:\u00a0<\/em> St\u00e4ller in hur m\u00e5nga meddelanden du vill ha per sida. Du kan v\u00e4xla till n\u00e4sta sida med pilarna l\u00e4ngst ned p\u00e5 sidan.<\/p>\n<p><em>Filter:\u00a0<\/em>Om du vill filtrera meddelanden efter t.ex. status eller om l\u00e4nkar har bes\u00f6kts kan du anv\u00e4nda den h\u00e4r funktionen.<\/p>\n<p><em>Val:\u00a0<\/em>Genom att markera ett meddelande med en bock till v\u00e4nster om meddelandet kan du ta bort, skicka om eller exportera meddelandena.<\/p>\n<p>&nbsp;<\/p>\n<h2>\n\t\t\tTa bort meddelande i utkorgen\t<\/h2>\n\t<p>Det \u00e4r m\u00f6jligt att ta bort ett eller flera meddelanden fr\u00e5n utkorgen. F\u00f6r att g\u00f6ra detta markerar du de meddelanden du vill ta bort till v\u00e4nster om meddelandet. Klicka sedan p\u00e5 markeringen i det \u00f6vre h\u00f6gra h\u00f6rnet och klicka sedan p\u00e5 \"Ta bort\".<\/p>\n\t<p>Du har ocks\u00e5 m\u00f6jlighet att radera alla meddelanden genom att markera alla meddelanden med den \u00f6versta bocken. Observera att systemet endast raderar de markerade meddelandena. Om du vill radera alla meddelanden m\u00e5ste du allts\u00e5 f\u00f6rst v\u00e4lja sidstorleken \"Alla\".<\/p>\n\t\t\t\t\t<video src=\"https:\/\/suresms.com\/wp-content\/uploads\/2025\/06\/Dokumentation-Slet-besked-i-udbakken.mp4\" alt=\"hosted-video-thumbnail\"><\/video>","protected":false},"excerpt":{"rendered":"<p>Utkorg Nedan kan du l\u00e4sa om utkorgen och vilken information du kan se och filtrera. Utkorg Utkorgen inneh\u00e5ller meddelanden som har skickats eller som \u00e4r redo att skickas. I princip ser den ut s\u00e5 h\u00e4r. Nedan kan du se en kort video som beskriver hur utkorgen fungerar. Men du kan ocks\u00e5 l\u00e4sa om ... <a title=\"Utkorgen\" class=\"read-more\" href=\"https:\/\/suresms.com\/sv\/docs\/message\/outbox\/\" aria-label=\"L\u00e4s mer om Outbox\">L\u00e4s mer om det<\/a><\/p>","protected":false},"author":1,"featured_media":0,"parent":18168,"menu_order":0,"comment_status":"closed","ping_status":"closed","template":"","meta":{"_fl_builder_enabled":"1","_fl_builder_data":null,"_fl_builder_draft":null,"_fl_builder_data_settings":null,"_fl_builder_css":"","_fl_builder_css_version":"","_fl_builder_js":"","footnotes":""},"categories":[],"tags":[],"class_list":["post-18224","page","type-page","status-publish"],"yoast_head":"<!-- This site is optimized with the Yoast SEO Premium plugin v27.3 (Yoast SEO v27.3) - https:\/\/yoast.com\/product\/yoast-seo-premium-wordpress\/ -->\r\n<title>Outbox -<\/title>\r\n<meta name=\"robots\" content=\"index, follow, max-snippet:-1, max-image-preview:large, max-video-preview:-1\" \/>\r\n<link rel=\"canonical\" href=\"https:\/\/suresms.com\/sv\/dokument\/konto-3\/stationsnamn-4\/\" \/>\r\n<meta property=\"og:locale\" content=\"sv_SE\" \/>\r\n<meta property=\"og:type\" content=\"article\" \/>\r\n<meta property=\"og:title\" content=\"Outbox\" \/>\r\n<meta property=\"og:description\" content=\"Udbakke Herunder kan du l\u00e6se om udbakken og hvilke informationer du kan se og filtrere. Udbakken Udbakken indeholder de beskeder der er sendt eller som ligger klar til at blive sendt. I udgangspunktet ser denne s\u00e5ledes ud. Du kan se en kort video herunder der beskriver hvordan udbakken virker. Men du kan ogs\u00e5 l\u00e6se om ... L\u00e4s mer\" \/>\r\n<meta property=\"og:url\" content=\"https:\/\/suresms.com\/sv\/dokument\/konto-3\/stationsnamn-4\/\" \/>\r\n<meta property=\"article:publisher\" content=\"https:\/\/www.facebook.com\/p\/SureSMS-100044607956149\/\" \/>\r\n<meta property=\"article:modified_time\" content=\"2025-06-04T13:54:10+00:00\" \/>\r\n<meta property=\"og:image\" content=\"https:\/\/suresms.com\/wp-content\/uploads\/2024\/08\/Skaermbillede-2024-08-05-102405.png\" \/>\r\n<meta name=\"twitter:card\" content=\"summary_large_image\" \/>\r\n<meta name=\"twitter:label1\" content=\"Ber\u00e4knad l\u00e4stid\" \/>\n\t<meta name=\"twitter:data1\" content=\"3 minuter\" \/>\r\n<script type=\"application\/ld+json\" class=\"yoast-schema-graph\">{\"@context\":\"https:\\\/\\\/schema.org\",\"@graph\":[{\"@type\":\"WebPage\",\"@id\":\"https:\\\/\\\/suresms.com\\\/dk\\\/docs\\\/message\\\/outbox\\\/\",\"url\":\"https:\\\/\\\/suresms.com\\\/dk\\\/docs\\\/message\\\/outbox\\\/\",\"name\":\"Outbox -\",\"isPartOf\":{\"@id\":\"https:\\\/\\\/suresms.com\\\/en\\\/#website\"},\"primaryImageOfPage\":{\"@id\":\"https:\\\/\\\/suresms.com\\\/dk\\\/docs\\\/message\\\/outbox\\\/#primaryimage\"},\"image\":{\"@id\":\"https:\\\/\\\/suresms.com\\\/dk\\\/docs\\\/message\\\/outbox\\\/#primaryimage\"},\"thumbnailUrl\":\"https:\\\/\\\/suresms.com\\\/wp-content\\\/uploads\\\/2024\\\/08\\\/Skaermbillede-2024-08-05-102405.png\",\"datePublished\":\"2024-08-05T07:41:36+00:00\",\"dateModified\":\"2025-06-04T13:54:10+00:00\",\"breadcrumb\":{\"@id\":\"https:\\\/\\\/suresms.com\\\/dk\\\/docs\\\/message\\\/outbox\\\/#breadcrumb\"},\"inLanguage\":\"sv-SE\",\"potentialAction\":[{\"@type\":\"ReadAction\",\"target\":[\"https:\\\/\\\/suresms.com\\\/dk\\\/docs\\\/message\\\/outbox\\\/\"]}]},{\"@type\":\"ImageObject\",\"inLanguage\":\"sv-SE\",\"@id\":\"https:\\\/\\\/suresms.com\\\/dk\\\/docs\\\/message\\\/outbox\\\/#primaryimage\",\"url\":\"https:\\\/\\\/suresms.com\\\/wp-content\\\/uploads\\\/2024\\\/08\\\/Skaermbillede-2024-08-05-102405.png\",\"contentUrl\":\"https:\\\/\\\/suresms.com\\\/wp-content\\\/uploads\\\/2024\\\/08\\\/Skaermbillede-2024-08-05-102405.png\"},{\"@type\":\"BreadcrumbList\",\"@id\":\"https:\\\/\\\/suresms.com\\\/dk\\\/docs\\\/message\\\/outbox\\\/#breadcrumb\",\"itemListElement\":[{\"@type\":\"ListItem\",\"position\":1,\"name\":\"Home\",\"item\":\"https:\\\/\\\/suresms.com\\\/dk\\\/\"},{\"@type\":\"ListItem\",\"position\":2,\"name\":\"Dokumentation\",\"item\":\"https:\\\/\\\/suresms.com\\\/dk\\\/docs\\\/\"},{\"@type\":\"ListItem\",\"position\":3,\"name\":\"Beskeder\",\"item\":\"https:\\\/\\\/suresms.com\\\/dk\\\/docs\\\/message\\\/\"},{\"@type\":\"ListItem\",\"position\":4,\"name\":\"Outbox\"}]},{\"@type\":\"WebSite\",\"@id\":\"https:\\\/\\\/suresms.com\\\/en\\\/#website\",\"url\":\"https:\\\/\\\/suresms.com\\\/en\\\/\",\"name\":\"SureSMS\",\"description\":\"Professionel SMS Gateway\",\"publisher\":{\"@id\":\"https:\\\/\\\/suresms.com\\\/en\\\/#organization\"},\"potentialAction\":[{\"@type\":\"SearchAction\",\"target\":{\"@type\":\"EntryPoint\",\"urlTemplate\":\"https:\\\/\\\/suresms.com\\\/en\\\/?s={search_term_string}\"},\"query-input\":{\"@type\":\"PropertyValueSpecification\",\"valueRequired\":true,\"valueName\":\"search_term_string\"}}],\"inLanguage\":\"sv-SE\"},{\"@type\":\"Organization\",\"@id\":\"https:\\\/\\\/suresms.com\\\/en\\\/#organization\",\"name\":\"SureSMS\",\"url\":\"https:\\\/\\\/suresms.com\\\/en\\\/\",\"logo\":{\"@type\":\"ImageObject\",\"inLanguage\":\"sv-SE\",\"@id\":\"https:\\\/\\\/suresms.com\\\/en\\\/#\\\/schema\\\/logo\\\/image\\\/\",\"url\":\"https:\\\/\\\/suresms.com\\\/wp-content\\\/uploads\\\/2024\\\/11\\\/suresms-300x65-1.png\",\"contentUrl\":\"https:\\\/\\\/suresms.com\\\/wp-content\\\/uploads\\\/2024\\\/11\\\/suresms-300x65-1.png\",\"width\":300,\"height\":65,\"caption\":\"SureSMS\"},\"image\":{\"@id\":\"https:\\\/\\\/suresms.com\\\/en\\\/#\\\/schema\\\/logo\\\/image\\\/\"},\"sameAs\":[\"https:\\\/\\\/www.facebook.com\\\/p\\\/SureSMS-100044607956149\\\/\"]}]}<\/script>\r\n<!-- \/ Yoast SEO Premium plugin. -->","yoast_head_json":{"title":"Utkorg -","robots":{"index":"index","follow":"follow","max-snippet":"max-snippet:-1","max-image-preview":"max-image-preview:large","max-video-preview":"max-video-preview:-1"},"canonical":"https:\/\/suresms.com\/sv\/dokument\/konto-3\/stationsnamn-4\/","og_locale":"sv_SE","og_type":"article","og_title":"Outbox","og_description":"Udbakke Herunder kan du l\u00e6se om udbakken og hvilke informationer du kan se og filtrere. Udbakken Udbakken indeholder de beskeder der er sendt eller som ligger klar til at blive sendt. I udgangspunktet ser denne s\u00e5ledes ud. Du kan se en kort video herunder der beskriver hvordan udbakken virker. Men du kan ogs\u00e5 l\u00e6se om ... L\u00e4s mer","og_url":"https:\/\/suresms.com\/sv\/dokument\/konto-3\/stationsnamn-4\/","article_publisher":"https:\/\/www.facebook.com\/p\/SureSMS-100044607956149\/","article_modified_time":"2025-06-04T13:54:10+00:00","og_image":[{"url":"https:\/\/suresms.com\/wp-content\/uploads\/2024\/08\/Skaermbillede-2024-08-05-102405.png","type":"","width":"","height":""}],"twitter_card":"summary_large_image","twitter_misc":{"Ber\u00e4knad l\u00e4stid":"3 minuter"},"schema":{"@context":"https:\/\/schema.org","@graph":[{"@type":"WebPage","@id":"https:\/\/suresms.com\/dk\/docs\/message\/outbox\/","url":"https:\/\/suresms.com\/dk\/docs\/message\/outbox\/","name":"Utkorg -","isPartOf":{"@id":"https:\/\/suresms.com\/en\/#website"},"primaryImageOfPage":{"@id":"https:\/\/suresms.com\/dk\/docs\/message\/outbox\/#primaryimage"},"image":{"@id":"https:\/\/suresms.com\/dk\/docs\/message\/outbox\/#primaryimage"},"thumbnailUrl":"https:\/\/suresms.com\/wp-content\/uploads\/2024\/08\/Skaermbillede-2024-08-05-102405.png","datePublished":"2024-08-05T07:41:36+00:00","dateModified":"2025-06-04T13:54:10+00:00","breadcrumb":{"@id":"https:\/\/suresms.com\/dk\/docs\/message\/outbox\/#breadcrumb"},"inLanguage":"sv-SE","potentialAction":[{"@type":"ReadAction","target":["https:\/\/suresms.com\/dk\/docs\/message\/outbox\/"]}]},{"@type":"ImageObject","inLanguage":"sv-SE","@id":"https:\/\/suresms.com\/dk\/docs\/message\/outbox\/#primaryimage","url":"https:\/\/suresms.com\/wp-content\/uploads\/2024\/08\/Skaermbillede-2024-08-05-102405.png","contentUrl":"https:\/\/suresms.com\/wp-content\/uploads\/2024\/08\/Skaermbillede-2024-08-05-102405.png"},{"@type":"BreadcrumbList","@id":"https:\/\/suresms.com\/dk\/docs\/message\/outbox\/#breadcrumb","itemListElement":[{"@type":"ListItem","position":1,"name":"Home","item":"https:\/\/suresms.com\/dk\/"},{"@type":"ListItem","position":2,"name":"Dokumentation","item":"https:\/\/suresms.com\/dk\/docs\/"},{"@type":"ListItem","position":3,"name":"Beskeder","item":"https:\/\/suresms.com\/dk\/docs\/message\/"},{"@type":"ListItem","position":4,"name":"Outbox"}]},{"@type":"WebSite","@id":"https:\/\/suresms.com\/en\/#website","url":"https:\/\/suresms.com\/en\/","name":"SureSMS","description":"Professionell SMS Gateway","publisher":{"@id":"https:\/\/suresms.com\/en\/#organization"},"potentialAction":[{"@type":"SearchAction","target":{"@type":"EntryPoint","urlTemplate":"https:\/\/suresms.com\/en\/?s={search_term_string}"},"query-input":{"@type":"PropertyValueSpecification","valueRequired":true,"valueName":"search_term_string"}}],"inLanguage":"sv-SE"},{"@type":"Organization","@id":"https:\/\/suresms.com\/en\/#organization","name":"SureSMS","url":"https:\/\/suresms.com\/en\/","logo":{"@type":"ImageObject","inLanguage":"sv-SE","@id":"https:\/\/suresms.com\/en\/#\/schema\/logo\/image\/","url":"https:\/\/suresms.com\/wp-content\/uploads\/2024\/11\/suresms-300x65-1.png","contentUrl":"https:\/\/suresms.com\/wp-content\/uploads\/2024\/11\/suresms-300x65-1.png","width":300,"height":65,"caption":"SureSMS"},"image":{"@id":"https:\/\/suresms.com\/en\/#\/schema\/logo\/image\/"},"sameAs":["https:\/\/www.facebook.com\/p\/SureSMS-100044607956149\/"]}]}},"_links":{"self":[{"href":"https:\/\/suresms.com\/sv\/wp-json\/wp\/v2\/pages\/18224","targetHints":{"allow":["GET"]}}],"collection":[{"href":"https:\/\/suresms.com\/sv\/wp-json\/wp\/v2\/pages"}],"about":[{"href":"https:\/\/suresms.com\/sv\/wp-json\/wp\/v2\/types\/page"}],"author":[{"embeddable":true,"href":"https:\/\/suresms.com\/sv\/wp-json\/wp\/v2\/users\/1"}],"replies":[{"embeddable":true,"href":"https:\/\/suresms.com\/sv\/wp-json\/wp\/v2\/comments?post=18224"}],"version-history":[{"count":3,"href":"https:\/\/suresms.com\/sv\/wp-json\/wp\/v2\/pages\/18224\/revisions"}],"predecessor-version":[{"id":23421,"href":"https:\/\/suresms.com\/sv\/wp-json\/wp\/v2\/pages\/18224\/revisions\/23421"}],"up":[{"embeddable":true,"href":"https:\/\/suresms.com\/sv\/wp-json\/wp\/v2\/pages\/18168"}],"wp:attachment":[{"href":"https:\/\/suresms.com\/sv\/wp-json\/wp\/v2\/media?parent=18224"}],"wp:term":[{"taxonomy":"category","embeddable":true,"href":"https:\/\/suresms.com\/sv\/wp-json\/wp\/v2\/categories?post=18224"},{"taxonomy":"post_tag","embeddable":true,"href":"https:\/\/suresms.com\/sv\/wp-json\/wp\/v2\/tags?post=18224"}],"curies":[{"name":"wp","href":"https:\/\/api.w.org\/{rel}","templated":true}]}}