{"id":18183,"date":"2024-07-10T18:12:05","date_gmt":"2024-07-10T16:12:05","guid":{"rendered":"https:\/\/www.suresms.com\/dk\/?page_id=18183"},"modified":"2026-02-17T05:14:01","modified_gmt":"2026-02-17T05:14:01","slug":"stationsnamn-3","status":"publish","type":"page","link":"https:\/\/suresms.com\/sv\/docs\/message\/newmessage\/","title":{"rendered":"Nytt meddelande"},"content":{"rendered":"<!-- Flexy Breadcrumb -->\r\n\t\t\t<div class=\"fbc fbc-page\">\r\n\r\n\t\t\t\t<!-- Breadcrumb wrapper -->\r\n\t\t\t\t<div class=\"fbc-wrap\">\r\n\r\n\t\t\t\t\t<!-- Ordered list-->\r\n\t\t\t\t\t<ol class=\"fbc-items\" itemscope itemtype=\"https:\/\/schema.org\/BreadcrumbList\">\r\n\t\t\t\t\t\t            <li itemprop=\"itemListElement\" itemscope itemtype=\"https:\/\/schema.org\/ListItem\">\r\n                <span itemprop=\"name\">\r\n                    <!-- Home Link -->\r\n                    <a itemprop=\"item\" href=\"https:\/\/suresms.com\/sv\/\">\r\n                    \r\n                                                    <i class=\"fa fa-home\" aria-hidden=\"true\"><\/i>Hem                    <\/a>\r\n                <\/span>\r\n                <meta itemprop=\"position\" content=\"1\" \/><!-- Meta Position-->\r\n             <\/li><li><span class=\"fbc-separator\">\/<\/span><\/li><li class=\"active\" itemprop=\"itemListElement\" itemscope itemtype=\"https:\/\/schema.org\/ListItem\"><span itemprop=\"name\" title=\"Nytt meddelande\">Nytt meddelande<\/span><meta itemprop=\"position\" content=\"2\" \/><\/li>\t\t\t\t\t<\/ol>\r\n\t\t\t\t\t<div class=\"clearfix\"><\/div>\r\n\t\t\t\t<\/div>\r\n\t\t\t<\/div>\r\n\t\t\t\n<h1>\n\t\t\tNytt meddelande\t<\/h1>\n\t<p>Nedan kan du l\u00e4sa om sk\u00e4rmdumpen\u00a0<em>Nytt meddelande<\/em>. Varje omr\u00e5de f\u00f6rklaras och f\u00f6r vissa beskrivningar finns f\u00f6rdjupande l\u00e4nkar.<\/p>\n<h2>\n\t\t\tSkapa ett nytt meddelande\t<\/h2>\n\t<p>L\u00e5t oss b\u00f6rja med att titta p\u00e5 den nya sk\u00e4rmdumpen f\u00f6r att skicka meddelanden. Nedan kan du se hela sk\u00e4rmdumpen av\u00a0<em>Nytt meddelande.\u00a0<\/em>F\u00f6ljande f\u00f6rklaring avser denna sk\u00e4rm och de olika elementen i den.<\/p>\n<figure itemscope itemtype=\"https:\/\/schema.org\/ImageObject\">\n\t\t\t\t<img decoding=\"async\" src=\"https:\/\/suresms.com\/wp-content\/uploads\/2024\/07\/Ny-besked-skaermbillede-1.png\" alt=\"Sk\u00e4rmbild av nytt meddelande\" height=\"2152\" width=\"2277\" title=\"Sk\u00e4rmbild av nytt meddelande\" onerror=\"this.style.display='none'\" loading=\"lazy\" \/>\n\t<\/figure>\n\t<p><strong><em>Landskod:\u00a0<\/em><\/strong>V\u00e4lj landskod f\u00f6r mottagaren. Om du v\u00e4ljer fr\u00e5n grupper i adressboken anv\u00e4nds inte det h\u00e4r f\u00e4ltet eftersom varje kontakt i adressboken har sin egen landskod. Om du bara vill ange ett nummer i mottagarf\u00e4ltet m\u00e5ste landskoden vara korrekt. Systemet kommer ih\u00e5g landskoden fr\u00e5n tid till annan.<\/p>\n<p><strong><em>Telefonnummer<\/em><\/strong>: H\u00e4r anger du telefonnumret. Utan mellanslag, bindestreck eller n\u00e5got annat. Du kan ocks\u00e5 klistra in. Du kan till exempel v\u00e4lja m\u00e5nga nummer fr\u00e5n Excel och l\u00e4gga dem alla i det h\u00e4r f\u00e4ltet.<\/p>\n<p><strong><em>Meddelande:\u00a0<\/em><\/strong>H\u00e4r skriver du sj\u00e4lva meddelandet. Under meddelandet kan du se hur m\u00e5nga tecken du har skrivit, hur m\u00e5nga SMS det kommer att resultera i och hur mycket det kostar att skicka meddelandet.<\/p>\n<h2>\n\t\t\tAnv\u00e4nda mallar\t<\/h2>\n\t<p>Det \u00e4r m\u00f6jligt att skapa mallar i systemet. Mallar \u00e4r standardmeddelanden som lagras i systemet och som kan v\u00e4ljas n\u00e4r ett meddelande skickas. Det kan t.ex. vara \"Kom ih\u00e5g din tid i morgon\". D\u00e5 \u00e4r det bara att v\u00e4lja r\u00e4tt mall och trycka p\u00e5 skicka.<\/p>\n\t<p>Logga in p\u00e5 ditt SureSMS-konto h\u00e4r : <a href=\"https:\/\/app.suresms.com\" target=\"_blank\" rel=\"noopener\">https:\/\/app.suresms.com<\/a><\/p>\n<p>I menyn v\u00e4ljer du <em>Nytt meddelande\u00a0<\/em><\/p>\n<p>Klicka p\u00e5 <em>Val<\/em> till h\u00f6ger ovanf\u00f6r sj\u00e4lva meddelandef\u00e4ltet<\/p>\n<p>Klicka p\u00e5 <em>Hantera mallar<\/em><\/p>\n<p>Nu kan du skapa, redigera och ta bort mallarna.<\/p>\n<p>N\u00e4r du beh\u00f6ver anv\u00e4nda en mall g\u00f6r du p\u00e5 samma s\u00e4tt men v\u00e4ljer <em>Anv\u00e4nd mall<\/em> i menyn. V\u00e4lj sedan den mall du vill anv\u00e4nda och klicka p\u00e5 ok.<\/p>\n\t\t\t\t\t<video src=\"https:\/\/suresms.com\/wp-content\/uploads\/2024\/10\/Dokumentation-Skabeloner-i-beskeder.mp4\" alt=\"hosted-video-thumbnail\"><\/video>\n\t\t<h2>\n\t\t\tSammanfoga information i meddelandet\t<\/h2>\n\t<p>Logga in p\u00e5 ditt SureSMS-konto h\u00e4r : <a href=\"https:\/\/app.suresms.com\" target=\"_blank\" rel=\"noopener\">https:\/\/app.suresms.com<\/a><\/p>\n<p>I menyn v\u00e4ljer du <em>Nytt meddelande\u00a0<\/em><\/p>\n<p>Klicka p\u00e5 <em>Val<\/em> till h\u00f6ger ovanf\u00f6r sj\u00e4lva meddelandef\u00e4ltet<\/p>\n<p>Klicka p\u00e5 <em>Hantera mallar<\/em><\/p>\n<p>Nu kan du skapa, redigera och ta bort mallarna.<\/p>\n<p>N\u00e4r du beh\u00f6ver anv\u00e4nda en mall g\u00f6r du p\u00e5 samma s\u00e4tt men v\u00e4ljer <em>Anv\u00e4nd mall<\/em> i menyn. V\u00e4lj sedan den mall du vill anv\u00e4nda och klicka p\u00e5 ok.<\/p>\n\t\t\t\t\t<video src=\"https:\/\/suresms.com\/wp-content\/uploads\/2024\/10\/Dokumentation-Skabeloner-i-beskeder.mp4\" alt=\"hosted-video-thumbnail\"><\/video>\n\t\t<h2>\n\t\t\tL\u00e4gga till l\u00e4nkar i meddelanden\t<\/h2>\n\t<p>Det \u00e4r m\u00f6jligt att l\u00e4gga till l\u00e4nkar i dina meddelanden. Du kan l\u00e4gga till olika typer av l\u00e4nkar:<\/p>\n<p>1. Vanliga l\u00e4nkar till webbplatser, men d\u00e4r du f\u00e5r m\u00e4ta hur m\u00e5nga som klickar p\u00e5 l\u00e4nken.<\/p>\n<p>2. L\u00e4nka till filer, t.ex. PDF-filer<\/p>\n<p>3. MobilePay-l\u00e4nkar f\u00f6r direktbetalning i SMS-meddelandet<\/p>\n<p>I den h\u00e4r videon kan du se hur du l\u00e4gger till olika typer av l\u00e4nkar<\/p>\n\t\t\t\t\t<video src=\"https:\/\/suresms.com\/wp-content\/uploads\/2026\/02\/Dokumentation-Ny-besked-Tilfoejelse-af-Links-i-beskeder.mp4\" alt=\"hosted-video-thumbnail\"><\/video>\n\t\t<h2>\n\t\t\tSkapa inkommande telefonnummer\t<\/h2>\n\t<p>Om du vill ta emot svars-SMS direkt p\u00e5 SureSMS-plattformen eller i ett e-postmeddelande beh\u00f6ver du en tv\u00e5v\u00e4gs SMS-l\u00f6sning. Den viktigaste delen av denna l\u00f6sning \u00e4r att du m\u00e5ste ha ett telefonnummer med SureSMS som du kan ta emot SMS-meddelanden p\u00e5. Detta kostar 99,- DKK per m\u00e5nad. Det finns ingen avbokning p\u00e5 ett nummer.<\/p>\n\t<p>Logga in p\u00e5 ditt SureSMS-konto h\u00e4r : <a href=\"https:\/\/app.suresms.com\" target=\"_blank\" rel=\"noopener\">https:\/\/app.suresms.com<\/a><\/p>\n<p>Se till att du har mer \u00e4n 99,- p\u00e5 ditt konto, annars g\u00e5r du till onlinebetalning<\/p>\n<p>I menyn v\u00e4ljer du <em>Inst\u00e4llningar -&gt; Avs\u00e4ndarnamn<\/em> och sedan\u00a0<em>Val\u00a0<\/em>i det \u00f6vre h\u00f6gra h\u00f6rnet.<\/p>\n<p>V\u00e4lj <em>Nummer f\u00f6r inkommande SMS <\/em>i undermenyn<\/p>\n<p>V\u00e4lj det inkommande nummer du vill ha fr\u00e5n listan \u00f6ver tillg\u00e4ngliga nummer<\/p>\n<p>Klicka p\u00e5 <em>Best\u00e4llning<\/em><\/p>\n<p>Ditt inkommande nummer aktiveras omedelbart.<\/p>\n\t\t\t\t\t<video src=\"https:\/\/suresms.com\/wp-content\/uploads\/2024\/07\/Dokumentation-Bestil-indgaaende-SMS-nummer.mp4\" alt=\"hosted-video-thumbnail\"><\/video>\n\t\t\t\t\t\t\t\t\t\tOm du vill ta emot inkommande SMS p\u00e5 e-post \n\t\t\t\t\t<p>Klicka p\u00e5\u00a0<em>Inst\u00e4llningar och preferenser<\/em> i menyn<\/p>\n<p>Klicka p\u00e5\u00a0<em>Konto<\/em><\/p>\n<p>Klicka p\u00e5 <em>Inst\u00e4llningar f\u00f6r konto<\/em><\/p>\n<p>Klicka p\u00e5 \"redigera\"<\/p>\n<p>S\u00e4tt en bock i kryssrutan\u00a0<em>Skicka inkommande SMS som e-post<\/em><\/p>\n<p>Kontrollera att e-postadressen \u00e4r korrekt<\/p>\n<p>Klicka p\u00e5 <em>Gem<\/em><\/p>\n<h2>\n\t\t\tRadera inkommande telefonnummer\t<\/h2>\n\t<p>Om du inte l\u00e4ngre beh\u00f6ver ett inkommande SMS-nummer \u00e4r det en bra id\u00e9 att radera det. P\u00e5 s\u00e5 s\u00e4tt undviker du att dina mottagare skickar till dig av misstag och sparar pengar. L\u00e4s nedan hur du raderar ett inkommande SMS-nummer.<\/p>\n\t<p>Logga in p\u00e5 ditt SureSMS-konto h\u00e4r : <a href=\"https:\/\/app.suresms.com\" target=\"_blank\" rel=\"noopener\">https:\/\/app.suresms.com<\/a><\/p>\n<p>Se till att du har mer \u00e4n 99,- p\u00e5 ditt konto, annars g\u00e5r du till onlinebetalning<\/p>\n<p>I menyn v\u00e4ljer du <em>Inst\u00e4llningar -&gt; Avs\u00e4ndarnamn<\/em><\/p>\n<p>Klicka p\u00e5 <em>Radera <\/em>bredvid det nummer eller namn som du vill radera<\/p>\n<p>Skriv in numret eller namnet igen och klicka p\u00e5 <em>OK<\/em><\/p>\n<p>Ditt nummer kommer att raderas omedelbart. Fakturering f\u00f6r numret sker varje den 1:a i m\u00e5naden.<\/p>\n<p>Du kommer inte att \u00e5terbetalas n\u00e5gra belopp som betalats.\u00a0<\/p>\n\t\t\t\t\t<video src=\"https:\/\/suresms.com\/wp-content\/uploads\/2024\/07\/Dokumentation-Slet-afsendernavn-og-indgaaende-SMS-nummer.mp4\" alt=\"hosted-video-thumbnail\"><\/video>\n\t\t<h2>\n\t\t\tImportera meddelanden fr\u00e5n fil\t<\/h2>\n\t<p>Du kan skapa en CSV-fil med alla dina meddelanden, importera och skicka direkt fr\u00e5n fliken Nytt meddelande. S\u00e5 h\u00e4r g\u00f6r du.<\/p>\n<p>Skapa f\u00f6rst en CSV-fil med f\u00f6ljande kolumner<\/p>\nKolumn 1: Landskod<br \/>\nKolumn 2: Telefonnummer<br \/>\nKolumn 3: Det meddelande som ska skickas<br \/>\nKolumn 4: Tid f\u00f6r att skicka meddelandet (valfritt)\n<p>Klicka p\u00e5 ovanf\u00f6r mottagarf\u00e4ltet <em>Val<\/em> och tryck sedan p\u00e5 <em>Importera fr\u00e5n fil.\u00a0<\/em><\/p>\n<p>Dra din fil till uppladdningsf\u00e4ltet och klicka p\u00e5 <em>Import.<\/em><\/p>\n<p>Granska de meddelanden som ska skickas. Om de \u00e4r ok klickar du p\u00e5 Skicka.<\/p>","protected":false},"excerpt":{"rendered":"<p>Nytt meddelande Nedan kan du l\u00e4sa om sk\u00e4rmen Nytt meddelande. Varje f\u00e4lt f\u00f6rklaras och f\u00f6r vissa beskrivningar finns f\u00f6rdjupningsl\u00e4nkar. Skapa nytt meddelande L\u00e5t oss b\u00f6rja med att titta p\u00e5 sk\u00e4rmen f\u00f6r att skicka ett nytt meddelande. Nedan kan du se hela sk\u00e4rmdumpen f\u00f6r Nytt meddelande. F\u00f6ljande f\u00f6rklaring kommer att h\u00e4nvisa till denna sk\u00e4rmdump och de olika ... <a title=\"Nytt meddelande\" class=\"read-more\" href=\"https:\/\/suresms.com\/sv\/docs\/message\/newmessage\/\" aria-label=\"L\u00e4s mer om Nytt meddelande\">L\u00e4s mer om det<\/a><\/p>","protected":false},"author":1,"featured_media":0,"parent":18168,"menu_order":0,"comment_status":"closed","ping_status":"closed","template":"","meta":{"_fl_builder_enabled":"1","_fl_builder_data":null,"_fl_builder_draft":null,"_fl_builder_data_settings":null,"_fl_builder_css":"","_fl_builder_css_version":"","_fl_builder_js":"","footnotes":""},"categories":[],"tags":[],"class_list":["post-18183","page","type-page","status-publish"],"yoast_head":"<!-- This site is optimized with the Yoast SEO Premium plugin v27.3 (Yoast SEO v27.3) - https:\/\/yoast.com\/product\/yoast-seo-premium-wordpress\/ -->\r\n<title>Ny besked -<\/title>\r\n<meta name=\"robots\" content=\"index, follow, max-snippet:-1, max-image-preview:large, max-video-preview:-1\" \/>\r\n<link rel=\"canonical\" href=\"https:\/\/suresms.com\/sv\/dokument\/konto-3\/stationsnamn-3\/\" \/>\r\n<meta property=\"og:locale\" content=\"sv_SE\" \/>\r\n<meta property=\"og:type\" content=\"article\" \/>\r\n<meta property=\"og:title\" content=\"Ny besked\" \/>\r\n<meta property=\"og:description\" content=\"Ny besked Herunder kan du l\u00e6se om sk\u00e6rmbilledet\u00a0Ny besked. Hvert felt er forklaret og uddybende link er tilg\u00e6ngelige for nogle beskrivelser. Opret ny besked Lad os starte med at se sk\u00e6rmbilledet for afsendelse af ny besked. Herunder kan du se det fulde sk\u00e6rmbillede af\u00a0Ny besked.\u00a0I den efterf\u00f8lgende forklaring refereres til dette sk\u00e6rmbillede og de forskellige ... L\u00e4s mer\" \/>\r\n<meta property=\"og:url\" content=\"https:\/\/suresms.com\/sv\/dokument\/konto-3\/stationsnamn-3\/\" \/>\r\n<meta property=\"article:publisher\" content=\"https:\/\/www.facebook.com\/p\/SureSMS-100044607956149\/\" \/>\r\n<meta property=\"article:modified_time\" content=\"2026-02-17T05:14:01+00:00\" \/>\r\n<meta property=\"og:image\" content=\"https:\/\/suresms.com\/wp-content\/uploads\/2024\/07\/Ny-besked-skaermbillede-1.png\" \/>\r\n<meta name=\"twitter:card\" content=\"summary_large_image\" \/>\r\n<meta name=\"twitter:label1\" content=\"Ber\u00e4knad l\u00e4stid\" \/>\n\t<meta name=\"twitter:data1\" content=\"3 minuter\" \/>\r\n<script type=\"application\/ld+json\" class=\"yoast-schema-graph\">{\"@context\":\"https:\\\/\\\/schema.org\",\"@graph\":[{\"@type\":\"WebPage\",\"@id\":\"https:\\\/\\\/suresms.com\\\/dk\\\/docs\\\/message\\\/newmessage\\\/\",\"url\":\"https:\\\/\\\/suresms.com\\\/dk\\\/docs\\\/message\\\/newmessage\\\/\",\"name\":\"Ny besked -\",\"isPartOf\":{\"@id\":\"https:\\\/\\\/suresms.com\\\/en\\\/#website\"},\"primaryImageOfPage\":{\"@id\":\"https:\\\/\\\/suresms.com\\\/dk\\\/docs\\\/message\\\/newmessage\\\/#primaryimage\"},\"image\":{\"@id\":\"https:\\\/\\\/suresms.com\\\/dk\\\/docs\\\/message\\\/newmessage\\\/#primaryimage\"},\"thumbnailUrl\":\"https:\\\/\\\/suresms.com\\\/wp-content\\\/uploads\\\/2024\\\/07\\\/Ny-besked-skaermbillede-1.png\",\"datePublished\":\"2024-07-10T16:12:05+00:00\",\"dateModified\":\"2026-02-17T05:14:01+00:00\",\"breadcrumb\":{\"@id\":\"https:\\\/\\\/suresms.com\\\/dk\\\/docs\\\/message\\\/newmessage\\\/#breadcrumb\"},\"inLanguage\":\"sv-SE\",\"potentialAction\":[{\"@type\":\"ReadAction\",\"target\":[\"https:\\\/\\\/suresms.com\\\/dk\\\/docs\\\/message\\\/newmessage\\\/\"]}]},{\"@type\":\"ImageObject\",\"inLanguage\":\"sv-SE\",\"@id\":\"https:\\\/\\\/suresms.com\\\/dk\\\/docs\\\/message\\\/newmessage\\\/#primaryimage\",\"url\":\"https:\\\/\\\/suresms.com\\\/wp-content\\\/uploads\\\/2024\\\/07\\\/Ny-besked-skaermbillede-1.png\",\"contentUrl\":\"https:\\\/\\\/suresms.com\\\/wp-content\\\/uploads\\\/2024\\\/07\\\/Ny-besked-skaermbillede-1.png\"},{\"@type\":\"BreadcrumbList\",\"@id\":\"https:\\\/\\\/suresms.com\\\/dk\\\/docs\\\/message\\\/newmessage\\\/#breadcrumb\",\"itemListElement\":[{\"@type\":\"ListItem\",\"position\":1,\"name\":\"Home\",\"item\":\"https:\\\/\\\/suresms.com\\\/dk\\\/\"},{\"@type\":\"ListItem\",\"position\":2,\"name\":\"Dokumentation\",\"item\":\"https:\\\/\\\/suresms.com\\\/dk\\\/docs\\\/\"},{\"@type\":\"ListItem\",\"position\":3,\"name\":\"Beskeder\",\"item\":\"https:\\\/\\\/suresms.com\\\/dk\\\/docs\\\/message\\\/\"},{\"@type\":\"ListItem\",\"position\":4,\"name\":\"Ny besked\"}]},{\"@type\":\"WebSite\",\"@id\":\"https:\\\/\\\/suresms.com\\\/en\\\/#website\",\"url\":\"https:\\\/\\\/suresms.com\\\/en\\\/\",\"name\":\"SureSMS\",\"description\":\"Professionel SMS Gateway\",\"publisher\":{\"@id\":\"https:\\\/\\\/suresms.com\\\/en\\\/#organization\"},\"potentialAction\":[{\"@type\":\"SearchAction\",\"target\":{\"@type\":\"EntryPoint\",\"urlTemplate\":\"https:\\\/\\\/suresms.com\\\/en\\\/?s={search_term_string}\"},\"query-input\":{\"@type\":\"PropertyValueSpecification\",\"valueRequired\":true,\"valueName\":\"search_term_string\"}}],\"inLanguage\":\"sv-SE\"},{\"@type\":\"Organization\",\"@id\":\"https:\\\/\\\/suresms.com\\\/en\\\/#organization\",\"name\":\"SureSMS\",\"url\":\"https:\\\/\\\/suresms.com\\\/en\\\/\",\"logo\":{\"@type\":\"ImageObject\",\"inLanguage\":\"sv-SE\",\"@id\":\"https:\\\/\\\/suresms.com\\\/en\\\/#\\\/schema\\\/logo\\\/image\\\/\",\"url\":\"https:\\\/\\\/suresms.com\\\/wp-content\\\/uploads\\\/2024\\\/11\\\/suresms-300x65-1.png\",\"contentUrl\":\"https:\\\/\\\/suresms.com\\\/wp-content\\\/uploads\\\/2024\\\/11\\\/suresms-300x65-1.png\",\"width\":300,\"height\":65,\"caption\":\"SureSMS\"},\"image\":{\"@id\":\"https:\\\/\\\/suresms.com\\\/en\\\/#\\\/schema\\\/logo\\\/image\\\/\"},\"sameAs\":[\"https:\\\/\\\/www.facebook.com\\\/p\\\/SureSMS-100044607956149\\\/\"]}]}<\/script>\r\n<!-- \/ Yoast SEO Premium plugin. -->","yoast_head_json":{"title":"Nytt meddelande","robots":{"index":"index","follow":"follow","max-snippet":"max-snippet:-1","max-image-preview":"max-image-preview:large","max-video-preview":"max-video-preview:-1"},"canonical":"https:\/\/suresms.com\/sv\/dokument\/konto-3\/stationsnamn-3\/","og_locale":"sv_SE","og_type":"article","og_title":"Ny besked","og_description":"Ny besked Herunder kan du l\u00e6se om sk\u00e6rmbilledet\u00a0Ny besked. Hvert felt er forklaret og uddybende link er tilg\u00e6ngelige for nogle beskrivelser. Opret ny besked Lad os starte med at se sk\u00e6rmbilledet for afsendelse af ny besked. Herunder kan du se det fulde sk\u00e6rmbillede af\u00a0Ny besked.\u00a0I den efterf\u00f8lgende forklaring refereres til dette sk\u00e6rmbillede og de forskellige ... L\u00e4s mer","og_url":"https:\/\/suresms.com\/sv\/dokument\/konto-3\/stationsnamn-3\/","article_publisher":"https:\/\/www.facebook.com\/p\/SureSMS-100044607956149\/","article_modified_time":"2026-02-17T05:14:01+00:00","og_image":[{"url":"https:\/\/suresms.com\/wp-content\/uploads\/2024\/07\/Ny-besked-skaermbillede-1.png","type":"","width":"","height":""}],"twitter_card":"summary_large_image","twitter_misc":{"Ber\u00e4knad l\u00e4stid":"3 minuter"},"schema":{"@context":"https:\/\/schema.org","@graph":[{"@type":"WebPage","@id":"https:\/\/suresms.com\/dk\/docs\/message\/newmessage\/","url":"https:\/\/suresms.com\/dk\/docs\/message\/newmessage\/","name":"Nytt meddelande","isPartOf":{"@id":"https:\/\/suresms.com\/en\/#website"},"primaryImageOfPage":{"@id":"https:\/\/suresms.com\/dk\/docs\/message\/newmessage\/#primaryimage"},"image":{"@id":"https:\/\/suresms.com\/dk\/docs\/message\/newmessage\/#primaryimage"},"thumbnailUrl":"https:\/\/suresms.com\/wp-content\/uploads\/2024\/07\/Ny-besked-skaermbillede-1.png","datePublished":"2024-07-10T16:12:05+00:00","dateModified":"2026-02-17T05:14:01+00:00","breadcrumb":{"@id":"https:\/\/suresms.com\/dk\/docs\/message\/newmessage\/#breadcrumb"},"inLanguage":"sv-SE","potentialAction":[{"@type":"ReadAction","target":["https:\/\/suresms.com\/dk\/docs\/message\/newmessage\/"]}]},{"@type":"ImageObject","inLanguage":"sv-SE","@id":"https:\/\/suresms.com\/dk\/docs\/message\/newmessage\/#primaryimage","url":"https:\/\/suresms.com\/wp-content\/uploads\/2024\/07\/Ny-besked-skaermbillede-1.png","contentUrl":"https:\/\/suresms.com\/wp-content\/uploads\/2024\/07\/Ny-besked-skaermbillede-1.png"},{"@type":"BreadcrumbList","@id":"https:\/\/suresms.com\/dk\/docs\/message\/newmessage\/#breadcrumb","itemListElement":[{"@type":"ListItem","position":1,"name":"Home","item":"https:\/\/suresms.com\/dk\/"},{"@type":"ListItem","position":2,"name":"Dokumentation","item":"https:\/\/suresms.com\/dk\/docs\/"},{"@type":"ListItem","position":3,"name":"Beskeder","item":"https:\/\/suresms.com\/dk\/docs\/message\/"},{"@type":"ListItem","position":4,"name":"Ny besked"}]},{"@type":"WebSite","@id":"https:\/\/suresms.com\/en\/#website","url":"https:\/\/suresms.com\/en\/","name":"SureSMS","description":"Professionell SMS Gateway","publisher":{"@id":"https:\/\/suresms.com\/en\/#organization"},"potentialAction":[{"@type":"SearchAction","target":{"@type":"EntryPoint","urlTemplate":"https:\/\/suresms.com\/en\/?s={search_term_string}"},"query-input":{"@type":"PropertyValueSpecification","valueRequired":true,"valueName":"search_term_string"}}],"inLanguage":"sv-SE"},{"@type":"Organization","@id":"https:\/\/suresms.com\/en\/#organization","name":"SureSMS","url":"https:\/\/suresms.com\/en\/","logo":{"@type":"ImageObject","inLanguage":"sv-SE","@id":"https:\/\/suresms.com\/en\/#\/schema\/logo\/image\/","url":"https:\/\/suresms.com\/wp-content\/uploads\/2024\/11\/suresms-300x65-1.png","contentUrl":"https:\/\/suresms.com\/wp-content\/uploads\/2024\/11\/suresms-300x65-1.png","width":300,"height":65,"caption":"SureSMS"},"image":{"@id":"https:\/\/suresms.com\/en\/#\/schema\/logo\/image\/"},"sameAs":["https:\/\/www.facebook.com\/p\/SureSMS-100044607956149\/"]}]}},"_links":{"self":[{"href":"https:\/\/suresms.com\/sv\/wp-json\/wp\/v2\/pages\/18183","targetHints":{"allow":["GET"]}}],"collection":[{"href":"https:\/\/suresms.com\/sv\/wp-json\/wp\/v2\/pages"}],"about":[{"href":"https:\/\/suresms.com\/sv\/wp-json\/wp\/v2\/types\/page"}],"author":[{"embeddable":true,"href":"https:\/\/suresms.com\/sv\/wp-json\/wp\/v2\/users\/1"}],"replies":[{"embeddable":true,"href":"https:\/\/suresms.com\/sv\/wp-json\/wp\/v2\/comments?post=18183"}],"version-history":[{"count":5,"href":"https:\/\/suresms.com\/sv\/wp-json\/wp\/v2\/pages\/18183\/revisions"}],"predecessor-version":[{"id":23828,"href":"https:\/\/suresms.com\/sv\/wp-json\/wp\/v2\/pages\/18183\/revisions\/23828"}],"up":[{"embeddable":true,"href":"https:\/\/suresms.com\/sv\/wp-json\/wp\/v2\/pages\/18168"}],"wp:attachment":[{"href":"https:\/\/suresms.com\/sv\/wp-json\/wp\/v2\/media?parent=18183"}],"wp:term":[{"taxonomy":"category","embeddable":true,"href":"https:\/\/suresms.com\/sv\/wp-json\/wp\/v2\/categories?post=18183"},{"taxonomy":"post_tag","embeddable":true,"href":"https:\/\/suresms.com\/sv\/wp-json\/wp\/v2\/tags?post=18183"}],"curies":[{"name":"wp","href":"https:\/\/api.w.org\/{rel}","templated":true}]}}