{"id":18159,"date":"2024-07-05T10:02:03","date_gmt":"2024-07-05T08:02:03","guid":{"rendered":"https:\/\/www.suresms.com\/dk\/?page_id=18159"},"modified":"2025-07-31T10:42:20","modified_gmt":"2025-07-31T10:42:20","slug":"stationsnamn","status":"publish","type":"page","link":"https:\/\/suresms.com\/sv\/docs\/account\/sendername\/","title":{"rendered":"Avs\u00e4ndarens namn"},"content":{"rendered":"<!-- Flexy Breadcrumb -->\r\n\t\t\t<div class=\"fbc fbc-page\">\r\n\r\n\t\t\t\t<!-- Breadcrumb wrapper -->\r\n\t\t\t\t<div class=\"fbc-wrap\">\r\n\r\n\t\t\t\t\t<!-- Ordered list-->\r\n\t\t\t\t\t<ol class=\"fbc-items\" itemscope itemtype=\"https:\/\/schema.org\/BreadcrumbList\">\r\n\t\t\t\t\t\t            <li itemprop=\"itemListElement\" itemscope itemtype=\"https:\/\/schema.org\/ListItem\">\r\n                <span itemprop=\"name\">\r\n                    <!-- Home Link -->\r\n                    <a itemprop=\"item\" href=\"https:\/\/suresms.com\/sv\/\">\r\n                    \r\n                                                    <i class=\"fa fa-home\" aria-hidden=\"true\"><\/i>Hem                    <\/a>\r\n                <\/span>\r\n                <meta itemprop=\"position\" content=\"1\" \/><!-- Meta Position-->\r\n             <\/li><li><span class=\"fbc-separator\">\/<\/span><\/li><li class=\"active\" itemprop=\"itemListElement\" itemscope itemtype=\"https:\/\/schema.org\/ListItem\"><span itemprop=\"name\" title=\"Avs\u00e4ndarens namn\">Avs\u00e4ndarens namn<\/span><meta itemprop=\"position\" content=\"2\" \/><\/li>\t\t\t\t\t<\/ol>\r\n\t\t\t\t\t<div class=\"clearfix\"><\/div>\r\n\t\t\t\t<\/div>\r\n\t\t\t<\/div>\r\n\t\t\t\n<h1>\n\t\t\tAvs\u00e4ndarens namn och inkommande telefonnummer\t<\/h1>\n\t<p>Du kan best\u00e4lla ett annat telefonnummer som avs\u00e4ndarnamn eller du kan best\u00e4lla ett sms som avs\u00e4ndarnamn. Det \u00e4r ocks\u00e5 m\u00f6jligt att best\u00e4lla ett inkommande telefonnummer. L\u00e4s nedan f\u00f6r att f\u00e5 reda p\u00e5 hur.<\/p>\n<h2>\n\t\t\tSkapa avs\u00e4ndarnamn \t<\/h2>\n\t<p>Du kan v\u00e4lja att anv\u00e4nda ett avs\u00e4ndarnamn n\u00e4r du skickar ditt SMS. T.ex. SMS-Service eller MyCompany som avs\u00e4ndare. Om du g\u00f6r detta kommer mottagaren inte att kunna svara p\u00e5 ditt SMS. Du kan ocks\u00e5 v\u00e4lja att anv\u00e4nda ett telefonnummer. Det kan t.ex. vara f\u00f6reningens mobilnummer eller f\u00f6retagets kundtj\u00e4nst. Om du g\u00f6r detta och numret \u00e4r ett mobilnummer kan mottagaren svara p\u00e5 ditt SMS och svaret kommer att skickas till denna telefon.<\/p>\n\t<p>Logga in p\u00e5 ditt SureSMS-konto h\u00e4r : <a href=\"https:\/\/app.suresms.com\" target=\"_blank\" rel=\"noopener\">https:\/\/app.suresms.com<\/a><\/p>\n<p>I menyn v\u00e4ljer du <em>Inst\u00e4llningar -&gt; Avs\u00e4ndarnamn<\/em><\/p>\nI menyn kan du nu v\u00e4lja mellan<br \/>\n<em>Nytt avs\u00e4ndarnamn<br \/>\n<\/em>Om du t.ex. vill ha en avs\u00e4ndare som \u00e4r ditt f\u00f6retagsnamn eller din tj\u00e4nst.\n<em>Registrera ditt eget nummer<br \/>\n<\/em>Om du vill ha m\u00f6jlighet att skicka fr\u00e5n ett annat telefonnummer. N\u00e4r du v\u00e4ljer detta skickas ett SMS till numret och mottagaren m\u00e5ste bekr\u00e4fta att du kan skicka f\u00f6r deras r\u00e4kning innan numret aktiveras.\n<em>Telefonnummer f\u00f6r inkommande SMS<br \/>\n<\/em>Om du vill ta emot SMS p\u00e5 SureSMS-plattformen v\u00e4ljer du detta alternativ. Det kostar 99,- per m\u00e5nad att ha ett inkommande nummer.\n<p>Klicka p\u00e5 <em>Best\u00e4llning<\/em><\/p>\n\t\t\t\t\t<video src=\"https:\/\/suresms.com\/wp-content\/uploads\/2025\/07\/OK-Dokumentation-Opret-nyt-afsendernavn.mp4\" alt=\"hosted-video-thumbnail\"><\/video>\n\t\t<h2>\n\t\t\tTa bort avs\u00e4ndarens namn\t<\/h2>\n\t<p>Logga in p\u00e5 ditt SureSMS-konto h\u00e4r : <a href=\"https:\/\/app.suresms.com\" target=\"_blank\" rel=\"noopener\">https:\/\/app.suresms.com<\/a><\/p>\n<p>I menyn v\u00e4ljer du <em>Inst\u00e4llningar -&gt; Avs\u00e4ndarnamn<\/em><\/p>\n<p>Hitta det avs\u00e4ndarnamn som du vill ta bort.<\/p>\n<p>Klicka p\u00e5 papperskorgen bredvid namnet.<\/p>\n<p>Skriv nu in avs\u00e4ndarnamnet igen i f\u00e4ltet och klicka p\u00e5 Delete.<\/p>\n\t\t\t\t\t<video src=\"https:\/\/suresms.com\/wp-content\/uploads\/2025\/07\/OK-Dokumentation-Slet-afsendernavn.mp4\" alt=\"hosted-video-thumbnail\"><\/video>\n\t\t<h2>\n\t\t\tSkapa inkommande telefonnummer\t<\/h2>\n\t<p>Om du vill ta emot svars-SMS direkt p\u00e5 SureSMS-plattformen eller i ett e-postmeddelande beh\u00f6ver du en tv\u00e5v\u00e4gs SMS-l\u00f6sning. Den viktigaste delen av denna l\u00f6sning \u00e4r att du m\u00e5ste ha ett telefonnummer med SureSMS som du kan ta emot SMS-meddelanden p\u00e5. Detta kostar 99,- DKK per m\u00e5nad. Det finns ingen avbokning p\u00e5 ett nummer.<\/p>\n\t<p>Logga in p\u00e5 ditt SureSMS-konto h\u00e4r : <a href=\"https:\/\/app.suresms.com\" target=\"_blank\" rel=\"noopener\">https:\/\/app.suresms.com<\/a><\/p>\n<p>Se till att du har mer \u00e4n 99,- p\u00e5 ditt konto, annars g\u00e5r du till onlinebetalning<\/p>\n<p>I menyn v\u00e4ljer du <em>Inst\u00e4llningar -&gt; Avs\u00e4ndarnamn<\/em> och sedan\u00a0<em>Val\u00a0<\/em>i det \u00f6vre h\u00f6gra h\u00f6rnet.<\/p>\n<p>V\u00e4lj <em>Nummer f\u00f6r inkommande SMS <\/em>i undermenyn<\/p>\n<p>V\u00e4lj det inkommande nummer du vill ha fr\u00e5n listan \u00f6ver tillg\u00e4ngliga nummer<\/p>\n<p>Klicka p\u00e5 <em>Best\u00e4llning<\/em><\/p>\n<p>Ditt inkommande nummer aktiveras omedelbart.<\/p>\n\t\t\t\t\t\t\t\t\t\tOm du vill ta emot inkommande SMS p\u00e5 e-post \n\t\t\t\t\t<p>Klicka p\u00e5\u00a0<em>Inst\u00e4llningar och preferenser<\/em> i menyn<\/p>\n<p>Klicka p\u00e5\u00a0<em>Konto<\/em><\/p>\n<p>Klicka p\u00e5 <em>Inst\u00e4llningar f\u00f6r konto<\/em><\/p>\n<p>Klicka p\u00e5 \"redigera\"<\/p>\n<p>S\u00e4tt en bock i kryssrutan\u00a0<em>Skicka inkommande SMS som e-post<\/em><\/p>\n<p>Kontrollera att e-postadressen \u00e4r korrekt<\/p>\n<p>Klicka p\u00e5 <em>Gem<\/em><\/p>\n\t\t\t\t\t<video src=\"https:\/\/suresms.com\/wp-content\/uploads\/2024\/07\/Dokumentation-Bestil-indgaaende-SMS-nummer.mp4\" alt=\"hosted-video-thumbnail\"><\/video>\n\t\t<h2>\n\t\t\tRadera inkommande telefonnummer\t<\/h2>\n\t<p>Om du inte l\u00e4ngre beh\u00f6ver ett inkommande SMS-nummer \u00e4r det en bra id\u00e9 att radera det. P\u00e5 s\u00e5 s\u00e4tt undviker du att dina mottagare skickar till dig av misstag och sparar pengar. L\u00e4s nedan hur du raderar ett inkommande SMS-nummer.<\/p>\n\t<p>Logga in p\u00e5 ditt SureSMS-konto h\u00e4r : <a href=\"https:\/\/app.suresms.com\" target=\"_blank\" rel=\"noopener\">https:\/\/app.suresms.com<\/a><\/p>\n<p>Se till att du har mer \u00e4n 99,- p\u00e5 ditt konto, annars g\u00e5r du till onlinebetalning<\/p>\n<p>I menyn v\u00e4ljer du <em>Inst\u00e4llningar -&gt; Avs\u00e4ndarnamn<\/em><\/p>\n<p>Klicka p\u00e5 <em>Radera <\/em>bredvid det nummer eller namn som du vill radera<\/p>\n<p>Skriv in numret eller namnet igen och klicka p\u00e5 <em>OK<\/em><\/p>\n<p>Ditt nummer kommer att raderas omedelbart. Fakturering f\u00f6r numret sker varje den 1:a i m\u00e5naden.<\/p>\n<p>Du kommer inte att \u00e5terbetalas n\u00e5gra belopp som betalats.\u00a0<\/p>\n\t\t\t\t\t<video src=\"https:\/\/suresms.com\/wp-content\/uploads\/2024\/07\/Dokumentation-Slet-afsendernavn-og-indgaaende-SMS-nummer.mp4\" alt=\"hosted-video-thumbnail\"><\/video>","protected":false},"excerpt":{"rendered":"<p>Avs\u00e4ndarnamn och inkommande telefonnummer Du kan best\u00e4lla ett annat telefonnummer som avs\u00e4ndarnamn eller du kan best\u00e4lla en text som avs\u00e4ndarnamn. Det \u00e4r ocks\u00e5 m\u00f6jligt att best\u00e4lla ett inkommande telefonnummer. L\u00e4s nedan f\u00f6r att f\u00e5 reda p\u00e5 hur. Skapa avs\u00e4ndarnamn Du kan v\u00e4lja att anv\u00e4nda ett avs\u00e4ndarnamn n\u00e4r du skickar ditt SMS. T.ex. SMS-Service eller MittF\u00f6retag som avs\u00e4ndare. Om du g\u00f6r det kommer ... <a title=\"Avs\u00e4ndarens namn\" class=\"read-more\" href=\"https:\/\/suresms.com\/sv\/docs\/account\/sendername\/\" aria-label=\"L\u00e4s mer om Avs\u00e4ndarnamn\">L\u00e4s mer om det<\/a><\/p>","protected":false},"author":1,"featured_media":0,"parent":18156,"menu_order":0,"comment_status":"closed","ping_status":"closed","template":"","meta":{"_fl_builder_enabled":"1","_fl_builder_data":null,"_fl_builder_draft":null,"_fl_builder_data_settings":null,"_fl_builder_css":"","_fl_builder_css_version":"","_fl_builder_js":"","footnotes":""},"categories":[],"tags":[],"class_list":["post-18159","page","type-page","status-publish"],"yoast_head":"<!-- This site is optimized with the Yoast SEO Premium plugin v27.3 (Yoast SEO v27.3) - https:\/\/yoast.com\/product\/yoast-seo-premium-wordpress\/ -->\r\n<title>Afsendernavn -<\/title>\r\n<meta name=\"robots\" content=\"index, follow, max-snippet:-1, max-image-preview:large, max-video-preview:-1\" \/>\r\n<link rel=\"canonical\" href=\"https:\/\/suresms.com\/sv\/dokument\/konto\/stationsnamn\/\" \/>\r\n<meta property=\"og:locale\" content=\"sv_SE\" \/>\r\n<meta property=\"og:type\" content=\"article\" \/>\r\n<meta property=\"og:title\" content=\"Afsendernavn\" \/>\r\n<meta property=\"og:description\" content=\"Afsendernavn og indg\u00e5ende telefonnummer Du kan bestille et andet telefonnummer som afsendernavn eller du kan bestille en tekst som afsendernavn. Det er ogs\u00e5 muligt at bestille et indg\u00e5ende telefonnummer. L\u00e6s herunder hvordan. Opret afsendernavn Du kan v\u00e6lge at bruge et afsendernavn n\u00e5r du sender din SMS. F.eks. SMS-Service eller MitFirma som afsender. G\u00f8r du det, ... L\u00e4s mer\" \/>\r\n<meta property=\"og:url\" content=\"https:\/\/suresms.com\/sv\/dokument\/konto\/stationsnamn\/\" \/>\r\n<meta property=\"article:publisher\" content=\"https:\/\/www.facebook.com\/p\/SureSMS-100044607956149\/\" \/>\r\n<meta property=\"article:modified_time\" content=\"2025-07-31T10:42:20+00:00\" \/>\r\n<meta name=\"twitter:card\" content=\"summary_large_image\" \/>\r\n<meta name=\"twitter:label1\" content=\"Ber\u00e4knad l\u00e4stid\" \/>\n\t<meta name=\"twitter:data1\" content=\"1 minut\" \/>\r\n<script type=\"application\/ld+json\" class=\"yoast-schema-graph\">{\"@context\":\"https:\\\/\\\/schema.org\",\"@graph\":[{\"@type\":\"WebPage\",\"@id\":\"https:\\\/\\\/suresms.com\\\/dk\\\/docs\\\/account\\\/sendername\\\/\",\"url\":\"https:\\\/\\\/suresms.com\\\/dk\\\/docs\\\/account\\\/sendername\\\/\",\"name\":\"Afsendernavn -\",\"isPartOf\":{\"@id\":\"https:\\\/\\\/suresms.com\\\/en\\\/#website\"},\"datePublished\":\"2024-07-05T08:02:03+00:00\",\"dateModified\":\"2025-07-31T10:42:20+00:00\",\"breadcrumb\":{\"@id\":\"https:\\\/\\\/suresms.com\\\/dk\\\/docs\\\/account\\\/sendername\\\/#breadcrumb\"},\"inLanguage\":\"sv-SE\",\"potentialAction\":[{\"@type\":\"ReadAction\",\"target\":[\"https:\\\/\\\/suresms.com\\\/dk\\\/docs\\\/account\\\/sendername\\\/\"]}]},{\"@type\":\"BreadcrumbList\",\"@id\":\"https:\\\/\\\/suresms.com\\\/dk\\\/docs\\\/account\\\/sendername\\\/#breadcrumb\",\"itemListElement\":[{\"@type\":\"ListItem\",\"position\":1,\"name\":\"Home\",\"item\":\"https:\\\/\\\/suresms.com\\\/dk\\\/\"},{\"@type\":\"ListItem\",\"position\":2,\"name\":\"Dokumentation\",\"item\":\"https:\\\/\\\/suresms.com\\\/dk\\\/docs\\\/\"},{\"@type\":\"ListItem\",\"position\":3,\"name\":\"Konto\",\"item\":\"https:\\\/\\\/suresms.com\\\/dk\\\/docs\\\/account\\\/\"},{\"@type\":\"ListItem\",\"position\":4,\"name\":\"Afsendernavn\"}]},{\"@type\":\"WebSite\",\"@id\":\"https:\\\/\\\/suresms.com\\\/en\\\/#website\",\"url\":\"https:\\\/\\\/suresms.com\\\/en\\\/\",\"name\":\"SureSMS\",\"description\":\"Professionel SMS Gateway\",\"publisher\":{\"@id\":\"https:\\\/\\\/suresms.com\\\/en\\\/#organization\"},\"potentialAction\":[{\"@type\":\"SearchAction\",\"target\":{\"@type\":\"EntryPoint\",\"urlTemplate\":\"https:\\\/\\\/suresms.com\\\/en\\\/?s={search_term_string}\"},\"query-input\":{\"@type\":\"PropertyValueSpecification\",\"valueRequired\":true,\"valueName\":\"search_term_string\"}}],\"inLanguage\":\"sv-SE\"},{\"@type\":\"Organization\",\"@id\":\"https:\\\/\\\/suresms.com\\\/en\\\/#organization\",\"name\":\"SureSMS\",\"url\":\"https:\\\/\\\/suresms.com\\\/en\\\/\",\"logo\":{\"@type\":\"ImageObject\",\"inLanguage\":\"sv-SE\",\"@id\":\"https:\\\/\\\/suresms.com\\\/en\\\/#\\\/schema\\\/logo\\\/image\\\/\",\"url\":\"https:\\\/\\\/suresms.com\\\/wp-content\\\/uploads\\\/2024\\\/11\\\/suresms-300x65-1.png\",\"contentUrl\":\"https:\\\/\\\/suresms.com\\\/wp-content\\\/uploads\\\/2024\\\/11\\\/suresms-300x65-1.png\",\"width\":300,\"height\":65,\"caption\":\"SureSMS\"},\"image\":{\"@id\":\"https:\\\/\\\/suresms.com\\\/en\\\/#\\\/schema\\\/logo\\\/image\\\/\"},\"sameAs\":[\"https:\\\/\\\/www.facebook.com\\\/p\\\/SureSMS-100044607956149\\\/\"]}]}<\/script>\r\n<!-- \/ Yoast SEO Premium plugin. -->","yoast_head_json":{"title":"Avs\u00e4ndarens namn","robots":{"index":"index","follow":"follow","max-snippet":"max-snippet:-1","max-image-preview":"max-image-preview:large","max-video-preview":"max-video-preview:-1"},"canonical":"https:\/\/suresms.com\/sv\/dokument\/konto\/stationsnamn\/","og_locale":"sv_SE","og_type":"article","og_title":"Afsendernavn","og_description":"Afsendernavn og indg\u00e5ende telefonnummer Du kan bestille et andet telefonnummer som afsendernavn eller du kan bestille en tekst som afsendernavn. Det er ogs\u00e5 muligt at bestille et indg\u00e5ende telefonnummer. L\u00e6s herunder hvordan. Opret afsendernavn Du kan v\u00e6lge at bruge et afsendernavn n\u00e5r du sender din SMS. F.eks. SMS-Service eller MitFirma som afsender. G\u00f8r du det, ... L\u00e4s mer","og_url":"https:\/\/suresms.com\/sv\/dokument\/konto\/stationsnamn\/","article_publisher":"https:\/\/www.facebook.com\/p\/SureSMS-100044607956149\/","article_modified_time":"2025-07-31T10:42:20+00:00","twitter_card":"summary_large_image","twitter_misc":{"Ber\u00e4knad l\u00e4stid":"1 minut"},"schema":{"@context":"https:\/\/schema.org","@graph":[{"@type":"WebPage","@id":"https:\/\/suresms.com\/dk\/docs\/account\/sendername\/","url":"https:\/\/suresms.com\/dk\/docs\/account\/sendername\/","name":"Avs\u00e4ndarens namn","isPartOf":{"@id":"https:\/\/suresms.com\/en\/#website"},"datePublished":"2024-07-05T08:02:03+00:00","dateModified":"2025-07-31T10:42:20+00:00","breadcrumb":{"@id":"https:\/\/suresms.com\/dk\/docs\/account\/sendername\/#breadcrumb"},"inLanguage":"sv-SE","potentialAction":[{"@type":"ReadAction","target":["https:\/\/suresms.com\/dk\/docs\/account\/sendername\/"]}]},{"@type":"BreadcrumbList","@id":"https:\/\/suresms.com\/dk\/docs\/account\/sendername\/#breadcrumb","itemListElement":[{"@type":"ListItem","position":1,"name":"Home","item":"https:\/\/suresms.com\/dk\/"},{"@type":"ListItem","position":2,"name":"Dokumentation","item":"https:\/\/suresms.com\/dk\/docs\/"},{"@type":"ListItem","position":3,"name":"Konto","item":"https:\/\/suresms.com\/dk\/docs\/account\/"},{"@type":"ListItem","position":4,"name":"Afsendernavn"}]},{"@type":"WebSite","@id":"https:\/\/suresms.com\/en\/#website","url":"https:\/\/suresms.com\/en\/","name":"SureSMS","description":"Professionell SMS Gateway","publisher":{"@id":"https:\/\/suresms.com\/en\/#organization"},"potentialAction":[{"@type":"SearchAction","target":{"@type":"EntryPoint","urlTemplate":"https:\/\/suresms.com\/en\/?s={search_term_string}"},"query-input":{"@type":"PropertyValueSpecification","valueRequired":true,"valueName":"search_term_string"}}],"inLanguage":"sv-SE"},{"@type":"Organization","@id":"https:\/\/suresms.com\/en\/#organization","name":"SureSMS","url":"https:\/\/suresms.com\/en\/","logo":{"@type":"ImageObject","inLanguage":"sv-SE","@id":"https:\/\/suresms.com\/en\/#\/schema\/logo\/image\/","url":"https:\/\/suresms.com\/wp-content\/uploads\/2024\/11\/suresms-300x65-1.png","contentUrl":"https:\/\/suresms.com\/wp-content\/uploads\/2024\/11\/suresms-300x65-1.png","width":300,"height":65,"caption":"SureSMS"},"image":{"@id":"https:\/\/suresms.com\/en\/#\/schema\/logo\/image\/"},"sameAs":["https:\/\/www.facebook.com\/p\/SureSMS-100044607956149\/"]}]}},"_links":{"self":[{"href":"https:\/\/suresms.com\/sv\/wp-json\/wp\/v2\/pages\/18159","targetHints":{"allow":["GET"]}}],"collection":[{"href":"https:\/\/suresms.com\/sv\/wp-json\/wp\/v2\/pages"}],"about":[{"href":"https:\/\/suresms.com\/sv\/wp-json\/wp\/v2\/types\/page"}],"author":[{"embeddable":true,"href":"https:\/\/suresms.com\/sv\/wp-json\/wp\/v2\/users\/1"}],"replies":[{"embeddable":true,"href":"https:\/\/suresms.com\/sv\/wp-json\/wp\/v2\/comments?post=18159"}],"version-history":[{"count":1,"href":"https:\/\/suresms.com\/sv\/wp-json\/wp\/v2\/pages\/18159\/revisions"}],"predecessor-version":[{"id":23457,"href":"https:\/\/suresms.com\/sv\/wp-json\/wp\/v2\/pages\/18159\/revisions\/23457"}],"up":[{"embeddable":true,"href":"https:\/\/suresms.com\/sv\/wp-json\/wp\/v2\/pages\/18156"}],"wp:attachment":[{"href":"https:\/\/suresms.com\/sv\/wp-json\/wp\/v2\/media?parent=18159"}],"wp:term":[{"taxonomy":"category","embeddable":true,"href":"https:\/\/suresms.com\/sv\/wp-json\/wp\/v2\/categories?post=18159"},{"taxonomy":"post_tag","embeddable":true,"href":"https:\/\/suresms.com\/sv\/wp-json\/wp\/v2\/tags?post=18159"}],"curies":[{"name":"wp","href":"https:\/\/api.w.org\/{rel}","templated":true}]}}