{"id":18128,"date":"2024-07-04T15:17:39","date_gmt":"2024-07-04T13:17:39","guid":{"rendered":"https:\/\/www.suresms.com\/dk\/?page_id=18128"},"modified":"2024-07-04T15:17:39","modified_gmt":"2024-07-04T13:17:39","slug":"ekonomi","status":"publish","type":"page","link":"https:\/\/suresms.com\/sv\/docs\/finance\/","title":{"rendered":"Ekonomi"},"content":{"rendered":"<!-- Flexy Breadcrumb -->\r\n\t\t\t<div class=\"fbc fbc-page\">\r\n\r\n\t\t\t\t<!-- Breadcrumb wrapper -->\r\n\t\t\t\t<div class=\"fbc-wrap\">\r\n\r\n\t\t\t\t\t<!-- Ordered list-->\r\n\t\t\t\t\t<ol class=\"fbc-items\" itemscope itemtype=\"https:\/\/schema.org\/BreadcrumbList\">\r\n\t\t\t\t\t\t            <li itemprop=\"itemListElement\" itemscope itemtype=\"https:\/\/schema.org\/ListItem\">\r\n                <span itemprop=\"name\">\r\n                    <!-- Home Link -->\r\n                    <a itemprop=\"item\" href=\"https:\/\/suresms.com\/sv\/\">\r\n                    \r\n                                                    <i class=\"fa fa-home\" aria-hidden=\"true\"><\/i>Hem                    <\/a>\r\n                <\/span>\r\n                <meta itemprop=\"position\" content=\"1\" \/><!-- Meta Position-->\r\n             <\/li><li><span class=\"fbc-separator\">\/<\/span><\/li><li class=\"active\" itemprop=\"itemListElement\" itemscope itemtype=\"https:\/\/schema.org\/ListItem\"><span itemprop=\"name\" title=\"Ekonomi\">Ekonomi<\/span><meta itemprop=\"position\" content=\"2\" \/><\/li>\t\t\t\t\t<\/ol>\r\n\t\t\t\t\t<div class=\"clearfix\"><\/div>\r\n\t\t\t\t<\/div>\r\n\t\t\t<\/div>\r\n\t\t\t\n<h1>\n\t\tEkonomi\n\t<\/h1>\n\t<p>Nedan finner du en beskrivning av de olika alternativen vad g\u00e4ller ekonomi.<\/p>\n\t<a href=\"https:\/\/suresms.com\/sv\/dokument\/ekonomi\/fakturautdrag-3\/\" target=\"_self\" aria-label=\"G\u00e5 till https:\/\/www.suresms.com\/dk\/docs\/finance\/online-payment\/\" rel=\"noopener\"><\/a>\n\t\t<h3>Betalning online<\/h3>\t\t\t\n\t\t\t\t<p>Hur du fyller p\u00e5 ditt SureSMS-konto.<\/p>\n\t\t<h3>Automatisk tankning<\/h3>\t\t\t\n\t\t\t\t<p>Om du sl\u00e5r p\u00e5 automatisk p\u00e5fyllning kommer vi sj\u00e4lva att ta ut pengar vid behov.\u00a0<\/p>\n\t<a href=\"https:\/\/suresms.com\/sv\/dokument\/ekonomi\/fakturautdrag\/\" target=\"_self\" aria-label=\"G\u00e5 till https:\/\/www.suresms.com\/dk\/docs\/finance\/invoice-statement\/\" rel=\"noopener\"><\/a>\n\t\t<h3>Betalningshistorik<\/h3>\t\t\t\n\t\t\t\t<p>Se din betalningshistorik och h\u00e4mta fakturor och kontoutdrag.\u00a0<\/p>\n\t\t<h3>Prislista<\/h3>\t\t\t\n\t\t\t\t<p>Se dina aktuella priser f\u00f6r SMS till olika l\u00e4nder.\u00a0<\/p>","protected":false},"excerpt":{"rendered":"<p>Ekonomi Nedan hittar du en beskrivning av de olika alternativen n\u00e4r det g\u00e4ller ekonomi. Betalning online Hur du betalar in pengar till ditt SureSMS-konto. Automatisk p\u00e5fyllning Om du sl\u00e5r p\u00e5 automatisk p\u00e5fyllning tar vi ut pengar n\u00e4r det beh\u00f6vs.  Betalningshistorik Se din betalningshistorik och ladda ner fakturor och kontoutdrag.  Prislista Visa dina aktuella priser p\u00e5 ... <a title=\"Ekonomi\" class=\"read-more\" href=\"https:\/\/suresms.com\/sv\/docs\/finance\/\" aria-label=\"L\u00e4s mer om Ekonomi\">L\u00e4s mer om det<\/a><\/p>","protected":false},"author":1,"featured_media":0,"parent":18121,"menu_order":0,"comment_status":"closed","ping_status":"closed","template":"","meta":{"_fl_builder_enabled":"1","_fl_builder_data":null,"_fl_builder_draft":null,"_fl_builder_data_settings":null,"_fl_builder_css":"","_fl_builder_css_version":"","_fl_builder_js":"","footnotes":""},"categories":[],"tags":[],"class_list":["post-18128","page","type-page","status-publish"],"yoast_head":"<!-- This site is optimized with the Yoast SEO Premium plugin v27.3 (Yoast SEO v27.3) - https:\/\/yoast.com\/product\/yoast-seo-premium-wordpress\/ -->\r\n<title>\u00d8konomi -<\/title>\r\n<meta name=\"robots\" content=\"index, follow, max-snippet:-1, max-image-preview:large, max-video-preview:-1\" \/>\r\n<link rel=\"canonical\" href=\"https:\/\/suresms.com\/sv\/dokument\/ekonomi\/\" \/>\r\n<meta property=\"og:locale\" content=\"sv_SE\" \/>\r\n<meta property=\"og:type\" content=\"article\" \/>\r\n<meta property=\"og:title\" content=\"\u00d8konomi\" \/>\r\n<meta property=\"og:description\" content=\"\u00d8konomi Herunder finder du beskrivelse af de forskellige mulighed i forhold til \u00f8konomi. Betaling online Hvordan du s\u00e6tter penge ind p\u00e5 din SureSMS konto. Automatisk optankning Hvis du sl\u00e5r automatisk optankning, s\u00e5 tr\u00e6kker vi selv penge n\u00e5r det er n\u00f8dvendigt.\u00a0 Betalingshistorik Se din betalingshistorik og hente fakturaer og kontoudtog.\u00a0 Prisliste Se dine aktuelle priser p\u00e5 ... L\u00e4s mer\" \/>\r\n<meta property=\"og:url\" content=\"https:\/\/suresms.com\/sv\/dokument\/ekonomi\/\" \/>\r\n<meta property=\"article:publisher\" content=\"https:\/\/www.facebook.com\/p\/SureSMS-100044607956149\/\" \/>\r\n<meta name=\"twitter:card\" content=\"summary_large_image\" \/>\r\n<meta name=\"twitter:label1\" content=\"Ber\u00e4knad l\u00e4stid\" \/>\n\t<meta name=\"twitter:data1\" content=\"1 minut\" \/>\r\n<script type=\"application\/ld+json\" class=\"yoast-schema-graph\">{\"@context\":\"https:\\\/\\\/schema.org\",\"@graph\":[{\"@type\":\"WebPage\",\"@id\":\"https:\\\/\\\/suresms.com\\\/dk\\\/docs\\\/finance\\\/\",\"url\":\"https:\\\/\\\/suresms.com\\\/dk\\\/docs\\\/finance\\\/\",\"name\":\"\u00d8konomi -\",\"isPartOf\":{\"@id\":\"https:\\\/\\\/suresms.com\\\/en\\\/#website\"},\"datePublished\":\"2024-07-04T13:17:39+00:00\",\"breadcrumb\":{\"@id\":\"https:\\\/\\\/suresms.com\\\/dk\\\/docs\\\/finance\\\/#breadcrumb\"},\"inLanguage\":\"sv-SE\",\"potentialAction\":[{\"@type\":\"ReadAction\",\"target\":[\"https:\\\/\\\/suresms.com\\\/dk\\\/docs\\\/finance\\\/\"]}]},{\"@type\":\"BreadcrumbList\",\"@id\":\"https:\\\/\\\/suresms.com\\\/dk\\\/docs\\\/finance\\\/#breadcrumb\",\"itemListElement\":[{\"@type\":\"ListItem\",\"position\":1,\"name\":\"Home\",\"item\":\"https:\\\/\\\/suresms.com\\\/dk\\\/\"},{\"@type\":\"ListItem\",\"position\":2,\"name\":\"Dokumentation\",\"item\":\"https:\\\/\\\/suresms.com\\\/dk\\\/docs\\\/\"},{\"@type\":\"ListItem\",\"position\":3,\"name\":\"\u00d8konomi\"}]},{\"@type\":\"WebSite\",\"@id\":\"https:\\\/\\\/suresms.com\\\/en\\\/#website\",\"url\":\"https:\\\/\\\/suresms.com\\\/en\\\/\",\"name\":\"SureSMS\",\"description\":\"Professionel SMS Gateway\",\"publisher\":{\"@id\":\"https:\\\/\\\/suresms.com\\\/en\\\/#organization\"},\"potentialAction\":[{\"@type\":\"SearchAction\",\"target\":{\"@type\":\"EntryPoint\",\"urlTemplate\":\"https:\\\/\\\/suresms.com\\\/en\\\/?s={search_term_string}\"},\"query-input\":{\"@type\":\"PropertyValueSpecification\",\"valueRequired\":true,\"valueName\":\"search_term_string\"}}],\"inLanguage\":\"sv-SE\"},{\"@type\":\"Organization\",\"@id\":\"https:\\\/\\\/suresms.com\\\/en\\\/#organization\",\"name\":\"SureSMS\",\"url\":\"https:\\\/\\\/suresms.com\\\/en\\\/\",\"logo\":{\"@type\":\"ImageObject\",\"inLanguage\":\"sv-SE\",\"@id\":\"https:\\\/\\\/suresms.com\\\/en\\\/#\\\/schema\\\/logo\\\/image\\\/\",\"url\":\"https:\\\/\\\/suresms.com\\\/wp-content\\\/uploads\\\/2024\\\/11\\\/suresms-300x65-1.png\",\"contentUrl\":\"https:\\\/\\\/suresms.com\\\/wp-content\\\/uploads\\\/2024\\\/11\\\/suresms-300x65-1.png\",\"width\":300,\"height\":65,\"caption\":\"SureSMS\"},\"image\":{\"@id\":\"https:\\\/\\\/suresms.com\\\/en\\\/#\\\/schema\\\/logo\\\/image\\\/\"},\"sameAs\":[\"https:\\\/\\\/www.facebook.com\\\/p\\\/SureSMS-100044607956149\\\/\"]}]}<\/script>\r\n<!-- \/ Yoast SEO Premium plugin. -->","yoast_head_json":{"title":"Ekonomi -","robots":{"index":"index","follow":"follow","max-snippet":"max-snippet:-1","max-image-preview":"max-image-preview:large","max-video-preview":"max-video-preview:-1"},"canonical":"https:\/\/suresms.com\/sv\/dokument\/ekonomi\/","og_locale":"sv_SE","og_type":"article","og_title":"\u00d8konomi","og_description":"\u00d8konomi Herunder finder du beskrivelse af de forskellige mulighed i forhold til \u00f8konomi. Betaling online Hvordan du s\u00e6tter penge ind p\u00e5 din SureSMS konto. Automatisk optankning Hvis du sl\u00e5r automatisk optankning, s\u00e5 tr\u00e6kker vi selv penge n\u00e5r det er n\u00f8dvendigt.\u00a0 Betalingshistorik Se din betalingshistorik og hente fakturaer og kontoudtog.\u00a0 Prisliste Se dine aktuelle priser p\u00e5 ... L\u00e4s mer","og_url":"https:\/\/suresms.com\/sv\/dokument\/ekonomi\/","article_publisher":"https:\/\/www.facebook.com\/p\/SureSMS-100044607956149\/","twitter_card":"summary_large_image","twitter_misc":{"Ber\u00e4knad l\u00e4stid":"1 minut"},"schema":{"@context":"https:\/\/schema.org","@graph":[{"@type":"WebPage","@id":"https:\/\/suresms.com\/dk\/docs\/finance\/","url":"https:\/\/suresms.com\/dk\/docs\/finance\/","name":"Ekonomi -","isPartOf":{"@id":"https:\/\/suresms.com\/en\/#website"},"datePublished":"2024-07-04T13:17:39+00:00","breadcrumb":{"@id":"https:\/\/suresms.com\/dk\/docs\/finance\/#breadcrumb"},"inLanguage":"sv-SE","potentialAction":[{"@type":"ReadAction","target":["https:\/\/suresms.com\/dk\/docs\/finance\/"]}]},{"@type":"BreadcrumbList","@id":"https:\/\/suresms.com\/dk\/docs\/finance\/#breadcrumb","itemListElement":[{"@type":"ListItem","position":1,"name":"Home","item":"https:\/\/suresms.com\/dk\/"},{"@type":"ListItem","position":2,"name":"Dokumentation","item":"https:\/\/suresms.com\/dk\/docs\/"},{"@type":"ListItem","position":3,"name":"\u00d8konomi"}]},{"@type":"WebSite","@id":"https:\/\/suresms.com\/en\/#website","url":"https:\/\/suresms.com\/en\/","name":"SureSMS","description":"Professionell SMS Gateway","publisher":{"@id":"https:\/\/suresms.com\/en\/#organization"},"potentialAction":[{"@type":"SearchAction","target":{"@type":"EntryPoint","urlTemplate":"https:\/\/suresms.com\/en\/?s={search_term_string}"},"query-input":{"@type":"PropertyValueSpecification","valueRequired":true,"valueName":"search_term_string"}}],"inLanguage":"sv-SE"},{"@type":"Organization","@id":"https:\/\/suresms.com\/en\/#organization","name":"SureSMS","url":"https:\/\/suresms.com\/en\/","logo":{"@type":"ImageObject","inLanguage":"sv-SE","@id":"https:\/\/suresms.com\/en\/#\/schema\/logo\/image\/","url":"https:\/\/suresms.com\/wp-content\/uploads\/2024\/11\/suresms-300x65-1.png","contentUrl":"https:\/\/suresms.com\/wp-content\/uploads\/2024\/11\/suresms-300x65-1.png","width":300,"height":65,"caption":"SureSMS"},"image":{"@id":"https:\/\/suresms.com\/en\/#\/schema\/logo\/image\/"},"sameAs":["https:\/\/www.facebook.com\/p\/SureSMS-100044607956149\/"]}]}},"_links":{"self":[{"href":"https:\/\/suresms.com\/sv\/wp-json\/wp\/v2\/pages\/18128","targetHints":{"allow":["GET"]}}],"collection":[{"href":"https:\/\/suresms.com\/sv\/wp-json\/wp\/v2\/pages"}],"about":[{"href":"https:\/\/suresms.com\/sv\/wp-json\/wp\/v2\/types\/page"}],"author":[{"embeddable":true,"href":"https:\/\/suresms.com\/sv\/wp-json\/wp\/v2\/users\/1"}],"replies":[{"embeddable":true,"href":"https:\/\/suresms.com\/sv\/wp-json\/wp\/v2\/comments?post=18128"}],"version-history":[{"count":0,"href":"https:\/\/suresms.com\/sv\/wp-json\/wp\/v2\/pages\/18128\/revisions"}],"up":[{"embeddable":true,"href":"https:\/\/suresms.com\/sv\/wp-json\/wp\/v2\/pages\/18121"}],"wp:attachment":[{"href":"https:\/\/suresms.com\/sv\/wp-json\/wp\/v2\/media?parent=18128"}],"wp:term":[{"taxonomy":"category","embeddable":true,"href":"https:\/\/suresms.com\/sv\/wp-json\/wp\/v2\/categories?post=18128"},{"taxonomy":"post_tag","embeddable":true,"href":"https:\/\/suresms.com\/sv\/wp-json\/wp\/v2\/tags?post=18128"}],"curies":[{"name":"wp","href":"https:\/\/api.w.org\/{rel}","templated":true}]}}