{"id":18121,"date":"2024-07-04T14:34:42","date_gmt":"2024-07-04T12:34:42","guid":{"rendered":"https:\/\/www.suresms.com\/dk\/?page_id=18121"},"modified":"2025-11-11T10:39:49","modified_gmt":"2025-11-11T10:39:49","slug":"dokument","status":"publish","type":"page","link":"https:\/\/suresms.com\/sv\/docs\/","title":{"rendered":"Dokumentation"},"content":{"rendered":"<h1>\n\t\t\tS\u00e5 h\u00e4r anv\u00e4nder du SureSMS-applikationen\t<\/h1>\n\t<p>Nedan hittar du beskrivningar av de olika funktionerna i menyn. Du hittar ocks\u00e5 ett avsnitt med guider f\u00f6r hur du konfigurerar mer komplexa l\u00f6sningar.<\/p>\n\t<a href=\"https:\/\/suresms.com\/sv\/dokument\/konto-3\/\" target=\"_self\"  aria-label=\"G\u00e5 till https:\/\/suresms.com\/dk\/docs\/message\/\"><\/a>\n\t\t<h3>Meddelanden<\/h3>\t\t\t\n\t\t\t\t<p>L\u00e4r dig hur du skickar ett nytt meddelande. Var du ser dina skickade och mottagna meddelanden.\u00a0<\/p>\n\t<a href=\"https:\/\/suresms.com\/sv\/dokument\/konto-4\/\" target=\"_self\"  aria-label=\"G\u00e5 till https:\/\/suresms.com\/dk\/docs\/addressbook\/\"><\/a>\n\t\t<h3>Adressbok<\/h3>\t\t\t\n\t\t\t\t<p>L\u00e4s om kontakter och hur du importerar kontakter. L\u00e4s om grupper och hur du organiserar dina kontakter i grupper.\u00a0<\/p>\n\t<a href=\"https:\/\/suresms.com\/sv\/dokument\/konto-5\/\" target=\"_self\"  aria-label=\"G\u00e5 till https:\/\/suresms.com\/dk\/docs\/report\/\"><\/a>\n\t\t<h3>Rapporter<\/h3>\t\t\t\n\t\t\t\t<p>L\u00e4s om de rapporter som du kan h\u00e4mta fr\u00e5n systemet. Exportera rapporter.<\/p>\n\t<a href=\"https:\/\/suresms.com\/sv\/dokument\/konto-6\/\" target=\"_self\"  aria-label=\"G\u00e5 till https:\/\/suresms.com\/dk\/docs\/troubleshooting\/\"><\/a>\n\t\t<h3>Fels\u00f6kning<\/h3>\t\t\t\n\t\t\t\t<p>Om du upplever fel i systemen finns h\u00e4r ett antal guider f\u00f6r att hitta och r\u00e4tta till fel.<\/p>\n\t<a href=\"https:\/\/suresms.com\/sv\/dokument\/ekonomi\/\" target=\"_self\"  aria-label=\"G\u00e5 till https:\/\/suresms.com\/dk\/docs\/finance\/\"><\/a>\n\t\t<h3>Ekonomi<\/h3>\t\t\t\n\t\t\t\t<p>L\u00e4r dig hur du ser din anv\u00e4ndning, laddar ner dina fakturor och best\u00e4ller ett kontoutdrag.\u00a0<\/p>\n\t\t<h3>Integrationer<\/h3>\t\t\t\n\t\t\t\t<p>L\u00e4r dig hur du skapar integrationer med andra system.\u00a0<\/p>\n\t<a href=\"https:\/\/suresms.com\/sv\/dokument\/konto\/\" target=\"_self\"  aria-label=\"G\u00e5 till https:\/\/suresms.com\/dk\/docs\/account\/\"><\/a>\n\t\t<h3>Konto<\/h3>\t\t\t\n\t\t\t\t<p>L\u00e4s om hur du st\u00e4ller in ditt konto och vilka inst\u00e4llningar du kan g\u00f6ra.<\/p>\n<h1>\n\t\t\tInstallationsguider\t<\/h1>\n\t<p>Nedan hittar du instruktioner om hur du st\u00e4ller in SureSMS f\u00f6r att g\u00f6ra olika saker.<\/p>\n\t<a href=\"https:\/\/suresms.com\/sv\/dokument\/guider\/naagra_boxar_och_koder\/\" target=\"_self\"  aria-label=\"G\u00e5 till https:\/\/suresms.com\/dk\/docs\/guides\/noglebokse_og_koder\/\"><\/a>\n\t\t<h3>Nyckelboxar och koder<\/h3>\t\t\t\n\t\t\t\t<p>Du kan st\u00e4lla in SureSMS s\u00e5 att det skickar ett SMS med en kod till en nyckelbox eller ett h\u00e4ngl\u00e5s. P\u00e5 s\u00e5 s\u00e4tt kan du se vem som har f\u00e5tt tillg\u00e5ng och n\u00e4r.\u00a0<\/p>\n\t<a href=\"https:\/\/suresms.com\/sv\/dokument\/guider\/sms-2-sms-installning\/\" target=\"_self\"  aria-label=\"G\u00e5 till https:\/\/suresms.com\/dk\/docs\/guides\/sms-2-sms-opstning\/\"><\/a>\n\t\t<h3>SMS-2-SMS inst\u00e4llning<\/h3>\t\t\t\n\t\t\t\t<p>Om du vill st\u00e4lla in SureSMS s\u00e5 att du kan skicka ett SMS till SureSMS som skickas ut till en hel lista med kontakter, finns h\u00e4r en guide f\u00f6r att st\u00e4lla in det.\u00a0<\/p>\n\t<a href=\"https:\/\/suresms.com\/sv\/dokument\/guider\/faa-anmalningar-till-din-sms-lista\/\" target=\"_self\"  aria-label=\"G\u00e5 till https:\/\/suresms.com\/dk\/docs\/guides\/faa-tilmeldinger-til-din-sms-liste\/\"><\/a>\n\t\t<h3>F\u00e5 anm\u00e4lningar till din SMS-lista<\/h3>\t\t\t\n\t\t\t\t<p>Beskrivning av hur en person sj\u00e4lv kan anm\u00e4la sig till din SMS-lista. Genom att skicka ett SMS, med en QR-kod eller fylla i ett formul\u00e4r.\u00a0<\/p>","protected":false},"excerpt":{"rendered":"<p>S\u00e5 h\u00e4r anv\u00e4nder du SureSMS-programmet Nedan hittar du beskrivningar av de olika funktionerna i menyn. Du hittar ocks\u00e5 ett avsnitt med guider f\u00f6r hur du s\u00e4tter upp mer komplexa l\u00f6sningar. Meddelanden L\u00e4s om hur du skickar ett nytt meddelande. D\u00e4r ser du dina skickade och mottagna meddelanden.  Adressbok L\u00e4s om kontakter och hur du importerar ... <a title=\"Dokumentation\" class=\"read-more\" href=\"https:\/\/suresms.com\/sv\/docs\/\" aria-label=\"L\u00e4s mer om dokumentation\">L\u00e4s mer om det<\/a><\/p>","protected":false},"author":1,"featured_media":0,"parent":0,"menu_order":0,"comment_status":"closed","ping_status":"closed","template":"","meta":{"_fl_builder_enabled":"1","_fl_builder_data":null,"_fl_builder_draft":null,"_fl_builder_data_settings":null,"_fl_builder_css":"","_fl_builder_css_version":"","_fl_builder_js":"","footnotes":""},"categories":[17],"tags":[],"class_list":{"0":"post-18121","1":"page","2":"type-page","3":"status-publish","5":"category-linkfracornorstone"},"yoast_head":"<!-- This site is optimized with the Yoast SEO Premium plugin v27.3 (Yoast SEO v27.3) - https:\/\/yoast.com\/product\/yoast-seo-premium-wordpress\/ -->\r\n<title>Dokumentation -<\/title>\r\n<meta name=\"robots\" content=\"index, follow, max-snippet:-1, max-image-preview:large, max-video-preview:-1\" \/>\r\n<link rel=\"canonical\" href=\"https:\/\/suresms.com\/sv\/dokument\/\" \/>\r\n<meta property=\"og:locale\" content=\"sv_SE\" \/>\r\n<meta property=\"og:type\" content=\"article\" \/>\r\n<meta property=\"og:title\" content=\"Dokumentation\" \/>\r\n<meta property=\"og:description\" content=\"S\u00e5dan bruger du SureSMS applikationen Herunder finder du beskrivelse af de forskellige funktioner i menuen. Du finder ligeledes en sektion med guides der fort\u00e6ller hvordan man laver ops\u00e6tning af mere komplekse l\u00f8sninger. Beskeder L\u00e6s hvordan du sender en ny besked. Hvor du ser dine afsendte og modtaget beskeder.\u00a0 Adressebog L\u00e6s om kontakter og import af ... L\u00e4s mer\" \/>\r\n<meta property=\"og:url\" content=\"https:\/\/suresms.com\/sv\/dokument\/\" \/>\r\n<meta property=\"article:publisher\" content=\"https:\/\/www.facebook.com\/p\/SureSMS-100044607956149\/\" \/>\r\n<meta property=\"article:modified_time\" content=\"2025-11-11T10:39:49+00:00\" \/>\r\n<meta name=\"twitter:card\" content=\"summary_large_image\" \/>\r\n<meta name=\"twitter:label1\" content=\"Ber\u00e4knad l\u00e4stid\" \/>\n\t<meta name=\"twitter:data1\" content=\"1 minut\" \/>\r\n<script type=\"application\/ld+json\" class=\"yoast-schema-graph\">{\"@context\":\"https:\\\/\\\/schema.org\",\"@graph\":[{\"@type\":\"WebPage\",\"@id\":\"https:\\\/\\\/suresms.com\\\/dk\\\/docs\\\/\",\"url\":\"https:\\\/\\\/suresms.com\\\/dk\\\/docs\\\/\",\"name\":\"Dokumentation -\",\"isPartOf\":{\"@id\":\"https:\\\/\\\/suresms.com\\\/en\\\/#website\"},\"datePublished\":\"2024-07-04T12:34:42+00:00\",\"dateModified\":\"2025-11-11T10:39:49+00:00\",\"breadcrumb\":{\"@id\":\"https:\\\/\\\/suresms.com\\\/dk\\\/docs\\\/#breadcrumb\"},\"inLanguage\":\"sv-SE\",\"potentialAction\":[{\"@type\":\"ReadAction\",\"target\":[\"https:\\\/\\\/suresms.com\\\/dk\\\/docs\\\/\"]}]},{\"@type\":\"BreadcrumbList\",\"@id\":\"https:\\\/\\\/suresms.com\\\/dk\\\/docs\\\/#breadcrumb\",\"itemListElement\":[{\"@type\":\"ListItem\",\"position\":1,\"name\":\"Home\",\"item\":\"https:\\\/\\\/suresms.com\\\/dk\\\/\"},{\"@type\":\"ListItem\",\"position\":2,\"name\":\"Dokumentation\"}]},{\"@type\":\"WebSite\",\"@id\":\"https:\\\/\\\/suresms.com\\\/en\\\/#website\",\"url\":\"https:\\\/\\\/suresms.com\\\/en\\\/\",\"name\":\"SureSMS\",\"description\":\"Professionel SMS Gateway\",\"publisher\":{\"@id\":\"https:\\\/\\\/suresms.com\\\/en\\\/#organization\"},\"potentialAction\":[{\"@type\":\"SearchAction\",\"target\":{\"@type\":\"EntryPoint\",\"urlTemplate\":\"https:\\\/\\\/suresms.com\\\/en\\\/?s={search_term_string}\"},\"query-input\":{\"@type\":\"PropertyValueSpecification\",\"valueRequired\":true,\"valueName\":\"search_term_string\"}}],\"inLanguage\":\"sv-SE\"},{\"@type\":\"Organization\",\"@id\":\"https:\\\/\\\/suresms.com\\\/en\\\/#organization\",\"name\":\"SureSMS\",\"url\":\"https:\\\/\\\/suresms.com\\\/en\\\/\",\"logo\":{\"@type\":\"ImageObject\",\"inLanguage\":\"sv-SE\",\"@id\":\"https:\\\/\\\/suresms.com\\\/en\\\/#\\\/schema\\\/logo\\\/image\\\/\",\"url\":\"https:\\\/\\\/suresms.com\\\/wp-content\\\/uploads\\\/2024\\\/11\\\/suresms-300x65-1.png\",\"contentUrl\":\"https:\\\/\\\/suresms.com\\\/wp-content\\\/uploads\\\/2024\\\/11\\\/suresms-300x65-1.png\",\"width\":300,\"height\":65,\"caption\":\"SureSMS\"},\"image\":{\"@id\":\"https:\\\/\\\/suresms.com\\\/en\\\/#\\\/schema\\\/logo\\\/image\\\/\"},\"sameAs\":[\"https:\\\/\\\/www.facebook.com\\\/p\\\/SureSMS-100044607956149\\\/\"]}]}<\/script>\r\n<!-- \/ Yoast SEO Premium plugin. -->","yoast_head_json":{"title":"Dokumentation","robots":{"index":"index","follow":"follow","max-snippet":"max-snippet:-1","max-image-preview":"max-image-preview:large","max-video-preview":"max-video-preview:-1"},"canonical":"https:\/\/suresms.com\/sv\/dokument\/","og_locale":"sv_SE","og_type":"article","og_title":"Dokumentation","og_description":"S\u00e5dan bruger du SureSMS applikationen Herunder finder du beskrivelse af de forskellige funktioner i menuen. Du finder ligeledes en sektion med guides der fort\u00e6ller hvordan man laver ops\u00e6tning af mere komplekse l\u00f8sninger. Beskeder L\u00e6s hvordan du sender en ny besked. Hvor du ser dine afsendte og modtaget beskeder.\u00a0 Adressebog L\u00e6s om kontakter og import af ... L\u00e4s mer","og_url":"https:\/\/suresms.com\/sv\/dokument\/","article_publisher":"https:\/\/www.facebook.com\/p\/SureSMS-100044607956149\/","article_modified_time":"2025-11-11T10:39:49+00:00","twitter_card":"summary_large_image","twitter_misc":{"Ber\u00e4knad l\u00e4stid":"1 minut"},"schema":{"@context":"https:\/\/schema.org","@graph":[{"@type":"WebPage","@id":"https:\/\/suresms.com\/dk\/docs\/","url":"https:\/\/suresms.com\/dk\/docs\/","name":"Dokumentation","isPartOf":{"@id":"https:\/\/suresms.com\/en\/#website"},"datePublished":"2024-07-04T12:34:42+00:00","dateModified":"2025-11-11T10:39:49+00:00","breadcrumb":{"@id":"https:\/\/suresms.com\/dk\/docs\/#breadcrumb"},"inLanguage":"sv-SE","potentialAction":[{"@type":"ReadAction","target":["https:\/\/suresms.com\/dk\/docs\/"]}]},{"@type":"BreadcrumbList","@id":"https:\/\/suresms.com\/dk\/docs\/#breadcrumb","itemListElement":[{"@type":"ListItem","position":1,"name":"Home","item":"https:\/\/suresms.com\/dk\/"},{"@type":"ListItem","position":2,"name":"Dokumentation"}]},{"@type":"WebSite","@id":"https:\/\/suresms.com\/en\/#website","url":"https:\/\/suresms.com\/en\/","name":"SureSMS","description":"Professionell SMS Gateway","publisher":{"@id":"https:\/\/suresms.com\/en\/#organization"},"potentialAction":[{"@type":"SearchAction","target":{"@type":"EntryPoint","urlTemplate":"https:\/\/suresms.com\/en\/?s={search_term_string}"},"query-input":{"@type":"PropertyValueSpecification","valueRequired":true,"valueName":"search_term_string"}}],"inLanguage":"sv-SE"},{"@type":"Organization","@id":"https:\/\/suresms.com\/en\/#organization","name":"SureSMS","url":"https:\/\/suresms.com\/en\/","logo":{"@type":"ImageObject","inLanguage":"sv-SE","@id":"https:\/\/suresms.com\/en\/#\/schema\/logo\/image\/","url":"https:\/\/suresms.com\/wp-content\/uploads\/2024\/11\/suresms-300x65-1.png","contentUrl":"https:\/\/suresms.com\/wp-content\/uploads\/2024\/11\/suresms-300x65-1.png","width":300,"height":65,"caption":"SureSMS"},"image":{"@id":"https:\/\/suresms.com\/en\/#\/schema\/logo\/image\/"},"sameAs":["https:\/\/www.facebook.com\/p\/SureSMS-100044607956149\/"]}]}},"_links":{"self":[{"href":"https:\/\/suresms.com\/sv\/wp-json\/wp\/v2\/pages\/18121","targetHints":{"allow":["GET"]}}],"collection":[{"href":"https:\/\/suresms.com\/sv\/wp-json\/wp\/v2\/pages"}],"about":[{"href":"https:\/\/suresms.com\/sv\/wp-json\/wp\/v2\/types\/page"}],"author":[{"embeddable":true,"href":"https:\/\/suresms.com\/sv\/wp-json\/wp\/v2\/users\/1"}],"replies":[{"embeddable":true,"href":"https:\/\/suresms.com\/sv\/wp-json\/wp\/v2\/comments?post=18121"}],"version-history":[{"count":9,"href":"https:\/\/suresms.com\/sv\/wp-json\/wp\/v2\/pages\/18121\/revisions"}],"predecessor-version":[{"id":23537,"href":"https:\/\/suresms.com\/sv\/wp-json\/wp\/v2\/pages\/18121\/revisions\/23537"}],"wp:attachment":[{"href":"https:\/\/suresms.com\/sv\/wp-json\/wp\/v2\/media?parent=18121"}],"wp:term":[{"taxonomy":"category","embeddable":true,"href":"https:\/\/suresms.com\/sv\/wp-json\/wp\/v2\/categories?post=18121"},{"taxonomy":"post_tag","embeddable":true,"href":"https:\/\/suresms.com\/sv\/wp-json\/wp\/v2\/tags?post=18121"}],"curies":[{"name":"wp","href":"https:\/\/api.w.org\/{rel}","templated":true}]}}