{"id":18069,"date":"2024-05-27T07:37:20","date_gmt":"2024-05-27T05:37:20","guid":{"rendered":"https:\/\/www.suresms.com\/dk\/?page_id=18069"},"modified":"2025-03-13T13:11:06","modified_gmt":"2025-03-13T13:11:06","slug":"cms-system-for-hantering-av-innehaall-sms-integration-2","status":"publish","type":"page","link":"https:\/\/suresms.com\/sv\/integrationer\/fagsystem-sms-integration\/","title":{"rendered":"SMS-integration till specialiserade system"},"content":{"rendered":"<!-- Flexy Breadcrumb -->\r\n\t\t\t<div class=\"fbc fbc-page\">\r\n\r\n\t\t\t\t<!-- Breadcrumb wrapper -->\r\n\t\t\t\t<div class=\"fbc-wrap\">\r\n\r\n\t\t\t\t\t<!-- Ordered list-->\r\n\t\t\t\t\t<ol class=\"fbc-items\" itemscope itemtype=\"https:\/\/schema.org\/BreadcrumbList\">\r\n\t\t\t\t\t\t            <li itemprop=\"itemListElement\" itemscope itemtype=\"https:\/\/schema.org\/ListItem\">\r\n                <span itemprop=\"name\">\r\n                    <!-- Home Link -->\r\n                    <a itemprop=\"item\" href=\"https:\/\/suresms.com\/sv\/\">\r\n                    \r\n                                                    <i class=\"fa fa-home\" aria-hidden=\"true\"><\/i>Hem                    <\/a>\r\n                <\/span>\r\n                <meta itemprop=\"position\" content=\"1\" \/><!-- Meta Position-->\r\n             <\/li><li><span class=\"fbc-separator\">\/<\/span><\/li><li class=\"active\" itemprop=\"itemListElement\" itemscope itemtype=\"https:\/\/schema.org\/ListItem\"><span itemprop=\"name\" title=\"SMS-integration till specialiserade system\">SMS-integration till specialiserade system<\/span><meta itemprop=\"position\" content=\"2\" \/><\/li>\t\t\t\t\t<\/ol>\r\n\t\t\t\t\t<div class=\"clearfix\"><\/div>\r\n\t\t\t\t<\/div>\r\n\t\t\t<\/div>\r\n\t\t\t\n\t\t<h1><strong>SMS-integration till specialiserade system<\/strong><\/h1>\n\t<h3>Med SMS-integration till ditt Content Management System eller CMS-system kan du kommunicera med kunder och anst\u00e4llda snabbt och effektivt.<\/h3>\n\t\t<h3>SMS i professionella system<\/h3><p>P\u00e5 SureSMS f\u00f6rst\u00e5r vi att effektiv kommunikation \u00e4r nyckeln till framg\u00e5ng i alla branscher. Det \u00e4r d\u00e4rf\u00f6r vi erbjuder skr\u00e4ddarsydda SMS-integrationsl\u00f6sningar som s\u00f6ml\u00f6st integreras med en rad olika specialiserade system, oavsett f\u00f6retagets specifika behov.<\/p>\n<p>V\u00e5r plattform \u00e4r utformad f\u00f6r att fungera hand i hand med system f\u00f6r fris\u00f6rer, bilhandlare, sjukv\u00e5rd (t.ex. Redcap) och m\u00e5nga andra branscher, s\u00e5 att du kan skicka p\u00e5minnelser, bekr\u00e4ftelser och erbjudanden direkt till dina kunders mobiltelefoner.<\/p>\n<p>SureSMS g\u00f6r det enklare att f\u00f6rb\u00e4ttra kundn\u00f6jdheten och \u00f6ka effektiviteten i ditt f\u00f6retag. L\u00e5t oss hj\u00e4lpa dig att bygga starkare kundrelationer genom tillf\u00f6rlitlig och m\u00e5linriktad kommunikation.<\/p>\n\t<p>Nedan kan du se n\u00e5gra av de integrationer som redan finns mellan SureSMS och olika specialiserade system.<\/p>\n\t\t\t\t<a href=\"https:\/\/suresms.com\/sv\/integrationer\/cms-system-for-hantering-av-innehaall-sms-integration-2\/sms-integration-redcap\/\"  target=\"_self\" itemprop=\"url\">\n\t\t\t\t<img loading=\"lazy\" decoding=\"async\" src=\"https:\/\/suresms.com\/wp-content\/uploads\/2024\/05\/REDCapSureSMS-Integration-1.png\" alt=\"REDCap+SureSMS-integration\" itemprop=\"image\" height=\"460\" width=\"1281\" title=\"REDCap+SureSMS-integration\" onerror=\"this.style.display='none'\"  \/>\n\t\t\t\t<\/a>\n<h3><a href=\"https:\/\/suresms.com\/sv\/integrationer\/cms-system-for-hantering-av-innehaall-sms-integration-2\/sms-integration-redcap\/\" target=\"_self\">REDCap<\/a><\/h3><p>I REDCap kan SMS anv\u00e4ndas f\u00f6r att optimera kommunikationen genom funktionerna \"Automated Survey Invitations\" och \"Alerts and Notifications\". Detta g\u00f6r det m\u00f6jligt f\u00f6r anv\u00e4ndare att st\u00e4lla in e-postmeddelanden som automatiskt konverteras till SMS-meddelanden, vilket f\u00f6rb\u00e4ttrar svarsfrekvensen och s\u00e4kerst\u00e4ller information i r\u00e4tt tid. Dessa funktioner g\u00f6r det enkelt att h\u00e5lla deltagarna uppdaterade och engagerade i forskningsprojekt.<\/p>\n\t\t<h3><a href=\"https:\/\/suresms.com\/sv\/integrationer\/cms-system-for-hantering-av-innehaall-sms-integration-2\/sms-integration-lectio\/\" target=\"_self\">Lectio<\/a><\/h3><p>Lectio \u00e4r en digital plattform som anv\u00e4nds av danska skolor f\u00f6r scheman, l\u00e4xor, fr\u00e5nvaroregistrering och kommunikation. SMS i Lectio kan anv\u00e4ndas f\u00f6r att skicka meddelanden om schema\u00e4ndringar, p\u00e5minnelser om uppgifter och fr\u00e5nvaromeddelanden till elever, l\u00e4rare och f\u00f6r\u00e4ldrar s\u00e5 att de alltid \u00e4r uppdaterade.<\/p>","protected":false},"excerpt":{"rendered":"<p>SMS-integration f\u00f6r aff\u00e4rssystem Med SMS-integration till ditt Content Management System eller CMS-system kan du kommunicera med kunder och anst\u00e4llda snabbt och effektivt. SMS i aff\u00e4rssystem P\u00e5 SureSMS f\u00f6rst\u00e5r vi att effektiv kommunikation \u00e4r nyckeln till framg\u00e5ng i alla branscher. Det \u00e4r d\u00e4rf\u00f6r vi erbjuder skr\u00e4ddarsydda SMS-integrationsl\u00f6sningar som s\u00f6ml\u00f6st integreras med en rad olika aff\u00e4rssystem, ... <a title=\"SMS-integration till specialiserade system\" class=\"read-more\" href=\"https:\/\/suresms.com\/sv\/integrationer\/fagsystem-sms-integration\/\" aria-label=\"L\u00e4s mer om SMS-integration till aff\u00e4rssystem\">L\u00e4s mer om det<\/a><\/p>","protected":false},"author":1,"featured_media":0,"parent":9400,"menu_order":1,"comment_status":"closed","ping_status":"closed","template":"","meta":{"_fl_builder_enabled":"1","_fl_builder_data":null,"_fl_builder_draft":null,"_fl_builder_data_settings":null,"_fl_builder_css":"","_fl_builder_css_version":"","_fl_builder_js":"","footnotes":""},"categories":[],"tags":[],"class_list":["post-18069","page","type-page","status-publish"],"yoast_head":"<!-- This site is optimized with the Yoast SEO Premium plugin v27.3 (Yoast SEO v27.3) - https:\/\/yoast.com\/product\/yoast-seo-premium-wordpress\/ -->\r\n<title>SMS integration til fagsystemer - SMS integrationer til 2000+ systemer<\/title>\r\n<meta name=\"description\" content=\"SMS integrationer med 2000+ systemer. Mange forskellige muligheder og gratis ops\u00e6tning. API, webservice, JSON og meget mere\" \/>\r\n<meta name=\"robots\" content=\"index, follow, max-snippet:-1, max-image-preview:large, max-video-preview:-1\" \/>\r\n<link rel=\"canonical\" href=\"https:\/\/suresms.com\/sv\/integrationer\/cms-system-for-hantering-av-innehaall-sms-integration-2\/\" \/>\r\n<meta property=\"og:locale\" content=\"sv_SE\" \/>\r\n<meta property=\"og:type\" content=\"article\" \/>\r\n<meta property=\"og:title\" content=\"SMS integration til fagsystemer\" \/>\r\n<meta property=\"og:description\" content=\"SMS integrationer med 2000+ systemer. Mange forskellige muligheder og gratis ops\u00e6tning. API, webservice, JSON og meget mere\" \/>\r\n<meta property=\"og:url\" content=\"https:\/\/suresms.com\/sv\/integrationer\/cms-system-for-hantering-av-innehaall-sms-integration-2\/\" \/>\r\n<meta property=\"article:publisher\" content=\"https:\/\/www.facebook.com\/p\/SureSMS-100044607956149\/\" \/>\r\n<meta property=\"article:modified_time\" content=\"2025-03-13T13:11:06+00:00\" \/>\r\n<meta property=\"og:image\" content=\"https:\/\/suresms.com\/wp-content\/uploads\/2024\/05\/REDCapSureSMS-Integration-1.png\" \/>\r\n<meta name=\"twitter:card\" content=\"summary_large_image\" \/>\r\n<meta name=\"twitter:label1\" content=\"Ber\u00e4knad l\u00e4stid\" \/>\n\t<meta name=\"twitter:data1\" content=\"4 minuter\" \/>\r\n<script type=\"application\/ld+json\" class=\"yoast-schema-graph\">{\"@context\":\"https:\\\/\\\/schema.org\",\"@graph\":[{\"@type\":\"WebPage\",\"@id\":\"https:\\\/\\\/suresms.com\\\/dk\\\/integrationer\\\/fagsystem-sms-integration\\\/\",\"url\":\"https:\\\/\\\/suresms.com\\\/dk\\\/integrationer\\\/fagsystem-sms-integration\\\/\",\"name\":\"SMS integration til fagsystemer - SMS integrationer til 2000+ systemer\",\"isPartOf\":{\"@id\":\"https:\\\/\\\/suresms.com\\\/en\\\/#website\"},\"primaryImageOfPage\":{\"@id\":\"https:\\\/\\\/suresms.com\\\/dk\\\/integrationer\\\/fagsystem-sms-integration\\\/#primaryimage\"},\"image\":{\"@id\":\"https:\\\/\\\/suresms.com\\\/dk\\\/integrationer\\\/fagsystem-sms-integration\\\/#primaryimage\"},\"thumbnailUrl\":\"https:\\\/\\\/suresms.com\\\/wp-content\\\/uploads\\\/2024\\\/05\\\/REDCapSureSMS-Integration-1.png\",\"datePublished\":\"2024-05-27T05:37:20+00:00\",\"dateModified\":\"2025-03-13T13:11:06+00:00\",\"description\":\"SMS integrationer med 2000+ systemer. Mange forskellige muligheder og gratis ops\u00e6tning. API, webservice, JSON og meget mere\",\"breadcrumb\":{\"@id\":\"https:\\\/\\\/suresms.com\\\/dk\\\/integrationer\\\/fagsystem-sms-integration\\\/#breadcrumb\"},\"inLanguage\":\"sv-SE\",\"potentialAction\":[{\"@type\":\"ReadAction\",\"target\":[\"https:\\\/\\\/suresms.com\\\/dk\\\/integrationer\\\/fagsystem-sms-integration\\\/\"]}]},{\"@type\":\"ImageObject\",\"inLanguage\":\"sv-SE\",\"@id\":\"https:\\\/\\\/suresms.com\\\/dk\\\/integrationer\\\/fagsystem-sms-integration\\\/#primaryimage\",\"url\":\"https:\\\/\\\/suresms.com\\\/wp-content\\\/uploads\\\/2024\\\/05\\\/REDCapSureSMS-Integration-1.png\",\"contentUrl\":\"https:\\\/\\\/suresms.com\\\/wp-content\\\/uploads\\\/2024\\\/05\\\/REDCapSureSMS-Integration-1.png\"},{\"@type\":\"BreadcrumbList\",\"@id\":\"https:\\\/\\\/suresms.com\\\/dk\\\/integrationer\\\/fagsystem-sms-integration\\\/#breadcrumb\",\"itemListElement\":[{\"@type\":\"ListItem\",\"position\":1,\"name\":\"Home\",\"item\":\"https:\\\/\\\/suresms.com\\\/dk\\\/\"},{\"@type\":\"ListItem\",\"position\":2,\"name\":\"Integrationer\",\"item\":\"https:\\\/\\\/suresms.com\\\/dk\\\/integrationer\\\/\"},{\"@type\":\"ListItem\",\"position\":3,\"name\":\"SMS integration til fagsystemer\"}]},{\"@type\":\"WebSite\",\"@id\":\"https:\\\/\\\/suresms.com\\\/en\\\/#website\",\"url\":\"https:\\\/\\\/suresms.com\\\/en\\\/\",\"name\":\"SureSMS\",\"description\":\"Professionel SMS Gateway\",\"publisher\":{\"@id\":\"https:\\\/\\\/suresms.com\\\/en\\\/#organization\"},\"potentialAction\":[{\"@type\":\"SearchAction\",\"target\":{\"@type\":\"EntryPoint\",\"urlTemplate\":\"https:\\\/\\\/suresms.com\\\/en\\\/?s={search_term_string}\"},\"query-input\":{\"@type\":\"PropertyValueSpecification\",\"valueRequired\":true,\"valueName\":\"search_term_string\"}}],\"inLanguage\":\"sv-SE\"},{\"@type\":\"Organization\",\"@id\":\"https:\\\/\\\/suresms.com\\\/en\\\/#organization\",\"name\":\"SureSMS\",\"url\":\"https:\\\/\\\/suresms.com\\\/en\\\/\",\"logo\":{\"@type\":\"ImageObject\",\"inLanguage\":\"sv-SE\",\"@id\":\"https:\\\/\\\/suresms.com\\\/en\\\/#\\\/schema\\\/logo\\\/image\\\/\",\"url\":\"https:\\\/\\\/suresms.com\\\/wp-content\\\/uploads\\\/2024\\\/11\\\/suresms-300x65-1.png\",\"contentUrl\":\"https:\\\/\\\/suresms.com\\\/wp-content\\\/uploads\\\/2024\\\/11\\\/suresms-300x65-1.png\",\"width\":300,\"height\":65,\"caption\":\"SureSMS\"},\"image\":{\"@id\":\"https:\\\/\\\/suresms.com\\\/en\\\/#\\\/schema\\\/logo\\\/image\\\/\"},\"sameAs\":[\"https:\\\/\\\/www.facebook.com\\\/p\\\/SureSMS-100044607956149\\\/\"]}]}<\/script>\r\n<!-- \/ Yoast SEO Premium plugin. -->","yoast_head_json":{"title":"SMS-integration f\u00f6r specialiserade system - SMS-integration f\u00f6r 2000+ system","description":"SMS-integrationer med 2000+ system. M\u00e5nga olika alternativ och gratis installation. API, webbtj\u00e4nst, JSON och mycket mer","robots":{"index":"index","follow":"follow","max-snippet":"max-snippet:-1","max-image-preview":"max-image-preview:large","max-video-preview":"max-video-preview:-1"},"canonical":"https:\/\/suresms.com\/sv\/integrationer\/cms-system-for-hantering-av-innehaall-sms-integration-2\/","og_locale":"sv_SE","og_type":"article","og_title":"SMS integration til fagsystemer","og_description":"SMS integrationer med 2000+ systemer. Mange forskellige muligheder og gratis ops\u00e6tning. API, webservice, JSON og meget mere","og_url":"https:\/\/suresms.com\/sv\/integrationer\/cms-system-for-hantering-av-innehaall-sms-integration-2\/","article_publisher":"https:\/\/www.facebook.com\/p\/SureSMS-100044607956149\/","article_modified_time":"2025-03-13T13:11:06+00:00","og_image":[{"url":"https:\/\/suresms.com\/wp-content\/uploads\/2024\/05\/REDCapSureSMS-Integration-1.png","type":"","width":"","height":""}],"twitter_card":"summary_large_image","twitter_misc":{"Ber\u00e4knad l\u00e4stid":"4 minuter"},"schema":{"@context":"https:\/\/schema.org","@graph":[{"@type":"WebPage","@id":"https:\/\/suresms.com\/dk\/integrationer\/fagsystem-sms-integration\/","url":"https:\/\/suresms.com\/dk\/integrationer\/fagsystem-sms-integration\/","name":"SMS-integration f\u00f6r specialiserade system - SMS-integration f\u00f6r 2000+ system","isPartOf":{"@id":"https:\/\/suresms.com\/en\/#website"},"primaryImageOfPage":{"@id":"https:\/\/suresms.com\/dk\/integrationer\/fagsystem-sms-integration\/#primaryimage"},"image":{"@id":"https:\/\/suresms.com\/dk\/integrationer\/fagsystem-sms-integration\/#primaryimage"},"thumbnailUrl":"https:\/\/suresms.com\/wp-content\/uploads\/2024\/05\/REDCapSureSMS-Integration-1.png","datePublished":"2024-05-27T05:37:20+00:00","dateModified":"2025-03-13T13:11:06+00:00","description":"SMS-integrationer med 2000+ system. M\u00e5nga olika alternativ och gratis installation. API, webbtj\u00e4nst, JSON och mycket mer","breadcrumb":{"@id":"https:\/\/suresms.com\/dk\/integrationer\/fagsystem-sms-integration\/#breadcrumb"},"inLanguage":"sv-SE","potentialAction":[{"@type":"ReadAction","target":["https:\/\/suresms.com\/dk\/integrationer\/fagsystem-sms-integration\/"]}]},{"@type":"ImageObject","inLanguage":"sv-SE","@id":"https:\/\/suresms.com\/dk\/integrationer\/fagsystem-sms-integration\/#primaryimage","url":"https:\/\/suresms.com\/wp-content\/uploads\/2024\/05\/REDCapSureSMS-Integration-1.png","contentUrl":"https:\/\/suresms.com\/wp-content\/uploads\/2024\/05\/REDCapSureSMS-Integration-1.png"},{"@type":"BreadcrumbList","@id":"https:\/\/suresms.com\/dk\/integrationer\/fagsystem-sms-integration\/#breadcrumb","itemListElement":[{"@type":"ListItem","position":1,"name":"Home","item":"https:\/\/suresms.com\/dk\/"},{"@type":"ListItem","position":2,"name":"Integrationer","item":"https:\/\/suresms.com\/dk\/integrationer\/"},{"@type":"ListItem","position":3,"name":"SMS integration til fagsystemer"}]},{"@type":"WebSite","@id":"https:\/\/suresms.com\/en\/#website","url":"https:\/\/suresms.com\/en\/","name":"SureSMS","description":"Professionell SMS Gateway","publisher":{"@id":"https:\/\/suresms.com\/en\/#organization"},"potentialAction":[{"@type":"SearchAction","target":{"@type":"EntryPoint","urlTemplate":"https:\/\/suresms.com\/en\/?s={search_term_string}"},"query-input":{"@type":"PropertyValueSpecification","valueRequired":true,"valueName":"search_term_string"}}],"inLanguage":"sv-SE"},{"@type":"Organization","@id":"https:\/\/suresms.com\/en\/#organization","name":"SureSMS","url":"https:\/\/suresms.com\/en\/","logo":{"@type":"ImageObject","inLanguage":"sv-SE","@id":"https:\/\/suresms.com\/en\/#\/schema\/logo\/image\/","url":"https:\/\/suresms.com\/wp-content\/uploads\/2024\/11\/suresms-300x65-1.png","contentUrl":"https:\/\/suresms.com\/wp-content\/uploads\/2024\/11\/suresms-300x65-1.png","width":300,"height":65,"caption":"SureSMS"},"image":{"@id":"https:\/\/suresms.com\/en\/#\/schema\/logo\/image\/"},"sameAs":["https:\/\/www.facebook.com\/p\/SureSMS-100044607956149\/"]}]}},"_links":{"self":[{"href":"https:\/\/suresms.com\/sv\/wp-json\/wp\/v2\/pages\/18069","targetHints":{"allow":["GET"]}}],"collection":[{"href":"https:\/\/suresms.com\/sv\/wp-json\/wp\/v2\/pages"}],"about":[{"href":"https:\/\/suresms.com\/sv\/wp-json\/wp\/v2\/types\/page"}],"author":[{"embeddable":true,"href":"https:\/\/suresms.com\/sv\/wp-json\/wp\/v2\/users\/1"}],"replies":[{"embeddable":true,"href":"https:\/\/suresms.com\/sv\/wp-json\/wp\/v2\/comments?post=18069"}],"version-history":[{"count":5,"href":"https:\/\/suresms.com\/sv\/wp-json\/wp\/v2\/pages\/18069\/revisions"}],"predecessor-version":[{"id":22362,"href":"https:\/\/suresms.com\/sv\/wp-json\/wp\/v2\/pages\/18069\/revisions\/22362"}],"up":[{"embeddable":true,"href":"https:\/\/suresms.com\/sv\/wp-json\/wp\/v2\/pages\/9400"}],"wp:attachment":[{"href":"https:\/\/suresms.com\/sv\/wp-json\/wp\/v2\/media?parent=18069"}],"wp:term":[{"taxonomy":"category","embeddable":true,"href":"https:\/\/suresms.com\/sv\/wp-json\/wp\/v2\/categories?post=18069"},{"taxonomy":"post_tag","embeddable":true,"href":"https:\/\/suresms.com\/sv\/wp-json\/wp\/v2\/tags?post=18069"}],"curies":[{"name":"wp","href":"https:\/\/api.w.org\/{rel}","templated":true}]}}