{"id":17217,"date":"2024-05-18T11:31:03","date_gmt":"2024-05-18T09:31:03","guid":{"rendered":"https:\/\/www.suresms.com\/dk\/?page_id=17217"},"modified":"2024-05-18T11:31:03","modified_gmt":"2024-05-18T09:31:03","slug":"sms-lank-4","status":"publish","type":"page","link":"https:\/\/suresms.com\/sv\/integrationer\/cms-content-management-system-sms-integration\/sms-integration-wordpress-wp-sms\/","title":{"rendered":"SMS-integration f\u00f6r WordPress med WP-SMS"},"content":{"rendered":"<!-- Flexy Breadcrumb -->\r\n\t\t\t<div class=\"fbc fbc-page\">\r\n\r\n\t\t\t\t<!-- Breadcrumb wrapper -->\r\n\t\t\t\t<div class=\"fbc-wrap\">\r\n\r\n\t\t\t\t\t<!-- Ordered list-->\r\n\t\t\t\t\t<ol class=\"fbc-items\" itemscope itemtype=\"https:\/\/schema.org\/BreadcrumbList\">\r\n\t\t\t\t\t\t            <li itemprop=\"itemListElement\" itemscope itemtype=\"https:\/\/schema.org\/ListItem\">\r\n                <span itemprop=\"name\">\r\n                    <!-- Home Link -->\r\n                    <a itemprop=\"item\" href=\"https:\/\/suresms.com\/sv\/\">\r\n                    \r\n                                                    <i class=\"fa fa-home\" aria-hidden=\"true\"><\/i>Hem                    <\/a>\r\n                <\/span>\r\n                <meta itemprop=\"position\" content=\"1\" \/><!-- Meta Position-->\r\n             <\/li><li><span class=\"fbc-separator\">\/<\/span><\/li><li class=\"active\" itemprop=\"itemListElement\" itemscope itemtype=\"https:\/\/schema.org\/ListItem\"><span itemprop=\"name\" title=\"SMS-integration f\u00f6r WordPress med WP-SMS\">SMS-integration f\u00f6r WordPress...<\/span><meta itemprop=\"position\" content=\"2\" \/><\/li>\t\t\t\t\t<\/ol>\r\n\t\t\t\t\t<div class=\"clearfix\"><\/div>\r\n\t\t\t\t<\/div>\r\n\t\t\t<\/div>\r\n\t\t\t\n\t<h1><strong>SMS-integration f\u00f6r WordPress med WP-SMS<\/strong><\/h1>\n\t\t\t\t<img loading=\"lazy\" decoding=\"async\" src=\"https:\/\/www.suresms.com\/dk\/wp-content\/uploads\/2022\/02\/WpSMS-SureSMS-1.png\" alt=\"SMS WordPress med WP-SMS\" itemprop=\"image\" height=\"460\" width=\"1281\" title=\"WpSMS-SureSMS\" onerror=\"this.style.display='none'\"  \/>\n<h2>\n\t\tVad \u00e4r WP-SMS (och WordPress)\n\t<\/h2>\n\t<p>WP-SMS \u00e4r det ledande SMS-pluginet f\u00f6r WordPress, och det av goda sk\u00e4l. Med ett anv\u00e4ndarv\u00e4nligt gr\u00e4nssnitt, en rad kraftfulla funktioner och utm\u00e4rkt support erbjuder WP-SMS allt du beh\u00f6ver f\u00f6r att effektivisera din SMS-kommunikation. Och det b\u00e4sta av allt? Grundversionen \u00e4r helt gratis! Om du vill ha avancerade funktioner f\u00f6r att ta din SMS-strategi till n\u00e4sta niv\u00e5 kan du uppgradera till v\u00e5r Pro-version. Prova WP-SMS idag och uppt\u00e4ck hur vi kan f\u00f6rb\u00e4ttra din aff\u00e4rskommunikation.<\/p>\n\t<p><strong>Utan URL-f\u00f6rkortare med varum\u00e4rke<\/strong><\/p>\n\t\t\t\t<img loading=\"lazy\" decoding=\"async\" src=\"https:\/\/www.suresms.com\/wp-content\/uploads\/2024\/05\/Uden-url-shortner.png\" alt=\"Utan URL-f\u00f6rkortare\" itemprop=\"image\" height=\"614\" width=\"720\" title=\"Utan webbadressf\u00f6rkortare\" onerror=\"this.style.display='none'\"  \/>\n\t<p><strong>Skicka SMS fr\u00e5n WP-SMS<\/strong><\/p>\n\t\t\t\t<img loading=\"lazy\" decoding=\"async\" src=\"https:\/\/www.suresms.com\/dk\/wp-content\/uploads\/2022\/02\/Wp_SMS-send.png\" alt=\"Sk\u00e4rmdump\" itemprop=\"image\" height=\"1185\" width=\"1359\" title=\"Wp_SMS skicka\" onerror=\"this.style.display='none'\"  \/>\n<h2>\n\t\tWP-SMS och SureSMS\n\t<\/h2>\n\t<p>WordPress-pluginprogrammet WP-SMS (<a href=\"https:\/\/wp-sms-pro.com\/\">https:\/\/wp-sms-pro.com\/)<\/a> kan inte skicka SMS-meddelanden sj\u00e4lv. F\u00f6r att kunna skicka SMS m\u00e5ste insticksprogrammet vara anslutet till en SMS-gateway, t.ex. SureSMS. WP-SMS utnyttjar de m\u00e5nga m\u00f6jligheterna i WordPress och g\u00f6r att du kan skicka fr\u00e5n m\u00e5nga olika platser och plugins. SMS-gatewayen ser till att meddelandet levereras till mottagaren.<\/p>\n<p>&nbsp;<\/p>\n<h2>\n\t\tWP-SMS och andra plugins\n\t<\/h2>\n\t<p>En av de stora f\u00f6rdelarna med WP-SMS \u00e4r de m\u00e5nga integrationerna med andra WordPress-plugins. Nedan kan du se de m\u00e5nga olika integrationerna.<\/p>\n\t\t\t\t\t<a href=\"javascript:void(0);\" id=\"fl-accordion--label-0\" tabindex=\"0\" aria-controls=\"fl-accordion--panel-0\">WooCommerce<\/a>\n\t\t\t\t\t\t\t\t\t\t\t<a href=\"#\" id=\"fl-accordion--icon-0\" tabindex=\"-1\" aria-controls=\"fl-accordion--panel-0\"><i>Expandera<\/i><\/a>\n\t\t\t\t\t<ul role=\"list\">\n<li>L\u00e4gg till telefonnummer p\u00e5 utcheckningssidan<\/li>\n<li>OTP (One Time Password) verifierar kundens mobilnummer<\/li>\n<li>Meddela om nya produkter<\/li>\n<li>Meddela administrat\u00f6ren om nya order<\/li>\n<li>Meddela kunderna n\u00e4r de l\u00e4gger sin order<\/li>\n<li>Meddela kunderna n\u00e4r det sker \u00e4ndringar i deras order<\/li>\n<\/ul>\n\t\t\t\t\t<a href=\"javascript:void(0);\" id=\"fl-accordion--label-1\" tabindex=\"0\" aria-controls=\"fl-accordion--panel-1\">BuddyPress<\/a>\n\t\t\t\t\t\t\t\t\t\t\t<a href=\"#\" id=\"fl-accordion--icon-1\" tabindex=\"-1\" aria-controls=\"fl-accordion--panel-1\"><i>Expandera<\/i><\/a>\n\t\t\t\t\t<ul>\n<li>L\u00e4gg till\/anv\u00e4nd det befintliga f\u00e4ltet f\u00f6r telefonnummer i.<\/li>\n<li>Skicka SMS till anv\u00e4ndare n\u00e4r n\u00e5gon n\u00e4mner dem i inl\u00e4gg<\/li>\n<li>Skicka SMS till anv\u00e4ndare n\u00e4r de f\u00e5r ett svar p\u00e5 en aktivitet eller kommentar<\/li>\n<li>Skicka v\u00e4lkomst-SMS till nya anv\u00e4ndare<\/li>\n<li>Privata SMS-aviseringar<\/li>\n<\/ul>\n\t\t\t\t\t<a href=\"javascript:void(0);\" id=\"fl-accordion--label-2\" tabindex=\"0\" aria-controls=\"fl-accordion--panel-2\">GravityForms<\/a>\n\t\t\t\t\t\t\t\t\t\t\t<a href=\"#\" id=\"fl-accordion--icon-2\" tabindex=\"-1\" aria-controls=\"fl-accordion--panel-2\"><i>Expandera<\/i><\/a>\n\t\t\t\t\t<ul>\n<li>Skicka SMS till administrat\u00f6ren n\u00e4r n\u00e5gon fyller i ett formul\u00e4r<\/li>\n<li>Skicka SMS till ett f\u00e4ltv\u00e4rde n\u00e4r n\u00e5gon fyller i ett formul\u00e4r<br \/>\n(Du kan t.ex. be om ett telefonnummer och skicka ett SMS n\u00e4r de godk\u00e4nner formul\u00e4ret)<\/li>\n<\/ul>\n\t\t\t\t\t<a href=\"javascript:void(0);\" id=\"fl-accordion--label-3\" tabindex=\"0\" aria-controls=\"fl-accordion--panel-3\">Kontaktformul\u00e4r 7<\/a>\n\t\t\t\t\t\t\t\t\t\t\t<a href=\"#\" id=\"fl-accordion--icon-3\" tabindex=\"-1\" aria-controls=\"fl-accordion--panel-3\"><i>Expandera<\/i><\/a>\n\t\t\t\t\t<ul>\n<li>Skicka SMS till administrat\u00f6ren n\u00e4r n\u00e5gon fyller i ett formul\u00e4r<\/li>\n<li>Skicka SMS till ett f\u00e4ltv\u00e4rde n\u00e4r n\u00e5gon fyller i ett formul\u00e4r<br \/>\n(Du kan t.ex. be om ett telefonnummer och skicka ett SMS n\u00e4r de godk\u00e4nner formul\u00e4ret)<\/li>\n<\/ul>\n\t\t\t\t\t<a href=\"javascript:void(0);\" id=\"fl-accordion--label-4\" tabindex=\"0\" aria-controls=\"fl-accordion--panel-4\">BookingPress<\/a>\n\t\t\t\t\t\t\t\t\t\t\t<a href=\"#\" id=\"fl-accordion--icon-4\" tabindex=\"-1\" aria-controls=\"fl-accordion--panel-4\"><i>Expandera<\/i><\/a>\n\t\t\t\t\t<ul data-sourcepos=\"5:1-11:0\">\n<li data-sourcepos=\"5:1-5:18\">Nya utn\u00e4mningar<\/li>\n<li data-sourcepos=\"6:1-6:23\">Godk\u00e4nda utn\u00e4mningar<\/li>\n<li data-sourcepos=\"7:1-7:23\">Avbokade m\u00f6ten<\/li>\n<li data-sourcepos=\"8:1-8:26\">Ombokade m\u00f6ten<\/li>\n<li data-sourcepos=\"9:1-9:23\">Kommande m\u00f6ten<\/li>\n<li data-sourcepos=\"10:1-11:0\">Uteblivna m\u00f6ten<\/li>\n<\/ul>\n\t\t\t\t\t<a href=\"javascript:void(0);\" id=\"fl-accordion--label-5\" tabindex=\"0\" aria-controls=\"fl-accordion--panel-5\">WooCommerce Tidsbest\u00e4llningar<\/a>\n\t\t\t\t\t\t\t\t\t\t\t<a href=\"#\" id=\"fl-accordion--icon-5\" tabindex=\"-1\" aria-controls=\"fl-accordion--panel-5\"><i>Expandera<\/i><\/a>\n\t\t\t\t\t<ul data-sourcepos=\"5:1-11:0\">\n<li data-sourcepos=\"5:1-5:18\">Nya utn\u00e4mningar<\/li>\n<li data-sourcepos=\"6:1-6:23\">Godk\u00e4nda utn\u00e4mningar<\/li>\n<li data-sourcepos=\"7:1-7:23\">Avbokade m\u00f6ten<\/li>\n<li data-sourcepos=\"8:1-8:26\">Ombokade m\u00f6ten<\/li>\n<li data-sourcepos=\"9:1-9:23\">Kommande m\u00f6ten<\/li>\n<li data-sourcepos=\"10:1-11:0\">Uteblivna m\u00f6ten<\/li>\n<\/ul>\n\t\t\t\t\t<a href=\"javascript:void(0);\" id=\"fl-accordion--label-6\" tabindex=\"0\" aria-controls=\"fl-accordion--panel-6\">Bokningskalender<\/a>\n\t\t\t\t\t\t\t\t\t\t\t<a href=\"#\" id=\"fl-accordion--icon-6\" tabindex=\"-1\" aria-controls=\"fl-accordion--panel-6\"><i>Expandera<\/i><\/a>\n\t\t\t\t\t<ul data-sourcepos=\"5:1-11:0\">\n<li data-sourcepos=\"5:1-5:18\">Nya utn\u00e4mningar<\/li>\n<li data-sourcepos=\"6:1-6:23\">Godk\u00e4nda utn\u00e4mningar<\/li>\n<li data-sourcepos=\"7:1-7:23\">Avbokade m\u00f6ten<\/li>\n<li data-sourcepos=\"8:1-8:26\">Ombokade m\u00f6ten<\/li>\n<li data-sourcepos=\"9:1-9:23\">Kommande m\u00f6ten<\/li>\n<li data-sourcepos=\"10:1-11:0\">Uteblivna m\u00f6ten<\/li>\n<\/ul>\n\t\t\t\t\t<a href=\"javascript:void(0);\" id=\"fl-accordion--label-7\" tabindex=\"0\" aria-controls=\"fl-accordion--panel-7\">Se alla integrationer h\u00e4r<\/a>\n\t\t\t\t\t\t\t\t\t\t\t<a href=\"#\" id=\"fl-accordion--icon-7\" tabindex=\"-1\" aria-controls=\"fl-accordion--panel-7\"><i>Expandera<\/i><\/a>\n\t\t\t\t\t<p><a href=\"https:\/\/wp-sms-pro.com\/product-category\/add-ons\/\" target=\"_blank\" rel=\"noopener\">https:\/\/wp-sms-pro.com\/product-category\/add-ons\/<\/a><\/p>\n<h2>\n\t\tKonfigurera WP-SMS\n\t<\/h2>\n\t<p>F\u00f6r att anv\u00e4nda WP-SMS i WordPress m\u00e5ste du installera WP-SMS i din WordPress-installation och sedan l\u00e4nka den till ditt SureSMS-konto. Nedan kan du l\u00e4sa hur du g\u00f6r<\/p>\n<ol>\n<li>Starta upp i SureSMS<\/li>\n<li>Installera WP-SMS och konfigurera det<\/li>\n<\/ol>\n<h3>\n\t\tInst\u00e4llning i SureSMS\n\t<\/h3>\n\t<p>F\u00f6r att anv\u00e4nda SureSMS fr\u00e5n WP-SMS beh\u00f6ver du ett SureSMS-konto och du beh\u00f6ver en API-nyckel fr\u00e5n SureSMS.<\/p>\n<ol>\n<li>Logga in p\u00e5 ditt SureSMS-konto h\u00e4r <a href=\"https:\/\/app.suresms.com\" target=\"_blank\" rel=\"noopener\">https:\/\/app.suresms.com<\/a><br \/>\nOm du inte har n\u00e5got konto kan du skapa ett h\u00e4r <a href=\"https:\/\/suresms.com\/sv\/gratis-sms-testkonto\/\" target=\"_blank\" rel=\"noopener\">Skapa SMS Gateway-konto<\/a><\/li>\n<li>V\u00e4lj API-nycklar i menyn<\/li>\n<li>Klicka p\u00e5 Alternativ i det \u00f6vre h\u00f6gra h\u00f6rnet och v\u00e4lj \"SureSMS API-nyckel\" fr\u00e5n menyn.<\/li>\n<li>I namnet kan du skriva t.ex. WP-SMS\/WooCommerce om du beh\u00f6ver anv\u00e4nda WP-SMS fr\u00e5n WooCommerce<\/li>\n<li>Klicka p\u00e5 Spara<\/li>\n<\/ol>\n\t\t\t\t<img loading=\"lazy\" decoding=\"async\" src=\"https:\/\/www.suresms.com\/wp-content\/uploads\/2024\/05\/SPIKey.png\" alt=\"APIKey\" itemprop=\"image\" height=\"216\" width=\"1045\" title=\"SPIKnyckel\" onerror=\"this.style.display='none'\"  \/>\n\t<p>Kopiera API-nyckeln s\u00e5 att du har den till senare.<\/p>\n<p>Vi \u00e4r nu klara i SureSMS.<\/p>\n<h3>\n\t\tKonfigurera WP-SMS\n\t<\/h3>\n\t<h3>Installera och aktivera WP-SMS-plugin p\u00e5 din WordPress-webbplats<\/h3>\n<p>G\u00e5 till WordPress instrumentpanel, hitta avsnittet \"Plugins\", klicka p\u00e5 \"L\u00e4gg till nytt\" och s\u00f6k efter WP-SMS. Installera och aktivera insticksprogrammet.<\/p>\n\t<h3>Konfigurera WP-SMS med din SMS-gateway<\/h3>\n<p>I WP-SMS-inst\u00e4llningspanelen anger du den information som kr\u00e4vs f\u00f6r att integrera med den SMS-gateway du har valt:<\/p>\n<p><strong>Gateway-namn:<\/strong> V\u00e4lj SureSMS i listan \u00f6ver gateways som st\u00f6ds<\/p>\n\t\t\t\t<img loading=\"lazy\" decoding=\"async\" src=\"https:\/\/www.suresms.com\/wp-content\/uploads\/2024\/05\/WP-SMS-opsaetning.jpg\" alt=\"WP-SMS-installation\" itemprop=\"image\" height=\"1173\" width=\"1615\" title=\"WP-SMS-installation\" onerror=\"this.style.display='none'\"  \/>\n\t<strong>API-anv\u00e4ndarnamn<\/strong> H\u00e4r skriver du \"APIkey\" utan citattecken<br \/>\n<strong>API-l\u00f6senord<\/strong>: h\u00e4r klistrar du in den API-nyckel som du kopierade fr\u00e5n SureSMS<br \/>\n<strong>Avs\u00e4ndarens nummer<\/strong>Ange ditt eget nummer eller ett av de godk\u00e4nda avs\u00e4ndar-ID:n som du har p\u00e5 ditt SureSMS-konto (kan ses h\u00e4r <a href=\"https:\/\/app.suresms.com\/Message\/SenderData\" target=\"_blank\" rel=\"noopener\">https:\/\/app.suresms.com\/Message\/SenderData<\/a>)<br \/>\n<strong>API-nyckel<\/strong> : h\u00e4r klistrar du in den API-nyckel som du kopierade fr\u00e5n SureSMS\n<h3>\n\t\tTestning av installationen\n\t<\/h3>\n\t<p>Du \u00e4r nu redo att testa din integration. Hur du testar den beror p\u00e5 vilka integrationer och funktioner du har valt att anv\u00e4nda fr\u00e5n WP-SMS. Men n\u00e4r du har skickat ett test-sms fr\u00e5n din valda metod kan du se statusen f\u00f6r ditt meddelande p\u00e5 SureSMS p\u00e5 detta s\u00e4tt <a href=\"https:\/\/app.suresms.com\/Message\/OutBoundSMS\" target=\"_blank\" rel=\"noopener\">Sidan Utg\u00e5ende meddelanden i SureSMS<\/a>.<\/p>\n\t\t\t\t<img decoding=\"async\" src=\"https:\/\/www.suresms.com\/dk\/wp-content\/plugins\/bb-plugin\/img\/pixel.png\" alt=\"\" itemprop=\"image\" onerror=\"this.style.display='none'\"  \/>","protected":false},"excerpt":{"rendered":"<p>SMS-integration f\u00f6r WordPress med WP-SMS Vad \u00e4r WP-SMS (och WordPress) WP-SMS \u00e4r det ledande SMS-pluginet f\u00f6r WordPress, och det av goda sk\u00e4l. Med ett anv\u00e4ndarv\u00e4nligt gr\u00e4nssnitt, en rad kraftfulla funktioner och utm\u00e4rkt support erbjuder WP-SMS allt du beh\u00f6ver f\u00f6r att effektivisera din SMS-kommunikation. Och det b\u00e4sta av allt? Den grundl\u00e4ggande versionen \u00e4r helt... <a title=\"SMS-integration f\u00f6r WordPress med WP-SMS\" class=\"read-more\" href=\"https:\/\/suresms.com\/sv\/integrationer\/cms-content-management-system-sms-integration\/sms-integration-wordpress-wp-sms\/\" aria-label=\"L\u00e4s mer om SMS-integration f\u00f6r WordPress med WP-SMS\">L\u00e4s mer om det<\/a><\/p>","protected":false},"author":1,"featured_media":0,"parent":14437,"menu_order":12,"comment_status":"closed","ping_status":"closed","template":"","meta":{"_fl_builder_enabled":"1","_fl_builder_data":null,"_fl_builder_draft":null,"_fl_builder_data_settings":null,"_fl_builder_css":"","_fl_builder_css_version":"","_fl_builder_js":"","footnotes":""},"categories":[],"tags":[],"class_list":["post-17217","page","type-page","status-publish"],"yoast_head":"<!-- This site is optimized with the Yoast SEO Premium plugin v27.3 (Yoast SEO v27.3) - https:\/\/yoast.com\/product\/yoast-seo-premium-wordpress\/ -->\r\n<title>SMS integration til WordPress med WP-SMS - gratis konto<\/title>\r\n<meta name=\"description\" content=\"Du kan sende b\u00e5de sms links, billeder, videoer og lydfiler med vores SMS gateway. Uanede muligheder for rigt indhold.\" \/>\r\n<meta name=\"robots\" content=\"index, follow, max-snippet:-1, max-image-preview:large, max-video-preview:-1\" \/>\r\n<link rel=\"canonical\" href=\"https:\/\/suresms.com\/sv\/integrationer\/cms-innehaallshanteringssystem-sms-integration\/sms-lank-4\/\" \/>\r\n<meta property=\"og:locale\" content=\"sv_SE\" \/>\r\n<meta property=\"og:type\" content=\"article\" \/>\r\n<meta property=\"og:title\" content=\"SMS integration til WordPress med WP-SMS\" \/>\r\n<meta property=\"og:description\" content=\"Du kan sende b\u00e5de sms links, billeder, videoer og lydfiler med vores SMS gateway. Uanede muligheder for rigt indhold.\" \/>\r\n<meta property=\"og:url\" content=\"https:\/\/suresms.com\/sv\/integrationer\/cms-innehaallshanteringssystem-sms-integration\/sms-lank-4\/\" \/>\r\n<meta property=\"article:publisher\" content=\"https:\/\/www.facebook.com\/p\/SureSMS-100044607956149\/\" \/>\r\n<meta property=\"og:image\" content=\"https:\/\/www.suresms.com\/dk\/wp-content\/uploads\/2022\/02\/WpSMS-SureSMS-1.png\" \/>\r\n<meta name=\"twitter:card\" content=\"summary_large_image\" \/>\r\n<meta name=\"twitter:label1\" content=\"Ber\u00e4knad l\u00e4stid\" \/>\n\t<meta name=\"twitter:data1\" content=\"10 minuter\" \/>\r\n<script type=\"application\/ld+json\" class=\"yoast-schema-graph\">{\"@context\":\"https:\\\/\\\/schema.org\",\"@graph\":[{\"@type\":\"WebPage\",\"@id\":\"https:\\\/\\\/suresms.com\\\/dk\\\/integrationer\\\/cms-content-management-system-sms-integration\\\/sms-integration-wordpress-wp-sms\\\/\",\"url\":\"https:\\\/\\\/suresms.com\\\/dk\\\/integrationer\\\/cms-content-management-system-sms-integration\\\/sms-integration-wordpress-wp-sms\\\/\",\"name\":\"SMS integration til WordPress med WP-SMS - gratis konto\",\"isPartOf\":{\"@id\":\"https:\\\/\\\/suresms.com\\\/en\\\/#website\"},\"primaryImageOfPage\":{\"@id\":\"https:\\\/\\\/suresms.com\\\/dk\\\/integrationer\\\/cms-content-management-system-sms-integration\\\/sms-integration-wordpress-wp-sms\\\/#primaryimage\"},\"image\":{\"@id\":\"https:\\\/\\\/suresms.com\\\/dk\\\/integrationer\\\/cms-content-management-system-sms-integration\\\/sms-integration-wordpress-wp-sms\\\/#primaryimage\"},\"thumbnailUrl\":\"https:\\\/\\\/www.suresms.com\\\/dk\\\/wp-content\\\/uploads\\\/2022\\\/02\\\/WpSMS-SureSMS-1.png\",\"datePublished\":\"2024-05-18T09:31:03+00:00\",\"description\":\"Du kan sende b\u00e5de sms links, billeder, videoer og lydfiler med vores SMS gateway. Uanede muligheder for rigt indhold.\",\"breadcrumb\":{\"@id\":\"https:\\\/\\\/suresms.com\\\/dk\\\/integrationer\\\/cms-content-management-system-sms-integration\\\/sms-integration-wordpress-wp-sms\\\/#breadcrumb\"},\"inLanguage\":\"sv-SE\",\"potentialAction\":[{\"@type\":\"ReadAction\",\"target\":[\"https:\\\/\\\/suresms.com\\\/dk\\\/integrationer\\\/cms-content-management-system-sms-integration\\\/sms-integration-wordpress-wp-sms\\\/\"]}]},{\"@type\":\"ImageObject\",\"inLanguage\":\"sv-SE\",\"@id\":\"https:\\\/\\\/suresms.com\\\/dk\\\/integrationer\\\/cms-content-management-system-sms-integration\\\/sms-integration-wordpress-wp-sms\\\/#primaryimage\",\"url\":\"https:\\\/\\\/www.suresms.com\\\/dk\\\/wp-content\\\/uploads\\\/2022\\\/02\\\/WpSMS-SureSMS-1.png\",\"contentUrl\":\"https:\\\/\\\/www.suresms.com\\\/dk\\\/wp-content\\\/uploads\\\/2022\\\/02\\\/WpSMS-SureSMS-1.png\"},{\"@type\":\"BreadcrumbList\",\"@id\":\"https:\\\/\\\/suresms.com\\\/dk\\\/integrationer\\\/cms-content-management-system-sms-integration\\\/sms-integration-wordpress-wp-sms\\\/#breadcrumb\",\"itemListElement\":[{\"@type\":\"ListItem\",\"position\":1,\"name\":\"Home\",\"item\":\"https:\\\/\\\/suresms.com\\\/dk\\\/\"},{\"@type\":\"ListItem\",\"position\":2,\"name\":\"Integrationer\",\"item\":\"https:\\\/\\\/suresms.com\\\/dk\\\/integrationer\\\/\"},{\"@type\":\"ListItem\",\"position\":3,\"name\":\"SMS integration til Content Management Systemer (CMS systemer)\",\"item\":\"https:\\\/\\\/suresms.com\\\/dk\\\/integrationer\\\/cms-content-management-system-sms-integration\\\/\"},{\"@type\":\"ListItem\",\"position\":4,\"name\":\"SMS integration til WordPress med WP-SMS\"}]},{\"@type\":\"WebSite\",\"@id\":\"https:\\\/\\\/suresms.com\\\/en\\\/#website\",\"url\":\"https:\\\/\\\/suresms.com\\\/en\\\/\",\"name\":\"SureSMS\",\"description\":\"Professionel SMS Gateway\",\"publisher\":{\"@id\":\"https:\\\/\\\/suresms.com\\\/en\\\/#organization\"},\"potentialAction\":[{\"@type\":\"SearchAction\",\"target\":{\"@type\":\"EntryPoint\",\"urlTemplate\":\"https:\\\/\\\/suresms.com\\\/en\\\/?s={search_term_string}\"},\"query-input\":{\"@type\":\"PropertyValueSpecification\",\"valueRequired\":true,\"valueName\":\"search_term_string\"}}],\"inLanguage\":\"sv-SE\"},{\"@type\":\"Organization\",\"@id\":\"https:\\\/\\\/suresms.com\\\/en\\\/#organization\",\"name\":\"SureSMS\",\"url\":\"https:\\\/\\\/suresms.com\\\/en\\\/\",\"logo\":{\"@type\":\"ImageObject\",\"inLanguage\":\"sv-SE\",\"@id\":\"https:\\\/\\\/suresms.com\\\/en\\\/#\\\/schema\\\/logo\\\/image\\\/\",\"url\":\"https:\\\/\\\/suresms.com\\\/wp-content\\\/uploads\\\/2024\\\/11\\\/suresms-300x65-1.png\",\"contentUrl\":\"https:\\\/\\\/suresms.com\\\/wp-content\\\/uploads\\\/2024\\\/11\\\/suresms-300x65-1.png\",\"width\":300,\"height\":65,\"caption\":\"SureSMS\"},\"image\":{\"@id\":\"https:\\\/\\\/suresms.com\\\/en\\\/#\\\/schema\\\/logo\\\/image\\\/\"},\"sameAs\":[\"https:\\\/\\\/www.facebook.com\\\/p\\\/SureSMS-100044607956149\\\/\"]}]}<\/script>\r\n<!-- \/ Yoast SEO Premium plugin. -->","yoast_head_json":{"title":"SMS-integration f\u00f6r WordPress med WP-SMS - gratis konto","description":"Du kan skicka SMS-l\u00e4nkar, bilder, videor och ljudfiler med v\u00e5r SMS-gateway. O\u00e4ndliga m\u00f6jligheter f\u00f6r rikt inneh\u00e5ll.","robots":{"index":"index","follow":"follow","max-snippet":"max-snippet:-1","max-image-preview":"max-image-preview:large","max-video-preview":"max-video-preview:-1"},"canonical":"https:\/\/suresms.com\/sv\/integrationer\/cms-innehaallshanteringssystem-sms-integration\/sms-lank-4\/","og_locale":"sv_SE","og_type":"article","og_title":"SMS integration til WordPress med WP-SMS","og_description":"Du kan sende b\u00e5de sms links, billeder, videoer og lydfiler med vores SMS gateway. Uanede muligheder for rigt indhold.","og_url":"https:\/\/suresms.com\/sv\/integrationer\/cms-innehaallshanteringssystem-sms-integration\/sms-lank-4\/","article_publisher":"https:\/\/www.facebook.com\/p\/SureSMS-100044607956149\/","og_image":[{"url":"https:\/\/www.suresms.com\/dk\/wp-content\/uploads\/2022\/02\/WpSMS-SureSMS-1.png","type":"","width":"","height":""}],"twitter_card":"summary_large_image","twitter_misc":{"Ber\u00e4knad l\u00e4stid":"10 minuter"},"schema":{"@context":"https:\/\/schema.org","@graph":[{"@type":"WebPage","@id":"https:\/\/suresms.com\/dk\/integrationer\/cms-content-management-system-sms-integration\/sms-integration-wordpress-wp-sms\/","url":"https:\/\/suresms.com\/dk\/integrationer\/cms-content-management-system-sms-integration\/sms-integration-wordpress-wp-sms\/","name":"SMS-integration f\u00f6r WordPress med WP-SMS - gratis konto","isPartOf":{"@id":"https:\/\/suresms.com\/en\/#website"},"primaryImageOfPage":{"@id":"https:\/\/suresms.com\/dk\/integrationer\/cms-content-management-system-sms-integration\/sms-integration-wordpress-wp-sms\/#primaryimage"},"image":{"@id":"https:\/\/suresms.com\/dk\/integrationer\/cms-content-management-system-sms-integration\/sms-integration-wordpress-wp-sms\/#primaryimage"},"thumbnailUrl":"https:\/\/www.suresms.com\/dk\/wp-content\/uploads\/2022\/02\/WpSMS-SureSMS-1.png","datePublished":"2024-05-18T09:31:03+00:00","description":"Du kan skicka SMS-l\u00e4nkar, bilder, videor och ljudfiler med v\u00e5r SMS-gateway. O\u00e4ndliga m\u00f6jligheter f\u00f6r rikt inneh\u00e5ll.","breadcrumb":{"@id":"https:\/\/suresms.com\/dk\/integrationer\/cms-content-management-system-sms-integration\/sms-integration-wordpress-wp-sms\/#breadcrumb"},"inLanguage":"sv-SE","potentialAction":[{"@type":"ReadAction","target":["https:\/\/suresms.com\/dk\/integrationer\/cms-content-management-system-sms-integration\/sms-integration-wordpress-wp-sms\/"]}]},{"@type":"ImageObject","inLanguage":"sv-SE","@id":"https:\/\/suresms.com\/dk\/integrationer\/cms-content-management-system-sms-integration\/sms-integration-wordpress-wp-sms\/#primaryimage","url":"https:\/\/www.suresms.com\/dk\/wp-content\/uploads\/2022\/02\/WpSMS-SureSMS-1.png","contentUrl":"https:\/\/www.suresms.com\/dk\/wp-content\/uploads\/2022\/02\/WpSMS-SureSMS-1.png"},{"@type":"BreadcrumbList","@id":"https:\/\/suresms.com\/dk\/integrationer\/cms-content-management-system-sms-integration\/sms-integration-wordpress-wp-sms\/#breadcrumb","itemListElement":[{"@type":"ListItem","position":1,"name":"Home","item":"https:\/\/suresms.com\/dk\/"},{"@type":"ListItem","position":2,"name":"Integrationer","item":"https:\/\/suresms.com\/dk\/integrationer\/"},{"@type":"ListItem","position":3,"name":"SMS integration til Content Management Systemer (CMS systemer)","item":"https:\/\/suresms.com\/dk\/integrationer\/cms-content-management-system-sms-integration\/"},{"@type":"ListItem","position":4,"name":"SMS integration til WordPress med WP-SMS"}]},{"@type":"WebSite","@id":"https:\/\/suresms.com\/en\/#website","url":"https:\/\/suresms.com\/en\/","name":"SureSMS","description":"Professionell SMS Gateway","publisher":{"@id":"https:\/\/suresms.com\/en\/#organization"},"potentialAction":[{"@type":"SearchAction","target":{"@type":"EntryPoint","urlTemplate":"https:\/\/suresms.com\/en\/?s={search_term_string}"},"query-input":{"@type":"PropertyValueSpecification","valueRequired":true,"valueName":"search_term_string"}}],"inLanguage":"sv-SE"},{"@type":"Organization","@id":"https:\/\/suresms.com\/en\/#organization","name":"SureSMS","url":"https:\/\/suresms.com\/en\/","logo":{"@type":"ImageObject","inLanguage":"sv-SE","@id":"https:\/\/suresms.com\/en\/#\/schema\/logo\/image\/","url":"https:\/\/suresms.com\/wp-content\/uploads\/2024\/11\/suresms-300x65-1.png","contentUrl":"https:\/\/suresms.com\/wp-content\/uploads\/2024\/11\/suresms-300x65-1.png","width":300,"height":65,"caption":"SureSMS"},"image":{"@id":"https:\/\/suresms.com\/en\/#\/schema\/logo\/image\/"},"sameAs":["https:\/\/www.facebook.com\/p\/SureSMS-100044607956149\/"]}]}},"_links":{"self":[{"href":"https:\/\/suresms.com\/sv\/wp-json\/wp\/v2\/pages\/17217","targetHints":{"allow":["GET"]}}],"collection":[{"href":"https:\/\/suresms.com\/sv\/wp-json\/wp\/v2\/pages"}],"about":[{"href":"https:\/\/suresms.com\/sv\/wp-json\/wp\/v2\/types\/page"}],"author":[{"embeddable":true,"href":"https:\/\/suresms.com\/sv\/wp-json\/wp\/v2\/users\/1"}],"replies":[{"embeddable":true,"href":"https:\/\/suresms.com\/sv\/wp-json\/wp\/v2\/comments?post=17217"}],"version-history":[{"count":0,"href":"https:\/\/suresms.com\/sv\/wp-json\/wp\/v2\/pages\/17217\/revisions"}],"up":[{"embeddable":true,"href":"https:\/\/suresms.com\/sv\/wp-json\/wp\/v2\/pages\/14437"}],"wp:attachment":[{"href":"https:\/\/suresms.com\/sv\/wp-json\/wp\/v2\/media?parent=17217"}],"wp:term":[{"taxonomy":"category","embeddable":true,"href":"https:\/\/suresms.com\/sv\/wp-json\/wp\/v2\/categories?post=17217"},{"taxonomy":"post_tag","embeddable":true,"href":"https:\/\/suresms.com\/sv\/wp-json\/wp\/v2\/tags?post=17217"}],"curies":[{"name":"wp","href":"https:\/\/api.w.org\/{rel}","templated":true}]}}