{"id":16816,"date":"2023-03-28T12:23:14","date_gmt":"2023-03-28T10:23:14","guid":{"rendered":"https:\/\/www.suresms.com\/dk\/?page_id=16816"},"modified":"2026-03-25T15:43:19","modified_gmt":"2026-03-25T15:43:19","slug":"klaviyo-sms","status":"publish","type":"page","link":"https:\/\/suresms.com\/sv\/integrationer\/marketing-automation\/klaviyo-sms\/","title":{"rendered":"SMS-integration f\u00f6r Klaviyo"},"content":{"rendered":"<!-- Flexy Breadcrumb -->\r\n\t\t\t<div class=\"fbc fbc-page\">\r\n\r\n\t\t\t\t<!-- Breadcrumb wrapper -->\r\n\t\t\t\t<div class=\"fbc-wrap\">\r\n\r\n\t\t\t\t\t<!-- Ordered list-->\r\n\t\t\t\t\t<ol class=\"fbc-items\" itemscope itemtype=\"https:\/\/schema.org\/BreadcrumbList\">\r\n\t\t\t\t\t\t            <li itemprop=\"itemListElement\" itemscope itemtype=\"https:\/\/schema.org\/ListItem\">\r\n                <span itemprop=\"name\">\r\n                    <!-- Home Link -->\r\n                    <a itemprop=\"item\" href=\"https:\/\/suresms.com\/sv\/\">\r\n                    \r\n                                                    <i class=\"fa fa-home\" aria-hidden=\"true\"><\/i>Hem                    <\/a>\r\n                <\/span>\r\n                <meta itemprop=\"position\" content=\"1\" \/><!-- Meta Position-->\r\n             <\/li><li><span class=\"fbc-separator\">\/<\/span><\/li><li class=\"active\" itemprop=\"itemListElement\" itemscope itemtype=\"https:\/\/schema.org\/ListItem\"><span itemprop=\"name\" title=\"SMS-integration f\u00f6r Klaviyo\">SMS-integration f\u00f6r Klaviyo<\/span><meta itemprop=\"position\" content=\"2\" \/><\/li>\t\t\t\t\t<\/ol>\r\n\t\t\t\t\t<div class=\"clearfix\"><\/div>\r\n\t\t\t\t<\/div>\r\n\t\t\t<\/div>\r\n\t\t\t\n<figure itemscope itemtype=\"https:\/\/schema.org\/ImageObject\">\n\t\t\t\t<img decoding=\"async\" src=\"https:\/\/suresms.com\/wp-content\/uploads\/2023\/03\/Klaviyo_SureSMS-1-1.png\" alt=\"Klaviyo SMS-integration\" height=\"200\" width=\"980\" title=\"Klaviyo_SureSMS\" onerror=\"this.style.display='none'\" loading=\"lazy\" \/>\n\t<\/figure>\n\t<h1>Optimera e-postmarknadsf\u00f6ringen i Klaviyo med SMS-marknadsf\u00f6ring<\/h1>\n\t<p>SMS-marknadsf\u00f6ring \u00e4r ett effektivt komplement till nyhetsbrev eftersom l\u00e4sarna n\u00e5s flera g\u00e5nger - och p\u00e5 olika s\u00e4tt. Och eftersom 90 % av alla SMS-meddelanden l\u00e4ses inom 3 minuter \u00e4r det s\u00e4rskilt effektivt att uppgradera med SMS-marknadsf\u00f6ring.<\/p>\n<p>\u00c4ven om l\u00e4sarna inte har godk\u00e4nt SMS-marknadsf\u00f6ring kan du - under vissa f\u00f6ruts\u00e4ttningar - skicka SMS om produkter som matchar tidigare k\u00f6p. Om de har gett sitt tillst\u00e5nd har du \u00e4nnu fler alternativ. Du kan t.ex. anv\u00e4nda dig av SMS-remarketing eller skicka SMS som en del av ett v\u00e4lkomstfl\u00f6de till nya l\u00e4sare.<\/p>\n<p>SMS-marknadsf\u00f6ring i Klaviyo \u00e4r s\u00e4rskilt popul\u00e4rt eftersom Klaviyo \u00e4r s\u00e5 v\u00e4l l\u00e4mpat f\u00f6r onlinebutiker och det \u00e4r l\u00e4tt att s\u00e4lja fysiska produkter via SMS. Det kr\u00e4vs dock en gateway f\u00f6r att skicka SMS till danska eller europeiska kunder, och lyckligtvis kan du st\u00e4lla in SureSMS f\u00f6r detta \u00e4ndam\u00e5l p\u00e5 bara en timme.<\/p>\n<h2>\n\t\t\tM\u00e5nga f\u00f6rdelar med SureSMS\t<\/h2>\n\t<p>Du kan antingen integrera SureSMS direkt i Klaviyo s\u00e5 att du har allt tillsammans i framtiden, eller s\u00e5 kan du synkronisera Klaviyo och SureSMS s\u00e5 att du arbetar med SMS-delen av din marknadsf\u00f6ring i SureSMS. Det senare ger flera funktioner som inte finns i Klaviyo.<\/p>\n<p>Du kan till exempel<\/p>\n<ul> \t\n<li>Se \u00f6ppnings- och klickfrekvenser<\/li>\n\n<li>Bifoga filer<\/li>\n\n<li>Inkludera MobilePay-l\u00e4nk i meddelanden eftersom meddelandet hamnar direkt i telefonen<\/li>\n<\/ul>\n<p>SureSMS \u00e4r dessutom den enda danska SMS-gatewayen som kan f\u00f6rkorta l\u00e4nkar s\u00e5 att avs\u00e4ndarens butiksnamn ing\u00e5r i den nya URL:en. Detta resulterar i en 35 % h\u00f6gre klickfrekvens p\u00e5 grund av varum\u00e4rkesv\u00e4rdet.<\/p>\n<p>Om du anv\u00e4nder Shopify eller Idealshop kan du till och med se den faktiska nyttan av en kampanj eftersom SureSMS visar b\u00e5de de rena f\u00f6rs\u00e4ljningssiffrorna - och f\u00f6rs\u00e4ljningssiffrorna minus betalningen f\u00f6r SMS.<\/p>\n<p>Naturligtvis har SureSMS ocks\u00e5 de vanliga funktionerna i den konkurrerande tekniken:<\/p>\n<p>M\u00f6jlighet att<\/p>\n<ul> \t\n<li>F\u00f6retagsnamn som avs\u00e4ndare<\/li>\n\n<li>Anv\u00e4nd emojis<\/li>\n\n<li>Automatisera n\u00e4r SMS:et skickas ut<\/li>\n<\/ul>\n<h2>\n\t\t\tRegler och lagstiftning\t<\/h2>\n\t<p>GDPR-efterlevnad \u00e4r ett m\u00e5ste, och SureSMS \u00e4r h\u00e4r f\u00f6r att hj\u00e4lpa till. Vi har byggt in det lagstadgade alternativet att avregistrera sig fr\u00e5n SMS-marknadsf\u00f6ring, vilket g\u00f6r det extremt enkelt f\u00f6r dig att st\u00e4lla in det.<\/p>\n<h2>\n\t\t\tPriss\u00e4ttning\t<\/h2>\n\t<p>Dansk support ing\u00e5r i priserna nedan:<\/p>\nPris per SMS i Danmark:<br \/>\n0-9.999 SMS per m\u00e5nad: 28 \u00f6re<br \/>\n10.000-100.000 SMS per m\u00e5nad: 25 \u00f6re<br \/>\n100.001 eller fler SMS per m\u00e5nad: 22 \u00f6re\n<p>Du kan se <a href=\"https:\/\/suresms.com\/sv\/om-suresms\/priser-och-betalning\/\">internationella priser h\u00e4r<\/a>.<\/p>\n\t\t<h2>Hur SMS fungerar i Klaviyo<\/h2><p>N\u00e4r du v\u00e4ljer att integrera SureSMS med ditt Klaviyo-konto kan det g\u00f6ras p\u00e5 tv\u00e5 olika s\u00e4tt:<br \/>1) Du kan skicka SMS direkt fr\u00e5n ditt Klaviyo-konto.<br \/>2) Du kan synkronisera dina kontakter fr\u00e5n Klaviyo till SureSMS eller<\/p>\n\t\t<h3>Skicka SMS direkt fr\u00e5n Klaviyo flows<\/h3><p>Det \u00e4r m\u00f6jligt att skapa din SMS-integration mellan Klaviyo SMS och SureSMS s\u00e5 att du skickar dina SMS direkt fr\u00e5n Klaviyo, men fortfarande via v\u00e5rt SMS API. Med den h\u00e4r l\u00f6sningen har du alla dina rapporteringsfunktioner i SureSMS, men du m\u00e5ste g\u00e5 in i Klaviyo-systemet f\u00f6r att se resultatet av din s\u00e4ndning.<\/p>\n<p><strong>F\u00f6rdelarna<\/strong> med den h\u00e4r l\u00f6sningen \u00e4r att du bara beh\u00f6ver arbeta p\u00e5 en plattform. Denna l\u00f6sning \u00e4r d\u00e4rf\u00f6r bra om du arbetar mycket med SMS som en del av dina automatiseringar.<\/p>\n<p><strong>Nackdelar <\/strong>\u00e4r att du f\u00f6rlorar vissa funktioner som inte \u00e4r m\u00f6jliga i Klaviyo. Till exempel \u00e4r den h\u00e4r l\u00f6sningen inte idealisk om du arbetar mycket med massutskick - att skicka m\u00e5nga SMS-meddelanden till m\u00e5nga kontakter samtidigt. Om du vill bifoga filer eller om du vill skicka MobilePay-l\u00e4nkar direkt i dina meddelanden.<\/p>\n\t\t<h3>Synkronisering av kontakter<\/h3><p>Synkronisering av kontakter g\u00f6rs fr\u00e5n Klaviyo via den direkta Klaviyo-&gt;SureSMS-integrationen. Detta inneb\u00e4r att SureSMS regelbundet h\u00e4mtar nya kontakter fr\u00e5n Klaviyo och placerar dem i en grupp i SureSMS.<\/p>\n<p><strong>F\u00f6rdelarna <\/strong>Det fantastiska med den h\u00e4r l\u00f6sningen \u00e4r att du ut\u00f6kar dina alternativ med SMS-kommunikation. I SureSMS finns det ett antal alternativ som inte \u00e4r tillg\u00e4ngliga i Klaviyo. Du kan till exempel se data om \u00f6ppnings- och klickfrekvenser och du har m\u00f6jlighet att skicka bilagor. Du har ocks\u00e5 m\u00f6jlighet att inkludera MobilePay-l\u00e4nkar i meddelandena.<\/p>\n<p><strong>Nackdelar<\/strong> Problemet med den h\u00e4r l\u00f6sningen \u00e4r f\u00f6rst\u00e5s att man har tv\u00e5 olika system med samma lista och d\u00e4rf\u00f6r m\u00e5ste arbeta p\u00e5 tv\u00e5 olika plattformar. Detta kan vara irriterande, men vi upplever s\u00e4llan att detta \u00e4r ett problem f\u00f6r v\u00e5ra kunder.<\/p>\n\t<strong>Best\u00e4ll installationsguide<br \/>\n<\/strong>F\u00e5 en detaljerad guide om hur du installerar SureSMS\n\n<div class=\"wpcf7 no-js\" id=\"wpcf7-f13762-o1\" lang=\"en-GB\" dir=\"ltr\" data-wpcf7-id=\"13762\">\n<div class=\"screen-reader-response\"><p role=\"status\" aria-live=\"polite\" aria-atomic=\"true\"><\/p> <ul><\/ul><\/div>\n<form action=\"\/sv\/wp-json\/wp\/v2\/pages\/16816#wpcf7-f13762-o1\" method=\"post\" class=\"wpcf7-form init\" aria-label=\"Kontaktformul\u00e4r\" novalidate=\"novalidate\" data-status=\"init\" data-trp-original-action=\"\/sv\/wp-json\/wp\/v2\/pages\/16816#wpcf7-f13762-o1\">\n<fieldset class=\"hidden-fields-container\"><input type=\"hidden\" name=\"_wpcf7\" value=\"13762\" \/><input type=\"hidden\" name=\"_wpcf7_version\" value=\"6.1.5\" \/><input type=\"hidden\" name=\"_wpcf7_locale\" value=\"en_GB\" \/><input type=\"hidden\" name=\"_wpcf7_unit_tag\" value=\"wpcf7-f13762-o1\" \/><input type=\"hidden\" name=\"_wpcf7_container_post\" value=\"0\" \/><input type=\"hidden\" name=\"_wpcf7_posted_data_hash\" value=\"\" \/>\n<\/fieldset>\n<p><label><span class=\"wpcf7-form-control-wrap\" data-name=\"your-name\"><input size=\"40\" maxlength=\"400\" class=\"wpcf7-form-control wpcf7-text wpcf7-validates-as-required wpctf7-my-custom-class\" aria-required=\"true\" aria-invalid=\"false\" placeholder=\"Ditt namn\" value=\"\" type=\"text\" name=\"your-name\" \/><\/span><\/label>\n<\/p>\n<p><span class=\"wpcf7-form-control-wrap\" data-name=\"email\"><input size=\"40\" maxlength=\"400\" class=\"wpcf7-form-control wpcf7-email wpcf7-validates-as-required wpcf7-text wpcf7-validates-as-email wpctf7-my-custom-class\" aria-required=\"true\" aria-invalid=\"false\" placeholder=\"E-post*.\" value=\"\" type=\"email\" name=\"email\" \/><\/span>\n<\/p>\n<p><div class=\"cf7-cf-turnstile\" style=\"margin-top: 0px; margin-bottom: -15px;\"> <div id=\"cf-turnstile-cf7-1851430922\" class=\"cf-turnstile\" data-sitekey=\"0x4AAAAAAB8YGArd9ML-HbMW\" data-theme=\"light\" data-language=\"auto\" data-size=\"normal\" data-retry=\"auto\" data-retry-interval=\"1000\" data-refresh-expired=\"auto\" data-action=\"contact-form-7\" data-appearance=\"always\"><\/div> <script>document.addEventListener(\"DOMContentLoaded\", function() { setTimeout(function(){ var e=document.getElementById(\"cf-turnstile-cf7-1851430922\"); e&&!e.innerHTML.trim()&&(turnstile.remove(\"#cf-turnstile-cf7-1851430922\"), turnstile.render(\"#cf-turnstile-cf7-1851430922\", {sitekey:\"0x4AAAAAAB8YGArd9ML-HbMW\"})); }, 100); });<\/script> <br class=\"cf-turnstile-br cf-turnstile-br-cf7-1851430922\"> <style>#cf-turnstile-cf7-1851430922 { margin-left: -15px; }<\/style> <script>document.addEventListener(\"DOMContentLoaded\",function(){document.querySelectorAll('.wpcf7-form').forEach(function(e){e.addEventListener('submit',function(){if(document.getElementById('cf-turnstile-cf7-1851430922')){setTimeout(function(){turnstile.reset('#cf-turnstile-cf7-1851430922');},1000)}})})});<\/script> <\/div><br\/><input class=\"wpcf7-form-control wpcf7-submit has-spinner\" type=\"submit\" value=\"Best\u00e4ll v\u00e4gledning\" \/>\n<\/p><div class=\"wpcf7-response-output\" aria-hidden=\"true\"><\/div>\n<input type=\"hidden\" name=\"trp-form-language\" value=\"sv\"\/><\/form>\n<\/div>\n\n\t\t\t<a href=\"https:\/\/calendly.com\/gm--nzwp\/30min\"  target=\"_blank\" rel=\"noopener\">\n\t\t\t\t\t\t\tBoka en demo\n\t\t\t\t\t<\/a>\n\t<p>med Glen<\/p>\n\t<p>\u00c4r du redo att prova en Klaviyo-integration. Med ett testkonto \u00e4r det gratis att prova, gratis att konfigurera och du f\u00e5r 50 gratis SMS till att b\u00f6rja med. V\u00e4lj antingen att f\u00e5 den detaljerade guiden eller boka ett m\u00f6te d\u00e4r vi g\u00e5r igenom installationen.<\/p>\n\t<p><strong>Best\u00e4ll installationsguide<br \/><\/strong>F\u00e5 en detaljerad guide om hur du konfigurerar Klaviyo med SureSMS<\/p>\n\n<div class=\"wpcf7 no-js\" id=\"wpcf7-f13762-o2\" lang=\"en-GB\" dir=\"ltr\" data-wpcf7-id=\"13762\">\n<div class=\"screen-reader-response\"><p role=\"status\" aria-live=\"polite\" aria-atomic=\"true\"><\/p> <ul><\/ul><\/div>\n<form action=\"\/sv\/wp-json\/wp\/v2\/pages\/16816#wpcf7-f13762-o2\" method=\"post\" class=\"wpcf7-form init\" aria-label=\"Kontaktformul\u00e4r\" novalidate=\"novalidate\" data-status=\"init\" data-trp-original-action=\"\/sv\/wp-json\/wp\/v2\/pages\/16816#wpcf7-f13762-o2\">\n<fieldset class=\"hidden-fields-container\"><input type=\"hidden\" name=\"_wpcf7\" value=\"13762\" \/><input type=\"hidden\" name=\"_wpcf7_version\" value=\"6.1.5\" \/><input type=\"hidden\" name=\"_wpcf7_locale\" value=\"en_GB\" \/><input type=\"hidden\" name=\"_wpcf7_unit_tag\" value=\"wpcf7-f13762-o2\" \/><input type=\"hidden\" name=\"_wpcf7_container_post\" value=\"0\" \/><input type=\"hidden\" name=\"_wpcf7_posted_data_hash\" value=\"\" \/>\n<\/fieldset>\n<p><label><span class=\"wpcf7-form-control-wrap\" data-name=\"your-name\"><input size=\"40\" maxlength=\"400\" class=\"wpcf7-form-control wpcf7-text wpcf7-validates-as-required wpctf7-my-custom-class\" aria-required=\"true\" aria-invalid=\"false\" placeholder=\"Ditt namn\" value=\"\" type=\"text\" name=\"your-name\" \/><\/span><\/label>\n<\/p>\n<p><span class=\"wpcf7-form-control-wrap\" data-name=\"email\"><input size=\"40\" maxlength=\"400\" class=\"wpcf7-form-control wpcf7-email wpcf7-validates-as-required wpcf7-text wpcf7-validates-as-email wpctf7-my-custom-class\" aria-required=\"true\" aria-invalid=\"false\" placeholder=\"E-post*.\" value=\"\" type=\"email\" name=\"email\" \/><\/span>\n<\/p>\n<p><div class=\"cf7-cf-turnstile\" style=\"margin-top: 0px; margin-bottom: -15px;\"> <div id=\"cf-turnstile-cf7-1087771826\" class=\"cf-turnstile\" data-sitekey=\"0x4AAAAAAB8YGArd9ML-HbMW\" data-theme=\"light\" data-language=\"auto\" data-size=\"normal\" data-retry=\"auto\" data-retry-interval=\"1000\" data-refresh-expired=\"auto\" data-action=\"contact-form-7\" data-appearance=\"always\"><\/div> <script>document.addEventListener(\"DOMContentLoaded\", function() { setTimeout(function(){ var e=document.getElementById(\"cf-turnstile-cf7-1087771826\"); e&&!e.innerHTML.trim()&&(turnstile.remove(\"#cf-turnstile-cf7-1087771826\"), turnstile.render(\"#cf-turnstile-cf7-1087771826\", {sitekey:\"0x4AAAAAAB8YGArd9ML-HbMW\"})); }, 100); });<\/script> <br class=\"cf-turnstile-br cf-turnstile-br-cf7-1087771826\"> <style>#cf-turnstile-cf7-1087771826 { margin-left: -15px; }<\/style> <script>document.addEventListener(\"DOMContentLoaded\",function(){document.querySelectorAll('.wpcf7-form').forEach(function(e){e.addEventListener('submit',function(){if(document.getElementById('cf-turnstile-cf7-1087771826')){setTimeout(function(){turnstile.reset('#cf-turnstile-cf7-1087771826');},1000)}})})});<\/script> <\/div><br\/><input class=\"wpcf7-form-control wpcf7-submit has-spinner\" type=\"submit\" value=\"Best\u00e4ll v\u00e4gledning\" \/>\n<\/p><div class=\"wpcf7-response-output\" aria-hidden=\"true\"><\/div>\n<input type=\"hidden\" name=\"trp-form-language\" value=\"sv\"\/><\/form>\n<\/div>\n\n<figure itemscope itemtype=\"https:\/\/schema.org\/ImageObject\">\n\t\t\t\t<img decoding=\"async\" src=\"https:\/\/suresms.com\/wp-content\/uploads\/2024\/09\/Glen100x118.png\" alt=\"Glen100x118\" title=\"Glen100x118\" onerror=\"this.style.display='none'\" loading=\"lazy\" \/>\n\t<\/figure>\n\t\t\t<a href=\"https:\/\/calendly.com\/gm--nzwp\/30min\"  target=\"_self\">\n\t\t\t\t\t\t\tBoka en demo\n\t\t\t\t\t<\/a>\n\t<p>med Glen<\/p>","protected":false},"excerpt":{"rendered":"<p>Optimera e-postmarknadsf\u00f6ringen i Klaviyo med SMS-marknadsf\u00f6ring SMS-marknadsf\u00f6ring \u00e4r ett effektivt komplement till nyhetsbrev eftersom l\u00e4sarna n\u00e5s flera g\u00e5nger - och p\u00e5 olika s\u00e4tt. Och eftersom 90 % av alla SMS-meddelanden l\u00e4ses inom 3 minuter \u00e4r det s\u00e4rskilt effektivt att uppgradera med SMS-marknadsf\u00f6ring. \u00c4ven om l\u00e4sarna inte har gett tillst\u00e5nd till SMS-marknadsf\u00f6ring kan du... <a title=\"SMS-integration f\u00f6r Klaviyo\" class=\"read-more\" href=\"https:\/\/suresms.com\/sv\/integrationer\/marketing-automation\/klaviyo-sms\/\" aria-label=\"L\u00e4s mer om SMS-integration f\u00f6r Klaviyo\">L\u00e4s mer om det<\/a><\/p>","protected":false},"author":1,"featured_media":0,"parent":13367,"menu_order":1,"comment_status":"closed","ping_status":"closed","template":"","meta":{"_fl_builder_enabled":"1","_fl_builder_data":null,"_fl_builder_draft":null,"_fl_builder_data_settings":null,"_fl_builder_css":"","_fl_builder_css_version":"","_fl_builder_js":"","footnotes":""},"categories":[],"tags":[],"class_list":["post-16816","page","type-page","status-publish"],"yoast_head":"<!-- This site is optimized with the Yoast SEO Premium plugin v27.3 (Yoast SEO v27.3) - https:\/\/yoast.com\/product\/yoast-seo-premium-wordpress\/ -->\r\n<title>Klaviyo SMS l\u00f8sning til danske og nordiske kunder<\/title>\r\n<meta name=\"description\" content=\"Integrer SMS i Klaviyo i dag, og kom i gang med at skabe v\u00e6rdifulde automations og kampagner! En \u00e5bningsrate p\u00e5 98 %.\" \/>\r\n<meta name=\"robots\" content=\"index, follow, max-snippet:-1, max-image-preview:large, max-video-preview:-1\" \/>\r\n<link rel=\"canonical\" href=\"https:\/\/suresms.com\/sv\/integrationer\/automatisering-av-marknadsforing\/klaviyo-sms\/\" \/>\r\n<meta property=\"og:locale\" content=\"sv_SE\" \/>\r\n<meta property=\"og:type\" content=\"article\" \/>\r\n<meta property=\"og:title\" content=\"SMS integration til Klaviyo\" \/>\r\n<meta property=\"og:description\" content=\"Integrer SMS i Klaviyo i dag, og kom i gang med at skabe v\u00e6rdifulde automations og kampagner! En \u00e5bningsrate p\u00e5 98 %.\" \/>\r\n<meta property=\"og:url\" content=\"https:\/\/suresms.com\/sv\/integrationer\/automatisering-av-marknadsforing\/klaviyo-sms\/\" \/>\r\n<meta property=\"article:publisher\" content=\"https:\/\/www.facebook.com\/p\/SureSMS-100044607956149\/\" \/>\r\n<meta property=\"article:modified_time\" content=\"2026-03-25T15:43:19+00:00\" \/>\r\n<meta property=\"og:image\" content=\"https:\/\/suresms.com\/wp-content\/uploads\/2023\/03\/Klaviyo_SureSMS-1-1.png\" \/>\r\n<meta name=\"twitter:card\" content=\"summary_large_image\" \/>\r\n<meta name=\"twitter:label1\" content=\"Ber\u00e4knad l\u00e4stid\" \/>\n\t<meta name=\"twitter:data1\" content=\"12 minuter\" \/>\r\n<script type=\"application\/ld+json\" class=\"yoast-schema-graph\">{\"@context\":\"https:\\\/\\\/schema.org\",\"@graph\":[{\"@type\":\"WebPage\",\"@id\":\"https:\\\/\\\/suresms.com\\\/dk\\\/integrationer\\\/marketing-automation\\\/klaviyo-sms\\\/\",\"url\":\"https:\\\/\\\/suresms.com\\\/dk\\\/integrationer\\\/marketing-automation\\\/klaviyo-sms\\\/\",\"name\":\"Klaviyo SMS l\u00f8sning til danske og nordiske kunder\",\"isPartOf\":{\"@id\":\"https:\\\/\\\/suresms.com\\\/en\\\/#website\"},\"primaryImageOfPage\":{\"@id\":\"https:\\\/\\\/suresms.com\\\/dk\\\/integrationer\\\/marketing-automation\\\/klaviyo-sms\\\/#primaryimage\"},\"image\":{\"@id\":\"https:\\\/\\\/suresms.com\\\/dk\\\/integrationer\\\/marketing-automation\\\/klaviyo-sms\\\/#primaryimage\"},\"thumbnailUrl\":\"https:\\\/\\\/suresms.com\\\/wp-content\\\/uploads\\\/2023\\\/03\\\/Klaviyo_SureSMS-1-1.png\",\"datePublished\":\"2023-03-28T10:23:14+00:00\",\"dateModified\":\"2026-03-25T15:43:19+00:00\",\"description\":\"Integrer SMS i Klaviyo i dag, og kom i gang med at skabe v\u00e6rdifulde automations og kampagner! En \u00e5bningsrate p\u00e5 98 %.\",\"breadcrumb\":{\"@id\":\"https:\\\/\\\/suresms.com\\\/dk\\\/integrationer\\\/marketing-automation\\\/klaviyo-sms\\\/#breadcrumb\"},\"inLanguage\":\"sv-SE\",\"potentialAction\":[{\"@type\":\"ReadAction\",\"target\":[\"https:\\\/\\\/suresms.com\\\/dk\\\/integrationer\\\/marketing-automation\\\/klaviyo-sms\\\/\"]}]},{\"@type\":\"ImageObject\",\"inLanguage\":\"sv-SE\",\"@id\":\"https:\\\/\\\/suresms.com\\\/dk\\\/integrationer\\\/marketing-automation\\\/klaviyo-sms\\\/#primaryimage\",\"url\":\"https:\\\/\\\/suresms.com\\\/wp-content\\\/uploads\\\/2023\\\/03\\\/Klaviyo_SureSMS-1-1.png\",\"contentUrl\":\"https:\\\/\\\/suresms.com\\\/wp-content\\\/uploads\\\/2023\\\/03\\\/Klaviyo_SureSMS-1-1.png\"},{\"@type\":\"BreadcrumbList\",\"@id\":\"https:\\\/\\\/suresms.com\\\/dk\\\/integrationer\\\/marketing-automation\\\/klaviyo-sms\\\/#breadcrumb\",\"itemListElement\":[{\"@type\":\"ListItem\",\"position\":1,\"name\":\"Home\",\"item\":\"https:\\\/\\\/suresms.com\\\/dk\\\/\"},{\"@type\":\"ListItem\",\"position\":2,\"name\":\"Integrationer\",\"item\":\"https:\\\/\\\/suresms.com\\\/dk\\\/integrationer\\\/\"},{\"@type\":\"ListItem\",\"position\":3,\"name\":\"SMS integration til Marketing Automation\",\"item\":\"https:\\\/\\\/suresms.com\\\/dk\\\/integrationer\\\/marketing-automation\\\/\"},{\"@type\":\"ListItem\",\"position\":4,\"name\":\"SMS integration til Klaviyo\"}]},{\"@type\":\"WebSite\",\"@id\":\"https:\\\/\\\/suresms.com\\\/en\\\/#website\",\"url\":\"https:\\\/\\\/suresms.com\\\/en\\\/\",\"name\":\"SureSMS\",\"description\":\"Professionel SMS Gateway\",\"publisher\":{\"@id\":\"https:\\\/\\\/suresms.com\\\/en\\\/#organization\"},\"potentialAction\":[{\"@type\":\"SearchAction\",\"target\":{\"@type\":\"EntryPoint\",\"urlTemplate\":\"https:\\\/\\\/suresms.com\\\/en\\\/?s={search_term_string}\"},\"query-input\":{\"@type\":\"PropertyValueSpecification\",\"valueRequired\":true,\"valueName\":\"search_term_string\"}}],\"inLanguage\":\"sv-SE\"},{\"@type\":\"Organization\",\"@id\":\"https:\\\/\\\/suresms.com\\\/en\\\/#organization\",\"name\":\"SureSMS\",\"url\":\"https:\\\/\\\/suresms.com\\\/en\\\/\",\"logo\":{\"@type\":\"ImageObject\",\"inLanguage\":\"sv-SE\",\"@id\":\"https:\\\/\\\/suresms.com\\\/en\\\/#\\\/schema\\\/logo\\\/image\\\/\",\"url\":\"https:\\\/\\\/suresms.com\\\/wp-content\\\/uploads\\\/2024\\\/11\\\/suresms-300x65-1.png\",\"contentUrl\":\"https:\\\/\\\/suresms.com\\\/wp-content\\\/uploads\\\/2024\\\/11\\\/suresms-300x65-1.png\",\"width\":300,\"height\":65,\"caption\":\"SureSMS\"},\"image\":{\"@id\":\"https:\\\/\\\/suresms.com\\\/en\\\/#\\\/schema\\\/logo\\\/image\\\/\"},\"sameAs\":[\"https:\\\/\\\/www.facebook.com\\\/p\\\/SureSMS-100044607956149\\\/\"]}]}<\/script>\r\n<!-- \/ Yoast SEO Premium plugin. -->","yoast_head_json":{"title":"Klaviyo SMS-l\u00f6sning f\u00f6r danska och nordiska kunder","description":"Integrera SMS i Klaviyo idag och b\u00f6rja skapa v\u00e4rdefulla automatiseringar och kampanjer! En \u00f6ppningsfrekvens p\u00e5 98 %.","robots":{"index":"index","follow":"follow","max-snippet":"max-snippet:-1","max-image-preview":"max-image-preview:large","max-video-preview":"max-video-preview:-1"},"canonical":"https:\/\/suresms.com\/sv\/integrationer\/automatisering-av-marknadsforing\/klaviyo-sms\/","og_locale":"sv_SE","og_type":"article","og_title":"SMS integration til Klaviyo","og_description":"Integrer SMS i Klaviyo i dag, og kom i gang med at skabe v\u00e6rdifulde automations og kampagner! En \u00e5bningsrate p\u00e5 98 %.","og_url":"https:\/\/suresms.com\/sv\/integrationer\/automatisering-av-marknadsforing\/klaviyo-sms\/","article_publisher":"https:\/\/www.facebook.com\/p\/SureSMS-100044607956149\/","article_modified_time":"2026-03-25T15:43:19+00:00","og_image":[{"url":"https:\/\/suresms.com\/wp-content\/uploads\/2023\/03\/Klaviyo_SureSMS-1-1.png","type":"","width":"","height":""}],"twitter_card":"summary_large_image","twitter_misc":{"Ber\u00e4knad l\u00e4stid":"12 minuter"},"schema":{"@context":"https:\/\/schema.org","@graph":[{"@type":"WebPage","@id":"https:\/\/suresms.com\/dk\/integrationer\/marketing-automation\/klaviyo-sms\/","url":"https:\/\/suresms.com\/dk\/integrationer\/marketing-automation\/klaviyo-sms\/","name":"Klaviyo SMS-l\u00f6sning f\u00f6r danska och nordiska kunder","isPartOf":{"@id":"https:\/\/suresms.com\/en\/#website"},"primaryImageOfPage":{"@id":"https:\/\/suresms.com\/dk\/integrationer\/marketing-automation\/klaviyo-sms\/#primaryimage"},"image":{"@id":"https:\/\/suresms.com\/dk\/integrationer\/marketing-automation\/klaviyo-sms\/#primaryimage"},"thumbnailUrl":"https:\/\/suresms.com\/wp-content\/uploads\/2023\/03\/Klaviyo_SureSMS-1-1.png","datePublished":"2023-03-28T10:23:14+00:00","dateModified":"2026-03-25T15:43:19+00:00","description":"Integrera SMS i Klaviyo idag och b\u00f6rja skapa v\u00e4rdefulla automatiseringar och kampanjer! En \u00f6ppningsfrekvens p\u00e5 98 %.","breadcrumb":{"@id":"https:\/\/suresms.com\/dk\/integrationer\/marketing-automation\/klaviyo-sms\/#breadcrumb"},"inLanguage":"sv-SE","potentialAction":[{"@type":"ReadAction","target":["https:\/\/suresms.com\/dk\/integrationer\/marketing-automation\/klaviyo-sms\/"]}]},{"@type":"ImageObject","inLanguage":"sv-SE","@id":"https:\/\/suresms.com\/dk\/integrationer\/marketing-automation\/klaviyo-sms\/#primaryimage","url":"https:\/\/suresms.com\/wp-content\/uploads\/2023\/03\/Klaviyo_SureSMS-1-1.png","contentUrl":"https:\/\/suresms.com\/wp-content\/uploads\/2023\/03\/Klaviyo_SureSMS-1-1.png"},{"@type":"BreadcrumbList","@id":"https:\/\/suresms.com\/dk\/integrationer\/marketing-automation\/klaviyo-sms\/#breadcrumb","itemListElement":[{"@type":"ListItem","position":1,"name":"Home","item":"https:\/\/suresms.com\/dk\/"},{"@type":"ListItem","position":2,"name":"Integrationer","item":"https:\/\/suresms.com\/dk\/integrationer\/"},{"@type":"ListItem","position":3,"name":"SMS integration til Marketing Automation","item":"https:\/\/suresms.com\/dk\/integrationer\/marketing-automation\/"},{"@type":"ListItem","position":4,"name":"SMS integration til Klaviyo"}]},{"@type":"WebSite","@id":"https:\/\/suresms.com\/en\/#website","url":"https:\/\/suresms.com\/en\/","name":"SureSMS","description":"Professionell SMS Gateway","publisher":{"@id":"https:\/\/suresms.com\/en\/#organization"},"potentialAction":[{"@type":"SearchAction","target":{"@type":"EntryPoint","urlTemplate":"https:\/\/suresms.com\/en\/?s={search_term_string}"},"query-input":{"@type":"PropertyValueSpecification","valueRequired":true,"valueName":"search_term_string"}}],"inLanguage":"sv-SE"},{"@type":"Organization","@id":"https:\/\/suresms.com\/en\/#organization","name":"SureSMS","url":"https:\/\/suresms.com\/en\/","logo":{"@type":"ImageObject","inLanguage":"sv-SE","@id":"https:\/\/suresms.com\/en\/#\/schema\/logo\/image\/","url":"https:\/\/suresms.com\/wp-content\/uploads\/2024\/11\/suresms-300x65-1.png","contentUrl":"https:\/\/suresms.com\/wp-content\/uploads\/2024\/11\/suresms-300x65-1.png","width":300,"height":65,"caption":"SureSMS"},"image":{"@id":"https:\/\/suresms.com\/en\/#\/schema\/logo\/image\/"},"sameAs":["https:\/\/www.facebook.com\/p\/SureSMS-100044607956149\/"]}]}},"_links":{"self":[{"href":"https:\/\/suresms.com\/sv\/wp-json\/wp\/v2\/pages\/16816","targetHints":{"allow":["GET"]}}],"collection":[{"href":"https:\/\/suresms.com\/sv\/wp-json\/wp\/v2\/pages"}],"about":[{"href":"https:\/\/suresms.com\/sv\/wp-json\/wp\/v2\/types\/page"}],"author":[{"embeddable":true,"href":"https:\/\/suresms.com\/sv\/wp-json\/wp\/v2\/users\/1"}],"replies":[{"embeddable":true,"href":"https:\/\/suresms.com\/sv\/wp-json\/wp\/v2\/comments?post=16816"}],"version-history":[{"count":5,"href":"https:\/\/suresms.com\/sv\/wp-json\/wp\/v2\/pages\/16816\/revisions"}],"predecessor-version":[{"id":23854,"href":"https:\/\/suresms.com\/sv\/wp-json\/wp\/v2\/pages\/16816\/revisions\/23854"}],"up":[{"embeddable":true,"href":"https:\/\/suresms.com\/sv\/wp-json\/wp\/v2\/pages\/13367"}],"wp:attachment":[{"href":"https:\/\/suresms.com\/sv\/wp-json\/wp\/v2\/media?parent=16816"}],"wp:term":[{"taxonomy":"category","embeddable":true,"href":"https:\/\/suresms.com\/sv\/wp-json\/wp\/v2\/categories?post=16816"},{"taxonomy":"post_tag","embeddable":true,"href":"https:\/\/suresms.com\/sv\/wp-json\/wp\/v2\/tags?post=16816"}],"curies":[{"name":"wp","href":"https:\/\/api.w.org\/{rel}","templated":true}]}}