{"id":16543,"date":"2023-01-25T10:38:05","date_gmt":"2023-01-25T08:38:05","guid":{"rendered":"https:\/\/www.suresms.com\/dk\/?page_id=16543"},"modified":"2024-12-06T13:05:55","modified_gmt":"2024-12-06T13:05:55","slug":"sms-lank","status":"publish","type":"page","link":"https:\/\/suresms.com\/sv\/funktioner\/sms-link\/","title":{"rendered":"SMS-l\u00e4nk"},"content":{"rendered":"<!-- Flexy Breadcrumb -->\r\n\t\t\t<div class=\"fbc fbc-page\">\r\n\r\n\t\t\t\t<!-- Breadcrumb wrapper -->\r\n\t\t\t\t<div class=\"fbc-wrap\">\r\n\r\n\t\t\t\t\t<!-- Ordered list-->\r\n\t\t\t\t\t<ol class=\"fbc-items\" itemscope itemtype=\"https:\/\/schema.org\/BreadcrumbList\">\r\n\t\t\t\t\t\t            <li itemprop=\"itemListElement\" itemscope itemtype=\"https:\/\/schema.org\/ListItem\">\r\n                <span itemprop=\"name\">\r\n                    <!-- Home Link -->\r\n                    <a itemprop=\"item\" href=\"https:\/\/suresms.com\/sv\/\">\r\n                    \r\n                                                    <i class=\"fa fa-home\" aria-hidden=\"true\"><\/i>Hem                    <\/a>\r\n                <\/span>\r\n                <meta itemprop=\"position\" content=\"1\" \/><!-- Meta Position-->\r\n             <\/li><li><span class=\"fbc-separator\">\/<\/span><\/li><li class=\"active\" itemprop=\"itemListElement\" itemscope itemtype=\"https:\/\/schema.org\/ListItem\"><span itemprop=\"name\" title=\"SMS-l\u00e4nk\">SMS-l\u00e4nk<\/span><meta itemprop=\"position\" content=\"2\" \/><\/li>\t\t\t\t\t<\/ol>\r\n\t\t\t\t\t<div class=\"clearfix\"><\/div>\r\n\t\t\t\t<\/div>\r\n\t\t\t<\/div>\r\n\t\t\t\n<h1>\n\t\tSMS-l\u00e4nk\n\t<\/h1>\n\t<h4>Videor, PDF-filer, bilder och l\u00e4nkar kan alla inkluderas i ett SMS-meddelande. Det \u00e4r lika enkelt som att bifoga en fil n\u00e4r du skickar ett e-postmeddelande.<\/h4>\n<p>Med SureSMS f\u00e5r du en unik m\u00f6jlighet att skicka l\u00e4nkar i ditt SMS-meddelande. Vi har skapat v\u00e5r egen URL-f\u00f6rkortare som g\u00f6r det m\u00f6jligt att visa videor, pdf-filer, bilder och mycket mer i SMS-meddelanden.<\/p>\n\t<ul>\n\t\t<li>\t\t\t\t\n\t\t<h3>Infoga l\u00e4nk i meddelanden<\/h3><p>Du har m\u00f6jlighet att infoga en l\u00e4nk i ditt meddelande med v\u00e5r mycket speciella l\u00e4nkmodul. Genom att anv\u00e4nda v\u00e5r URL-f\u00f6rkortare kan du skapa en mycket kort l\u00e4nk och spara m\u00e5nga tecken.<\/p><\/li><li>\t\t\t\t\n\t\t<h3>Anv\u00e4nd ditt eget dom\u00e4nnamn<\/h3><p>Med v\u00e5r speciella branded-url-modul har du m\u00f6jlighet att skapa en kort l\u00e4nk i dina meddelanden som inneh\u00e5ller ditt eget dom\u00e4nnamn. Detta resulterar i allm\u00e4nhet i en 30% h\u00f6gre klickfrekvens eftersom din l\u00e4nk \u00e4r mer p\u00e5litlig.\u00a0<\/p><\/li><li>\t\t\t\t\n\t\t<h3>Bifoga filer<\/h3><p>Som den enda danska SMS-gatewayen kan du med SureSMS infoga filer n\u00e4r du skickar ett SMS. Det kan t.ex. vara en PDF-fil eller en video.\u00a0<\/p><\/li><li>\t\t\t\t\n\t\t<h3>L\u00e4nk till MobilePay<\/h3><p>Om du tar emot betalning fr\u00e5n dina mottagare har du ocks\u00e5 m\u00f6jlighet att infoga en MobilePay-l\u00e4nk i meddelandet. Anv\u00e4ndaren beh\u00f6ver bara swipa och betalningen g\u00e5r igenom.<\/p><\/li><li>\t\t\t\t\n\t\t<h3>L\u00e4nk f\u00f6r nedladdning<\/h3><p>Om du skickar ut SMS-marknadsf\u00f6ring \u00e4r det ett krav att m\u00e4nniskor kan avregistrera sig fr\u00e5n din lista. Detta g\u00f6rs enkelt med l\u00e4nkar i SMS-meddelandet.<\/p><\/li>\t<\/ul>\n\t<p>I sk\u00e4rmdumpen nedan kan du se hur enkelt det \u00e4r att infoga en l\u00e4nk med din egen URL i meddelandet.<\/p>\n\t\t\t\t<img loading=\"lazy\" decoding=\"async\" src=\"https:\/\/suresms.com\/wp-content\/uploads\/2023\/01\/Tilfoej-link-1.png\" alt=\"L\u00e4gg till l\u00e4nk i meddelandet\" itemprop=\"image\" height=\"498\" width=\"1416\" title=\"L\u00e4gg till l\u00e4nk\" onerror=\"this.style.display='none'\"  \/>\n\t<p>Om du v\u00e4ljer att skapa en l\u00e4nk kan du g\u00f6ra det p\u00e5 tv\u00e5 s\u00e4tt.<\/p>\nAntingen skriver du l\u00e4nken direkt i meddelandena, t.ex.: https:\/\/mitdomain.dk\/kampagne1.<br \/>\nDu kan ocks\u00e5 v\u00e4lja att infoga en normal l\u00e4nk. H\u00e4r skriver du https:\/\/mitdomain.dk\/kampagne1 i l\u00e4nkf\u00e4ltet, men n\u00e4r mottagaren f\u00e5r meddelandet st\u00e5r det https:\/\/a-l.ink\/HdB6sg.\n<p>L\u00e4s mer om <a href=\"https:\/\/suresms.com\/sv\/funktioner\/sms-lank-3\/\">varum\u00e4rkesadresser h\u00e4r<\/a>d\u00e4r du anv\u00e4nder en l\u00e4nk som ser ut s\u00e5 h\u00e4r: https:\/\/m.mitfomain.dk\/fhdcd<\/p>\n<p>N\u00e4r de klickar p\u00e5 l\u00e4nken \u00f6ppnas en sida p\u00e5 v\u00e5r server d\u00e4r vi kontrollerar vem som klickade, vilken telefon de klickade fr\u00e5n, vad klockan \u00e4r och mycket mer. Anv\u00e4ndaren vidarebefordras sedan till slutadressen. Detta g\u00f6r att vi kan m\u00e4ta vem som har klickat och rapportera detta till dig.<\/p>\n\t<h2>Sp\u00e5rning av l\u00e4nkar i SMS-marknadsf\u00f6ring<\/h2>\n<p>Med den speciella l\u00e4nkfunktionen i v\u00e5r SMS-avs\u00e4ndare f\u00e5r du ocks\u00e5 m\u00f6jlighet till sp\u00e5rning. Du kan se vem som klickade p\u00e5 en l\u00e4nk, hur l\u00e4nge de tittade p\u00e5 en video, hur m\u00e5nga g\u00e5nger de klickade och n\u00e4r. Allt detta \u00e4r v\u00e4rdefull information om du arbetar med marknadsf\u00f6ring.<\/p>\n<ol> \t\n<li>Kortare och tydligare l\u00e4nkar resulterar i en h\u00f6gre klickfrekvens: N\u00e4r dina l\u00e4nkar \u00e4r kortare och \"snyggare\" ser de mer trov\u00e4rdiga och transparenta ut. Detta kan leda till en h\u00f6gre genomsnittlig klickfrekvens eftersom mottagarna \u00e4r mer ben\u00e4gna att klicka p\u00e5 l\u00e4nken.<\/li>\n\n<li>Ger v\u00e4rdefull kampanjdata som t.ex. klickfrekvens och konverteringar: Genom att anv\u00e4nda l\u00e4nksp\u00e5rning i dina SMS-kampanjer f\u00e5r du v\u00e4rdefulla insikter om hur kampanjerna presterar n\u00e4r det g\u00e4ller klickfrekvens och konverteringar. Den h\u00e4r kunskapen kan anv\u00e4ndas f\u00f6r att planera och optimera framtida kampanjer.<\/li>\n\n<li>Ger en \u00f6verblick \u00f6ver kampanjens avvisningsfrekvens: Genom att anv\u00e4nda avregistreringsl\u00e4nkar kan du snabbt se vilka kampanjer som dina mottagare inte gillar. Den h\u00e4r kunskapen kan anv\u00e4ndas f\u00f6r att optimera framtida kampanjer eller ta bort de kampanjer som inte fungerar bra. Med hj\u00e4lp av l\u00e4nksp\u00e5rning kan du se vilka av dina SMS-kampanjer som fungerar bra och vilka som kan beh\u00f6va mer arbete i framtiden.<\/li>\n<\/ol>\n\t<h2>Avbest\u00e4ll SMS via l\u00e4nk<\/h2>\n<p>L\u00e4nk i SMS kan \u00e4ven anv\u00e4ndas om mottagare vill avregistrera sig fr\u00e5n ditt nyhetsbrev. Den h\u00e4r l\u00e4nken infogas automatiskt om du v\u00e4ljer att kryssa i den n\u00e4r du skickar ut. Allt mottagaren beh\u00f6ver g\u00f6ra f\u00f6r att avregistrera sig fr\u00e5n nyhetsbrevet \u00e4r att klicka p\u00e5 l\u00e4nken.<\/p>\n\t<h4><strong>\u00a0H\u00e4r kan du l\u00e4sa n\u00e5gra exempel p\u00e5 hur v\u00e5ra kunder anv\u00e4nder funktionen \"Grupp-SMS\" idag<\/strong><\/h4>\n\n<ul> \t\n<li>Ett medelstort transportf\u00f6retag p\u00e5 Jylland anv\u00e4nder grupp-SMS f\u00f6r att skicka ut arbetsuppgifter till sina chauff\u00f6rer. De SMS som skickas ut inneh\u00e5ller logistisk information om gods, plats och upph\u00e4mtning.<\/li>\n\n<li>Ett onlinespelf\u00f6retag f\u00e5r nya kunder genom att skicka grupptextmeddelanden med l\u00e4nkar till m\u00f6jliga onlinespel till sina anv\u00e4ndare.<\/li>\n\n<li>P\u00e5 ett danskt sjukhus skickar kantinchefen regelbundet ut grupp-sms till den lyckliga personalen om sociala evenemang och viktiga h\u00e4ndelser: \"Idag finns det t\u00e5rta i matsalen!\" eller \"I morgon firar vi sommaren med en fredagsgrill p\u00e5 innerg\u00e5rden!\"<\/li>\n<\/ul>","protected":false},"excerpt":{"rendered":"<p>SMS-l\u00e4nk Videor, PDF-filer, bilder och l\u00e4nkar kan alla inkluderas i ett SMS-meddelande. Det \u00e4r lika enkelt som att bifoga en fil n\u00e4r du skickar ett e-postmeddelande. Med SureSMS f\u00e5r du en unik m\u00f6jlighet att skicka l\u00e4nkar i ditt SMS-meddelande. Vi har skapat v\u00e5r egen URL-f\u00f6rkortare... <a title=\"SMS-l\u00e4nk\" class=\"read-more\" href=\"https:\/\/suresms.com\/sv\/funktioner\/sms-link\/\" aria-label=\"L\u00e4s mer om SMS-l\u00e4nk\">L\u00e4s mer om det<\/a><\/p>","protected":false},"author":1,"featured_media":0,"parent":958,"menu_order":12,"comment_status":"closed","ping_status":"closed","template":"","meta":{"_fl_builder_enabled":"1","_fl_builder_data":null,"_fl_builder_draft":null,"_fl_builder_data_settings":null,"_fl_builder_css":"","_fl_builder_css_version":"","_fl_builder_js":"","footnotes":""},"categories":[17],"tags":[],"class_list":{"0":"post-16543","1":"page","2":"type-page","3":"status-publish","5":"category-linkfracornorstone"},"yoast_head":"<!-- This site is optimized with the Yoast SEO Premium plugin v27.3 (Yoast SEO v27.3) - https:\/\/yoast.com\/product\/yoast-seo-premium-wordpress\/ -->\r\n<title>SMS link - gratis konto<\/title>\r\n<meta name=\"description\" content=\"Du kan sende b\u00e5de sms links, billeder, videoer og lydfiler med vores SMS gateway. Uanede muligheder for rigt indhold.\" \/>\r\n<meta name=\"robots\" content=\"index, follow, max-snippet:-1, max-image-preview:large, max-video-preview:-1\" \/>\r\n<link rel=\"canonical\" href=\"https:\/\/suresms.com\/sv\/funktioner\/sms-lank\/\" \/>\r\n<meta property=\"og:locale\" content=\"sv_SE\" \/>\r\n<meta property=\"og:type\" content=\"article\" \/>\r\n<meta property=\"og:title\" content=\"SMS link\" \/>\r\n<meta property=\"og:description\" content=\"Du kan sende b\u00e5de sms links, billeder, videoer og lydfiler med vores SMS gateway. Uanede muligheder for rigt indhold.\" \/>\r\n<meta property=\"og:url\" content=\"https:\/\/suresms.com\/sv\/funktioner\/sms-lank\/\" \/>\r\n<meta property=\"article:publisher\" content=\"https:\/\/www.facebook.com\/p\/SureSMS-100044607956149\/\" \/>\r\n<meta property=\"article:modified_time\" content=\"2024-12-06T13:05:55+00:00\" \/>\r\n<meta property=\"og:image\" content=\"https:\/\/suresms.com\/wp-content\/uploads\/2023\/01\/Tilfoej-link-1.png\" \/>\r\n<meta name=\"twitter:card\" content=\"summary_large_image\" \/>\r\n<meta name=\"twitter:label1\" content=\"Ber\u00e4knad l\u00e4stid\" \/>\n\t<meta name=\"twitter:data1\" content=\"5 minuter\" \/>\r\n<script type=\"application\/ld+json\" class=\"yoast-schema-graph\">{\"@context\":\"https:\\\/\\\/schema.org\",\"@graph\":[{\"@type\":\"WebPage\",\"@id\":\"https:\\\/\\\/suresms.com\\\/dk\\\/funktioner\\\/sms-link\\\/\",\"url\":\"https:\\\/\\\/suresms.com\\\/dk\\\/funktioner\\\/sms-link\\\/\",\"name\":\"SMS link - gratis konto\",\"isPartOf\":{\"@id\":\"https:\\\/\\\/suresms.com\\\/en\\\/#website\"},\"primaryImageOfPage\":{\"@id\":\"https:\\\/\\\/suresms.com\\\/dk\\\/funktioner\\\/sms-link\\\/#primaryimage\"},\"image\":{\"@id\":\"https:\\\/\\\/suresms.com\\\/dk\\\/funktioner\\\/sms-link\\\/#primaryimage\"},\"thumbnailUrl\":\"https:\\\/\\\/suresms.com\\\/wp-content\\\/uploads\\\/2023\\\/01\\\/Tilfoej-link-1.png\",\"datePublished\":\"2023-01-25T08:38:05+00:00\",\"dateModified\":\"2024-12-06T13:05:55+00:00\",\"description\":\"Du kan sende b\u00e5de sms links, billeder, videoer og lydfiler med vores SMS gateway. Uanede muligheder for rigt indhold.\",\"breadcrumb\":{\"@id\":\"https:\\\/\\\/suresms.com\\\/dk\\\/funktioner\\\/sms-link\\\/#breadcrumb\"},\"inLanguage\":\"sv-SE\",\"potentialAction\":[{\"@type\":\"ReadAction\",\"target\":[\"https:\\\/\\\/suresms.com\\\/dk\\\/funktioner\\\/sms-link\\\/\"]}]},{\"@type\":\"ImageObject\",\"inLanguage\":\"sv-SE\",\"@id\":\"https:\\\/\\\/suresms.com\\\/dk\\\/funktioner\\\/sms-link\\\/#primaryimage\",\"url\":\"https:\\\/\\\/suresms.com\\\/wp-content\\\/uploads\\\/2023\\\/01\\\/Tilfoej-link-1.png\",\"contentUrl\":\"https:\\\/\\\/suresms.com\\\/wp-content\\\/uploads\\\/2023\\\/01\\\/Tilfoej-link-1.png\"},{\"@type\":\"BreadcrumbList\",\"@id\":\"https:\\\/\\\/suresms.com\\\/dk\\\/funktioner\\\/sms-link\\\/#breadcrumb\",\"itemListElement\":[{\"@type\":\"ListItem\",\"position\":1,\"name\":\"Home\",\"item\":\"https:\\\/\\\/suresms.com\\\/dk\\\/\"},{\"@type\":\"ListItem\",\"position\":2,\"name\":\"Funktioner\",\"item\":\"https:\\\/\\\/suresms.com\\\/dk\\\/funktioner\\\/\"},{\"@type\":\"ListItem\",\"position\":3,\"name\":\"SMS link\"}]},{\"@type\":\"WebSite\",\"@id\":\"https:\\\/\\\/suresms.com\\\/en\\\/#website\",\"url\":\"https:\\\/\\\/suresms.com\\\/en\\\/\",\"name\":\"SureSMS\",\"description\":\"Professionel SMS Gateway\",\"publisher\":{\"@id\":\"https:\\\/\\\/suresms.com\\\/en\\\/#organization\"},\"potentialAction\":[{\"@type\":\"SearchAction\",\"target\":{\"@type\":\"EntryPoint\",\"urlTemplate\":\"https:\\\/\\\/suresms.com\\\/en\\\/?s={search_term_string}\"},\"query-input\":{\"@type\":\"PropertyValueSpecification\",\"valueRequired\":true,\"valueName\":\"search_term_string\"}}],\"inLanguage\":\"sv-SE\"},{\"@type\":\"Organization\",\"@id\":\"https:\\\/\\\/suresms.com\\\/en\\\/#organization\",\"name\":\"SureSMS\",\"url\":\"https:\\\/\\\/suresms.com\\\/en\\\/\",\"logo\":{\"@type\":\"ImageObject\",\"inLanguage\":\"sv-SE\",\"@id\":\"https:\\\/\\\/suresms.com\\\/en\\\/#\\\/schema\\\/logo\\\/image\\\/\",\"url\":\"https:\\\/\\\/suresms.com\\\/wp-content\\\/uploads\\\/2024\\\/11\\\/suresms-300x65-1.png\",\"contentUrl\":\"https:\\\/\\\/suresms.com\\\/wp-content\\\/uploads\\\/2024\\\/11\\\/suresms-300x65-1.png\",\"width\":300,\"height\":65,\"caption\":\"SureSMS\"},\"image\":{\"@id\":\"https:\\\/\\\/suresms.com\\\/en\\\/#\\\/schema\\\/logo\\\/image\\\/\"},\"sameAs\":[\"https:\\\/\\\/www.facebook.com\\\/p\\\/SureSMS-100044607956149\\\/\"]}]}<\/script>\r\n<!-- \/ Yoast SEO Premium plugin. -->","yoast_head_json":{"title":"SMS-l\u00e4nk - gratis konto","description":"Du kan skicka SMS-l\u00e4nkar, bilder, videor och ljudfiler med v\u00e5r SMS-gateway. O\u00e4ndliga m\u00f6jligheter f\u00f6r rikt inneh\u00e5ll.","robots":{"index":"index","follow":"follow","max-snippet":"max-snippet:-1","max-image-preview":"max-image-preview:large","max-video-preview":"max-video-preview:-1"},"canonical":"https:\/\/suresms.com\/sv\/funktioner\/sms-lank\/","og_locale":"sv_SE","og_type":"article","og_title":"SMS link","og_description":"Du kan sende b\u00e5de sms links, billeder, videoer og lydfiler med vores SMS gateway. Uanede muligheder for rigt indhold.","og_url":"https:\/\/suresms.com\/sv\/funktioner\/sms-lank\/","article_publisher":"https:\/\/www.facebook.com\/p\/SureSMS-100044607956149\/","article_modified_time":"2024-12-06T13:05:55+00:00","og_image":[{"url":"https:\/\/suresms.com\/wp-content\/uploads\/2023\/01\/Tilfoej-link-1.png","type":"","width":"","height":""}],"twitter_card":"summary_large_image","twitter_misc":{"Ber\u00e4knad l\u00e4stid":"5 minuter"},"schema":{"@context":"https:\/\/schema.org","@graph":[{"@type":"WebPage","@id":"https:\/\/suresms.com\/dk\/funktioner\/sms-link\/","url":"https:\/\/suresms.com\/dk\/funktioner\/sms-link\/","name":"SMS-l\u00e4nk - gratis konto","isPartOf":{"@id":"https:\/\/suresms.com\/en\/#website"},"primaryImageOfPage":{"@id":"https:\/\/suresms.com\/dk\/funktioner\/sms-link\/#primaryimage"},"image":{"@id":"https:\/\/suresms.com\/dk\/funktioner\/sms-link\/#primaryimage"},"thumbnailUrl":"https:\/\/suresms.com\/wp-content\/uploads\/2023\/01\/Tilfoej-link-1.png","datePublished":"2023-01-25T08:38:05+00:00","dateModified":"2024-12-06T13:05:55+00:00","description":"Du kan skicka SMS-l\u00e4nkar, bilder, videor och ljudfiler med v\u00e5r SMS-gateway. O\u00e4ndliga m\u00f6jligheter f\u00f6r rikt inneh\u00e5ll.","breadcrumb":{"@id":"https:\/\/suresms.com\/dk\/funktioner\/sms-link\/#breadcrumb"},"inLanguage":"sv-SE","potentialAction":[{"@type":"ReadAction","target":["https:\/\/suresms.com\/dk\/funktioner\/sms-link\/"]}]},{"@type":"ImageObject","inLanguage":"sv-SE","@id":"https:\/\/suresms.com\/dk\/funktioner\/sms-link\/#primaryimage","url":"https:\/\/suresms.com\/wp-content\/uploads\/2023\/01\/Tilfoej-link-1.png","contentUrl":"https:\/\/suresms.com\/wp-content\/uploads\/2023\/01\/Tilfoej-link-1.png"},{"@type":"BreadcrumbList","@id":"https:\/\/suresms.com\/dk\/funktioner\/sms-link\/#breadcrumb","itemListElement":[{"@type":"ListItem","position":1,"name":"Home","item":"https:\/\/suresms.com\/dk\/"},{"@type":"ListItem","position":2,"name":"Funktioner","item":"https:\/\/suresms.com\/dk\/funktioner\/"},{"@type":"ListItem","position":3,"name":"SMS link"}]},{"@type":"WebSite","@id":"https:\/\/suresms.com\/en\/#website","url":"https:\/\/suresms.com\/en\/","name":"SureSMS","description":"Professionell SMS Gateway","publisher":{"@id":"https:\/\/suresms.com\/en\/#organization"},"potentialAction":[{"@type":"SearchAction","target":{"@type":"EntryPoint","urlTemplate":"https:\/\/suresms.com\/en\/?s={search_term_string}"},"query-input":{"@type":"PropertyValueSpecification","valueRequired":true,"valueName":"search_term_string"}}],"inLanguage":"sv-SE"},{"@type":"Organization","@id":"https:\/\/suresms.com\/en\/#organization","name":"SureSMS","url":"https:\/\/suresms.com\/en\/","logo":{"@type":"ImageObject","inLanguage":"sv-SE","@id":"https:\/\/suresms.com\/en\/#\/schema\/logo\/image\/","url":"https:\/\/suresms.com\/wp-content\/uploads\/2024\/11\/suresms-300x65-1.png","contentUrl":"https:\/\/suresms.com\/wp-content\/uploads\/2024\/11\/suresms-300x65-1.png","width":300,"height":65,"caption":"SureSMS"},"image":{"@id":"https:\/\/suresms.com\/en\/#\/schema\/logo\/image\/"},"sameAs":["https:\/\/www.facebook.com\/p\/SureSMS-100044607956149\/"]}]}},"_links":{"self":[{"href":"https:\/\/suresms.com\/sv\/wp-json\/wp\/v2\/pages\/16543","targetHints":{"allow":["GET"]}}],"collection":[{"href":"https:\/\/suresms.com\/sv\/wp-json\/wp\/v2\/pages"}],"about":[{"href":"https:\/\/suresms.com\/sv\/wp-json\/wp\/v2\/types\/page"}],"author":[{"embeddable":true,"href":"https:\/\/suresms.com\/sv\/wp-json\/wp\/v2\/users\/1"}],"replies":[{"embeddable":true,"href":"https:\/\/suresms.com\/sv\/wp-json\/wp\/v2\/comments?post=16543"}],"version-history":[{"count":2,"href":"https:\/\/suresms.com\/sv\/wp-json\/wp\/v2\/pages\/16543\/revisions"}],"predecessor-version":[{"id":19497,"href":"https:\/\/suresms.com\/sv\/wp-json\/wp\/v2\/pages\/16543\/revisions\/19497"}],"up":[{"embeddable":true,"href":"https:\/\/suresms.com\/sv\/wp-json\/wp\/v2\/pages\/958"}],"wp:attachment":[{"href":"https:\/\/suresms.com\/sv\/wp-json\/wp\/v2\/media?parent=16543"}],"wp:term":[{"taxonomy":"category","embeddable":true,"href":"https:\/\/suresms.com\/sv\/wp-json\/wp\/v2\/categories?post=16543"},{"taxonomy":"post_tag","embeddable":true,"href":"https:\/\/suresms.com\/sv\/wp-json\/wp\/v2\/tags?post=16543"}],"curies":[{"name":"wp","href":"https:\/\/api.w.org\/{rel}","templated":true}]}}