{"id":1654,"date":"2016-02-01T18:43:38","date_gmt":"2016-02-01T16:43:38","guid":{"rendered":"https:\/\/www.suresms.com\/dk\/?page_id=1654"},"modified":"2025-01-22T16:11:08","modified_gmt":"2025-01-22T16:11:08","slug":"urladdningar-av-grenar","status":"publish","type":"page","link":"https:\/\/suresms.com\/sv\/branchelosninger\/","title":{"rendered":"L\u00f6sningar f\u00f6r industrin"},"content":{"rendered":"<h1>Industril\u00f6sningar - Premium SMS-l\u00f6sning f\u00f6r ditt f\u00f6retag<\/h1>\n<p>P\u00e5 SureSMS erbjuder vi flexibla och stabila SMS-l\u00f6sningar f\u00f6r m\u00e5nga branscher och organisationer. F\u00f6r oss \u00e4r samarbetet med v\u00e5ra kunder ett partnerskap d\u00e4r vi anpassar produkter och tj\u00e4nster efter deras behov s\u00e5 att vi tillsammans kan f\u00f6rb\u00e4ttra er kommunikation och konkurrenskraft.<\/p>\n<p>P\u00e5 den h\u00e4r sidan har vi samlat n\u00e5gra av de typer av branscher och yrkesgrupper som anv\u00e4nder v\u00e5ra SMS-tj\u00e4nster online. Hitta inspiration till hur vi kan hj\u00e4lpa ditt f\u00f6retag.<\/p>\n<p>L\u00e4s mer om f\u00f6rdelar och funktioner p\u00e5 de enskilda sidorna.<\/p>\n\t\t<h3><a href=\"https:\/\/suresms.com\/sv\/urladdningar-av-grenar\/sms-for-tjansteforetag\/\" target=\"_self\">Servicebolag<\/a><\/h3>\n\t\t\t\t<a href=\"https:\/\/suresms.com\/sv\/urladdningar-av-grenar\/sms-for-tjansteforetag\/\"  target=\"_self\" itemprop=\"url\">\n\t\t\t\t<img loading=\"lazy\" decoding=\"async\" src=\"https:\/\/suresms.com\/wp-content\/uploads\/2016\/06\/sms-til-service-snippet.jpg\" alt=\"SMS f\u00f6r servicef\u00f6retag, bilservice, fris\u00f6rer och tandl\u00e4kare\" itemprop=\"image\" height=\"266\" width=\"400\" title=\"SMS f\u00f6r service\" onerror=\"this.style.display='none'\"  \/>\n\t\t\t\t<\/a>\n<a href=\"https:\/\/suresms.com\/sv\/urladdningar-av-grenar\/sms-for-tjansteforetag\/\"  target=\"_self\">Om SMS f\u00f6r tj\u00e4nstef\u00f6retag<\/a>\t\n\t\t<h3><a href=\"https:\/\/suresms.com\/sv\/urladdningar-av-grenar\/sms-for-transport-och-logistikforetag\/\" target=\"_self\">Transportbranschen<\/a><\/h3>\n\t\t\t\t<a href=\"https:\/\/suresms.com\/sv\/urladdningar-av-grenar\/sms-for-transport-och-logistikforetag\/\"  target=\"_self\" itemprop=\"url\">\n\t\t\t\t<img loading=\"lazy\" decoding=\"async\" src=\"https:\/\/suresms.com\/wp-content\/uploads\/2016\/02\/SMS-til-Transport-snippet.jpg\" alt=\"SMS f\u00f6r transport- och logistikf\u00f6retag\" itemprop=\"image\" height=\"266\" width=\"400\" title=\"SMS till transportf\u00f6retag\" onerror=\"this.style.display='none'\"  \/>\n\t\t\t\t<\/a>\n<a href=\"https:\/\/suresms.com\/sv\/urladdningar-av-grenar\/sms-for-transport-och-logistikforetag\/\"  target=\"_self\">L\u00e4s mer om SMS f\u00f6r transportbranschen<\/a>\t\n\t\t<h3><a href=\"https:\/\/suresms.com\/sv\/urladdningar-av-grenar\/sms-for-foretag\/\" target=\"_self\">Butiker och f\u00f6retag<\/a><\/h3>\n\t\t\t\t<a href=\"https:\/\/suresms.com\/sv\/urladdningar-av-grenar\/sms-for-foretag\/\"  target=\"_self\" itemprop=\"url\">\n\t\t\t\t<img loading=\"lazy\" decoding=\"async\" src=\"https:\/\/suresms.com\/wp-content\/uploads\/2015\/02\/sms-til-butikker-snippet.jpg\" alt=\"SMS-kunder online till butiker och aff\u00e4rer\" itemprop=\"image\" height=\"267\" width=\"400\" title=\"SMS till butiker snippet\" onerror=\"this.style.display='none'\"  \/>\n\t\t\t\t<\/a>\n<a href=\"https:\/\/suresms.com\/sv\/urladdningar-av-grenar\/sms-for-foretag\/\"  target=\"_self\">L\u00e4s om SMS till butiker och butiker<\/a>\t\n\t\t<h3><a href=\"https:\/\/suresms.com\/sv\/urladdningar-av-grenar\/sms-for-offentliga-institutioner\/\" target=\"_self\">Offentliga institutioner<\/a><\/h3>\n\t\t\t\t<a href=\"https:\/\/suresms.com\/sv\/urladdningar-av-grenar\/sms-for-offentliga-institutioner\/\"  target=\"_self\" itemprop=\"url\">\n\t\t\t\t<img loading=\"lazy\" decoding=\"async\" src=\"https:\/\/suresms.com\/wp-content\/uploads\/2016\/02\/sms-til-offentlige-snippet.jpg\" alt=\"SMS till offentliga institutioner i stat och kommun\" itemprop=\"image\" height=\"266\" width=\"400\" title=\"SMS f\u00f6r offentliga institutioner\" onerror=\"this.style.display='none'\"  \/>\n\t\t\t\t<\/a>\n<a href=\"https:\/\/suresms.com\/sv\/urladdningar-av-grenar\/sms-for-offentliga-institutioner\/\"  target=\"_self\">L\u00e4s om SMS f\u00f6r offentliga institutioner<\/a>\t\n\t\t<h3><a href=\"https:\/\/suresms.com\/sv\/urladdningar-av-grenar\/sms-for-online-foretag-och-webbtjanster-2\/\" target=\"_self\">F\u00f6retag p\u00e5 n\u00e4tet<\/a><\/h3>\n\t\t\t\t<a href=\"https:\/\/suresms.com\/sv\/urladdningar-av-grenar\/sms-for-online-foretag-och-webbtjanster-2\/\"  target=\"_self\" itemprop=\"url\">\n\t\t\t\t<img loading=\"lazy\" decoding=\"async\" src=\"https:\/\/suresms.com\/wp-content\/uploads\/2016\/06\/SMS-til-butikker.jpg\" alt=\"SMS f\u00f6r onlinef\u00f6retag och webbtj\u00e4nster\" itemprop=\"image\" height=\"266\" width=\"400\" title=\"SMS f\u00f6r onlinef\u00f6retag och webbtj\u00e4nster\" onerror=\"this.style.display='none'\"  \/>\n\t\t\t\t<\/a>\n<a href=\"https:\/\/suresms.com\/sv\/urladdningar-av-grenar\/sms-for-online-foretag-och-webbtjanster-2\/\"  target=\"_self\">L\u00e4s mer om SMS f\u00f6r onlinetj\u00e4nster<\/a>\t\n\t\t<h3><a href=\"https:\/\/suresms.com\/sv\/urladdningar-av-grenar\/sms-for-tillverkande-foretag\/\" target=\"_self\">Produktion och aff\u00e4rer<\/a><\/h3>\n\t\t\t\t<a href=\"https:\/\/suresms.com\/sv\/urladdningar-av-grenar\/sms-for-tillverkande-foretag\/\"  target=\"_self\" itemprop=\"url\">\n\t\t\t\t<img loading=\"lazy\" decoding=\"async\" src=\"https:\/\/suresms.com\/wp-content\/uploads\/2016\/06\/sms-til-produktionsvirksomheder-snippet.jpg\" alt=\"SMS f\u00f6r tillverknings- och aff\u00e4rsorganisationer\" itemprop=\"image\" height=\"266\" width=\"400\" title=\"SMS f\u00f6r tillverkande f\u00f6retag\" onerror=\"this.style.display='none'\"  \/>\n\t\t\t\t<\/a>\n<a href=\"https:\/\/suresms.com\/sv\/urladdningar-av-grenar\/sms-for-tillverkande-foretag\/\"  target=\"_self\">Om SMS f\u00f6r Business &amp; Enterprise<\/a>\t\n\t\t<h3><a href=\"https:\/\/suresms.com\/sv\/urladdningar-av-grenar\/sms-klubbar\/\" target=\"_self\">Klubbar &amp; F\u00f6reningar<\/a><\/h3>\n\t\t\t\t<a href=\"https:\/\/suresms.com\/sv\/urladdningar-av-grenar\/sms-klubbar\/\"  target=\"_self\" itemprop=\"url\">\n\t\t\t\t<img loading=\"lazy\" decoding=\"async\" src=\"https:\/\/suresms.com\/wp-content\/uploads\/2015\/02\/sms-til-klubber-snippet.jpg\" alt=\"skicka sms online klubbar och f\u00f6reningar\" itemprop=\"image\" height=\"266\" width=\"400\" title=\"SMS till klubbar\" onerror=\"this.style.display='none'\"  \/>\n\t\t\t\t<\/a>\n<a href=\"https:\/\/suresms.com\/sv\/urladdningar-av-grenar\/sms-klubbar\/\"  target=\"_self\">L\u00e4s mer om SMS f\u00f6r klubbar och f\u00f6reningar <\/a>\t\n\t\t<h3><a href=\"https:\/\/suresms.com\/sv\/urladdningar-av-grenar\/textmeddelande-i-nodsituation\/\" target=\"_self\">N\u00f6d-SMS f\u00f6r alla<\/a><\/h3>\n\t\t\t\t<a href=\"https:\/\/suresms.com\/sv\/urladdningar-av-grenar\/textmeddelande-i-nodsituation\/\"  target=\"_self\" itemprop=\"url\">\n\t\t\t\t<img loading=\"lazy\" decoding=\"async\" src=\"https:\/\/suresms.com\/wp-content\/uploads\/2023\/07\/Emergency-BW-1.png\" alt=\"SMS vid n\u00f6dsituationer\" itemprop=\"image\" height=\"333\" width=\"500\" title=\"N\u00f6dl\u00e4ge BW\" onerror=\"this.style.display='none'\"  \/>\n\t\t\t\t<\/a>\n<a href=\"https:\/\/suresms.com\/sv\/urladdningar-av-grenar\/textmeddelande-i-nodsituation\/\"  target=\"_self\">L\u00e4s mer om v\u00e5rt n\u00f6d-SMS<\/a>\t\n\t<h3>Skicka ett SMS n\u00e4r det finns NYHETER p\u00e5 din webbplats<\/h3>\n<p>Det \u00e4r en anv\u00e4ndbar funktion f\u00f6r f\u00f6reningar, f\u00f6retagsorganisationer och hantverkare, och det \u00e4r b\u00e5de enkelt och billigt att s\u00e4tta upp. Med v\u00e5r SMS Gateway kan du v\u00e4lja om du vill skicka ett SMS till alla kunder eller bara till grupper av anv\u00e4ndare. Via v\u00e5rt SureSMS API skickas SMS:et automatiskt n\u00e4r du uppdaterar din webbplats. Om du redan har ett nyhetsbrev eller en modul f\u00f6r att skicka nyhetsbrev kan du anv\u00e4nda v\u00e5r modul email2sms f\u00f6r att st\u00e4lla in s\u00e5 att dina anv\u00e4ndare f\u00e5r SMS:et fr\u00e5n din nyhetsmodul.<\/p>\n<p><a href=\"https:\/\/suresms.com\/sv\/om-suresms\/suresms-stod\/\">Ring supportteamet<\/a> f\u00f6r en pratstund. Vi hj\u00e4lper dig g\u00e4rna att komma ig\u00e5ng med en l\u00f6sning som passar dina behov.<\/p>\n\t\t\t\t<a href=\"https:\/\/suresms.com\/sv\/om-suresms\/suresms-stod\/\"  target=\"_self\" itemprop=\"url\">\n\t\t\t\t<img loading=\"lazy\" decoding=\"async\" src=\"https:\/\/suresms.com\/wp-content\/uploads\/bb-plugin\/cache\/Not-there1-panorama-46ce722cf3951d9002e2059616f3f7fe-.jpg\" alt=\"Vilken online SMS-l\u00f6sning\" itemprop=\"image\" height=\"266\" width=\"500\" title=\"online sms-l\u00f6sning i tvivel\" onerror=\"this.style.display='none'\"  \/>\n\t\t\t\t<\/a>\n<h3><a href=\"https:\/\/suresms.com\/sv\/om-suresms\/suresms-stod\/\" target=\"_self\">Jag \u00e4r inte d\u00e4r.<\/a><\/h3>Jag kan inte riktigt se mig sj\u00e4lv i dina l\u00e5dor.<br \/>\nJag beh\u00f6ver en SMS-l\u00f6sning som jag inte vet om ni tillhandah\u00e5ller.\n<p>&nbsp;<\/p>\n<a title=\"SureSMS support 24\/7\" href=\"https:\/\/suresms.com\/sv\/om-suresms\/suresms-stod\/\">Kontakta v\u00e5rt supportteam.<\/a> Vi har definitivt en l\u00f6sning f\u00f6r dig, och vi \u00e4lskar utmaningar.<br \/>\nVi \u00e4r redo med kunskap, hj\u00e4lp och kostnadsfri professionell r\u00e5dgivning sju dagar i veckan.\n\t\t\t\t<a href=\"https:\/\/suresms.com\/sv\/bestallning\/gratis-sms-testkonto\/\"  target=\"_self\" itemprop=\"url\">\n\t\t\t\t<img loading=\"lazy\" decoding=\"async\" src=\"https:\/\/suresms.com\/wp-content\/uploads\/bb-plugin\/cache\/test-stor-panorama-de3cf342ba8c1b45016354f59526e95d-.jpg\" alt=\"Gratis testkonto f\u00f6r Sure SMS\" itemprop=\"image\" height=\"266\" width=\"500\" title=\"Skapa ett gratis testkonto f\u00f6r Sure SMS\" onerror=\"this.style.display='none'\"  \/>\n\t\t\t\t<\/a>\n<h3><a href=\"https:\/\/suresms.com\/sv\/bestallning\/gratis-sms-testkonto\/\" target=\"_self\">Skapa ett gratis testkonto NU!<\/a><\/h3>Du kan skapa ett konto gratis och prova v\u00e5rt system. F\u00f6lj l\u00e4nken och f\u00e5 ett testkonto inklusive 50 gratis SMS direkt. Detta \u00e4r en tj\u00e4nst fr\u00e5n SureSMS f\u00f6r dig utan ekonomisk kostnad eller skyldighet.<br \/>\nAv s\u00e4kerhetssk\u00e4l kontrollerar vi varje konto manuellt och det kan ibland uppst\u00e5 en kort v\u00e4ntetid. Vi ber om din f\u00f6rst\u00e5else f\u00f6r detta.","protected":false},"excerpt":{"rendered":"<p>Branschl\u00f6sningar - Premium SMS-l\u00f6sningar f\u00f6r ditt f\u00f6retag P\u00e5 SureSMS erbjuder vi flexibla och stabila SMS-l\u00f6sningar f\u00f6r m\u00e5nga branscher och organisationer. F\u00f6r oss \u00e4r samarbetet med v\u00e5ra kunder ett partnerskap d\u00e4r vi anpassar produkter och tj\u00e4nster efter deras behov s\u00e5 att vi tillsammans kan f\u00f6rb\u00e4ttra er kommunikation och konkurrenskraft. P\u00e5 den h\u00e4r sidan har vi samlat n\u00e5gra av ... <a title=\"L\u00f6sningar f\u00f6r industrin\" class=\"read-more\" href=\"https:\/\/suresms.com\/sv\/branchelosninger\/\" aria-label=\"L\u00e4s mer om branschl\u00f6sningar\">L\u00e4s mer om det<\/a><\/p>","protected":false},"author":1,"featured_media":0,"parent":0,"menu_order":7,"comment_status":"closed","ping_status":"closed","template":"","meta":{"_fl_builder_enabled":"1","_fl_builder_data":null,"_fl_builder_draft":null,"_fl_builder_data_settings":null,"_fl_builder_css":"","_fl_builder_css_version":"","_fl_builder_js":"","footnotes":""},"categories":[],"tags":[],"class_list":["post-1654","page","type-page","status-publish"],"yoast_head":"<!-- This site is optimized with the Yoast SEO Premium plugin v27.3 (Yoast SEO v27.3) - https:\/\/yoast.com\/product\/yoast-seo-premium-wordpress\/ -->\r\n<title>En SMS-l\u00f8sning til dig! SureSMS - Find din SMS-l\u00f8sning her<\/title>\r\n<meta name=\"description\" content=\"Find din SMS l\u00f8sning her! Hos SureSMS tager vi udgangspunkt i kunden. Bedste SMS l\u00f8sning til Transport virksomheder, offentlige institutioner og klubber.\" \/>\r\n<meta name=\"robots\" content=\"index, follow, max-snippet:-1, max-image-preview:large, max-video-preview:-1\" \/>\r\n<link rel=\"canonical\" href=\"https:\/\/suresms.com\/sv\/urladdningar-av-grenar\/\" \/>\r\n<meta property=\"og:locale\" content=\"sv_SE\" \/>\r\n<meta property=\"og:type\" content=\"article\" \/>\r\n<meta property=\"og:title\" content=\"Branchel\u00f8sninger\" \/>\r\n<meta property=\"og:description\" content=\"Find din SMS l\u00f8sning her! Hos SureSMS tager vi udgangspunkt i kunden. Bedste SMS l\u00f8sning til Transport virksomheder, offentlige institutioner og klubber.\" \/>\r\n<meta property=\"og:url\" content=\"https:\/\/suresms.com\/sv\/urladdningar-av-grenar\/\" \/>\r\n<meta property=\"article:publisher\" content=\"https:\/\/www.facebook.com\/p\/SureSMS-100044607956149\/\" \/>\r\n<meta property=\"article:modified_time\" content=\"2025-01-22T16:11:08+00:00\" \/>\r\n<meta property=\"og:image\" content=\"https:\/\/suresms.com\/wp-content\/uploads\/2016\/06\/sms-til-service-snippet.jpg\" \/>\r\n\t<meta property=\"og:image:width\" content=\"400\" \/>\r\n\t<meta property=\"og:image:height\" content=\"266\" \/>\r\n\t<meta property=\"og:image:type\" content=\"image\/jpeg\" \/>\r\n<meta name=\"twitter:card\" content=\"summary_large_image\" \/>\r\n<meta name=\"twitter:label1\" content=\"Ber\u00e4knad l\u00e4stid\" \/>\n\t<meta name=\"twitter:data1\" content=\"9 minuter\" \/>\r\n<script type=\"application\/ld+json\" class=\"yoast-schema-graph\">{\"@context\":\"https:\\\/\\\/schema.org\",\"@graph\":[{\"@type\":\"WebPage\",\"@id\":\"https:\\\/\\\/suresms.com\\\/dk\\\/branchelosninger\\\/\",\"url\":\"https:\\\/\\\/suresms.com\\\/dk\\\/branchelosninger\\\/\",\"name\":\"En SMS-l\u00f8sning til dig! SureSMS - Find din SMS-l\u00f8sning her\",\"isPartOf\":{\"@id\":\"https:\\\/\\\/suresms.com\\\/en\\\/#website\"},\"primaryImageOfPage\":{\"@id\":\"https:\\\/\\\/suresms.com\\\/dk\\\/branchelosninger\\\/#primaryimage\"},\"image\":{\"@id\":\"https:\\\/\\\/suresms.com\\\/dk\\\/branchelosninger\\\/#primaryimage\"},\"thumbnailUrl\":\"https:\\\/\\\/suresms.com\\\/wp-content\\\/uploads\\\/2016\\\/06\\\/sms-til-service-snippet.jpg\",\"datePublished\":\"2016-02-01T16:43:38+00:00\",\"dateModified\":\"2025-01-22T16:11:08+00:00\",\"description\":\"Find din SMS l\u00f8sning her! Hos SureSMS tager vi udgangspunkt i kunden. Bedste SMS l\u00f8sning til Transport virksomheder, offentlige institutioner og klubber.\",\"breadcrumb\":{\"@id\":\"https:\\\/\\\/suresms.com\\\/dk\\\/branchelosninger\\\/#breadcrumb\"},\"inLanguage\":\"sv-SE\",\"potentialAction\":[{\"@type\":\"ReadAction\",\"target\":[\"https:\\\/\\\/suresms.com\\\/dk\\\/branchelosninger\\\/\"]}]},{\"@type\":\"ImageObject\",\"inLanguage\":\"sv-SE\",\"@id\":\"https:\\\/\\\/suresms.com\\\/dk\\\/branchelosninger\\\/#primaryimage\",\"url\":\"https:\\\/\\\/suresms.com\\\/wp-content\\\/uploads\\\/2016\\\/06\\\/sms-til-service-snippet.jpg\",\"contentUrl\":\"https:\\\/\\\/suresms.com\\\/wp-content\\\/uploads\\\/2016\\\/06\\\/sms-til-service-snippet.jpg\"},{\"@type\":\"BreadcrumbList\",\"@id\":\"https:\\\/\\\/suresms.com\\\/dk\\\/branchelosninger\\\/#breadcrumb\",\"itemListElement\":[{\"@type\":\"ListItem\",\"position\":1,\"name\":\"Home\",\"item\":\"https:\\\/\\\/suresms.com\\\/dk\\\/\"},{\"@type\":\"ListItem\",\"position\":2,\"name\":\"Branchel\u00f8sninger\"}]},{\"@type\":\"WebSite\",\"@id\":\"https:\\\/\\\/suresms.com\\\/en\\\/#website\",\"url\":\"https:\\\/\\\/suresms.com\\\/en\\\/\",\"name\":\"SureSMS\",\"description\":\"Professionel SMS Gateway\",\"publisher\":{\"@id\":\"https:\\\/\\\/suresms.com\\\/en\\\/#organization\"},\"potentialAction\":[{\"@type\":\"SearchAction\",\"target\":{\"@type\":\"EntryPoint\",\"urlTemplate\":\"https:\\\/\\\/suresms.com\\\/en\\\/?s={search_term_string}\"},\"query-input\":{\"@type\":\"PropertyValueSpecification\",\"valueRequired\":true,\"valueName\":\"search_term_string\"}}],\"inLanguage\":\"sv-SE\"},{\"@type\":\"Organization\",\"@id\":\"https:\\\/\\\/suresms.com\\\/en\\\/#organization\",\"name\":\"SureSMS\",\"url\":\"https:\\\/\\\/suresms.com\\\/en\\\/\",\"logo\":{\"@type\":\"ImageObject\",\"inLanguage\":\"sv-SE\",\"@id\":\"https:\\\/\\\/suresms.com\\\/en\\\/#\\\/schema\\\/logo\\\/image\\\/\",\"url\":\"https:\\\/\\\/suresms.com\\\/wp-content\\\/uploads\\\/2024\\\/11\\\/suresms-300x65-1.png\",\"contentUrl\":\"https:\\\/\\\/suresms.com\\\/wp-content\\\/uploads\\\/2024\\\/11\\\/suresms-300x65-1.png\",\"width\":300,\"height\":65,\"caption\":\"SureSMS\"},\"image\":{\"@id\":\"https:\\\/\\\/suresms.com\\\/en\\\/#\\\/schema\\\/logo\\\/image\\\/\"},\"sameAs\":[\"https:\\\/\\\/www.facebook.com\\\/p\\\/SureSMS-100044607956149\\\/\"]}]}<\/script>\r\n<!-- \/ Yoast SEO Premium plugin. -->","yoast_head_json":{"title":"En SMS-l\u00f6sning f\u00f6r dig! SureSMS - Hitta din SMS-l\u00f6sning h\u00e4r","description":"Hitta din SMS-l\u00f6sning h\u00e4r! P\u00e5 SureSMS tar vi kunden som v\u00e5r utg\u00e5ngspunkt. B\u00e4sta SMS-l\u00f6sningen f\u00f6r transportf\u00f6retag, offentliga institutioner och klubbar.","robots":{"index":"index","follow":"follow","max-snippet":"max-snippet:-1","max-image-preview":"max-image-preview:large","max-video-preview":"max-video-preview:-1"},"canonical":"https:\/\/suresms.com\/sv\/urladdningar-av-grenar\/","og_locale":"sv_SE","og_type":"article","og_title":"Branchel\u00f8sninger","og_description":"Find din SMS l\u00f8sning her! Hos SureSMS tager vi udgangspunkt i kunden. Bedste SMS l\u00f8sning til Transport virksomheder, offentlige institutioner og klubber.","og_url":"https:\/\/suresms.com\/sv\/urladdningar-av-grenar\/","article_publisher":"https:\/\/www.facebook.com\/p\/SureSMS-100044607956149\/","article_modified_time":"2025-01-22T16:11:08+00:00","og_image":[{"width":400,"height":266,"url":"https:\/\/suresms.com\/wp-content\/uploads\/2016\/06\/sms-til-service-snippet.jpg","type":"image\/jpeg"}],"twitter_card":"summary_large_image","twitter_misc":{"Ber\u00e4knad l\u00e4stid":"9 minuter"},"schema":{"@context":"https:\/\/schema.org","@graph":[{"@type":"WebPage","@id":"https:\/\/suresms.com\/dk\/branchelosninger\/","url":"https:\/\/suresms.com\/dk\/branchelosninger\/","name":"En SMS-l\u00f6sning f\u00f6r dig! SureSMS - Hitta din SMS-l\u00f6sning h\u00e4r","isPartOf":{"@id":"https:\/\/suresms.com\/en\/#website"},"primaryImageOfPage":{"@id":"https:\/\/suresms.com\/dk\/branchelosninger\/#primaryimage"},"image":{"@id":"https:\/\/suresms.com\/dk\/branchelosninger\/#primaryimage"},"thumbnailUrl":"https:\/\/suresms.com\/wp-content\/uploads\/2016\/06\/sms-til-service-snippet.jpg","datePublished":"2016-02-01T16:43:38+00:00","dateModified":"2025-01-22T16:11:08+00:00","description":"Hitta din SMS-l\u00f6sning h\u00e4r! P\u00e5 SureSMS tar vi kunden som v\u00e5r utg\u00e5ngspunkt. B\u00e4sta SMS-l\u00f6sningen f\u00f6r transportf\u00f6retag, offentliga institutioner och klubbar.","breadcrumb":{"@id":"https:\/\/suresms.com\/dk\/branchelosninger\/#breadcrumb"},"inLanguage":"sv-SE","potentialAction":[{"@type":"ReadAction","target":["https:\/\/suresms.com\/dk\/branchelosninger\/"]}]},{"@type":"ImageObject","inLanguage":"sv-SE","@id":"https:\/\/suresms.com\/dk\/branchelosninger\/#primaryimage","url":"https:\/\/suresms.com\/wp-content\/uploads\/2016\/06\/sms-til-service-snippet.jpg","contentUrl":"https:\/\/suresms.com\/wp-content\/uploads\/2016\/06\/sms-til-service-snippet.jpg"},{"@type":"BreadcrumbList","@id":"https:\/\/suresms.com\/dk\/branchelosninger\/#breadcrumb","itemListElement":[{"@type":"ListItem","position":1,"name":"Home","item":"https:\/\/suresms.com\/dk\/"},{"@type":"ListItem","position":2,"name":"Branchel\u00f8sninger"}]},{"@type":"WebSite","@id":"https:\/\/suresms.com\/en\/#website","url":"https:\/\/suresms.com\/en\/","name":"SureSMS","description":"Professionell SMS Gateway","publisher":{"@id":"https:\/\/suresms.com\/en\/#organization"},"potentialAction":[{"@type":"SearchAction","target":{"@type":"EntryPoint","urlTemplate":"https:\/\/suresms.com\/en\/?s={search_term_string}"},"query-input":{"@type":"PropertyValueSpecification","valueRequired":true,"valueName":"search_term_string"}}],"inLanguage":"sv-SE"},{"@type":"Organization","@id":"https:\/\/suresms.com\/en\/#organization","name":"SureSMS","url":"https:\/\/suresms.com\/en\/","logo":{"@type":"ImageObject","inLanguage":"sv-SE","@id":"https:\/\/suresms.com\/en\/#\/schema\/logo\/image\/","url":"https:\/\/suresms.com\/wp-content\/uploads\/2024\/11\/suresms-300x65-1.png","contentUrl":"https:\/\/suresms.com\/wp-content\/uploads\/2024\/11\/suresms-300x65-1.png","width":300,"height":65,"caption":"SureSMS"},"image":{"@id":"https:\/\/suresms.com\/en\/#\/schema\/logo\/image\/"},"sameAs":["https:\/\/www.facebook.com\/p\/SureSMS-100044607956149\/"]}]}},"_links":{"self":[{"href":"https:\/\/suresms.com\/sv\/wp-json\/wp\/v2\/pages\/1654","targetHints":{"allow":["GET"]}}],"collection":[{"href":"https:\/\/suresms.com\/sv\/wp-json\/wp\/v2\/pages"}],"about":[{"href":"https:\/\/suresms.com\/sv\/wp-json\/wp\/v2\/types\/page"}],"author":[{"embeddable":true,"href":"https:\/\/suresms.com\/sv\/wp-json\/wp\/v2\/users\/1"}],"replies":[{"embeddable":true,"href":"https:\/\/suresms.com\/sv\/wp-json\/wp\/v2\/comments?post=1654"}],"version-history":[{"count":11,"href":"https:\/\/suresms.com\/sv\/wp-json\/wp\/v2\/pages\/1654\/revisions"}],"predecessor-version":[{"id":21943,"href":"https:\/\/suresms.com\/sv\/wp-json\/wp\/v2\/pages\/1654\/revisions\/21943"}],"wp:attachment":[{"href":"https:\/\/suresms.com\/sv\/wp-json\/wp\/v2\/media?parent=1654"}],"wp:term":[{"taxonomy":"category","embeddable":true,"href":"https:\/\/suresms.com\/sv\/wp-json\/wp\/v2\/categories?post=1654"},{"taxonomy":"post_tag","embeddable":true,"href":"https:\/\/suresms.com\/sv\/wp-json\/wp\/v2\/tags?post=1654"}],"curies":[{"name":"wp","href":"https:\/\/api.w.org\/{rel}","templated":true}]}}