{"id":16272,"date":"2022-11-25T16:09:25","date_gmt":"2022-11-25T14:09:25","guid":{"rendered":"https:\/\/www.suresms.com\/dk\/?page_id=16272"},"modified":"2026-02-25T14:22:47","modified_gmt":"2026-02-25T14:22:47","slug":"fysisk-aatkomstkontroll","status":"publish","type":"page","link":"https:\/\/suresms.com\/sv\/integrationer\/fysisk-adgangs-kontrol\/","title":{"rendered":"SMS-integration f\u00f6r fysiska produkter"},"content":{"rendered":"<!-- Flexy Breadcrumb -->\r\n\t\t\t<div class=\"fbc fbc-page\">\r\n\r\n\t\t\t\t<!-- Breadcrumb wrapper -->\r\n\t\t\t\t<div class=\"fbc-wrap\">\r\n\r\n\t\t\t\t\t<!-- Ordered list-->\r\n\t\t\t\t\t<ol class=\"fbc-items\" itemscope itemtype=\"https:\/\/schema.org\/BreadcrumbList\">\r\n\t\t\t\t\t\t            <li itemprop=\"itemListElement\" itemscope itemtype=\"https:\/\/schema.org\/ListItem\">\r\n                <span itemprop=\"name\">\r\n                    <!-- Home Link -->\r\n                    <a itemprop=\"item\" href=\"https:\/\/suresms.com\/sv\/\">\r\n                    \r\n                                                    <i class=\"fa fa-home\" aria-hidden=\"true\"><\/i>Hem                    <\/a>\r\n                <\/span>\r\n                <meta itemprop=\"position\" content=\"1\" \/><!-- Meta Position-->\r\n             <\/li><li><span class=\"fbc-separator\">\/<\/span><\/li><li class=\"active\" itemprop=\"itemListElement\" itemscope itemtype=\"https:\/\/schema.org\/ListItem\"><span itemprop=\"name\" title=\"SMS-integration f\u00f6r fysiska produkter\">SMS-integration f\u00f6r fysiska...<\/span><meta itemprop=\"position\" content=\"2\" \/><\/li>\t\t\t\t\t<\/ol>\r\n\t\t\t\t\t<div class=\"clearfix\"><\/div>\r\n\t\t\t\t<\/div>\r\n\t\t\t<\/div>\r\n\t\t\t\n\t\t<h1>G\u00f6r din butik obemannad<\/h1>\n\t<h3>Med SMS-integration till t.ex. din butiksd\u00f6rr, en toalett eller en idrottshall kan kunderna betj\u00e4na sig sj\u00e4lva utanf\u00f6r \u00f6ppettiderna.\nM\u00f6jlighet att begr\u00e4nsa \u00e5tkomst efter tid och telefonnummer. L\u00e4gg till extra s\u00e4kerhet med MitID eller ta betalt via Mobilepay.<\/h3>\n\t\t<h3>Kunderna kan komma till din butik n\u00e4r det passar dem<\/h3><ul>\n<li>\n<ul>\n<li>\u00d6ka int\u00e4kterna med l\u00e4ngre \u00f6ppettider<\/li>\n<\/ul>\n<\/li>\n<\/ul>\n<ul>\n<li>\n<ul>\n<li>F\u00f6rb\u00e4ttra kundservicen och f\u00e5 mer lojala kunder<\/li>\n<li>Se vilka kunder som har bes\u00f6kt din butik<\/li>\n<\/ul>\n<\/li>\n<\/ul>\n<p>&nbsp;<\/p>\n<figure itemscope itemtype=\"https:\/\/schema.org\/ImageObject\">\n\t\t\t\t<img decoding=\"async\" src=\"https:\/\/suresms.com\/wp-content\/uploads\/2022\/11\/Keypad-fritlagt-lille-1.png\" alt=\"Salto knappsats c1000 med mitID\" height=\"525\" width=\"600\" title=\"Exponerad knappsats - liten\" onerror=\"this.style.display='none'\" loading=\"lazy\" \/>\n\t<\/figure>\n<figure itemscope itemtype=\"https:\/\/schema.org\/ImageObject\">\n\t\t\t\t<img decoding=\"async\" src=\"https:\/\/suresms.com\/wp-content\/uploads\/2026\/02\/Ubemandet-illustration-01-1.png\" alt=\"Obemannad illustration - 01\" height=\"413\" width=\"998\" title=\"Obemannad illustration - 01\" onerror=\"this.style.display='none'\" loading=\"lazy\" \/>\n\t<\/figure>\n\t<h2>Tre enkla steg<\/h2>\n<ul>\n<li>Kunden skannar en QR-kod och SMS-appen \u00f6ppnas med ett f\u00f6rifyllt meddelande<\/li>\n<li>Kunden skickar SMS-meddelandet med ett enda klick p\u00e5 Skicka<\/li>\n<li>Kunden f\u00e5r SMS med PIN-kod<\/li>\n<li>Kunden anger PIN-koden p\u00e5 knappsatsen och d\u00f6rren \u00f6ppnas<\/li>\n<\/ul>\n<p>Helt enkelt.<\/p>\n\t<h3>Blomsteraff\u00e4rer...<\/h3>\n<p>&nbsp;<\/p>\n<figure itemscope itemtype=\"https:\/\/schema.org\/ImageObject\">\n\t\t\t\t<img decoding=\"async\" src=\"https:\/\/suresms.com\/wp-content\/uploads\/2026\/02\/Butik-Blomster.png\" alt=\"Handla blommor\" height=\"200\" width=\"200\" title=\"Handla blommor\" onerror=\"this.style.display='none'\" loading=\"lazy\" \/>\n\t<\/figure>\n\t<h3>Fiskhandlare<\/h3>\n<p>&nbsp;<\/p>\n<figure itemscope itemtype=\"https:\/\/schema.org\/ImageObject\">\n\t\t\t\t<img decoding=\"async\" src=\"https:\/\/suresms.com\/wp-content\/uploads\/2026\/02\/Butik-Fiskehandler.png\" alt=\"Butik Fiskhandlare\" height=\"201\" width=\"200\" title=\"Butik Fiskhandlare\" onerror=\"this.style.display='none'\" loading=\"lazy\" \/>\n\t<\/figure>\n\t<h3>Secondhandbutiker<\/h3>\n<p>&nbsp;<\/p>\n<figure itemscope itemtype=\"https:\/\/schema.org\/ImageObject\">\n\t\t\t\t<img decoding=\"async\" src=\"https:\/\/suresms.com\/wp-content\/uploads\/2026\/02\/Butik-Toejbutik.png\" alt=\"Butik-Kl\u00e4dbutik\" height=\"201\" width=\"200\" title=\"Butik-Kl\u00e4dbutik\" onerror=\"this.style.display='none'\" loading=\"lazy\" \/>\n\t<\/figure>\n\t<h3>Din butik?<\/h3>\n<figure itemscope itemtype=\"https:\/\/schema.org\/ImageObject\">\n\t\t\t\t<img decoding=\"async\" src=\"https:\/\/suresms.com\/wp-content\/uploads\/2026\/02\/Butik-DinButik.png\" alt=\"Butik-din-butik\" height=\"200\" width=\"200\" title=\"Butik-din-butik\" onerror=\"this.style.display='none'\" loading=\"lazy\" \/>\n\t<\/figure>\n\t<h2>Extra tillval - \u00f6kad s\u00e4kerhet f\u00f6r dig<\/h2>\n<p>Om du beh\u00f6ver extra s\u00e4kerhet s\u00e5 att du vet exakt vem som kommer in i din butik, har vi moduler som kan \u00f6ka s\u00e4kerheten. Du kan bland annat v\u00e4lja:<\/p>\n\t\t<h3>Tidsinst\u00e4llning<\/h3><p>Om du inte vill ut\u00f6ka dina \u00f6ppettider till hela dagen, utan bara till n\u00e5gra timmar f\u00f6re och efter att personalen \u00e4r p\u00e5 plats, kan du g\u00f6ra det med tidsinst\u00e4llning. Du kan st\u00e4lla in systemet s\u00e5 att det bara utf\u00e4rdar koder till d\u00f6rren under vissa perioder.<\/p>\n\t<figure itemscope itemtype=\"https:\/\/schema.org\/ImageObject\">\n\t\t\t\t<img decoding=\"async\" src=\"https:\/\/suresms.com\/wp-content\/uploads\/2026\/02\/Smartwatch-100x126-1.png\" alt=\"Smartklocka - 100x126\" height=\"126\" width=\"100\" title=\"Smartklocka - 100x126\" onerror=\"this.style.display='none'\" loading=\"lazy\" \/>\n\t<\/figure>\n\t\t<h3>MitID<\/h3><p>Den starkaste s\u00e4kerheten \u00e4r med MitID-autentisering. I processen ombeds kunden att logga in med MitID p\u00e5 sin telefon och personnumret lagras p\u00e5 kunden. P\u00e5 s\u00e5 s\u00e4tt kan du vara helt s\u00e4ker p\u00e5 vem som g\u00e5r in i din butik.<\/p>\n\t<figure itemscope itemtype=\"https:\/\/schema.org\/ImageObject\">\n\t\t\t\t<img decoding=\"async\" src=\"https:\/\/suresms.com\/wp-content\/uploads\/2026\/02\/Mitid-100x100-1.png\" alt=\"Mitid - 100x100\" height=\"100\" width=\"100\" title=\"Mitid - 100x100\" onerror=\"this.style.display='none'\" loading=\"lazy\" \/>\n\t<\/figure>\n\t\t<h3>Godk\u00e4nda nummer<\/h3><p>Du kan skapa listor \u00f6ver vilka nummer som kan f\u00e5 en kod. Om du t.ex. har en lista \u00f6ver medlemmar eller stamkunder kan du ladda upp den h\u00e4r listan och se till att endast personer p\u00e5 listan kan f\u00e5 en kod.<\/p>\n\t<figure itemscope itemtype=\"https:\/\/schema.org\/ImageObject\">\n\t\t\t\t<img decoding=\"async\" src=\"https:\/\/suresms.com\/wp-content\/uploads\/2026\/02\/Godkendte-numre-100x100-1.png\" alt=\"Godk\u00e4nda nummer - 100x100\" height=\"100\" width=\"100\" title=\"Godk\u00e4nda nummer - 100x100\" onerror=\"this.style.display='none'\" loading=\"lazy\" \/>\n\t<\/figure>\n\t\t<h3>\u00d6vervakning och anm\u00e4lan<\/h3><p>Du f\u00e5r ett SMS n\u00e4r n\u00e5gon g\u00e5r in i butiken. Kombinera detta med video\u00f6vervakning s\u00e5 kan du se vad som h\u00e4nder i butiken n\u00e4r det h\u00e4nder.<\/p>\n\t<figure itemscope itemtype=\"https:\/\/schema.org\/ImageObject\">\n\t\t\t\t<img decoding=\"async\" src=\"https:\/\/suresms.com\/wp-content\/uploads\/2026\/02\/Overvaagning-og-advisering-100x100-1.png\" alt=\"\u00d6vervakning och avisering - 100x100\" height=\"100\" width=\"100\" title=\"\u00d6vervakning och avisering - 100x100\" onerror=\"this.style.display='none'\" loading=\"lazy\" \/>\n\t<\/figure>\n\t\t<h3>Kom ig\u00e5ng med ditt arbete<\/h3><p>Denna l\u00f6sning \u00e4r en kombination av mjukvara och h\u00e5rdvara. SureSMS har skapat en mjukvaruplattform som st\u00f6der Conlan C1000LP-tangentbordet.<\/p>\n<p>Det inneb\u00e4r att du m\u00e5ste ha b\u00e5de en knappsats och ett d\u00f6rrl\u00e5s i din butik, men ocks\u00e5 ett konto p\u00e5 SureSMS f\u00f6r att f\u00e5 full nytta av l\u00f6sningen.<\/p>\n<p>Vi tillhandah\u00e5ller bara programvaran, s\u00e5 du beh\u00f6ver en l\u00e5ssmed f\u00f6r att hj\u00e4lpa dig att installera den.<\/p>\n<p>Nedan hittar du en lista \u00f6ver l\u00e5ssmeder som har installerat en l\u00f6sning tidigare och som kan hj\u00e4lpa dig att komma ig\u00e5ng.<\/p>\n<p>&nbsp;<\/p>\n\t\t\t\t<table>\n\t\t\t\t\t<thead>\n\t\t\t\t\t\t\t\t\t\t\t\t\t\t<tr>\n\t\t\t\t\t\t\t\t\t\t\t\t\t\t\t<th rowspan=\"\" colspan=\"\">\n\t\t\t\t\t\t\t\t\t\t F\u00f6retagets namn \n\t\t\t\t\t\t\t\t\t\t\t\t\t\t\t\t\t<\/th>\n\t\t\t\t\t\t\t\t\t\t\t\t\t\t<th rowspan=\"\" colspan=\"\">\n\t\t\t\t\t\t\t\t\t\t Omr\u00e5de av intresse \n\t\t\t\t\t\t\t\t\t\t\t\t\t\t\t\t\t<\/th>\n\t\t\t\t\t\t\t\t\t\t\t\t\t\t<th rowspan=\"\" colspan=\"\">\n\t\t\t\t\t\t\t\t\t\t Hemsida \n\t\t\t\t\t\t\t\t\t\t\t\t\t\t\t\t\t<\/th>\n\t\t\t\t\t\t\t\t\t\t\t<\/tr><\/thead>\n\t\t\t\t\t<tbody>\n\t\t\t\t\t\t\t\t\t\t\t\t\t\t\t<tr>\n\t\t\t\t\t\t\t\t\t\t\t\t\t\t\t\t\t\t\t\t<td colspan=\"\" rowspan=\"\">\n\t\t\t\t\t\t\t\t\t\t\t\t\t\t\t SP S\u00e4kring \n\t\t\t\t\t\t\t\t\t\t\t\t\t\t\t\t\t\t\t\t\t\t\t\t<\/td>\n\t\t\t\t\t\t\t\t\t\t\t\t\t\t\t\t<td colspan=\"\" rowspan=\"\">\n\t\t\t\t\t\t\t\t\t\t\t\t\t\t\t\t\t\t\t\t\t\t\t Norra och mellersta Jylland \n\t\t\t\t\t\t\t\t\t\t\t\t\t\t\t\t\t\t\t\t\t\t\t<\/td>\n\t\t\t\t\t\t\t\t\t\t\t\t\t\t\t\t<td colspan=\"\" rowspan=\"\">\n\t\t\t\t\t\t\t\t\t\t\t\t\t<a href=\"https:\/\/spst.dk\/\" target=\"_self\">\n\t\t\t\t\t\t\t\t\t\t\t\t\t\t <blockquote class=\"wp-embedded-content\" data-secret=\"ewV3eMWptK\"><a href=\"https:\/\/spst.dk\/\">Startsida<\/a><\/blockquote><iframe loading=\"lazy\" class=\"wp-embedded-content\" sandbox=\"allow-scripts\" security=\"restricted\" style=\"position: absolute; visibility: hidden;\" title=\"\u201cHem\u201d - SP Sikring &amp; El-Teknik ApS\" src=\"https:\/\/spst.dk\/embed\/#?secret=IlC3UvtDzb#?secret=ewV3eMWptK\" data-secret=\"ewV3eMWptK\" width=\"600\" height=\"338\" frameborder=\"0\" marginwidth=\"0\" marginheight=\"0\" scrolling=\"no\"><\/iframe> \n\t\t\t\t\t\t\t\t\t\t\t\t\t\t\t\t\t\t\t\t\t\t\t\t\t\t\t<\/a>\n\t\t\t\t\t\t\t\t\t\t\t\t\t\t\t\t\t\t\t<\/td>\n\t\t\t\t\t\t\t\t\t\t\t\t\t\t\t<\/tr><tr>\n\t\t\t\t\t\t\t\t\t\t\t\t\t\t\t\t\t\t\t\t<td colspan=\"\" rowspan=\"\">\n\t\t\t\t\t\t\t\t\t\t\t\t\t\t\t\t\t\t\t\t\t\t\t L\u00e5s.com \n\t\t\t\t\t\t\t\t\t\t\t\t\t\t\t\t\t\t\t\t\t\t\t<\/td>\n\t\t\t\t\t\t\t\t\t\t\t\t\t\t\t\t<td colspan=\"\" rowspan=\"\">\n\t\t\t\t\t\t\t\t\t\t\t\t\t\t\t\t\t\t\t\t\t\t\t Fyn och triangelomr\u00e5det \n\t\t\t\t\t\t\t\t\t\t\t\t\t\t\t\t\t\t\t\t\t\t\t<\/td>\n\t\t\t\t\t\t\t\t\t\t\t\t\t\t\t\t<td colspan=\"\" rowspan=\"\">\n\t\t\t\t\t\t\t\t\t\t\t\t\t<a href=\"https:\/\/laas.dk\" target=\"_self\">\n\t\t\t\t\t\t\t\t\t\t\t\t\t\t https:\/\/laas.dk \n\t\t\t\t\t\t\t\t\t\t\t\t\t\t\t\t\t\t\t\t\t\t\t\t\t\t\t<\/a>\n\t\t\t\t\t\t\t\t\t\t\t\t\t\t\t\t\t\t\t<\/td>\n\t\t\t\t\t\t\t\t\t\t\t\t\t\t\t<\/tr><tr>\n\t\t\t\t\t\t\t\t\t\t\t\t\t\t\t\t\t\t\t\t<td colspan=\"\" rowspan=\"\">\n\t\t\t\t\t\t\t\t\t\t\t\t\t\t\t\t\t\t\t\t\t\t\t Baggerl\u00e5s \n\t\t\t\t\t\t\t\t\t\t\t\t\t\t\t\t\t\t\t\t\t\t\t<\/td>\n\t\t\t\t\t\t\t\t\t\t\t\t\t\t\t\t<td colspan=\"\" rowspan=\"\">\n\t\t\t\t\t\t\t\t\t\t\t\t\t\t\t\t\t\t\t\t\t\t\t Sj\u00e4lland och \u00f6arna \n\t\t\t\t\t\t\t\t\t\t\t\t\t\t\t\t\t\t\t\t\t\t\t<\/td>\n\t\t\t\t\t\t\t\t\t\t\t\t\t\t\t\t<td colspan=\"\" rowspan=\"\">\n\t\t\t\t\t\t\t\t\t\t\t\t\t<a href=\"https:\/\/bagger-laase.dk\" target=\"_self\">\n\t\t\t\t\t\t\t\t\t\t\t\t\t\t <blockquote class=\"wp-embedded-content\" data-secret=\"aBOeeiGcCw\"><a href=\"https:\/\/bagger-laase.dk\/\">Startsida<\/a><\/blockquote><iframe loading=\"lazy\" class=\"wp-embedded-content\" sandbox=\"allow-scripts\" security=\"restricted\" style=\"position: absolute; visibility: hidden;\" title=\"\u201cHem\u201d - Bagger L\u00e5se &amp; Alarm A\/S\" src=\"https:\/\/bagger-laase.dk\/embed#?secret=7rj7TFzG10#?secret=aBOeeiGcCw\" data-secret=\"aBOeeiGcCw\" width=\"600\" height=\"338\" frameborder=\"0\" marginwidth=\"0\" marginheight=\"0\" scrolling=\"no\"><\/iframe> \n\t\t\t\t\t\t\t\t\t\t\t\t\t\t\t\t\t\t\t\t\t\t\t\t\t\t\t<\/a>\n\t\t\t\t\t\t\t\t\t\t\t\t\t\t\t\t\t\t\t<\/td>\n\t\t\t\t\t\t\t\t\t\t\t<\/tr><\/tbody>\n\t\t\t\t<\/table>\n\t\t\t\t\t\t\t\t\t\t<h4 tabindex=\"0\">Hur mycket kostar det?<\/h4>\n\t\t\t\t\t<p>Tyv\u00e4rr \u00e4r det sv\u00e5rt att s\u00e4ga vad det kostar fr\u00e5n b\u00f6rjan till slut. Vi kan dock s\u00e4ga att en knappsats och slutbleck brukar kosta runt 2.000 kr. Att montera l\u00e5ssmeden beror mycket p\u00e5 var den ska installeras.\u00a0<\/p>\n<p>Priset f\u00f6r programvaran \u00e4r 950,- f\u00f6r registrering och 99,- per m\u00e5nad. Dessutom kostar det 31 \u00f6re per kod som skickas (1 DKK om du anv\u00e4nder MitID)<\/p>\n\t\t<h3>Guide<\/h3><p>H\u00e4r kan du hitta instruktionerna f\u00f6r Conlan-tangentbordet<\/p>\n<p><a href=\"https:\/\/www.conlan.eu\/download\/doc\/en\/Stand-Alone\/C1000LP-Manual.pdf\">Conlan C1000LP - Instruktionsbok<\/a> - uppdateras p\u00e5 Conlans webbplats.<\/p>\n<p>Men vi har ocks\u00e5 v\u00e5r egen lokala kopia liggande <a href=\"https:\/\/suresms.com\/wp-content\/uploads\/2026\/01\/C1000LP-Manual.pdf\">h\u00e4r<\/a>, om Conlans dokumentation inte kan hittas.<\/p>\n<p>Du kan ladda ner guiden f\u00f6r att konfigurera <a href=\"https:\/\/suresms.com\/wp-content\/uploads\/2026\/01\/Vejledning-i-opsaetning-af-Conlan-NemID-doer.pdf\">SureSMS h\u00e4r.<\/a><\/p>","protected":false},"excerpt":{"rendered":"<p>G\u00f6r din butik obemannad Med SMS-integration till t.ex. din butiksd\u00f6rr, en toalett eller en idrottshall kan kunderna betj\u00e4na sig sj\u00e4lva utanf\u00f6r \u00f6ppettiderna. M\u00f6jlighet att begr\u00e4nsa \u00e5tkomst efter tid och telefonnummer. L\u00e4gg till extra s\u00e4kerhet med MyID eller ta betalt via Mobilepay. Kunderna kan komma till din butik n\u00e4r det passar dem \u00d6ka int\u00e4kterna med... <a title=\"SMS-integration f\u00f6r fysiska produkter\" class=\"read-more\" href=\"https:\/\/suresms.com\/sv\/integrationer\/fysisk-adgangs-kontrol\/\" aria-label=\"L\u00e4s mer om SMS-integration f\u00f6r fysiska produkter\">L\u00e4s mer om det<\/a><\/p>","protected":false},"author":1,"featured_media":0,"parent":9400,"menu_order":1,"comment_status":"closed","ping_status":"closed","template":"","meta":{"_fl_builder_enabled":"1","_fl_builder_data":null,"_fl_builder_draft":null,"_fl_builder_data_settings":null,"_fl_builder_css":"","_fl_builder_css_version":"","_fl_builder_js":"","footnotes":""},"categories":[],"tags":[],"class_list":["post-16272","page","type-page","status-publish"],"yoast_head":"<!-- This site is optimized with the Yoast SEO Premium plugin v27.3 (Yoast SEO v27.3) - https:\/\/yoast.com\/product\/yoast-seo-premium-wordpress\/ -->\r\n<title>SMS integration til fysiske produkter - SMS integrationer til 2000+ systemer<\/title>\r\n<meta name=\"description\" content=\"SMS integrationer med 2000+ systemer. Mange forskellige muligheder og gratis ops\u00e6tning. API, webservice, JSON og meget mere\" \/>\r\n<meta name=\"robots\" content=\"index, follow, max-snippet:-1, max-image-preview:large, max-video-preview:-1\" \/>\r\n<link rel=\"canonical\" href=\"https:\/\/suresms.com\/sv\/integrationer\/fysisk-aatkomstkontroll\/\" \/>\r\n<meta property=\"og:locale\" content=\"sv_SE\" \/>\r\n<meta property=\"og:type\" content=\"article\" \/>\r\n<meta property=\"og:title\" content=\"SMS integration til fysiske produkter\" \/>\r\n<meta property=\"og:description\" content=\"SMS integrationer med 2000+ systemer. Mange forskellige muligheder og gratis ops\u00e6tning. API, webservice, JSON og meget mere\" \/>\r\n<meta property=\"og:url\" content=\"https:\/\/suresms.com\/sv\/integrationer\/fysisk-aatkomstkontroll\/\" \/>\r\n<meta property=\"article:publisher\" content=\"https:\/\/www.facebook.com\/p\/SureSMS-100044607956149\/\" \/>\r\n<meta property=\"article:modified_time\" content=\"2026-02-25T14:22:47+00:00\" \/>\r\n<meta property=\"og:image\" content=\"https:\/\/suresms.com\/wp-content\/uploads\/2022\/11\/Keypad-fritlagt-lille-1.png\" \/>\r\n<meta name=\"twitter:card\" content=\"summary_large_image\" \/>\r\n<meta name=\"twitter:label1\" content=\"Ber\u00e4knad l\u00e4stid\" \/>\n\t<meta name=\"twitter:data1\" content=\"5 minuter\" \/>\r\n<script type=\"application\/ld+json\" class=\"yoast-schema-graph\">{\"@context\":\"https:\\\/\\\/schema.org\",\"@graph\":[{\"@type\":\"WebPage\",\"@id\":\"https:\\\/\\\/suresms.com\\\/dk\\\/integrationer\\\/fysisk-adgangs-kontrol\\\/\",\"url\":\"https:\\\/\\\/suresms.com\\\/dk\\\/integrationer\\\/fysisk-adgangs-kontrol\\\/\",\"name\":\"SMS integration til fysiske produkter - SMS integrationer til 2000+ systemer\",\"isPartOf\":{\"@id\":\"https:\\\/\\\/suresms.com\\\/en\\\/#website\"},\"primaryImageOfPage\":{\"@id\":\"https:\\\/\\\/suresms.com\\\/dk\\\/integrationer\\\/fysisk-adgangs-kontrol\\\/#primaryimage\"},\"image\":{\"@id\":\"https:\\\/\\\/suresms.com\\\/dk\\\/integrationer\\\/fysisk-adgangs-kontrol\\\/#primaryimage\"},\"thumbnailUrl\":\"https:\\\/\\\/suresms.com\\\/wp-content\\\/uploads\\\/2022\\\/11\\\/Keypad-fritlagt-lille-1.png\",\"datePublished\":\"2022-11-25T14:09:25+00:00\",\"dateModified\":\"2026-02-25T14:22:47+00:00\",\"description\":\"SMS integrationer med 2000+ systemer. Mange forskellige muligheder og gratis ops\u00e6tning. API, webservice, JSON og meget mere\",\"breadcrumb\":{\"@id\":\"https:\\\/\\\/suresms.com\\\/dk\\\/integrationer\\\/fysisk-adgangs-kontrol\\\/#breadcrumb\"},\"inLanguage\":\"sv-SE\",\"potentialAction\":[{\"@type\":\"ReadAction\",\"target\":[\"https:\\\/\\\/suresms.com\\\/dk\\\/integrationer\\\/fysisk-adgangs-kontrol\\\/\"]}]},{\"@type\":\"ImageObject\",\"inLanguage\":\"sv-SE\",\"@id\":\"https:\\\/\\\/suresms.com\\\/dk\\\/integrationer\\\/fysisk-adgangs-kontrol\\\/#primaryimage\",\"url\":\"https:\\\/\\\/suresms.com\\\/wp-content\\\/uploads\\\/2022\\\/11\\\/Keypad-fritlagt-lille-1.png\",\"contentUrl\":\"https:\\\/\\\/suresms.com\\\/wp-content\\\/uploads\\\/2022\\\/11\\\/Keypad-fritlagt-lille-1.png\"},{\"@type\":\"BreadcrumbList\",\"@id\":\"https:\\\/\\\/suresms.com\\\/dk\\\/integrationer\\\/fysisk-adgangs-kontrol\\\/#breadcrumb\",\"itemListElement\":[{\"@type\":\"ListItem\",\"position\":1,\"name\":\"Home\",\"item\":\"https:\\\/\\\/suresms.com\\\/dk\\\/\"},{\"@type\":\"ListItem\",\"position\":2,\"name\":\"Integrationer\",\"item\":\"https:\\\/\\\/suresms.com\\\/dk\\\/integrationer\\\/\"},{\"@type\":\"ListItem\",\"position\":3,\"name\":\"SMS integration til fysiske produkter\"}]},{\"@type\":\"WebSite\",\"@id\":\"https:\\\/\\\/suresms.com\\\/en\\\/#website\",\"url\":\"https:\\\/\\\/suresms.com\\\/en\\\/\",\"name\":\"SureSMS\",\"description\":\"Professionel SMS Gateway\",\"publisher\":{\"@id\":\"https:\\\/\\\/suresms.com\\\/en\\\/#organization\"},\"potentialAction\":[{\"@type\":\"SearchAction\",\"target\":{\"@type\":\"EntryPoint\",\"urlTemplate\":\"https:\\\/\\\/suresms.com\\\/en\\\/?s={search_term_string}\"},\"query-input\":{\"@type\":\"PropertyValueSpecification\",\"valueRequired\":true,\"valueName\":\"search_term_string\"}}],\"inLanguage\":\"sv-SE\"},{\"@type\":\"Organization\",\"@id\":\"https:\\\/\\\/suresms.com\\\/en\\\/#organization\",\"name\":\"SureSMS\",\"url\":\"https:\\\/\\\/suresms.com\\\/en\\\/\",\"logo\":{\"@type\":\"ImageObject\",\"inLanguage\":\"sv-SE\",\"@id\":\"https:\\\/\\\/suresms.com\\\/en\\\/#\\\/schema\\\/logo\\\/image\\\/\",\"url\":\"https:\\\/\\\/suresms.com\\\/wp-content\\\/uploads\\\/2024\\\/11\\\/suresms-300x65-1.png\",\"contentUrl\":\"https:\\\/\\\/suresms.com\\\/wp-content\\\/uploads\\\/2024\\\/11\\\/suresms-300x65-1.png\",\"width\":300,\"height\":65,\"caption\":\"SureSMS\"},\"image\":{\"@id\":\"https:\\\/\\\/suresms.com\\\/en\\\/#\\\/schema\\\/logo\\\/image\\\/\"},\"sameAs\":[\"https:\\\/\\\/www.facebook.com\\\/p\\\/SureSMS-100044607956149\\\/\"]}]}<\/script>\r\n<!-- \/ Yoast SEO Premium plugin. -->","yoast_head_json":{"title":"SMS-integration f\u00f6r fysiska produkter - SMS-integration f\u00f6r 2000+ system","description":"SMS-integrationer med 2000+ system. M\u00e5nga olika alternativ och gratis installation. API, webbtj\u00e4nst, JSON och mycket mer","robots":{"index":"index","follow":"follow","max-snippet":"max-snippet:-1","max-image-preview":"max-image-preview:large","max-video-preview":"max-video-preview:-1"},"canonical":"https:\/\/suresms.com\/sv\/integrationer\/fysisk-aatkomstkontroll\/","og_locale":"sv_SE","og_type":"article","og_title":"SMS integration til fysiske produkter","og_description":"SMS integrationer med 2000+ systemer. Mange forskellige muligheder og gratis ops\u00e6tning. API, webservice, JSON og meget mere","og_url":"https:\/\/suresms.com\/sv\/integrationer\/fysisk-aatkomstkontroll\/","article_publisher":"https:\/\/www.facebook.com\/p\/SureSMS-100044607956149\/","article_modified_time":"2026-02-25T14:22:47+00:00","og_image":[{"url":"https:\/\/suresms.com\/wp-content\/uploads\/2022\/11\/Keypad-fritlagt-lille-1.png","type":"","width":"","height":""}],"twitter_card":"summary_large_image","twitter_misc":{"Ber\u00e4knad l\u00e4stid":"5 minuter"},"schema":{"@context":"https:\/\/schema.org","@graph":[{"@type":"WebPage","@id":"https:\/\/suresms.com\/dk\/integrationer\/fysisk-adgangs-kontrol\/","url":"https:\/\/suresms.com\/dk\/integrationer\/fysisk-adgangs-kontrol\/","name":"SMS-integration f\u00f6r fysiska produkter - SMS-integration f\u00f6r 2000+ system","isPartOf":{"@id":"https:\/\/suresms.com\/en\/#website"},"primaryImageOfPage":{"@id":"https:\/\/suresms.com\/dk\/integrationer\/fysisk-adgangs-kontrol\/#primaryimage"},"image":{"@id":"https:\/\/suresms.com\/dk\/integrationer\/fysisk-adgangs-kontrol\/#primaryimage"},"thumbnailUrl":"https:\/\/suresms.com\/wp-content\/uploads\/2022\/11\/Keypad-fritlagt-lille-1.png","datePublished":"2022-11-25T14:09:25+00:00","dateModified":"2026-02-25T14:22:47+00:00","description":"SMS-integrationer med 2000+ system. M\u00e5nga olika alternativ och gratis installation. API, webbtj\u00e4nst, JSON och mycket mer","breadcrumb":{"@id":"https:\/\/suresms.com\/dk\/integrationer\/fysisk-adgangs-kontrol\/#breadcrumb"},"inLanguage":"sv-SE","potentialAction":[{"@type":"ReadAction","target":["https:\/\/suresms.com\/dk\/integrationer\/fysisk-adgangs-kontrol\/"]}]},{"@type":"ImageObject","inLanguage":"sv-SE","@id":"https:\/\/suresms.com\/dk\/integrationer\/fysisk-adgangs-kontrol\/#primaryimage","url":"https:\/\/suresms.com\/wp-content\/uploads\/2022\/11\/Keypad-fritlagt-lille-1.png","contentUrl":"https:\/\/suresms.com\/wp-content\/uploads\/2022\/11\/Keypad-fritlagt-lille-1.png"},{"@type":"BreadcrumbList","@id":"https:\/\/suresms.com\/dk\/integrationer\/fysisk-adgangs-kontrol\/#breadcrumb","itemListElement":[{"@type":"ListItem","position":1,"name":"Home","item":"https:\/\/suresms.com\/dk\/"},{"@type":"ListItem","position":2,"name":"Integrationer","item":"https:\/\/suresms.com\/dk\/integrationer\/"},{"@type":"ListItem","position":3,"name":"SMS integration til fysiske produkter"}]},{"@type":"WebSite","@id":"https:\/\/suresms.com\/en\/#website","url":"https:\/\/suresms.com\/en\/","name":"SureSMS","description":"Professionell SMS Gateway","publisher":{"@id":"https:\/\/suresms.com\/en\/#organization"},"potentialAction":[{"@type":"SearchAction","target":{"@type":"EntryPoint","urlTemplate":"https:\/\/suresms.com\/en\/?s={search_term_string}"},"query-input":{"@type":"PropertyValueSpecification","valueRequired":true,"valueName":"search_term_string"}}],"inLanguage":"sv-SE"},{"@type":"Organization","@id":"https:\/\/suresms.com\/en\/#organization","name":"SureSMS","url":"https:\/\/suresms.com\/en\/","logo":{"@type":"ImageObject","inLanguage":"sv-SE","@id":"https:\/\/suresms.com\/en\/#\/schema\/logo\/image\/","url":"https:\/\/suresms.com\/wp-content\/uploads\/2024\/11\/suresms-300x65-1.png","contentUrl":"https:\/\/suresms.com\/wp-content\/uploads\/2024\/11\/suresms-300x65-1.png","width":300,"height":65,"caption":"SureSMS"},"image":{"@id":"https:\/\/suresms.com\/en\/#\/schema\/logo\/image\/"},"sameAs":["https:\/\/www.facebook.com\/p\/SureSMS-100044607956149\/"]}]}},"_links":{"self":[{"href":"https:\/\/suresms.com\/sv\/wp-json\/wp\/v2\/pages\/16272","targetHints":{"allow":["GET"]}}],"collection":[{"href":"https:\/\/suresms.com\/sv\/wp-json\/wp\/v2\/pages"}],"about":[{"href":"https:\/\/suresms.com\/sv\/wp-json\/wp\/v2\/types\/page"}],"author":[{"embeddable":true,"href":"https:\/\/suresms.com\/sv\/wp-json\/wp\/v2\/users\/1"}],"replies":[{"embeddable":true,"href":"https:\/\/suresms.com\/sv\/wp-json\/wp\/v2\/comments?post=16272"}],"version-history":[{"count":9,"href":"https:\/\/suresms.com\/sv\/wp-json\/wp\/v2\/pages\/16272\/revisions"}],"predecessor-version":[{"id":23843,"href":"https:\/\/suresms.com\/sv\/wp-json\/wp\/v2\/pages\/16272\/revisions\/23843"}],"up":[{"embeddable":true,"href":"https:\/\/suresms.com\/sv\/wp-json\/wp\/v2\/pages\/9400"}],"wp:attachment":[{"href":"https:\/\/suresms.com\/sv\/wp-json\/wp\/v2\/media?parent=16272"}],"wp:term":[{"taxonomy":"category","embeddable":true,"href":"https:\/\/suresms.com\/sv\/wp-json\/wp\/v2\/categories?post=16272"},{"taxonomy":"post_tag","embeddable":true,"href":"https:\/\/suresms.com\/sv\/wp-json\/wp\/v2\/tags?post=16272"}],"curies":[{"name":"wp","href":"https:\/\/api.w.org\/{rel}","templated":true}]}}