{"id":16156,"date":"2022-11-08T11:17:17","date_gmt":"2022-11-08T09:17:17","guid":{"rendered":"https:\/\/www.suresms.com\/dk\/?page_id=16156"},"modified":"2024-12-18T13:12:44","modified_gmt":"2024-12-18T13:12:44","slug":"journalforing-av-textmeddelanden","status":"publish","type":"page","link":"https:\/\/suresms.com\/sv\/funktioner\/journalisering-af-sms\/","title":{"rendered":"Journalisering av SMS"},"content":{"rendered":"<!-- Flexy Breadcrumb -->\r\n\t\t\t<div class=\"fbc fbc-page\">\r\n\r\n\t\t\t\t<!-- Breadcrumb wrapper -->\r\n\t\t\t\t<div class=\"fbc-wrap\">\r\n\r\n\t\t\t\t\t<!-- Ordered list-->\r\n\t\t\t\t\t<ol class=\"fbc-items\" itemscope itemtype=\"https:\/\/schema.org\/BreadcrumbList\">\r\n\t\t\t\t\t\t            <li itemprop=\"itemListElement\" itemscope itemtype=\"https:\/\/schema.org\/ListItem\">\r\n                <span itemprop=\"name\">\r\n                    <!-- Home Link -->\r\n                    <a itemprop=\"item\" href=\"https:\/\/suresms.com\/sv\/\">\r\n                    \r\n                                                    <i class=\"fa fa-home\" aria-hidden=\"true\"><\/i>Hem                    <\/a>\r\n                <\/span>\r\n                <meta itemprop=\"position\" content=\"1\" \/><!-- Meta Position-->\r\n             <\/li><li><span class=\"fbc-separator\">\/<\/span><\/li><li class=\"active\" itemprop=\"itemListElement\" itemscope itemtype=\"https:\/\/schema.org\/ListItem\"><span itemprop=\"name\" title=\"Journalisering av SMS\">Journalisering av SMS<\/span><meta itemprop=\"position\" content=\"2\" \/><\/li>\t\t\t\t\t<\/ol>\r\n\t\t\t\t\t<div class=\"clearfix\"><\/div>\r\n\t\t\t\t<\/div>\r\n\t\t\t<\/div>\r\n\t\t\t\n\t<h1>Journalisering av SMS-meddelanden<\/h1>\n<p>F\u00f6rvaltningsmyndigheter har en skyldighet att diarief\u00f6ra handlingar som skickas eller tas emot i samband med \u00e4rendehandl\u00e4ggning i myndighetens verksamhet.<\/p>\n<p>Skyldigheten g\u00e4ller endast handlingar som har betydelse f\u00f6r ett \u00e4rende eller \u00e4rendehanteringen i \u00f6vrigt. S\u00e5v\u00e4l interna som externa handlingar i slutlig form omfattas av skyldigheten.<\/p>\n<p>Det inneb\u00e4r att om en anst\u00e4lld p\u00e5 en myndighet skickar eller tar emot ett sms som \u00e4r relevant f\u00f6r ett \u00e4rende m\u00e5ste det loggas. Det kan finnas utmaningar och olika l\u00f6sningar f\u00f6r att uppfylla loggningsskyldigheten, som kan hittas p\u00e5 relevanta offentliga webbplatser, till exempel <a href=\"https:\/\/www.ombudsmanden.dk\/myndighedsguiden\/generel-forvaltningsret\/journaliseringspligt\/\" target=\"_blank\" rel=\"noopener\">Ombudsmannen om skyldigheten att f\u00f6ra register.\u00a0<\/a><\/p>\n\t<h2>Utmaningarna<\/h2>\n<p>Utmaningarna n\u00e4r det g\u00e4ller att journalf\u00f6ra SMS \u00e4r att det finns vissa utmaningar som \u00e4r unika f\u00f6r mediet. Den st\u00f6rsta utmaningen \u00e4r att SMS-meddelandet levereras p\u00e5 en plattform d\u00e4r den lokala IT-avdelningen har liten kontroll. Det levereras via ett autonomt n\u00e4tverk d\u00e4r det inte \u00e4r m\u00f6jligt f\u00f6r IT-avdelningen att f\u00e5nga upp meddelandena.<\/p>\n<p>P\u00e5 sj\u00e4lva telefonen \u00e4r konsumentskyddet av st\u00f6rsta vikt, s\u00e5 det \u00e4r inte m\u00f6jligt att installera programvara som avlyssnar kommunikationer.<\/p>\n<p>Specifikt \u00e4r utmaningarna:<\/p>\n<ul> \t\n<li>Ingen kontroll \u00f6ver enheten<\/li>\n\n<li>Ingen kontroll \u00f6ver n\u00e4tverket<\/li>\n\n<li>Inget alternativ f\u00f6r automatisk journalisering<\/li>\n<\/ul>\n<p>N\u00e4r det g\u00e4ller e-post eller dialog i kontaktforum har b\u00e5de anv\u00e4ndaren och IT-avdelningen b\u00e4ttre m\u00f6jlighet att markera och logga meddelandet.<\/p>\n\t\t\t\t<img loading=\"lazy\" decoding=\"async\" src=\"https:\/\/suresms.com\/wp-content\/uploads\/2022\/11\/os0004_53-1.jpg\" alt=\"Utmaningar att \u00f6vervinna\" itemprop=\"image\" height=\"417\" width=\"500\" title=\"Utmaningar vid journalisering av SMS\" onerror=\"this.style.display='none'\"  \/>\n\t<h2>Befintliga l\u00f6sningar<\/h2>\n<p>Enligt v\u00e5r erfarenhet l\u00f6ser myndigheterna oftast problemet genom att be medarbetarna att ta en sk\u00e4rmdump av meddelandena, skicka sk\u00e4rmdumpen till sig sj\u00e4lva via e-post och sedan f\u00f6ra anteckningar fr\u00e5n e-postmeddelandet. Detta inneb\u00e4r att ansvaret \u00f6verf\u00f6rs till medarbetaren, som m\u00e5ste l\u00e4gga tid p\u00e5 det, kanske inte f\u00e5r det gjort och kanske <a href=\"https:\/\/nyheder.tv2.dk\/politik\/2021-10-27-mette-frederiksen-slettede-smser-ministerie-afviser-maalrettet-sletning\" target=\"_blank\" rel=\"noopener\">Raderar meddelanden<\/a>\u00a0 Av misstag.<\/p>\n<p>En annan l\u00f6sning som vi har h\u00f6rt \u00e4r att medarbetaren blir tillsagd att inte skicka sms som kan p\u00e5verka \u00e4rendehanteringen. Detta \u00e4r inte m\u00f6jligt eftersom b\u00e5de skickade och mottagna meddelanden m\u00e5ste loggas och medarbetaren inte har kontroll \u00f6ver vad medborgarna skickar till dem. F\u00f6r det andra kan det f\u00f6r vissa medarbetargrupper vara direkt sv\u00e5rt att utf\u00f6ra sitt arbete, till exempel om de arbetar med utsatta ungdomar.<\/p>\n<p>Vissa myndigheter har integrerat SMS i sina \u00e4rendehanteringssystem. Om systemen kan b\u00e5de skicka och ta emot kan detta vara en bra och genomf\u00f6rbar l\u00f6sning. Vi ser dock att det i verkligheten ofta finns ett behov av att kunna skicka SMS n\u00e4r man inte har \u00f6ppnat sin <a href=\"https:\/\/www.retsinformation.dk\/eli\/fob\/2015\/30\" target=\"_blank\" rel=\"noopener\">\u00e4rendehanteringssystem<\/a>..<\/p>\n<p>&nbsp;<\/p>\n\t<h2>V\u00e5r l\u00f6sning - loggning av SMS fr\u00e5n din telefon<\/h2>\n<p>SureSMS \u00e4r i den unika positionen att vi har tillg\u00e5ng till v\u00e5rt eget SMS-center. Det inneb\u00e4r att vi kan f\u00e5nga upp SMS-meddelanden n\u00e4r de skickas och tas emot innan de levereras till telefonen. Det inneb\u00e4r att vi kan journalf\u00f6ra meddelandena utan att medarbetarna beh\u00f6ver g\u00f6ra n\u00e5got, b\u00e5de inkommande och utg\u00e5ende SMS.<\/p>\n<p>Det fungerar s\u00e5 att den anst\u00e4llde f\u00e5r ett extra e-sim installerat p\u00e5 sin telefon. Detta nummer anv\u00e4nds f\u00f6r att skicka och ta emot SMS-meddelanden. Det \u00e4r ett SureSMS-nummer och tack vare v\u00e5ra djupa integrationer har vi m\u00f6jlighet att f\u00e5nga upp SMS-meddelandena. Dessa meddelanden kommer vanligtvis att vidarebefordras till myndighetens journalsystem. I journalsystemet kan regler s\u00e4ttas upp f\u00f6r n\u00e4r ett SMS ska loggas.<\/p>\n<p>Du kommer dock vanligtvis att v\u00e4lja att logga alla SMS-meddelanden eftersom de \u00e4r mycket sm\u00e5 n\u00e4r det g\u00e4ller data. Priset f\u00f6r en komplett l\u00f6sning b\u00f6rjar p\u00e5 cirka 40.000 DKK inklusive 100 nummer.<\/p>\n\t<h4><strong>Vill du veta mer?<\/strong><\/h4>\n<p>Fyll i formul\u00e4ret nedan s\u00e5 h\u00f6r vi av oss till dig.<\/p>\n\n<div class=\"wpcf7 no-js\" id=\"wpcf7-f13762-o1\" lang=\"en-GB\" dir=\"ltr\" data-wpcf7-id=\"13762\">\n<div class=\"screen-reader-response\"><p role=\"status\" aria-live=\"polite\" aria-atomic=\"true\"><\/p> <ul><\/ul><\/div>\n<form action=\"\/sv\/wp-json\/wp\/v2\/pages\/16156#wpcf7-f13762-o1\" method=\"post\" class=\"wpcf7-form init\" aria-label=\"Kontaktformul\u00e4r\" novalidate=\"novalidate\" data-status=\"init\" data-trp-original-action=\"\/sv\/wp-json\/wp\/v2\/pages\/16156#wpcf7-f13762-o1\">\n<fieldset class=\"hidden-fields-container\"><input type=\"hidden\" name=\"_wpcf7\" value=\"13762\" \/><input type=\"hidden\" name=\"_wpcf7_version\" value=\"6.1.5\" \/><input type=\"hidden\" name=\"_wpcf7_locale\" value=\"en_GB\" \/><input type=\"hidden\" name=\"_wpcf7_unit_tag\" value=\"wpcf7-f13762-o1\" \/><input type=\"hidden\" name=\"_wpcf7_container_post\" value=\"0\" \/><input type=\"hidden\" name=\"_wpcf7_posted_data_hash\" value=\"\" \/>\n<\/fieldset>\n<p><label><span class=\"wpcf7-form-control-wrap\" data-name=\"your-name\"><input size=\"40\" maxlength=\"400\" class=\"wpcf7-form-control wpcf7-text wpcf7-validates-as-required wpctf7-my-custom-class\" aria-required=\"true\" aria-invalid=\"false\" placeholder=\"Ditt namn\" value=\"\" type=\"text\" name=\"your-name\" \/><\/span><\/label>\n<\/p>\n<p><span class=\"wpcf7-form-control-wrap\" data-name=\"email\"><input size=\"40\" maxlength=\"400\" class=\"wpcf7-form-control wpcf7-email wpcf7-validates-as-required wpcf7-text wpcf7-validates-as-email wpctf7-my-custom-class\" aria-required=\"true\" aria-invalid=\"false\" placeholder=\"E-post*.\" value=\"\" type=\"email\" name=\"email\" \/><\/span>\n<\/p>\n<p><div class=\"cf7-cf-turnstile\" style=\"margin-top: 0px; margin-bottom: -15px;\"> <div id=\"cf-turnstile-cf7-1070681497\" class=\"cf-turnstile\" data-sitekey=\"0x4AAAAAAB8YGArd9ML-HbMW\" data-theme=\"light\" data-language=\"auto\" data-size=\"normal\" data-retry=\"auto\" data-retry-interval=\"1000\" data-refresh-expired=\"auto\" data-action=\"contact-form-7\" data-appearance=\"always\"><\/div> <script>document.addEventListener(\"DOMContentLoaded\", function() { setTimeout(function(){ var e=document.getElementById(\"cf-turnstile-cf7-1070681497\"); e&&!e.innerHTML.trim()&&(turnstile.remove(\"#cf-turnstile-cf7-1070681497\"), turnstile.render(\"#cf-turnstile-cf7-1070681497\", {sitekey:\"0x4AAAAAAB8YGArd9ML-HbMW\"})); }, 100); });<\/script> <br class=\"cf-turnstile-br cf-turnstile-br-cf7-1070681497\"> <style>#cf-turnstile-cf7-1070681497 { margin-left: -15px; }<\/style> <script>document.addEventListener(\"DOMContentLoaded\",function(){document.querySelectorAll('.wpcf7-form').forEach(function(e){e.addEventListener('submit',function(){if(document.getElementById('cf-turnstile-cf7-1070681497')){setTimeout(function(){turnstile.reset('#cf-turnstile-cf7-1070681497');},1000)}})})});<\/script> <\/div><br\/><input class=\"wpcf7-form-control wpcf7-submit has-spinner\" type=\"submit\" value=\"Best\u00e4ll v\u00e4gledning\" \/>\n<\/p><div class=\"wpcf7-response-output\" aria-hidden=\"true\"><\/div>\n<input type=\"hidden\" name=\"trp-form-language\" value=\"sv\"\/><\/form>\n<\/div>\n\n\t\t\t\t<img loading=\"lazy\" decoding=\"async\" src=\"https:\/\/suresms.com\/wp-content\/uploads\/2022\/06\/API-connection-1.png\" alt=\"Skicka SMS med API\" itemprop=\"image\" height=\"528\" width=\"960\" title=\"API-anslutning\" onerror=\"this.style.display='none'\"  \/>\n\t<h2>V\u00e5r l\u00f6sning - SMS-journalf\u00f6ring p\u00e5 PC<\/h2>\n<p>F\u00f6r att kommunikationen mellan kommuner, institutioner, myndigheter och medborgare ska fungera \u00e4r det avg\u00f6rande att meddelanden och information b\u00e5de tas emot OCH l\u00e4ses! Studier visar att de allra flesta SMS l\u00e4ses av mottagaren, vilket g\u00f6r SMS till en snabb och p\u00e5litlig kommunikationsform.<\/p>\n<p>Med en SMS-gateway kan offentliga organisationer h\u00e5lla koll p\u00e5 l\u00e4get och uppfylla kraven p\u00e5 arkivering.<\/p>\n<p><strong>F\u00f6rm\u00e5ner och f\u00f6rdelar<\/strong><\/p>\n<ul>\n<li>\n<ul>\n<li><strong>Inbyggd journalf\u00f6ring. Genom v\u00e5r webbportal har du alltid dokumentation f\u00f6r alla meddelanden som skickas till medborgare eller anst\u00e4llda.<\/strong><\/li>\n<\/ul>\n<\/li>\n<\/ul>\n<p>&nbsp;<\/p>\n<ul>\n<li>\n<ul>\n<li><strong>Servicemeddelanden och p\u00e5minnelser om m\u00f6ten via SMS \u00e4r en bra service f\u00f6r medborgare och anv\u00e4ndare samtidigt som det ger f\u00e4rre avbokningar och mindre sl\u00f6seri med resurser. Anv\u00e4nd autogenererade SMS-meddelanden eller styr utskicket sj\u00e4lv via v\u00e5rt webbgr\u00e4nssnitt.<\/strong><\/li>\n<\/ul>\n<\/li>\n<\/ul>\n<p>&nbsp;<\/p>\n<ul>\n<li>\n<ul>\n<li><strong>All kommunikation mellan kunden och v\u00e5ra servrar \u00e4r krypterad med den senaste SSL-krypteringen. Detta g\u00f6r det s\u00e4kert att skicka k\u00e4nslig personlig information via SureSMS.<\/strong><\/li>\n<\/ul>\n<\/li>\n<\/ul>\n<p>&nbsp;<\/p>\n<ul>\n<li>\n<ul>\n<li><strong>Inga dyra abonnemang. Vi tar bara betalt f\u00f6r det antal meddelanden som du faktiskt skickar. Faktureringen \u00e4r gratis och det \u00e4r enkelt att betala via EAN-nummer.<\/strong><\/li>\n<\/ul>\n<\/li>\n<\/ul>\n<p>&nbsp;<\/p>\n<p>Ovanst\u00e5ende \u00e4r ett urval av v\u00e5ra funktioner. Men det finns m\u00e5nga fler. Ta en titt p\u00e5 v\u00e5ra\u00a0<a href=\"https:\/\/suresms.com\/sv\/funktioner\/\">funktionssidor<\/a>\u00a0p\u00e5 suresms.com f\u00f6r inspiration.<\/p>\n<p><strong>Fullst\u00e4ndig \u00f6versikt och dokumentation via SureSMS webbportal<\/strong><\/p>\n<p>Fr\u00e5n v\u00e5r webbportal kan du enkelt logga in och skicka SMS till anv\u00e4ndare via din dator. H\u00e4rifr\u00e5n \u00e4r det enkelt att skicka meddelanden till grupper, schemal\u00e4gga utskick och fl\u00e4tar in namn i meddelandena.<\/p>\n<p>H\u00e4r har du ocks\u00e5 full \u00f6verblick \u00f6ver de meddelanden som skickas, och meddelandena lagras h\u00e4r f\u00f6r journalf\u00f6ring eller dokumentation. Du har alltid \u00f6verblick \u00f6ver b\u00e5de inneh\u00e5ll och tidpunkt f\u00f6r s\u00e4ndning och mottagning av meddelanden.<\/p>\n<p><strong>Leveranser till b\u00e5de statliga institutioner och kommuner<\/strong><\/p>\n<p>Genom \u00e5ren har vi levererat SMS till m\u00e5nga offentliga institutioner och har l\u00e5ng erfarenhet av att arbeta med dem: bibliotek, statliga f\u00e4ngelser, hj\u00e4lpmedelscentraler, myndigheter och mycket mer. Offentliga institutioner m\u00e5ste kunna kommunicera med ett brett tv\u00e4rsnitt av befolkningen, samtidigt som pris, kvalitet och s\u00e4kerhet m\u00e5ste vara i toppklass. Vi har expertisen f\u00f6r att leverera en solid och flexibel gateway som \u00e4r enkel att anv\u00e4nda.<\/p>\n<p><strong>Skicka fr\u00e5n flera nummer<\/strong><\/p>\n<p>Beh\u00f6ver din organisation skicka fr\u00e5n flera telefonnummer, eller beh\u00f6ver du en flexibel inloggning s\u00e5 att flera anst\u00e4llda kan skicka fr\u00e5n en specifik anv\u00e4ndare? Det \u00e4r enkelt att g\u00f6ra via v\u00e5r onlineportal.<\/p>\n\t<h4><strong>H\u00e4r kan du l\u00e4sa n\u00e5gra exempel p\u00e5 hur v\u00e5ra kunder anv\u00e4nder v\u00e5r online SMS-tj\u00e4nst idag:<\/strong><\/h4>\n<ul>\n<li>En dansk facklig organisation anv\u00e4nder v\u00e5r SMS-tj\u00e4nst online f\u00f6r att skicka ut nyhetsbrev till sina kunder. Det \u00e4r naturligtvis l\u00e4ttare att skicka ut l\u00e5nga nyhetsbrev via datorns st\u00f6rre tangentbord, och det g\u00e5r ocks\u00e5 att bifoga l\u00e4nkar med relevanta artiklar till organisationens medlemmar.<\/li>\n<li>En jaktorganisation p\u00e5 Sj\u00e4lland har skapat ett konto p\u00e5 v\u00e5r Gateway. Eftersom medlemmarna i f\u00f6reningen turas om att organisera jakten har de alla en inloggning till f\u00f6reningens konto fr\u00e5n vilket de skickar meddelanden om kommande jakter till de andra medlemmarna.<\/li>\n<li>Ett v\u00e4rmebolag anv\u00e4nder v\u00e5r gateway f\u00f6r att meddela boende om leveransst\u00f6rningar. N\u00e4r v\u00e4rmen till exempel st\u00e4ngs av p\u00e5 grund av reparationer i ett visst omr\u00e5de h\u00e4mtas telefonnumren fr\u00e5n v\u00e4rmebolagets system och klistras in p\u00e5 v\u00e5r webbplats d\u00e4r de enkelt kan skicka ett meddelande till alla ber\u00f6rda hush\u00e5ll.<\/li>\n<\/ul>","protected":false},"excerpt":{"rendered":"<p>Loggning av SMS F\u00f6rvaltningsmyndigheter har en skyldighet att logga handlingar som skickas eller tas emot i samband med \u00e4rendehandl\u00e4ggning i myndighetens verksamhet. Skyldigheten g\u00e4ller endast handlingar som \u00e4r av betydelse f\u00f6r ett \u00e4rende eller \u00e4rendehandl\u00e4ggningen i \u00f6vrigt. S\u00e5v\u00e4l interna som externa handlingar i slutlig form omfattas av skyldigheten. Detta inneb\u00e4r att om ... <a title=\"Journalisering av SMS\" class=\"read-more\" href=\"https:\/\/suresms.com\/sv\/funktioner\/journalisering-af-sms\/\" aria-label=\"L\u00e4s mer om Journaling SMS\">L\u00e4s mer om det<\/a><\/p>","protected":false},"author":1,"featured_media":0,"parent":958,"menu_order":1,"comment_status":"closed","ping_status":"closed","template":"","meta":{"_fl_builder_enabled":"1","_fl_builder_data":null,"_fl_builder_draft":null,"_fl_builder_data_settings":null,"_fl_builder_css":"","_fl_builder_css_version":"","_fl_builder_js":"","footnotes":""},"categories":[17],"tags":[],"class_list":{"0":"post-16156","1":"page","2":"type-page","3":"status-publish","5":"category-linkfracornorstone"},"yoast_head":"<!-- This site is optimized with the Yoast SEO Premium plugin v27.3 (Yoast SEO v27.3) - https:\/\/yoast.com\/product\/yoast-seo-premium-wordpress\/ -->\r\n<title>Journalisering af SMS - den rigtige l\u00f8sning for myndigheder<\/title>\r\n<meta name=\"description\" content=\"Journalisering af SMS uden at afsender eller modtager skal g\u00f8re noget, kr\u00e6ver ikke installation p\u00e5 telefonen. Teknisk helt korrekte l\u00f8sning.\" \/>\r\n<meta name=\"robots\" content=\"index, follow, max-snippet:-1, max-image-preview:large, max-video-preview:-1\" \/>\r\n<link rel=\"canonical\" href=\"https:\/\/suresms.com\/sv\/funktioner\/journalforing-av-textmeddelanden\/\" \/>\r\n<meta property=\"og:locale\" content=\"sv_SE\" \/>\r\n<meta property=\"og:type\" content=\"article\" \/>\r\n<meta property=\"og:title\" content=\"Journalisering af SMS\" \/>\r\n<meta property=\"og:description\" content=\"Journalisering af SMS uden at afsender eller modtager skal g\u00f8re noget, kr\u00e6ver ikke installation p\u00e5 telefonen. Teknisk helt korrekte l\u00f8sning.\" \/>\r\n<meta property=\"og:url\" content=\"https:\/\/suresms.com\/sv\/funktioner\/journalforing-av-textmeddelanden\/\" \/>\r\n<meta property=\"article:publisher\" content=\"https:\/\/www.facebook.com\/p\/SureSMS-100044607956149\/\" \/>\r\n<meta property=\"article:modified_time\" content=\"2024-12-18T13:12:44+00:00\" \/>\r\n<meta property=\"og:image\" content=\"https:\/\/suresms.com\/wp-content\/uploads\/2022\/11\/os0004_53-1.jpg\" \/>\r\n<meta name=\"twitter:card\" content=\"summary_large_image\" \/>\r\n<meta name=\"twitter:label1\" content=\"Ber\u00e4knad l\u00e4stid\" \/>\n\t<meta name=\"twitter:data1\" content=\"11 minuter\" \/>\r\n<script type=\"application\/ld+json\" class=\"yoast-schema-graph\">{\"@context\":\"https:\\\/\\\/schema.org\",\"@graph\":[{\"@type\":\"WebPage\",\"@id\":\"https:\\\/\\\/suresms.com\\\/dk\\\/funktioner\\\/journalisering-af-sms\\\/\",\"url\":\"https:\\\/\\\/suresms.com\\\/dk\\\/funktioner\\\/journalisering-af-sms\\\/\",\"name\":\"Journalisering af SMS - den rigtige l\u00f8sning for myndigheder\",\"isPartOf\":{\"@id\":\"https:\\\/\\\/suresms.com\\\/en\\\/#website\"},\"primaryImageOfPage\":{\"@id\":\"https:\\\/\\\/suresms.com\\\/dk\\\/funktioner\\\/journalisering-af-sms\\\/#primaryimage\"},\"image\":{\"@id\":\"https:\\\/\\\/suresms.com\\\/dk\\\/funktioner\\\/journalisering-af-sms\\\/#primaryimage\"},\"thumbnailUrl\":\"https:\\\/\\\/suresms.com\\\/wp-content\\\/uploads\\\/2022\\\/11\\\/os0004_53-1.jpg\",\"datePublished\":\"2022-11-08T09:17:17+00:00\",\"dateModified\":\"2024-12-18T13:12:44+00:00\",\"description\":\"Journalisering af SMS uden at afsender eller modtager skal g\u00f8re noget, kr\u00e6ver ikke installation p\u00e5 telefonen. Teknisk helt korrekte l\u00f8sning.\",\"breadcrumb\":{\"@id\":\"https:\\\/\\\/suresms.com\\\/dk\\\/funktioner\\\/journalisering-af-sms\\\/#breadcrumb\"},\"inLanguage\":\"sv-SE\",\"potentialAction\":[{\"@type\":\"ReadAction\",\"target\":[\"https:\\\/\\\/suresms.com\\\/dk\\\/funktioner\\\/journalisering-af-sms\\\/\"]}]},{\"@type\":\"ImageObject\",\"inLanguage\":\"sv-SE\",\"@id\":\"https:\\\/\\\/suresms.com\\\/dk\\\/funktioner\\\/journalisering-af-sms\\\/#primaryimage\",\"url\":\"https:\\\/\\\/suresms.com\\\/wp-content\\\/uploads\\\/2022\\\/11\\\/os0004_53-1.jpg\",\"contentUrl\":\"https:\\\/\\\/suresms.com\\\/wp-content\\\/uploads\\\/2022\\\/11\\\/os0004_53-1.jpg\"},{\"@type\":\"BreadcrumbList\",\"@id\":\"https:\\\/\\\/suresms.com\\\/dk\\\/funktioner\\\/journalisering-af-sms\\\/#breadcrumb\",\"itemListElement\":[{\"@type\":\"ListItem\",\"position\":1,\"name\":\"Home\",\"item\":\"https:\\\/\\\/suresms.com\\\/dk\\\/\"},{\"@type\":\"ListItem\",\"position\":2,\"name\":\"Funktioner\",\"item\":\"https:\\\/\\\/suresms.com\\\/dk\\\/funktioner\\\/\"},{\"@type\":\"ListItem\",\"position\":3,\"name\":\"Journalisering af SMS\"}]},{\"@type\":\"WebSite\",\"@id\":\"https:\\\/\\\/suresms.com\\\/en\\\/#website\",\"url\":\"https:\\\/\\\/suresms.com\\\/en\\\/\",\"name\":\"SureSMS\",\"description\":\"Professionel SMS Gateway\",\"publisher\":{\"@id\":\"https:\\\/\\\/suresms.com\\\/en\\\/#organization\"},\"potentialAction\":[{\"@type\":\"SearchAction\",\"target\":{\"@type\":\"EntryPoint\",\"urlTemplate\":\"https:\\\/\\\/suresms.com\\\/en\\\/?s={search_term_string}\"},\"query-input\":{\"@type\":\"PropertyValueSpecification\",\"valueRequired\":true,\"valueName\":\"search_term_string\"}}],\"inLanguage\":\"sv-SE\"},{\"@type\":\"Organization\",\"@id\":\"https:\\\/\\\/suresms.com\\\/en\\\/#organization\",\"name\":\"SureSMS\",\"url\":\"https:\\\/\\\/suresms.com\\\/en\\\/\",\"logo\":{\"@type\":\"ImageObject\",\"inLanguage\":\"sv-SE\",\"@id\":\"https:\\\/\\\/suresms.com\\\/en\\\/#\\\/schema\\\/logo\\\/image\\\/\",\"url\":\"https:\\\/\\\/suresms.com\\\/wp-content\\\/uploads\\\/2024\\\/11\\\/suresms-300x65-1.png\",\"contentUrl\":\"https:\\\/\\\/suresms.com\\\/wp-content\\\/uploads\\\/2024\\\/11\\\/suresms-300x65-1.png\",\"width\":300,\"height\":65,\"caption\":\"SureSMS\"},\"image\":{\"@id\":\"https:\\\/\\\/suresms.com\\\/en\\\/#\\\/schema\\\/logo\\\/image\\\/\"},\"sameAs\":[\"https:\\\/\\\/www.facebook.com\\\/p\\\/SureSMS-100044607956149\\\/\"]}]}<\/script>\r\n<!-- \/ Yoast SEO Premium plugin. -->","yoast_head_json":{"title":"SMS-journaler - r\u00e4tt l\u00f6sning f\u00f6r myndigheter","description":"Journalisering av SMS utan att avs\u00e4ndaren eller mottagaren beh\u00f6ver g\u00f6ra n\u00e5got, ingen installation kr\u00e4vs i telefonen. Tekniskt korrekt l\u00f6sning.","robots":{"index":"index","follow":"follow","max-snippet":"max-snippet:-1","max-image-preview":"max-image-preview:large","max-video-preview":"max-video-preview:-1"},"canonical":"https:\/\/suresms.com\/sv\/funktioner\/journalforing-av-textmeddelanden\/","og_locale":"sv_SE","og_type":"article","og_title":"Journalisering af SMS","og_description":"Journalisering af SMS uden at afsender eller modtager skal g\u00f8re noget, kr\u00e6ver ikke installation p\u00e5 telefonen. Teknisk helt korrekte l\u00f8sning.","og_url":"https:\/\/suresms.com\/sv\/funktioner\/journalforing-av-textmeddelanden\/","article_publisher":"https:\/\/www.facebook.com\/p\/SureSMS-100044607956149\/","article_modified_time":"2024-12-18T13:12:44+00:00","og_image":[{"url":"https:\/\/suresms.com\/wp-content\/uploads\/2022\/11\/os0004_53-1.jpg","type":"","width":"","height":""}],"twitter_card":"summary_large_image","twitter_misc":{"Ber\u00e4knad l\u00e4stid":"11 minuter"},"schema":{"@context":"https:\/\/schema.org","@graph":[{"@type":"WebPage","@id":"https:\/\/suresms.com\/dk\/funktioner\/journalisering-af-sms\/","url":"https:\/\/suresms.com\/dk\/funktioner\/journalisering-af-sms\/","name":"SMS-journaler - r\u00e4tt l\u00f6sning f\u00f6r myndigheter","isPartOf":{"@id":"https:\/\/suresms.com\/en\/#website"},"primaryImageOfPage":{"@id":"https:\/\/suresms.com\/dk\/funktioner\/journalisering-af-sms\/#primaryimage"},"image":{"@id":"https:\/\/suresms.com\/dk\/funktioner\/journalisering-af-sms\/#primaryimage"},"thumbnailUrl":"https:\/\/suresms.com\/wp-content\/uploads\/2022\/11\/os0004_53-1.jpg","datePublished":"2022-11-08T09:17:17+00:00","dateModified":"2024-12-18T13:12:44+00:00","description":"Journalisering av SMS utan att avs\u00e4ndaren eller mottagaren beh\u00f6ver g\u00f6ra n\u00e5got, ingen installation kr\u00e4vs i telefonen. Tekniskt korrekt l\u00f6sning.","breadcrumb":{"@id":"https:\/\/suresms.com\/dk\/funktioner\/journalisering-af-sms\/#breadcrumb"},"inLanguage":"sv-SE","potentialAction":[{"@type":"ReadAction","target":["https:\/\/suresms.com\/dk\/funktioner\/journalisering-af-sms\/"]}]},{"@type":"ImageObject","inLanguage":"sv-SE","@id":"https:\/\/suresms.com\/dk\/funktioner\/journalisering-af-sms\/#primaryimage","url":"https:\/\/suresms.com\/wp-content\/uploads\/2022\/11\/os0004_53-1.jpg","contentUrl":"https:\/\/suresms.com\/wp-content\/uploads\/2022\/11\/os0004_53-1.jpg"},{"@type":"BreadcrumbList","@id":"https:\/\/suresms.com\/dk\/funktioner\/journalisering-af-sms\/#breadcrumb","itemListElement":[{"@type":"ListItem","position":1,"name":"Home","item":"https:\/\/suresms.com\/dk\/"},{"@type":"ListItem","position":2,"name":"Funktioner","item":"https:\/\/suresms.com\/dk\/funktioner\/"},{"@type":"ListItem","position":3,"name":"Journalisering af SMS"}]},{"@type":"WebSite","@id":"https:\/\/suresms.com\/en\/#website","url":"https:\/\/suresms.com\/en\/","name":"SureSMS","description":"Professionell SMS Gateway","publisher":{"@id":"https:\/\/suresms.com\/en\/#organization"},"potentialAction":[{"@type":"SearchAction","target":{"@type":"EntryPoint","urlTemplate":"https:\/\/suresms.com\/en\/?s={search_term_string}"},"query-input":{"@type":"PropertyValueSpecification","valueRequired":true,"valueName":"search_term_string"}}],"inLanguage":"sv-SE"},{"@type":"Organization","@id":"https:\/\/suresms.com\/en\/#organization","name":"SureSMS","url":"https:\/\/suresms.com\/en\/","logo":{"@type":"ImageObject","inLanguage":"sv-SE","@id":"https:\/\/suresms.com\/en\/#\/schema\/logo\/image\/","url":"https:\/\/suresms.com\/wp-content\/uploads\/2024\/11\/suresms-300x65-1.png","contentUrl":"https:\/\/suresms.com\/wp-content\/uploads\/2024\/11\/suresms-300x65-1.png","width":300,"height":65,"caption":"SureSMS"},"image":{"@id":"https:\/\/suresms.com\/en\/#\/schema\/logo\/image\/"},"sameAs":["https:\/\/www.facebook.com\/p\/SureSMS-100044607956149\/"]}]}},"_links":{"self":[{"href":"https:\/\/suresms.com\/sv\/wp-json\/wp\/v2\/pages\/16156","targetHints":{"allow":["GET"]}}],"collection":[{"href":"https:\/\/suresms.com\/sv\/wp-json\/wp\/v2\/pages"}],"about":[{"href":"https:\/\/suresms.com\/sv\/wp-json\/wp\/v2\/types\/page"}],"author":[{"embeddable":true,"href":"https:\/\/suresms.com\/sv\/wp-json\/wp\/v2\/users\/1"}],"replies":[{"embeddable":true,"href":"https:\/\/suresms.com\/sv\/wp-json\/wp\/v2\/comments?post=16156"}],"version-history":[{"count":4,"href":"https:\/\/suresms.com\/sv\/wp-json\/wp\/v2\/pages\/16156\/revisions"}],"predecessor-version":[{"id":19537,"href":"https:\/\/suresms.com\/sv\/wp-json\/wp\/v2\/pages\/16156\/revisions\/19537"}],"up":[{"embeddable":true,"href":"https:\/\/suresms.com\/sv\/wp-json\/wp\/v2\/pages\/958"}],"wp:attachment":[{"href":"https:\/\/suresms.com\/sv\/wp-json\/wp\/v2\/media?parent=16156"}],"wp:term":[{"taxonomy":"category","embeddable":true,"href":"https:\/\/suresms.com\/sv\/wp-json\/wp\/v2\/categories?post=16156"},{"taxonomy":"post_tag","embeddable":true,"href":"https:\/\/suresms.com\/sv\/wp-json\/wp\/v2\/tags?post=16156"}],"curies":[{"name":"wp","href":"https:\/\/api.w.org\/{rel}","templated":true}]}}