{"id":15792,"date":"2022-08-10T11:53:47","date_gmt":"2022-08-10T09:53:47","guid":{"rendered":"https:\/\/www.suresms.com\/dk\/?page_id=15792"},"modified":"2025-05-22T10:50:22","modified_gmt":"2025-05-22T10:50:22","slug":"integration-azure-aktiv-direktor-annons","status":"publish","type":"page","link":"https:\/\/suresms.com\/sv\/integrationer\/booking-ldap-2fa\/integration-azure-active-directory-ad\/","title":{"rendered":"SMS-integration till Azure Active Directory (AD)"},"content":{"rendered":"<!-- Flexy Breadcrumb -->\r\n\t\t\t<div class=\"fbc fbc-page\">\r\n\r\n\t\t\t\t<!-- Breadcrumb wrapper -->\r\n\t\t\t\t<div class=\"fbc-wrap\">\r\n\r\n\t\t\t\t\t<!-- Ordered list-->\r\n\t\t\t\t\t<ol class=\"fbc-items\" itemscope itemtype=\"https:\/\/schema.org\/BreadcrumbList\">\r\n\t\t\t\t\t\t            <li itemprop=\"itemListElement\" itemscope itemtype=\"https:\/\/schema.org\/ListItem\">\r\n                <span itemprop=\"name\">\r\n                    <!-- Home Link -->\r\n                    <a itemprop=\"item\" href=\"https:\/\/suresms.com\/sv\/\">\r\n                    \r\n                                                    <i class=\"fa fa-home\" aria-hidden=\"true\"><\/i>Hem                    <\/a>\r\n                <\/span>\r\n                <meta itemprop=\"position\" content=\"1\" \/><!-- Meta Position-->\r\n             <\/li><li><span class=\"fbc-separator\">\/<\/span><\/li><li class=\"active\" itemprop=\"itemListElement\" itemscope itemtype=\"https:\/\/schema.org\/ListItem\"><span itemprop=\"name\" title=\"SMS-integration till Azure Active Directory (AD)\">SMS-integration f\u00f6r Azure...<\/span><meta itemprop=\"position\" content=\"2\" \/><\/li>\t\t\t\t\t<\/ol>\r\n\t\t\t\t\t<div class=\"clearfix\"><\/div>\r\n\t\t\t\t<\/div>\r\n\t\t\t<\/div>\r\n\t\t\t\n\t\t<h1>SMS-integration till AD (Microsoft Entra ID - Azure Active Directory)<\/h1>\t\n\t\t\t\t<img loading=\"lazy\" decoding=\"async\" src=\"https:\/\/suresms.com\/wp-content\/uploads\/2022\/08\/Azure-AD-2-1.png\" alt=\"Azure AD\" itemprop=\"image\" height=\"254\" width=\"700\" title=\"Azure AD\" onerror=\"this.style.display='none'\"  \/>\n<h2>\n\t\tVad \u00e4r Entra ID, \u00e4ven k\u00e4nt som Active Directory?\n\t<\/h2>\n\t<p>Microsoft Entra ID, tidigare k\u00e4nt som Azure Active Directory (Azure AD), \u00e4r en molnbaserad tj\u00e4nst f\u00f6r identitets- och \u00e5tkomsthantering fr\u00e5n Microsoft. Denna tj\u00e4nst hj\u00e4lper organisationer att hantera och s\u00e4kra anv\u00e4ndar\u00e5tkomst till applikationer och data \u00f6ver en modern hybrid IT-infrastruktur. Genom att anv\u00e4nda Microsoft Entra ID kan organisationer erbjuda single sign-on (SSO) och multifaktorautentisering f\u00f6r att skydda anv\u00e4ndaridentiteter och f\u00f6rb\u00e4ttra s\u00e4kerheten. Integrationen med Microsoft Entra ID och Active Directory (AD) g\u00f6r det m\u00f6jligt att synkronisera och hantera identiteter centralt, vilket f\u00f6renklar anv\u00e4ndarhantering och \u00e5tkomstkontroll. Detta \u00e4r viktigt f\u00f6r organisationer som vill ha en effektiv och s\u00e4ker \u00e5tkomsthantering.<\/p>\n\t\t<h2>SMS med Microsoft Entra ID - Azure Active Directory<\/h2><p>Har du f\u00f6r n\u00e4rvarande en stor anv\u00e4ndardatabas i din <a href=\"https:\/\/azure.microsoft.com\/da-dk\/services\/active-directory\/\">Azure Active Directory<\/a> kan du utnyttja integrationen mellan Azure Active Directory (h\u00e4danefter AD) och SureSMS.<\/p>\n<p>Med integrationen kan du se till att alla mottagare automatiskt synkroniseras med anv\u00e4ndarna i ditt AD. Det inneb\u00e4r att om en anv\u00e4ndare till exempel raderas i ditt AD f\u00f6r att han eller hon l\u00e4mnar f\u00f6retaget, tas han eller hon automatiskt bort fr\u00e5n anv\u00e4ndarlistan i SureSMS. N\u00e4r du v\u00e4l har st\u00e4llt in det beh\u00f6ver du inte t\u00e4nka p\u00e5 det l\u00e4ngre. Det inneb\u00e4r ocks\u00e5 att n\u00e4r du l\u00e4gger till anv\u00e4ndare i ditt AD, l\u00e4ggs de automatiskt till i SureSMS anv\u00e4ndarlista i dashboarden.<\/p>\n<p>&nbsp;<\/p>\n\t\t<h2>Var uppm\u00e4rksam p\u00e5 ....<\/h2><p>Det finns n\u00e5gra saker som du b\u00f6r k\u00e4nna till innan du b\u00f6rjar skapa en SMS AD-integration med SureSMS.<\/p>\n<h4>GDPR<\/h4>\n<p>Den f\u00f6rsta \u00e4r att SureSMS m\u00e5ste ha l\u00e4s\u00e5tkomst till ditt AD. Vi beh\u00f6ver l\u00e4s\u00e5tkomst till personer, grupper och relationen mellan dem. Detta inneb\u00e4r att vi nu b\u00f6rjar behandla data f\u00f6r dig och d\u00e4rmed, i<a href=\"https:\/\/www.datatilsynet.dk\/hvad-siger-reglerne\">uppfylla kraven i GDPR<\/a>har ett personuppgiftsbitr\u00e4desavtal.<\/p>\n<p><em>Du m\u00e5ste uppr\u00e4tta ett databehandlingsavtal med SureSMS f\u00f6r att komma ig\u00e5ng.<\/em><\/p>\n<h4>Telefonnummer<\/h4>\n<p>De telefonnummer som vi beh\u00f6ver skicka till m\u00e5ste finnas i din AD. F\u00f6r att vi ska kunna skicka SMS till en person m\u00e5ste vi k\u00e4nna till deras telefonnummer. Om du inte har telefonnummer i din AD m\u00e5ste du d\u00e4rf\u00f6r antingen skaffa det eller inte g\u00f6ra en integration.<\/p>\n<p>Vi l\u00e4ser telefonnumren p\u00e5 s\u00e5 s\u00e4tt att vi f\u00f6rst l\u00e4ser om det finns ett nummer i f\u00e4ltet \"Phonenumber\". Om det inte g\u00f6r det l\u00e4ser vi in \"Company phonenumbers\". Den sista \u00e4r en lista och h\u00e4r tar vi det f\u00f6rsta numret vi st\u00f6ter p\u00e5.<\/p>\n<h4>Radering av kontakter<\/h4>\n<p>Integrationen \u00e4r en \"env\u00e4gs\"-integration. Det inneb\u00e4r att vi bara l\u00e4ser fr\u00e5n AD. Vi skriver aldrig till AD. S\u00e5 om du till exempel tar bort en person i SureSMS kommer den bara tillbaka om den fortfarande finns i AD. Det \u00e4r alltid AD som har r\u00e4tt data.<\/p>\n\t\t<h3>Priset f\u00f6r AD-integration<\/h3><p>Priset f\u00f6r en SMS AD-integration \u00e4r 99 euro per m\u00e5nad.<\/p>\n<p>&nbsp;<\/p>\n<h2>\n\t\tS\u00e5 h\u00e4r st\u00e4ller du in din AD\/Entra ID-integration \n\t<\/h2>\n\t<p>I detta avsnitt beskrivs f\u00f6rst hur du konfigurerar AzureAD s\u00e5 att SureSMS kan l\u00e4sa fr\u00e5n den. D\u00e4refter beskrivs hur du konfigurerar SureSMS f\u00f6r att l\u00e4sa och skapa kontakter i SureSMS adressbok.<\/p>\n<h3>\n\t\tKonfigurera Azure AD\n\t<\/h3>\n\t<ol> \t\n<li>Logga in p\u00e5 din Azure Dashboard (<a href=\"https:\/\/portal.azure.com\/\" target=\"_blank\" rel=\"noopener\">https:\/\/portal.azure.com<\/a>)<\/li>\n\n<li>V\u00e4lj Microsoft Entra ID<\/li>\n<\/ol>\n\t\t\t\t<img loading=\"lazy\" decoding=\"async\" src=\"https:\/\/suresms.com\/wp-content\/uploads\/2024\/05\/MIcrosoft-Entra-ID-Azure-1.png\" alt=\"MIcrosoft Entra ID\" itemprop=\"image\" height=\"490\" width=\"2194\" title=\"MIcrosoft Entra ID Azure\" onerror=\"this.style.display='none'\"  \/>\n\t<p>3) Klicka p\u00e5 \"App registration\". Om du inte redan har en applikation registrerad klickar du p\u00e5 \"New registration\" och ger den ett namn och en kontotyp. Namnet kan t.ex. vara SureSMS.<\/p>\n<p><img decoding=\"async\" src=\"https:\/\/manual.suresms.com\/wp-content\/uploads\/2022\/08\/Azure-Active-Directory-02-1024x546.png\" alt=\"Azure-Aktiv-Direktory-02\" \/><\/p>\n<p>4. Spara nu Application (client) Id och Directory (tenant) Id.<\/p>\n<p><img decoding=\"async\" src=\"https:\/\/manual.suresms.com\/wp-content\/uploads\/2022\/08\/Azure-Active-Directory-03-1024x478.png\" alt=\"Azure-Aktiv-Directory-03\" \/><\/p>\n<p>&nbsp;<\/p>\n<p>5. V\u00e4lj \"Certificates &amp; Secrets\" i den v\u00e4nstra kolumnen och skapa en ny klienthemlighet f\u00f6r din applikation.<br \/><img decoding=\"async\" src=\"https:\/\/manual.suresms.com\/wp-content\/uploads\/2022\/08\/Azure-Active-Directory-04.png\" alt=\"Azure-Aktiv-Directory-04\" \/><\/p>\n<p>&nbsp;<\/p>\n<p>Kom ih\u00e5g att notera \"v\u00e4rdet\" n\u00e4r du skapar. Detta v\u00e4rde kan bara l\u00e4sas direkt efter att du har skapat det. Det g\u00e5r inte att \u00e5terskapa. V\u00e4rdet m\u00e5ste anv\u00e4ndas i f\u00e4ltet \"Client secret\" i SureSMS-integrationen.<\/p>\n<p>&nbsp;<\/p>\n<p>6. F\u00f6r att ge den nya appen API-\u00e5tkomst klickar du p\u00e5 \"API Permissions\" i den v\u00e4nstra kolumnen. Klicka sedan p\u00e5 \"L\u00e4gg till en beh\u00f6righet\".<\/p>\n<p><img decoding=\"async\" src=\"https:\/\/manual.suresms.com\/wp-content\/uploads\/2022\/08\/Azure-Active-Directory-05-1024x424.png\" alt=\"Azure-Aktiv-Directory-05\" \/><\/p>\n<p>7. V\u00e4lj \"Microsoft Graph\" som typ av beh\u00f6righet och klicka p\u00e5 \"Application Permissions\". F\u00f6ljande beh\u00f6righeter l\u00e4ggs sedan till:<\/p>\n<p>Anv\u00e4ndare.l\u00e4s.alla<br \/>Group.Read.All<br \/>Gruppmedlem.l\u00e4s.alla<\/p>\n<p>8. Klicka sedan p\u00e5 \"Ge administrat\u00f6rsbeh\u00f6righet f\u00f6r standardkatalogen\" som finns precis till h\u00f6ger om \"L\u00e4gg till en beh\u00f6righet\"<\/p>\n<p>&nbsp;<\/p>\n<p><img decoding=\"async\" src=\"https:\/\/manual.suresms.com\/wp-content\/uploads\/2022\/08\/Azure-Active-Directory-06-1024x549.png\" alt=\"Azure-Aktiv-Directory-06\" \/><\/p>\n<p>Du har nu slutf\u00f6rt installationen i Azure Active Directory.<\/p>\n<h3>\n\t\tKonfigurera SureSMS\n\t<\/h3>\n\t<ol>\n<li>\n<ol>\n<li>Logga in p\u00e5 din instrumentpanel f\u00f6r SureSMS (<a href=\"https:\/\/app.suresms.com\/\" target=\"_blank\" rel=\"noopener\">https:\/\/app.suresms.com<\/a>)<\/li>\n<\/ol>\n<\/li>\n<\/ol>\n<p>&nbsp;<\/p>\n<ol>\n<li>\n<ol>\n<li>Klicka p\u00e5 Integrationer p\u00e5 v\u00e4nster sida<\/li>\n<\/ol>\n<\/li>\n<\/ol>\n<p>&nbsp;<\/p>\n<ol>\n<li>\n<ol>\n<li>Klicka p\u00e5 undermenyn \"Inst\u00e4llningar\"<\/li>\n<\/ol>\n<\/li>\n<\/ol>\n<p>&nbsp;<\/p>\n<ol>\n<li>\n<ol>\n<li>Klicka p\u00e5 fliken \"Azure AD\" l\u00e4ngst upp p\u00e5 sk\u00e4rmen<br \/><img decoding=\"async\" src=\"https:\/\/manual.suresms.com\/wp-content\/uploads\/2022\/08\/Azure-Active-Directory-SureSMS-01-1024x564.png\" alt=\"Azure-Aktiv-Direktory-SureSMS-01\" \/><\/li>\n<\/ol>\n<\/li>\n<\/ol>\n<p>&nbsp;<\/p>\n<ol>\n<li>\n<ol>\n<li>\n<p>Fyll i informationen enligt f\u00f6ljande<\/p>\n<p>Klient-ID: Applikationens (klientens) ID fr\u00e5n Azure<\/p>\n<p>Klienthemlighet : \"V\u00e4rde\" fr\u00e5n Klienthemligheter som finns i steg 6 i Azure Active Directory-installationen<\/p>\n<p>&nbsp;<\/p>\nHyresg\u00e4stens id: Directory (hyresg\u00e4st) ID\n<p>&nbsp;<\/p>\n<p>&nbsp;<\/p>\n<p>&nbsp;<\/p>\n<p>&nbsp;<\/p>\n&nbsp;\n<p>&nbsp;<\/p>\n<p>&nbsp;<\/p>\n<p>&nbsp;<\/p>\n<p>&nbsp;<\/p>\n<p>&nbsp;<\/p>\n<p>&nbsp;<\/p>\n<p>&nbsp;<\/p>\n<p>&nbsp;<\/p>\n<p>6. N\u00e4r du klickar p\u00e5 \"Spara\" kommer vi att kontrollera om vi kan komma \u00e5t Microsoft Azure Active Directory.<\/p>\n<p>Tryck nu p\u00e5 \"Synkronisera nu\" s\u00e5 kommer SureSMS att ladda ner alla anv\u00e4ndare fr\u00e5n AD.<\/p>\n<p>&nbsp;<\/p>\n<p>&nbsp;<\/p>\n<\/li>\n<\/ol>\n<\/li>\n<\/ol>\n<p>&nbsp;<\/p>\n\n\t\t<h3>Kom ig\u00e5ng med ditt arbete<\/h3><p>Om du vill komma ig\u00e5ng med AD-integration, v\u00e4nligen kontakta oss genom att fylla i detta formul\u00e4r s\u00e5 kontaktar vi dig.<\/p>\n\n<div class=\"wpcf7 no-js\" id=\"wpcf7-f13762-o1\" lang=\"en-GB\" dir=\"ltr\" data-wpcf7-id=\"13762\">\n<div class=\"screen-reader-response\"><p role=\"status\" aria-live=\"polite\" aria-atomic=\"true\"><\/p> <ul><\/ul><\/div>\n<form action=\"\/sv\/wp-json\/wp\/v2\/pages\/15792#wpcf7-f13762-o1\" method=\"post\" class=\"wpcf7-form init\" aria-label=\"Kontaktformul\u00e4r\" novalidate=\"novalidate\" data-status=\"init\" data-trp-original-action=\"\/sv\/wp-json\/wp\/v2\/pages\/15792#wpcf7-f13762-o1\">\n<fieldset class=\"hidden-fields-container\"><input type=\"hidden\" name=\"_wpcf7\" value=\"13762\" \/><input type=\"hidden\" name=\"_wpcf7_version\" value=\"6.1.5\" \/><input type=\"hidden\" name=\"_wpcf7_locale\" value=\"en_GB\" \/><input type=\"hidden\" name=\"_wpcf7_unit_tag\" value=\"wpcf7-f13762-o1\" \/><input type=\"hidden\" name=\"_wpcf7_container_post\" value=\"0\" \/><input type=\"hidden\" name=\"_wpcf7_posted_data_hash\" value=\"\" \/>\n<\/fieldset>\n<p><label><span class=\"wpcf7-form-control-wrap\" data-name=\"your-name\"><input size=\"40\" maxlength=\"400\" class=\"wpcf7-form-control wpcf7-text wpcf7-validates-as-required wpctf7-my-custom-class\" aria-required=\"true\" aria-invalid=\"false\" placeholder=\"Ditt namn\" value=\"\" type=\"text\" name=\"your-name\" \/><\/span><\/label>\n<\/p>\n<p><span class=\"wpcf7-form-control-wrap\" data-name=\"email\"><input size=\"40\" maxlength=\"400\" class=\"wpcf7-form-control wpcf7-email wpcf7-validates-as-required wpcf7-text wpcf7-validates-as-email wpctf7-my-custom-class\" aria-required=\"true\" aria-invalid=\"false\" placeholder=\"E-post*.\" value=\"\" type=\"email\" name=\"email\" \/><\/span>\n<\/p>\n<p><div class=\"cf7-cf-turnstile\" style=\"margin-top: 0px; margin-bottom: -15px;\"> <div id=\"cf-turnstile-cf7-1942514093\" class=\"cf-turnstile\" data-sitekey=\"0x4AAAAAAB8YGArd9ML-HbMW\" data-theme=\"light\" data-language=\"auto\" data-size=\"normal\" data-retry=\"auto\" data-retry-interval=\"1000\" data-refresh-expired=\"auto\" data-action=\"contact-form-7\" data-appearance=\"always\"><\/div> <script>document.addEventListener(\"DOMContentLoaded\", function() { setTimeout(function(){ var e=document.getElementById(\"cf-turnstile-cf7-1942514093\"); e&&!e.innerHTML.trim()&&(turnstile.remove(\"#cf-turnstile-cf7-1942514093\"), turnstile.render(\"#cf-turnstile-cf7-1942514093\", {sitekey:\"0x4AAAAAAB8YGArd9ML-HbMW\"})); }, 100); });<\/script> <br class=\"cf-turnstile-br cf-turnstile-br-cf7-1942514093\"> <style>#cf-turnstile-cf7-1942514093 { margin-left: -15px; }<\/style> <script>document.addEventListener(\"DOMContentLoaded\",function(){document.querySelectorAll('.wpcf7-form').forEach(function(e){e.addEventListener('submit',function(){if(document.getElementById('cf-turnstile-cf7-1942514093')){setTimeout(function(){turnstile.reset('#cf-turnstile-cf7-1942514093');},1000)}})})});<\/script> <\/div><br\/><input class=\"wpcf7-form-control wpcf7-submit has-spinner\" type=\"submit\" value=\"Best\u00e4ll v\u00e4gledning\" \/>\n<\/p><div class=\"wpcf7-response-output\" aria-hidden=\"true\"><\/div>\n<input type=\"hidden\" name=\"trp-form-language\" value=\"sv\"\/><\/form>\n<\/div>","protected":false},"excerpt":{"rendered":"<p>SMS-integration f\u00f6r AD (Microsoft Entra ID - Azure Active Directory) Vad \u00e4r Entra ID, \u00e4ven k\u00e4nt som Active Directory? Microsoft Entra ID, tidigare k\u00e4nt som Azure Active Directory (Azure AD), \u00e4r en molnbaserad identitets- och \u00e5tkomsthanteringstj\u00e4nst fr\u00e5n Microsoft. Denna tj\u00e4nst hj\u00e4lper organisationer att hantera och s\u00e4kra anv\u00e4ndar\u00e5tkomst till applikationer och data \u00f6ver hela ... <a title=\"SMS-integration till Azure Active Directory (AD)\" class=\"read-more\" href=\"https:\/\/suresms.com\/sv\/integrationer\/booking-ldap-2fa\/integration-azure-active-directory-ad\/\" aria-label=\"L\u00e4s mer om SMS-integration till Azure Active Directory (AD)\">L\u00e4s mer om det<\/a><\/p>","protected":false},"author":1,"featured_media":0,"parent":19541,"menu_order":1,"comment_status":"closed","ping_status":"closed","template":"","meta":{"_fl_builder_enabled":"1","_fl_builder_data":null,"_fl_builder_draft":null,"_fl_builder_data_settings":null,"_fl_builder_css":"","_fl_builder_css_version":"","_fl_builder_js":"","footnotes":""},"categories":[],"tags":[],"class_list":["post-15792","page","type-page","status-publish"],"yoast_head":"<!-- This site is optimized with the Yoast SEO Premium plugin v27.3 (Yoast SEO v27.3) - https:\/\/yoast.com\/product\/yoast-seo-premium-wordpress\/ -->\r\n<title>SMS integration til Azure Active Directory (AD) - dyb integration<\/title>\r\n<meta name=\"description\" content=\"SMS AD Integration til Azure Active Directory. Fuldt integreret SMS l\u00f8sning i AD til beredskabs, alarmering, medarbejdere og mere\" \/>\r\n<meta name=\"robots\" content=\"index, follow, max-snippet:-1, max-image-preview:large, max-video-preview:-1\" \/>\r\n<link rel=\"canonical\" href=\"https:\/\/suresms.com\/sv\/integrationer\/bokning-av-system-for-tillfallig-personaluthyrning\/integration-azure-aktiv-direktor-annons\/\" \/>\r\n<meta property=\"og:locale\" content=\"sv_SE\" \/>\r\n<meta property=\"og:type\" content=\"article\" \/>\r\n<meta property=\"og:title\" content=\"SMS integration til Azure Active Directory (AD)\" \/>\r\n<meta property=\"og:description\" content=\"SMS AD Integration til Azure Active Directory. Fuldt integreret SMS l\u00f8sning i AD til beredskabs, alarmering, medarbejdere og mere\" \/>\r\n<meta property=\"og:url\" content=\"https:\/\/suresms.com\/sv\/integrationer\/bokning-av-system-for-tillfallig-personaluthyrning\/integration-azure-aktiv-direktor-annons\/\" \/>\r\n<meta property=\"article:publisher\" content=\"https:\/\/www.facebook.com\/p\/SureSMS-100044607956149\/\" \/>\r\n<meta property=\"article:modified_time\" content=\"2025-05-22T10:50:22+00:00\" \/>\r\n<meta property=\"og:image\" content=\"https:\/\/suresms.com\/wp-content\/uploads\/2022\/08\/Azure-AD-2-1.png\" \/>\r\n<meta name=\"twitter:card\" content=\"summary_large_image\" \/>\r\n<meta name=\"twitter:label1\" content=\"Ber\u00e4knad l\u00e4stid\" \/>\n\t<meta name=\"twitter:data1\" content=\"4 minuter\" \/>\r\n<script type=\"application\/ld+json\" class=\"yoast-schema-graph\">{\"@context\":\"https:\\\/\\\/schema.org\",\"@graph\":[{\"@type\":\"WebPage\",\"@id\":\"https:\\\/\\\/suresms.com\\\/dk\\\/integrationer\\\/booking-ldap-2fa\\\/integration-azure-active-directory-ad\\\/\",\"url\":\"https:\\\/\\\/suresms.com\\\/dk\\\/integrationer\\\/booking-ldap-2fa\\\/integration-azure-active-directory-ad\\\/\",\"name\":\"SMS integration til Azure Active Directory (AD) - dyb integration\",\"isPartOf\":{\"@id\":\"https:\\\/\\\/suresms.com\\\/en\\\/#website\"},\"primaryImageOfPage\":{\"@id\":\"https:\\\/\\\/suresms.com\\\/dk\\\/integrationer\\\/booking-ldap-2fa\\\/integration-azure-active-directory-ad\\\/#primaryimage\"},\"image\":{\"@id\":\"https:\\\/\\\/suresms.com\\\/dk\\\/integrationer\\\/booking-ldap-2fa\\\/integration-azure-active-directory-ad\\\/#primaryimage\"},\"thumbnailUrl\":\"https:\\\/\\\/suresms.com\\\/wp-content\\\/uploads\\\/2022\\\/08\\\/Azure-AD-2-1.png\",\"datePublished\":\"2022-08-10T09:53:47+00:00\",\"dateModified\":\"2025-05-22T10:50:22+00:00\",\"description\":\"SMS AD Integration til Azure Active Directory. Fuldt integreret SMS l\u00f8sning i AD til beredskabs, alarmering, medarbejdere og mere\",\"breadcrumb\":{\"@id\":\"https:\\\/\\\/suresms.com\\\/dk\\\/integrationer\\\/booking-ldap-2fa\\\/integration-azure-active-directory-ad\\\/#breadcrumb\"},\"inLanguage\":\"sv-SE\",\"potentialAction\":[{\"@type\":\"ReadAction\",\"target\":[\"https:\\\/\\\/suresms.com\\\/dk\\\/integrationer\\\/booking-ldap-2fa\\\/integration-azure-active-directory-ad\\\/\"]}]},{\"@type\":\"ImageObject\",\"inLanguage\":\"sv-SE\",\"@id\":\"https:\\\/\\\/suresms.com\\\/dk\\\/integrationer\\\/booking-ldap-2fa\\\/integration-azure-active-directory-ad\\\/#primaryimage\",\"url\":\"https:\\\/\\\/suresms.com\\\/wp-content\\\/uploads\\\/2022\\\/08\\\/Azure-AD-2-1.png\",\"contentUrl\":\"https:\\\/\\\/suresms.com\\\/wp-content\\\/uploads\\\/2022\\\/08\\\/Azure-AD-2-1.png\"},{\"@type\":\"BreadcrumbList\",\"@id\":\"https:\\\/\\\/suresms.com\\\/dk\\\/integrationer\\\/booking-ldap-2fa\\\/integration-azure-active-directory-ad\\\/#breadcrumb\",\"itemListElement\":[{\"@type\":\"ListItem\",\"position\":1,\"name\":\"Home\",\"item\":\"https:\\\/\\\/suresms.com\\\/dk\\\/\"},{\"@type\":\"ListItem\",\"position\":2,\"name\":\"Integrationer\",\"item\":\"https:\\\/\\\/suresms.com\\\/dk\\\/integrationer\\\/\"},{\"@type\":\"ListItem\",\"position\":3,\"name\":\"SMS integration til LDAP og brugerdatabaser\",\"item\":\"https:\\\/\\\/suresms.com\\\/dk\\\/integrationer\\\/booking-ldap-2fa\\\/\"},{\"@type\":\"ListItem\",\"position\":4,\"name\":\"SMS integration til Azure Active Directory (AD)\"}]},{\"@type\":\"WebSite\",\"@id\":\"https:\\\/\\\/suresms.com\\\/en\\\/#website\",\"url\":\"https:\\\/\\\/suresms.com\\\/en\\\/\",\"name\":\"SureSMS\",\"description\":\"Professionel SMS Gateway\",\"publisher\":{\"@id\":\"https:\\\/\\\/suresms.com\\\/en\\\/#organization\"},\"potentialAction\":[{\"@type\":\"SearchAction\",\"target\":{\"@type\":\"EntryPoint\",\"urlTemplate\":\"https:\\\/\\\/suresms.com\\\/en\\\/?s={search_term_string}\"},\"query-input\":{\"@type\":\"PropertyValueSpecification\",\"valueRequired\":true,\"valueName\":\"search_term_string\"}}],\"inLanguage\":\"sv-SE\"},{\"@type\":\"Organization\",\"@id\":\"https:\\\/\\\/suresms.com\\\/en\\\/#organization\",\"name\":\"SureSMS\",\"url\":\"https:\\\/\\\/suresms.com\\\/en\\\/\",\"logo\":{\"@type\":\"ImageObject\",\"inLanguage\":\"sv-SE\",\"@id\":\"https:\\\/\\\/suresms.com\\\/en\\\/#\\\/schema\\\/logo\\\/image\\\/\",\"url\":\"https:\\\/\\\/suresms.com\\\/wp-content\\\/uploads\\\/2024\\\/11\\\/suresms-300x65-1.png\",\"contentUrl\":\"https:\\\/\\\/suresms.com\\\/wp-content\\\/uploads\\\/2024\\\/11\\\/suresms-300x65-1.png\",\"width\":300,\"height\":65,\"caption\":\"SureSMS\"},\"image\":{\"@id\":\"https:\\\/\\\/suresms.com\\\/en\\\/#\\\/schema\\\/logo\\\/image\\\/\"},\"sameAs\":[\"https:\\\/\\\/www.facebook.com\\\/p\\\/SureSMS-100044607956149\\\/\"]}]}<\/script>\r\n<!-- \/ Yoast SEO Premium plugin. -->","yoast_head_json":{"title":"SMS-integration till Azure Active Directory (AD) - djup integration","description":"SMS AD-integration f\u00f6r Azure Active Directory. Fullt integrerad SMS-l\u00f6sning i AD f\u00f6r n\u00f6dsituationer, varningar, anst\u00e4llda och mycket mer","robots":{"index":"index","follow":"follow","max-snippet":"max-snippet:-1","max-image-preview":"max-image-preview:large","max-video-preview":"max-video-preview:-1"},"canonical":"https:\/\/suresms.com\/sv\/integrationer\/bokning-av-system-for-tillfallig-personaluthyrning\/integration-azure-aktiv-direktor-annons\/","og_locale":"sv_SE","og_type":"article","og_title":"SMS integration til Azure Active Directory (AD)","og_description":"SMS AD Integration til Azure Active Directory. Fuldt integreret SMS l\u00f8sning i AD til beredskabs, alarmering, medarbejdere og mere","og_url":"https:\/\/suresms.com\/sv\/integrationer\/bokning-av-system-for-tillfallig-personaluthyrning\/integration-azure-aktiv-direktor-annons\/","article_publisher":"https:\/\/www.facebook.com\/p\/SureSMS-100044607956149\/","article_modified_time":"2025-05-22T10:50:22+00:00","og_image":[{"url":"https:\/\/suresms.com\/wp-content\/uploads\/2022\/08\/Azure-AD-2-1.png","type":"","width":"","height":""}],"twitter_card":"summary_large_image","twitter_misc":{"Ber\u00e4knad l\u00e4stid":"4 minuter"},"schema":{"@context":"https:\/\/schema.org","@graph":[{"@type":"WebPage","@id":"https:\/\/suresms.com\/dk\/integrationer\/booking-ldap-2fa\/integration-azure-active-directory-ad\/","url":"https:\/\/suresms.com\/dk\/integrationer\/booking-ldap-2fa\/integration-azure-active-directory-ad\/","name":"SMS-integration till Azure Active Directory (AD) - djup integration","isPartOf":{"@id":"https:\/\/suresms.com\/en\/#website"},"primaryImageOfPage":{"@id":"https:\/\/suresms.com\/dk\/integrationer\/booking-ldap-2fa\/integration-azure-active-directory-ad\/#primaryimage"},"image":{"@id":"https:\/\/suresms.com\/dk\/integrationer\/booking-ldap-2fa\/integration-azure-active-directory-ad\/#primaryimage"},"thumbnailUrl":"https:\/\/suresms.com\/wp-content\/uploads\/2022\/08\/Azure-AD-2-1.png","datePublished":"2022-08-10T09:53:47+00:00","dateModified":"2025-05-22T10:50:22+00:00","description":"SMS AD-integration f\u00f6r Azure Active Directory. Fullt integrerad SMS-l\u00f6sning i AD f\u00f6r n\u00f6dsituationer, varningar, anst\u00e4llda och mycket mer","breadcrumb":{"@id":"https:\/\/suresms.com\/dk\/integrationer\/booking-ldap-2fa\/integration-azure-active-directory-ad\/#breadcrumb"},"inLanguage":"sv-SE","potentialAction":[{"@type":"ReadAction","target":["https:\/\/suresms.com\/dk\/integrationer\/booking-ldap-2fa\/integration-azure-active-directory-ad\/"]}]},{"@type":"ImageObject","inLanguage":"sv-SE","@id":"https:\/\/suresms.com\/dk\/integrationer\/booking-ldap-2fa\/integration-azure-active-directory-ad\/#primaryimage","url":"https:\/\/suresms.com\/wp-content\/uploads\/2022\/08\/Azure-AD-2-1.png","contentUrl":"https:\/\/suresms.com\/wp-content\/uploads\/2022\/08\/Azure-AD-2-1.png"},{"@type":"BreadcrumbList","@id":"https:\/\/suresms.com\/dk\/integrationer\/booking-ldap-2fa\/integration-azure-active-directory-ad\/#breadcrumb","itemListElement":[{"@type":"ListItem","position":1,"name":"Home","item":"https:\/\/suresms.com\/dk\/"},{"@type":"ListItem","position":2,"name":"Integrationer","item":"https:\/\/suresms.com\/dk\/integrationer\/"},{"@type":"ListItem","position":3,"name":"SMS integration til LDAP og brugerdatabaser","item":"https:\/\/suresms.com\/dk\/integrationer\/booking-ldap-2fa\/"},{"@type":"ListItem","position":4,"name":"SMS integration til Azure Active Directory (AD)"}]},{"@type":"WebSite","@id":"https:\/\/suresms.com\/en\/#website","url":"https:\/\/suresms.com\/en\/","name":"SureSMS","description":"Professionell SMS Gateway","publisher":{"@id":"https:\/\/suresms.com\/en\/#organization"},"potentialAction":[{"@type":"SearchAction","target":{"@type":"EntryPoint","urlTemplate":"https:\/\/suresms.com\/en\/?s={search_term_string}"},"query-input":{"@type":"PropertyValueSpecification","valueRequired":true,"valueName":"search_term_string"}}],"inLanguage":"sv-SE"},{"@type":"Organization","@id":"https:\/\/suresms.com\/en\/#organization","name":"SureSMS","url":"https:\/\/suresms.com\/en\/","logo":{"@type":"ImageObject","inLanguage":"sv-SE","@id":"https:\/\/suresms.com\/en\/#\/schema\/logo\/image\/","url":"https:\/\/suresms.com\/wp-content\/uploads\/2024\/11\/suresms-300x65-1.png","contentUrl":"https:\/\/suresms.com\/wp-content\/uploads\/2024\/11\/suresms-300x65-1.png","width":300,"height":65,"caption":"SureSMS"},"image":{"@id":"https:\/\/suresms.com\/en\/#\/schema\/logo\/image\/"},"sameAs":["https:\/\/www.facebook.com\/p\/SureSMS-100044607956149\/"]}]}},"_links":{"self":[{"href":"https:\/\/suresms.com\/sv\/wp-json\/wp\/v2\/pages\/15792","targetHints":{"allow":["GET"]}}],"collection":[{"href":"https:\/\/suresms.com\/sv\/wp-json\/wp\/v2\/pages"}],"about":[{"href":"https:\/\/suresms.com\/sv\/wp-json\/wp\/v2\/types\/page"}],"author":[{"embeddable":true,"href":"https:\/\/suresms.com\/sv\/wp-json\/wp\/v2\/users\/1"}],"replies":[{"embeddable":true,"href":"https:\/\/suresms.com\/sv\/wp-json\/wp\/v2\/comments?post=15792"}],"version-history":[{"count":9,"href":"https:\/\/suresms.com\/sv\/wp-json\/wp\/v2\/pages\/15792\/revisions"}],"predecessor-version":[{"id":23415,"href":"https:\/\/suresms.com\/sv\/wp-json\/wp\/v2\/pages\/15792\/revisions\/23415"}],"up":[{"embeddable":true,"href":"https:\/\/suresms.com\/sv\/wp-json\/wp\/v2\/pages\/19541"}],"wp:attachment":[{"href":"https:\/\/suresms.com\/sv\/wp-json\/wp\/v2\/media?parent=15792"}],"wp:term":[{"taxonomy":"category","embeddable":true,"href":"https:\/\/suresms.com\/sv\/wp-json\/wp\/v2\/categories?post=15792"},{"taxonomy":"post_tag","embeddable":true,"href":"https:\/\/suresms.com\/sv\/wp-json\/wp\/v2\/tags?post=15792"}],"curies":[{"name":"wp","href":"https:\/\/api.w.org\/{rel}","templated":true}]}}