{"id":15657,"date":"2022-06-29T23:49:16","date_gmt":"2022-06-29T21:49:16","guid":{"rendered":"https:\/\/www.suresms.com\/dk\/?page_id=15657"},"modified":"2025-11-06T05:51:06","modified_gmt":"2025-11-06T05:51:06","slug":"skicka-sms-fraan-pc","status":"publish","type":"page","link":"https:\/\/suresms.com\/sv\/funktioner\/send-sms-fra-pc\/","title":{"rendered":"Skicka SMS fr\u00e5n PC"},"content":{"rendered":"<!-- Flexy Breadcrumb -->\r\n\t\t\t<div class=\"fbc fbc-page\">\r\n\r\n\t\t\t\t<!-- Breadcrumb wrapper -->\r\n\t\t\t\t<div class=\"fbc-wrap\">\r\n\r\n\t\t\t\t\t<!-- Ordered list-->\r\n\t\t\t\t\t<ol class=\"fbc-items\" itemscope itemtype=\"https:\/\/schema.org\/BreadcrumbList\">\r\n\t\t\t\t\t\t            <li itemprop=\"itemListElement\" itemscope itemtype=\"https:\/\/schema.org\/ListItem\">\r\n                <span itemprop=\"name\">\r\n                    <!-- Home Link -->\r\n                    <a itemprop=\"item\" href=\"https:\/\/suresms.com\/sv\/\">\r\n                    \r\n                                                    <i class=\"fa fa-home\" aria-hidden=\"true\"><\/i>Hem                    <\/a>\r\n                <\/span>\r\n                <meta itemprop=\"position\" content=\"1\" \/><!-- Meta Position-->\r\n             <\/li><li><span class=\"fbc-separator\">\/<\/span><\/li><li class=\"active\" itemprop=\"itemListElement\" itemscope itemtype=\"https:\/\/schema.org\/ListItem\"><span itemprop=\"name\" title=\"Skicka SMS fr\u00e5n PC\">Skicka SMS fr\u00e5n PC<\/span><meta itemprop=\"position\" content=\"2\" \/><\/li>\t\t\t\t\t<\/ol>\r\n\t\t\t\t\t<div class=\"clearfix\"><\/div>\r\n\t\t\t\t<\/div>\r\n\t\t\t<\/div>\r\n\t\t\t\n\t\t\t\t<img decoding=\"async\" src=\"https:\/\/suresms.com\/wp-content\/uploads\/2022\/06\/Send-sms-online-1.png\" alt=\"Skicka SMS online - bild\" itemprop=\"image\" height=\"367\" width=\"900\" title=\"Skicka textmeddelanden online\" onerror=\"this.style.display='none'\" loading=\"lazy\" \/>\n\t<h1>Skicka SMS fr\u00e5n PC eller Mac med v\u00e5r online SMS-avs\u00e4ndare<\/h1>\n<p>Det g\u00e5r mycket snabbare och enklare att skicka SMS fr\u00e5n datorn \u00e4n fr\u00e5n telefonen. Dessutom har du m\u00e5nga fler alternativ n\u00e4r du anv\u00e4nder en PC eller Mac. Du kan t.ex. bifoga PDF-filer, skapa obegr\u00e4nsade listor, skicka videoklipp (som mottagaren faktiskt kan se), skicka MobilePay-l\u00e4nkar och mycket mer.<\/p>\n<p>\u00c4r du en professionell anv\u00e4ndare med behov av att skicka SMS till dina kunder, klienter, anst\u00e4llda eller medlemmar i din organisation? D\u00e5 \u00e4r det en bra id\u00e9 att skicka SMS online genom att anv\u00e4nda en online SMS-avs\u00e4ndare.<\/p>\n<p>Oavsett om du anv\u00e4nder en PC eller Mac eller en surfplatta med Android kan du anv\u00e4nda v\u00e5rt system f\u00f6r att skicka SMS online. Det fungerar p\u00e5 alla datorer och surfplattor oavsett operativsystem. Genom att logga in i v\u00e5r webbapp f\u00e5r du tillg\u00e5ng till ett system d\u00e4r du kan skicka SMS.<\/p>\n<p>&nbsp;<\/p>\n\t<h2>Skicka SMS-meddelanden<\/h2>\n<p>Med tillg\u00e5ng till v\u00e5r SMS-s\u00e4ndare, som du kan best\u00e4lla kostnadsfritt till h\u00f6ger om detta, kan du skicka och ta emot SMS via din dator eller surfplatta. Du kan antingen skicka ett SMS till en enskild person genom att ange telefonnumret eller s\u00e5 kan du skicka till en lista. Du kan importera listan till systemet fr\u00e5n ditt CRM-system, ditt medlemssystem eller bara ett kalkylblad som du har liggande.<\/p>\n<p>Om du vill ta emot SMS \u00e4ven online m\u00e5ste du k\u00f6pa en tv\u00e5v\u00e4gs SMS-modul. Det kostar 99 DKK per m\u00e5nad, men d\u00e5 kan du ta emot SMS b\u00e5de p\u00e5 v\u00e5r webbplats och i din e-postinkorg.<\/p>\n\t\t\t\t<img decoding=\"async\" src=\"https:\/\/suresms.com\/wp-content\/uploads\/2022\/06\/What-is-your-message-1.png\" alt=\"Vad \u00e4r ditt SMS-meddelande\" itemprop=\"image\" height=\"238\" width=\"319\" title=\"Vad \u00e4r ditt budskap?\" onerror=\"this.style.display='none'\" loading=\"lazy\" \/>\n\t\t\t<a href=\"https:\/\/app.suresms.com\/account\/signup\" target=\"_blank\" rel=\"noopener\">\n\t\t\t\t\t\t\tSkapa ett kostnadsfritt konto\n\t\t\t\t\t<\/a>\n\t<h2>Skicka SMS fr\u00e5n PC \/ Skicka SMS fr\u00e5n Mac<\/h2>\n<p>Det enklaste s\u00e4ttet att skicka textmeddelanden online \u00e4r att skicka dem fr\u00e5n din dator genom att logga in p\u00e5 v\u00e5r webbplats. Skriv in ditt meddelande och tryck p\u00e5 \"Skicka\". Vi skickar d\u00e5 ett SMS till mottagaren. Det \u00e4r snabbt och enkelt att skicka SMS online.<\/p>\n<p>Vi st\u00f6der alla st\u00f6rre webbl\u00e4sare, s\u00e5 du beh\u00f6ver inte oroa dig f\u00f6r om v\u00e5rt system fungerar p\u00e5 din dator. Vem som helst kan anv\u00e4nda v\u00e5r SMS-avs\u00e4ndare.<\/p>\n\t<h2>Skicka ett SMS via webben<\/h2>\n<p>Det finns andra s\u00e4tt att skicka ett SMS \u00e4n via webbl\u00e4saren. Du kan ocks\u00e5 skicka dina meddelanden med e-post. Genom att anv\u00e4nda en l\u00f6sning som heter mail2sms kan du skicka SMS online fr\u00e5n ditt mailprogram. Detta g\u00e4ller oavsett vilket mailprogram och vilken mailleverant\u00f6r du har.<\/p>\n<p>&nbsp;<\/p>\n<h2>Om SMS-meddelanden<\/h2>\n<p>Ett SMS f\u00e5r vara h\u00f6gst 160 tecken l\u00e5ngt (inklusive mellanslag). Om du skriver ett l\u00e4ngre meddelande kommer det \u00e4nd\u00e5 att skickas, men det debiteras som 2 eller fler SMS beroende p\u00e5 l\u00e4ngden<\/p>\n<p>Du kan INTE skicka SMS-meddelanden till 3-, 4- eller 5-siffriga nummer - s\u00e5 kallade kortkoder fr\u00e5n SureSMS.<\/p>\n<p>Fr\u00e5n v\u00e5r webbplats kan du enkelt anv\u00e4nda de m\u00e5nga alternativen: exportera kontakter, skapa grupper, schemal\u00e4gga utskick och skapa mallar f\u00f6r att g\u00f6ra din kommunikation snabbare, enklare och mer professionell.<\/p>\n<p>L\u00e4s mer h\u00e4r p\u00e5 webbplatsen under Egenskaper och funktioner eller f\u00f6lj l\u00e4nken l\u00e4ngst ner p\u00e5 sidan till v\u00e5r YouTube-kanal f\u00f6r att se v\u00e5ra instruktionsvideor.<\/p>\n<h2>Gratis SMS?<\/h2>\n<p>I de flesta mobiltelefonabonnemang ing\u00e5r gratis SMS. Eftersom vi betalar operat\u00f6rerna f\u00f6r varje SMS som skickas \u00e4r det tyv\u00e4rr inte m\u00f6jligt f\u00f6r oss att erbjuda detta. Det kostar 28 \u00f6re per SMS som du skickar online.<\/p>\n<p>&nbsp;<\/p>\n\t<h4><strong>V\u00e5rt webbgr\u00e4nssnitt \u00e4r enkelt att anv\u00e4nda<\/strong><\/h4>\n<p>Du kan logga in p\u00e5 v\u00e5r webbplats via f\u00f6ljande l\u00e4nk <a href=\"https:\/\/app.suresms.com\">http:\/\/app.suresms.com<\/a> eller genom att klicka p\u00e5 inloggningsknappen i det \u00f6vre h\u00f6gra h\u00f6rnet p\u00e5 denna sida.<\/p>\n<p>SureSMS Gateway \u00e4r s\u00e4rskilt utformad f\u00f6r f\u00f6retag och organisationer. Vi granskar manuellt alla konton innan de skapas f\u00f6r att s\u00e4kerst\u00e4lla att alla f\u00f6rfr\u00e5gningar \u00e4r seri\u00f6sa. D\u00e4rf\u00f6r kan det bli en kort v\u00e4ntetid innan du f\u00e5r e-postmeddelandet med inloggningsinformation fr\u00e5n oss och kan b\u00f6rja skicka SMS.<\/p>\n<p>V\u00e5r l\u00f6sning \u00e4r en s\u00e5 kallad plattformsoberoende l\u00f6sning. Det inneb\u00e4r att den passar oavsett om du anv\u00e4nder en PC eller Mac, en surfplatta med Android eller Windows. V\u00e5rt system fungerar f\u00f6r dig ocks\u00e5.<\/p>\n<p>Vi har l\u00f6st uppgiften med plattformsoberoende genom att anv\u00e4nda de spr\u00e5k som anv\u00e4nds p\u00e5 webben och som f\u00f6rst\u00e5s av alla enheter. Du kan till exempel anv\u00e4nda v\u00e5r SMS-l\u00f6sning via <a title=\"Beskrivning av http-protokollet\" href=\"http:\/\/da.wikipedia.org\/wiki\/HTTP\">http<\/a>\u00a0eller via <a title=\"SMTP-protokoll\" href=\"http:\/\/da.wikipedia.org\/wiki\/Simple_Mail_Transfer_Protocol\">SMTP <\/a>(\u00e4ven kallad e-post).<\/p>\n\t<h4><strong>F\u00e5 en inloggning direkt!<\/strong><\/h4>\n<p>F\u00f6r att logga in kr\u00e4vs ett anv\u00e4ndarnamn och ett l\u00f6senord. <strong>Du kan g\u00f6ra det genom att skapa ett testkonto p\u00e5 den h\u00e4r sidan.<\/strong><\/p>\n<p>Det kostar inget att f\u00e5 ett anv\u00e4ndarnamn. Att skapa ett konto i v\u00e5r gateway \u00e4r gratis och abonnemanget kostar 0,- DKK.<br \/>Vi f\u00f6redrar en transparent prispolicy, s\u00e5 det finns inga dolda kostnader eller abonnemang. V\u00e5ra kunder betalar ett uppm\u00e4tt pris, dvs. endast f\u00f6r de SMS som de skickar. Du kan se v\u00e5ra uppdaterade <a title=\"Priser f\u00f6r SMS-gateway, ingen installation, ingen prenumeration\" href=\"https:\/\/suresms.com\/sv\/sms-gateway-priser\/\">Priserna<\/a>\u00a0H\u00e4r.<\/p>\n<p>Med de 50 gratismeddelanden du f\u00e5r n\u00e4r du skapar ett testkonto har du m\u00f6jlighet att prova v\u00e5r SMS-gateway utan betalning. Du beh\u00f6ver INTE uppge kreditkortsuppgifter f\u00f6r att \u00f6ppna ett testkonto.<\/p>\n\t\t\t\t<img decoding=\"async\" src=\"https:\/\/suresms.com\/wp-content\/uploads\/2022\/08\/Webinterface-1-1.png\" alt=\"Skicka SMS fr\u00e5n PC\" itemprop=\"image\" height=\"1557\" width=\"2665\" title=\"SureSMS webbgr\u00e4nssnitt\" onerror=\"this.style.display='none'\" loading=\"lazy\" \/>\n\t<h4><strong>L\u00e4ttintegrerat API och m\u00e5nga funktioner\u00a0<\/strong><\/h4>\n<p>Vi \u00e4lskar att utvecklas och v\u00e5ra kunder anv\u00e4nder oss p\u00e5 m\u00e5nga olika s\u00e4tt. Det \u00e4r vi stolta \u00f6ver.<\/p>\n<p>Under \u00e5rens lopp har vi utvecklat m\u00e5nga egenskaper och funktioner f\u00f6r v\u00e5ra kunder. M\u00e5nga av dem hittar du beskrivna i menyerna p\u00e5 den h\u00e4r webbplatsen, men om du inte hittar det du s\u00f6ker \u00e4r du v\u00e4lkommen att kontakta oss. Vi t\u00e4cker det mesta och vi v\u00e4lkomnar alltid nya utmaningar.<\/p>\n<p>\u00c4r du utvecklare och vill veta mer om v\u00e5rt API? Kolla in v\u00e5ra sidor f\u00f6r utvecklare eller ring oss p\u00e5 tel: 50 322 322. Du kan ocks\u00e5 <a title=\"Kontakta oss\" href=\"https:\/\/suresms.com\/sv\/kontakt\/\">Skicka ett meddelande till oss h\u00e4r.<\/a><\/p>\n\t\t\t\t<img decoding=\"async\" src=\"https:\/\/suresms.com\/wp-content\/uploads\/2022\/06\/API-connection-1.png\" alt=\"Skicka SMS med API\" itemprop=\"image\" height=\"528\" width=\"960\" title=\"API-anslutning\" onerror=\"this.style.display='none'\" loading=\"lazy\" \/>\n\t<h4><strong>H\u00e4r kan du l\u00e4sa n\u00e5gra exempel p\u00e5 hur v\u00e5ra kunder anv\u00e4nder v\u00e5r online SMS-tj\u00e4nst idag:<\/strong><\/h4>\n<ul>\n<li>En dansk facklig organisation anv\u00e4nder v\u00e5r SMS-tj\u00e4nst online f\u00f6r att skicka ut nyhetsbrev till sina kunder. Det \u00e4r naturligtvis l\u00e4ttare att skicka ut l\u00e5nga nyhetsbrev via datorns st\u00f6rre tangentbord, och det g\u00e5r ocks\u00e5 att bifoga l\u00e4nkar med relevanta artiklar till organisationens medlemmar.<\/li>\n<li>En jaktorganisation p\u00e5 Sj\u00e4lland har skapat ett konto p\u00e5 v\u00e5r Gateway. Eftersom medlemmarna i f\u00f6reningen turas om att organisera jakten har de alla en inloggning till f\u00f6reningens konto fr\u00e5n vilket de skickar meddelanden om kommande jakter till de andra medlemmarna.<\/li>\n<li>Ett v\u00e4rmebolag anv\u00e4nder v\u00e5r gateway f\u00f6r att meddela boende om leveransst\u00f6rningar. N\u00e4r v\u00e4rmen till exempel st\u00e4ngs av p\u00e5 grund av reparationer i ett visst omr\u00e5de h\u00e4mtas telefonnumren fr\u00e5n v\u00e4rmebolagets system och klistras in p\u00e5 v\u00e5r webbplats d\u00e4r de enkelt kan skicka ett meddelande till alla ber\u00f6rda hush\u00e5ll.<\/li>\n<\/ul>","protected":false},"excerpt":{"rendered":"<p>Skicka SMS fr\u00e5n PC eller Mac med v\u00e5r SMS-avs\u00e4ndare online Det g\u00e5r mycket snabbare och enklare att skicka SMS fr\u00e5n datorn \u00e4n fr\u00e5n telefonen. Dessutom har du m\u00e5nga fler alternativ n\u00e4r du anv\u00e4nder en PC eller Mac. Du kan t.ex. bifoga PDF-filer, skapa obegr\u00e4nsade listor, skicka videor (som mottagaren faktiskt ... <a title=\"Skicka SMS fr\u00e5n PC\" class=\"read-more\" href=\"https:\/\/suresms.com\/sv\/funktioner\/send-sms-fra-pc\/\" aria-label=\"L\u00e4s mer om Skicka SMS fr\u00e5n PC\">L\u00e4s mer om det<\/a><\/p>","protected":false},"author":1,"featured_media":0,"parent":958,"menu_order":2,"comment_status":"closed","ping_status":"closed","template":"","meta":{"_fl_builder_enabled":"1","_fl_builder_data":null,"_fl_builder_draft":null,"_fl_builder_data_settings":null,"_fl_builder_css":"","_fl_builder_css_version":"","_fl_builder_js":"","footnotes":""},"categories":[17],"tags":[],"class_list":{"0":"post-15657","1":"page","2":"type-page","3":"status-publish","5":"category-linkfracornorstone"},"yoast_head":"<!-- This site is optimized with the Yoast SEO Premium plugin v27.3 (Yoast SEO v27.3) - https:\/\/yoast.com\/product\/yoast-seo-premium-wordpress\/ -->\r\n<title>Send SMS fra PC - Send SMS fra Mac - Send SMS fra computer<\/title>\r\n<meta name=\"description\" content=\"Send SMS fra PC eller Send SMS fra Mac. Fordele ved at sende fra computer er arkivering, hastighed og deling af kontakter. Pr\u00f8v det gratis.\" \/>\r\n<meta name=\"robots\" content=\"index, follow, max-snippet:-1, max-image-preview:large, max-video-preview:-1\" \/>\r\n<link rel=\"canonical\" href=\"https:\/\/suresms.com\/sv\/funktioner\/skicka-sms-fraan-pc\/\" \/>\r\n<meta property=\"og:locale\" content=\"sv_SE\" \/>\r\n<meta property=\"og:type\" content=\"article\" \/>\r\n<meta property=\"og:title\" content=\"Send sms fra PC\" \/>\r\n<meta property=\"og:description\" content=\"Send SMS fra PC eller Send SMS fra Mac. Fordele ved at sende fra computer er arkivering, hastighed og deling af kontakter. Pr\u00f8v det gratis.\" \/>\r\n<meta property=\"og:url\" content=\"https:\/\/suresms.com\/sv\/funktioner\/skicka-sms-fraan-pc\/\" \/>\r\n<meta property=\"article:publisher\" content=\"https:\/\/www.facebook.com\/p\/SureSMS-100044607956149\/\" \/>\r\n<meta property=\"article:modified_time\" content=\"2025-11-06T05:51:06+00:00\" \/>\r\n<meta property=\"og:image\" content=\"https:\/\/suresms.com\/wp-content\/uploads\/2022\/06\/Send-sms-online-1.png\" \/>\r\n<meta name=\"twitter:card\" content=\"summary_large_image\" \/>\r\n<meta name=\"twitter:label1\" content=\"Ber\u00e4knad l\u00e4stid\" \/>\n\t<meta name=\"twitter:data1\" content=\"9 minuter\" \/>\r\n<script type=\"application\/ld+json\" class=\"yoast-schema-graph\">{\"@context\":\"https:\\\/\\\/schema.org\",\"@graph\":[{\"@type\":\"WebPage\",\"@id\":\"https:\\\/\\\/suresms.com\\\/dk\\\/funktioner\\\/send-sms-fra-pc\\\/\",\"url\":\"https:\\\/\\\/suresms.com\\\/dk\\\/funktioner\\\/send-sms-fra-pc\\\/\",\"name\":\"Send SMS fra PC - Send SMS fra Mac - Send SMS fra computer\",\"isPartOf\":{\"@id\":\"https:\\\/\\\/suresms.com\\\/en\\\/#website\"},\"primaryImageOfPage\":{\"@id\":\"https:\\\/\\\/suresms.com\\\/dk\\\/funktioner\\\/send-sms-fra-pc\\\/#primaryimage\"},\"image\":{\"@id\":\"https:\\\/\\\/suresms.com\\\/dk\\\/funktioner\\\/send-sms-fra-pc\\\/#primaryimage\"},\"thumbnailUrl\":\"https:\\\/\\\/suresms.com\\\/wp-content\\\/uploads\\\/2022\\\/06\\\/Send-sms-online-1.png\",\"datePublished\":\"2022-06-29T21:49:16+00:00\",\"dateModified\":\"2025-11-06T05:51:06+00:00\",\"description\":\"Send SMS fra PC eller Send SMS fra Mac. Fordele ved at sende fra computer er arkivering, hastighed og deling af kontakter. Pr\u00f8v det gratis.\",\"breadcrumb\":{\"@id\":\"https:\\\/\\\/suresms.com\\\/dk\\\/funktioner\\\/send-sms-fra-pc\\\/#breadcrumb\"},\"inLanguage\":\"sv-SE\",\"potentialAction\":[{\"@type\":\"ReadAction\",\"target\":[\"https:\\\/\\\/suresms.com\\\/dk\\\/funktioner\\\/send-sms-fra-pc\\\/\"]}]},{\"@type\":\"ImageObject\",\"inLanguage\":\"sv-SE\",\"@id\":\"https:\\\/\\\/suresms.com\\\/dk\\\/funktioner\\\/send-sms-fra-pc\\\/#primaryimage\",\"url\":\"https:\\\/\\\/suresms.com\\\/wp-content\\\/uploads\\\/2022\\\/06\\\/Send-sms-online-1.png\",\"contentUrl\":\"https:\\\/\\\/suresms.com\\\/wp-content\\\/uploads\\\/2022\\\/06\\\/Send-sms-online-1.png\"},{\"@type\":\"BreadcrumbList\",\"@id\":\"https:\\\/\\\/suresms.com\\\/dk\\\/funktioner\\\/send-sms-fra-pc\\\/#breadcrumb\",\"itemListElement\":[{\"@type\":\"ListItem\",\"position\":1,\"name\":\"Home\",\"item\":\"https:\\\/\\\/suresms.com\\\/dk\\\/\"},{\"@type\":\"ListItem\",\"position\":2,\"name\":\"Funktioner\",\"item\":\"https:\\\/\\\/suresms.com\\\/dk\\\/funktioner\\\/\"},{\"@type\":\"ListItem\",\"position\":3,\"name\":\"Send sms fra PC\"}]},{\"@type\":\"WebSite\",\"@id\":\"https:\\\/\\\/suresms.com\\\/en\\\/#website\",\"url\":\"https:\\\/\\\/suresms.com\\\/en\\\/\",\"name\":\"SureSMS\",\"description\":\"Professionel SMS Gateway\",\"publisher\":{\"@id\":\"https:\\\/\\\/suresms.com\\\/en\\\/#organization\"},\"potentialAction\":[{\"@type\":\"SearchAction\",\"target\":{\"@type\":\"EntryPoint\",\"urlTemplate\":\"https:\\\/\\\/suresms.com\\\/en\\\/?s={search_term_string}\"},\"query-input\":{\"@type\":\"PropertyValueSpecification\",\"valueRequired\":true,\"valueName\":\"search_term_string\"}}],\"inLanguage\":\"sv-SE\"},{\"@type\":\"Organization\",\"@id\":\"https:\\\/\\\/suresms.com\\\/en\\\/#organization\",\"name\":\"SureSMS\",\"url\":\"https:\\\/\\\/suresms.com\\\/en\\\/\",\"logo\":{\"@type\":\"ImageObject\",\"inLanguage\":\"sv-SE\",\"@id\":\"https:\\\/\\\/suresms.com\\\/en\\\/#\\\/schema\\\/logo\\\/image\\\/\",\"url\":\"https:\\\/\\\/suresms.com\\\/wp-content\\\/uploads\\\/2024\\\/11\\\/suresms-300x65-1.png\",\"contentUrl\":\"https:\\\/\\\/suresms.com\\\/wp-content\\\/uploads\\\/2024\\\/11\\\/suresms-300x65-1.png\",\"width\":300,\"height\":65,\"caption\":\"SureSMS\"},\"image\":{\"@id\":\"https:\\\/\\\/suresms.com\\\/en\\\/#\\\/schema\\\/logo\\\/image\\\/\"},\"sameAs\":[\"https:\\\/\\\/www.facebook.com\\\/p\\\/SureSMS-100044607956149\\\/\"]}]}<\/script>\r\n<!-- \/ Yoast SEO Premium plugin. -->","yoast_head_json":{"title":"Skicka SMS fr\u00e5n PC - Skicka SMS fr\u00e5n Mac - Skicka SMS fr\u00e5n dator","description":"Skicka SMS fr\u00e5n PC eller Skicka SMS fr\u00e5n Mac. F\u00f6rdelarna med att skicka fr\u00e5n datorn \u00e4r arkivering, snabbhet och delning av kontakter. Prova det gratis.","robots":{"index":"index","follow":"follow","max-snippet":"max-snippet:-1","max-image-preview":"max-image-preview:large","max-video-preview":"max-video-preview:-1"},"canonical":"https:\/\/suresms.com\/sv\/funktioner\/skicka-sms-fraan-pc\/","og_locale":"sv_SE","og_type":"article","og_title":"Send sms fra PC","og_description":"Send SMS fra PC eller Send SMS fra Mac. Fordele ved at sende fra computer er arkivering, hastighed og deling af kontakter. Pr\u00f8v det gratis.","og_url":"https:\/\/suresms.com\/sv\/funktioner\/skicka-sms-fraan-pc\/","article_publisher":"https:\/\/www.facebook.com\/p\/SureSMS-100044607956149\/","article_modified_time":"2025-11-06T05:51:06+00:00","og_image":[{"url":"https:\/\/suresms.com\/wp-content\/uploads\/2022\/06\/Send-sms-online-1.png","type":"","width":"","height":""}],"twitter_card":"summary_large_image","twitter_misc":{"Ber\u00e4knad l\u00e4stid":"9 minuter"},"schema":{"@context":"https:\/\/schema.org","@graph":[{"@type":"WebPage","@id":"https:\/\/suresms.com\/dk\/funktioner\/send-sms-fra-pc\/","url":"https:\/\/suresms.com\/dk\/funktioner\/send-sms-fra-pc\/","name":"Skicka SMS fr\u00e5n PC - Skicka SMS fr\u00e5n Mac - Skicka SMS fr\u00e5n dator","isPartOf":{"@id":"https:\/\/suresms.com\/en\/#website"},"primaryImageOfPage":{"@id":"https:\/\/suresms.com\/dk\/funktioner\/send-sms-fra-pc\/#primaryimage"},"image":{"@id":"https:\/\/suresms.com\/dk\/funktioner\/send-sms-fra-pc\/#primaryimage"},"thumbnailUrl":"https:\/\/suresms.com\/wp-content\/uploads\/2022\/06\/Send-sms-online-1.png","datePublished":"2022-06-29T21:49:16+00:00","dateModified":"2025-11-06T05:51:06+00:00","description":"Skicka SMS fr\u00e5n PC eller Skicka SMS fr\u00e5n Mac. F\u00f6rdelarna med att skicka fr\u00e5n datorn \u00e4r arkivering, snabbhet och delning av kontakter. Prova det gratis.","breadcrumb":{"@id":"https:\/\/suresms.com\/dk\/funktioner\/send-sms-fra-pc\/#breadcrumb"},"inLanguage":"sv-SE","potentialAction":[{"@type":"ReadAction","target":["https:\/\/suresms.com\/dk\/funktioner\/send-sms-fra-pc\/"]}]},{"@type":"ImageObject","inLanguage":"sv-SE","@id":"https:\/\/suresms.com\/dk\/funktioner\/send-sms-fra-pc\/#primaryimage","url":"https:\/\/suresms.com\/wp-content\/uploads\/2022\/06\/Send-sms-online-1.png","contentUrl":"https:\/\/suresms.com\/wp-content\/uploads\/2022\/06\/Send-sms-online-1.png"},{"@type":"BreadcrumbList","@id":"https:\/\/suresms.com\/dk\/funktioner\/send-sms-fra-pc\/#breadcrumb","itemListElement":[{"@type":"ListItem","position":1,"name":"Home","item":"https:\/\/suresms.com\/dk\/"},{"@type":"ListItem","position":2,"name":"Funktioner","item":"https:\/\/suresms.com\/dk\/funktioner\/"},{"@type":"ListItem","position":3,"name":"Send sms fra PC"}]},{"@type":"WebSite","@id":"https:\/\/suresms.com\/en\/#website","url":"https:\/\/suresms.com\/en\/","name":"SureSMS","description":"Professionell SMS Gateway","publisher":{"@id":"https:\/\/suresms.com\/en\/#organization"},"potentialAction":[{"@type":"SearchAction","target":{"@type":"EntryPoint","urlTemplate":"https:\/\/suresms.com\/en\/?s={search_term_string}"},"query-input":{"@type":"PropertyValueSpecification","valueRequired":true,"valueName":"search_term_string"}}],"inLanguage":"sv-SE"},{"@type":"Organization","@id":"https:\/\/suresms.com\/en\/#organization","name":"SureSMS","url":"https:\/\/suresms.com\/en\/","logo":{"@type":"ImageObject","inLanguage":"sv-SE","@id":"https:\/\/suresms.com\/en\/#\/schema\/logo\/image\/","url":"https:\/\/suresms.com\/wp-content\/uploads\/2024\/11\/suresms-300x65-1.png","contentUrl":"https:\/\/suresms.com\/wp-content\/uploads\/2024\/11\/suresms-300x65-1.png","width":300,"height":65,"caption":"SureSMS"},"image":{"@id":"https:\/\/suresms.com\/en\/#\/schema\/logo\/image\/"},"sameAs":["https:\/\/www.facebook.com\/p\/SureSMS-100044607956149\/"]}]}},"_links":{"self":[{"href":"https:\/\/suresms.com\/sv\/wp-json\/wp\/v2\/pages\/15657","targetHints":{"allow":["GET"]}}],"collection":[{"href":"https:\/\/suresms.com\/sv\/wp-json\/wp\/v2\/pages"}],"about":[{"href":"https:\/\/suresms.com\/sv\/wp-json\/wp\/v2\/types\/page"}],"author":[{"embeddable":true,"href":"https:\/\/suresms.com\/sv\/wp-json\/wp\/v2\/users\/1"}],"replies":[{"embeddable":true,"href":"https:\/\/suresms.com\/sv\/wp-json\/wp\/v2\/comments?post=15657"}],"version-history":[{"count":6,"href":"https:\/\/suresms.com\/sv\/wp-json\/wp\/v2\/pages\/15657\/revisions"}],"predecessor-version":[{"id":23528,"href":"https:\/\/suresms.com\/sv\/wp-json\/wp\/v2\/pages\/15657\/revisions\/23528"}],"up":[{"embeddable":true,"href":"https:\/\/suresms.com\/sv\/wp-json\/wp\/v2\/pages\/958"}],"wp:attachment":[{"href":"https:\/\/suresms.com\/sv\/wp-json\/wp\/v2\/media?parent=15657"}],"wp:term":[{"taxonomy":"category","embeddable":true,"href":"https:\/\/suresms.com\/sv\/wp-json\/wp\/v2\/categories?post=15657"},{"taxonomy":"post_tag","embeddable":true,"href":"https:\/\/suresms.com\/sv\/wp-json\/wp\/v2\/tags?post=15657"}],"curies":[{"name":"wp","href":"https:\/\/api.w.org\/{rel}","templated":true}]}}