{"id":1507,"date":"2016-01-14T15:20:23","date_gmt":"2016-01-14T13:20:23","guid":{"rendered":"https:\/\/www.suresms.com\/dk\/?page_id=1507"},"modified":"2025-11-13T10:54:51","modified_gmt":"2025-11-13T10:54:51","slug":"priser-och-betalning","status":"publish","type":"page","link":"https:\/\/suresms.com\/sv\/om-suresms\/priser-og-betaling\/","title":{"rendered":"Priser och betalning"},"content":{"rendered":"<h1>Priser och betalning<\/h1>\n<p>Med SureSMS har du m\u00f6jlighet att v\u00e4lja v\u00e5r <a href=\"https:\/\/suresms.com\/sv\/bestallning\/gratis-sms-testkonto\/\">Gateway-konto<\/a>d\u00e4r du bara betalar f\u00f6r de SMS du skickar, eller en av v\u00e5ra <a href=\"https:\/\/suresms.com\/sv\/funktioner\/ta-emot-textmeddelanden-paa-din-dator\/\">Tv\u00e5v\u00e4gsl\u00f6sningar<\/a>d\u00e4r du betalar ett m\u00e5nadsabonnemang plus sms-avgift.<\/p>\n<p>(Alla priser p\u00e5 denna sida \u00e4r i danska kronor exklusive moms)<\/p>\n\t<h2>SMS-tariffer<\/h2>\n<p>Vi p\u00e5 SureSMS har s\u00e4rskilt bra avtal med telekombolag i Norden, men kan naturligtvis skicka till hela v\u00e4rlden med mobilt\u00e4ckning.<\/p>\n<ul>\n<li>\n<ul>\n<li>Danmark 0,31 DKK\/SMS<\/li>\n<\/ul>\n<\/li>\n<\/ul>\n<ul>\n<li>\n<ul>\n<li>Sverige 0,23 DKK\/SMS<\/li>\n<\/ul>\n<\/li>\n<\/ul>\n<ul>\n<li>\n<ul>\n<li>Norge 0,25 DKK\/SMS<\/li>\n<\/ul>\n<\/li>\n<\/ul>\n<ul>\n<li>\n<ul>\n<li>Finland 0,29 DKK\/SMS<\/li>\n<\/ul>\n<\/li>\n<\/ul>\n<ul>\n<li>\n<ul>\n<li>Gr\u00f6nland 0,07 DKK\/SMS<\/li>\n<\/ul>\n<\/li>\n<\/ul>\n<ul>\n<li>\n<ul>\n<li>F\u00e4r\u00f6arna 0,25 DKK\/SMS<\/li>\n<\/ul>\n<\/li>\n<\/ul>\n<ul>\n<li>\n<ul>\n<li>\u00d6vriga v\u00e4rlden x-x kr\/SMS<\/li>\n<\/ul>\n<\/li>\n<\/ul>\n<p>&nbsp;<\/p>\n<p>Kontakta oss g\u00e4rna om du har n\u00e5gra fr\u00e5gor om priser i Europa eller resten av v\u00e4rlden. Om du beh\u00f6ver skicka m\u00e5nga SMS kan vi f\u00f6rmodligen f\u00f6rhandla fram ett bra pris ocks\u00e5.<\/p>\n<ul>\n<li>\n<ul>\n<li>Inkommande SMS-telefonnummer 99,00 kr\/m\u00e5nad<\/li>\n<\/ul>\n<\/li>\n<\/ul>\n<ul>\n<li>\n<ul>\n<li>Eget inkommande telefonnummer p\u00e5 SIM-kort 199,00 kr\/m\u00e5n<\/li>\n<\/ul>\n<\/li>\n<\/ul>\n<ul>\n<li>\n<ul>\n<li>Bifoga filer till SMS 0,20 kr\/SMS<\/li>\n<\/ul>\n<\/li>\n<\/ul>\n<p>&nbsp;<\/p>\n\t<h1>Betalningsalternativ<\/h1>\n<p>Vi erbjuder olika flexibla betalningsalternativ f\u00f6r v\u00e5ra kunder.<\/p>\n<ul>\n<li>\n<ul>\n<li>Med SureSMS Gateway Account k\u00f6per du vanligtvis SMS med kreditkort direkt fr\u00e5n v\u00e5r webbplats. Du f\u00e5r ett e-postmeddelande fr\u00e5n oss n\u00e4r det \u00e4r dags att fylla p\u00e5. Omedelbart efter betalning f\u00e5r du en faktura fr\u00e5n oss.<\/li>\n<\/ul>\n<\/li>\n<\/ul>\n<ul>\n<li>\n<ul>\n<li>Fakturera din revisor en g\u00e5ng i m\u00e5naden eller per kvartal baserat p\u00e5 f\u00f6rbrukningen under f\u00f6reg\u00e5ende period. Om du v\u00e4ljer f\u00f6rbrukningsbaserad fakturering g\u00e4ller en minimifakturering p\u00e5 100,- per m\u00e5nad.<\/li>\n<\/ul>\n<\/li>\n<\/ul>\n<ul>\n<li>\n<ul>\n<li>Faktura med f\u00f6rskottsbetalning p\u00e5 t.ex. 200 eller 1000 DKK som s\u00e4tts in p\u00e5 ditt SMS-konto.<\/li>\n<\/ul>\n<\/li>\n<\/ul>\n<ul>\n<li>\n<ul>\n<li>Fakturering med EAN-nummer. Om du representerar en offentlig institution har vi m\u00f6jlighet att skicka fakturan till dig via EAN-nummer.<\/li>\n<\/ul>\n<\/li>\n<\/ul>\n<p>OBS! Vi accepterar MasterCard, Visa och MobilePay. <\/p>\n\t<h1>\u00d6verskjutande saldo vid kontoavslut<\/h1>\n<p>Om du v\u00e4ljer f\u00f6rskottsbetalning eller betalning med kreditkort \u00e4r det viktigt att notera att eventuellt \u00f6verskjutande belopp inte kommer att betalas ut om kontot senare avaktiveras eller avslutas.<\/p>\n<p>Inbetalda medel anv\u00e4nds uteslutande f\u00f6r SMS-anv\u00e4ndning och relaterade tj\u00e4nster, och eventuellt \u00e5terst\u00e5ende saldo kommer att annulleras vid upps\u00e4gning av kontot. Detta g\u00e4ller oavsett om betalning sker som en eng\u00e5ngsf\u00f6rskottsbetalning eller l\u00f6pande p\u00e5fyllning via kreditkort.<\/p>\n\t<h2>Det finstilta<\/h2>\n<p>Kom ih\u00e5g att ett SMS-meddelande alltid f\u00e5r inneh\u00e5lla h\u00f6gst 160 tecken inklusive mellanslag!<\/p>\n<p>Om ditt meddelande \u00f6verstiger 160 tecken kommer det i praktiken att skickas som separata SMS och sl\u00e5s ihop till en l\u00e5ng text i mottagarens telefon. Som kund f\u00e5r du betala f\u00f6r det antal SMS vi skickar, s\u00e5 l\u00e4ngre SMS blir n\u00e5got dyrare.<\/p>\n<p>I v\u00e5r online-app finns det en r\u00e4knare s\u00e5 att du alltid kan se hur m\u00e5nga tecken\/SMS du har n\u00e4r du skriver dina textmeddelanden.<\/p>\n<p>&nbsp;<\/p>\n<table>\n<thead>\n<tr>\n<th>Antal tecken<\/th>\n<th>Antal SMS-meddelanden<\/th>\n<\/tr>\n<\/thead>\n<tbody>\n<tr>\n<td>0 - 160 tecken<\/td>\n<td>1 segment<\/td>\n<\/tr>\n<tr>\n<td>161 - 306 tecken<\/td>\n<td>2 segment<\/td>\n<\/tr>\n<tr>\n<td>307 - 459 tecken<\/td>\n<td>3 segment<\/td>\n<\/tr>\n<tr>\n<td>460 - 612 tecken<\/td>\n<td>4 segment<\/td>\n<\/tr>\n<tr>\n<td>613 - 765 tecken<\/td>\n<td>5 segment<\/td>\n<\/tr>\n<tr>\n<td>766 - 918 tecken<\/td>\n<td>6 segment<\/td>\n<\/tr>\n<tr>\n<td>919 - 1071 tecken<\/td>\n<td>7 segment<\/td>\n<\/tr>\n<tr>\n<td>1072 - 1224 tecken<\/td>\n<td>8 segment<\/td>\n<\/tr>\n<tr>\n<td>1225 - 1377 tecken<\/td>\n<td>9 segment<\/td>\n<\/tr>\n<tr>\n<td>1378 - 1530 tecken<\/td>\n<td>10 segment<\/td>\n<\/tr>\n<\/tbody>\n<\/table>\n<p>Om du v\u00e4ljer att skicka tecken som inte finns i det \"vanliga\" alfabetet, t.ex. emojis, skickas texten p\u00e5 ett annat s\u00e4tt och det minskar antalet tecken som kan finnas i meddelandet enligt f\u00f6ljande tabell.<\/p>\n<p>&nbsp;<\/p>\n<table>\n<thead>\n<tr>\n<th>Antal tecken<\/th>\n<th>Antal SMS-meddelanden<\/th>\n<\/tr>\n<\/thead>\n<tbody>\n<tr>\n<td>0 - 70 tecken<\/td>\n<td>1 segment<\/td>\n<\/tr>\n<tr>\n<td>71 - 134 tecken<\/td>\n<td>2 segment<\/td>\n<\/tr>\n<tr>\n<td>135 - 201 tecken<\/td>\n<td>3 segment<\/td>\n<\/tr>\n<tr>\n<td>202 - 268 tecken<\/td>\n<td>4 segment<\/td>\n<\/tr>\n<tr>\n<td>269 - 335 tecken<\/td>\n<td>5 segment<\/td>\n<\/tr>\n<tr>\n<td>336 - 402 tecken<\/td>\n<td>6 segment<\/td>\n<\/tr>\n<tr>\n<td>403 - 469 tecken<\/td>\n<td>7 segment<\/td>\n<\/tr>\n<tr>\n<td>470 - 536 tecken<\/td>\n<td>8 segment<\/td>\n<\/tr>\n<tr>\n<td>537 - 603 tecken<\/td>\n<td>9 segment<\/td>\n<\/tr>\n<tr>\n<td>604 - 670 tecken<\/td>\n<td>10 segment<\/td>\n<\/tr>\n<\/tbody>\n<\/table>\n<p>&nbsp;<\/p>\n<p>Observera ocks\u00e5 att det inte \u00e4r tekniskt m\u00f6jligt att skicka SMS till 3-, 4- eller 5-siffriga nummer - s.k. kortnummer - fr\u00e5n Sure SMS gateway.<\/p>","protected":false},"excerpt":{"rendered":"<p>Priser och betalning Med SureSMS har du m\u00f6jlighet att v\u00e4lja v\u00e5rt Gateway-konto, d\u00e4r du bara betalar f\u00f6r de SMS du skickar, eller en av v\u00e5ra 2-v\u00e4gs-l\u00f6sningar, d\u00e4r du betalar ett m\u00e5nadsabonnemang plus SMS-taxa. (Alla priser p\u00e5 denna sida \u00e4r i danska kronor exklusive moms) SMS-taxor P\u00e5 SureSMS har vi s\u00e4rskilt... <a title=\"Priser och betalning\" class=\"read-more\" href=\"https:\/\/suresms.com\/sv\/om-suresms\/priser-og-betaling\/\" aria-label=\"L\u00e4s mer om Priss\u00e4ttning och betalning\">L\u00e4s mer om det<\/a><\/p>","protected":false},"author":1,"featured_media":0,"parent":18594,"menu_order":26,"comment_status":"closed","ping_status":"closed","template":"","meta":{"_fl_builder_enabled":"1","_fl_builder_data":null,"_fl_builder_draft":null,"_fl_builder_data_settings":null,"_fl_builder_css":"","_fl_builder_css_version":"","_fl_builder_js":"","footnotes":""},"categories":[],"tags":[],"class_list":["post-1507","page","type-page","status-publish"],"yoast_head":"<!-- This site is optimized with the Yoast SEO Premium plugin v27.3 (Yoast SEO v27.3) - https:\/\/yoast.com\/product\/yoast-seo-premium-wordpress\/ -->\r\n<title>Betaling - SureSMS. Gratis faktura. SE info om betaling her!<\/title>\r\n<meta name=\"description\" content=\"Hos SureSMS har du mulighed for at v\u00e6lge forskellige betalingsformer. \u00d8nsker du en faktura sender vi selvf\u00f8lgelig GRATIS faktura til alle vore kunder.\" \/>\r\n<meta name=\"robots\" content=\"index, follow, max-snippet:-1, max-image-preview:large, max-video-preview:-1\" \/>\r\n<link rel=\"canonical\" href=\"https:\/\/suresms.com\/sv\/om-suresms\/priser-och-betalning\/\" \/>\r\n<meta property=\"og:locale\" content=\"sv_SE\" \/>\r\n<meta property=\"og:type\" content=\"article\" \/>\r\n<meta property=\"og:title\" content=\"Priser og betaling\" \/>\r\n<meta property=\"og:description\" content=\"Hos SureSMS har du mulighed for at v\u00e6lge forskellige betalingsformer. \u00d8nsker du en faktura sender vi selvf\u00f8lgelig GRATIS faktura til alle vore kunder.\" \/>\r\n<meta property=\"og:url\" content=\"https:\/\/suresms.com\/sv\/om-suresms\/priser-och-betalning\/\" \/>\r\n<meta property=\"article:publisher\" content=\"https:\/\/www.facebook.com\/p\/SureSMS-100044607956149\/\" \/>\r\n<meta property=\"article:modified_time\" content=\"2025-11-13T10:54:51+00:00\" \/>\r\n<meta name=\"twitter:card\" content=\"summary_large_image\" \/>\r\n<meta name=\"twitter:label1\" content=\"Ber\u00e4knad l\u00e4stid\" \/>\n\t<meta name=\"twitter:data1\" content=\"3 minuter\" \/>\r\n<script type=\"application\/ld+json\" class=\"yoast-schema-graph\">{\"@context\":\"https:\\\/\\\/schema.org\",\"@graph\":[{\"@type\":\"WebPage\",\"@id\":\"https:\\\/\\\/suresms.com\\\/dk\\\/om-suresms\\\/priser-og-betaling\\\/\",\"url\":\"https:\\\/\\\/suresms.com\\\/dk\\\/om-suresms\\\/priser-og-betaling\\\/\",\"name\":\"Betaling - SureSMS. Gratis faktura. SE info om betaling her!\",\"isPartOf\":{\"@id\":\"https:\\\/\\\/suresms.com\\\/en\\\/#website\"},\"datePublished\":\"2016-01-14T13:20:23+00:00\",\"dateModified\":\"2025-11-13T10:54:51+00:00\",\"description\":\"Hos SureSMS har du mulighed for at v\u00e6lge forskellige betalingsformer. \u00d8nsker du en faktura sender vi selvf\u00f8lgelig GRATIS faktura til alle vore kunder.\",\"breadcrumb\":{\"@id\":\"https:\\\/\\\/suresms.com\\\/dk\\\/om-suresms\\\/priser-og-betaling\\\/#breadcrumb\"},\"inLanguage\":\"sv-SE\",\"potentialAction\":[{\"@type\":\"ReadAction\",\"target\":[\"https:\\\/\\\/suresms.com\\\/dk\\\/om-suresms\\\/priser-og-betaling\\\/\"]}]},{\"@type\":\"BreadcrumbList\",\"@id\":\"https:\\\/\\\/suresms.com\\\/dk\\\/om-suresms\\\/priser-og-betaling\\\/#breadcrumb\",\"itemListElement\":[{\"@type\":\"ListItem\",\"position\":1,\"name\":\"Home\",\"item\":\"https:\\\/\\\/suresms.com\\\/dk\\\/\"},{\"@type\":\"ListItem\",\"position\":2,\"name\":\"Om SureSMS\",\"item\":\"https:\\\/\\\/suresms.com\\\/dk\\\/om-suresms\\\/\"},{\"@type\":\"ListItem\",\"position\":3,\"name\":\"Priser og betaling\"}]},{\"@type\":\"WebSite\",\"@id\":\"https:\\\/\\\/suresms.com\\\/en\\\/#website\",\"url\":\"https:\\\/\\\/suresms.com\\\/en\\\/\",\"name\":\"SureSMS\",\"description\":\"Professionel SMS Gateway\",\"publisher\":{\"@id\":\"https:\\\/\\\/suresms.com\\\/en\\\/#organization\"},\"potentialAction\":[{\"@type\":\"SearchAction\",\"target\":{\"@type\":\"EntryPoint\",\"urlTemplate\":\"https:\\\/\\\/suresms.com\\\/en\\\/?s={search_term_string}\"},\"query-input\":{\"@type\":\"PropertyValueSpecification\",\"valueRequired\":true,\"valueName\":\"search_term_string\"}}],\"inLanguage\":\"sv-SE\"},{\"@type\":\"Organization\",\"@id\":\"https:\\\/\\\/suresms.com\\\/en\\\/#organization\",\"name\":\"SureSMS\",\"url\":\"https:\\\/\\\/suresms.com\\\/en\\\/\",\"logo\":{\"@type\":\"ImageObject\",\"inLanguage\":\"sv-SE\",\"@id\":\"https:\\\/\\\/suresms.com\\\/en\\\/#\\\/schema\\\/logo\\\/image\\\/\",\"url\":\"https:\\\/\\\/suresms.com\\\/wp-content\\\/uploads\\\/2024\\\/11\\\/suresms-300x65-1.png\",\"contentUrl\":\"https:\\\/\\\/suresms.com\\\/wp-content\\\/uploads\\\/2024\\\/11\\\/suresms-300x65-1.png\",\"width\":300,\"height\":65,\"caption\":\"SureSMS\"},\"image\":{\"@id\":\"https:\\\/\\\/suresms.com\\\/en\\\/#\\\/schema\\\/logo\\\/image\\\/\"},\"sameAs\":[\"https:\\\/\\\/www.facebook.com\\\/p\\\/SureSMS-100044607956149\\\/\"]}]}<\/script>\r\n<!-- \/ Yoast SEO Premium plugin. -->","yoast_head_json":{"title":"Betalning - SureSMS. Gratis faktura. SE betalningsinfo h\u00e4r!","description":"Hos SureSMS har du m\u00f6jlighet att v\u00e4lja olika betalningsmetoder. Om du vill ha en faktura skickar vi naturligtvis en GRATIS faktura till alla v\u00e5ra kunder.","robots":{"index":"index","follow":"follow","max-snippet":"max-snippet:-1","max-image-preview":"max-image-preview:large","max-video-preview":"max-video-preview:-1"},"canonical":"https:\/\/suresms.com\/sv\/om-suresms\/priser-och-betalning\/","og_locale":"sv_SE","og_type":"article","og_title":"Priser og betaling","og_description":"Hos SureSMS har du mulighed for at v\u00e6lge forskellige betalingsformer. \u00d8nsker du en faktura sender vi selvf\u00f8lgelig GRATIS faktura til alle vore kunder.","og_url":"https:\/\/suresms.com\/sv\/om-suresms\/priser-och-betalning\/","article_publisher":"https:\/\/www.facebook.com\/p\/SureSMS-100044607956149\/","article_modified_time":"2025-11-13T10:54:51+00:00","twitter_card":"summary_large_image","twitter_misc":{"Ber\u00e4knad l\u00e4stid":"3 minuter"},"schema":{"@context":"https:\/\/schema.org","@graph":[{"@type":"WebPage","@id":"https:\/\/suresms.com\/dk\/om-suresms\/priser-og-betaling\/","url":"https:\/\/suresms.com\/dk\/om-suresms\/priser-og-betaling\/","name":"Betalning - SureSMS. Gratis faktura. SE betalningsinfo h\u00e4r!","isPartOf":{"@id":"https:\/\/suresms.com\/en\/#website"},"datePublished":"2016-01-14T13:20:23+00:00","dateModified":"2025-11-13T10:54:51+00:00","description":"Hos SureSMS har du m\u00f6jlighet att v\u00e4lja olika betalningsmetoder. Om du vill ha en faktura skickar vi naturligtvis en GRATIS faktura till alla v\u00e5ra kunder.","breadcrumb":{"@id":"https:\/\/suresms.com\/dk\/om-suresms\/priser-og-betaling\/#breadcrumb"},"inLanguage":"sv-SE","potentialAction":[{"@type":"ReadAction","target":["https:\/\/suresms.com\/dk\/om-suresms\/priser-og-betaling\/"]}]},{"@type":"BreadcrumbList","@id":"https:\/\/suresms.com\/dk\/om-suresms\/priser-og-betaling\/#breadcrumb","itemListElement":[{"@type":"ListItem","position":1,"name":"Home","item":"https:\/\/suresms.com\/dk\/"},{"@type":"ListItem","position":2,"name":"Om SureSMS","item":"https:\/\/suresms.com\/dk\/om-suresms\/"},{"@type":"ListItem","position":3,"name":"Priser og betaling"}]},{"@type":"WebSite","@id":"https:\/\/suresms.com\/en\/#website","url":"https:\/\/suresms.com\/en\/","name":"SureSMS","description":"Professionell SMS Gateway","publisher":{"@id":"https:\/\/suresms.com\/en\/#organization"},"potentialAction":[{"@type":"SearchAction","target":{"@type":"EntryPoint","urlTemplate":"https:\/\/suresms.com\/en\/?s={search_term_string}"},"query-input":{"@type":"PropertyValueSpecification","valueRequired":true,"valueName":"search_term_string"}}],"inLanguage":"sv-SE"},{"@type":"Organization","@id":"https:\/\/suresms.com\/en\/#organization","name":"SureSMS","url":"https:\/\/suresms.com\/en\/","logo":{"@type":"ImageObject","inLanguage":"sv-SE","@id":"https:\/\/suresms.com\/en\/#\/schema\/logo\/image\/","url":"https:\/\/suresms.com\/wp-content\/uploads\/2024\/11\/suresms-300x65-1.png","contentUrl":"https:\/\/suresms.com\/wp-content\/uploads\/2024\/11\/suresms-300x65-1.png","width":300,"height":65,"caption":"SureSMS"},"image":{"@id":"https:\/\/suresms.com\/en\/#\/schema\/logo\/image\/"},"sameAs":["https:\/\/www.facebook.com\/p\/SureSMS-100044607956149\/"]}]}},"_links":{"self":[{"href":"https:\/\/suresms.com\/sv\/wp-json\/wp\/v2\/pages\/1507","targetHints":{"allow":["GET"]}}],"collection":[{"href":"https:\/\/suresms.com\/sv\/wp-json\/wp\/v2\/pages"}],"about":[{"href":"https:\/\/suresms.com\/sv\/wp-json\/wp\/v2\/types\/page"}],"author":[{"embeddable":true,"href":"https:\/\/suresms.com\/sv\/wp-json\/wp\/v2\/users\/1"}],"replies":[{"embeddable":true,"href":"https:\/\/suresms.com\/sv\/wp-json\/wp\/v2\/comments?post=1507"}],"version-history":[{"count":12,"href":"https:\/\/suresms.com\/sv\/wp-json\/wp\/v2\/pages\/1507\/revisions"}],"predecessor-version":[{"id":23542,"href":"https:\/\/suresms.com\/sv\/wp-json\/wp\/v2\/pages\/1507\/revisions\/23542"}],"up":[{"embeddable":true,"href":"https:\/\/suresms.com\/sv\/wp-json\/wp\/v2\/pages\/18594"}],"wp:attachment":[{"href":"https:\/\/suresms.com\/sv\/wp-json\/wp\/v2\/media?parent=1507"}],"wp:term":[{"taxonomy":"category","embeddable":true,"href":"https:\/\/suresms.com\/sv\/wp-json\/wp\/v2\/categories?post=1507"},{"taxonomy":"post_tag","embeddable":true,"href":"https:\/\/suresms.com\/sv\/wp-json\/wp\/v2\/tags?post=1507"}],"curies":[{"name":"wp","href":"https:\/\/api.w.org\/{rel}","templated":true}]}}