{"id":14861,"date":"2022-04-27T13:06:32","date_gmt":"2022-04-27T11:06:32","guid":{"rendered":"https:\/\/www.suresms.com\/dk\/?page_id=14861"},"modified":"2026-04-14T04:01:04","modified_gmt":"2026-04-14T04:01:04","slug":"land-specifika-regler-och-begransningar-land","status":"publish","type":"page","link":"https:\/\/suresms.com\/sv\/ressourcer\/landespecifikke-regler-og-begraensninger\/landespecifikke-regler-og-begraensninger-land\/","title":{"rendered":"Landspecifika regler och restriktioner - Land"},"content":{"rendered":"\n\n\t<p><a href=\"https:\/\/suresms.com\/dk\">Hjem<\/a> \/ <a href=\"https:\/\/www.suresms.com\/dk\/landespecifikke-regler-og-begraensninger\/\">Landespecifikke regler og begr\u00e6nsninger<\/a> \/ [rulesandregulation_countryname columnname=&#8217;CountryName&#8217;]<\/p>\n\t<h1><strong>Muligheder og begr\u00e6nsninger &#8211; [rulesandregulation_countryname columnname=&#8217;CountryName&#8217;]<\/strong><\/h1>\n\t<img loading=\"lazy\" decoding=\"async\" src=\"https:\/\/www.suresms.com\/wp-content\/uploads\/flags\/[rulesandregulation_countryname columnname='FlagFile']\" alt=\"Flag\" width=\"100\" height=\"50\"\/>\n\t<h3>Oversigt<\/h3>\n<p>[rulesandregulation_countryname columnname=&#8217;General&#8217;]<\/p>\n<h3>Afsender<\/h3>\n<p>[rulesandregulation_countryname columnname=&#8217;SenderID&#8217;]<\/p>\n<h3>Indhold<\/h3>\n<p>[rulesandregulation_countryname columnname=&#8217;Content&#8217;]<\/p>\n<h3>Indg\u00e5ende numre<\/h3>\n<p>[rulesandregulation_countryname columnname=&#8217;InboundSMS&#8217;]<\/p>\n<h3>Leveringskvitteringer<\/h3>\n<p>[rulesandregulation_countryname columnname=&#8217;DeliveryReceipts&#8217;]<\/p>\n<h3>Andre funktioner og restriktioner<\/h3>\n<p>[rulesandregulation_countryname columnname=&#8217;Other&#8217;]<\/p>\n<p>&nbsp;<\/p>\n\n","protected":false},"excerpt":{"rendered":"<p>Hjem \/ Landespecifikke regler og begr\u00e6nsninger \/ [rulesandregulation_countryname columnname=&#8217;CountryName&#8217;] Muligheder og begr\u00e6nsninger &#8211; [rulesandregulation_countryname columnname=&#8217;CountryName&#8217;] Oversigt [rulesandregulation_countryname columnname=&#8217;General&#8217;] Afsender [rulesandregulation_countryname columnname=&#8217;SenderID&#8217;] Indhold [rulesandregulation_countryname columnname=&#8217;Content&#8217;] Indg\u00e5ende numre [rulesandregulation_countryname columnname=&#8217;InboundSMS&#8217;] Leveringskvitteringer [rulesandregulation_countryname columnname=&#8217;DeliveryReceipts&#8217;] Andre funktioner og restriktioner [rulesandregulation_countryname columnname=&#8217;Other&#8217;] &nbsp;<\/p>\n","protected":false},"author":1,"featured_media":0,"parent":13293,"menu_order":0,"comment_status":"closed","ping_status":"closed","template":"","meta":{"_fl_builder_enabled":"1","_fl_builder_data":null,"_fl_builder_draft":null,"_fl_builder_data_settings":null,"_fl_builder_css":"","_fl_builder_css_version":"","_fl_builder_js":"","footnotes":""},"categories":[],"tags":[],"class_list":["post-14861","page","type-page","status-publish"],"yoast_head":"<!-- This site is optimized with the Yoast SEO Premium plugin v27.3 (Yoast SEO v27.3) - https:\/\/yoast.com\/product\/yoast-seo-premium-wordpress\/ -->\r\n<title>Landespecifikke regler og begr\u00e6nsninger - Land - SMS integrationer til 2000+ systemer<\/title>\r\n<meta name=\"description\" content=\"SMS integrationer med 2000+ systemer. Mange forskellige muligheder og gratis ops\u00e6tning. API, webservice, JSON og meget mere\" \/>\r\n<meta name=\"robots\" content=\"index, follow, max-snippet:-1, max-image-preview:large, max-video-preview:-1\" \/>\r\n<link rel=\"canonical\" href=\"https:\/\/suresms.com\/sv\/resurser\/landspecifika-regler-och-restriktioner\/land-specifika-regler-och-begransningar-land\/\" \/>\r\n<meta property=\"og:locale\" content=\"sv_SE\" \/>\r\n<meta property=\"og:type\" content=\"article\" \/>\r\n<meta property=\"og:title\" content=\"Landespecifikke regler og begr\u00e6nsninger - Land\" \/>\r\n<meta property=\"og:description\" content=\"SMS integrationer med 2000+ systemer. Mange forskellige muligheder og gratis ops\u00e6tning. API, webservice, JSON og meget mere\" \/>\r\n<meta property=\"og:url\" content=\"https:\/\/suresms.com\/sv\/resurser\/landspecifika-regler-och-restriktioner\/land-specifika-regler-och-begransningar-land\/\" \/>\r\n<meta property=\"article:publisher\" content=\"https:\/\/www.facebook.com\/p\/SureSMS-100044607956149\/\" \/>\r\n<meta property=\"article:modified_time\" content=\"2026-04-14T04:01:04+00:00\" \/>\r\n<meta name=\"twitter:card\" content=\"summary_large_image\" \/>\r\n<meta name=\"twitter:label1\" content=\"Ber\u00e4knad l\u00e4stid\" \/>\n\t<meta name=\"twitter:data1\" content=\"1 minut\" \/>\r\n<script type=\"application\/ld+json\" class=\"yoast-schema-graph\">{\"@context\":\"https:\\\/\\\/schema.org\",\"@graph\":[{\"@type\":\"WebPage\",\"@id\":\"https:\\\/\\\/suresms.com\\\/dk\\\/ressourcer\\\/landespecifikke-regler-og-begraensninger\\\/landespecifikke-regler-og-begraensninger-land\\\/\",\"url\":\"https:\\\/\\\/suresms.com\\\/dk\\\/ressourcer\\\/landespecifikke-regler-og-begraensninger\\\/landespecifikke-regler-og-begraensninger-land\\\/\",\"name\":\"Landespecifikke regler og begr\u00e6nsninger - Land - SMS integrationer til 2000+ systemer\",\"isPartOf\":{\"@id\":\"https:\\\/\\\/suresms.com\\\/en\\\/#website\"},\"datePublished\":\"2022-04-27T11:06:32+00:00\",\"dateModified\":\"2026-04-14T04:01:04+00:00\",\"description\":\"SMS integrationer med 2000+ systemer. Mange forskellige muligheder og gratis ops\u00e6tning. API, webservice, JSON og meget mere\",\"breadcrumb\":{\"@id\":\"https:\\\/\\\/suresms.com\\\/dk\\\/ressourcer\\\/landespecifikke-regler-og-begraensninger\\\/landespecifikke-regler-og-begraensninger-land\\\/#breadcrumb\"},\"inLanguage\":\"sv-SE\",\"potentialAction\":[{\"@type\":\"ReadAction\",\"target\":[\"https:\\\/\\\/suresms.com\\\/dk\\\/ressourcer\\\/landespecifikke-regler-og-begraensninger\\\/landespecifikke-regler-og-begraensninger-land\\\/\"]}]},{\"@type\":\"BreadcrumbList\",\"@id\":\"https:\\\/\\\/suresms.com\\\/dk\\\/ressourcer\\\/landespecifikke-regler-og-begraensninger\\\/landespecifikke-regler-og-begraensninger-land\\\/#breadcrumb\",\"itemListElement\":[{\"@type\":\"ListItem\",\"position\":1,\"name\":\"Home\",\"item\":\"https:\\\/\\\/suresms.com\\\/dk\\\/\"},{\"@type\":\"ListItem\",\"position\":2,\"name\":\"Ressourcer\",\"item\":\"https:\\\/\\\/suresms.com\\\/ressourcer\\\/\"},{\"@type\":\"ListItem\",\"position\":3,\"name\":\"Landespecifikke regler og begr\u00e6nsninger\",\"item\":\"https:\\\/\\\/suresms.com\\\/dk\\\/ressourcer\\\/landespecifikke-regler-og-begraensninger\\\/\"},{\"@type\":\"ListItem\",\"position\":4,\"name\":\"Landespecifikke regler og begr\u00e6nsninger &#8211; Land\"}]},{\"@type\":\"WebSite\",\"@id\":\"https:\\\/\\\/suresms.com\\\/en\\\/#website\",\"url\":\"https:\\\/\\\/suresms.com\\\/en\\\/\",\"name\":\"SureSMS\",\"description\":\"Professionel SMS Gateway\",\"publisher\":{\"@id\":\"https:\\\/\\\/suresms.com\\\/en\\\/#organization\"},\"potentialAction\":[{\"@type\":\"SearchAction\",\"target\":{\"@type\":\"EntryPoint\",\"urlTemplate\":\"https:\\\/\\\/suresms.com\\\/en\\\/?s={search_term_string}\"},\"query-input\":{\"@type\":\"PropertyValueSpecification\",\"valueRequired\":true,\"valueName\":\"search_term_string\"}}],\"inLanguage\":\"sv-SE\"},{\"@type\":\"Organization\",\"@id\":\"https:\\\/\\\/suresms.com\\\/en\\\/#organization\",\"name\":\"SureSMS\",\"url\":\"https:\\\/\\\/suresms.com\\\/en\\\/\",\"logo\":{\"@type\":\"ImageObject\",\"inLanguage\":\"sv-SE\",\"@id\":\"https:\\\/\\\/suresms.com\\\/en\\\/#\\\/schema\\\/logo\\\/image\\\/\",\"url\":\"https:\\\/\\\/suresms.com\\\/wp-content\\\/uploads\\\/2024\\\/11\\\/suresms-300x65-1.png\",\"contentUrl\":\"https:\\\/\\\/suresms.com\\\/wp-content\\\/uploads\\\/2024\\\/11\\\/suresms-300x65-1.png\",\"width\":300,\"height\":65,\"caption\":\"SureSMS\"},\"image\":{\"@id\":\"https:\\\/\\\/suresms.com\\\/en\\\/#\\\/schema\\\/logo\\\/image\\\/\"},\"sameAs\":[\"https:\\\/\\\/www.facebook.com\\\/p\\\/SureSMS-100044607956149\\\/\"]}]}<\/script>\r\n<!-- \/ Yoast SEO Premium plugin. -->","yoast_head_json":{"title":"Landspecifika regler och begr\u00e4nsningar - Land - SMS-integrationer f\u00f6r 2000+ system","description":"SMS-integrationer med 2000+ system. M\u00e5nga olika alternativ och gratis installation. API, webbtj\u00e4nst, JSON och mycket mer","robots":{"index":"index","follow":"follow","max-snippet":"max-snippet:-1","max-image-preview":"max-image-preview:large","max-video-preview":"max-video-preview:-1"},"canonical":"https:\/\/suresms.com\/sv\/resurser\/landspecifika-regler-och-restriktioner\/land-specifika-regler-och-begransningar-land\/","og_locale":"sv_SE","og_type":"article","og_title":"Landespecifikke regler og begr\u00e6nsninger - Land","og_description":"SMS integrationer med 2000+ systemer. Mange forskellige muligheder og gratis ops\u00e6tning. API, webservice, JSON og meget mere","og_url":"https:\/\/suresms.com\/sv\/resurser\/landspecifika-regler-och-restriktioner\/land-specifika-regler-och-begransningar-land\/","article_publisher":"https:\/\/www.facebook.com\/p\/SureSMS-100044607956149\/","article_modified_time":"2026-04-14T04:01:04+00:00","twitter_card":"summary_large_image","twitter_misc":{"Ber\u00e4knad l\u00e4stid":"1 minut"},"schema":{"@context":"https:\/\/schema.org","@graph":[{"@type":"WebPage","@id":"https:\/\/suresms.com\/dk\/ressourcer\/landespecifikke-regler-og-begraensninger\/landespecifikke-regler-og-begraensninger-land\/","url":"https:\/\/suresms.com\/dk\/ressourcer\/landespecifikke-regler-og-begraensninger\/landespecifikke-regler-og-begraensninger-land\/","name":"Landspecifika regler och begr\u00e4nsningar - Land - SMS-integrationer f\u00f6r 2000+ system","isPartOf":{"@id":"https:\/\/suresms.com\/en\/#website"},"datePublished":"2022-04-27T11:06:32+00:00","dateModified":"2026-04-14T04:01:04+00:00","description":"SMS-integrationer med 2000+ system. M\u00e5nga olika alternativ och gratis installation. API, webbtj\u00e4nst, JSON och mycket mer","breadcrumb":{"@id":"https:\/\/suresms.com\/dk\/ressourcer\/landespecifikke-regler-og-begraensninger\/landespecifikke-regler-og-begraensninger-land\/#breadcrumb"},"inLanguage":"sv-SE","potentialAction":[{"@type":"ReadAction","target":["https:\/\/suresms.com\/dk\/ressourcer\/landespecifikke-regler-og-begraensninger\/landespecifikke-regler-og-begraensninger-land\/"]}]},{"@type":"BreadcrumbList","@id":"https:\/\/suresms.com\/dk\/ressourcer\/landespecifikke-regler-og-begraensninger\/landespecifikke-regler-og-begraensninger-land\/#breadcrumb","itemListElement":[{"@type":"ListItem","position":1,"name":"Home","item":"https:\/\/suresms.com\/dk\/"},{"@type":"ListItem","position":2,"name":"Ressourcer","item":"https:\/\/suresms.com\/ressourcer\/"},{"@type":"ListItem","position":3,"name":"Landespecifikke regler og begr\u00e6nsninger","item":"https:\/\/suresms.com\/dk\/ressourcer\/landespecifikke-regler-og-begraensninger\/"},{"@type":"ListItem","position":4,"name":"Landespecifikke regler og begr\u00e6nsninger &#8211; Land"}]},{"@type":"WebSite","@id":"https:\/\/suresms.com\/en\/#website","url":"https:\/\/suresms.com\/en\/","name":"SureSMS","description":"Professionell SMS Gateway","publisher":{"@id":"https:\/\/suresms.com\/en\/#organization"},"potentialAction":[{"@type":"SearchAction","target":{"@type":"EntryPoint","urlTemplate":"https:\/\/suresms.com\/en\/?s={search_term_string}"},"query-input":{"@type":"PropertyValueSpecification","valueRequired":true,"valueName":"search_term_string"}}],"inLanguage":"sv-SE"},{"@type":"Organization","@id":"https:\/\/suresms.com\/en\/#organization","name":"SureSMS","url":"https:\/\/suresms.com\/en\/","logo":{"@type":"ImageObject","inLanguage":"sv-SE","@id":"https:\/\/suresms.com\/en\/#\/schema\/logo\/image\/","url":"https:\/\/suresms.com\/wp-content\/uploads\/2024\/11\/suresms-300x65-1.png","contentUrl":"https:\/\/suresms.com\/wp-content\/uploads\/2024\/11\/suresms-300x65-1.png","width":300,"height":65,"caption":"SureSMS"},"image":{"@id":"https:\/\/suresms.com\/en\/#\/schema\/logo\/image\/"},"sameAs":["https:\/\/www.facebook.com\/p\/SureSMS-100044607956149\/"]}]}},"_links":{"self":[{"href":"https:\/\/suresms.com\/sv\/wp-json\/wp\/v2\/pages\/14861","targetHints":{"allow":["GET"]}}],"collection":[{"href":"https:\/\/suresms.com\/sv\/wp-json\/wp\/v2\/pages"}],"about":[{"href":"https:\/\/suresms.com\/sv\/wp-json\/wp\/v2\/types\/page"}],"author":[{"embeddable":true,"href":"https:\/\/suresms.com\/sv\/wp-json\/wp\/v2\/users\/1"}],"replies":[{"embeddable":true,"href":"https:\/\/suresms.com\/sv\/wp-json\/wp\/v2\/comments?post=14861"}],"version-history":[{"count":1,"href":"https:\/\/suresms.com\/sv\/wp-json\/wp\/v2\/pages\/14861\/revisions"}],"predecessor-version":[{"id":19313,"href":"https:\/\/suresms.com\/sv\/wp-json\/wp\/v2\/pages\/14861\/revisions\/19313"}],"up":[{"embeddable":true,"href":"https:\/\/suresms.com\/sv\/wp-json\/wp\/v2\/pages\/13293"}],"wp:attachment":[{"href":"https:\/\/suresms.com\/sv\/wp-json\/wp\/v2\/media?parent=14861"}],"wp:term":[{"taxonomy":"category","embeddable":true,"href":"https:\/\/suresms.com\/sv\/wp-json\/wp\/v2\/categories?post=14861"},{"taxonomy":"post_tag","embeddable":true,"href":"https:\/\/suresms.com\/sv\/wp-json\/wp\/v2\/tags?post=14861"}],"curies":[{"name":"wp","href":"https:\/\/api.w.org\/{rel}","templated":true}]}}